{"id":18,"date":"2014-09-01T11:52:38","date_gmt":"2014-09-01T11:52:38","guid":{"rendered":"https:\/\/fleximark\/customer-service\/"},"modified":"2022-02-16T14:48:04","modified_gmt":"2022-02-16T14:48:04","slug":"customer-service","status":"publish","type":"page","link":"https:\/\/fleximarkshop-stage.nordlo.it\/en\/customer-service\/","title":{"rendered":"Customer service"},"content":{"rendered":"<div class=\"page-title\">\n<h1><span style=\"font-size: large; color: #000000;\">KUNDSERVICE &amp; TEKNISK SUPPORT<\/span><\/h1>\n<div class=\"dgp-backend-fe-border\">\n<div class=\"clearfix contentTextImage\">\n<p><span style=\"color: #000000;\">V\u00e4lkommen att kontaka kundservice och teknisk support f\u00f6r hj\u00e4lp och svar p\u00e5 dina fr\u00e5gor. <\/span><\/p>\n<p><span style=\"color: #000000;\"><strong>Vardagar 08:00-16:30<br \/>\n<\/strong>(<em>sommartid 08.00-16.00<\/em>). <\/span><br \/>\n<span style=\"font-size: large; color: #000000;\"><strong><br \/>\nCustomer service<br \/>\n<\/strong><\/span><span style=\"color: #000000;\">Order- och sortimentfr\u00e5gor samt leveransupplysning.<\/span><\/p>\n<p><strong><span style=\"color: #000000;\">0155-777 90<br \/>\n<\/span><\/strong><a href=\"mailto:info.se.fln@lapp.com\" target=\"_blank\" rel=\"noopener\">info.se.fln@lapp.com<\/a><\/p>\n<div class=\"dgp-backend-fe-border\">\n<div class=\"clearfix contentTextImage\">\n<p><span style=\"font-size: large; color: #000000;\"><strong>Teknisk support<\/strong><\/span><br \/>\n<span style=\"color: #000000;\">Teknisk support f\u00f6r skrivare och programvara.<\/span><\/p>\n<p><strong><span style=\"color: #000000;\">0155-777 64<\/span><\/strong><br \/>\n<a href=\"mailto:support.se.fln@lapp.com\" target=\"_blank\" rel=\"noopener\">support.se.fln@lapp.com<\/a><\/p>\n<p><span style=\"color: #ff6600;\"><span style=\"color: #ff6600;\"><br \/>\n<span style=\"font-size: large; color: #000000;\"><strong>Kundbes\u00f6k<br \/>\n<\/strong><\/span><\/span><\/span><span style=\"color: #ff6600;\"><span style=\"color: #ff6600;\"><span style=\"color: #000000;\">\u00d6nskar du boka in ett kundbes\u00f6k, kontakta v\u00e5ra regions\u00e4ljare.<\/span><\/span><\/span><\/p>\n<p><span style=\"color: #ff6600;\"><span style=\"color: #ff6600;\"><br \/>\n<\/span><\/span><span style=\"color: #ff6600;\"><span style=\"color: #ff6600;\"><span style=\"color: #ff6600;\"><span style=\"color: #ff6600;\"><span style=\"color: #ff6600;\"><span style=\"color: #000000;\"><strong>John \u00c5str\u00f6m<br \/>\n<\/strong>Regions\u00e4ljare, V\u00e4stra Sverige<\/span><br \/>\n<span style=\"color: #000000;\">073-382 07 77<br \/>\n<a href=\"mailto:john.astrom@lapp.com\" target=\"_blank\" rel=\"noopener\">john.astrom@lapp.com<\/a><\/span><\/span><\/span><\/span><\/span><\/span><\/p>\n<p><span style=\"color: #ff6600;\"><strong><span style=\"color: #000000;\">Emil Lindqvist<br \/>\n<\/span><\/strong><\/span><span style=\"color: #ff6600;\"><span style=\"color: #000000;\">Regions\u00e4ljare, \u00d6stra Sverige och Norrland<br \/>\n<\/span><\/span><span style=\"color: #ff6600;\"><span style=\"color: #000000;\">076-636 86 37<br \/>\n<a href=\"mailto:emil.lindqvist@lapp.com\" target=\"_blank\" rel=\"noopener\">emil.lindqvist@lapp.com<\/a><\/span><\/span><\/p>\n<\/div>\n<\/div>\n<\/div>\n<\/div>\n<\/div>","protected":false},"excerpt":{"rendered":"<p>KUNDSERVICE &amp; TEKNISK SUPPORT V\u00e4lkommen att kontaka kundservice och teknisk support f\u00f6r hj\u00e4lp och svar p\u00e5 dina fr\u00e5gor. Vardagar 08:00-16:30 (sommartid 08.00-16.00). Kundservice Order- och sortimentfr\u00e5gor samt leveransupplysning. 0155-777 90 info.se.fln@lapp.com Teknisk support Teknisk support f\u00f6r skrivare och programvara. 0155-777 64 support.se.fln@lapp.com Kundbes\u00f6k \u00d6nskar du boka in ett kundbes\u00f6k, kontakta v\u00e5ra regions\u00e4ljare. John \u00c5str\u00f6m Regions\u00e4ljare, &#8230; <a title=\"Customer service\" class=\"read-more\" href=\"https:\/\/fleximarkshop-stage.nordlo.it\/en\/customer-service\/\" aria-label=\"Read more about Kundservice\">Read more<\/a><\/p>","protected":false},"author":3,"featured_media":0,"parent":0,"menu_order":0,"comment_status":"closed","ping_status":"closed","template":"","meta":{"_acf_changed":false,"footnotes":""},"class_list":["post-18","page","type-page","status-publish"],"acf":[],"yoast_head":"<!-- This site is optimized with the Yoast SEO plugin v27.5 - https:\/\/yoast.com\/product\/yoast-seo-wordpress\/ -->\n<title>Kundservice - FleximarkShop<\/title>\n<meta name=\"description\" content=\"Kundservice f\u00f6r dig som bes\u00f6ker Fleximarkshop. F\u00f6r hj\u00e4lp med sortiment, best\u00e4llningar samt teknisk support f\u00f6r skrivare och programvara.\" \/>\n<meta name=\"robots\" content=\"noindex, follow, max-snippet:-1, max-image-preview:large, max-video-preview:-1\" \/>\n<meta property=\"og:locale\" content=\"en_US\" \/>\n<meta property=\"og:type\" content=\"article\" \/>\n<meta property=\"og:title\" content=\"Kundservice - FleximarkShop\" \/>\n<meta property=\"og:description\" content=\"Kundservice f\u00f6r dig som bes\u00f6ker Fleximarkshop. F\u00f6r hj\u00e4lp med sortiment, best\u00e4llningar samt teknisk support f\u00f6r skrivare och programvara.\" \/>\n<meta property=\"og:url\" content=\"https:\/\/fleximarkshop-stage.nordlo.it\/en\/customer-service\/\" \/>\n<meta property=\"og:site_name\" content=\"FleximarkShop\" \/>\n<meta property=\"article:modified_time\" content=\"2022-02-16T14:48:04+00:00\" \/>\n<meta name=\"twitter:card\" content=\"summary_large_image\" \/>\n<script type=\"application\/ld+json\" class=\"yoast-schema-graph\">{\"@context\":\"https:\\\/\\\/schema.org\",\"@graph\":[{\"@type\":\"WebPage\",\"@id\":\"https:\\\/\\\/fleximarkshop-stage.nordlo.it\\\/customer-service\\\/\",\"url\":\"https:\\\/\\\/fleximarkshop-stage.nordlo.it\\\/customer-service\\\/\",\"name\":\"Kundservice - FleximarkShop\",\"isPartOf\":{\"@id\":\"https:\\\/\\\/fleximarkshop-stage.nordlo.it\\\/#website\"},\"datePublished\":\"2014-09-01T11:52:38+00:00\",\"dateModified\":\"2022-02-16T14:48:04+00:00\",\"description\":\"Kundservice f\u00f6r dig som bes\u00f6ker Fleximarkshop. F\u00f6r hj\u00e4lp med sortiment, best\u00e4llningar samt teknisk support f\u00f6r skrivare och programvara.\",\"breadcrumb\":{\"@id\":\"https:\\\/\\\/fleximarkshop-stage.nordlo.it\\\/customer-service\\\/#breadcrumb\"},\"inLanguage\":\"en-US\",\"potentialAction\":[{\"@type\":\"ReadAction\",\"target\":[\"https:\\\/\\\/fleximarkshop-stage.nordlo.it\\\/customer-service\\\/\"]}]},{\"@type\":\"BreadcrumbList\",\"@id\":\"https:\\\/\\\/fleximarkshop-stage.nordlo.it\\\/customer-service\\\/#breadcrumb\",\"itemListElement\":[{\"@type\":\"ListItem\",\"position\":1,\"name\":\"Hem\",\"item\":\"https:\\\/\\\/fleximarkshop-stage.nordlo.it\\\/\"},{\"@type\":\"ListItem\",\"position\":2,\"name\":\"Kundservice\"}]},{\"@type\":\"WebSite\",\"@id\":\"https:\\\/\\\/fleximarkshop-stage.nordlo.it\\\/#website\",\"url\":\"https:\\\/\\\/fleximarkshop-stage.nordlo.it\\\/\",\"name\":\"FleximarkShop\",\"description\":\"M\u00e4rkning &amp; M\u00e4rksystem online\",\"publisher\":{\"@id\":\"https:\\\/\\\/fleximarkshop-stage.nordlo.it\\\/#organization\"},\"potentialAction\":[{\"@type\":\"SearchAction\",\"target\":{\"@type\":\"EntryPoint\",\"urlTemplate\":\"https:\\\/\\\/fleximarkshop-stage.nordlo.it\\\/?s={search_term_string}\"},\"query-input\":{\"@type\":\"PropertyValueSpecification\",\"valueRequired\":true,\"valueName\":\"search_term_string\"}}],\"inLanguage\":\"en-US\"},{\"@type\":\"Organization\",\"@id\":\"https:\\\/\\\/fleximarkshop-stage.nordlo.it\\\/#organization\",\"name\":\"FleximarkShop\",\"url\":\"https:\\\/\\\/fleximarkshop-stage.nordlo.it\\\/\",\"logo\":{\"@type\":\"ImageObject\",\"inLanguage\":\"en-US\",\"@id\":\"https:\\\/\\\/fleximarkshop-stage.nordlo.it\\\/#\\\/schema\\\/logo\\\/image\\\/\",\"url\":\"https:\\\/\\\/fleximarkshop-stage.nordlo.it\\\/wp-content\\\/uploads\\\/fleximark-logo.png\",\"contentUrl\":\"https:\\\/\\\/fleximarkshop-stage.nordlo.it\\\/wp-content\\\/uploads\\\/fleximark-logo.png\",\"width\":600,\"height\":80,\"caption\":\"FleximarkShop\"},\"image\":{\"@id\":\"https:\\\/\\\/fleximarkshop-stage.nordlo.it\\\/#\\\/schema\\\/logo\\\/image\\\/\"}}]}<\/script>\n<!-- \/ Yoast SEO plugin. -->","yoast_head_json":{"title":"Kundservice - FleximarkShop","description":"Kundservice f\u00f6r dig som bes\u00f6ker Fleximarkshop. F\u00f6r hj\u00e4lp med sortiment, best\u00e4llningar samt teknisk support f\u00f6r skrivare och programvara.","robots":{"index":"noindex","follow":"follow","max-snippet":"max-snippet:-1","max-image-preview":"max-image-preview:large","max-video-preview":"max-video-preview:-1"},"og_locale":"en_US","og_type":"article","og_title":"Kundservice - FleximarkShop","og_description":"Kundservice f\u00f6r dig som bes\u00f6ker Fleximarkshop. F\u00f6r hj\u00e4lp med sortiment, best\u00e4llningar samt teknisk support f\u00f6r skrivare och programvara.","og_url":"https:\/\/fleximarkshop-stage.nordlo.it\/en\/customer-service\/","og_site_name":"FleximarkShop","article_modified_time":"2022-02-16T14:48:04+00:00","twitter_card":"summary_large_image","schema":{"@context":"https:\/\/schema.org","@graph":[{"@type":"WebPage","@id":"https:\/\/fleximarkshop-stage.nordlo.it\/customer-service\/","url":"https:\/\/fleximarkshop-stage.nordlo.it\/customer-service\/","name":"Kundservice - FleximarkShop","isPartOf":{"@id":"https:\/\/fleximarkshop-stage.nordlo.it\/#website"},"datePublished":"2014-09-01T11:52:38+00:00","dateModified":"2022-02-16T14:48:04+00:00","description":"Kundservice f\u00f6r dig som bes\u00f6ker Fleximarkshop. F\u00f6r hj\u00e4lp med sortiment, best\u00e4llningar samt teknisk support f\u00f6r skrivare och programvara.","breadcrumb":{"@id":"https:\/\/fleximarkshop-stage.nordlo.it\/customer-service\/#breadcrumb"},"inLanguage":"en-US","potentialAction":[{"@type":"ReadAction","target":["https:\/\/fleximarkshop-stage.nordlo.it\/customer-service\/"]}]},{"@type":"BreadcrumbList","@id":"https:\/\/fleximarkshop-stage.nordlo.it\/customer-service\/#breadcrumb","itemListElement":[{"@type":"ListItem","position":1,"name":"Hem","item":"https:\/\/fleximarkshop-stage.nordlo.it\/"},{"@type":"ListItem","position":2,"name":"Kundservice"}]},{"@type":"WebSite","@id":"https:\/\/fleximarkshop-stage.nordlo.it\/#website","url":"https:\/\/fleximarkshop-stage.nordlo.it\/","name":"FleximarkShop","description":"M\u00e4rkning &amp; M\u00e4rksystem online","publisher":{"@id":"https:\/\/fleximarkshop-stage.nordlo.it\/#organization"},"potentialAction":[{"@type":"SearchAction","target":{"@type":"EntryPoint","urlTemplate":"https:\/\/fleximarkshop-stage.nordlo.it\/?s={search_term_string}"},"query-input":{"@type":"PropertyValueSpecification","valueRequired":true,"valueName":"search_term_string"}}],"inLanguage":"en-US"},{"@type":"Organization","@id":"https:\/\/fleximarkshop-stage.nordlo.it\/#organization","name":"FleximarkShop","url":"https:\/\/fleximarkshop-stage.nordlo.it\/","logo":{"@type":"ImageObject","inLanguage":"en-US","@id":"https:\/\/fleximarkshop-stage.nordlo.it\/#\/schema\/logo\/image\/","url":"https:\/\/fleximarkshop-stage.nordlo.it\/wp-content\/uploads\/fleximark-logo.png","contentUrl":"https:\/\/fleximarkshop-stage.nordlo.it\/wp-content\/uploads\/fleximark-logo.png","width":600,"height":80,"caption":"FleximarkShop"},"image":{"@id":"https:\/\/fleximarkshop-stage.nordlo.it\/#\/schema\/logo\/image\/"}}]}},"_links":{"self":[{"href":"https:\/\/fleximarkshop-stage.nordlo.it\/en\/wp-json\/wp\/v2\/pages\/18","targetHints":{"allow":["GET"]}}],"collection":[{"href":"https:\/\/fleximarkshop-stage.nordlo.it\/en\/wp-json\/wp\/v2\/pages"}],"about":[{"href":"https:\/\/fleximarkshop-stage.nordlo.it\/en\/wp-json\/wp\/v2\/types\/page"}],"author":[{"embeddable":true,"href":"https:\/\/fleximarkshop-stage.nordlo.it\/en\/wp-json\/wp\/v2\/users\/3"}],"replies":[{"embeddable":true,"href":"https:\/\/fleximarkshop-stage.nordlo.it\/en\/wp-json\/wp\/v2\/comments?post=18"}],"version-history":[{"count":2,"href":"https:\/\/fleximarkshop-stage.nordlo.it\/en\/wp-json\/wp\/v2\/pages\/18\/revisions"}],"predecessor-version":[{"id":8379,"href":"https:\/\/fleximarkshop-stage.nordlo.it\/en\/wp-json\/wp\/v2\/pages\/18\/revisions\/8379"}],"wp:attachment":[{"href":"https:\/\/fleximarkshop-stage.nordlo.it\/en\/wp-json\/wp\/v2\/media?parent=18"}],"curies":[{"name":"wp","href":"https:\/\/api.w.org\/{rel}","templated":true}]}}