{"id":44,"date":"2016-02-17T13:18:24","date_gmt":"2016-02-17T13:18:24","guid":{"rendered":"https:\/\/fleximark\/leveransbestammelser\/"},"modified":"2022-02-16T15:25:06","modified_gmt":"2022-02-16T15:25:06","slug":"leveransbestammelser","status":"publish","type":"page","link":"https:\/\/fleximarkshop-stage.nordlo.it\/en\/leveransbestammelser\/","title":{"rendered":"Delivery terms"},"content":{"rendered":"<p><b><span style=\"font-size: large;\">Delivery terms<\/span><br \/>\n<\/b>Fleximark till\u00e4mpar Sveriges Verkstadsindustriers (VI) allm\u00e4nna leveransbest\u00e4mmelser NL09 f\u00f6r leverans inom Sverige, Norge, Finland och Danmark.<\/p>\n<p><b><br \/>\n<span style=\"font-size: large;\">Priser<\/span><br \/>\n<\/b>Angivna priser i Fleximarks prislistor \u00e4r nettopriser och g\u00e4ller exklusive moms. Vid valutaf\u00f6r\u00e4ndringar samt \u00f6vriga f\u00f6r\u00e4ndringar utom Fleximarks kontroll<br \/>\nf\u00f6rbeh\u00e5ller Fleximark sig r\u00e4tten till prisjustering. Ej lagerf\u00f6rda artiklar samt artiklar som best\u00e4lls via v\u00e5r e-Shop, s\u00e4ljs endast i hela f\u00f6rpackningar.<\/p>\n<p><b><br \/>\n<span style=\"font-size: large;\">Betalning<\/span><br \/>\n<\/b>Betalning sker via fakturering. Betalning ska, d\u00e4r ej annat \u00e4r avtalat, vara Fleximark tillhanda senast trettio (30) dagar fr\u00e5n fakturadatum. Vid betalning<br \/>\nefter fakturans f\u00f6rfallodag debiteras dr\u00f6jsm\u00e5lsr\u00e4nta enligt r\u00e4ntelagen. Eventuell anm\u00e4rkning mot faktura ska g\u00f6ras skriftligen senast tolv dagar fr\u00e5n<br \/>\nfakturadatum till <a href=\"mailto:faktura.se.fln@lapp.com\">faktura.se.fln@lapp.com <\/a>P\u00e5 alla nya f\u00f6retagskunder genomf\u00f6r Fleximark en kreditupplysning (UC).<\/p>\n<p><span style=\"font-size: large;\"><b><br \/>\n<\/b><\/span><b><span style=\"font-size: large;\">Leveransvillkor<\/span><br \/>\n<\/b>Samtliga order i Fleximarks e-Shop levereras med DHL Freight. Normal leveranstid 1-3 dagar f\u00f6r lagerf\u00f6rda artiklar. Ej lagerf\u00f6rda artiklar levereras<br \/>\nvanligen inom 3-5 dagar, l\u00e4ngre leveranstider kan dock f\u00f6rekomma.<\/p>\n<p><b><br \/>\n<span style=\"font-size: large;\"> \u00c4ndring\/avbokning av best\u00e4llning<\/span><br \/>\n<\/b>Du kan \u00e4ndra i eller avbest\u00e4lla din best\u00e4llning fram till att din best\u00e4llning har b\u00f6rjat behandlas (plockas, packas och s\u00e4ndas). Om du \u00f6nskar justera<br \/>\nn\u00e5got i din best\u00e4llning, kontakta kundservice via <a href=\"mailto:order@fleximark.se\">order@fleximark.se<\/a> eller via telefon: 0155-777 90.<\/p>\n<p><b><span style=\"font-size: large;\">Produkt\u00e4ndringar<\/span><br \/>\n<\/b>G\u00e4llande produktspecifikation \u00e5terfinns i Fleximarks e-Shop. I de fall v\u00e4sentliga produktf\u00f6r\u00e4ndringar sker med bibeh\u00e5llet artikelnummer \u00e4r Fleximark<br \/>\nskyldig att informera k\u00f6pande kunder om denna f\u00f6r\u00e4ndring. I de fall Fleximark insett eller borde ha insett att \u00e4ndring kunnat v\u00e5lla stor ol\u00e4genhet, \u00e4ger<br \/>\nkunden r\u00e4tt att h\u00e4va k\u00f6pet.<\/p>\n<p><b><br \/>\n<span style=\"font-size: large;\"> Returbest\u00e4mmelser<\/span><br \/>\n<\/b>F\u00f6ljande g\u00e4ller f\u00f6r att Fleximark ska behandla eventuellt returgods:<\/p>\n<ol>\n<li>Endast s\u00e5dana returer f\u00f6r vilka Fleximark kan st\u00e4llas till ansvar, s\u00e5som felexpediering eller fabrikationsfel, godk\u00e4nns utan extra kostnad f\u00f6r k\u00f6paren.<\/li>\n<li>\u00d6vriga returer m\u00e5ste godk\u00e4nnas av Fleximark. Med h\u00e4nsyn till uppackningskostnader, kontroll, eventuella justeringsarbeten och omembalering<br \/>\nkrediteras k\u00f6paren fakturabeloppet med ett avdrag som f\u00f6r lagerf\u00f6rda artiklar \u00e4r 30 %.<\/li>\n<li>Vid eventuell retur m\u00e5ste returnummer medf\u00f6lja godset. Detta \u00e4r ett villkor f\u00f6r att returen skall kunna behandlas av Fleximark. F\u00f6r information om<br \/>\nreturhantering, se nedan.<\/li>\n<\/ol>\n<p><b><span style=\"font-size: large;\">Returhantering<\/span><br \/>\n<\/b>Vid eventuella returer beakta f\u00f6ljande:<\/p>\n<ol>\n<li>Kontakta Fleximark kundservice f\u00f6r returhantering.<\/li>\n<li>Fleximark utf\u00e4rdar returinformation med returnummer som ska medf\u00f6lja det returnerade godset.<\/li>\n<li>Retur utan returnummer accepteras ej utan produkten \u00e5ters\u00e4ndes d\u00e5 med obetald frakt.<\/li>\n<\/ol>\n<p><b><span style=\"font-size: large;\"><br \/>\nFleximark AB godk\u00e4nner returer d\u00e5 f\u00f6ljande kriterier \u00e4r uppn\u00e5dda:<\/span> <\/b><\/p>\n<ul>\n<li>Varan ska vara lagerlagd hos Fleximark.<\/li>\n<li>Varan ligger i obruten originalf\u00f6rpackning (i f\u00f6rekommande fall).<\/li>\n<li>Varan \u00e4r fri fr\u00e5n smuts, fukt, \u00e5verkan och annan yttre p\u00e5verkan som g\u00f6r att varan inte kan s\u00e4ljas vidare utan merarbete f\u00f6r Fleximark.<\/li>\n<li>Varan har f\u00f6rvarats inomhus.<\/li>\n<li>Varan ska finnas kvar i Fleximarks sortiment.<\/li>\n<li>Varan ska inte vara f\u00f6rem\u00e5l f\u00f6r nya direktiv, godk\u00e4nnanden etc. som g\u00f6r varan os\u00e4ljbar f\u00f6r Fleximark.Eller&#8230;<\/li>\n<\/ul>\n<ul>\n<li>Fleximark kan st\u00e4llas till ansvar p\u00e5 grund av felexpediering eller fabrikationsfel<\/li>\n<\/ul>\n<p><b><br \/>\n<span style=\"font-size: large;\">Personuppgifter<\/span><\/b><br \/>\nFleximark \u00e4r personuppgiftsansvarig f\u00f6r de uppgifter du som kund l\u00e4mnar till Fleximark. Dina uppgifter anv\u00e4nds f\u00f6r att vi ska kunna fullg\u00f6ra v\u00e5ra<br \/>\n\u00e5taganden gentemot dig, s\u00e5som ge dig god service, olika marknadsf\u00f6ringsaktiviteter som \u00e4r anpassade f\u00f6r dig (erbjudanden, kataloger\/broschyrer etc.).<br \/>\nF\u00f6r att uppn\u00e5 detta kan dina uppgifter beh\u00f6va samk\u00f6ras med andra register och l\u00e4mnas till andra bolag, till v\u00e5ra samarbetspartners och leverant\u00f6rer, i<br \/>\nvissa fall \u00e4ven utanf\u00f6r EES-omr\u00e5det. Vi dokumenterar \u00e4ven den kommunikation vi har med dig i de fall du g\u00f6r en reklamation, detta f\u00f6r att tillhandah\u00e5lla<br \/>\nden service du f\u00f6rv\u00e4ntar dig av oss. Enligt Personuppgiftslagen har du r\u00e4tt att f\u00e5 den information som vi har registrerat om dig. Om den \u00e4r felaktig,<br \/>\nofullst\u00e4ndig eller irrelevant kan du beg\u00e4ra att informationen ska r\u00e4ttas eller tas bort. Kontakta i s\u00e5 fall v\u00e5r Kundservice.<\/p>","protected":false},"excerpt":{"rendered":"<p>Leveransbest\u00e4mmelser Fleximark till\u00e4mpar Sveriges Verkstadsindustriers (VI) allm\u00e4nna leveransbest\u00e4mmelser NL09 f\u00f6r leverans inom Sverige, Norge, Finland och Danmark. Priser Angivna priser i Fleximarks prislistor \u00e4r nettopriser och g\u00e4ller exklusive moms. Vid valutaf\u00f6r\u00e4ndringar samt \u00f6vriga f\u00f6r\u00e4ndringar utom Fleximarks kontroll f\u00f6rbeh\u00e5ller Fleximark sig r\u00e4tten till prisjustering. Ej lagerf\u00f6rda artiklar samt artiklar som best\u00e4lls via v\u00e5r e-Shop, s\u00e4ljs endast &#8230; <a title=\"Delivery terms\" class=\"read-more\" href=\"https:\/\/fleximarkshop-stage.nordlo.it\/en\/leveransbestammelser\/\" aria-label=\"Read more about Leveransbest\u00e4mmelser\">Read more<\/a><\/p>","protected":false},"author":3,"featured_media":0,"parent":0,"menu_order":0,"comment_status":"closed","ping_status":"closed","template":"","meta":{"_acf_changed":false,"footnotes":""},"class_list":["post-44","page","type-page","status-publish"],"acf":[],"yoast_head":"<!-- This site is optimized with the Yoast SEO plugin v27.4 - https:\/\/yoast.com\/product\/yoast-seo-wordpress\/ -->\n<title>Leveransbest\u00e4mmelser - FleximarkShop<\/title>\n<meta name=\"description\" content=\"Leveransbest\u00e4mmelser f\u00f6r Fleximarkshop. h\u00e4r beskrivs vad som g\u00e4ller vid k\u00f6p och leverans samt vid eventuell retur.\" \/>\n<meta name=\"robots\" content=\"noindex, follow, max-snippet:-1, max-image-preview:large, max-video-preview:-1\" \/>\n<meta property=\"og:locale\" content=\"en_US\" \/>\n<meta property=\"og:type\" content=\"article\" \/>\n<meta property=\"og:title\" content=\"Leveransbest\u00e4mmelser - FleximarkShop\" \/>\n<meta property=\"og:description\" content=\"Leveransbest\u00e4mmelser f\u00f6r Fleximarkshop. h\u00e4r beskrivs vad som g\u00e4ller vid k\u00f6p och leverans samt vid eventuell retur.\" \/>\n<meta property=\"og:url\" content=\"https:\/\/fleximarkshop-stage.nordlo.it\/en\/leveransbestammelser\/\" \/>\n<meta property=\"og:site_name\" content=\"FleximarkShop\" \/>\n<meta property=\"article:modified_time\" content=\"2022-02-16T15:25:06+00:00\" \/>\n<meta name=\"twitter:card\" content=\"summary_large_image\" \/>\n<meta name=\"twitter:label1\" content=\"Est. reading time\" \/>\n\t<meta name=\"twitter:data1\" content=\"3 minutes\" \/>\n<script type=\"application\/ld+json\" class=\"yoast-schema-graph\">{\"@context\":\"https:\\\/\\\/schema.org\",\"@graph\":[{\"@type\":\"WebPage\",\"@id\":\"https:\\\/\\\/fleximarkshop-stage.nordlo.it\\\/leveransbestammelser\\\/\",\"url\":\"https:\\\/\\\/fleximarkshop-stage.nordlo.it\\\/leveransbestammelser\\\/\",\"name\":\"Leveransbest\u00e4mmelser - FleximarkShop\",\"isPartOf\":{\"@id\":\"https:\\\/\\\/fleximarkshop-stage.nordlo.it\\\/#website\"},\"datePublished\":\"2016-02-17T13:18:24+00:00\",\"dateModified\":\"2022-02-16T15:25:06+00:00\",\"description\":\"Leveransbest\u00e4mmelser f\u00f6r Fleximarkshop. h\u00e4r beskrivs vad som g\u00e4ller vid k\u00f6p och leverans samt vid eventuell retur.\",\"breadcrumb\":{\"@id\":\"https:\\\/\\\/fleximarkshop-stage.nordlo.it\\\/leveransbestammelser\\\/#breadcrumb\"},\"inLanguage\":\"en-US\",\"potentialAction\":[{\"@type\":\"ReadAction\",\"target\":[\"https:\\\/\\\/fleximarkshop-stage.nordlo.it\\\/leveransbestammelser\\\/\"]}]},{\"@type\":\"BreadcrumbList\",\"@id\":\"https:\\\/\\\/fleximarkshop-stage.nordlo.it\\\/leveransbestammelser\\\/#breadcrumb\",\"itemListElement\":[{\"@type\":\"ListItem\",\"position\":1,\"name\":\"Hem\",\"item\":\"https:\\\/\\\/fleximarkshop-stage.nordlo.it\\\/\"},{\"@type\":\"ListItem\",\"position\":2,\"name\":\"Leveransbest\u00e4mmelser\"}]},{\"@type\":\"WebSite\",\"@id\":\"https:\\\/\\\/fleximarkshop-stage.nordlo.it\\\/#website\",\"url\":\"https:\\\/\\\/fleximarkshop-stage.nordlo.it\\\/\",\"name\":\"FleximarkShop\",\"description\":\"M\u00e4rkning &amp; M\u00e4rksystem online\",\"publisher\":{\"@id\":\"https:\\\/\\\/fleximarkshop-stage.nordlo.it\\\/#organization\"},\"potentialAction\":[{\"@type\":\"SearchAction\",\"target\":{\"@type\":\"EntryPoint\",\"urlTemplate\":\"https:\\\/\\\/fleximarkshop-stage.nordlo.it\\\/?s={search_term_string}\"},\"query-input\":{\"@type\":\"PropertyValueSpecification\",\"valueRequired\":true,\"valueName\":\"search_term_string\"}}],\"inLanguage\":\"en-US\"},{\"@type\":\"Organization\",\"@id\":\"https:\\\/\\\/fleximarkshop-stage.nordlo.it\\\/#organization\",\"name\":\"FleximarkShop\",\"url\":\"https:\\\/\\\/fleximarkshop-stage.nordlo.it\\\/\",\"logo\":{\"@type\":\"ImageObject\",\"inLanguage\":\"en-US\",\"@id\":\"https:\\\/\\\/fleximarkshop-stage.nordlo.it\\\/#\\\/schema\\\/logo\\\/image\\\/\",\"url\":\"https:\\\/\\\/fleximarkshop-stage.nordlo.it\\\/wp-content\\\/uploads\\\/fleximark-logo.png\",\"contentUrl\":\"https:\\\/\\\/fleximarkshop-stage.nordlo.it\\\/wp-content\\\/uploads\\\/fleximark-logo.png\",\"width\":600,\"height\":80,\"caption\":\"FleximarkShop\"},\"image\":{\"@id\":\"https:\\\/\\\/fleximarkshop-stage.nordlo.it\\\/#\\\/schema\\\/logo\\\/image\\\/\"}}]}<\/script>\n<!-- \/ Yoast SEO plugin. -->","yoast_head_json":{"title":"Leveransbest\u00e4mmelser - FleximarkShop","description":"Leveransbest\u00e4mmelser f\u00f6r Fleximarkshop. h\u00e4r beskrivs vad som g\u00e4ller vid k\u00f6p och leverans samt vid eventuell retur.","robots":{"index":"noindex","follow":"follow","max-snippet":"max-snippet:-1","max-image-preview":"max-image-preview:large","max-video-preview":"max-video-preview:-1"},"og_locale":"en_US","og_type":"article","og_title":"Leveransbest\u00e4mmelser - FleximarkShop","og_description":"Leveransbest\u00e4mmelser f\u00f6r Fleximarkshop. h\u00e4r beskrivs vad som g\u00e4ller vid k\u00f6p och leverans samt vid eventuell retur.","og_url":"https:\/\/fleximarkshop-stage.nordlo.it\/en\/leveransbestammelser\/","og_site_name":"FleximarkShop","article_modified_time":"2022-02-16T15:25:06+00:00","twitter_card":"summary_large_image","twitter_misc":{"Est. reading time":"3 minutes"},"schema":{"@context":"https:\/\/schema.org","@graph":[{"@type":"WebPage","@id":"https:\/\/fleximarkshop-stage.nordlo.it\/leveransbestammelser\/","url":"https:\/\/fleximarkshop-stage.nordlo.it\/leveransbestammelser\/","name":"Leveransbest\u00e4mmelser - FleximarkShop","isPartOf":{"@id":"https:\/\/fleximarkshop-stage.nordlo.it\/#website"},"datePublished":"2016-02-17T13:18:24+00:00","dateModified":"2022-02-16T15:25:06+00:00","description":"Leveransbest\u00e4mmelser f\u00f6r Fleximarkshop. h\u00e4r beskrivs vad som g\u00e4ller vid k\u00f6p och leverans samt vid eventuell retur.","breadcrumb":{"@id":"https:\/\/fleximarkshop-stage.nordlo.it\/leveransbestammelser\/#breadcrumb"},"inLanguage":"en-US","potentialAction":[{"@type":"ReadAction","target":["https:\/\/fleximarkshop-stage.nordlo.it\/leveransbestammelser\/"]}]},{"@type":"BreadcrumbList","@id":"https:\/\/fleximarkshop-stage.nordlo.it\/leveransbestammelser\/#breadcrumb","itemListElement":[{"@type":"ListItem","position":1,"name":"Hem","item":"https:\/\/fleximarkshop-stage.nordlo.it\/"},{"@type":"ListItem","position":2,"name":"Leveransbest\u00e4mmelser"}]},{"@type":"WebSite","@id":"https:\/\/fleximarkshop-stage.nordlo.it\/#website","url":"https:\/\/fleximarkshop-stage.nordlo.it\/","name":"FleximarkShop","description":"M\u00e4rkning &amp; M\u00e4rksystem online","publisher":{"@id":"https:\/\/fleximarkshop-stage.nordlo.it\/#organization"},"potentialAction":[{"@type":"SearchAction","target":{"@type":"EntryPoint","urlTemplate":"https:\/\/fleximarkshop-stage.nordlo.it\/?s={search_term_string}"},"query-input":{"@type":"PropertyValueSpecification","valueRequired":true,"valueName":"search_term_string"}}],"inLanguage":"en-US"},{"@type":"Organization","@id":"https:\/\/fleximarkshop-stage.nordlo.it\/#organization","name":"FleximarkShop","url":"https:\/\/fleximarkshop-stage.nordlo.it\/","logo":{"@type":"ImageObject","inLanguage":"en-US","@id":"https:\/\/fleximarkshop-stage.nordlo.it\/#\/schema\/logo\/image\/","url":"https:\/\/fleximarkshop-stage.nordlo.it\/wp-content\/uploads\/fleximark-logo.png","contentUrl":"https:\/\/fleximarkshop-stage.nordlo.it\/wp-content\/uploads\/fleximark-logo.png","width":600,"height":80,"caption":"FleximarkShop"},"image":{"@id":"https:\/\/fleximarkshop-stage.nordlo.it\/#\/schema\/logo\/image\/"}}]}},"_links":{"self":[{"href":"https:\/\/fleximarkshop-stage.nordlo.it\/en\/wp-json\/wp\/v2\/pages\/44","targetHints":{"allow":["GET"]}}],"collection":[{"href":"https:\/\/fleximarkshop-stage.nordlo.it\/en\/wp-json\/wp\/v2\/pages"}],"about":[{"href":"https:\/\/fleximarkshop-stage.nordlo.it\/en\/wp-json\/wp\/v2\/types\/page"}],"author":[{"embeddable":true,"href":"https:\/\/fleximarkshop-stage.nordlo.it\/en\/wp-json\/wp\/v2\/users\/3"}],"replies":[{"embeddable":true,"href":"https:\/\/fleximarkshop-stage.nordlo.it\/en\/wp-json\/wp\/v2\/comments?post=44"}],"version-history":[{"count":3,"href":"https:\/\/fleximarkshop-stage.nordlo.it\/en\/wp-json\/wp\/v2\/pages\/44\/revisions"}],"predecessor-version":[{"id":8385,"href":"https:\/\/fleximarkshop-stage.nordlo.it\/en\/wp-json\/wp\/v2\/pages\/44\/revisions\/8385"}],"wp:attachment":[{"href":"https:\/\/fleximarkshop-stage.nordlo.it\/en\/wp-json\/wp\/v2\/media?parent=44"}],"curies":[{"name":"wp","href":"https:\/\/api.w.org\/{rel}","templated":true}]}}