{"id":1137,"date":"2015-07-08T12:16:40","date_gmt":"2015-07-08T12:16:40","guid":{"rendered":"https:\/\/fleximark\/produkt\/lf3-y-fl-print-6-0-16-0-mm2\/"},"modified":"2015-07-08T12:16:40","modified_gmt":"2015-07-08T12:16:40","slug":"lf3-y-fl-print-6-0-16-0-mm2","status":"publish","type":"product","link":"https:\/\/fleximarkshop-stage.nordlo.it\/en\/product\/lf3-y-fl-print-6-0-16-0-mm2\/","title":{"rendered":"LF3 YE fl-print 6.0-16.0 mm2 F\u00e4rg: Gul"},"content":{"rendered":"<p>Partm\u00e4rkning Flexiprint. Levereras p\u00e5 ark. F\u00f6r part- och kabelm\u00e4rkning, elektrisk utrustning och fiberinstallationer. <br \/>F\u00f6r utskrift p\u00e5 laserskrivare. Snabb montering med enkel l\u00e5sanordning f\u00f6r effektiv och s\u00e4ker applikation.<\/p>\n<p><b>Material: <\/b>Polyester Halogenfri<br \/><b>Kabelareor: <\/b>0,25 till 16 mm2<br \/><b>Operating temperature: <\/b>-40\u00b0 C &#8211; +125\u00b0 C<br \/><b>F\u00e4rger:<\/b> Vit, gul, bl\u00e5, gr\u00f6n, r\u00f6d<br \/><b>Kartstorlek: <\/b>B 80-100 x L 210 mm<br \/><b>Rekommenderat max antal tecken:<\/b> 7st (L-ver sion 15st) <\/p>","protected":false},"excerpt":{"rendered":"<p> M\u00e4rk part och tunna kablar i elutrustningar och fiberinstallationer mm<br \/> Kartorna skrivs ut vid arbetsplatsen med en kontorslaserskrivare.<br \/> Flexiprint LF0 0,25-0,75 passar f\u00f6r fiberm\u00e4rkning av fiberkablar<br \/> L\u00e5s-l\u00f6sningen g\u00f6r att m\u00e4rkni ngen stannar p\u00e5 plats<br \/> Snabb och enkel montering <\/p>","protected":false},"featured_media":1136,"template":"","meta":{"_acf_changed":false},"product_brand":[],"product_cat":[15],"product_tag":[],"class_list":{"0":"post-1137","1":"product","2":"type-product","3":"status-publish","4":"has-post-thumbnail","6":"product_cat-okategoriserad","7":"pa_antal-66","8":"pa_etikettstorlek-348","9":"pa_forpackningsenhet-369","10":"pa_halstorlek-757","11":"pa_nav_item_discount_group-836","12":"sales-flash-overlay","13":"woocommerce-text-align-center","14":"woocommerce-image-align-center","15":"do-quantity-buttons","16":"wc-has-gallery","18":"first","19":"instock","20":"taxable","21":"shipping-taxable","22":"purchasable","23":"product-type-simple"},"acf":[],"yoast_head":"<!-- This site is optimized with the Yoast SEO plugin v27.4 - https:\/\/yoast.com\/product\/yoast-seo-wordpress\/ -->\n<title>LF3 YE fl-print 6.0-16.0 mm2 F\u00e4rg: Gul - FleximarkShop<\/title>\n<meta name=\"robots\" content=\"noindex, follow, max-snippet:-1, max-image-preview:large, max-video-preview:-1\" \/>\n<meta property=\"og:locale\" content=\"en_US\" \/>\n<meta property=\"og:type\" content=\"article\" \/>\n<meta property=\"og:title\" content=\"LF3 YE fl-print 6.0-16.0 mm2 F\u00e4rg: Gul - FleximarkShop\" \/>\n<meta property=\"og:description\" content=\"M\u00e4rk part och tunna kablar i elutrustningar och fiberinstallationer mm Kartorna skrivs ut vid arbetsplatsen med en kontorslaserskrivare. Flexiprint LF0 0,25-0,75 passar f\u00f6r fiberm\u00e4rkning av fiberkablar L\u00e5s-l\u00f6sningen g\u00f6r att m\u00e4rkni ngen stannar p\u00e5 plats Snabb och enkel montering\" \/>\n<meta property=\"og:url\" content=\"https:\/\/fleximarkshop-stage.nordlo.it\/en\/product\/lf3-y-fl-print-6-0-16-0-mm2\/\" \/>\n<meta property=\"og:site_name\" content=\"FleximarkShop\" \/>\n<meta property=\"og:image\" content=\"https:\/\/fleximarkshop-stage.nordlo.it\/wp-content\/uploads\/83254530.jpg\" \/>\n\t<meta property=\"og:image:width\" content=\"1181\" \/>\n\t<meta property=\"og:image:height\" content=\"813\" \/>\n\t<meta property=\"og:image:type\" content=\"image\/jpeg\" \/>\n<meta name=\"twitter:card\" content=\"summary_large_image\" \/>\n<script type=\"application\/ld+json\" class=\"yoast-schema-graph\">{\"@context\":\"https:\\\/\\\/schema.org\",\"@graph\":[{\"@type\":\"WebPage\",\"@id\":\"https:\\\/\\\/fleximarkshop-stage.nordlo.it\\\/produkt\\\/lf3-y-fl-print-6-0-16-0-mm2\\\/\",\"url\":\"https:\\\/\\\/fleximarkshop-stage.nordlo.it\\\/produkt\\\/lf3-y-fl-print-6-0-16-0-mm2\\\/\",\"name\":\"LF3 YE fl-print 6.0-16.0 mm2 F\u00e4rg: Gul - FleximarkShop\",\"isPartOf\":{\"@id\":\"https:\\\/\\\/fleximarkshop-stage.nordlo.it\\\/#website\"},\"primaryImageOfPage\":{\"@id\":\"https:\\\/\\\/fleximarkshop-stage.nordlo.it\\\/produkt\\\/lf3-y-fl-print-6-0-16-0-mm2\\\/#primaryimage\"},\"image\":{\"@id\":\"https:\\\/\\\/fleximarkshop-stage.nordlo.it\\\/produkt\\\/lf3-y-fl-print-6-0-16-0-mm2\\\/#primaryimage\"},\"thumbnailUrl\":\"https:\\\/\\\/fleximarkshop-stage.nordlo.it\\\/wp-content\\\/uploads\\\/83254530.jpg\",\"datePublished\":\"2015-07-08T12:16:40+00:00\",\"breadcrumb\":{\"@id\":\"https:\\\/\\\/fleximarkshop-stage.nordlo.it\\\/produkt\\\/lf3-y-fl-print-6-0-16-0-mm2\\\/#breadcrumb\"},\"inLanguage\":\"en-US\",\"potentialAction\":[{\"@type\":\"ReadAction\",\"target\":[\"https:\\\/\\\/fleximarkshop-stage.nordlo.it\\\/produkt\\\/lf3-y-fl-print-6-0-16-0-mm2\\\/\"]}]},{\"@type\":\"ImageObject\",\"inLanguage\":\"en-US\",\"@id\":\"https:\\\/\\\/fleximarkshop-stage.nordlo.it\\\/produkt\\\/lf3-y-fl-print-6-0-16-0-mm2\\\/#primaryimage\",\"url\":\"https:\\\/\\\/fleximarkshop-stage.nordlo.it\\\/wp-content\\\/uploads\\\/83254530.jpg\",\"contentUrl\":\"https:\\\/\\\/fleximarkshop-stage.nordlo.it\\\/wp-content\\\/uploads\\\/83254530.jpg\",\"width\":1181,\"height\":813,\"caption\":\"LF3 YE fl-print 6.0-16.0 mm2 F\u00e4rg: Gul-0\"},{\"@type\":\"BreadcrumbList\",\"@id\":\"https:\\\/\\\/fleximarkshop-stage.nordlo.it\\\/produkt\\\/lf3-y-fl-print-6-0-16-0-mm2\\\/#breadcrumb\",\"itemListElement\":[{\"@type\":\"ListItem\",\"position\":1,\"name\":\"Hem\",\"item\":\"https:\\\/\\\/fleximarkshop-stage.nordlo.it\\\/\"},{\"@type\":\"ListItem\",\"position\":2,\"name\":\"Webbutik\",\"item\":\"https:\\\/\\\/fleximarkshop-stage.nordlo.it\\\/butik\\\/\"},{\"@type\":\"ListItem\",\"position\":3,\"name\":\"LF3 YE fl-print 6.0-16.0 mm2 F\u00e4rg: Gul\"}]},{\"@type\":\"WebSite\",\"@id\":\"https:\\\/\\\/fleximarkshop-stage.nordlo.it\\\/#website\",\"url\":\"https:\\\/\\\/fleximarkshop-stage.nordlo.it\\\/\",\"name\":\"FleximarkShop\",\"description\":\"M\u00e4rkning &amp; M\u00e4rksystem online\",\"publisher\":{\"@id\":\"https:\\\/\\\/fleximarkshop-stage.nordlo.it\\\/#organization\"},\"potentialAction\":[{\"@type\":\"SearchAction\",\"target\":{\"@type\":\"EntryPoint\",\"urlTemplate\":\"https:\\\/\\\/fleximarkshop-stage.nordlo.it\\\/?s={search_term_string}\"},\"query-input\":{\"@type\":\"PropertyValueSpecification\",\"valueRequired\":true,\"valueName\":\"search_term_string\"}}],\"inLanguage\":\"en-US\"},{\"@type\":\"Organization\",\"@id\":\"https:\\\/\\\/fleximarkshop-stage.nordlo.it\\\/#organization\",\"name\":\"FleximarkShop\",\"url\":\"https:\\\/\\\/fleximarkshop-stage.nordlo.it\\\/\",\"logo\":{\"@type\":\"ImageObject\",\"inLanguage\":\"en-US\",\"@id\":\"https:\\\/\\\/fleximarkshop-stage.nordlo.it\\\/#\\\/schema\\\/logo\\\/image\\\/\",\"url\":\"https:\\\/\\\/fleximarkshop-stage.nordlo.it\\\/wp-content\\\/uploads\\\/fleximark-logo.png\",\"contentUrl\":\"https:\\\/\\\/fleximarkshop-stage.nordlo.it\\\/wp-content\\\/uploads\\\/fleximark-logo.png\",\"width\":600,\"height\":80,\"caption\":\"FleximarkShop\"},\"image\":{\"@id\":\"https:\\\/\\\/fleximarkshop-stage.nordlo.it\\\/#\\\/schema\\\/logo\\\/image\\\/\"}}]}<\/script>\n<!-- \/ Yoast SEO plugin. -->","yoast_head_json":{"title":"LF3 YE fl-print 6.0-16.0 mm2 F\u00e4rg: Gul - FleximarkShop","robots":{"index":"noindex","follow":"follow","max-snippet":"max-snippet:-1","max-image-preview":"max-image-preview:large","max-video-preview":"max-video-preview:-1"},"og_locale":"en_US","og_type":"article","og_title":"LF3 YE fl-print 6.0-16.0 mm2 F\u00e4rg: Gul - FleximarkShop","og_description":"M\u00e4rk part och tunna kablar i elutrustningar och fiberinstallationer mm Kartorna skrivs ut vid arbetsplatsen med en kontorslaserskrivare. Flexiprint LF0 0,25-0,75 passar f\u00f6r fiberm\u00e4rkning av fiberkablar L\u00e5s-l\u00f6sningen g\u00f6r att m\u00e4rkni ngen stannar p\u00e5 plats Snabb och enkel montering","og_url":"https:\/\/fleximarkshop-stage.nordlo.it\/en\/product\/lf3-y-fl-print-6-0-16-0-mm2\/","og_site_name":"FleximarkShop","og_image":[{"width":1181,"height":813,"url":"https:\/\/fleximarkshop-stage.nordlo.it\/wp-content\/uploads\/83254530.jpg","type":"image\/jpeg"}],"twitter_card":"summary_large_image","schema":{"@context":"https:\/\/schema.org","@graph":[{"@type":"WebPage","@id":"https:\/\/fleximarkshop-stage.nordlo.it\/produkt\/lf3-y-fl-print-6-0-16-0-mm2\/","url":"https:\/\/fleximarkshop-stage.nordlo.it\/produkt\/lf3-y-fl-print-6-0-16-0-mm2\/","name":"LF3 YE fl-print 6.0-16.0 mm2 F\u00e4rg: Gul - FleximarkShop","isPartOf":{"@id":"https:\/\/fleximarkshop-stage.nordlo.it\/#website"},"primaryImageOfPage":{"@id":"https:\/\/fleximarkshop-stage.nordlo.it\/produkt\/lf3-y-fl-print-6-0-16-0-mm2\/#primaryimage"},"image":{"@id":"https:\/\/fleximarkshop-stage.nordlo.it\/produkt\/lf3-y-fl-print-6-0-16-0-mm2\/#primaryimage"},"thumbnailUrl":"https:\/\/fleximarkshop-stage.nordlo.it\/wp-content\/uploads\/83254530.jpg","datePublished":"2015-07-08T12:16:40+00:00","breadcrumb":{"@id":"https:\/\/fleximarkshop-stage.nordlo.it\/produkt\/lf3-y-fl-print-6-0-16-0-mm2\/#breadcrumb"},"inLanguage":"en-US","potentialAction":[{"@type":"ReadAction","target":["https:\/\/fleximarkshop-stage.nordlo.it\/produkt\/lf3-y-fl-print-6-0-16-0-mm2\/"]}]},{"@type":"ImageObject","inLanguage":"en-US","@id":"https:\/\/fleximarkshop-stage.nordlo.it\/produkt\/lf3-y-fl-print-6-0-16-0-mm2\/#primaryimage","url":"https:\/\/fleximarkshop-stage.nordlo.it\/wp-content\/uploads\/83254530.jpg","contentUrl":"https:\/\/fleximarkshop-stage.nordlo.it\/wp-content\/uploads\/83254530.jpg","width":1181,"height":813,"caption":"LF3 YE fl-print 6.0-16.0 mm2 F\u00e4rg: Gul-0"},{"@type":"BreadcrumbList","@id":"https:\/\/fleximarkshop-stage.nordlo.it\/produkt\/lf3-y-fl-print-6-0-16-0-mm2\/#breadcrumb","itemListElement":[{"@type":"ListItem","position":1,"name":"Hem","item":"https:\/\/fleximarkshop-stage.nordlo.it\/"},{"@type":"ListItem","position":2,"name":"Webbutik","item":"https:\/\/fleximarkshop-stage.nordlo.it\/butik\/"},{"@type":"ListItem","position":3,"name":"LF3 YE fl-print 6.0-16.0 mm2 F\u00e4rg: Gul"}]},{"@type":"WebSite","@id":"https:\/\/fleximarkshop-stage.nordlo.it\/#website","url":"https:\/\/fleximarkshop-stage.nordlo.it\/","name":"FleximarkShop","description":"M\u00e4rkning &amp; M\u00e4rksystem online","publisher":{"@id":"https:\/\/fleximarkshop-stage.nordlo.it\/#organization"},"potentialAction":[{"@type":"SearchAction","target":{"@type":"EntryPoint","urlTemplate":"https:\/\/fleximarkshop-stage.nordlo.it\/?s={search_term_string}"},"query-input":{"@type":"PropertyValueSpecification","valueRequired":true,"valueName":"search_term_string"}}],"inLanguage":"en-US"},{"@type":"Organization","@id":"https:\/\/fleximarkshop-stage.nordlo.it\/#organization","name":"FleximarkShop","url":"https:\/\/fleximarkshop-stage.nordlo.it\/","logo":{"@type":"ImageObject","inLanguage":"en-US","@id":"https:\/\/fleximarkshop-stage.nordlo.it\/#\/schema\/logo\/image\/","url":"https:\/\/fleximarkshop-stage.nordlo.it\/wp-content\/uploads\/fleximark-logo.png","contentUrl":"https:\/\/fleximarkshop-stage.nordlo.it\/wp-content\/uploads\/fleximark-logo.png","width":600,"height":80,"caption":"FleximarkShop"},"image":{"@id":"https:\/\/fleximarkshop-stage.nordlo.it\/#\/schema\/logo\/image\/"}}]}},"_links":{"self":[{"href":"https:\/\/fleximarkshop-stage.nordlo.it\/en\/wp-json\/wp\/v2\/product\/1137","targetHints":{"allow":["GET"]}}],"collection":[{"href":"https:\/\/fleximarkshop-stage.nordlo.it\/en\/wp-json\/wp\/v2\/product"}],"about":[{"href":"https:\/\/fleximarkshop-stage.nordlo.it\/en\/wp-json\/wp\/v2\/types\/product"}],"wp:featuredmedia":[{"embeddable":true,"href":"https:\/\/fleximarkshop-stage.nordlo.it\/en\/wp-json\/wp\/v2\/media\/1136"}],"wp:attachment":[{"href":"https:\/\/fleximarkshop-stage.nordlo.it\/en\/wp-json\/wp\/v2\/media?parent=1137"}],"wp:term":[{"taxonomy":"product_brand","embeddable":true,"href":"https:\/\/fleximarkshop-stage.nordlo.it\/en\/wp-json\/wp\/v2\/product_brand?post=1137"},{"taxonomy":"product_cat","embeddable":true,"href":"https:\/\/fleximarkshop-stage.nordlo.it\/en\/wp-json\/wp\/v2\/product_cat?post=1137"},{"taxonomy":"product_tag","embeddable":true,"href":"https:\/\/fleximarkshop-stage.nordlo.it\/en\/wp-json\/wp\/v2\/product_tag?post=1137"}],"curies":[{"name":"wp","href":"https:\/\/api.w.org\/{rel}","templated":true}]}}