{"id":1392,"date":"2015-11-09T12:56:16","date_gmt":"2015-11-09T12:56:16","guid":{"rendered":"https:\/\/fleximark\/produkt\/termotransfer-kit-eos5-300\/"},"modified":"2022-02-09T12:08:54","modified_gmt":"2022-02-09T12:08:54","slug":"termotransfer-kit-eos5-300","status":"publish","type":"product","link":"https:\/\/fleximarkshop-stage.nordlo.it\/en\/product\/termotransfer-kit-eos5-300\/","title":{"rendered":"Thermal transfer kit EOS5 \/ 300 PUR &amp; Flexiprint"},"content":{"rendered":"<p>Termotransferkit med flexibel och effektiv termotransferskrivare cab eos5 tillsammans med h\u00e5llbar m\u00e4rkning.<br \/>\nPassar f\u00f6r m\u00e4rkning inom industriell milj\u00f6. Skriv ut din m\u00e4rkning n\u00e4r du beh\u00f6ver den.<\/p>\n<p><b>Inneh\u00e5ll Termotransferkit Cab eos5\/300 Cablelabel PUR &amp; Flexiprint:<\/b><\/p>\n<p>83259598 Termotransferskrivare Cab eos5<br \/>\n83260191 M\u00e4rkning Cablelabel PUR 60&#215;10 mm gul<br \/>\n83254378 M\u00e4rkning Flexiprint TF1 0.75-1.5 mm gul<br \/>\n83260200 F\u00e4rgband FTI-Y 55&#215;360 mm svart<br \/>\n83251090 FLEXIMARK\u00ae Software 11.0<\/p>","protected":false},"excerpt":{"rendered":"<p>Inneh\u00e5ller allt du beh\u00f6ver f\u00f6r att komma ig\u00e5ng med kabelm\u00e4rkning<\/p>\n<p>Termotransferskrivare cab eos5<br \/>\nCablelable PUR, 1 rulle<br \/>\nFlexiprint, 1 rulle<br \/>\nFLEXIMARK\u00ae Software<br \/>\nF\u00e4rgband<\/p>\n<p>NOTE! The software FLEXIMARK\u00ae Software 11.0 is included when you buy thermal transfer printers cab eos \/ SQUIX or Multiprinter from Fleximark<\/p>","protected":false},"featured_media":1387,"template":"","meta":{"_acf_changed":false},"product_brand":[],"product_cat":[937,904,917],"product_tag":[],"class_list":{"0":"post-1392","1":"product","2":"type-product","3":"status-publish","4":"has-post-thumbnail","6":"product_cat-tt-etikettskrivare-cab","7":"product_cat-programvara-och-markmaskiner","8":"product_cat-skrivare-markapparater","9":"pa_antal-57","10":"pa_filter_ett-termotransferutskrift","11":"pa_forpackningsenhet-369","12":"pa_innehaller_fargband-83260201fti_y55x360","13":"pa_innehaller_skrivare-83259598eos4300","14":"pa_nav_item_discount_group-804","15":"sales-flash-overlay","16":"woocommerce-text-align-center","17":"woocommerce-image-align-center","18":"do-quantity-buttons","19":"wc-has-gallery","21":"first","22":"onbackorder","23":"taxable","24":"shipping-taxable","25":"purchasable","26":"product-type-simple"},"acf":[],"yoast_head":"<!-- This site is optimized with the Yoast SEO plugin v27.3 - https:\/\/yoast.com\/product\/yoast-seo-wordpress\/ -->\n<title>Termotransfer kit EOS5\/300 PUR &amp; Flexiprint - FleximarkShop<\/title>\n<meta name=\"description\" content=\"Termotransfer kit med flexibel och effektiv termotransferskrivare cab eos5 tillsammans med h\u00e5llbar m\u00e4rkning.\" \/>\n<meta name=\"robots\" content=\"noindex, follow, max-snippet:-1, max-image-preview:large, max-video-preview:-1\" \/>\n<meta property=\"og:locale\" content=\"en_US\" \/>\n<meta property=\"og:type\" content=\"article\" \/>\n<meta property=\"og:title\" content=\"Termotransfer kit EOS5\/300 PUR &amp; Flexiprint - FleximarkShop\" \/>\n<meta property=\"og:description\" content=\"Termotransfer kit med flexibel och effektiv termotransferskrivare cab eos5 tillsammans med h\u00e5llbar m\u00e4rkning.\" \/>\n<meta property=\"og:url\" content=\"https:\/\/fleximarkshop-stage.nordlo.it\/en\/product\/termotransfer-kit-eos5-300\/\" \/>\n<meta property=\"og:site_name\" content=\"FleximarkShop\" \/>\n<meta property=\"article:modified_time\" content=\"2022-02-09T12:08:54+00:00\" \/>\n<meta property=\"og:image\" content=\"https:\/\/fleximarkshop-stage.nordlo.it\/wp-content\/uploads\/83259897_8.jpg\" \/>\n\t<meta property=\"og:image:width\" content=\"1048\" \/>\n\t<meta property=\"og:image:height\" content=\"1048\" \/>\n\t<meta property=\"og:image:type\" content=\"image\/jpeg\" \/>\n<meta name=\"twitter:card\" content=\"summary_large_image\" \/>\n<script type=\"application\/ld+json\" class=\"yoast-schema-graph\">{\"@context\":\"https:\\\/\\\/schema.org\",\"@graph\":[{\"@type\":\"WebPage\",\"@id\":\"https:\\\/\\\/fleximarkshop-stage.nordlo.it\\\/produkt\\\/termotransfer-kit-eos5-300\\\/\",\"url\":\"https:\\\/\\\/fleximarkshop-stage.nordlo.it\\\/produkt\\\/termotransfer-kit-eos5-300\\\/\",\"name\":\"Termotransfer kit EOS5\\\/300 PUR & Flexiprint - FleximarkShop\",\"isPartOf\":{\"@id\":\"https:\\\/\\\/fleximarkshop-stage.nordlo.it\\\/#website\"},\"primaryImageOfPage\":{\"@id\":\"https:\\\/\\\/fleximarkshop-stage.nordlo.it\\\/produkt\\\/termotransfer-kit-eos5-300\\\/#primaryimage\"},\"image\":{\"@id\":\"https:\\\/\\\/fleximarkshop-stage.nordlo.it\\\/produkt\\\/termotransfer-kit-eos5-300\\\/#primaryimage\"},\"thumbnailUrl\":\"https:\\\/\\\/fleximarkshop-stage.nordlo.it\\\/wp-content\\\/uploads\\\/83259897_8.jpg\",\"datePublished\":\"2015-11-09T12:56:16+00:00\",\"dateModified\":\"2022-02-09T12:08:54+00:00\",\"description\":\"Termotransfer kit med flexibel och effektiv termotransferskrivare cab eos5 tillsammans med h\u00e5llbar m\u00e4rkning.\",\"breadcrumb\":{\"@id\":\"https:\\\/\\\/fleximarkshop-stage.nordlo.it\\\/produkt\\\/termotransfer-kit-eos5-300\\\/#breadcrumb\"},\"inLanguage\":\"en-US\",\"potentialAction\":[{\"@type\":\"ReadAction\",\"target\":[\"https:\\\/\\\/fleximarkshop-stage.nordlo.it\\\/produkt\\\/termotransfer-kit-eos5-300\\\/\"]}]},{\"@type\":\"ImageObject\",\"inLanguage\":\"en-US\",\"@id\":\"https:\\\/\\\/fleximarkshop-stage.nordlo.it\\\/produkt\\\/termotransfer-kit-eos5-300\\\/#primaryimage\",\"url\":\"https:\\\/\\\/fleximarkshop-stage.nordlo.it\\\/wp-content\\\/uploads\\\/83259897_8.jpg\",\"contentUrl\":\"https:\\\/\\\/fleximarkshop-stage.nordlo.it\\\/wp-content\\\/uploads\\\/83259897_8.jpg\",\"width\":1048,\"height\":1048,\"caption\":\"cab eos5\"},{\"@type\":\"BreadcrumbList\",\"@id\":\"https:\\\/\\\/fleximarkshop-stage.nordlo.it\\\/produkt\\\/termotransfer-kit-eos5-300\\\/#breadcrumb\",\"itemListElement\":[{\"@type\":\"ListItem\",\"position\":1,\"name\":\"Hem\",\"item\":\"https:\\\/\\\/fleximarkshop-stage.nordlo.it\\\/\"},{\"@type\":\"ListItem\",\"position\":2,\"name\":\"Webbutik\",\"item\":\"https:\\\/\\\/fleximarkshop-stage.nordlo.it\\\/butik\\\/\"},{\"@type\":\"ListItem\",\"position\":3,\"name\":\"Termotransfer kit EOS5\\\/300 PUR &#038; Flexiprint\"}]},{\"@type\":\"WebSite\",\"@id\":\"https:\\\/\\\/fleximarkshop-stage.nordlo.it\\\/#website\",\"url\":\"https:\\\/\\\/fleximarkshop-stage.nordlo.it\\\/\",\"name\":\"FleximarkShop\",\"description\":\"M\u00e4rkning &amp; M\u00e4rksystem online\",\"publisher\":{\"@id\":\"https:\\\/\\\/fleximarkshop-stage.nordlo.it\\\/#organization\"},\"potentialAction\":[{\"@type\":\"SearchAction\",\"target\":{\"@type\":\"EntryPoint\",\"urlTemplate\":\"https:\\\/\\\/fleximarkshop-stage.nordlo.it\\\/?s={search_term_string}\"},\"query-input\":{\"@type\":\"PropertyValueSpecification\",\"valueRequired\":true,\"valueName\":\"search_term_string\"}}],\"inLanguage\":\"en-US\"},{\"@type\":\"Organization\",\"@id\":\"https:\\\/\\\/fleximarkshop-stage.nordlo.it\\\/#organization\",\"name\":\"FleximarkShop\",\"url\":\"https:\\\/\\\/fleximarkshop-stage.nordlo.it\\\/\",\"logo\":{\"@type\":\"ImageObject\",\"inLanguage\":\"en-US\",\"@id\":\"https:\\\/\\\/fleximarkshop-stage.nordlo.it\\\/#\\\/schema\\\/logo\\\/image\\\/\",\"url\":\"https:\\\/\\\/fleximarkshop-stage.nordlo.it\\\/wp-content\\\/uploads\\\/fleximark-logo.png\",\"contentUrl\":\"https:\\\/\\\/fleximarkshop-stage.nordlo.it\\\/wp-content\\\/uploads\\\/fleximark-logo.png\",\"width\":600,\"height\":80,\"caption\":\"FleximarkShop\"},\"image\":{\"@id\":\"https:\\\/\\\/fleximarkshop-stage.nordlo.it\\\/#\\\/schema\\\/logo\\\/image\\\/\"}}]}<\/script>\n<!-- \/ Yoast SEO plugin. -->","yoast_head_json":{"title":"Termotransfer kit EOS5\/300 PUR & Flexiprint - FleximarkShop","description":"Termotransfer kit med flexibel och effektiv termotransferskrivare cab eos5 tillsammans med h\u00e5llbar m\u00e4rkning.","robots":{"index":"noindex","follow":"follow","max-snippet":"max-snippet:-1","max-image-preview":"max-image-preview:large","max-video-preview":"max-video-preview:-1"},"og_locale":"en_US","og_type":"article","og_title":"Termotransfer kit EOS5\/300 PUR & Flexiprint - FleximarkShop","og_description":"Termotransfer kit med flexibel och effektiv termotransferskrivare cab eos5 tillsammans med h\u00e5llbar m\u00e4rkning.","og_url":"https:\/\/fleximarkshop-stage.nordlo.it\/en\/product\/termotransfer-kit-eos5-300\/","og_site_name":"FleximarkShop","article_modified_time":"2022-02-09T12:08:54+00:00","og_image":[{"width":1048,"height":1048,"url":"https:\/\/fleximarkshop-stage.nordlo.it\/wp-content\/uploads\/83259897_8.jpg","type":"image\/jpeg"}],"twitter_card":"summary_large_image","schema":{"@context":"https:\/\/schema.org","@graph":[{"@type":"WebPage","@id":"https:\/\/fleximarkshop-stage.nordlo.it\/produkt\/termotransfer-kit-eos5-300\/","url":"https:\/\/fleximarkshop-stage.nordlo.it\/produkt\/termotransfer-kit-eos5-300\/","name":"Termotransfer kit EOS5\/300 PUR & Flexiprint - FleximarkShop","isPartOf":{"@id":"https:\/\/fleximarkshop-stage.nordlo.it\/#website"},"primaryImageOfPage":{"@id":"https:\/\/fleximarkshop-stage.nordlo.it\/produkt\/termotransfer-kit-eos5-300\/#primaryimage"},"image":{"@id":"https:\/\/fleximarkshop-stage.nordlo.it\/produkt\/termotransfer-kit-eos5-300\/#primaryimage"},"thumbnailUrl":"https:\/\/fleximarkshop-stage.nordlo.it\/wp-content\/uploads\/83259897_8.jpg","datePublished":"2015-11-09T12:56:16+00:00","dateModified":"2022-02-09T12:08:54+00:00","description":"Termotransfer kit med flexibel och effektiv termotransferskrivare cab eos5 tillsammans med h\u00e5llbar m\u00e4rkning.","breadcrumb":{"@id":"https:\/\/fleximarkshop-stage.nordlo.it\/produkt\/termotransfer-kit-eos5-300\/#breadcrumb"},"inLanguage":"en-US","potentialAction":[{"@type":"ReadAction","target":["https:\/\/fleximarkshop-stage.nordlo.it\/produkt\/termotransfer-kit-eos5-300\/"]}]},{"@type":"ImageObject","inLanguage":"en-US","@id":"https:\/\/fleximarkshop-stage.nordlo.it\/produkt\/termotransfer-kit-eos5-300\/#primaryimage","url":"https:\/\/fleximarkshop-stage.nordlo.it\/wp-content\/uploads\/83259897_8.jpg","contentUrl":"https:\/\/fleximarkshop-stage.nordlo.it\/wp-content\/uploads\/83259897_8.jpg","width":1048,"height":1048,"caption":"cab eos5"},{"@type":"BreadcrumbList","@id":"https:\/\/fleximarkshop-stage.nordlo.it\/produkt\/termotransfer-kit-eos5-300\/#breadcrumb","itemListElement":[{"@type":"ListItem","position":1,"name":"Hem","item":"https:\/\/fleximarkshop-stage.nordlo.it\/"},{"@type":"ListItem","position":2,"name":"Webbutik","item":"https:\/\/fleximarkshop-stage.nordlo.it\/butik\/"},{"@type":"ListItem","position":3,"name":"Termotransfer kit EOS5\/300 PUR &#038; Flexiprint"}]},{"@type":"WebSite","@id":"https:\/\/fleximarkshop-stage.nordlo.it\/#website","url":"https:\/\/fleximarkshop-stage.nordlo.it\/","name":"FleximarkShop","description":"M\u00e4rkning &amp; M\u00e4rksystem online","publisher":{"@id":"https:\/\/fleximarkshop-stage.nordlo.it\/#organization"},"potentialAction":[{"@type":"SearchAction","target":{"@type":"EntryPoint","urlTemplate":"https:\/\/fleximarkshop-stage.nordlo.it\/?s={search_term_string}"},"query-input":{"@type":"PropertyValueSpecification","valueRequired":true,"valueName":"search_term_string"}}],"inLanguage":"en-US"},{"@type":"Organization","@id":"https:\/\/fleximarkshop-stage.nordlo.it\/#organization","name":"FleximarkShop","url":"https:\/\/fleximarkshop-stage.nordlo.it\/","logo":{"@type":"ImageObject","inLanguage":"en-US","@id":"https:\/\/fleximarkshop-stage.nordlo.it\/#\/schema\/logo\/image\/","url":"https:\/\/fleximarkshop-stage.nordlo.it\/wp-content\/uploads\/fleximark-logo.png","contentUrl":"https:\/\/fleximarkshop-stage.nordlo.it\/wp-content\/uploads\/fleximark-logo.png","width":600,"height":80,"caption":"FleximarkShop"},"image":{"@id":"https:\/\/fleximarkshop-stage.nordlo.it\/#\/schema\/logo\/image\/"}}]}},"_links":{"self":[{"href":"https:\/\/fleximarkshop-stage.nordlo.it\/en\/wp-json\/wp\/v2\/product\/1392","targetHints":{"allow":["GET"]}}],"collection":[{"href":"https:\/\/fleximarkshop-stage.nordlo.it\/en\/wp-json\/wp\/v2\/product"}],"about":[{"href":"https:\/\/fleximarkshop-stage.nordlo.it\/en\/wp-json\/wp\/v2\/types\/product"}],"wp:featuredmedia":[{"embeddable":true,"href":"https:\/\/fleximarkshop-stage.nordlo.it\/en\/wp-json\/wp\/v2\/media\/1387"}],"wp:attachment":[{"href":"https:\/\/fleximarkshop-stage.nordlo.it\/en\/wp-json\/wp\/v2\/media?parent=1392"}],"wp:term":[{"taxonomy":"product_brand","embeddable":true,"href":"https:\/\/fleximarkshop-stage.nordlo.it\/en\/wp-json\/wp\/v2\/product_brand?post=1392"},{"taxonomy":"product_cat","embeddable":true,"href":"https:\/\/fleximarkshop-stage.nordlo.it\/en\/wp-json\/wp\/v2\/product_cat?post=1392"},{"taxonomy":"product_tag","embeddable":true,"href":"https:\/\/fleximarkshop-stage.nordlo.it\/en\/wp-json\/wp\/v2\/product_tag?post=1392"}],"curies":[{"name":"wp","href":"https:\/\/api.w.org\/{rel}","templated":true}]}}