{"id":1812,"date":"2015-12-29T13:01:08","date_gmt":"2015-12-29T13:01:08","guid":{"rendered":"https:\/\/fleximark\/produkt\/ta-26x10-mt301-s-1-b\/"},"modified":"2015-12-29T13:01:08","modified_gmt":"2015-12-29T13:01:08","slug":"ta-26x10-mt301-s-1-b","status":"publish","type":"product","link":"https:\/\/fleximarkshop-stage.nordlo.it\/en\/product\/ta-26x10-mt301-s-1-b\/","title":{"rendered":"TA 26-10 SR 1-b"},"content":{"rendered":"<p>TA etiketter f\u00f6r komponentm\u00e4rkning. Sj\u00e4lvh\u00e4ftande, halogenfri med rundade h\u00f6rn. Levereras p\u00e5 rulle. Formgiven f\u00f6r CAB och EOS termotransferskrivare. UV-resistent.<\/p>\n<p><b>Material:<\/b> Polyester<br \/><b>H\u00e4ft\u00e4mne: <\/b>Permanent acrylbaserat<br \/><b>K\u00e4rn a: <\/b>38 mm (standard)<br \/><b>Appliceringstemperatur:<\/b> min +10\u00b0C<br \/><b>Operating temperature:<\/b> -40\u00b0C till +125\u00b0C <\/p>","protected":false},"excerpt":{"rendered":"<p> T\u00e5ligt m\u00e4rksystem f\u00f6r egen utskrift av komponentm\u00e4rkning.<br \/> Avsedd f\u00f6r komponentm\u00e4rkning med rundade h\u00f6rn.<br \/> Levereras p\u00e5 rulle f\u00f6r termotransferutskrift<br \/> Sj\u00e4lvh\u00e4ftande, halogenfri och UV-best\u00e4ndig (enligt provtest av SP)  <\/p>","protected":false},"featured_media":1811,"template":"","meta":{"_acf_changed":false},"product_brand":[],"product_cat":[],"product_tag":[],"class_list":{"0":"post-1812","1":"product","2":"type-product","3":"status-publish","4":"has-post-thumbnail","6":"pa_antal-80","7":"pa_etikettstorlek-337","8":"pa_fargband-859","9":"pa_filter_ett-termotransferutskrift","10":"pa_filter_tva-halogenfri","11":"pa_filter_tva-kaldtalig","12":"pa_filter_tva-uv_resistent","13":"pa_filter_tva-varmetalig","14":"pa_forpackningsenhet-369","15":"pa_nav_item_discount_group-832","16":"sales-flash-overlay","17":"woocommerce-text-align-center","18":"woocommerce-image-align-center","19":"do-quantity-buttons","20":"wc-has-gallery","22":"first","23":"onbackorder","24":"taxable","25":"shipping-taxable","26":"purchasable","27":"product-type-simple"},"acf":[],"yoast_head":"<!-- This site is optimized with the Yoast SEO plugin v27.3 - https:\/\/yoast.com\/product\/yoast-seo-wordpress\/ -->\n<title>TA 26-10 SR 1-b - FleximarkShop<\/title>\n<meta name=\"robots\" content=\"noindex, follow, max-snippet:-1, max-image-preview:large, max-video-preview:-1\" \/>\n<meta property=\"og:locale\" content=\"en_US\" \/>\n<meta property=\"og:type\" content=\"article\" \/>\n<meta property=\"og:title\" content=\"TA 26-10 SR 1-b - FleximarkShop\" \/>\n<meta property=\"og:description\" content=\"T\u00e5ligt m\u00e4rksystem f\u00f6r egen utskrift av komponentm\u00e4rkning. Avsedd f\u00f6r komponentm\u00e4rkning med rundade h\u00f6rn. Levereras p\u00e5 rulle f\u00f6r termotransferutskrift Sj\u00e4lvh\u00e4ftande, halogenfri och UV-best\u00e4ndig (enligt provtest av SP)\" \/>\n<meta property=\"og:url\" content=\"https:\/\/fleximarkshop-stage.nordlo.it\/en\/product\/ta-26x10-mt301-s-1-b\/\" \/>\n<meta property=\"og:site_name\" content=\"FleximarkShop\" \/>\n<meta property=\"og:image\" content=\"https:\/\/fleximarkshop-stage.nordlo.it\/wp-content\/uploads\/83259656.jpg\" \/>\n\t<meta property=\"og:image:width\" content=\"827\" \/>\n\t<meta property=\"og:image:height\" content=\"844\" \/>\n\t<meta property=\"og:image:type\" content=\"image\/jpeg\" \/>\n<meta name=\"twitter:card\" content=\"summary_large_image\" \/>\n<script type=\"application\/ld+json\" class=\"yoast-schema-graph\">{\"@context\":\"https:\\\/\\\/schema.org\",\"@graph\":[{\"@type\":\"WebPage\",\"@id\":\"https:\\\/\\\/fleximarkshop-stage.nordlo.it\\\/produkt\\\/ta-26x10-mt301-s-1-b\\\/\",\"url\":\"https:\\\/\\\/fleximarkshop-stage.nordlo.it\\\/produkt\\\/ta-26x10-mt301-s-1-b\\\/\",\"name\":\"TA 26-10 SR 1-b - FleximarkShop\",\"isPartOf\":{\"@id\":\"https:\\\/\\\/fleximarkshop-stage.nordlo.it\\\/#website\"},\"primaryImageOfPage\":{\"@id\":\"https:\\\/\\\/fleximarkshop-stage.nordlo.it\\\/produkt\\\/ta-26x10-mt301-s-1-b\\\/#primaryimage\"},\"image\":{\"@id\":\"https:\\\/\\\/fleximarkshop-stage.nordlo.it\\\/produkt\\\/ta-26x10-mt301-s-1-b\\\/#primaryimage\"},\"thumbnailUrl\":\"https:\\\/\\\/fleximarkshop-stage.nordlo.it\\\/wp-content\\\/uploads\\\/83259656.jpg\",\"datePublished\":\"2015-12-29T13:01:08+00:00\",\"breadcrumb\":{\"@id\":\"https:\\\/\\\/fleximarkshop-stage.nordlo.it\\\/produkt\\\/ta-26x10-mt301-s-1-b\\\/#breadcrumb\"},\"inLanguage\":\"en-US\",\"potentialAction\":[{\"@type\":\"ReadAction\",\"target\":[\"https:\\\/\\\/fleximarkshop-stage.nordlo.it\\\/produkt\\\/ta-26x10-mt301-s-1-b\\\/\"]}]},{\"@type\":\"ImageObject\",\"inLanguage\":\"en-US\",\"@id\":\"https:\\\/\\\/fleximarkshop-stage.nordlo.it\\\/produkt\\\/ta-26x10-mt301-s-1-b\\\/#primaryimage\",\"url\":\"https:\\\/\\\/fleximarkshop-stage.nordlo.it\\\/wp-content\\\/uploads\\\/83259656.jpg\",\"contentUrl\":\"https:\\\/\\\/fleximarkshop-stage.nordlo.it\\\/wp-content\\\/uploads\\\/83259656.jpg\",\"width\":827,\"height\":844,\"caption\":\"Komponentetikett silver matt\"},{\"@type\":\"BreadcrumbList\",\"@id\":\"https:\\\/\\\/fleximarkshop-stage.nordlo.it\\\/produkt\\\/ta-26x10-mt301-s-1-b\\\/#breadcrumb\",\"itemListElement\":[{\"@type\":\"ListItem\",\"position\":1,\"name\":\"Hem\",\"item\":\"https:\\\/\\\/fleximarkshop-stage.nordlo.it\\\/\"},{\"@type\":\"ListItem\",\"position\":2,\"name\":\"Webbutik\",\"item\":\"https:\\\/\\\/fleximarkshop-stage.nordlo.it\\\/butik\\\/\"},{\"@type\":\"ListItem\",\"position\":3,\"name\":\"TA 26-10 SR 1-b\"}]},{\"@type\":\"WebSite\",\"@id\":\"https:\\\/\\\/fleximarkshop-stage.nordlo.it\\\/#website\",\"url\":\"https:\\\/\\\/fleximarkshop-stage.nordlo.it\\\/\",\"name\":\"FleximarkShop\",\"description\":\"M\u00e4rkning &amp; M\u00e4rksystem online\",\"publisher\":{\"@id\":\"https:\\\/\\\/fleximarkshop-stage.nordlo.it\\\/#organization\"},\"potentialAction\":[{\"@type\":\"SearchAction\",\"target\":{\"@type\":\"EntryPoint\",\"urlTemplate\":\"https:\\\/\\\/fleximarkshop-stage.nordlo.it\\\/?s={search_term_string}\"},\"query-input\":{\"@type\":\"PropertyValueSpecification\",\"valueRequired\":true,\"valueName\":\"search_term_string\"}}],\"inLanguage\":\"en-US\"},{\"@type\":\"Organization\",\"@id\":\"https:\\\/\\\/fleximarkshop-stage.nordlo.it\\\/#organization\",\"name\":\"FleximarkShop\",\"url\":\"https:\\\/\\\/fleximarkshop-stage.nordlo.it\\\/\",\"logo\":{\"@type\":\"ImageObject\",\"inLanguage\":\"en-US\",\"@id\":\"https:\\\/\\\/fleximarkshop-stage.nordlo.it\\\/#\\\/schema\\\/logo\\\/image\\\/\",\"url\":\"https:\\\/\\\/fleximarkshop-stage.nordlo.it\\\/wp-content\\\/uploads\\\/fleximark-logo.png\",\"contentUrl\":\"https:\\\/\\\/fleximarkshop-stage.nordlo.it\\\/wp-content\\\/uploads\\\/fleximark-logo.png\",\"width\":600,\"height\":80,\"caption\":\"FleximarkShop\"},\"image\":{\"@id\":\"https:\\\/\\\/fleximarkshop-stage.nordlo.it\\\/#\\\/schema\\\/logo\\\/image\\\/\"}}]}<\/script>\n<!-- \/ Yoast SEO plugin. -->","yoast_head_json":{"title":"TA 26-10 SR 1-b - FleximarkShop","robots":{"index":"noindex","follow":"follow","max-snippet":"max-snippet:-1","max-image-preview":"max-image-preview:large","max-video-preview":"max-video-preview:-1"},"og_locale":"en_US","og_type":"article","og_title":"TA 26-10 SR 1-b - FleximarkShop","og_description":"T\u00e5ligt m\u00e4rksystem f\u00f6r egen utskrift av komponentm\u00e4rkning. Avsedd f\u00f6r komponentm\u00e4rkning med rundade h\u00f6rn. Levereras p\u00e5 rulle f\u00f6r termotransferutskrift Sj\u00e4lvh\u00e4ftande, halogenfri och UV-best\u00e4ndig (enligt provtest av SP)","og_url":"https:\/\/fleximarkshop-stage.nordlo.it\/en\/product\/ta-26x10-mt301-s-1-b\/","og_site_name":"FleximarkShop","og_image":[{"width":827,"height":844,"url":"https:\/\/fleximarkshop-stage.nordlo.it\/wp-content\/uploads\/83259656.jpg","type":"image\/jpeg"}],"twitter_card":"summary_large_image","schema":{"@context":"https:\/\/schema.org","@graph":[{"@type":"WebPage","@id":"https:\/\/fleximarkshop-stage.nordlo.it\/produkt\/ta-26x10-mt301-s-1-b\/","url":"https:\/\/fleximarkshop-stage.nordlo.it\/produkt\/ta-26x10-mt301-s-1-b\/","name":"TA 26-10 SR 1-b - FleximarkShop","isPartOf":{"@id":"https:\/\/fleximarkshop-stage.nordlo.it\/#website"},"primaryImageOfPage":{"@id":"https:\/\/fleximarkshop-stage.nordlo.it\/produkt\/ta-26x10-mt301-s-1-b\/#primaryimage"},"image":{"@id":"https:\/\/fleximarkshop-stage.nordlo.it\/produkt\/ta-26x10-mt301-s-1-b\/#primaryimage"},"thumbnailUrl":"https:\/\/fleximarkshop-stage.nordlo.it\/wp-content\/uploads\/83259656.jpg","datePublished":"2015-12-29T13:01:08+00:00","breadcrumb":{"@id":"https:\/\/fleximarkshop-stage.nordlo.it\/produkt\/ta-26x10-mt301-s-1-b\/#breadcrumb"},"inLanguage":"en-US","potentialAction":[{"@type":"ReadAction","target":["https:\/\/fleximarkshop-stage.nordlo.it\/produkt\/ta-26x10-mt301-s-1-b\/"]}]},{"@type":"ImageObject","inLanguage":"en-US","@id":"https:\/\/fleximarkshop-stage.nordlo.it\/produkt\/ta-26x10-mt301-s-1-b\/#primaryimage","url":"https:\/\/fleximarkshop-stage.nordlo.it\/wp-content\/uploads\/83259656.jpg","contentUrl":"https:\/\/fleximarkshop-stage.nordlo.it\/wp-content\/uploads\/83259656.jpg","width":827,"height":844,"caption":"Komponentetikett silver matt"},{"@type":"BreadcrumbList","@id":"https:\/\/fleximarkshop-stage.nordlo.it\/produkt\/ta-26x10-mt301-s-1-b\/#breadcrumb","itemListElement":[{"@type":"ListItem","position":1,"name":"Hem","item":"https:\/\/fleximarkshop-stage.nordlo.it\/"},{"@type":"ListItem","position":2,"name":"Webbutik","item":"https:\/\/fleximarkshop-stage.nordlo.it\/butik\/"},{"@type":"ListItem","position":3,"name":"TA 26-10 SR 1-b"}]},{"@type":"WebSite","@id":"https:\/\/fleximarkshop-stage.nordlo.it\/#website","url":"https:\/\/fleximarkshop-stage.nordlo.it\/","name":"FleximarkShop","description":"M\u00e4rkning &amp; M\u00e4rksystem online","publisher":{"@id":"https:\/\/fleximarkshop-stage.nordlo.it\/#organization"},"potentialAction":[{"@type":"SearchAction","target":{"@type":"EntryPoint","urlTemplate":"https:\/\/fleximarkshop-stage.nordlo.it\/?s={search_term_string}"},"query-input":{"@type":"PropertyValueSpecification","valueRequired":true,"valueName":"search_term_string"}}],"inLanguage":"en-US"},{"@type":"Organization","@id":"https:\/\/fleximarkshop-stage.nordlo.it\/#organization","name":"FleximarkShop","url":"https:\/\/fleximarkshop-stage.nordlo.it\/","logo":{"@type":"ImageObject","inLanguage":"en-US","@id":"https:\/\/fleximarkshop-stage.nordlo.it\/#\/schema\/logo\/image\/","url":"https:\/\/fleximarkshop-stage.nordlo.it\/wp-content\/uploads\/fleximark-logo.png","contentUrl":"https:\/\/fleximarkshop-stage.nordlo.it\/wp-content\/uploads\/fleximark-logo.png","width":600,"height":80,"caption":"FleximarkShop"},"image":{"@id":"https:\/\/fleximarkshop-stage.nordlo.it\/#\/schema\/logo\/image\/"}}]}},"_links":{"self":[{"href":"https:\/\/fleximarkshop-stage.nordlo.it\/en\/wp-json\/wp\/v2\/product\/1812","targetHints":{"allow":["GET"]}}],"collection":[{"href":"https:\/\/fleximarkshop-stage.nordlo.it\/en\/wp-json\/wp\/v2\/product"}],"about":[{"href":"https:\/\/fleximarkshop-stage.nordlo.it\/en\/wp-json\/wp\/v2\/types\/product"}],"wp:featuredmedia":[{"embeddable":true,"href":"https:\/\/fleximarkshop-stage.nordlo.it\/en\/wp-json\/wp\/v2\/media\/1811"}],"wp:attachment":[{"href":"https:\/\/fleximarkshop-stage.nordlo.it\/en\/wp-json\/wp\/v2\/media?parent=1812"}],"wp:term":[{"taxonomy":"product_brand","embeddable":true,"href":"https:\/\/fleximarkshop-stage.nordlo.it\/en\/wp-json\/wp\/v2\/product_brand?post=1812"},{"taxonomy":"product_cat","embeddable":true,"href":"https:\/\/fleximarkshop-stage.nordlo.it\/en\/wp-json\/wp\/v2\/product_cat?post=1812"},{"taxonomy":"product_tag","embeddable":true,"href":"https:\/\/fleximarkshop-stage.nordlo.it\/en\/wp-json\/wp\/v2\/product_tag?post=1812"}],"curies":[{"name":"wp","href":"https:\/\/api.w.org\/{rel}","templated":true}]}}