{"id":1868,"date":"2015-12-29T14:19:20","date_gmt":"2015-12-29T14:19:20","guid":{"rendered":"https:\/\/fleximark\/produkt\/komponentetikett-ta-silver-2\/"},"modified":"2022-02-14T12:30:34","modified_gmt":"2022-02-14T12:30:34","slug":"komponentetikett-ta-silver-2","status":"publish","type":"product","link":"https:\/\/fleximarkshop-stage.nordlo.it\/en\/product\/komponentetikett-ta-silver-2\/","title":{"rendered":"Label TA silver, glossy"},"content":{"rendered":"<p>TA etiketter f\u00f6r komponentm\u00e4rkning. Sj\u00e4lvh\u00e4ftande, halogenfri med rundade h\u00f6rn. Levereras p\u00e5 rulle. Formgiven f\u00f6r CAB EOS termotransferskrivare. UV-resistent.<\/p>\n<p><b>Material:<\/b> Polyester<br \/>\n<b>H\u00e4ft\u00e4mne:<\/b> Permanent acrylbaserat<br \/>\n<b>K\u00e4rna:<\/b> 38 mm (standard)<br \/>\n<b>Appliceringstemperatur:<\/b> min +10\u00b0C<br \/>\n<b>Operating temperature:<\/b> -40\u00b0C till +125\u00b0C<br \/>\n<b>Rekommenderade f\u00e4rgband:<\/b> R71, CR74<\/p>","protected":false},"excerpt":{"rendered":"<p>T\u00e5ligt m\u00e4rksystem f\u00f6r egen utskrift av komponentm\u00e4rkning.<br \/>\nAvsedd f\u00f6r komponentm\u00e4rkning med rundade h\u00f6rn.<br \/>\nLevereras p\u00e5 rulle f\u00f6r termotransferutskrift<br \/>\nSj\u00e4lvh\u00e4ftande, halogenfri och UV-best\u00e4ndig (enligt provtest av SP)<\/p>","protected":false},"featured_media":1867,"template":"","meta":{"_acf_changed":false},"product_brand":[],"product_cat":[952,909,903,925],"product_tag":[],"class_list":{"0":"post-1868","1":"product","2":"type-product","3":"status-publish","4":"has-post-thumbnail","6":"product_cat-komponentmarkning","7":"product_cat-markning","8":"product_cat-markprodukter","9":"product_cat-maskintillverkning","10":"pa_forpackningsenhet-369","11":"sales-flash-overlay","12":"woocommerce-text-align-center","13":"woocommerce-image-align-center","14":"do-quantity-buttons","15":"wc-has-gallery","17":"first","18":"instock","19":"taxable","20":"shipping-taxable","21":"product-type-grouped"},"acf":[],"yoast_head":"<!-- This site is optimized with the Yoast SEO plugin v27.3 - https:\/\/yoast.com\/product\/yoast-seo-wordpress\/ -->\n<title>Etikett TA silver, blank - FleximarkShop<\/title>\n<meta name=\"description\" content=\"Etikett TA silver blank f\u00f6r komponentm\u00e4rkning. Sj\u00e4lvh\u00e4ftande, halogenfri med rundade h\u00f6rn. Formgiven f\u00f6r termotransferskrivare.\" \/>\n<meta name=\"robots\" content=\"noindex, follow, max-snippet:-1, max-image-preview:large, max-video-preview:-1\" \/>\n<meta property=\"og:locale\" content=\"en_US\" \/>\n<meta property=\"og:type\" content=\"article\" \/>\n<meta property=\"og:title\" content=\"Etikett TA silver, blank - FleximarkShop\" \/>\n<meta property=\"og:description\" content=\"Etikett TA silver blank f\u00f6r komponentm\u00e4rkning. Sj\u00e4lvh\u00e4ftande, halogenfri med rundade h\u00f6rn. Formgiven f\u00f6r termotransferskrivare.\" \/>\n<meta property=\"og:url\" content=\"https:\/\/fleximarkshop-stage.nordlo.it\/en\/product\/komponentetikett-ta-silver-2\/\" \/>\n<meta property=\"og:site_name\" content=\"FleximarkShop\" \/>\n<meta property=\"article:modified_time\" content=\"2022-02-14T12:30:34+00:00\" \/>\n<meta property=\"og:image\" content=\"https:\/\/fleximarkshop-stage.nordlo.it\/wp-content\/uploads\/ETIKETT_TA_SR_BLANK.jpg\" \/>\n\t<meta property=\"og:image:width\" content=\"827\" \/>\n\t<meta property=\"og:image:height\" content=\"844\" \/>\n\t<meta property=\"og:image:type\" content=\"image\/jpeg\" \/>\n<meta name=\"twitter:card\" content=\"summary_large_image\" \/>\n<meta name=\"twitter:label1\" content=\"Est. reading time\" \/>\n\t<meta name=\"twitter:data1\" content=\"1 minute\" \/>\n<script type=\"application\/ld+json\" class=\"yoast-schema-graph\">{\"@context\":\"https:\\\/\\\/schema.org\",\"@graph\":[{\"@type\":\"WebPage\",\"@id\":\"https:\\\/\\\/fleximarkshop-stage.nordlo.it\\\/produkt\\\/komponentetikett-ta-silver-2\\\/\",\"url\":\"https:\\\/\\\/fleximarkshop-stage.nordlo.it\\\/produkt\\\/komponentetikett-ta-silver-2\\\/\",\"name\":\"Etikett TA silver, blank - FleximarkShop\",\"isPartOf\":{\"@id\":\"https:\\\/\\\/fleximarkshop-stage.nordlo.it\\\/#website\"},\"primaryImageOfPage\":{\"@id\":\"https:\\\/\\\/fleximarkshop-stage.nordlo.it\\\/produkt\\\/komponentetikett-ta-silver-2\\\/#primaryimage\"},\"image\":{\"@id\":\"https:\\\/\\\/fleximarkshop-stage.nordlo.it\\\/produkt\\\/komponentetikett-ta-silver-2\\\/#primaryimage\"},\"thumbnailUrl\":\"https:\\\/\\\/fleximarkshop-stage.nordlo.it\\\/wp-content\\\/uploads\\\/ETIKETT_TA_SR_BLANK.jpg\",\"datePublished\":\"2015-12-29T14:19:20+00:00\",\"dateModified\":\"2022-02-14T12:30:34+00:00\",\"description\":\"Etikett TA silver blank f\u00f6r komponentm\u00e4rkning. Sj\u00e4lvh\u00e4ftande, halogenfri med rundade h\u00f6rn. Formgiven f\u00f6r termotransferskrivare.\",\"breadcrumb\":{\"@id\":\"https:\\\/\\\/fleximarkshop-stage.nordlo.it\\\/produkt\\\/komponentetikett-ta-silver-2\\\/#breadcrumb\"},\"inLanguage\":\"en-US\",\"potentialAction\":[{\"@type\":\"ReadAction\",\"target\":[\"https:\\\/\\\/fleximarkshop-stage.nordlo.it\\\/produkt\\\/komponentetikett-ta-silver-2\\\/\"]}]},{\"@type\":\"ImageObject\",\"inLanguage\":\"en-US\",\"@id\":\"https:\\\/\\\/fleximarkshop-stage.nordlo.it\\\/produkt\\\/komponentetikett-ta-silver-2\\\/#primaryimage\",\"url\":\"https:\\\/\\\/fleximarkshop-stage.nordlo.it\\\/wp-content\\\/uploads\\\/ETIKETT_TA_SR_BLANK.jpg\",\"contentUrl\":\"https:\\\/\\\/fleximarkshop-stage.nordlo.it\\\/wp-content\\\/uploads\\\/ETIKETT_TA_SR_BLANK.jpg\",\"width\":827,\"height\":844,\"caption\":\"Komponentetikett silver\"},{\"@type\":\"BreadcrumbList\",\"@id\":\"https:\\\/\\\/fleximarkshop-stage.nordlo.it\\\/produkt\\\/komponentetikett-ta-silver-2\\\/#breadcrumb\",\"itemListElement\":[{\"@type\":\"ListItem\",\"position\":1,\"name\":\"Hem\",\"item\":\"https:\\\/\\\/fleximarkshop-stage.nordlo.it\\\/\"},{\"@type\":\"ListItem\",\"position\":2,\"name\":\"Webbutik\",\"item\":\"https:\\\/\\\/fleximarkshop-stage.nordlo.it\\\/butik\\\/\"},{\"@type\":\"ListItem\",\"position\":3,\"name\":\"Etikett TA silver, blank\"}]},{\"@type\":\"WebSite\",\"@id\":\"https:\\\/\\\/fleximarkshop-stage.nordlo.it\\\/#website\",\"url\":\"https:\\\/\\\/fleximarkshop-stage.nordlo.it\\\/\",\"name\":\"FleximarkShop\",\"description\":\"M\u00e4rkning &amp; M\u00e4rksystem online\",\"publisher\":{\"@id\":\"https:\\\/\\\/fleximarkshop-stage.nordlo.it\\\/#organization\"},\"potentialAction\":[{\"@type\":\"SearchAction\",\"target\":{\"@type\":\"EntryPoint\",\"urlTemplate\":\"https:\\\/\\\/fleximarkshop-stage.nordlo.it\\\/?s={search_term_string}\"},\"query-input\":{\"@type\":\"PropertyValueSpecification\",\"valueRequired\":true,\"valueName\":\"search_term_string\"}}],\"inLanguage\":\"en-US\"},{\"@type\":\"Organization\",\"@id\":\"https:\\\/\\\/fleximarkshop-stage.nordlo.it\\\/#organization\",\"name\":\"FleximarkShop\",\"url\":\"https:\\\/\\\/fleximarkshop-stage.nordlo.it\\\/\",\"logo\":{\"@type\":\"ImageObject\",\"inLanguage\":\"en-US\",\"@id\":\"https:\\\/\\\/fleximarkshop-stage.nordlo.it\\\/#\\\/schema\\\/logo\\\/image\\\/\",\"url\":\"https:\\\/\\\/fleximarkshop-stage.nordlo.it\\\/wp-content\\\/uploads\\\/fleximark-logo.png\",\"contentUrl\":\"https:\\\/\\\/fleximarkshop-stage.nordlo.it\\\/wp-content\\\/uploads\\\/fleximark-logo.png\",\"width\":600,\"height\":80,\"caption\":\"FleximarkShop\"},\"image\":{\"@id\":\"https:\\\/\\\/fleximarkshop-stage.nordlo.it\\\/#\\\/schema\\\/logo\\\/image\\\/\"}}]}<\/script>\n<!-- \/ Yoast SEO plugin. -->","yoast_head_json":{"title":"Etikett TA silver, blank - FleximarkShop","description":"Etikett TA silver blank f\u00f6r komponentm\u00e4rkning. Sj\u00e4lvh\u00e4ftande, halogenfri med rundade h\u00f6rn. Formgiven f\u00f6r termotransferskrivare.","robots":{"index":"noindex","follow":"follow","max-snippet":"max-snippet:-1","max-image-preview":"max-image-preview:large","max-video-preview":"max-video-preview:-1"},"og_locale":"en_US","og_type":"article","og_title":"Etikett TA silver, blank - FleximarkShop","og_description":"Etikett TA silver blank f\u00f6r komponentm\u00e4rkning. Sj\u00e4lvh\u00e4ftande, halogenfri med rundade h\u00f6rn. Formgiven f\u00f6r termotransferskrivare.","og_url":"https:\/\/fleximarkshop-stage.nordlo.it\/en\/product\/komponentetikett-ta-silver-2\/","og_site_name":"FleximarkShop","article_modified_time":"2022-02-14T12:30:34+00:00","og_image":[{"width":827,"height":844,"url":"https:\/\/fleximarkshop-stage.nordlo.it\/wp-content\/uploads\/ETIKETT_TA_SR_BLANK.jpg","type":"image\/jpeg"}],"twitter_card":"summary_large_image","twitter_misc":{"Est. reading time":"1 minute"},"schema":{"@context":"https:\/\/schema.org","@graph":[{"@type":"WebPage","@id":"https:\/\/fleximarkshop-stage.nordlo.it\/produkt\/komponentetikett-ta-silver-2\/","url":"https:\/\/fleximarkshop-stage.nordlo.it\/produkt\/komponentetikett-ta-silver-2\/","name":"Etikett TA silver, blank - FleximarkShop","isPartOf":{"@id":"https:\/\/fleximarkshop-stage.nordlo.it\/#website"},"primaryImageOfPage":{"@id":"https:\/\/fleximarkshop-stage.nordlo.it\/produkt\/komponentetikett-ta-silver-2\/#primaryimage"},"image":{"@id":"https:\/\/fleximarkshop-stage.nordlo.it\/produkt\/komponentetikett-ta-silver-2\/#primaryimage"},"thumbnailUrl":"https:\/\/fleximarkshop-stage.nordlo.it\/wp-content\/uploads\/ETIKETT_TA_SR_BLANK.jpg","datePublished":"2015-12-29T14:19:20+00:00","dateModified":"2022-02-14T12:30:34+00:00","description":"Etikett TA silver blank f\u00f6r komponentm\u00e4rkning. Sj\u00e4lvh\u00e4ftande, halogenfri med rundade h\u00f6rn. Formgiven f\u00f6r termotransferskrivare.","breadcrumb":{"@id":"https:\/\/fleximarkshop-stage.nordlo.it\/produkt\/komponentetikett-ta-silver-2\/#breadcrumb"},"inLanguage":"en-US","potentialAction":[{"@type":"ReadAction","target":["https:\/\/fleximarkshop-stage.nordlo.it\/produkt\/komponentetikett-ta-silver-2\/"]}]},{"@type":"ImageObject","inLanguage":"en-US","@id":"https:\/\/fleximarkshop-stage.nordlo.it\/produkt\/komponentetikett-ta-silver-2\/#primaryimage","url":"https:\/\/fleximarkshop-stage.nordlo.it\/wp-content\/uploads\/ETIKETT_TA_SR_BLANK.jpg","contentUrl":"https:\/\/fleximarkshop-stage.nordlo.it\/wp-content\/uploads\/ETIKETT_TA_SR_BLANK.jpg","width":827,"height":844,"caption":"Komponentetikett silver"},{"@type":"BreadcrumbList","@id":"https:\/\/fleximarkshop-stage.nordlo.it\/produkt\/komponentetikett-ta-silver-2\/#breadcrumb","itemListElement":[{"@type":"ListItem","position":1,"name":"Hem","item":"https:\/\/fleximarkshop-stage.nordlo.it\/"},{"@type":"ListItem","position":2,"name":"Webbutik","item":"https:\/\/fleximarkshop-stage.nordlo.it\/butik\/"},{"@type":"ListItem","position":3,"name":"Etikett TA silver, blank"}]},{"@type":"WebSite","@id":"https:\/\/fleximarkshop-stage.nordlo.it\/#website","url":"https:\/\/fleximarkshop-stage.nordlo.it\/","name":"FleximarkShop","description":"M\u00e4rkning &amp; M\u00e4rksystem online","publisher":{"@id":"https:\/\/fleximarkshop-stage.nordlo.it\/#organization"},"potentialAction":[{"@type":"SearchAction","target":{"@type":"EntryPoint","urlTemplate":"https:\/\/fleximarkshop-stage.nordlo.it\/?s={search_term_string}"},"query-input":{"@type":"PropertyValueSpecification","valueRequired":true,"valueName":"search_term_string"}}],"inLanguage":"en-US"},{"@type":"Organization","@id":"https:\/\/fleximarkshop-stage.nordlo.it\/#organization","name":"FleximarkShop","url":"https:\/\/fleximarkshop-stage.nordlo.it\/","logo":{"@type":"ImageObject","inLanguage":"en-US","@id":"https:\/\/fleximarkshop-stage.nordlo.it\/#\/schema\/logo\/image\/","url":"https:\/\/fleximarkshop-stage.nordlo.it\/wp-content\/uploads\/fleximark-logo.png","contentUrl":"https:\/\/fleximarkshop-stage.nordlo.it\/wp-content\/uploads\/fleximark-logo.png","width":600,"height":80,"caption":"FleximarkShop"},"image":{"@id":"https:\/\/fleximarkshop-stage.nordlo.it\/#\/schema\/logo\/image\/"}}]}},"_links":{"self":[{"href":"https:\/\/fleximarkshop-stage.nordlo.it\/en\/wp-json\/wp\/v2\/product\/1868","targetHints":{"allow":["GET"]}}],"collection":[{"href":"https:\/\/fleximarkshop-stage.nordlo.it\/en\/wp-json\/wp\/v2\/product"}],"about":[{"href":"https:\/\/fleximarkshop-stage.nordlo.it\/en\/wp-json\/wp\/v2\/types\/product"}],"wp:featuredmedia":[{"embeddable":true,"href":"https:\/\/fleximarkshop-stage.nordlo.it\/en\/wp-json\/wp\/v2\/media\/1867"}],"wp:attachment":[{"href":"https:\/\/fleximarkshop-stage.nordlo.it\/en\/wp-json\/wp\/v2\/media?parent=1868"}],"wp:term":[{"taxonomy":"product_brand","embeddable":true,"href":"https:\/\/fleximarkshop-stage.nordlo.it\/en\/wp-json\/wp\/v2\/product_brand?post=1868"},{"taxonomy":"product_cat","embeddable":true,"href":"https:\/\/fleximarkshop-stage.nordlo.it\/en\/wp-json\/wp\/v2\/product_cat?post=1868"},{"taxonomy":"product_tag","embeddable":true,"href":"https:\/\/fleximarkshop-stage.nordlo.it\/en\/wp-json\/wp\/v2\/product_tag?post=1868"}],"curies":[{"name":"wp","href":"https:\/\/api.w.org\/{rel}","templated":true}]}}