{"id":201,"date":"2015-06-18T10:57:47","date_gmt":"2015-06-18T10:57:47","guid":{"rendered":"https:\/\/fleximark\/produkt\/flb142-buntband-142x2-4-svart\/"},"modified":"2015-06-18T10:57:47","modified_gmt":"2015-06-18T10:57:47","slug":"flb142-buntband-142x2-4-svart","status":"publish","type":"product","link":"https:\/\/fleximarkshop-stage.nordlo.it\/en\/product\/flb142-buntband-142x2-4-svart\/","title":{"rendered":"FLB142 buntband 142&#215;2.4 svart"},"content":{"rendered":"<p>Kvalitetsbuntband tillverkad i naturell vit f\u00e4rg eller svart. UV-best\u00e4ndig Polyamid (nylon). <br \/>Buntbanden finns i olika l\u00e4ngder vilka passar f\u00f6r verktygens h\u00e5lstorlek. <\/p>\n<p><b>Material:<\/b> Polyamid 6,6<br \/><b>F\u00e4rg:<\/b> Natur (vit), svart (UV-bes t\u00e4ndig)<br \/><b>Brandklass:<\/b> UL94-V2<br \/><b>Godk\u00e4nnande:<\/b> UL E86244 (M) <\/p>","protected":false},"excerpt":{"rendered":"<p> Tillverkade i naturell (vit) eller svart UV-best\u00e4ndig Polyamid (Nylon).<br \/> Finns i olika l\u00e4ngder.<br \/> Kvalitetsbuntband <\/p>","protected":false},"featured_media":200,"template":"","meta":{"_acf_changed":false},"product_brand":[],"product_cat":[15],"product_tag":[],"class_list":{"0":"post-201","1":"product","2":"type-product","3":"status-publish","4":"has-post-thumbnail","6":"product_cat-okategoriserad","7":"pa_antal-58","8":"pa_forpackningsenhet-369","9":"pa_nav_item_discount_group-827","10":"pa_storlek-624","11":"sales-flash-overlay","12":"woocommerce-text-align-center","13":"woocommerce-image-align-center","14":"do-quantity-buttons","15":"wc-has-gallery","17":"first","18":"instock","19":"taxable","20":"shipping-taxable","21":"purchasable","22":"product-type-simple"},"acf":[],"yoast_head":"<!-- This site is optimized with the Yoast SEO plugin v27.3 - https:\/\/yoast.com\/product\/yoast-seo-wordpress\/ -->\n<title>FLB142 buntband 142x2.4 svart - FleximarkShop<\/title>\n<meta name=\"robots\" content=\"noindex, follow, max-snippet:-1, max-image-preview:large, max-video-preview:-1\" \/>\n<meta property=\"og:locale\" content=\"en_US\" \/>\n<meta property=\"og:type\" content=\"article\" \/>\n<meta property=\"og:title\" content=\"FLB142 buntband 142x2.4 svart - FleximarkShop\" \/>\n<meta property=\"og:description\" content=\"Tillverkade i naturell (vit) eller svart UV-best\u00e4ndig Polyamid (Nylon). Finns i olika l\u00e4ngder. Kvalitetsbuntband\" \/>\n<meta property=\"og:url\" content=\"https:\/\/fleximarkshop-stage.nordlo.it\/en\/product\/flb142-buntband-142x2-4-svart\/\" \/>\n<meta property=\"og:site_name\" content=\"FleximarkShop\" \/>\n<meta property=\"og:image\" content=\"https:\/\/fleximarkshop-stage.nordlo.it\/wp-content\/uploads\/83259008_1.jpg\" \/>\n\t<meta property=\"og:image:width\" content=\"250\" \/>\n\t<meta property=\"og:image:height\" content=\"250\" \/>\n\t<meta property=\"og:image:type\" content=\"image\/jpeg\" \/>\n<meta name=\"twitter:card\" content=\"summary_large_image\" \/>\n<script type=\"application\/ld+json\" class=\"yoast-schema-graph\">{\"@context\":\"https:\\\/\\\/schema.org\",\"@graph\":[{\"@type\":\"WebPage\",\"@id\":\"https:\\\/\\\/fleximarkshop-stage.nordlo.it\\\/produkt\\\/flb142-buntband-142x2-4-svart\\\/\",\"url\":\"https:\\\/\\\/fleximarkshop-stage.nordlo.it\\\/produkt\\\/flb142-buntband-142x2-4-svart\\\/\",\"name\":\"FLB142 buntband 142x2.4 svart - FleximarkShop\",\"isPartOf\":{\"@id\":\"https:\\\/\\\/fleximarkshop-stage.nordlo.it\\\/#website\"},\"primaryImageOfPage\":{\"@id\":\"https:\\\/\\\/fleximarkshop-stage.nordlo.it\\\/produkt\\\/flb142-buntband-142x2-4-svart\\\/#primaryimage\"},\"image\":{\"@id\":\"https:\\\/\\\/fleximarkshop-stage.nordlo.it\\\/produkt\\\/flb142-buntband-142x2-4-svart\\\/#primaryimage\"},\"thumbnailUrl\":\"https:\\\/\\\/fleximarkshop-stage.nordlo.it\\\/wp-content\\\/uploads\\\/83259008_1.jpg\",\"datePublished\":\"2015-06-18T10:57:47+00:00\",\"breadcrumb\":{\"@id\":\"https:\\\/\\\/fleximarkshop-stage.nordlo.it\\\/produkt\\\/flb142-buntband-142x2-4-svart\\\/#breadcrumb\"},\"inLanguage\":\"en-US\",\"potentialAction\":[{\"@type\":\"ReadAction\",\"target\":[\"https:\\\/\\\/fleximarkshop-stage.nordlo.it\\\/produkt\\\/flb142-buntband-142x2-4-svart\\\/\"]}]},{\"@type\":\"ImageObject\",\"inLanguage\":\"en-US\",\"@id\":\"https:\\\/\\\/fleximarkshop-stage.nordlo.it\\\/produkt\\\/flb142-buntband-142x2-4-svart\\\/#primaryimage\",\"url\":\"https:\\\/\\\/fleximarkshop-stage.nordlo.it\\\/wp-content\\\/uploads\\\/83259008_1.jpg\",\"contentUrl\":\"https:\\\/\\\/fleximarkshop-stage.nordlo.it\\\/wp-content\\\/uploads\\\/83259008_1.jpg\",\"width\":250,\"height\":250,\"caption\":\"Plastbuntband\"},{\"@type\":\"BreadcrumbList\",\"@id\":\"https:\\\/\\\/fleximarkshop-stage.nordlo.it\\\/produkt\\\/flb142-buntband-142x2-4-svart\\\/#breadcrumb\",\"itemListElement\":[{\"@type\":\"ListItem\",\"position\":1,\"name\":\"Hem\",\"item\":\"https:\\\/\\\/fleximarkshop-stage.nordlo.it\\\/\"},{\"@type\":\"ListItem\",\"position\":2,\"name\":\"Webbutik\",\"item\":\"https:\\\/\\\/fleximarkshop-stage.nordlo.it\\\/butik\\\/\"},{\"@type\":\"ListItem\",\"position\":3,\"name\":\"FLB142 buntband 142&#215;2.4 svart\"}]},{\"@type\":\"WebSite\",\"@id\":\"https:\\\/\\\/fleximarkshop-stage.nordlo.it\\\/#website\",\"url\":\"https:\\\/\\\/fleximarkshop-stage.nordlo.it\\\/\",\"name\":\"FleximarkShop\",\"description\":\"M\u00e4rkning &amp; M\u00e4rksystem online\",\"publisher\":{\"@id\":\"https:\\\/\\\/fleximarkshop-stage.nordlo.it\\\/#organization\"},\"potentialAction\":[{\"@type\":\"SearchAction\",\"target\":{\"@type\":\"EntryPoint\",\"urlTemplate\":\"https:\\\/\\\/fleximarkshop-stage.nordlo.it\\\/?s={search_term_string}\"},\"query-input\":{\"@type\":\"PropertyValueSpecification\",\"valueRequired\":true,\"valueName\":\"search_term_string\"}}],\"inLanguage\":\"en-US\"},{\"@type\":\"Organization\",\"@id\":\"https:\\\/\\\/fleximarkshop-stage.nordlo.it\\\/#organization\",\"name\":\"FleximarkShop\",\"url\":\"https:\\\/\\\/fleximarkshop-stage.nordlo.it\\\/\",\"logo\":{\"@type\":\"ImageObject\",\"inLanguage\":\"en-US\",\"@id\":\"https:\\\/\\\/fleximarkshop-stage.nordlo.it\\\/#\\\/schema\\\/logo\\\/image\\\/\",\"url\":\"https:\\\/\\\/fleximarkshop-stage.nordlo.it\\\/wp-content\\\/uploads\\\/fleximark-logo.png\",\"contentUrl\":\"https:\\\/\\\/fleximarkshop-stage.nordlo.it\\\/wp-content\\\/uploads\\\/fleximark-logo.png\",\"width\":600,\"height\":80,\"caption\":\"FleximarkShop\"},\"image\":{\"@id\":\"https:\\\/\\\/fleximarkshop-stage.nordlo.it\\\/#\\\/schema\\\/logo\\\/image\\\/\"}}]}<\/script>\n<!-- \/ Yoast SEO plugin. -->","yoast_head_json":{"title":"FLB142 buntband 142x2.4 svart - FleximarkShop","robots":{"index":"noindex","follow":"follow","max-snippet":"max-snippet:-1","max-image-preview":"max-image-preview:large","max-video-preview":"max-video-preview:-1"},"og_locale":"en_US","og_type":"article","og_title":"FLB142 buntband 142x2.4 svart - FleximarkShop","og_description":"Tillverkade i naturell (vit) eller svart UV-best\u00e4ndig Polyamid (Nylon). Finns i olika l\u00e4ngder. Kvalitetsbuntband","og_url":"https:\/\/fleximarkshop-stage.nordlo.it\/en\/product\/flb142-buntband-142x2-4-svart\/","og_site_name":"FleximarkShop","og_image":[{"width":250,"height":250,"url":"https:\/\/fleximarkshop-stage.nordlo.it\/wp-content\/uploads\/83259008_1.jpg","type":"image\/jpeg"}],"twitter_card":"summary_large_image","schema":{"@context":"https:\/\/schema.org","@graph":[{"@type":"WebPage","@id":"https:\/\/fleximarkshop-stage.nordlo.it\/produkt\/flb142-buntband-142x2-4-svart\/","url":"https:\/\/fleximarkshop-stage.nordlo.it\/produkt\/flb142-buntband-142x2-4-svart\/","name":"FLB142 buntband 142x2.4 svart - FleximarkShop","isPartOf":{"@id":"https:\/\/fleximarkshop-stage.nordlo.it\/#website"},"primaryImageOfPage":{"@id":"https:\/\/fleximarkshop-stage.nordlo.it\/produkt\/flb142-buntband-142x2-4-svart\/#primaryimage"},"image":{"@id":"https:\/\/fleximarkshop-stage.nordlo.it\/produkt\/flb142-buntband-142x2-4-svart\/#primaryimage"},"thumbnailUrl":"https:\/\/fleximarkshop-stage.nordlo.it\/wp-content\/uploads\/83259008_1.jpg","datePublished":"2015-06-18T10:57:47+00:00","breadcrumb":{"@id":"https:\/\/fleximarkshop-stage.nordlo.it\/produkt\/flb142-buntband-142x2-4-svart\/#breadcrumb"},"inLanguage":"en-US","potentialAction":[{"@type":"ReadAction","target":["https:\/\/fleximarkshop-stage.nordlo.it\/produkt\/flb142-buntband-142x2-4-svart\/"]}]},{"@type":"ImageObject","inLanguage":"en-US","@id":"https:\/\/fleximarkshop-stage.nordlo.it\/produkt\/flb142-buntband-142x2-4-svart\/#primaryimage","url":"https:\/\/fleximarkshop-stage.nordlo.it\/wp-content\/uploads\/83259008_1.jpg","contentUrl":"https:\/\/fleximarkshop-stage.nordlo.it\/wp-content\/uploads\/83259008_1.jpg","width":250,"height":250,"caption":"Plastbuntband"},{"@type":"BreadcrumbList","@id":"https:\/\/fleximarkshop-stage.nordlo.it\/produkt\/flb142-buntband-142x2-4-svart\/#breadcrumb","itemListElement":[{"@type":"ListItem","position":1,"name":"Hem","item":"https:\/\/fleximarkshop-stage.nordlo.it\/"},{"@type":"ListItem","position":2,"name":"Webbutik","item":"https:\/\/fleximarkshop-stage.nordlo.it\/butik\/"},{"@type":"ListItem","position":3,"name":"FLB142 buntband 142&#215;2.4 svart"}]},{"@type":"WebSite","@id":"https:\/\/fleximarkshop-stage.nordlo.it\/#website","url":"https:\/\/fleximarkshop-stage.nordlo.it\/","name":"FleximarkShop","description":"M\u00e4rkning &amp; M\u00e4rksystem online","publisher":{"@id":"https:\/\/fleximarkshop-stage.nordlo.it\/#organization"},"potentialAction":[{"@type":"SearchAction","target":{"@type":"EntryPoint","urlTemplate":"https:\/\/fleximarkshop-stage.nordlo.it\/?s={search_term_string}"},"query-input":{"@type":"PropertyValueSpecification","valueRequired":true,"valueName":"search_term_string"}}],"inLanguage":"en-US"},{"@type":"Organization","@id":"https:\/\/fleximarkshop-stage.nordlo.it\/#organization","name":"FleximarkShop","url":"https:\/\/fleximarkshop-stage.nordlo.it\/","logo":{"@type":"ImageObject","inLanguage":"en-US","@id":"https:\/\/fleximarkshop-stage.nordlo.it\/#\/schema\/logo\/image\/","url":"https:\/\/fleximarkshop-stage.nordlo.it\/wp-content\/uploads\/fleximark-logo.png","contentUrl":"https:\/\/fleximarkshop-stage.nordlo.it\/wp-content\/uploads\/fleximark-logo.png","width":600,"height":80,"caption":"FleximarkShop"},"image":{"@id":"https:\/\/fleximarkshop-stage.nordlo.it\/#\/schema\/logo\/image\/"}}]}},"_links":{"self":[{"href":"https:\/\/fleximarkshop-stage.nordlo.it\/en\/wp-json\/wp\/v2\/product\/201","targetHints":{"allow":["GET"]}}],"collection":[{"href":"https:\/\/fleximarkshop-stage.nordlo.it\/en\/wp-json\/wp\/v2\/product"}],"about":[{"href":"https:\/\/fleximarkshop-stage.nordlo.it\/en\/wp-json\/wp\/v2\/types\/product"}],"wp:featuredmedia":[{"embeddable":true,"href":"https:\/\/fleximarkshop-stage.nordlo.it\/en\/wp-json\/wp\/v2\/media\/200"}],"wp:attachment":[{"href":"https:\/\/fleximarkshop-stage.nordlo.it\/en\/wp-json\/wp\/v2\/media?parent=201"}],"wp:term":[{"taxonomy":"product_brand","embeddable":true,"href":"https:\/\/fleximarkshop-stage.nordlo.it\/en\/wp-json\/wp\/v2\/product_brand?post=201"},{"taxonomy":"product_cat","embeddable":true,"href":"https:\/\/fleximarkshop-stage.nordlo.it\/en\/wp-json\/wp\/v2\/product_cat?post=201"},{"taxonomy":"product_tag","embeddable":true,"href":"https:\/\/fleximarkshop-stage.nordlo.it\/en\/wp-json\/wp\/v2\/product_tag?post=201"}],"curies":[{"name":"wp","href":"https:\/\/api.w.org\/{rel}","templated":true}]}}