{"id":2124,"date":"2015-12-30T13:48:40","date_gmt":"2015-12-30T13:48:40","guid":{"rendered":"https:\/\/fleximark\/produkt\/tacklist-10-1000-mlm-pgs\/"},"modified":"2022-03-28T08:44:09","modified_gmt":"2022-03-28T08:44:09","slug":"tacklist-10-1000-mlm-pgs","status":"publish","type":"product","link":"https:\/\/fleximarkshop-stage.nordlo.it\/en\/product\/tacklist-10-1000-mlm-pgs\/","title":{"rendered":"Cover strip PGS \/ MLM 10-1000"},"content":{"rendered":"<p>Den transparenta t\u00e4cklisten skyddar texten mot p\u00e5frestningar och h\u00e5ller m\u00e4rkningen p\u00e5 plats. T\u00e4cklisten h\u00e5ller m\u00e4rkningen p\u00e5 plats genom att sn\u00e4ppas fast i en PGS-list. Vid behov kan m\u00e4rkningen d\u00e5 \u00e4ven enkelt bytas ut.<\/p>","protected":false},"excerpt":{"rendered":"<ul>\n<li>Den transparenta t\u00e4cklisten skyddar texten mot p\u00e5frestningar och h\u00e5ller m\u00e4rkningen p\u00e5 plats<\/li>\n<li>T\u00e4cklisten h\u00e5ller m\u00e4rkningen p\u00e5 plats genom att sn\u00e4ppas fast i en PGS-list<\/li>\n<li>Vid behov kan m\u00e4rkningen d\u00e5 \u00e4ven enkelt bytas ut.<\/li>\n<\/ul>\n<p><a title=\"T\u00e4cklist produktdatablad\" href=\"https:\/\/fleximarkshop-stage.nordlo.it\/wp-content\/uploads\/DB83250043EN_Plastic_cover_MLMPGS.pdf\" target=\"_blank\" rel=\"noopener\"><span style=\"color: #ff9900;\"><strong>Product data sheet<\/strong><\/span><\/a><\/p>","protected":false},"featured_media":2122,"template":"","meta":{"_acf_changed":false},"product_brand":[],"product_cat":[952,909,903,973,914,962,918],"product_tag":[],"class_list":{"0":"post-2124","1":"product","2":"type-product","3":"status-publish","4":"has-post-thumbnail","6":"product_cat-komponentmarkning","7":"product_cat-markning","8":"product_cat-markprodukter","9":"product_cat-trasp-hylsor-1","10":"product_cat-profiler-hylsor-tecken","11":"product_cat-tackbrickor","12":"product_cat-tillbehor","13":"pa_antal-66","14":"pa_filter_ett-standardmontering","15":"pa_forpackningsenhet-369","16":"pa_langd-442","17":"pa_nav_item_discount_group-813","18":"sales-flash-overlay","19":"woocommerce-text-align-center","20":"woocommerce-image-align-center","21":"do-quantity-buttons","22":"wc-has-gallery","24":"first","25":"instock","26":"taxable","27":"shipping-taxable","28":"purchasable","29":"product-type-simple"},"acf":[],"yoast_head":"<!-- This site is optimized with the Yoast SEO plugin v27.3 - https:\/\/yoast.com\/product\/yoast-seo-wordpress\/ -->\n<title>T\u00e4cklist PGS\/MLM 10-1000 - FleximarkShop<\/title>\n<meta name=\"description\" content=\"T\u00e4cklist PGS\/MLM skyddar texten mot p\u00e5frestningar och h\u00e5ller m\u00e4rkningen p\u00e5 plats, genom att sn\u00e4ppas fast i en PGS-list.\" \/>\n<meta name=\"robots\" content=\"noindex, follow, max-snippet:-1, max-image-preview:large, max-video-preview:-1\" \/>\n<meta property=\"og:locale\" content=\"en_US\" \/>\n<meta property=\"og:type\" content=\"article\" \/>\n<meta property=\"og:title\" content=\"T\u00e4cklist PGS\/MLM 10-1000 - FleximarkShop\" \/>\n<meta property=\"og:description\" content=\"T\u00e4cklist PGS\/MLM skyddar texten mot p\u00e5frestningar och h\u00e5ller m\u00e4rkningen p\u00e5 plats, genom att sn\u00e4ppas fast i en PGS-list.\" \/>\n<meta property=\"og:url\" content=\"https:\/\/fleximarkshop-stage.nordlo.it\/en\/product\/tacklist-10-1000-mlm-pgs\/\" \/>\n<meta property=\"og:site_name\" content=\"FleximarkShop\" \/>\n<meta property=\"article:modified_time\" content=\"2022-03-28T08:44:09+00:00\" \/>\n<meta property=\"og:image\" content=\"https:\/\/fleximarkshop-stage.nordlo.it\/wp-content\/uploads\/83250043.jpg\" \/>\n\t<meta property=\"og:image:width\" content=\"901\" \/>\n\t<meta property=\"og:image:height\" content=\"679\" \/>\n\t<meta property=\"og:image:type\" content=\"image\/jpeg\" \/>\n<meta name=\"twitter:card\" content=\"summary_large_image\" \/>\n<script type=\"application\/ld+json\" class=\"yoast-schema-graph\">{\"@context\":\"https:\\\/\\\/schema.org\",\"@graph\":[{\"@type\":\"WebPage\",\"@id\":\"https:\\\/\\\/fleximarkshop-stage.nordlo.it\\\/produkt\\\/tacklist-10-1000-mlm-pgs\\\/\",\"url\":\"https:\\\/\\\/fleximarkshop-stage.nordlo.it\\\/produkt\\\/tacklist-10-1000-mlm-pgs\\\/\",\"name\":\"T\u00e4cklist PGS\\\/MLM 10-1000 - FleximarkShop\",\"isPartOf\":{\"@id\":\"https:\\\/\\\/fleximarkshop-stage.nordlo.it\\\/#website\"},\"primaryImageOfPage\":{\"@id\":\"https:\\\/\\\/fleximarkshop-stage.nordlo.it\\\/produkt\\\/tacklist-10-1000-mlm-pgs\\\/#primaryimage\"},\"image\":{\"@id\":\"https:\\\/\\\/fleximarkshop-stage.nordlo.it\\\/produkt\\\/tacklist-10-1000-mlm-pgs\\\/#primaryimage\"},\"thumbnailUrl\":\"https:\\\/\\\/fleximarkshop-stage.nordlo.it\\\/wp-content\\\/uploads\\\/83250043.jpg\",\"datePublished\":\"2015-12-30T13:48:40+00:00\",\"dateModified\":\"2022-03-28T08:44:09+00:00\",\"description\":\"T\u00e4cklist PGS\\\/MLM skyddar texten mot p\u00e5frestningar och h\u00e5ller m\u00e4rkningen p\u00e5 plats, genom att sn\u00e4ppas fast i en PGS-list.\",\"breadcrumb\":{\"@id\":\"https:\\\/\\\/fleximarkshop-stage.nordlo.it\\\/produkt\\\/tacklist-10-1000-mlm-pgs\\\/#breadcrumb\"},\"inLanguage\":\"en-US\",\"potentialAction\":[{\"@type\":\"ReadAction\",\"target\":[\"https:\\\/\\\/fleximarkshop-stage.nordlo.it\\\/produkt\\\/tacklist-10-1000-mlm-pgs\\\/\"]}]},{\"@type\":\"ImageObject\",\"inLanguage\":\"en-US\",\"@id\":\"https:\\\/\\\/fleximarkshop-stage.nordlo.it\\\/produkt\\\/tacklist-10-1000-mlm-pgs\\\/#primaryimage\",\"url\":\"https:\\\/\\\/fleximarkshop-stage.nordlo.it\\\/wp-content\\\/uploads\\\/83250043.jpg\",\"contentUrl\":\"https:\\\/\\\/fleximarkshop-stage.nordlo.it\\\/wp-content\\\/uploads\\\/83250043.jpg\",\"width\":901,\"height\":679,\"caption\":\"MLM T\u00e4cklist\"},{\"@type\":\"BreadcrumbList\",\"@id\":\"https:\\\/\\\/fleximarkshop-stage.nordlo.it\\\/produkt\\\/tacklist-10-1000-mlm-pgs\\\/#breadcrumb\",\"itemListElement\":[{\"@type\":\"ListItem\",\"position\":1,\"name\":\"Hem\",\"item\":\"https:\\\/\\\/fleximarkshop-stage.nordlo.it\\\/\"},{\"@type\":\"ListItem\",\"position\":2,\"name\":\"Webbutik\",\"item\":\"https:\\\/\\\/fleximarkshop-stage.nordlo.it\\\/butik\\\/\"},{\"@type\":\"ListItem\",\"position\":3,\"name\":\"T\u00e4cklist PGS\\\/MLM 10-1000\"}]},{\"@type\":\"WebSite\",\"@id\":\"https:\\\/\\\/fleximarkshop-stage.nordlo.it\\\/#website\",\"url\":\"https:\\\/\\\/fleximarkshop-stage.nordlo.it\\\/\",\"name\":\"FleximarkShop\",\"description\":\"M\u00e4rkning &amp; M\u00e4rksystem online\",\"publisher\":{\"@id\":\"https:\\\/\\\/fleximarkshop-stage.nordlo.it\\\/#organization\"},\"potentialAction\":[{\"@type\":\"SearchAction\",\"target\":{\"@type\":\"EntryPoint\",\"urlTemplate\":\"https:\\\/\\\/fleximarkshop-stage.nordlo.it\\\/?s={search_term_string}\"},\"query-input\":{\"@type\":\"PropertyValueSpecification\",\"valueRequired\":true,\"valueName\":\"search_term_string\"}}],\"inLanguage\":\"en-US\"},{\"@type\":\"Organization\",\"@id\":\"https:\\\/\\\/fleximarkshop-stage.nordlo.it\\\/#organization\",\"name\":\"FleximarkShop\",\"url\":\"https:\\\/\\\/fleximarkshop-stage.nordlo.it\\\/\",\"logo\":{\"@type\":\"ImageObject\",\"inLanguage\":\"en-US\",\"@id\":\"https:\\\/\\\/fleximarkshop-stage.nordlo.it\\\/#\\\/schema\\\/logo\\\/image\\\/\",\"url\":\"https:\\\/\\\/fleximarkshop-stage.nordlo.it\\\/wp-content\\\/uploads\\\/fleximark-logo.png\",\"contentUrl\":\"https:\\\/\\\/fleximarkshop-stage.nordlo.it\\\/wp-content\\\/uploads\\\/fleximark-logo.png\",\"width\":600,\"height\":80,\"caption\":\"FleximarkShop\"},\"image\":{\"@id\":\"https:\\\/\\\/fleximarkshop-stage.nordlo.it\\\/#\\\/schema\\\/logo\\\/image\\\/\"}}]}<\/script>\n<!-- \/ Yoast SEO plugin. -->","yoast_head_json":{"title":"T\u00e4cklist PGS\/MLM 10-1000 - FleximarkShop","description":"T\u00e4cklist PGS\/MLM skyddar texten mot p\u00e5frestningar och h\u00e5ller m\u00e4rkningen p\u00e5 plats, genom att sn\u00e4ppas fast i en PGS-list.","robots":{"index":"noindex","follow":"follow","max-snippet":"max-snippet:-1","max-image-preview":"max-image-preview:large","max-video-preview":"max-video-preview:-1"},"og_locale":"en_US","og_type":"article","og_title":"T\u00e4cklist PGS\/MLM 10-1000 - FleximarkShop","og_description":"T\u00e4cklist PGS\/MLM skyddar texten mot p\u00e5frestningar och h\u00e5ller m\u00e4rkningen p\u00e5 plats, genom att sn\u00e4ppas fast i en PGS-list.","og_url":"https:\/\/fleximarkshop-stage.nordlo.it\/en\/product\/tacklist-10-1000-mlm-pgs\/","og_site_name":"FleximarkShop","article_modified_time":"2022-03-28T08:44:09+00:00","og_image":[{"width":901,"height":679,"url":"https:\/\/fleximarkshop-stage.nordlo.it\/wp-content\/uploads\/83250043.jpg","type":"image\/jpeg"}],"twitter_card":"summary_large_image","schema":{"@context":"https:\/\/schema.org","@graph":[{"@type":"WebPage","@id":"https:\/\/fleximarkshop-stage.nordlo.it\/produkt\/tacklist-10-1000-mlm-pgs\/","url":"https:\/\/fleximarkshop-stage.nordlo.it\/produkt\/tacklist-10-1000-mlm-pgs\/","name":"T\u00e4cklist PGS\/MLM 10-1000 - FleximarkShop","isPartOf":{"@id":"https:\/\/fleximarkshop-stage.nordlo.it\/#website"},"primaryImageOfPage":{"@id":"https:\/\/fleximarkshop-stage.nordlo.it\/produkt\/tacklist-10-1000-mlm-pgs\/#primaryimage"},"image":{"@id":"https:\/\/fleximarkshop-stage.nordlo.it\/produkt\/tacklist-10-1000-mlm-pgs\/#primaryimage"},"thumbnailUrl":"https:\/\/fleximarkshop-stage.nordlo.it\/wp-content\/uploads\/83250043.jpg","datePublished":"2015-12-30T13:48:40+00:00","dateModified":"2022-03-28T08:44:09+00:00","description":"T\u00e4cklist PGS\/MLM skyddar texten mot p\u00e5frestningar och h\u00e5ller m\u00e4rkningen p\u00e5 plats, genom att sn\u00e4ppas fast i en PGS-list.","breadcrumb":{"@id":"https:\/\/fleximarkshop-stage.nordlo.it\/produkt\/tacklist-10-1000-mlm-pgs\/#breadcrumb"},"inLanguage":"en-US","potentialAction":[{"@type":"ReadAction","target":["https:\/\/fleximarkshop-stage.nordlo.it\/produkt\/tacklist-10-1000-mlm-pgs\/"]}]},{"@type":"ImageObject","inLanguage":"en-US","@id":"https:\/\/fleximarkshop-stage.nordlo.it\/produkt\/tacklist-10-1000-mlm-pgs\/#primaryimage","url":"https:\/\/fleximarkshop-stage.nordlo.it\/wp-content\/uploads\/83250043.jpg","contentUrl":"https:\/\/fleximarkshop-stage.nordlo.it\/wp-content\/uploads\/83250043.jpg","width":901,"height":679,"caption":"MLM T\u00e4cklist"},{"@type":"BreadcrumbList","@id":"https:\/\/fleximarkshop-stage.nordlo.it\/produkt\/tacklist-10-1000-mlm-pgs\/#breadcrumb","itemListElement":[{"@type":"ListItem","position":1,"name":"Hem","item":"https:\/\/fleximarkshop-stage.nordlo.it\/"},{"@type":"ListItem","position":2,"name":"Webbutik","item":"https:\/\/fleximarkshop-stage.nordlo.it\/butik\/"},{"@type":"ListItem","position":3,"name":"T\u00e4cklist PGS\/MLM 10-1000"}]},{"@type":"WebSite","@id":"https:\/\/fleximarkshop-stage.nordlo.it\/#website","url":"https:\/\/fleximarkshop-stage.nordlo.it\/","name":"FleximarkShop","description":"M\u00e4rkning &amp; M\u00e4rksystem online","publisher":{"@id":"https:\/\/fleximarkshop-stage.nordlo.it\/#organization"},"potentialAction":[{"@type":"SearchAction","target":{"@type":"EntryPoint","urlTemplate":"https:\/\/fleximarkshop-stage.nordlo.it\/?s={search_term_string}"},"query-input":{"@type":"PropertyValueSpecification","valueRequired":true,"valueName":"search_term_string"}}],"inLanguage":"en-US"},{"@type":"Organization","@id":"https:\/\/fleximarkshop-stage.nordlo.it\/#organization","name":"FleximarkShop","url":"https:\/\/fleximarkshop-stage.nordlo.it\/","logo":{"@type":"ImageObject","inLanguage":"en-US","@id":"https:\/\/fleximarkshop-stage.nordlo.it\/#\/schema\/logo\/image\/","url":"https:\/\/fleximarkshop-stage.nordlo.it\/wp-content\/uploads\/fleximark-logo.png","contentUrl":"https:\/\/fleximarkshop-stage.nordlo.it\/wp-content\/uploads\/fleximark-logo.png","width":600,"height":80,"caption":"FleximarkShop"},"image":{"@id":"https:\/\/fleximarkshop-stage.nordlo.it\/#\/schema\/logo\/image\/"}}]}},"_links":{"self":[{"href":"https:\/\/fleximarkshop-stage.nordlo.it\/en\/wp-json\/wp\/v2\/product\/2124","targetHints":{"allow":["GET"]}}],"collection":[{"href":"https:\/\/fleximarkshop-stage.nordlo.it\/en\/wp-json\/wp\/v2\/product"}],"about":[{"href":"https:\/\/fleximarkshop-stage.nordlo.it\/en\/wp-json\/wp\/v2\/types\/product"}],"wp:featuredmedia":[{"embeddable":true,"href":"https:\/\/fleximarkshop-stage.nordlo.it\/en\/wp-json\/wp\/v2\/media\/2122"}],"wp:attachment":[{"href":"https:\/\/fleximarkshop-stage.nordlo.it\/en\/wp-json\/wp\/v2\/media?parent=2124"}],"wp:term":[{"taxonomy":"product_brand","embeddable":true,"href":"https:\/\/fleximarkshop-stage.nordlo.it\/en\/wp-json\/wp\/v2\/product_brand?post=2124"},{"taxonomy":"product_cat","embeddable":true,"href":"https:\/\/fleximarkshop-stage.nordlo.it\/en\/wp-json\/wp\/v2\/product_cat?post=2124"},{"taxonomy":"product_tag","embeddable":true,"href":"https:\/\/fleximarkshop-stage.nordlo.it\/en\/wp-json\/wp\/v2\/product_tag?post=2124"}],"curies":[{"name":"wp","href":"https:\/\/api.w.org\/{rel}","templated":true}]}}