{"id":2130,"date":"2015-12-30T13:59:51","date_gmt":"2015-12-30T13:59:51","guid":{"rendered":"https:\/\/fleximark\/produkt\/hylsa-sjalvh-15mm-tr\/"},"modified":"2022-02-09T09:16:57","modified_gmt":"2022-02-09T09:16:57","slug":"hylsa-sjalvh-15mm-tr","status":"publish","type":"product","link":"https:\/\/fleximarkshop-stage.nordlo.it\/en\/product\/hylsa-sjalvh-15mm-tr\/","title":{"rendered":"Hylsa sj\u00e4lvh. 15mm TR"},"content":{"rendered":"<p>Tillsammans med TMB m\u00e4rkbrickor och LMB etiketter blir detta en p\u00e5litlig m\u00e4rkningsl\u00f6sning. Komponenthylsan \u00e4r sj\u00e4lvh\u00e4ftande med ett effektivt skrapskydd, vilket g\u00f6r att m\u00e4rkningen klarar de flesta milj\u00f6p\u00e5frestningar.<\/p>\n<p><b>Material: <\/b>PVC \/ PVC\/ACR<br \/>\n<b>Brandklass:<\/b> UL-94 V0<br \/>\n<b>Operating temperature:<\/b>-50 \u00b0 C to + 80 \u00b0 C<\/p>","protected":false},"excerpt":{"rendered":"<p>Sj\u00e4lvh\u00e4ftande m\u00e4rkhylsan kan monteras p\u00e5 platser d\u00e4r skruvmontering inte \u00e4r m\u00f6jligt.<br \/>\nI hylsan kan TMB m\u00e4rkbrickor, LMB etiketter och Trasp Teckenremsor monteras<\/p>","protected":false},"featured_media":2129,"template":"","meta":{"_acf_changed":false},"product_brand":[],"product_cat":[970,914],"product_tag":[],"class_list":{"0":"post-2130","1":"product","2":"type-product","3":"status-publish","4":"has-post-thumbnail","6":"product_cat-rostfria-tecken-1","7":"product_cat-profiler-hylsor-tecken","8":"pa_antal-107","9":"pa_forpackningsenhet-369","10":"pa_langd-451","11":"pa_nav_item_discount_group-816","12":"sales-flash-overlay","13":"woocommerce-text-align-center","14":"woocommerce-image-align-center","15":"do-quantity-buttons","16":"wc-has-gallery","18":"first","19":"onbackorder","20":"taxable","21":"shipping-taxable","22":"purchasable","23":"product-type-simple"},"acf":[],"yoast_head":"<!-- This site is optimized with the Yoast SEO plugin v27.3 - https:\/\/yoast.com\/product\/yoast-seo-wordpress\/ -->\n<title>Hylsa sj\u00e4lvh. 15mm TR - FleximarkShop<\/title>\n<meta name=\"description\" content=\"Sj\u00e4lvh\u00e4ftande hylsa f\u00f6r komponentm\u00e4rkning. anv\u00e4nds ihop med TMB m\u00e4rkbrickor och LMB etiketter.\" \/>\n<meta name=\"robots\" content=\"noindex, follow, max-snippet:-1, max-image-preview:large, max-video-preview:-1\" \/>\n<meta property=\"og:locale\" content=\"en_US\" \/>\n<meta property=\"og:type\" content=\"article\" \/>\n<meta property=\"og:title\" content=\"Hylsa sj\u00e4lvh. 15mm TR - FleximarkShop\" \/>\n<meta property=\"og:description\" content=\"Sj\u00e4lvh\u00e4ftande hylsa f\u00f6r komponentm\u00e4rkning. anv\u00e4nds ihop med TMB m\u00e4rkbrickor och LMB etiketter.\" \/>\n<meta property=\"og:url\" content=\"https:\/\/fleximarkshop-stage.nordlo.it\/en\/product\/hylsa-sjalvh-15mm-tr\/\" \/>\n<meta property=\"og:site_name\" content=\"FleximarkShop\" \/>\n<meta property=\"article:modified_time\" content=\"2022-02-09T09:16:57+00:00\" \/>\n<meta property=\"og:image\" content=\"https:\/\/fleximarkshop-stage.nordlo.it\/wp-content\/uploads\/83290194.jpg\" \/>\n\t<meta property=\"og:image:width\" content=\"750\" \/>\n\t<meta property=\"og:image:height\" content=\"654\" \/>\n\t<meta property=\"og:image:type\" content=\"image\/jpeg\" \/>\n<meta name=\"twitter:card\" content=\"summary_large_image\" \/>\n<meta name=\"twitter:label1\" content=\"Est. reading time\" \/>\n\t<meta name=\"twitter:data1\" content=\"1 minute\" \/>\n<script type=\"application\/ld+json\" class=\"yoast-schema-graph\">{\"@context\":\"https:\\\/\\\/schema.org\",\"@graph\":[{\"@type\":\"WebPage\",\"@id\":\"https:\\\/\\\/fleximarkshop-stage.nordlo.it\\\/produkt\\\/hylsa-sjalvh-15mm-tr\\\/\",\"url\":\"https:\\\/\\\/fleximarkshop-stage.nordlo.it\\\/produkt\\\/hylsa-sjalvh-15mm-tr\\\/\",\"name\":\"Hylsa sj\u00e4lvh. 15mm TR - FleximarkShop\",\"isPartOf\":{\"@id\":\"https:\\\/\\\/fleximarkshop-stage.nordlo.it\\\/#website\"},\"primaryImageOfPage\":{\"@id\":\"https:\\\/\\\/fleximarkshop-stage.nordlo.it\\\/produkt\\\/hylsa-sjalvh-15mm-tr\\\/#primaryimage\"},\"image\":{\"@id\":\"https:\\\/\\\/fleximarkshop-stage.nordlo.it\\\/produkt\\\/hylsa-sjalvh-15mm-tr\\\/#primaryimage\"},\"thumbnailUrl\":\"https:\\\/\\\/fleximarkshop-stage.nordlo.it\\\/wp-content\\\/uploads\\\/83290194.jpg\",\"datePublished\":\"2015-12-30T13:59:51+00:00\",\"dateModified\":\"2022-02-09T09:16:57+00:00\",\"description\":\"Sj\u00e4lvh\u00e4ftande hylsa f\u00f6r komponentm\u00e4rkning. anv\u00e4nds ihop med TMB m\u00e4rkbrickor och LMB etiketter.\",\"breadcrumb\":{\"@id\":\"https:\\\/\\\/fleximarkshop-stage.nordlo.it\\\/produkt\\\/hylsa-sjalvh-15mm-tr\\\/#breadcrumb\"},\"inLanguage\":\"en-US\",\"potentialAction\":[{\"@type\":\"ReadAction\",\"target\":[\"https:\\\/\\\/fleximarkshop-stage.nordlo.it\\\/produkt\\\/hylsa-sjalvh-15mm-tr\\\/\"]}]},{\"@type\":\"ImageObject\",\"inLanguage\":\"en-US\",\"@id\":\"https:\\\/\\\/fleximarkshop-stage.nordlo.it\\\/produkt\\\/hylsa-sjalvh-15mm-tr\\\/#primaryimage\",\"url\":\"https:\\\/\\\/fleximarkshop-stage.nordlo.it\\\/wp-content\\\/uploads\\\/83290194.jpg\",\"contentUrl\":\"https:\\\/\\\/fleximarkshop-stage.nordlo.it\\\/wp-content\\\/uploads\\\/83290194.jpg\",\"width\":750,\"height\":654,\"caption\":\"Sj\u00e4lvh\u00e4ftand komponenthylsa\"},{\"@type\":\"BreadcrumbList\",\"@id\":\"https:\\\/\\\/fleximarkshop-stage.nordlo.it\\\/produkt\\\/hylsa-sjalvh-15mm-tr\\\/#breadcrumb\",\"itemListElement\":[{\"@type\":\"ListItem\",\"position\":1,\"name\":\"Hem\",\"item\":\"https:\\\/\\\/fleximarkshop-stage.nordlo.it\\\/\"},{\"@type\":\"ListItem\",\"position\":2,\"name\":\"Webbutik\",\"item\":\"https:\\\/\\\/fleximarkshop-stage.nordlo.it\\\/butik\\\/\"},{\"@type\":\"ListItem\",\"position\":3,\"name\":\"Hylsa sj\u00e4lvh. 15mm TR\"}]},{\"@type\":\"WebSite\",\"@id\":\"https:\\\/\\\/fleximarkshop-stage.nordlo.it\\\/#website\",\"url\":\"https:\\\/\\\/fleximarkshop-stage.nordlo.it\\\/\",\"name\":\"FleximarkShop\",\"description\":\"M\u00e4rkning &amp; M\u00e4rksystem online\",\"publisher\":{\"@id\":\"https:\\\/\\\/fleximarkshop-stage.nordlo.it\\\/#organization\"},\"potentialAction\":[{\"@type\":\"SearchAction\",\"target\":{\"@type\":\"EntryPoint\",\"urlTemplate\":\"https:\\\/\\\/fleximarkshop-stage.nordlo.it\\\/?s={search_term_string}\"},\"query-input\":{\"@type\":\"PropertyValueSpecification\",\"valueRequired\":true,\"valueName\":\"search_term_string\"}}],\"inLanguage\":\"en-US\"},{\"@type\":\"Organization\",\"@id\":\"https:\\\/\\\/fleximarkshop-stage.nordlo.it\\\/#organization\",\"name\":\"FleximarkShop\",\"url\":\"https:\\\/\\\/fleximarkshop-stage.nordlo.it\\\/\",\"logo\":{\"@type\":\"ImageObject\",\"inLanguage\":\"en-US\",\"@id\":\"https:\\\/\\\/fleximarkshop-stage.nordlo.it\\\/#\\\/schema\\\/logo\\\/image\\\/\",\"url\":\"https:\\\/\\\/fleximarkshop-stage.nordlo.it\\\/wp-content\\\/uploads\\\/fleximark-logo.png\",\"contentUrl\":\"https:\\\/\\\/fleximarkshop-stage.nordlo.it\\\/wp-content\\\/uploads\\\/fleximark-logo.png\",\"width\":600,\"height\":80,\"caption\":\"FleximarkShop\"},\"image\":{\"@id\":\"https:\\\/\\\/fleximarkshop-stage.nordlo.it\\\/#\\\/schema\\\/logo\\\/image\\\/\"}}]}<\/script>\n<!-- \/ Yoast SEO plugin. -->","yoast_head_json":{"title":"Hylsa sj\u00e4lvh. 15mm TR - FleximarkShop","description":"Sj\u00e4lvh\u00e4ftande hylsa f\u00f6r komponentm\u00e4rkning. anv\u00e4nds ihop med TMB m\u00e4rkbrickor och LMB etiketter.","robots":{"index":"noindex","follow":"follow","max-snippet":"max-snippet:-1","max-image-preview":"max-image-preview:large","max-video-preview":"max-video-preview:-1"},"og_locale":"en_US","og_type":"article","og_title":"Hylsa sj\u00e4lvh. 15mm TR - FleximarkShop","og_description":"Sj\u00e4lvh\u00e4ftande hylsa f\u00f6r komponentm\u00e4rkning. anv\u00e4nds ihop med TMB m\u00e4rkbrickor och LMB etiketter.","og_url":"https:\/\/fleximarkshop-stage.nordlo.it\/en\/product\/hylsa-sjalvh-15mm-tr\/","og_site_name":"FleximarkShop","article_modified_time":"2022-02-09T09:16:57+00:00","og_image":[{"width":750,"height":654,"url":"https:\/\/fleximarkshop-stage.nordlo.it\/wp-content\/uploads\/83290194.jpg","type":"image\/jpeg"}],"twitter_card":"summary_large_image","twitter_misc":{"Est. reading time":"1 minute"},"schema":{"@context":"https:\/\/schema.org","@graph":[{"@type":"WebPage","@id":"https:\/\/fleximarkshop-stage.nordlo.it\/produkt\/hylsa-sjalvh-15mm-tr\/","url":"https:\/\/fleximarkshop-stage.nordlo.it\/produkt\/hylsa-sjalvh-15mm-tr\/","name":"Hylsa sj\u00e4lvh. 15mm TR - FleximarkShop","isPartOf":{"@id":"https:\/\/fleximarkshop-stage.nordlo.it\/#website"},"primaryImageOfPage":{"@id":"https:\/\/fleximarkshop-stage.nordlo.it\/produkt\/hylsa-sjalvh-15mm-tr\/#primaryimage"},"image":{"@id":"https:\/\/fleximarkshop-stage.nordlo.it\/produkt\/hylsa-sjalvh-15mm-tr\/#primaryimage"},"thumbnailUrl":"https:\/\/fleximarkshop-stage.nordlo.it\/wp-content\/uploads\/83290194.jpg","datePublished":"2015-12-30T13:59:51+00:00","dateModified":"2022-02-09T09:16:57+00:00","description":"Sj\u00e4lvh\u00e4ftande hylsa f\u00f6r komponentm\u00e4rkning. anv\u00e4nds ihop med TMB m\u00e4rkbrickor och LMB etiketter.","breadcrumb":{"@id":"https:\/\/fleximarkshop-stage.nordlo.it\/produkt\/hylsa-sjalvh-15mm-tr\/#breadcrumb"},"inLanguage":"en-US","potentialAction":[{"@type":"ReadAction","target":["https:\/\/fleximarkshop-stage.nordlo.it\/produkt\/hylsa-sjalvh-15mm-tr\/"]}]},{"@type":"ImageObject","inLanguage":"en-US","@id":"https:\/\/fleximarkshop-stage.nordlo.it\/produkt\/hylsa-sjalvh-15mm-tr\/#primaryimage","url":"https:\/\/fleximarkshop-stage.nordlo.it\/wp-content\/uploads\/83290194.jpg","contentUrl":"https:\/\/fleximarkshop-stage.nordlo.it\/wp-content\/uploads\/83290194.jpg","width":750,"height":654,"caption":"Sj\u00e4lvh\u00e4ftand komponenthylsa"},{"@type":"BreadcrumbList","@id":"https:\/\/fleximarkshop-stage.nordlo.it\/produkt\/hylsa-sjalvh-15mm-tr\/#breadcrumb","itemListElement":[{"@type":"ListItem","position":1,"name":"Hem","item":"https:\/\/fleximarkshop-stage.nordlo.it\/"},{"@type":"ListItem","position":2,"name":"Webbutik","item":"https:\/\/fleximarkshop-stage.nordlo.it\/butik\/"},{"@type":"ListItem","position":3,"name":"Hylsa sj\u00e4lvh. 15mm TR"}]},{"@type":"WebSite","@id":"https:\/\/fleximarkshop-stage.nordlo.it\/#website","url":"https:\/\/fleximarkshop-stage.nordlo.it\/","name":"FleximarkShop","description":"M\u00e4rkning &amp; M\u00e4rksystem online","publisher":{"@id":"https:\/\/fleximarkshop-stage.nordlo.it\/#organization"},"potentialAction":[{"@type":"SearchAction","target":{"@type":"EntryPoint","urlTemplate":"https:\/\/fleximarkshop-stage.nordlo.it\/?s={search_term_string}"},"query-input":{"@type":"PropertyValueSpecification","valueRequired":true,"valueName":"search_term_string"}}],"inLanguage":"en-US"},{"@type":"Organization","@id":"https:\/\/fleximarkshop-stage.nordlo.it\/#organization","name":"FleximarkShop","url":"https:\/\/fleximarkshop-stage.nordlo.it\/","logo":{"@type":"ImageObject","inLanguage":"en-US","@id":"https:\/\/fleximarkshop-stage.nordlo.it\/#\/schema\/logo\/image\/","url":"https:\/\/fleximarkshop-stage.nordlo.it\/wp-content\/uploads\/fleximark-logo.png","contentUrl":"https:\/\/fleximarkshop-stage.nordlo.it\/wp-content\/uploads\/fleximark-logo.png","width":600,"height":80,"caption":"FleximarkShop"},"image":{"@id":"https:\/\/fleximarkshop-stage.nordlo.it\/#\/schema\/logo\/image\/"}}]}},"_links":{"self":[{"href":"https:\/\/fleximarkshop-stage.nordlo.it\/en\/wp-json\/wp\/v2\/product\/2130","targetHints":{"allow":["GET"]}}],"collection":[{"href":"https:\/\/fleximarkshop-stage.nordlo.it\/en\/wp-json\/wp\/v2\/product"}],"about":[{"href":"https:\/\/fleximarkshop-stage.nordlo.it\/en\/wp-json\/wp\/v2\/types\/product"}],"wp:featuredmedia":[{"embeddable":true,"href":"https:\/\/fleximarkshop-stage.nordlo.it\/en\/wp-json\/wp\/v2\/media\/2129"}],"wp:attachment":[{"href":"https:\/\/fleximarkshop-stage.nordlo.it\/en\/wp-json\/wp\/v2\/media?parent=2130"}],"wp:term":[{"taxonomy":"product_brand","embeddable":true,"href":"https:\/\/fleximarkshop-stage.nordlo.it\/en\/wp-json\/wp\/v2\/product_brand?post=2130"},{"taxonomy":"product_cat","embeddable":true,"href":"https:\/\/fleximarkshop-stage.nordlo.it\/en\/wp-json\/wp\/v2\/product_cat?post=2130"},{"taxonomy":"product_tag","embeddable":true,"href":"https:\/\/fleximarkshop-stage.nordlo.it\/en\/wp-json\/wp\/v2\/product_tag?post=2130"}],"curies":[{"name":"wp","href":"https:\/\/api.w.org\/{rel}","templated":true}]}}