{"id":2167,"date":"2016-01-18T15:28:51","date_gmt":"2016-01-18T15:28:51","guid":{"rendered":"https:\/\/fleximark\/produkt\/syrafasta-teckenhallare-m\/"},"modified":"2022-02-14T11:41:51","modified_gmt":"2022-02-14T11:41:51","slug":"syrafasta-teckenhallare-m","status":"publish","type":"product","link":"https:\/\/fleximarkshop-stage.nordlo.it\/en\/product\/syrafasta-teckenhallare-m\/","title":{"rendered":"Acid-resistant stainless steel character holder M"},"content":{"rendered":"<p>Syrafast m\u00e4rkning \u00e4r ett industriellt system f\u00f6r m\u00e4rkning av kablar, r\u00f6r och utrustningar i kr\u00e4vande och aggressiva milj\u00f6er.<br \/>\nM\u00e4rksystemet best\u00e5r av teckenremsor, h\u00e5llare och buntband; allt tillverkat i rostfritt syrafast st\u00e5l SS2348 (AISI-316).<strong><br \/>\n<strong>H\u00f6jd: <\/strong>11 mm<br \/>\n<strong>Operating temperature:<\/strong> = 500\u00b0C<br \/>\n<strong>Skruvh\u00e5l: <\/strong>3.0 mm<br \/>\n<strong>F\u00f6rpackning:<\/strong> 50 st\/p\u00e5se<\/strong><\/p>\n<p><strong>Godk\u00e4nnande:\u00a0<img decoding=\"async\" class=\"size-full wp-image-41\" style=\"vertical-align: middle;\" src=\"https:\/\/fleximarkshop-stage.nordlo.it\/wp-content\/uploads\/bvb-logo-transparent.png\" alt=\"Byggvarubed\u00f6mningen\" width=\"120\" srcset=\"https:\/\/fleximarkshop-stage.nordlo.it\/wp-content\/uploads\/bvb-logo-transparent.png 1280w, https:\/\/fleximarkshop-stage.nordlo.it\/wp-content\/uploads\/bvb-logo-transparent-600x90.png 600w, https:\/\/fleximarkshop-stage.nordlo.it\/wp-content\/uploads\/bvb-logo-transparent-300x45.png 300w, https:\/\/fleximarkshop-stage.nordlo.it\/wp-content\/uploads\/bvb-logo-transparent-1024x154.png 1024w, https:\/\/fleximarkshop-stage.nordlo.it\/wp-content\/uploads\/bvb-logo-transparent-768x115.png 768w\" sizes=\"(max-width: 1280px) 100vw, 1280px\" \/><\/strong><\/p>","protected":false},"excerpt":{"rendered":"<p>\u2022 F\u00f6r komponentm\u00e4rkning<br \/>\n\u2022 Anv\u00e4nds i kr\u00e4vande och aggressiva milj\u00f6er<br \/>\n\u2022 Teckenh\u00e5llare M f\u00e4stes med skruvar<br \/>\n\u2022 Tillverkat i rostfritt syrafast st\u00e5l enligt EN 1.4404 (SS2348, AISI-316L)<\/p>\n<p><a title=\"rostfri teckenh\u00e5llare produktdatablad\" href=\"https:\/\/fleximarkshop-stage.nordlo.it\/wp-content\/uploads\/DB83251402EN_FLEXIMARK_Stainless_steel_Character_strips_holders_lorez.pdf\" target=\"_blank\" rel=\"noopener\"><span style=\"color: #ff9900; font-size: small;\"><strong>Product data sheet<\/strong><\/span><\/a><\/p>","protected":false},"featured_media":2166,"template":"","meta":{"_acf_changed":false},"product_brand":[],"product_cat":[952,903,973,914,948],"product_tag":[],"class_list":{"0":"post-2167","1":"product","2":"type-product","3":"status-publish","4":"has-post-thumbnail","6":"product_cat-komponentmarkning","7":"product_cat-markprodukter","8":"product_cat-trasp-hylsor-1","9":"product_cat-profiler-hylsor-tecken","10":"product_cat-rostfria-profiler","11":"pa_filter_ett-standardmontering","12":"pa_forpackningsenhet-369","13":"sales-flash-overlay","14":"woocommerce-text-align-center","15":"woocommerce-image-align-center","16":"do-quantity-buttons","17":"wc-has-gallery","19":"first","20":"instock","21":"taxable","22":"shipping-taxable","23":"product-type-grouped"},"acf":[],"yoast_head":"<!-- This site is optimized with the Yoast SEO plugin v27.3 - https:\/\/yoast.com\/product\/yoast-seo-wordpress\/ -->\n<title>Syrafast rostfri teckenh\u00e5llare M - FleximarkShop<\/title>\n<meta name=\"description\" content=\"Syrafast rostfri teckenh\u00e5llare M f\u00f6r komponentm\u00e4rkning med Fleximarks syrafasta rostfria m\u00e4rksystem. H\u00e5llaren f\u00e4stes med skruv.\" \/>\n<meta name=\"robots\" content=\"noindex, follow, max-snippet:-1, max-image-preview:large, max-video-preview:-1\" \/>\n<meta property=\"og:locale\" content=\"en_US\" \/>\n<meta property=\"og:type\" content=\"article\" \/>\n<meta property=\"og:title\" content=\"Syrafast rostfri teckenh\u00e5llare M - FleximarkShop\" \/>\n<meta property=\"og:description\" content=\"Syrafast rostfri teckenh\u00e5llare M f\u00f6r komponentm\u00e4rkning med Fleximarks syrafasta rostfria m\u00e4rksystem. H\u00e5llaren f\u00e4stes med skruv.\" \/>\n<meta property=\"og:url\" content=\"https:\/\/fleximarkshop-stage.nordlo.it\/en\/product\/syrafasta-teckenhallare-m\/\" \/>\n<meta property=\"og:site_name\" content=\"FleximarkShop\" \/>\n<meta property=\"article:modified_time\" content=\"2022-02-14T11:41:51+00:00\" \/>\n<meta property=\"og:image\" content=\"https:\/\/fleximarkshop-stage.nordlo.it\/wp-content\/uploads\/SYRAFAST_H_LLARE_M.jpg\" \/>\n\t<meta property=\"og:image:width\" content=\"1048\" \/>\n\t<meta property=\"og:image:height\" content=\"1048\" \/>\n\t<meta property=\"og:image:type\" content=\"image\/jpeg\" \/>\n<meta name=\"twitter:card\" content=\"summary_large_image\" \/>\n<script type=\"application\/ld+json\" class=\"yoast-schema-graph\">{\"@context\":\"https:\\\/\\\/schema.org\",\"@graph\":[{\"@type\":\"WebPage\",\"@id\":\"https:\\\/\\\/fleximarkshop-stage.nordlo.it\\\/produkt\\\/syrafasta-teckenhallare-m\\\/\",\"url\":\"https:\\\/\\\/fleximarkshop-stage.nordlo.it\\\/produkt\\\/syrafasta-teckenhallare-m\\\/\",\"name\":\"Syrafast rostfri teckenh\u00e5llare M - FleximarkShop\",\"isPartOf\":{\"@id\":\"https:\\\/\\\/fleximarkshop-stage.nordlo.it\\\/#website\"},\"primaryImageOfPage\":{\"@id\":\"https:\\\/\\\/fleximarkshop-stage.nordlo.it\\\/produkt\\\/syrafasta-teckenhallare-m\\\/#primaryimage\"},\"image\":{\"@id\":\"https:\\\/\\\/fleximarkshop-stage.nordlo.it\\\/produkt\\\/syrafasta-teckenhallare-m\\\/#primaryimage\"},\"thumbnailUrl\":\"https:\\\/\\\/fleximarkshop-stage.nordlo.it\\\/wp-content\\\/uploads\\\/SYRAFAST_H_LLARE_M.jpg\",\"datePublished\":\"2016-01-18T15:28:51+00:00\",\"dateModified\":\"2022-02-14T11:41:51+00:00\",\"description\":\"Syrafast rostfri teckenh\u00e5llare M f\u00f6r komponentm\u00e4rkning med Fleximarks syrafasta rostfria m\u00e4rksystem. H\u00e5llaren f\u00e4stes med skruv.\",\"breadcrumb\":{\"@id\":\"https:\\\/\\\/fleximarkshop-stage.nordlo.it\\\/produkt\\\/syrafasta-teckenhallare-m\\\/#breadcrumb\"},\"inLanguage\":\"en-US\",\"potentialAction\":[{\"@type\":\"ReadAction\",\"target\":[\"https:\\\/\\\/fleximarkshop-stage.nordlo.it\\\/produkt\\\/syrafasta-teckenhallare-m\\\/\"]}]},{\"@type\":\"ImageObject\",\"inLanguage\":\"en-US\",\"@id\":\"https:\\\/\\\/fleximarkshop-stage.nordlo.it\\\/produkt\\\/syrafasta-teckenhallare-m\\\/#primaryimage\",\"url\":\"https:\\\/\\\/fleximarkshop-stage.nordlo.it\\\/wp-content\\\/uploads\\\/SYRAFAST_H_LLARE_M.jpg\",\"contentUrl\":\"https:\\\/\\\/fleximarkshop-stage.nordlo.it\\\/wp-content\\\/uploads\\\/SYRAFAST_H_LLARE_M.jpg\",\"width\":1048,\"height\":1048,\"caption\":\"Syrafast teckenh\u00e5llare M\"},{\"@type\":\"BreadcrumbList\",\"@id\":\"https:\\\/\\\/fleximarkshop-stage.nordlo.it\\\/produkt\\\/syrafasta-teckenhallare-m\\\/#breadcrumb\",\"itemListElement\":[{\"@type\":\"ListItem\",\"position\":1,\"name\":\"Hem\",\"item\":\"https:\\\/\\\/fleximarkshop-stage.nordlo.it\\\/\"},{\"@type\":\"ListItem\",\"position\":2,\"name\":\"Webbutik\",\"item\":\"https:\\\/\\\/fleximarkshop-stage.nordlo.it\\\/butik\\\/\"},{\"@type\":\"ListItem\",\"position\":3,\"name\":\"Syrafast rostfri teckenh\u00e5llare M\"}]},{\"@type\":\"WebSite\",\"@id\":\"https:\\\/\\\/fleximarkshop-stage.nordlo.it\\\/#website\",\"url\":\"https:\\\/\\\/fleximarkshop-stage.nordlo.it\\\/\",\"name\":\"FleximarkShop\",\"description\":\"M\u00e4rkning &amp; M\u00e4rksystem online\",\"publisher\":{\"@id\":\"https:\\\/\\\/fleximarkshop-stage.nordlo.it\\\/#organization\"},\"potentialAction\":[{\"@type\":\"SearchAction\",\"target\":{\"@type\":\"EntryPoint\",\"urlTemplate\":\"https:\\\/\\\/fleximarkshop-stage.nordlo.it\\\/?s={search_term_string}\"},\"query-input\":{\"@type\":\"PropertyValueSpecification\",\"valueRequired\":true,\"valueName\":\"search_term_string\"}}],\"inLanguage\":\"en-US\"},{\"@type\":\"Organization\",\"@id\":\"https:\\\/\\\/fleximarkshop-stage.nordlo.it\\\/#organization\",\"name\":\"FleximarkShop\",\"url\":\"https:\\\/\\\/fleximarkshop-stage.nordlo.it\\\/\",\"logo\":{\"@type\":\"ImageObject\",\"inLanguage\":\"en-US\",\"@id\":\"https:\\\/\\\/fleximarkshop-stage.nordlo.it\\\/#\\\/schema\\\/logo\\\/image\\\/\",\"url\":\"https:\\\/\\\/fleximarkshop-stage.nordlo.it\\\/wp-content\\\/uploads\\\/fleximark-logo.png\",\"contentUrl\":\"https:\\\/\\\/fleximarkshop-stage.nordlo.it\\\/wp-content\\\/uploads\\\/fleximark-logo.png\",\"width\":600,\"height\":80,\"caption\":\"FleximarkShop\"},\"image\":{\"@id\":\"https:\\\/\\\/fleximarkshop-stage.nordlo.it\\\/#\\\/schema\\\/logo\\\/image\\\/\"}}]}<\/script>\n<!-- \/ Yoast SEO plugin. -->","yoast_head_json":{"title":"Syrafast rostfri teckenh\u00e5llare M - FleximarkShop","description":"Syrafast rostfri teckenh\u00e5llare M f\u00f6r komponentm\u00e4rkning med Fleximarks syrafasta rostfria m\u00e4rksystem. H\u00e5llaren f\u00e4stes med skruv.","robots":{"index":"noindex","follow":"follow","max-snippet":"max-snippet:-1","max-image-preview":"max-image-preview:large","max-video-preview":"max-video-preview:-1"},"og_locale":"en_US","og_type":"article","og_title":"Syrafast rostfri teckenh\u00e5llare M - FleximarkShop","og_description":"Syrafast rostfri teckenh\u00e5llare M f\u00f6r komponentm\u00e4rkning med Fleximarks syrafasta rostfria m\u00e4rksystem. H\u00e5llaren f\u00e4stes med skruv.","og_url":"https:\/\/fleximarkshop-stage.nordlo.it\/en\/product\/syrafasta-teckenhallare-m\/","og_site_name":"FleximarkShop","article_modified_time":"2022-02-14T11:41:51+00:00","og_image":[{"width":1048,"height":1048,"url":"https:\/\/fleximarkshop-stage.nordlo.it\/wp-content\/uploads\/SYRAFAST_H_LLARE_M.jpg","type":"image\/jpeg"}],"twitter_card":"summary_large_image","schema":{"@context":"https:\/\/schema.org","@graph":[{"@type":"WebPage","@id":"https:\/\/fleximarkshop-stage.nordlo.it\/produkt\/syrafasta-teckenhallare-m\/","url":"https:\/\/fleximarkshop-stage.nordlo.it\/produkt\/syrafasta-teckenhallare-m\/","name":"Syrafast rostfri teckenh\u00e5llare M - FleximarkShop","isPartOf":{"@id":"https:\/\/fleximarkshop-stage.nordlo.it\/#website"},"primaryImageOfPage":{"@id":"https:\/\/fleximarkshop-stage.nordlo.it\/produkt\/syrafasta-teckenhallare-m\/#primaryimage"},"image":{"@id":"https:\/\/fleximarkshop-stage.nordlo.it\/produkt\/syrafasta-teckenhallare-m\/#primaryimage"},"thumbnailUrl":"https:\/\/fleximarkshop-stage.nordlo.it\/wp-content\/uploads\/SYRAFAST_H_LLARE_M.jpg","datePublished":"2016-01-18T15:28:51+00:00","dateModified":"2022-02-14T11:41:51+00:00","description":"Syrafast rostfri teckenh\u00e5llare M f\u00f6r komponentm\u00e4rkning med Fleximarks syrafasta rostfria m\u00e4rksystem. H\u00e5llaren f\u00e4stes med skruv.","breadcrumb":{"@id":"https:\/\/fleximarkshop-stage.nordlo.it\/produkt\/syrafasta-teckenhallare-m\/#breadcrumb"},"inLanguage":"en-US","potentialAction":[{"@type":"ReadAction","target":["https:\/\/fleximarkshop-stage.nordlo.it\/produkt\/syrafasta-teckenhallare-m\/"]}]},{"@type":"ImageObject","inLanguage":"en-US","@id":"https:\/\/fleximarkshop-stage.nordlo.it\/produkt\/syrafasta-teckenhallare-m\/#primaryimage","url":"https:\/\/fleximarkshop-stage.nordlo.it\/wp-content\/uploads\/SYRAFAST_H_LLARE_M.jpg","contentUrl":"https:\/\/fleximarkshop-stage.nordlo.it\/wp-content\/uploads\/SYRAFAST_H_LLARE_M.jpg","width":1048,"height":1048,"caption":"Syrafast teckenh\u00e5llare M"},{"@type":"BreadcrumbList","@id":"https:\/\/fleximarkshop-stage.nordlo.it\/produkt\/syrafasta-teckenhallare-m\/#breadcrumb","itemListElement":[{"@type":"ListItem","position":1,"name":"Hem","item":"https:\/\/fleximarkshop-stage.nordlo.it\/"},{"@type":"ListItem","position":2,"name":"Webbutik","item":"https:\/\/fleximarkshop-stage.nordlo.it\/butik\/"},{"@type":"ListItem","position":3,"name":"Syrafast rostfri teckenh\u00e5llare M"}]},{"@type":"WebSite","@id":"https:\/\/fleximarkshop-stage.nordlo.it\/#website","url":"https:\/\/fleximarkshop-stage.nordlo.it\/","name":"FleximarkShop","description":"M\u00e4rkning &amp; M\u00e4rksystem online","publisher":{"@id":"https:\/\/fleximarkshop-stage.nordlo.it\/#organization"},"potentialAction":[{"@type":"SearchAction","target":{"@type":"EntryPoint","urlTemplate":"https:\/\/fleximarkshop-stage.nordlo.it\/?s={search_term_string}"},"query-input":{"@type":"PropertyValueSpecification","valueRequired":true,"valueName":"search_term_string"}}],"inLanguage":"en-US"},{"@type":"Organization","@id":"https:\/\/fleximarkshop-stage.nordlo.it\/#organization","name":"FleximarkShop","url":"https:\/\/fleximarkshop-stage.nordlo.it\/","logo":{"@type":"ImageObject","inLanguage":"en-US","@id":"https:\/\/fleximarkshop-stage.nordlo.it\/#\/schema\/logo\/image\/","url":"https:\/\/fleximarkshop-stage.nordlo.it\/wp-content\/uploads\/fleximark-logo.png","contentUrl":"https:\/\/fleximarkshop-stage.nordlo.it\/wp-content\/uploads\/fleximark-logo.png","width":600,"height":80,"caption":"FleximarkShop"},"image":{"@id":"https:\/\/fleximarkshop-stage.nordlo.it\/#\/schema\/logo\/image\/"}}]}},"_links":{"self":[{"href":"https:\/\/fleximarkshop-stage.nordlo.it\/en\/wp-json\/wp\/v2\/product\/2167","targetHints":{"allow":["GET"]}}],"collection":[{"href":"https:\/\/fleximarkshop-stage.nordlo.it\/en\/wp-json\/wp\/v2\/product"}],"about":[{"href":"https:\/\/fleximarkshop-stage.nordlo.it\/en\/wp-json\/wp\/v2\/types\/product"}],"wp:featuredmedia":[{"embeddable":true,"href":"https:\/\/fleximarkshop-stage.nordlo.it\/en\/wp-json\/wp\/v2\/media\/2166"}],"wp:attachment":[{"href":"https:\/\/fleximarkshop-stage.nordlo.it\/en\/wp-json\/wp\/v2\/media?parent=2167"}],"wp:term":[{"taxonomy":"product_brand","embeddable":true,"href":"https:\/\/fleximarkshop-stage.nordlo.it\/en\/wp-json\/wp\/v2\/product_brand?post=2167"},{"taxonomy":"product_cat","embeddable":true,"href":"https:\/\/fleximarkshop-stage.nordlo.it\/en\/wp-json\/wp\/v2\/product_cat?post=2167"},{"taxonomy":"product_tag","embeddable":true,"href":"https:\/\/fleximarkshop-stage.nordlo.it\/en\/wp-json\/wp\/v2\/product_tag?post=2167"}],"curies":[{"name":"wp","href":"https:\/\/api.w.org\/{rel}","templated":true}]}}