{"id":2300,"date":"2016-01-19T13:06:41","date_gmt":"2016-01-19T13:06:41","guid":{"rendered":"https:\/\/fleximark\/produkt\/flexiprint-lf-pa-ark-10-ark-fp\/"},"modified":"2022-03-10T15:05:08","modified_gmt":"2022-03-10T15:05:08","slug":"flexiprint-lf-pa-ark-10-ark-fp","status":"publish","type":"product","link":"https:\/\/fleximarkshop-stage.nordlo.it\/en\/product\/flexiprint-lf-pa-ark-10-ark-fp\/","title":{"rendered":"Flexiprint LF, 10 sheets \/ pack"},"content":{"rendered":"<p>Partm\u00e4rkning Flexiprint. Levereras p\u00e5 ark. F\u00f6r part- och kabelm\u00e4rkning, elektrisk utrustning och fiberinstallationer.<br \/>\nF\u00f6r utskrift p\u00e5 laserskrivare. Snabb montering med enkel l\u00e5sanordning f\u00f6r effektiv och s\u00e4ker applikation.<\/p>\n<p><strong>Material: <\/strong>Polyester Halogenfri<strong><br \/>\n<strong>Kabelareor: <\/strong><\/strong>0,25 till 16 mm2<strong><br \/>\n<strong>Operating temperature:<\/strong><\/strong> -40\u00b0 C &#8211; +125\u00b0 C<strong><br \/>\n<strong>F\u00e4rger:<\/strong><\/strong> Vit, gul, bl\u00e5, gr\u00f6n, r\u00f6d<strong><br \/>\n<strong>Kartstorlek: <\/strong><\/strong>B 80-100 x L 210 mm<strong><br \/>\n<strong>Rekommenderat max antal tecken:<\/strong> <\/strong>7st (L-version 15st)<\/p>\n<p><strong>Godk\u00e4nannde:\u00a0<img decoding=\"async\" class=\"size-full wp-image-41\" style=\"vertical-align: middle;\" src=\"https:\/\/fleximarkshop-stage.nordlo.it\/wp-content\/uploads\/bvb-logo-transparent.png\" alt=\"Byggvarubed\u00f6mningen\" width=\"120\" srcset=\"https:\/\/fleximarkshop-stage.nordlo.it\/wp-content\/uploads\/bvb-logo-transparent.png 1280w, https:\/\/fleximarkshop-stage.nordlo.it\/wp-content\/uploads\/bvb-logo-transparent-600x90.png 600w, https:\/\/fleximarkshop-stage.nordlo.it\/wp-content\/uploads\/bvb-logo-transparent-300x45.png 300w, https:\/\/fleximarkshop-stage.nordlo.it\/wp-content\/uploads\/bvb-logo-transparent-1024x154.png 1024w, https:\/\/fleximarkshop-stage.nordlo.it\/wp-content\/uploads\/bvb-logo-transparent-768x115.png 768w\" sizes=\"(max-width: 1280px) 100vw, 1280px\" \/><\/strong><\/p>","protected":false},"excerpt":{"rendered":"<p>\u2022 M\u00e4rk part och tunna kablar i elutrustningar och fiberinstallationer mm<br \/>\n\u2022 Kartorna skrivs ut vid arbetsplatsen med en kontorslaserskrivare.<br \/>\n\u2022 Flexiprint LF0 0,25-0,75 passar f\u00f6r fiberm\u00e4rkning av fiberkablar<br \/>\n\u2022 L\u00e5s-l\u00f6sningen g\u00f6r att m\u00e4rkningen stannar p\u00e5 plats<br \/>\n\u2022 Snabb och enkel montering<\/p>\n<p><a title=\"Flexiprint lf produktdatablad\" href=\"https:\/\/fleximarkshop-stage.nordlo.it\/wp-content\/uploads\/DB83254410SE_FLEXIMARK_Flexiprint_LF_partm_rkning.pdf\" target=\"_blank\" rel=\"noopener\"><span style=\"font-size: small; color: #ff9900;\"><strong>Product data sheet<\/strong><\/span><\/a><\/p>\n<p><a href=\"https:\/\/youtu.be\/RJBVmOA2pSo\" target=\"_blank\" rel=\"noopener\"><span style=\"font-size: small; color: #ff9900;\"><strong>Instructional film<\/strong><\/span><\/a><\/p>","protected":false},"featured_media":4056,"template":"","meta":{"_acf_changed":false},"product_brand":[],"product_cat":[959,943,909,903],"product_tag":[],"class_list":{"0":"post-2300","1":"product","2":"type-product","3":"status-publish","4":"has-post-thumbnail","6":"product_cat-fibermarkning","7":"product_cat-ledningsmarkning","8":"product_cat-markning","9":"product_cat-markprodukter","10":"pa_antal-10arkfp","11":"pa_forpackningsenhet-369","12":"sales-flash-overlay","13":"woocommerce-text-align-center","14":"woocommerce-image-align-center","15":"do-quantity-buttons","16":"wc-has-gallery","18":"first","19":"instock","20":"taxable","21":"shipping-taxable","22":"product-type-grouped"},"acf":[],"yoast_head":"<!-- This site is optimized with the Yoast SEO plugin v27.4 - https:\/\/yoast.com\/product\/yoast-seo-wordpress\/ -->\n<title>Flexiprint LF, 10 ark\/fp - FleximarkShop<\/title>\n<meta name=\"description\" content=\"Flexiprint partm\u00e4rke p\u00e5 ark f\u00f6r laserutskrift. Ett kostnadseffektivt och smidigt system f\u00f6r m\u00e4rkning av enkelledare och tunnare kablar.\" \/>\n<meta name=\"robots\" content=\"noindex, follow, max-snippet:-1, max-image-preview:large, max-video-preview:-1\" \/>\n<meta property=\"og:locale\" content=\"en_US\" \/>\n<meta property=\"og:type\" content=\"article\" \/>\n<meta property=\"og:title\" content=\"Flexiprint LF, 10 ark\/fp - FleximarkShop\" \/>\n<meta property=\"og:description\" content=\"Flexiprint partm\u00e4rke p\u00e5 ark f\u00f6r laserutskrift. Ett kostnadseffektivt och smidigt system f\u00f6r m\u00e4rkning av enkelledare och tunnare kablar.\" \/>\n<meta property=\"og:url\" content=\"https:\/\/fleximarkshop-stage.nordlo.it\/en\/product\/flexiprint-lf-pa-ark-10-ark-fp\/\" \/>\n<meta property=\"og:site_name\" content=\"FleximarkShop\" \/>\n<meta property=\"article:modified_time\" content=\"2022-03-10T15:05:08+00:00\" \/>\n<meta property=\"og:image\" content=\"https:\/\/fleximarkshop-stage.nordlo.it\/wp-content\/uploads\/83251101_1.jpg\" \/>\n\t<meta property=\"og:image:width\" content=\"1048\" \/>\n\t<meta property=\"og:image:height\" content=\"1048\" \/>\n\t<meta property=\"og:image:type\" content=\"image\/jpeg\" \/>\n<meta name=\"twitter:card\" content=\"summary_large_image\" \/>\n<script type=\"application\/ld+json\" class=\"yoast-schema-graph\">{\"@context\":\"https:\\\/\\\/schema.org\",\"@graph\":[{\"@type\":\"WebPage\",\"@id\":\"https:\\\/\\\/fleximarkshop-stage.nordlo.it\\\/produkt\\\/flexiprint-lf-pa-ark-10-ark-fp\\\/\",\"url\":\"https:\\\/\\\/fleximarkshop-stage.nordlo.it\\\/produkt\\\/flexiprint-lf-pa-ark-10-ark-fp\\\/\",\"name\":\"Flexiprint LF, 10 ark\\\/fp - FleximarkShop\",\"isPartOf\":{\"@id\":\"https:\\\/\\\/fleximarkshop-stage.nordlo.it\\\/#website\"},\"primaryImageOfPage\":{\"@id\":\"https:\\\/\\\/fleximarkshop-stage.nordlo.it\\\/produkt\\\/flexiprint-lf-pa-ark-10-ark-fp\\\/#primaryimage\"},\"image\":{\"@id\":\"https:\\\/\\\/fleximarkshop-stage.nordlo.it\\\/produkt\\\/flexiprint-lf-pa-ark-10-ark-fp\\\/#primaryimage\"},\"thumbnailUrl\":\"https:\\\/\\\/fleximarkshop-stage.nordlo.it\\\/wp-content\\\/uploads\\\/83251101_1.jpg\",\"datePublished\":\"2016-01-19T13:06:41+00:00\",\"dateModified\":\"2022-03-10T15:05:08+00:00\",\"description\":\"Flexiprint partm\u00e4rke p\u00e5 ark f\u00f6r laserutskrift. Ett kostnadseffektivt och smidigt system f\u00f6r m\u00e4rkning av enkelledare och tunnare kablar.\",\"breadcrumb\":{\"@id\":\"https:\\\/\\\/fleximarkshop-stage.nordlo.it\\\/produkt\\\/flexiprint-lf-pa-ark-10-ark-fp\\\/#breadcrumb\"},\"inLanguage\":\"en-US\",\"potentialAction\":[{\"@type\":\"ReadAction\",\"target\":[\"https:\\\/\\\/fleximarkshop-stage.nordlo.it\\\/produkt\\\/flexiprint-lf-pa-ark-10-ark-fp\\\/\"]}]},{\"@type\":\"ImageObject\",\"inLanguage\":\"en-US\",\"@id\":\"https:\\\/\\\/fleximarkshop-stage.nordlo.it\\\/produkt\\\/flexiprint-lf-pa-ark-10-ark-fp\\\/#primaryimage\",\"url\":\"https:\\\/\\\/fleximarkshop-stage.nordlo.it\\\/wp-content\\\/uploads\\\/83251101_1.jpg\",\"contentUrl\":\"https:\\\/\\\/fleximarkshop-stage.nordlo.it\\\/wp-content\\\/uploads\\\/83251101_1.jpg\",\"width\":1048,\"height\":1048,\"caption\":\"Flexiprint\"},{\"@type\":\"BreadcrumbList\",\"@id\":\"https:\\\/\\\/fleximarkshop-stage.nordlo.it\\\/produkt\\\/flexiprint-lf-pa-ark-10-ark-fp\\\/#breadcrumb\",\"itemListElement\":[{\"@type\":\"ListItem\",\"position\":1,\"name\":\"Hem\",\"item\":\"https:\\\/\\\/fleximarkshop-stage.nordlo.it\\\/\"},{\"@type\":\"ListItem\",\"position\":2,\"name\":\"Webbutik\",\"item\":\"https:\\\/\\\/fleximarkshop-stage.nordlo.it\\\/butik\\\/\"},{\"@type\":\"ListItem\",\"position\":3,\"name\":\"Flexiprint LF, 10 ark\\\/fp\"}]},{\"@type\":\"WebSite\",\"@id\":\"https:\\\/\\\/fleximarkshop-stage.nordlo.it\\\/#website\",\"url\":\"https:\\\/\\\/fleximarkshop-stage.nordlo.it\\\/\",\"name\":\"FleximarkShop\",\"description\":\"M\u00e4rkning &amp; M\u00e4rksystem online\",\"publisher\":{\"@id\":\"https:\\\/\\\/fleximarkshop-stage.nordlo.it\\\/#organization\"},\"potentialAction\":[{\"@type\":\"SearchAction\",\"target\":{\"@type\":\"EntryPoint\",\"urlTemplate\":\"https:\\\/\\\/fleximarkshop-stage.nordlo.it\\\/?s={search_term_string}\"},\"query-input\":{\"@type\":\"PropertyValueSpecification\",\"valueRequired\":true,\"valueName\":\"search_term_string\"}}],\"inLanguage\":\"en-US\"},{\"@type\":\"Organization\",\"@id\":\"https:\\\/\\\/fleximarkshop-stage.nordlo.it\\\/#organization\",\"name\":\"FleximarkShop\",\"url\":\"https:\\\/\\\/fleximarkshop-stage.nordlo.it\\\/\",\"logo\":{\"@type\":\"ImageObject\",\"inLanguage\":\"en-US\",\"@id\":\"https:\\\/\\\/fleximarkshop-stage.nordlo.it\\\/#\\\/schema\\\/logo\\\/image\\\/\",\"url\":\"https:\\\/\\\/fleximarkshop-stage.nordlo.it\\\/wp-content\\\/uploads\\\/fleximark-logo.png\",\"contentUrl\":\"https:\\\/\\\/fleximarkshop-stage.nordlo.it\\\/wp-content\\\/uploads\\\/fleximark-logo.png\",\"width\":600,\"height\":80,\"caption\":\"FleximarkShop\"},\"image\":{\"@id\":\"https:\\\/\\\/fleximarkshop-stage.nordlo.it\\\/#\\\/schema\\\/logo\\\/image\\\/\"}}]}<\/script>\n<!-- \/ Yoast SEO plugin. -->","yoast_head_json":{"title":"Flexiprint LF, 10 ark\/fp - FleximarkShop","description":"Flexiprint partm\u00e4rke p\u00e5 ark f\u00f6r laserutskrift. Ett kostnadseffektivt och smidigt system f\u00f6r m\u00e4rkning av enkelledare och tunnare kablar.","robots":{"index":"noindex","follow":"follow","max-snippet":"max-snippet:-1","max-image-preview":"max-image-preview:large","max-video-preview":"max-video-preview:-1"},"og_locale":"en_US","og_type":"article","og_title":"Flexiprint LF, 10 ark\/fp - FleximarkShop","og_description":"Flexiprint partm\u00e4rke p\u00e5 ark f\u00f6r laserutskrift. Ett kostnadseffektivt och smidigt system f\u00f6r m\u00e4rkning av enkelledare och tunnare kablar.","og_url":"https:\/\/fleximarkshop-stage.nordlo.it\/en\/product\/flexiprint-lf-pa-ark-10-ark-fp\/","og_site_name":"FleximarkShop","article_modified_time":"2022-03-10T15:05:08+00:00","og_image":[{"width":1048,"height":1048,"url":"https:\/\/fleximarkshop-stage.nordlo.it\/wp-content\/uploads\/83251101_1.jpg","type":"image\/jpeg"}],"twitter_card":"summary_large_image","schema":{"@context":"https:\/\/schema.org","@graph":[{"@type":"WebPage","@id":"https:\/\/fleximarkshop-stage.nordlo.it\/produkt\/flexiprint-lf-pa-ark-10-ark-fp\/","url":"https:\/\/fleximarkshop-stage.nordlo.it\/produkt\/flexiprint-lf-pa-ark-10-ark-fp\/","name":"Flexiprint LF, 10 ark\/fp - FleximarkShop","isPartOf":{"@id":"https:\/\/fleximarkshop-stage.nordlo.it\/#website"},"primaryImageOfPage":{"@id":"https:\/\/fleximarkshop-stage.nordlo.it\/produkt\/flexiprint-lf-pa-ark-10-ark-fp\/#primaryimage"},"image":{"@id":"https:\/\/fleximarkshop-stage.nordlo.it\/produkt\/flexiprint-lf-pa-ark-10-ark-fp\/#primaryimage"},"thumbnailUrl":"https:\/\/fleximarkshop-stage.nordlo.it\/wp-content\/uploads\/83251101_1.jpg","datePublished":"2016-01-19T13:06:41+00:00","dateModified":"2022-03-10T15:05:08+00:00","description":"Flexiprint partm\u00e4rke p\u00e5 ark f\u00f6r laserutskrift. Ett kostnadseffektivt och smidigt system f\u00f6r m\u00e4rkning av enkelledare och tunnare kablar.","breadcrumb":{"@id":"https:\/\/fleximarkshop-stage.nordlo.it\/produkt\/flexiprint-lf-pa-ark-10-ark-fp\/#breadcrumb"},"inLanguage":"en-US","potentialAction":[{"@type":"ReadAction","target":["https:\/\/fleximarkshop-stage.nordlo.it\/produkt\/flexiprint-lf-pa-ark-10-ark-fp\/"]}]},{"@type":"ImageObject","inLanguage":"en-US","@id":"https:\/\/fleximarkshop-stage.nordlo.it\/produkt\/flexiprint-lf-pa-ark-10-ark-fp\/#primaryimage","url":"https:\/\/fleximarkshop-stage.nordlo.it\/wp-content\/uploads\/83251101_1.jpg","contentUrl":"https:\/\/fleximarkshop-stage.nordlo.it\/wp-content\/uploads\/83251101_1.jpg","width":1048,"height":1048,"caption":"Flexiprint"},{"@type":"BreadcrumbList","@id":"https:\/\/fleximarkshop-stage.nordlo.it\/produkt\/flexiprint-lf-pa-ark-10-ark-fp\/#breadcrumb","itemListElement":[{"@type":"ListItem","position":1,"name":"Hem","item":"https:\/\/fleximarkshop-stage.nordlo.it\/"},{"@type":"ListItem","position":2,"name":"Webbutik","item":"https:\/\/fleximarkshop-stage.nordlo.it\/butik\/"},{"@type":"ListItem","position":3,"name":"Flexiprint LF, 10 ark\/fp"}]},{"@type":"WebSite","@id":"https:\/\/fleximarkshop-stage.nordlo.it\/#website","url":"https:\/\/fleximarkshop-stage.nordlo.it\/","name":"FleximarkShop","description":"M\u00e4rkning &amp; M\u00e4rksystem online","publisher":{"@id":"https:\/\/fleximarkshop-stage.nordlo.it\/#organization"},"potentialAction":[{"@type":"SearchAction","target":{"@type":"EntryPoint","urlTemplate":"https:\/\/fleximarkshop-stage.nordlo.it\/?s={search_term_string}"},"query-input":{"@type":"PropertyValueSpecification","valueRequired":true,"valueName":"search_term_string"}}],"inLanguage":"en-US"},{"@type":"Organization","@id":"https:\/\/fleximarkshop-stage.nordlo.it\/#organization","name":"FleximarkShop","url":"https:\/\/fleximarkshop-stage.nordlo.it\/","logo":{"@type":"ImageObject","inLanguage":"en-US","@id":"https:\/\/fleximarkshop-stage.nordlo.it\/#\/schema\/logo\/image\/","url":"https:\/\/fleximarkshop-stage.nordlo.it\/wp-content\/uploads\/fleximark-logo.png","contentUrl":"https:\/\/fleximarkshop-stage.nordlo.it\/wp-content\/uploads\/fleximark-logo.png","width":600,"height":80,"caption":"FleximarkShop"},"image":{"@id":"https:\/\/fleximarkshop-stage.nordlo.it\/#\/schema\/logo\/image\/"}}]}},"_links":{"self":[{"href":"https:\/\/fleximarkshop-stage.nordlo.it\/en\/wp-json\/wp\/v2\/product\/2300","targetHints":{"allow":["GET"]}}],"collection":[{"href":"https:\/\/fleximarkshop-stage.nordlo.it\/en\/wp-json\/wp\/v2\/product"}],"about":[{"href":"https:\/\/fleximarkshop-stage.nordlo.it\/en\/wp-json\/wp\/v2\/types\/product"}],"wp:featuredmedia":[{"embeddable":true,"href":"https:\/\/fleximarkshop-stage.nordlo.it\/en\/wp-json\/wp\/v2\/media\/4056"}],"wp:attachment":[{"href":"https:\/\/fleximarkshop-stage.nordlo.it\/en\/wp-json\/wp\/v2\/media?parent=2300"}],"wp:term":[{"taxonomy":"product_brand","embeddable":true,"href":"https:\/\/fleximarkshop-stage.nordlo.it\/en\/wp-json\/wp\/v2\/product_brand?post=2300"},{"taxonomy":"product_cat","embeddable":true,"href":"https:\/\/fleximarkshop-stage.nordlo.it\/en\/wp-json\/wp\/v2\/product_cat?post=2300"},{"taxonomy":"product_tag","embeddable":true,"href":"https:\/\/fleximarkshop-stage.nordlo.it\/en\/wp-json\/wp\/v2\/product_tag?post=2300"}],"curies":[{"name":"wp","href":"https:\/\/api.w.org\/{rel}","templated":true}]}}