{"id":262,"date":"2015-06-22T05:54:27","date_gmt":"2015-06-22T05:54:27","guid":{"rendered":"https:\/\/fleximark\/produkt\/3m-dymo-marktejp-polyester\/"},"modified":"2022-02-24T12:11:48","modified_gmt":"2022-02-24T12:11:48","slug":"3m-dymo-marktejp-polyester","status":"publish","type":"product","link":"https:\/\/fleximarkshop-stage.nordlo.it\/en\/product\/3m-dymo-marktejp-polyester\/","title":{"rendered":"DYMO Rhino brand tape polyester"},"content":{"rendered":"<p>M\u00e4rktejp speciellt framtagen f\u00f6r industriell milj\u00f6 med stark f\u00e4stf\u00f6rm\u00e5ga.<br \/>\nPolyestertejpen kan anv\u00e4ndas p\u00e5 m\u00e5nga olika ytor; b\u00e5de j\u00e4mna och strukturerade, den har dessutom bra motst\u00e5ndskraft mot l\u00f6sningsmedel.<br \/>\nFinns i bredder 9, 12, 19 och 24 mm samt f\u00e4rger transparent, vit och metall.<br \/>\nF\u00e4rgkombinationerna \u00e4r anpassade till olika styrstandarder, s\u00e5som: ANSI Z535, ISO38641, ANSI A3.1, SO70010, ANSI606-B .<\/p>\n<p><strong>Temperaturomr\u00e5de:<\/strong>-18\u00b0C &#8211; +120\u00b0C<\/p>","protected":false},"excerpt":{"rendered":"<p>\u2022 Speciallt framtagna f\u00f6r tuff industri milj\u00f6<br \/>\n\u2022 Anv\u00e4nds p\u00e5 m\u00e5nga olika ytor: j\u00e4mna och strukturerade.<br \/>\n\u2022 Stark motst\u00e5ndskraft mot l\u00f6sningsmedel och kemikalier<br \/>\n\u2022 F\u00e4rgkombinationerna \u00e4r anpassade till olika Styr-Standarder<br \/>\n(ANSI Z535, ISO3864, ANSI A 13.1, ISO7010, ANSI606-B)<\/p>\n<p><span style=\"color: #ff9900;\"><a href=\"https:\/\/fleximarkshop-stage.nordlo.it\/wp-content\/uploads\/DB83259441EN_Marking_tape_DYMO.pdf\"><span style=\"color: #ff9900;\"><strong>Product data sheet<\/strong><\/span><\/a> <\/span><\/p>","protected":false},"featured_media":261,"template":"","meta":{"_acf_changed":false},"product_brand":[],"product_cat":[920,930,952,961,904],"product_tag":[],"class_list":{"0":"post-262","1":"product","2":"type-product","3":"status-publish","4":"has-post-thumbnail","6":"product_cat-fargband-marktejp","7":"product_cat-kabelmarkning","8":"product_cat-komponentmarkning","9":"product_cat-marktejp-dymo-industriell","10":"product_cat-programvara-och-markmaskiner","11":"pa_filter_ett-standardmontering","12":"pa_forpackningsenhet-369","13":"sales-flash-overlay","14":"woocommerce-text-align-center","15":"woocommerce-image-align-center","16":"do-quantity-buttons","17":"wc-has-gallery","19":"first","20":"onbackorder","21":"taxable","22":"shipping-taxable","23":"product-type-grouped"},"acf":[],"yoast_head":"<!-- This site is optimized with the Yoast SEO plugin v27.3 - https:\/\/yoast.com\/product\/yoast-seo-wordpress\/ -->\n<title>DYMO Rhino m\u00e4rktejp polyester - FleximarkShop<\/title>\n<meta name=\"robots\" content=\"noindex, follow, max-snippet:-1, max-image-preview:large, max-video-preview:-1\" \/>\n<meta property=\"og:locale\" content=\"en_US\" \/>\n<meta property=\"og:type\" content=\"article\" \/>\n<meta property=\"og:title\" content=\"DYMO Rhino m\u00e4rktejp polyester - FleximarkShop\" \/>\n<meta property=\"og:description\" content=\"\u2022 Speciallt framtagna f\u00f6r tuff industri milj\u00f6 \u2022 Anv\u00e4nds p\u00e5 m\u00e5nga olika ytor: j\u00e4mna och strukturerade. \u2022 Stark motst\u00e5ndskraft mot l\u00f6sningsmedel och kemikalier \u2022 F\u00e4rgkombinationerna \u00e4r anpassade till olika Styr-Standarder (ANSI Z535, ISO3864, ANSI A 13.1, ISO7010, ANSI606-B)  Produktdatablad\" \/>\n<meta property=\"og:url\" content=\"https:\/\/fleximarkshop-stage.nordlo.it\/en\/product\/3m-dymo-marktejp-polyester\/\" \/>\n<meta property=\"og:site_name\" content=\"FleximarkShop\" \/>\n<meta property=\"article:modified_time\" content=\"2022-02-24T12:11:48+00:00\" \/>\n<meta property=\"og:image\" content=\"https:\/\/fleximarkshop-stage.nordlo.it\/wp-content\/uploads\/M_RKTEJP_POLYESTER.jpg\" \/>\n\t<meta property=\"og:image:width\" content=\"1048\" \/>\n\t<meta property=\"og:image:height\" content=\"1048\" \/>\n\t<meta property=\"og:image:type\" content=\"image\/jpeg\" \/>\n<meta name=\"twitter:card\" content=\"summary_large_image\" \/>\n<script type=\"application\/ld+json\" class=\"yoast-schema-graph\">{\"@context\":\"https:\\\/\\\/schema.org\",\"@graph\":[{\"@type\":\"WebPage\",\"@id\":\"https:\\\/\\\/fleximarkshop-stage.nordlo.it\\\/produkt\\\/3m-dymo-marktejp-polyester\\\/\",\"url\":\"https:\\\/\\\/fleximarkshop-stage.nordlo.it\\\/produkt\\\/3m-dymo-marktejp-polyester\\\/\",\"name\":\"DYMO Rhino m\u00e4rktejp polyester - FleximarkShop\",\"isPartOf\":{\"@id\":\"https:\\\/\\\/fleximarkshop-stage.nordlo.it\\\/#website\"},\"primaryImageOfPage\":{\"@id\":\"https:\\\/\\\/fleximarkshop-stage.nordlo.it\\\/produkt\\\/3m-dymo-marktejp-polyester\\\/#primaryimage\"},\"image\":{\"@id\":\"https:\\\/\\\/fleximarkshop-stage.nordlo.it\\\/produkt\\\/3m-dymo-marktejp-polyester\\\/#primaryimage\"},\"thumbnailUrl\":\"https:\\\/\\\/fleximarkshop-stage.nordlo.it\\\/wp-content\\\/uploads\\\/M_RKTEJP_POLYESTER.jpg\",\"datePublished\":\"2015-06-22T05:54:27+00:00\",\"dateModified\":\"2022-02-24T12:11:48+00:00\",\"breadcrumb\":{\"@id\":\"https:\\\/\\\/fleximarkshop-stage.nordlo.it\\\/produkt\\\/3m-dymo-marktejp-polyester\\\/#breadcrumb\"},\"inLanguage\":\"en-US\",\"potentialAction\":[{\"@type\":\"ReadAction\",\"target\":[\"https:\\\/\\\/fleximarkshop-stage.nordlo.it\\\/produkt\\\/3m-dymo-marktejp-polyester\\\/\"]}]},{\"@type\":\"ImageObject\",\"inLanguage\":\"en-US\",\"@id\":\"https:\\\/\\\/fleximarkshop-stage.nordlo.it\\\/produkt\\\/3m-dymo-marktejp-polyester\\\/#primaryimage\",\"url\":\"https:\\\/\\\/fleximarkshop-stage.nordlo.it\\\/wp-content\\\/uploads\\\/M_RKTEJP_POLYESTER.jpg\",\"contentUrl\":\"https:\\\/\\\/fleximarkshop-stage.nordlo.it\\\/wp-content\\\/uploads\\\/M_RKTEJP_POLYESTER.jpg\",\"width\":1048,\"height\":1048,\"caption\":\"Rhino m\u00e4rktejp polyester\"},{\"@type\":\"BreadcrumbList\",\"@id\":\"https:\\\/\\\/fleximarkshop-stage.nordlo.it\\\/produkt\\\/3m-dymo-marktejp-polyester\\\/#breadcrumb\",\"itemListElement\":[{\"@type\":\"ListItem\",\"position\":1,\"name\":\"Hem\",\"item\":\"https:\\\/\\\/fleximarkshop-stage.nordlo.it\\\/\"},{\"@type\":\"ListItem\",\"position\":2,\"name\":\"Webbutik\",\"item\":\"https:\\\/\\\/fleximarkshop-stage.nordlo.it\\\/butik\\\/\"},{\"@type\":\"ListItem\",\"position\":3,\"name\":\"DYMO Rhino m\u00e4rktejp polyester\"}]},{\"@type\":\"WebSite\",\"@id\":\"https:\\\/\\\/fleximarkshop-stage.nordlo.it\\\/#website\",\"url\":\"https:\\\/\\\/fleximarkshop-stage.nordlo.it\\\/\",\"name\":\"FleximarkShop\",\"description\":\"M\u00e4rkning &amp; M\u00e4rksystem online\",\"publisher\":{\"@id\":\"https:\\\/\\\/fleximarkshop-stage.nordlo.it\\\/#organization\"},\"potentialAction\":[{\"@type\":\"SearchAction\",\"target\":{\"@type\":\"EntryPoint\",\"urlTemplate\":\"https:\\\/\\\/fleximarkshop-stage.nordlo.it\\\/?s={search_term_string}\"},\"query-input\":{\"@type\":\"PropertyValueSpecification\",\"valueRequired\":true,\"valueName\":\"search_term_string\"}}],\"inLanguage\":\"en-US\"},{\"@type\":\"Organization\",\"@id\":\"https:\\\/\\\/fleximarkshop-stage.nordlo.it\\\/#organization\",\"name\":\"FleximarkShop\",\"url\":\"https:\\\/\\\/fleximarkshop-stage.nordlo.it\\\/\",\"logo\":{\"@type\":\"ImageObject\",\"inLanguage\":\"en-US\",\"@id\":\"https:\\\/\\\/fleximarkshop-stage.nordlo.it\\\/#\\\/schema\\\/logo\\\/image\\\/\",\"url\":\"https:\\\/\\\/fleximarkshop-stage.nordlo.it\\\/wp-content\\\/uploads\\\/fleximark-logo.png\",\"contentUrl\":\"https:\\\/\\\/fleximarkshop-stage.nordlo.it\\\/wp-content\\\/uploads\\\/fleximark-logo.png\",\"width\":600,\"height\":80,\"caption\":\"FleximarkShop\"},\"image\":{\"@id\":\"https:\\\/\\\/fleximarkshop-stage.nordlo.it\\\/#\\\/schema\\\/logo\\\/image\\\/\"}}]}<\/script>\n<!-- \/ Yoast SEO plugin. -->","yoast_head_json":{"title":"DYMO Rhino m\u00e4rktejp polyester - FleximarkShop","robots":{"index":"noindex","follow":"follow","max-snippet":"max-snippet:-1","max-image-preview":"max-image-preview:large","max-video-preview":"max-video-preview:-1"},"og_locale":"en_US","og_type":"article","og_title":"DYMO Rhino m\u00e4rktejp polyester - FleximarkShop","og_description":"\u2022 Speciallt framtagna f\u00f6r tuff industri milj\u00f6 \u2022 Anv\u00e4nds p\u00e5 m\u00e5nga olika ytor: j\u00e4mna och strukturerade. \u2022 Stark motst\u00e5ndskraft mot l\u00f6sningsmedel och kemikalier \u2022 F\u00e4rgkombinationerna \u00e4r anpassade till olika Styr-Standarder (ANSI Z535, ISO3864, ANSI A 13.1, ISO7010, ANSI606-B)  Produktdatablad","og_url":"https:\/\/fleximarkshop-stage.nordlo.it\/en\/product\/3m-dymo-marktejp-polyester\/","og_site_name":"FleximarkShop","article_modified_time":"2022-02-24T12:11:48+00:00","og_image":[{"width":1048,"height":1048,"url":"https:\/\/fleximarkshop-stage.nordlo.it\/wp-content\/uploads\/M_RKTEJP_POLYESTER.jpg","type":"image\/jpeg"}],"twitter_card":"summary_large_image","schema":{"@context":"https:\/\/schema.org","@graph":[{"@type":"WebPage","@id":"https:\/\/fleximarkshop-stage.nordlo.it\/produkt\/3m-dymo-marktejp-polyester\/","url":"https:\/\/fleximarkshop-stage.nordlo.it\/produkt\/3m-dymo-marktejp-polyester\/","name":"DYMO Rhino m\u00e4rktejp polyester - FleximarkShop","isPartOf":{"@id":"https:\/\/fleximarkshop-stage.nordlo.it\/#website"},"primaryImageOfPage":{"@id":"https:\/\/fleximarkshop-stage.nordlo.it\/produkt\/3m-dymo-marktejp-polyester\/#primaryimage"},"image":{"@id":"https:\/\/fleximarkshop-stage.nordlo.it\/produkt\/3m-dymo-marktejp-polyester\/#primaryimage"},"thumbnailUrl":"https:\/\/fleximarkshop-stage.nordlo.it\/wp-content\/uploads\/M_RKTEJP_POLYESTER.jpg","datePublished":"2015-06-22T05:54:27+00:00","dateModified":"2022-02-24T12:11:48+00:00","breadcrumb":{"@id":"https:\/\/fleximarkshop-stage.nordlo.it\/produkt\/3m-dymo-marktejp-polyester\/#breadcrumb"},"inLanguage":"en-US","potentialAction":[{"@type":"ReadAction","target":["https:\/\/fleximarkshop-stage.nordlo.it\/produkt\/3m-dymo-marktejp-polyester\/"]}]},{"@type":"ImageObject","inLanguage":"en-US","@id":"https:\/\/fleximarkshop-stage.nordlo.it\/produkt\/3m-dymo-marktejp-polyester\/#primaryimage","url":"https:\/\/fleximarkshop-stage.nordlo.it\/wp-content\/uploads\/M_RKTEJP_POLYESTER.jpg","contentUrl":"https:\/\/fleximarkshop-stage.nordlo.it\/wp-content\/uploads\/M_RKTEJP_POLYESTER.jpg","width":1048,"height":1048,"caption":"Rhino m\u00e4rktejp polyester"},{"@type":"BreadcrumbList","@id":"https:\/\/fleximarkshop-stage.nordlo.it\/produkt\/3m-dymo-marktejp-polyester\/#breadcrumb","itemListElement":[{"@type":"ListItem","position":1,"name":"Hem","item":"https:\/\/fleximarkshop-stage.nordlo.it\/"},{"@type":"ListItem","position":2,"name":"Webbutik","item":"https:\/\/fleximarkshop-stage.nordlo.it\/butik\/"},{"@type":"ListItem","position":3,"name":"DYMO Rhino m\u00e4rktejp polyester"}]},{"@type":"WebSite","@id":"https:\/\/fleximarkshop-stage.nordlo.it\/#website","url":"https:\/\/fleximarkshop-stage.nordlo.it\/","name":"FleximarkShop","description":"M\u00e4rkning &amp; M\u00e4rksystem online","publisher":{"@id":"https:\/\/fleximarkshop-stage.nordlo.it\/#organization"},"potentialAction":[{"@type":"SearchAction","target":{"@type":"EntryPoint","urlTemplate":"https:\/\/fleximarkshop-stage.nordlo.it\/?s={search_term_string}"},"query-input":{"@type":"PropertyValueSpecification","valueRequired":true,"valueName":"search_term_string"}}],"inLanguage":"en-US"},{"@type":"Organization","@id":"https:\/\/fleximarkshop-stage.nordlo.it\/#organization","name":"FleximarkShop","url":"https:\/\/fleximarkshop-stage.nordlo.it\/","logo":{"@type":"ImageObject","inLanguage":"en-US","@id":"https:\/\/fleximarkshop-stage.nordlo.it\/#\/schema\/logo\/image\/","url":"https:\/\/fleximarkshop-stage.nordlo.it\/wp-content\/uploads\/fleximark-logo.png","contentUrl":"https:\/\/fleximarkshop-stage.nordlo.it\/wp-content\/uploads\/fleximark-logo.png","width":600,"height":80,"caption":"FleximarkShop"},"image":{"@id":"https:\/\/fleximarkshop-stage.nordlo.it\/#\/schema\/logo\/image\/"}}]}},"_links":{"self":[{"href":"https:\/\/fleximarkshop-stage.nordlo.it\/en\/wp-json\/wp\/v2\/product\/262","targetHints":{"allow":["GET"]}}],"collection":[{"href":"https:\/\/fleximarkshop-stage.nordlo.it\/en\/wp-json\/wp\/v2\/product"}],"about":[{"href":"https:\/\/fleximarkshop-stage.nordlo.it\/en\/wp-json\/wp\/v2\/types\/product"}],"wp:featuredmedia":[{"embeddable":true,"href":"https:\/\/fleximarkshop-stage.nordlo.it\/en\/wp-json\/wp\/v2\/media\/261"}],"wp:attachment":[{"href":"https:\/\/fleximarkshop-stage.nordlo.it\/en\/wp-json\/wp\/v2\/media?parent=262"}],"wp:term":[{"taxonomy":"product_brand","embeddable":true,"href":"https:\/\/fleximarkshop-stage.nordlo.it\/en\/wp-json\/wp\/v2\/product_brand?post=262"},{"taxonomy":"product_cat","embeddable":true,"href":"https:\/\/fleximarkshop-stage.nordlo.it\/en\/wp-json\/wp\/v2\/product_cat?post=262"},{"taxonomy":"product_tag","embeddable":true,"href":"https:\/\/fleximarkshop-stage.nordlo.it\/en\/wp-json\/wp\/v2\/product_tag?post=262"}],"curies":[{"name":"wp","href":"https:\/\/api.w.org\/{rel}","templated":true}]}}