{"id":2808,"date":"2016-01-26T14:11:38","date_gmt":"2016-01-26T14:11:38","guid":{"rendered":"https:\/\/fleximark\/produkt\/parthylsor-pt-v-45-a-z\/"},"modified":"2022-02-09T08:03:08","modified_gmt":"2022-02-09T08:03:08","slug":"parthylsor-pt-v-45-a-z","status":"publish","type":"product","link":"https:\/\/fleximarkshop-stage.nordlo.it\/en\/product\/parthylsor-pt-v-45-a-z\/","title":{"rendered":"Parthylsa PT-V+45 A-Z Ledardiameter 2,2-5 mm"},"content":{"rendered":"<p><b>Material: <\/b>Sj\u00e4lvslocknande PVC i kvalitet 9879<br \/>\n<b>Brandklass: <\/b>V0 enligt UL94<br \/>\n<b>Operating temperature:<\/b> -15\u00b0 C till +90\u00b0 C<br \/>\n<b>Best\u00e4ndig mot: <\/b>Oljor, syror m.m.<\/p>","protected":false},"excerpt":{"rendered":"<p>Anv\u00e4ndarv\u00e4nligt system f\u00f6r ledningsm\u00e4rkning.<br \/>\nUnik form ger ett s\u00e4kert vridskydd<br \/>\nI sortimentet ing\u00e5r \u00e4ven en praktisk och l\u00e4tthanterlig box<br \/>\nFlexibilitet ger brett t\u00e4ckningsomr\u00e5de<\/p>","protected":false},"featured_media":2807,"template":"","meta":{"_acf_changed":false},"product_brand":[],"product_cat":[943,909,903,914],"product_tag":[],"class_list":{"0":"post-2808","1":"product","2":"type-product","3":"status-publish","4":"has-post-thumbnail","6":"product_cat-ledningsmarkning","7":"product_cat-markning","8":"product_cat-markprodukter","9":"product_cat-profiler-hylsor-tecken","10":"pa_forpackningsenhet-369","11":"sales-flash-overlay","12":"woocommerce-text-align-center","13":"woocommerce-image-align-center","14":"do-quantity-buttons","15":"wc-has-gallery","17":"first","18":"instock","19":"taxable","20":"shipping-taxable","21":"product-type-grouped"},"acf":[],"yoast_head":"<!-- This site is optimized with the Yoast SEO plugin v27.3 - https:\/\/yoast.com\/product\/yoast-seo-wordpress\/ -->\n<title>Parthylsa PT-V+45 A-Z Ledardiameter 2,2-5 mm - FleximarkShop<\/title>\n<meta name=\"description\" content=\"Parthylsor med standardtecken f\u00f6r partm\u00e4rkning. Hylsorna levereras p\u00e5 rulle och monteras enkelt p\u00e5 ledare eller tunn kabel.\" \/>\n<meta name=\"robots\" content=\"noindex, follow, max-snippet:-1, max-image-preview:large, max-video-preview:-1\" \/>\n<meta property=\"og:locale\" content=\"en_US\" \/>\n<meta property=\"og:type\" content=\"article\" \/>\n<meta property=\"og:title\" content=\"Parthylsa PT-V+45 A-Z Ledardiameter 2,2-5 mm - FleximarkShop\" \/>\n<meta property=\"og:description\" content=\"Parthylsor med standardtecken f\u00f6r partm\u00e4rkning. Hylsorna levereras p\u00e5 rulle och monteras enkelt p\u00e5 ledare eller tunn kabel.\" \/>\n<meta property=\"og:url\" content=\"https:\/\/fleximarkshop-stage.nordlo.it\/en\/product\/parthylsor-pt-v-45-a-z\/\" \/>\n<meta property=\"og:site_name\" content=\"FleximarkShop\" \/>\n<meta property=\"article:modified_time\" content=\"2022-02-09T08:03:08+00:00\" \/>\n<meta property=\"og:image\" content=\"https:\/\/fleximarkshop-stage.nordlo.it\/wp-content\/uploads\/PARTHYLSA_PTV45_A-Z.jpg\" \/>\n\t<meta property=\"og:image:width\" content=\"1063\" \/>\n\t<meta property=\"og:image:height\" content=\"506\" \/>\n\t<meta property=\"og:image:type\" content=\"image\/jpeg\" \/>\n<meta name=\"twitter:card\" content=\"summary_large_image\" \/>\n<script type=\"application\/ld+json\" class=\"yoast-schema-graph\">{\"@context\":\"https:\\\/\\\/schema.org\",\"@graph\":[{\"@type\":\"WebPage\",\"@id\":\"https:\\\/\\\/fleximarkshop-stage.nordlo.it\\\/produkt\\\/parthylsor-pt-v-45-a-z\\\/\",\"url\":\"https:\\\/\\\/fleximarkshop-stage.nordlo.it\\\/produkt\\\/parthylsor-pt-v-45-a-z\\\/\",\"name\":\"Parthylsa PT-V+45 A-Z Ledardiameter 2,2-5 mm - FleximarkShop\",\"isPartOf\":{\"@id\":\"https:\\\/\\\/fleximarkshop-stage.nordlo.it\\\/#website\"},\"primaryImageOfPage\":{\"@id\":\"https:\\\/\\\/fleximarkshop-stage.nordlo.it\\\/produkt\\\/parthylsor-pt-v-45-a-z\\\/#primaryimage\"},\"image\":{\"@id\":\"https:\\\/\\\/fleximarkshop-stage.nordlo.it\\\/produkt\\\/parthylsor-pt-v-45-a-z\\\/#primaryimage\"},\"thumbnailUrl\":\"https:\\\/\\\/fleximarkshop-stage.nordlo.it\\\/wp-content\\\/uploads\\\/PARTHYLSA_PTV45_A-Z.jpg\",\"datePublished\":\"2016-01-26T14:11:38+00:00\",\"dateModified\":\"2022-02-09T08:03:08+00:00\",\"description\":\"Parthylsor med standardtecken f\u00f6r partm\u00e4rkning. Hylsorna levereras p\u00e5 rulle och monteras enkelt p\u00e5 ledare eller tunn kabel.\",\"breadcrumb\":{\"@id\":\"https:\\\/\\\/fleximarkshop-stage.nordlo.it\\\/produkt\\\/parthylsor-pt-v-45-a-z\\\/#breadcrumb\"},\"inLanguage\":\"en-US\",\"potentialAction\":[{\"@type\":\"ReadAction\",\"target\":[\"https:\\\/\\\/fleximarkshop-stage.nordlo.it\\\/produkt\\\/parthylsor-pt-v-45-a-z\\\/\"]}]},{\"@type\":\"ImageObject\",\"inLanguage\":\"en-US\",\"@id\":\"https:\\\/\\\/fleximarkshop-stage.nordlo.it\\\/produkt\\\/parthylsor-pt-v-45-a-z\\\/#primaryimage\",\"url\":\"https:\\\/\\\/fleximarkshop-stage.nordlo.it\\\/wp-content\\\/uploads\\\/PARTHYLSA_PTV45_A-Z.jpg\",\"contentUrl\":\"https:\\\/\\\/fleximarkshop-stage.nordlo.it\\\/wp-content\\\/uploads\\\/PARTHYLSA_PTV45_A-Z.jpg\",\"width\":1063,\"height\":506,\"caption\":\"Parthylsor PT-V\"},{\"@type\":\"BreadcrumbList\",\"@id\":\"https:\\\/\\\/fleximarkshop-stage.nordlo.it\\\/produkt\\\/parthylsor-pt-v-45-a-z\\\/#breadcrumb\",\"itemListElement\":[{\"@type\":\"ListItem\",\"position\":1,\"name\":\"Hem\",\"item\":\"https:\\\/\\\/fleximarkshop-stage.nordlo.it\\\/\"},{\"@type\":\"ListItem\",\"position\":2,\"name\":\"Webbutik\",\"item\":\"https:\\\/\\\/fleximarkshop-stage.nordlo.it\\\/butik\\\/\"},{\"@type\":\"ListItem\",\"position\":3,\"name\":\"Parthylsa PT-V+45 A-Z Ledardiameter 2,2-5 mm\"}]},{\"@type\":\"WebSite\",\"@id\":\"https:\\\/\\\/fleximarkshop-stage.nordlo.it\\\/#website\",\"url\":\"https:\\\/\\\/fleximarkshop-stage.nordlo.it\\\/\",\"name\":\"FleximarkShop\",\"description\":\"M\u00e4rkning &amp; M\u00e4rksystem online\",\"publisher\":{\"@id\":\"https:\\\/\\\/fleximarkshop-stage.nordlo.it\\\/#organization\"},\"potentialAction\":[{\"@type\":\"SearchAction\",\"target\":{\"@type\":\"EntryPoint\",\"urlTemplate\":\"https:\\\/\\\/fleximarkshop-stage.nordlo.it\\\/?s={search_term_string}\"},\"query-input\":{\"@type\":\"PropertyValueSpecification\",\"valueRequired\":true,\"valueName\":\"search_term_string\"}}],\"inLanguage\":\"en-US\"},{\"@type\":\"Organization\",\"@id\":\"https:\\\/\\\/fleximarkshop-stage.nordlo.it\\\/#organization\",\"name\":\"FleximarkShop\",\"url\":\"https:\\\/\\\/fleximarkshop-stage.nordlo.it\\\/\",\"logo\":{\"@type\":\"ImageObject\",\"inLanguage\":\"en-US\",\"@id\":\"https:\\\/\\\/fleximarkshop-stage.nordlo.it\\\/#\\\/schema\\\/logo\\\/image\\\/\",\"url\":\"https:\\\/\\\/fleximarkshop-stage.nordlo.it\\\/wp-content\\\/uploads\\\/fleximark-logo.png\",\"contentUrl\":\"https:\\\/\\\/fleximarkshop-stage.nordlo.it\\\/wp-content\\\/uploads\\\/fleximark-logo.png\",\"width\":600,\"height\":80,\"caption\":\"FleximarkShop\"},\"image\":{\"@id\":\"https:\\\/\\\/fleximarkshop-stage.nordlo.it\\\/#\\\/schema\\\/logo\\\/image\\\/\"}}]}<\/script>\n<!-- \/ Yoast SEO plugin. -->","yoast_head_json":{"title":"Parthylsa PT-V+45 A-Z Ledardiameter 2,2-5 mm - FleximarkShop","description":"Parthylsor med standardtecken f\u00f6r partm\u00e4rkning. Hylsorna levereras p\u00e5 rulle och monteras enkelt p\u00e5 ledare eller tunn kabel.","robots":{"index":"noindex","follow":"follow","max-snippet":"max-snippet:-1","max-image-preview":"max-image-preview:large","max-video-preview":"max-video-preview:-1"},"og_locale":"en_US","og_type":"article","og_title":"Parthylsa PT-V+45 A-Z Ledardiameter 2,2-5 mm - FleximarkShop","og_description":"Parthylsor med standardtecken f\u00f6r partm\u00e4rkning. Hylsorna levereras p\u00e5 rulle och monteras enkelt p\u00e5 ledare eller tunn kabel.","og_url":"https:\/\/fleximarkshop-stage.nordlo.it\/en\/product\/parthylsor-pt-v-45-a-z\/","og_site_name":"FleximarkShop","article_modified_time":"2022-02-09T08:03:08+00:00","og_image":[{"width":1063,"height":506,"url":"https:\/\/fleximarkshop-stage.nordlo.it\/wp-content\/uploads\/PARTHYLSA_PTV45_A-Z.jpg","type":"image\/jpeg"}],"twitter_card":"summary_large_image","schema":{"@context":"https:\/\/schema.org","@graph":[{"@type":"WebPage","@id":"https:\/\/fleximarkshop-stage.nordlo.it\/produkt\/parthylsor-pt-v-45-a-z\/","url":"https:\/\/fleximarkshop-stage.nordlo.it\/produkt\/parthylsor-pt-v-45-a-z\/","name":"Parthylsa PT-V+45 A-Z Ledardiameter 2,2-5 mm - FleximarkShop","isPartOf":{"@id":"https:\/\/fleximarkshop-stage.nordlo.it\/#website"},"primaryImageOfPage":{"@id":"https:\/\/fleximarkshop-stage.nordlo.it\/produkt\/parthylsor-pt-v-45-a-z\/#primaryimage"},"image":{"@id":"https:\/\/fleximarkshop-stage.nordlo.it\/produkt\/parthylsor-pt-v-45-a-z\/#primaryimage"},"thumbnailUrl":"https:\/\/fleximarkshop-stage.nordlo.it\/wp-content\/uploads\/PARTHYLSA_PTV45_A-Z.jpg","datePublished":"2016-01-26T14:11:38+00:00","dateModified":"2022-02-09T08:03:08+00:00","description":"Parthylsor med standardtecken f\u00f6r partm\u00e4rkning. Hylsorna levereras p\u00e5 rulle och monteras enkelt p\u00e5 ledare eller tunn kabel.","breadcrumb":{"@id":"https:\/\/fleximarkshop-stage.nordlo.it\/produkt\/parthylsor-pt-v-45-a-z\/#breadcrumb"},"inLanguage":"en-US","potentialAction":[{"@type":"ReadAction","target":["https:\/\/fleximarkshop-stage.nordlo.it\/produkt\/parthylsor-pt-v-45-a-z\/"]}]},{"@type":"ImageObject","inLanguage":"en-US","@id":"https:\/\/fleximarkshop-stage.nordlo.it\/produkt\/parthylsor-pt-v-45-a-z\/#primaryimage","url":"https:\/\/fleximarkshop-stage.nordlo.it\/wp-content\/uploads\/PARTHYLSA_PTV45_A-Z.jpg","contentUrl":"https:\/\/fleximarkshop-stage.nordlo.it\/wp-content\/uploads\/PARTHYLSA_PTV45_A-Z.jpg","width":1063,"height":506,"caption":"Parthylsor PT-V"},{"@type":"BreadcrumbList","@id":"https:\/\/fleximarkshop-stage.nordlo.it\/produkt\/parthylsor-pt-v-45-a-z\/#breadcrumb","itemListElement":[{"@type":"ListItem","position":1,"name":"Hem","item":"https:\/\/fleximarkshop-stage.nordlo.it\/"},{"@type":"ListItem","position":2,"name":"Webbutik","item":"https:\/\/fleximarkshop-stage.nordlo.it\/butik\/"},{"@type":"ListItem","position":3,"name":"Parthylsa PT-V+45 A-Z Ledardiameter 2,2-5 mm"}]},{"@type":"WebSite","@id":"https:\/\/fleximarkshop-stage.nordlo.it\/#website","url":"https:\/\/fleximarkshop-stage.nordlo.it\/","name":"FleximarkShop","description":"M\u00e4rkning &amp; M\u00e4rksystem online","publisher":{"@id":"https:\/\/fleximarkshop-stage.nordlo.it\/#organization"},"potentialAction":[{"@type":"SearchAction","target":{"@type":"EntryPoint","urlTemplate":"https:\/\/fleximarkshop-stage.nordlo.it\/?s={search_term_string}"},"query-input":{"@type":"PropertyValueSpecification","valueRequired":true,"valueName":"search_term_string"}}],"inLanguage":"en-US"},{"@type":"Organization","@id":"https:\/\/fleximarkshop-stage.nordlo.it\/#organization","name":"FleximarkShop","url":"https:\/\/fleximarkshop-stage.nordlo.it\/","logo":{"@type":"ImageObject","inLanguage":"en-US","@id":"https:\/\/fleximarkshop-stage.nordlo.it\/#\/schema\/logo\/image\/","url":"https:\/\/fleximarkshop-stage.nordlo.it\/wp-content\/uploads\/fleximark-logo.png","contentUrl":"https:\/\/fleximarkshop-stage.nordlo.it\/wp-content\/uploads\/fleximark-logo.png","width":600,"height":80,"caption":"FleximarkShop"},"image":{"@id":"https:\/\/fleximarkshop-stage.nordlo.it\/#\/schema\/logo\/image\/"}}]}},"_links":{"self":[{"href":"https:\/\/fleximarkshop-stage.nordlo.it\/en\/wp-json\/wp\/v2\/product\/2808","targetHints":{"allow":["GET"]}}],"collection":[{"href":"https:\/\/fleximarkshop-stage.nordlo.it\/en\/wp-json\/wp\/v2\/product"}],"about":[{"href":"https:\/\/fleximarkshop-stage.nordlo.it\/en\/wp-json\/wp\/v2\/types\/product"}],"wp:featuredmedia":[{"embeddable":true,"href":"https:\/\/fleximarkshop-stage.nordlo.it\/en\/wp-json\/wp\/v2\/media\/2807"}],"wp:attachment":[{"href":"https:\/\/fleximarkshop-stage.nordlo.it\/en\/wp-json\/wp\/v2\/media?parent=2808"}],"wp:term":[{"taxonomy":"product_brand","embeddable":true,"href":"https:\/\/fleximarkshop-stage.nordlo.it\/en\/wp-json\/wp\/v2\/product_brand?post=2808"},{"taxonomy":"product_cat","embeddable":true,"href":"https:\/\/fleximarkshop-stage.nordlo.it\/en\/wp-json\/wp\/v2\/product_cat?post=2808"},{"taxonomy":"product_tag","embeddable":true,"href":"https:\/\/fleximarkshop-stage.nordlo.it\/en\/wp-json\/wp\/v2\/product_tag?post=2808"}],"curies":[{"name":"wp","href":"https:\/\/api.w.org\/{rel}","templated":true}]}}