{"id":2898,"date":"2016-01-28T09:33:22","date_gmt":"2016-01-28T09:33:22","guid":{"rendered":"https:\/\/fleximark\/produkt\/flat-krympslang-12-4-wt\/"},"modified":"2022-02-10T12:28:02","modified_gmt":"2022-02-10T12:28:02","slug":"flat-krympslang-12-4-wt","status":"publish","type":"product","link":"https:\/\/fleximarkshop-stage.nordlo.it\/en\/product\/flat-krympslang-12-4-wt\/","title":{"rendered":"Flat krympslang 12\/4 WH"},"content":{"rendered":"<p>Krympslang, flat p\u00e5 rulle f\u00f6r kabelm\u00e4rkning och kabelreparation. Formgiven f\u00f6r CAB EOS termotransferskrivare.<br \/>\nTillg\u00e4nglig i ett flertal f\u00e4rger.<\/p>\n<p><b>Material: <\/b>Polyolefin (godk\u00e4nd av UL och CSA)<br \/>\n<b>Operating temperature: <\/b>-55\u00b0C t ill +135\u00b0C<br \/>\n<b>Krympf\u00f6rh\u00e5llanden:<\/b> 3:1<br \/>\n<b>F\u00e4rg: <\/b>Vit<br \/>\n<b>Godk\u00e4nd: <\/b>UL 224<\/p>\n<p><strong>Godk\u00e4nnanden:<\/strong><br \/>\nUL 224, 125\u00b0 UL cert. E22811<br \/>\nCSA C 22.22 No. 198.1-98, OFT<br \/>\nAMS-DTL -23053\/5 class 1<br \/>\nNSA 937201<br \/>\nSAE AS81531 4.6.2<br \/>\nMIL-STD-202G method 215K<\/p>","protected":false},"excerpt":{"rendered":"<p>Kabelm\u00e4rkningen \u00e4r producerad av en flexibel polyolefin slang<br \/>\nAnv\u00e4nds inom olika anv\u00e4ndningsomr\u00e5den, s\u00e5som reparation av kablar med installerade kontaktdon, bunta ihop kablar, kabelm\u00e4rkning p\u00e5 grova kablar m.m.<br \/>\nH\u00f6ga krympf\u00f6rh\u00e5llanden, 3:1<\/p>","protected":false},"featured_media":2897,"template":"","meta":{"_acf_changed":false},"product_brand":[],"product_cat":[],"product_tag":[],"class_list":{"0":"post-2898","1":"product","2":"type-product","3":"status-publish","4":"has-post-thumbnail","6":"pa_antal_meter-207","7":"pa_fargband-870","8":"pa_forpackningsenhet-369","9":"pa_nav_item_discount_group-845","10":"sales-flash-overlay","11":"woocommerce-text-align-center","12":"woocommerce-image-align-center","13":"do-quantity-buttons","14":"wc-has-gallery","16":"first","17":"instock","18":"taxable","19":"shipping-taxable","20":"purchasable","21":"product-type-simple"},"acf":[],"yoast_head":"<!-- This site is optimized with the Yoast SEO plugin v27.3 - https:\/\/yoast.com\/product\/yoast-seo-wordpress\/ -->\n<title>Flat krympslang 12\/4 WH - FleximarkShop<\/title>\n<meta name=\"robots\" content=\"noindex, follow, max-snippet:-1, max-image-preview:large, max-video-preview:-1\" \/>\n<meta property=\"og:locale\" content=\"en_US\" \/>\n<meta property=\"og:type\" content=\"article\" \/>\n<meta property=\"og:title\" content=\"Flat krympslang 12\/4 WH - FleximarkShop\" \/>\n<meta property=\"og:description\" content=\"Kabelm\u00e4rkningen \u00e4r producerad av en flexibel polyolefin slang Anv\u00e4nds inom olika anv\u00e4ndningsomr\u00e5den, s\u00e5som reparation av kablar med installerade kontaktdon, bunta ihop kablar, kabelm\u00e4rkning p\u00e5 grova kablar m.m. H\u00f6ga krympf\u00f6rh\u00e5llanden, 3:1\" \/>\n<meta property=\"og:url\" content=\"https:\/\/fleximarkshop-stage.nordlo.it\/en\/product\/flat-krympslang-12-4-wt\/\" \/>\n<meta property=\"og:site_name\" content=\"FleximarkShop\" \/>\n<meta property=\"article:modified_time\" content=\"2022-02-10T12:28:02+00:00\" \/>\n<meta property=\"og:image\" content=\"https:\/\/fleximarkshop-stage.nordlo.it\/wp-content\/uploads\/83251693.jpg\" \/>\n\t<meta property=\"og:image:width\" content=\"1048\" \/>\n\t<meta property=\"og:image:height\" content=\"1048\" \/>\n\t<meta property=\"og:image:type\" content=\"image\/jpeg\" \/>\n<meta name=\"twitter:card\" content=\"summary_large_image\" \/>\n<meta name=\"twitter:label1\" content=\"Est. reading time\" \/>\n\t<meta name=\"twitter:data1\" content=\"1 minute\" \/>\n<script type=\"application\/ld+json\" class=\"yoast-schema-graph\">{\"@context\":\"https:\\\/\\\/schema.org\",\"@graph\":[{\"@type\":\"WebPage\",\"@id\":\"https:\\\/\\\/fleximarkshop-stage.nordlo.it\\\/produkt\\\/flat-krympslang-12-4-wt\\\/\",\"url\":\"https:\\\/\\\/fleximarkshop-stage.nordlo.it\\\/produkt\\\/flat-krympslang-12-4-wt\\\/\",\"name\":\"Flat krympslang 12\\\/4 WH - FleximarkShop\",\"isPartOf\":{\"@id\":\"https:\\\/\\\/fleximarkshop-stage.nordlo.it\\\/#website\"},\"primaryImageOfPage\":{\"@id\":\"https:\\\/\\\/fleximarkshop-stage.nordlo.it\\\/produkt\\\/flat-krympslang-12-4-wt\\\/#primaryimage\"},\"image\":{\"@id\":\"https:\\\/\\\/fleximarkshop-stage.nordlo.it\\\/produkt\\\/flat-krympslang-12-4-wt\\\/#primaryimage\"},\"thumbnailUrl\":\"https:\\\/\\\/fleximarkshop-stage.nordlo.it\\\/wp-content\\\/uploads\\\/83251693.jpg\",\"datePublished\":\"2016-01-28T09:33:22+00:00\",\"dateModified\":\"2022-02-10T12:28:02+00:00\",\"breadcrumb\":{\"@id\":\"https:\\\/\\\/fleximarkshop-stage.nordlo.it\\\/produkt\\\/flat-krympslang-12-4-wt\\\/#breadcrumb\"},\"inLanguage\":\"en-US\",\"potentialAction\":[{\"@type\":\"ReadAction\",\"target\":[\"https:\\\/\\\/fleximarkshop-stage.nordlo.it\\\/produkt\\\/flat-krympslang-12-4-wt\\\/\"]}]},{\"@type\":\"ImageObject\",\"inLanguage\":\"en-US\",\"@id\":\"https:\\\/\\\/fleximarkshop-stage.nordlo.it\\\/produkt\\\/flat-krympslang-12-4-wt\\\/#primaryimage\",\"url\":\"https:\\\/\\\/fleximarkshop-stage.nordlo.it\\\/wp-content\\\/uploads\\\/83251693.jpg\",\"contentUrl\":\"https:\\\/\\\/fleximarkshop-stage.nordlo.it\\\/wp-content\\\/uploads\\\/83251693.jpg\",\"width\":1048,\"height\":1048,\"caption\":\"Flat krympslang\"},{\"@type\":\"BreadcrumbList\",\"@id\":\"https:\\\/\\\/fleximarkshop-stage.nordlo.it\\\/produkt\\\/flat-krympslang-12-4-wt\\\/#breadcrumb\",\"itemListElement\":[{\"@type\":\"ListItem\",\"position\":1,\"name\":\"Hem\",\"item\":\"https:\\\/\\\/fleximarkshop-stage.nordlo.it\\\/\"},{\"@type\":\"ListItem\",\"position\":2,\"name\":\"Webbutik\",\"item\":\"https:\\\/\\\/fleximarkshop-stage.nordlo.it\\\/butik\\\/\"},{\"@type\":\"ListItem\",\"position\":3,\"name\":\"Flat krympslang 12\\\/4 WH\"}]},{\"@type\":\"WebSite\",\"@id\":\"https:\\\/\\\/fleximarkshop-stage.nordlo.it\\\/#website\",\"url\":\"https:\\\/\\\/fleximarkshop-stage.nordlo.it\\\/\",\"name\":\"FleximarkShop\",\"description\":\"M\u00e4rkning &amp; M\u00e4rksystem online\",\"publisher\":{\"@id\":\"https:\\\/\\\/fleximarkshop-stage.nordlo.it\\\/#organization\"},\"potentialAction\":[{\"@type\":\"SearchAction\",\"target\":{\"@type\":\"EntryPoint\",\"urlTemplate\":\"https:\\\/\\\/fleximarkshop-stage.nordlo.it\\\/?s={search_term_string}\"},\"query-input\":{\"@type\":\"PropertyValueSpecification\",\"valueRequired\":true,\"valueName\":\"search_term_string\"}}],\"inLanguage\":\"en-US\"},{\"@type\":\"Organization\",\"@id\":\"https:\\\/\\\/fleximarkshop-stage.nordlo.it\\\/#organization\",\"name\":\"FleximarkShop\",\"url\":\"https:\\\/\\\/fleximarkshop-stage.nordlo.it\\\/\",\"logo\":{\"@type\":\"ImageObject\",\"inLanguage\":\"en-US\",\"@id\":\"https:\\\/\\\/fleximarkshop-stage.nordlo.it\\\/#\\\/schema\\\/logo\\\/image\\\/\",\"url\":\"https:\\\/\\\/fleximarkshop-stage.nordlo.it\\\/wp-content\\\/uploads\\\/fleximark-logo.png\",\"contentUrl\":\"https:\\\/\\\/fleximarkshop-stage.nordlo.it\\\/wp-content\\\/uploads\\\/fleximark-logo.png\",\"width\":600,\"height\":80,\"caption\":\"FleximarkShop\"},\"image\":{\"@id\":\"https:\\\/\\\/fleximarkshop-stage.nordlo.it\\\/#\\\/schema\\\/logo\\\/image\\\/\"}}]}<\/script>\n<!-- \/ Yoast SEO plugin. -->","yoast_head_json":{"title":"Flat krympslang 12\/4 WH - FleximarkShop","robots":{"index":"noindex","follow":"follow","max-snippet":"max-snippet:-1","max-image-preview":"max-image-preview:large","max-video-preview":"max-video-preview:-1"},"og_locale":"en_US","og_type":"article","og_title":"Flat krympslang 12\/4 WH - FleximarkShop","og_description":"Kabelm\u00e4rkningen \u00e4r producerad av en flexibel polyolefin slang Anv\u00e4nds inom olika anv\u00e4ndningsomr\u00e5den, s\u00e5som reparation av kablar med installerade kontaktdon, bunta ihop kablar, kabelm\u00e4rkning p\u00e5 grova kablar m.m. H\u00f6ga krympf\u00f6rh\u00e5llanden, 3:1","og_url":"https:\/\/fleximarkshop-stage.nordlo.it\/en\/product\/flat-krympslang-12-4-wt\/","og_site_name":"FleximarkShop","article_modified_time":"2022-02-10T12:28:02+00:00","og_image":[{"width":1048,"height":1048,"url":"https:\/\/fleximarkshop-stage.nordlo.it\/wp-content\/uploads\/83251693.jpg","type":"image\/jpeg"}],"twitter_card":"summary_large_image","twitter_misc":{"Est. reading time":"1 minute"},"schema":{"@context":"https:\/\/schema.org","@graph":[{"@type":"WebPage","@id":"https:\/\/fleximarkshop-stage.nordlo.it\/produkt\/flat-krympslang-12-4-wt\/","url":"https:\/\/fleximarkshop-stage.nordlo.it\/produkt\/flat-krympslang-12-4-wt\/","name":"Flat krympslang 12\/4 WH - FleximarkShop","isPartOf":{"@id":"https:\/\/fleximarkshop-stage.nordlo.it\/#website"},"primaryImageOfPage":{"@id":"https:\/\/fleximarkshop-stage.nordlo.it\/produkt\/flat-krympslang-12-4-wt\/#primaryimage"},"image":{"@id":"https:\/\/fleximarkshop-stage.nordlo.it\/produkt\/flat-krympslang-12-4-wt\/#primaryimage"},"thumbnailUrl":"https:\/\/fleximarkshop-stage.nordlo.it\/wp-content\/uploads\/83251693.jpg","datePublished":"2016-01-28T09:33:22+00:00","dateModified":"2022-02-10T12:28:02+00:00","breadcrumb":{"@id":"https:\/\/fleximarkshop-stage.nordlo.it\/produkt\/flat-krympslang-12-4-wt\/#breadcrumb"},"inLanguage":"en-US","potentialAction":[{"@type":"ReadAction","target":["https:\/\/fleximarkshop-stage.nordlo.it\/produkt\/flat-krympslang-12-4-wt\/"]}]},{"@type":"ImageObject","inLanguage":"en-US","@id":"https:\/\/fleximarkshop-stage.nordlo.it\/produkt\/flat-krympslang-12-4-wt\/#primaryimage","url":"https:\/\/fleximarkshop-stage.nordlo.it\/wp-content\/uploads\/83251693.jpg","contentUrl":"https:\/\/fleximarkshop-stage.nordlo.it\/wp-content\/uploads\/83251693.jpg","width":1048,"height":1048,"caption":"Flat krympslang"},{"@type":"BreadcrumbList","@id":"https:\/\/fleximarkshop-stage.nordlo.it\/produkt\/flat-krympslang-12-4-wt\/#breadcrumb","itemListElement":[{"@type":"ListItem","position":1,"name":"Hem","item":"https:\/\/fleximarkshop-stage.nordlo.it\/"},{"@type":"ListItem","position":2,"name":"Webbutik","item":"https:\/\/fleximarkshop-stage.nordlo.it\/butik\/"},{"@type":"ListItem","position":3,"name":"Flat krympslang 12\/4 WH"}]},{"@type":"WebSite","@id":"https:\/\/fleximarkshop-stage.nordlo.it\/#website","url":"https:\/\/fleximarkshop-stage.nordlo.it\/","name":"FleximarkShop","description":"M\u00e4rkning &amp; M\u00e4rksystem online","publisher":{"@id":"https:\/\/fleximarkshop-stage.nordlo.it\/#organization"},"potentialAction":[{"@type":"SearchAction","target":{"@type":"EntryPoint","urlTemplate":"https:\/\/fleximarkshop-stage.nordlo.it\/?s={search_term_string}"},"query-input":{"@type":"PropertyValueSpecification","valueRequired":true,"valueName":"search_term_string"}}],"inLanguage":"en-US"},{"@type":"Organization","@id":"https:\/\/fleximarkshop-stage.nordlo.it\/#organization","name":"FleximarkShop","url":"https:\/\/fleximarkshop-stage.nordlo.it\/","logo":{"@type":"ImageObject","inLanguage":"en-US","@id":"https:\/\/fleximarkshop-stage.nordlo.it\/#\/schema\/logo\/image\/","url":"https:\/\/fleximarkshop-stage.nordlo.it\/wp-content\/uploads\/fleximark-logo.png","contentUrl":"https:\/\/fleximarkshop-stage.nordlo.it\/wp-content\/uploads\/fleximark-logo.png","width":600,"height":80,"caption":"FleximarkShop"},"image":{"@id":"https:\/\/fleximarkshop-stage.nordlo.it\/#\/schema\/logo\/image\/"}}]}},"_links":{"self":[{"href":"https:\/\/fleximarkshop-stage.nordlo.it\/en\/wp-json\/wp\/v2\/product\/2898","targetHints":{"allow":["GET"]}}],"collection":[{"href":"https:\/\/fleximarkshop-stage.nordlo.it\/en\/wp-json\/wp\/v2\/product"}],"about":[{"href":"https:\/\/fleximarkshop-stage.nordlo.it\/en\/wp-json\/wp\/v2\/types\/product"}],"wp:featuredmedia":[{"embeddable":true,"href":"https:\/\/fleximarkshop-stage.nordlo.it\/en\/wp-json\/wp\/v2\/media\/2897"}],"wp:attachment":[{"href":"https:\/\/fleximarkshop-stage.nordlo.it\/en\/wp-json\/wp\/v2\/media?parent=2898"}],"wp:term":[{"taxonomy":"product_brand","embeddable":true,"href":"https:\/\/fleximarkshop-stage.nordlo.it\/en\/wp-json\/wp\/v2\/product_brand?post=2898"},{"taxonomy":"product_cat","embeddable":true,"href":"https:\/\/fleximarkshop-stage.nordlo.it\/en\/wp-json\/wp\/v2\/product_cat?post=2898"},{"taxonomy":"product_tag","embeddable":true,"href":"https:\/\/fleximarkshop-stage.nordlo.it\/en\/wp-json\/wp\/v2\/product_tag?post=2898"}],"curies":[{"name":"wp","href":"https:\/\/api.w.org\/{rel}","templated":true}]}}