{"id":2974,"date":"2016-01-29T08:13:30","date_gmt":"2016-01-29T08:13:30","guid":{"rendered":"https:\/\/fleximark\/produkt\/organiserad-krympslang-gul\/"},"modified":"2022-02-10T08:59:11","modified_gmt":"2022-02-10T08:59:11","slug":"organiserad-krympslang-gul","status":"publish","type":"product","link":"https:\/\/fleximarkshop-stage.nordlo.it\/en\/product\/organiserad-krympslang-gul\/","title":{"rendered":"Organized shrink tubing yellow 3: 1"},"content":{"rendered":"<p>Organiserad halogenfri krympslang f\u00f6r part och kabelm\u00e4rkning. Formgiven f\u00f6r CAB EOS skrivare. Bra resistens mot kemikalier.<\/p>\n<p><b>Material: <\/b>Polyolefin \/ F\u00e4rg: gul<br \/>\n<b>Krympf\u00f6rh\u00e5llanden: <\/b>3:1<br \/>\n<b>Operating temperature: <\/b>-55\u00b0C to +135\u00b0C<br \/>\n<b>Minimum krymptemperatur:<\/b> &gt;90\u00b0C<br \/>\n<strong>UL224 godk\u00e4nd<\/strong><\/p>","protected":false},"excerpt":{"rendered":"<p>\u2022 Reliable and rational handling of shrink tubing marking<br \/>\n\u2022 Printed using thermal transfer printers<br \/>\n\u2022 Sj\u00e4lvsl\u00e4ckande polyolefin (UL224 godk\u00e4nd)<br \/>\n\u2022 Krympf\u00f6rh\u00e5llande 3:1<\/p>\n<p><a title=\"Organiserad krympslang 3:1\" href=\"https:\/\/fleximarkshop-stage.nordlo.it\/wp-content\/uploads\/DB83260219EN_Organized_shrink_tube.pdf\" target=\"_blank\" rel=\"noopener\"><span style=\"color: #ff9900;\"><strong>Product data sheet<\/strong><\/span><\/a><\/p>","protected":false},"featured_media":3872,"template":"","meta":{"_acf_changed":false},"product_brand":[],"product_cat":[953,943,909,903,918],"product_tag":[],"class_list":{"0":"post-2974","1":"product","2":"type-product","3":"status-publish","4":"has-post-thumbnail","6":"product_cat-plastbuntband","7":"product_cat-ledningsmarkning","8":"product_cat-markning","9":"product_cat-markprodukter","10":"product_cat-tillbehor","11":"pa_filter_ett-termotransferutskrift","12":"pa_filter_tva-kemikalieresistent","13":"pa_forpackningsenhet-369","14":"sales-flash-overlay","15":"woocommerce-text-align-center","16":"woocommerce-image-align-center","17":"do-quantity-buttons","18":"wc-has-gallery","20":"first","21":"instock","22":"taxable","23":"shipping-taxable","24":"product-type-grouped"},"acf":[],"yoast_head":"<!-- This site is optimized with the Yoast SEO plugin v27.4 - https:\/\/yoast.com\/product\/yoast-seo-wordpress\/ -->\n<title>Organiserad krympslang gul 3:1 - FleximarkShop<\/title>\n<meta name=\"description\" content=\"Organiserad krympslang f\u00f6r partm\u00e4rkning. P\u00e5 rulle f\u00f6r termotransferutskrift. Slangens form g\u00f6r att den sitter p\u00e5 plats runt kabeln.\" \/>\n<meta name=\"robots\" content=\"noindex, follow, max-snippet:-1, max-image-preview:large, max-video-preview:-1\" \/>\n<meta property=\"og:locale\" content=\"en_US\" \/>\n<meta property=\"og:type\" content=\"article\" \/>\n<meta property=\"og:title\" content=\"Organiserad krympslang gul 3:1 - FleximarkShop\" \/>\n<meta property=\"og:description\" content=\"Organiserad krympslang f\u00f6r partm\u00e4rkning. P\u00e5 rulle f\u00f6r termotransferutskrift. Slangens form g\u00f6r att den sitter p\u00e5 plats runt kabeln.\" \/>\n<meta property=\"og:url\" content=\"https:\/\/fleximarkshop-stage.nordlo.it\/en\/product\/organiserad-krympslang-gul\/\" \/>\n<meta property=\"og:site_name\" content=\"FleximarkShop\" \/>\n<meta property=\"article:modified_time\" content=\"2022-02-10T08:59:11+00:00\" \/>\n<meta property=\"og:image\" content=\"https:\/\/fleximarkshop-stage.nordlo.it\/wp-content\/uploads\/KRYMP_GUL_ORG_HALFR_2.jpg\" \/>\n\t<meta property=\"og:image:width\" content=\"1048\" \/>\n\t<meta property=\"og:image:height\" content=\"533\" \/>\n\t<meta property=\"og:image:type\" content=\"image\/jpeg\" \/>\n<meta name=\"twitter:card\" content=\"summary_large_image\" \/>\n<meta name=\"twitter:label1\" content=\"Est. reading time\" \/>\n\t<meta name=\"twitter:data1\" content=\"1 minute\" \/>\n<script type=\"application\/ld+json\" class=\"yoast-schema-graph\">{\"@context\":\"https:\\\/\\\/schema.org\",\"@graph\":[{\"@type\":\"WebPage\",\"@id\":\"https:\\\/\\\/fleximarkshop-stage.nordlo.it\\\/produkt\\\/organiserad-krympslang-gul\\\/\",\"url\":\"https:\\\/\\\/fleximarkshop-stage.nordlo.it\\\/produkt\\\/organiserad-krympslang-gul\\\/\",\"name\":\"Organiserad krympslang gul 3:1 - FleximarkShop\",\"isPartOf\":{\"@id\":\"https:\\\/\\\/fleximarkshop-stage.nordlo.it\\\/#website\"},\"primaryImageOfPage\":{\"@id\":\"https:\\\/\\\/fleximarkshop-stage.nordlo.it\\\/produkt\\\/organiserad-krympslang-gul\\\/#primaryimage\"},\"image\":{\"@id\":\"https:\\\/\\\/fleximarkshop-stage.nordlo.it\\\/produkt\\\/organiserad-krympslang-gul\\\/#primaryimage\"},\"thumbnailUrl\":\"https:\\\/\\\/fleximarkshop-stage.nordlo.it\\\/wp-content\\\/uploads\\\/KRYMP_GUL_ORG_HALFR_2.jpg\",\"datePublished\":\"2016-01-29T08:13:30+00:00\",\"dateModified\":\"2022-02-10T08:59:11+00:00\",\"description\":\"Organiserad krympslang f\u00f6r partm\u00e4rkning. P\u00e5 rulle f\u00f6r termotransferutskrift. Slangens form g\u00f6r att den sitter p\u00e5 plats runt kabeln.\",\"breadcrumb\":{\"@id\":\"https:\\\/\\\/fleximarkshop-stage.nordlo.it\\\/produkt\\\/organiserad-krympslang-gul\\\/#breadcrumb\"},\"inLanguage\":\"en-US\",\"potentialAction\":[{\"@type\":\"ReadAction\",\"target\":[\"https:\\\/\\\/fleximarkshop-stage.nordlo.it\\\/produkt\\\/organiserad-krympslang-gul\\\/\"]}]},{\"@type\":\"ImageObject\",\"inLanguage\":\"en-US\",\"@id\":\"https:\\\/\\\/fleximarkshop-stage.nordlo.it\\\/produkt\\\/organiserad-krympslang-gul\\\/#primaryimage\",\"url\":\"https:\\\/\\\/fleximarkshop-stage.nordlo.it\\\/wp-content\\\/uploads\\\/KRYMP_GUL_ORG_HALFR_2.jpg\",\"contentUrl\":\"https:\\\/\\\/fleximarkshop-stage.nordlo.it\\\/wp-content\\\/uploads\\\/KRYMP_GUL_ORG_HALFR_2.jpg\",\"width\":1048,\"height\":533,\"caption\":\"Organiserad krympslang gul, halogenfri-3594\"},{\"@type\":\"BreadcrumbList\",\"@id\":\"https:\\\/\\\/fleximarkshop-stage.nordlo.it\\\/produkt\\\/organiserad-krympslang-gul\\\/#breadcrumb\",\"itemListElement\":[{\"@type\":\"ListItem\",\"position\":1,\"name\":\"Hem\",\"item\":\"https:\\\/\\\/fleximarkshop-stage.nordlo.it\\\/\"},{\"@type\":\"ListItem\",\"position\":2,\"name\":\"Webbutik\",\"item\":\"https:\\\/\\\/fleximarkshop-stage.nordlo.it\\\/butik\\\/\"},{\"@type\":\"ListItem\",\"position\":3,\"name\":\"Organiserad krympslang gul 3:1\"}]},{\"@type\":\"WebSite\",\"@id\":\"https:\\\/\\\/fleximarkshop-stage.nordlo.it\\\/#website\",\"url\":\"https:\\\/\\\/fleximarkshop-stage.nordlo.it\\\/\",\"name\":\"FleximarkShop\",\"description\":\"M\u00e4rkning &amp; M\u00e4rksystem online\",\"publisher\":{\"@id\":\"https:\\\/\\\/fleximarkshop-stage.nordlo.it\\\/#organization\"},\"potentialAction\":[{\"@type\":\"SearchAction\",\"target\":{\"@type\":\"EntryPoint\",\"urlTemplate\":\"https:\\\/\\\/fleximarkshop-stage.nordlo.it\\\/?s={search_term_string}\"},\"query-input\":{\"@type\":\"PropertyValueSpecification\",\"valueRequired\":true,\"valueName\":\"search_term_string\"}}],\"inLanguage\":\"en-US\"},{\"@type\":\"Organization\",\"@id\":\"https:\\\/\\\/fleximarkshop-stage.nordlo.it\\\/#organization\",\"name\":\"FleximarkShop\",\"url\":\"https:\\\/\\\/fleximarkshop-stage.nordlo.it\\\/\",\"logo\":{\"@type\":\"ImageObject\",\"inLanguage\":\"en-US\",\"@id\":\"https:\\\/\\\/fleximarkshop-stage.nordlo.it\\\/#\\\/schema\\\/logo\\\/image\\\/\",\"url\":\"https:\\\/\\\/fleximarkshop-stage.nordlo.it\\\/wp-content\\\/uploads\\\/fleximark-logo.png\",\"contentUrl\":\"https:\\\/\\\/fleximarkshop-stage.nordlo.it\\\/wp-content\\\/uploads\\\/fleximark-logo.png\",\"width\":600,\"height\":80,\"caption\":\"FleximarkShop\"},\"image\":{\"@id\":\"https:\\\/\\\/fleximarkshop-stage.nordlo.it\\\/#\\\/schema\\\/logo\\\/image\\\/\"}}]}<\/script>\n<!-- \/ Yoast SEO plugin. -->","yoast_head_json":{"title":"Organiserad krympslang gul 3:1 - FleximarkShop","description":"Organiserad krympslang f\u00f6r partm\u00e4rkning. P\u00e5 rulle f\u00f6r termotransferutskrift. Slangens form g\u00f6r att den sitter p\u00e5 plats runt kabeln.","robots":{"index":"noindex","follow":"follow","max-snippet":"max-snippet:-1","max-image-preview":"max-image-preview:large","max-video-preview":"max-video-preview:-1"},"og_locale":"en_US","og_type":"article","og_title":"Organiserad krympslang gul 3:1 - FleximarkShop","og_description":"Organiserad krympslang f\u00f6r partm\u00e4rkning. P\u00e5 rulle f\u00f6r termotransferutskrift. Slangens form g\u00f6r att den sitter p\u00e5 plats runt kabeln.","og_url":"https:\/\/fleximarkshop-stage.nordlo.it\/en\/product\/organiserad-krympslang-gul\/","og_site_name":"FleximarkShop","article_modified_time":"2022-02-10T08:59:11+00:00","og_image":[{"width":1048,"height":533,"url":"https:\/\/fleximarkshop-stage.nordlo.it\/wp-content\/uploads\/KRYMP_GUL_ORG_HALFR_2.jpg","type":"image\/jpeg"}],"twitter_card":"summary_large_image","twitter_misc":{"Est. reading time":"1 minute"},"schema":{"@context":"https:\/\/schema.org","@graph":[{"@type":"WebPage","@id":"https:\/\/fleximarkshop-stage.nordlo.it\/produkt\/organiserad-krympslang-gul\/","url":"https:\/\/fleximarkshop-stage.nordlo.it\/produkt\/organiserad-krympslang-gul\/","name":"Organiserad krympslang gul 3:1 - FleximarkShop","isPartOf":{"@id":"https:\/\/fleximarkshop-stage.nordlo.it\/#website"},"primaryImageOfPage":{"@id":"https:\/\/fleximarkshop-stage.nordlo.it\/produkt\/organiserad-krympslang-gul\/#primaryimage"},"image":{"@id":"https:\/\/fleximarkshop-stage.nordlo.it\/produkt\/organiserad-krympslang-gul\/#primaryimage"},"thumbnailUrl":"https:\/\/fleximarkshop-stage.nordlo.it\/wp-content\/uploads\/KRYMP_GUL_ORG_HALFR_2.jpg","datePublished":"2016-01-29T08:13:30+00:00","dateModified":"2022-02-10T08:59:11+00:00","description":"Organiserad krympslang f\u00f6r partm\u00e4rkning. P\u00e5 rulle f\u00f6r termotransferutskrift. Slangens form g\u00f6r att den sitter p\u00e5 plats runt kabeln.","breadcrumb":{"@id":"https:\/\/fleximarkshop-stage.nordlo.it\/produkt\/organiserad-krympslang-gul\/#breadcrumb"},"inLanguage":"en-US","potentialAction":[{"@type":"ReadAction","target":["https:\/\/fleximarkshop-stage.nordlo.it\/produkt\/organiserad-krympslang-gul\/"]}]},{"@type":"ImageObject","inLanguage":"en-US","@id":"https:\/\/fleximarkshop-stage.nordlo.it\/produkt\/organiserad-krympslang-gul\/#primaryimage","url":"https:\/\/fleximarkshop-stage.nordlo.it\/wp-content\/uploads\/KRYMP_GUL_ORG_HALFR_2.jpg","contentUrl":"https:\/\/fleximarkshop-stage.nordlo.it\/wp-content\/uploads\/KRYMP_GUL_ORG_HALFR_2.jpg","width":1048,"height":533,"caption":"Organiserad krympslang gul, halogenfri-3594"},{"@type":"BreadcrumbList","@id":"https:\/\/fleximarkshop-stage.nordlo.it\/produkt\/organiserad-krympslang-gul\/#breadcrumb","itemListElement":[{"@type":"ListItem","position":1,"name":"Hem","item":"https:\/\/fleximarkshop-stage.nordlo.it\/"},{"@type":"ListItem","position":2,"name":"Webbutik","item":"https:\/\/fleximarkshop-stage.nordlo.it\/butik\/"},{"@type":"ListItem","position":3,"name":"Organiserad krympslang gul 3:1"}]},{"@type":"WebSite","@id":"https:\/\/fleximarkshop-stage.nordlo.it\/#website","url":"https:\/\/fleximarkshop-stage.nordlo.it\/","name":"FleximarkShop","description":"M\u00e4rkning &amp; M\u00e4rksystem online","publisher":{"@id":"https:\/\/fleximarkshop-stage.nordlo.it\/#organization"},"potentialAction":[{"@type":"SearchAction","target":{"@type":"EntryPoint","urlTemplate":"https:\/\/fleximarkshop-stage.nordlo.it\/?s={search_term_string}"},"query-input":{"@type":"PropertyValueSpecification","valueRequired":true,"valueName":"search_term_string"}}],"inLanguage":"en-US"},{"@type":"Organization","@id":"https:\/\/fleximarkshop-stage.nordlo.it\/#organization","name":"FleximarkShop","url":"https:\/\/fleximarkshop-stage.nordlo.it\/","logo":{"@type":"ImageObject","inLanguage":"en-US","@id":"https:\/\/fleximarkshop-stage.nordlo.it\/#\/schema\/logo\/image\/","url":"https:\/\/fleximarkshop-stage.nordlo.it\/wp-content\/uploads\/fleximark-logo.png","contentUrl":"https:\/\/fleximarkshop-stage.nordlo.it\/wp-content\/uploads\/fleximark-logo.png","width":600,"height":80,"caption":"FleximarkShop"},"image":{"@id":"https:\/\/fleximarkshop-stage.nordlo.it\/#\/schema\/logo\/image\/"}}]}},"_links":{"self":[{"href":"https:\/\/fleximarkshop-stage.nordlo.it\/en\/wp-json\/wp\/v2\/product\/2974","targetHints":{"allow":["GET"]}}],"collection":[{"href":"https:\/\/fleximarkshop-stage.nordlo.it\/en\/wp-json\/wp\/v2\/product"}],"about":[{"href":"https:\/\/fleximarkshop-stage.nordlo.it\/en\/wp-json\/wp\/v2\/types\/product"}],"wp:featuredmedia":[{"embeddable":true,"href":"https:\/\/fleximarkshop-stage.nordlo.it\/en\/wp-json\/wp\/v2\/media\/3872"}],"wp:attachment":[{"href":"https:\/\/fleximarkshop-stage.nordlo.it\/en\/wp-json\/wp\/v2\/media?parent=2974"}],"wp:term":[{"taxonomy":"product_brand","embeddable":true,"href":"https:\/\/fleximarkshop-stage.nordlo.it\/en\/wp-json\/wp\/v2\/product_brand?post=2974"},{"taxonomy":"product_cat","embeddable":true,"href":"https:\/\/fleximarkshop-stage.nordlo.it\/en\/wp-json\/wp\/v2\/product_cat?post=2974"},{"taxonomy":"product_tag","embeddable":true,"href":"https:\/\/fleximarkshop-stage.nordlo.it\/en\/wp-json\/wp\/v2\/product_tag?post=2974"}],"curies":[{"name":"wp","href":"https:\/\/api.w.org\/{rel}","templated":true}]}}