{"id":323,"date":"2015-06-22T06:58:24","date_gmt":"2015-06-22T06:58:24","guid":{"rendered":"https:\/\/fleximark\/produkt\/krympslang-19mm-wt-plhs-wht-19\/"},"modified":"2022-03-28T08:58:08","modified_gmt":"2022-03-28T08:58:08","slug":"krympslang-19mm-wt-plhs-wht-19","status":"publish","type":"product","link":"https:\/\/fleximarkshop-stage.nordlo.it\/en\/product\/krympslang-19mm-wt-plhs-wht-19\/","title":{"rendered":"Krympslang 19mm PLHS-WH-19 F\u00e4rg: Vit"},"content":{"rendered":"<p>Krympslangstejp speciellt framtagen f\u00f6r industriell milj\u00f6. Krympslangstejpen best\u00e5r av polyolefin.<br \/> Krympslangstejpen inneh\u00e5ller inte n\u00e5got klister men \u00e4r \u00e4nd\u00e5 permanent f\u00f6r m\u00e4rkning och skydd av sladdar och kablar. <br \/>Krympslangstejpen \u00e4r brands kyddad med krympfaktor 3:1. Krympslangstejpen finns i storlekar 6, 9, 12, 19 och 24 mm samt i olika f\u00e4rg.  <br \/>F\u00e4rgkombinationerna \u00e4r anpassade till olika styrstandarder, s\u00e5som: ANSI Z535, ISO38641, ANSI A3.1, SO70010, ANSI606-B.<\/p>\n<p><b>Tempeartur omr\u00e5de:<\/b>-18\u00b0C &#8211; +135\u00b0C<br \/><b>Krympfaktor:<\/b> 3:1 <\/p>","protected":false},"excerpt":{"rendered":"<p> Speciallt framtagna f\u00f6r tuff industri milj\u00f6<br \/> Polyolefinl\u00f6sning som inte inneh\u00e5ller n\u00e5got klister<br \/> Permanent f\u00f6r m\u00e4rking och skydd av sladdar och kablar.<br \/> Brandskyddad och med krympfaktor 3:1<br \/> F\u00e4rgkombinationerna \u00e4r anpassade till  olika Styr-Standarder<br \/>(ANSI Z535, ISO3864, ANSI A 13.1, ISO7010, ANSI606-B) <\/p>","protected":false},"featured_media":322,"template":"","meta":{"_acf_changed":false},"product_brand":[],"product_cat":[956],"product_tag":[],"class_list":{"0":"post-323","1":"product","2":"type-product","3":"status-publish","4":"has-post-thumbnail","6":"product_cat-prar","7":"pa_antal-57","8":"pa_forpackningsenhet-369","9":"pa_langd-1_5","10":"pa_nav_item_discount_group-823","11":"sales-flash-overlay","12":"woocommerce-text-align-center","13":"woocommerce-image-align-center","14":"do-quantity-buttons","15":"wc-has-gallery","17":"first","18":"instock","19":"taxable","20":"shipping-taxable","21":"purchasable","22":"product-type-simple"},"acf":[],"yoast_head":"<!-- This site is optimized with the Yoast SEO plugin v27.3 - https:\/\/yoast.com\/product\/yoast-seo-wordpress\/ -->\n<title>Krympslang 19mm PLHS-WH-19 F\u00e4rg: Vit - FleximarkShop<\/title>\n<meta name=\"robots\" content=\"noindex, follow, max-snippet:-1, max-image-preview:large, max-video-preview:-1\" \/>\n<meta property=\"og:locale\" content=\"en_US\" \/>\n<meta property=\"og:type\" content=\"article\" \/>\n<meta property=\"og:title\" content=\"Krympslang 19mm PLHS-WH-19 F\u00e4rg: Vit - FleximarkShop\" \/>\n<meta property=\"og:description\" content=\"Speciallt framtagna f\u00f6r tuff industri milj\u00f6 Polyolefinl\u00f6sning som inte inneh\u00e5ller n\u00e5got klister Permanent f\u00f6r m\u00e4rking och skydd av sladdar och kablar. Brandskyddad och med krympfaktor 3:1 F\u00e4rgkombinationerna \u00e4r anpassade till olika Styr-Standarder(ANSI Z535, ISO3864, ANSI A 13.1, ISO7010, ANSI606-B)\" \/>\n<meta property=\"og:url\" content=\"https:\/\/fleximarkshop-stage.nordlo.it\/en\/product\/krympslang-19mm-wt-plhs-wht-19\/\" \/>\n<meta property=\"og:site_name\" content=\"FleximarkShop\" \/>\n<meta property=\"article:modified_time\" content=\"2022-03-28T08:58:08+00:00\" \/>\n<meta property=\"og:image\" content=\"https:\/\/fleximarkshop-stage.nordlo.it\/wp-content\/uploads\/83259482_1.jpg\" \/>\n\t<meta property=\"og:image:width\" content=\"1048\" \/>\n\t<meta property=\"og:image:height\" content=\"1048\" \/>\n\t<meta property=\"og:image:type\" content=\"image\/jpeg\" \/>\n<meta name=\"twitter:card\" content=\"summary_large_image\" \/>\n<script type=\"application\/ld+json\" class=\"yoast-schema-graph\">{\"@context\":\"https:\\\/\\\/schema.org\",\"@graph\":[{\"@type\":\"WebPage\",\"@id\":\"https:\\\/\\\/fleximarkshop-stage.nordlo.it\\\/produkt\\\/krympslang-19mm-wt-plhs-wht-19\\\/\",\"url\":\"https:\\\/\\\/fleximarkshop-stage.nordlo.it\\\/produkt\\\/krympslang-19mm-wt-plhs-wht-19\\\/\",\"name\":\"Krympslang 19mm PLHS-WH-19 F\u00e4rg: Vit - FleximarkShop\",\"isPartOf\":{\"@id\":\"https:\\\/\\\/fleximarkshop-stage.nordlo.it\\\/#website\"},\"primaryImageOfPage\":{\"@id\":\"https:\\\/\\\/fleximarkshop-stage.nordlo.it\\\/produkt\\\/krympslang-19mm-wt-plhs-wht-19\\\/#primaryimage\"},\"image\":{\"@id\":\"https:\\\/\\\/fleximarkshop-stage.nordlo.it\\\/produkt\\\/krympslang-19mm-wt-plhs-wht-19\\\/#primaryimage\"},\"thumbnailUrl\":\"https:\\\/\\\/fleximarkshop-stage.nordlo.it\\\/wp-content\\\/uploads\\\/83259482_1.jpg\",\"datePublished\":\"2015-06-22T06:58:24+00:00\",\"dateModified\":\"2022-03-28T08:58:08+00:00\",\"breadcrumb\":{\"@id\":\"https:\\\/\\\/fleximarkshop-stage.nordlo.it\\\/produkt\\\/krympslang-19mm-wt-plhs-wht-19\\\/#breadcrumb\"},\"inLanguage\":\"en-US\",\"potentialAction\":[{\"@type\":\"ReadAction\",\"target\":[\"https:\\\/\\\/fleximarkshop-stage.nordlo.it\\\/produkt\\\/krympslang-19mm-wt-plhs-wht-19\\\/\"]}]},{\"@type\":\"ImageObject\",\"inLanguage\":\"en-US\",\"@id\":\"https:\\\/\\\/fleximarkshop-stage.nordlo.it\\\/produkt\\\/krympslang-19mm-wt-plhs-wht-19\\\/#primaryimage\",\"url\":\"https:\\\/\\\/fleximarkshop-stage.nordlo.it\\\/wp-content\\\/uploads\\\/83259482_1.jpg\",\"contentUrl\":\"https:\\\/\\\/fleximarkshop-stage.nordlo.it\\\/wp-content\\\/uploads\\\/83259482_1.jpg\",\"width\":1048,\"height\":1048,\"caption\":\"Rhino krympslang\"},{\"@type\":\"BreadcrumbList\",\"@id\":\"https:\\\/\\\/fleximarkshop-stage.nordlo.it\\\/produkt\\\/krympslang-19mm-wt-plhs-wht-19\\\/#breadcrumb\",\"itemListElement\":[{\"@type\":\"ListItem\",\"position\":1,\"name\":\"Hem\",\"item\":\"https:\\\/\\\/fleximarkshop-stage.nordlo.it\\\/\"},{\"@type\":\"ListItem\",\"position\":2,\"name\":\"Webbutik\",\"item\":\"https:\\\/\\\/fleximarkshop-stage.nordlo.it\\\/butik\\\/\"},{\"@type\":\"ListItem\",\"position\":3,\"name\":\"Krympslang 19mm PLHS-WH-19 F\u00e4rg: Vit\"}]},{\"@type\":\"WebSite\",\"@id\":\"https:\\\/\\\/fleximarkshop-stage.nordlo.it\\\/#website\",\"url\":\"https:\\\/\\\/fleximarkshop-stage.nordlo.it\\\/\",\"name\":\"FleximarkShop\",\"description\":\"M\u00e4rkning &amp; M\u00e4rksystem online\",\"publisher\":{\"@id\":\"https:\\\/\\\/fleximarkshop-stage.nordlo.it\\\/#organization\"},\"potentialAction\":[{\"@type\":\"SearchAction\",\"target\":{\"@type\":\"EntryPoint\",\"urlTemplate\":\"https:\\\/\\\/fleximarkshop-stage.nordlo.it\\\/?s={search_term_string}\"},\"query-input\":{\"@type\":\"PropertyValueSpecification\",\"valueRequired\":true,\"valueName\":\"search_term_string\"}}],\"inLanguage\":\"en-US\"},{\"@type\":\"Organization\",\"@id\":\"https:\\\/\\\/fleximarkshop-stage.nordlo.it\\\/#organization\",\"name\":\"FleximarkShop\",\"url\":\"https:\\\/\\\/fleximarkshop-stage.nordlo.it\\\/\",\"logo\":{\"@type\":\"ImageObject\",\"inLanguage\":\"en-US\",\"@id\":\"https:\\\/\\\/fleximarkshop-stage.nordlo.it\\\/#\\\/schema\\\/logo\\\/image\\\/\",\"url\":\"https:\\\/\\\/fleximarkshop-stage.nordlo.it\\\/wp-content\\\/uploads\\\/fleximark-logo.png\",\"contentUrl\":\"https:\\\/\\\/fleximarkshop-stage.nordlo.it\\\/wp-content\\\/uploads\\\/fleximark-logo.png\",\"width\":600,\"height\":80,\"caption\":\"FleximarkShop\"},\"image\":{\"@id\":\"https:\\\/\\\/fleximarkshop-stage.nordlo.it\\\/#\\\/schema\\\/logo\\\/image\\\/\"}}]}<\/script>\n<!-- \/ Yoast SEO plugin. -->","yoast_head_json":{"title":"Krympslang 19mm PLHS-WH-19 F\u00e4rg: Vit - FleximarkShop","robots":{"index":"noindex","follow":"follow","max-snippet":"max-snippet:-1","max-image-preview":"max-image-preview:large","max-video-preview":"max-video-preview:-1"},"og_locale":"en_US","og_type":"article","og_title":"Krympslang 19mm PLHS-WH-19 F\u00e4rg: Vit - FleximarkShop","og_description":"Speciallt framtagna f\u00f6r tuff industri milj\u00f6 Polyolefinl\u00f6sning som inte inneh\u00e5ller n\u00e5got klister Permanent f\u00f6r m\u00e4rking och skydd av sladdar och kablar. Brandskyddad och med krympfaktor 3:1 F\u00e4rgkombinationerna \u00e4r anpassade till olika Styr-Standarder(ANSI Z535, ISO3864, ANSI A 13.1, ISO7010, ANSI606-B)","og_url":"https:\/\/fleximarkshop-stage.nordlo.it\/en\/product\/krympslang-19mm-wt-plhs-wht-19\/","og_site_name":"FleximarkShop","article_modified_time":"2022-03-28T08:58:08+00:00","og_image":[{"width":1048,"height":1048,"url":"https:\/\/fleximarkshop-stage.nordlo.it\/wp-content\/uploads\/83259482_1.jpg","type":"image\/jpeg"}],"twitter_card":"summary_large_image","schema":{"@context":"https:\/\/schema.org","@graph":[{"@type":"WebPage","@id":"https:\/\/fleximarkshop-stage.nordlo.it\/produkt\/krympslang-19mm-wt-plhs-wht-19\/","url":"https:\/\/fleximarkshop-stage.nordlo.it\/produkt\/krympslang-19mm-wt-plhs-wht-19\/","name":"Krympslang 19mm PLHS-WH-19 F\u00e4rg: Vit - FleximarkShop","isPartOf":{"@id":"https:\/\/fleximarkshop-stage.nordlo.it\/#website"},"primaryImageOfPage":{"@id":"https:\/\/fleximarkshop-stage.nordlo.it\/produkt\/krympslang-19mm-wt-plhs-wht-19\/#primaryimage"},"image":{"@id":"https:\/\/fleximarkshop-stage.nordlo.it\/produkt\/krympslang-19mm-wt-plhs-wht-19\/#primaryimage"},"thumbnailUrl":"https:\/\/fleximarkshop-stage.nordlo.it\/wp-content\/uploads\/83259482_1.jpg","datePublished":"2015-06-22T06:58:24+00:00","dateModified":"2022-03-28T08:58:08+00:00","breadcrumb":{"@id":"https:\/\/fleximarkshop-stage.nordlo.it\/produkt\/krympslang-19mm-wt-plhs-wht-19\/#breadcrumb"},"inLanguage":"en-US","potentialAction":[{"@type":"ReadAction","target":["https:\/\/fleximarkshop-stage.nordlo.it\/produkt\/krympslang-19mm-wt-plhs-wht-19\/"]}]},{"@type":"ImageObject","inLanguage":"en-US","@id":"https:\/\/fleximarkshop-stage.nordlo.it\/produkt\/krympslang-19mm-wt-plhs-wht-19\/#primaryimage","url":"https:\/\/fleximarkshop-stage.nordlo.it\/wp-content\/uploads\/83259482_1.jpg","contentUrl":"https:\/\/fleximarkshop-stage.nordlo.it\/wp-content\/uploads\/83259482_1.jpg","width":1048,"height":1048,"caption":"Rhino krympslang"},{"@type":"BreadcrumbList","@id":"https:\/\/fleximarkshop-stage.nordlo.it\/produkt\/krympslang-19mm-wt-plhs-wht-19\/#breadcrumb","itemListElement":[{"@type":"ListItem","position":1,"name":"Hem","item":"https:\/\/fleximarkshop-stage.nordlo.it\/"},{"@type":"ListItem","position":2,"name":"Webbutik","item":"https:\/\/fleximarkshop-stage.nordlo.it\/butik\/"},{"@type":"ListItem","position":3,"name":"Krympslang 19mm PLHS-WH-19 F\u00e4rg: Vit"}]},{"@type":"WebSite","@id":"https:\/\/fleximarkshop-stage.nordlo.it\/#website","url":"https:\/\/fleximarkshop-stage.nordlo.it\/","name":"FleximarkShop","description":"M\u00e4rkning &amp; M\u00e4rksystem online","publisher":{"@id":"https:\/\/fleximarkshop-stage.nordlo.it\/#organization"},"potentialAction":[{"@type":"SearchAction","target":{"@type":"EntryPoint","urlTemplate":"https:\/\/fleximarkshop-stage.nordlo.it\/?s={search_term_string}"},"query-input":{"@type":"PropertyValueSpecification","valueRequired":true,"valueName":"search_term_string"}}],"inLanguage":"en-US"},{"@type":"Organization","@id":"https:\/\/fleximarkshop-stage.nordlo.it\/#organization","name":"FleximarkShop","url":"https:\/\/fleximarkshop-stage.nordlo.it\/","logo":{"@type":"ImageObject","inLanguage":"en-US","@id":"https:\/\/fleximarkshop-stage.nordlo.it\/#\/schema\/logo\/image\/","url":"https:\/\/fleximarkshop-stage.nordlo.it\/wp-content\/uploads\/fleximark-logo.png","contentUrl":"https:\/\/fleximarkshop-stage.nordlo.it\/wp-content\/uploads\/fleximark-logo.png","width":600,"height":80,"caption":"FleximarkShop"},"image":{"@id":"https:\/\/fleximarkshop-stage.nordlo.it\/#\/schema\/logo\/image\/"}}]}},"_links":{"self":[{"href":"https:\/\/fleximarkshop-stage.nordlo.it\/en\/wp-json\/wp\/v2\/product\/323","targetHints":{"allow":["GET"]}}],"collection":[{"href":"https:\/\/fleximarkshop-stage.nordlo.it\/en\/wp-json\/wp\/v2\/product"}],"about":[{"href":"https:\/\/fleximarkshop-stage.nordlo.it\/en\/wp-json\/wp\/v2\/types\/product"}],"wp:featuredmedia":[{"embeddable":true,"href":"https:\/\/fleximarkshop-stage.nordlo.it\/en\/wp-json\/wp\/v2\/media\/322"}],"wp:attachment":[{"href":"https:\/\/fleximarkshop-stage.nordlo.it\/en\/wp-json\/wp\/v2\/media?parent=323"}],"wp:term":[{"taxonomy":"product_brand","embeddable":true,"href":"https:\/\/fleximarkshop-stage.nordlo.it\/en\/wp-json\/wp\/v2\/product_brand?post=323"},{"taxonomy":"product_cat","embeddable":true,"href":"https:\/\/fleximarkshop-stage.nordlo.it\/en\/wp-json\/wp\/v2\/product_cat?post=323"},{"taxonomy":"product_tag","embeddable":true,"href":"https:\/\/fleximarkshop-stage.nordlo.it\/en\/wp-json\/wp\/v2\/product_tag?post=323"}],"curies":[{"name":"wp","href":"https:\/\/api.w.org\/{rel}","templated":true}]}}