{"id":337,"date":"2015-06-22T08:44:04","date_gmt":"2015-06-22T08:44:04","guid":{"rendered":"https:\/\/fleximark\/produkt\/termotransfer-a4-m-300-core-38\/"},"modified":"2022-02-09T12:14:25","modified_gmt":"2022-02-09T12:14:25","slug":"termotransfer-a4-m-300-core-38","status":"publish","type":"product","link":"https:\/\/fleximarkshop-stage.nordlo.it\/en\/product\/termotransfer-a4-m-300-core-38\/","title":{"rendered":"Thermotransfer SQUIX 4M \/ 300"},"content":{"rendered":"<p>CAB SQUIX is an industrial label printer. It is user-friendly, reliable, fast and accurate. CAB SQUIX is a further development of the successful A + printer. CAB SQUIX represents innovative technology, easy operation and accuracy. It is reliable and produces fast prints and it has a compact, appealing design of the highest quality. The professional industrial label printer can be used for a variety of applications, whether CAB SQUIX is run in standalone mode, in a PC application or on a network. A wide range of peripherals and software enables specific customized solutions.<\/p>\n<p><b>Printer size:<\/b> 252x288x460 mm<br \/>\n<b> Touch screen:<\/b> 160&#215;255 pixel 4,3&#8243;<br \/>\n<b>Weight:<\/b> 10 kg<br \/>\n<b>Printing method:<\/b> Thermal transfer \/ Direct transfer<br \/>\n<b>Printable resolution:<\/b> 300 dpi<br \/>\n<b>Print speed:<\/b> Up to 300 mm \/ s<br \/>\n<b>Print width:<\/b> Up to 105.7 mm<br \/>\n<b>Label width:<\/b> 4 - 110 mm<br \/>\n<b>Label height:<\/b> 4 - 2.0000 mm<br \/>\n<b>Material thickness \/ Weight:<\/b> 0.05-0.50 mm \/ 300 g \/ m\u00b2<\/p>\n<p>Network socket, USB cable, Software FLEXIMARK Software is included in the package.<\/p>","protected":false},"excerpt":{"rendered":"<p>CAB SQUIX 4M \/ 300 with centered label path for labels on roll.<br \/>\nSpecially adapted for small labels and narrow materials such as shrink tubing.<br \/>\nTouch screen and color display for easy operation.<br \/>\nClear icons for easy guidance through the menus.<br \/>\nMaterialet rivs enkelt av vid avrivningskanten.<br \/>\nFri support.<\/p>\n<p>NOTE! The software FLEXIMARK\u00ae Software 11.0 is included when you buy thermal transfer printers cab eos \/ SQUIX or Multiprinter from Fleximark<\/p>","protected":false},"featured_media":336,"template":"","meta":{"_acf_changed":false},"product_brand":[],"product_cat":[937,904,917],"product_tag":[],"class_list":{"0":"post-337","1":"product","2":"type-product","3":"status-publish","4":"has-post-thumbnail","6":"product_cat-tt-etikettskrivare-cab","7":"product_cat-programvara-och-markmaskiner","8":"product_cat-skrivare-markapparater","9":"pa_antal-57","10":"pa_diameter_etikettrull-38_100","11":"pa_filter_ett-termotransferutskrift","12":"pa_forpackningsenhet-369","13":"pa_inklusive_programvar-ja","14":"pa_nav_item_discount_group-833","15":"pa_storlek-637","16":"pa_upplosning-740","17":"pa_utskrift-termotransferetiketter","18":"sales-flash-overlay","19":"woocommerce-text-align-center","20":"woocommerce-image-align-center","21":"do-quantity-buttons","22":"wc-has-gallery","24":"first","25":"instock","26":"taxable","27":"shipping-taxable","28":"purchasable","29":"product-type-simple"},"acf":[],"yoast_head":"<!-- This site is optimized with the Yoast SEO plugin v27.4 - https:\/\/yoast.com\/product\/yoast-seo-wordpress\/ -->\n<title>Termotransfer SQUIX 4M\/300 - FleximarkShop<\/title>\n<meta name=\"description\" content=\"CAB SQUIX \u00e4r en industriell etikettskrivare. Den \u00e4r anv\u00e4ndarv\u00e4nlig, p\u00e5litlig, snabb och exakt och kan anv\u00e4ndas f\u00f6r en m\u00e4ngd olika till\u00e4mpningar.\" \/>\n<meta name=\"robots\" content=\"noindex, follow, max-snippet:-1, max-image-preview:large, max-video-preview:-1\" \/>\n<meta property=\"og:locale\" content=\"en_US\" \/>\n<meta property=\"og:type\" content=\"article\" \/>\n<meta property=\"og:title\" content=\"Termotransfer SQUIX 4M\/300 - FleximarkShop\" \/>\n<meta property=\"og:description\" content=\"CAB SQUIX \u00e4r en industriell etikettskrivare. Den \u00e4r anv\u00e4ndarv\u00e4nlig, p\u00e5litlig, snabb och exakt och kan anv\u00e4ndas f\u00f6r en m\u00e4ngd olika till\u00e4mpningar.\" \/>\n<meta property=\"og:url\" content=\"https:\/\/fleximarkshop-stage.nordlo.it\/en\/product\/termotransfer-a4-m-300-core-38\/\" \/>\n<meta property=\"og:site_name\" content=\"FleximarkShop\" \/>\n<meta property=\"article:modified_time\" content=\"2022-02-09T12:14:25+00:00\" \/>\n<meta property=\"og:image\" content=\"https:\/\/fleximarkshop-stage.nordlo.it\/wp-content\/uploads\/83259602_1.jpg\" \/>\n\t<meta property=\"og:image:width\" content=\"610\" \/>\n\t<meta property=\"og:image:height\" content=\"525\" \/>\n\t<meta property=\"og:image:type\" content=\"image\/jpeg\" \/>\n<meta name=\"twitter:card\" content=\"summary_large_image\" \/>\n<meta name=\"twitter:label1\" content=\"Est. reading time\" \/>\n\t<meta name=\"twitter:data1\" content=\"1 minute\" \/>\n<script type=\"application\/ld+json\" class=\"yoast-schema-graph\">{\"@context\":\"https:\\\/\\\/schema.org\",\"@graph\":[{\"@type\":\"WebPage\",\"@id\":\"https:\\\/\\\/fleximarkshop-stage.nordlo.it\\\/produkt\\\/termotransfer-a4-m-300-core-38\\\/\",\"url\":\"https:\\\/\\\/fleximarkshop-stage.nordlo.it\\\/produkt\\\/termotransfer-a4-m-300-core-38\\\/\",\"name\":\"Termotransfer SQUIX 4M\\\/300 - FleximarkShop\",\"isPartOf\":{\"@id\":\"https:\\\/\\\/fleximarkshop-stage.nordlo.it\\\/#website\"},\"primaryImageOfPage\":{\"@id\":\"https:\\\/\\\/fleximarkshop-stage.nordlo.it\\\/produkt\\\/termotransfer-a4-m-300-core-38\\\/#primaryimage\"},\"image\":{\"@id\":\"https:\\\/\\\/fleximarkshop-stage.nordlo.it\\\/produkt\\\/termotransfer-a4-m-300-core-38\\\/#primaryimage\"},\"thumbnailUrl\":\"https:\\\/\\\/fleximarkshop-stage.nordlo.it\\\/wp-content\\\/uploads\\\/83259602_1.jpg\",\"datePublished\":\"2015-06-22T08:44:04+00:00\",\"dateModified\":\"2022-02-09T12:14:25+00:00\",\"description\":\"CAB SQUIX \u00e4r en industriell etikettskrivare. Den \u00e4r anv\u00e4ndarv\u00e4nlig, p\u00e5litlig, snabb och exakt och kan anv\u00e4ndas f\u00f6r en m\u00e4ngd olika till\u00e4mpningar.\",\"breadcrumb\":{\"@id\":\"https:\\\/\\\/fleximarkshop-stage.nordlo.it\\\/produkt\\\/termotransfer-a4-m-300-core-38\\\/#breadcrumb\"},\"inLanguage\":\"en-US\",\"potentialAction\":[{\"@type\":\"ReadAction\",\"target\":[\"https:\\\/\\\/fleximarkshop-stage.nordlo.it\\\/produkt\\\/termotransfer-a4-m-300-core-38\\\/\"]}]},{\"@type\":\"ImageObject\",\"inLanguage\":\"en-US\",\"@id\":\"https:\\\/\\\/fleximarkshop-stage.nordlo.it\\\/produkt\\\/termotransfer-a4-m-300-core-38\\\/#primaryimage\",\"url\":\"https:\\\/\\\/fleximarkshop-stage.nordlo.it\\\/wp-content\\\/uploads\\\/83259602_1.jpg\",\"contentUrl\":\"https:\\\/\\\/fleximarkshop-stage.nordlo.it\\\/wp-content\\\/uploads\\\/83259602_1.jpg\",\"width\":610,\"height\":525,\"caption\":\"Thermal transfer printer CAB SQUIX\"},{\"@type\":\"BreadcrumbList\",\"@id\":\"https:\\\/\\\/fleximarkshop-stage.nordlo.it\\\/produkt\\\/termotransfer-a4-m-300-core-38\\\/#breadcrumb\",\"itemListElement\":[{\"@type\":\"ListItem\",\"position\":1,\"name\":\"Hem\",\"item\":\"https:\\\/\\\/fleximarkshop-stage.nordlo.it\\\/\"},{\"@type\":\"ListItem\",\"position\":2,\"name\":\"Webbutik\",\"item\":\"https:\\\/\\\/fleximarkshop-stage.nordlo.it\\\/butik\\\/\"},{\"@type\":\"ListItem\",\"position\":3,\"name\":\"Termotransfer SQUIX 4M\\\/300\"}]},{\"@type\":\"WebSite\",\"@id\":\"https:\\\/\\\/fleximarkshop-stage.nordlo.it\\\/#website\",\"url\":\"https:\\\/\\\/fleximarkshop-stage.nordlo.it\\\/\",\"name\":\"FleximarkShop\",\"description\":\"M\u00e4rkning &amp; M\u00e4rksystem online\",\"publisher\":{\"@id\":\"https:\\\/\\\/fleximarkshop-stage.nordlo.it\\\/#organization\"},\"potentialAction\":[{\"@type\":\"SearchAction\",\"target\":{\"@type\":\"EntryPoint\",\"urlTemplate\":\"https:\\\/\\\/fleximarkshop-stage.nordlo.it\\\/?s={search_term_string}\"},\"query-input\":{\"@type\":\"PropertyValueSpecification\",\"valueRequired\":true,\"valueName\":\"search_term_string\"}}],\"inLanguage\":\"en-US\"},{\"@type\":\"Organization\",\"@id\":\"https:\\\/\\\/fleximarkshop-stage.nordlo.it\\\/#organization\",\"name\":\"FleximarkShop\",\"url\":\"https:\\\/\\\/fleximarkshop-stage.nordlo.it\\\/\",\"logo\":{\"@type\":\"ImageObject\",\"inLanguage\":\"en-US\",\"@id\":\"https:\\\/\\\/fleximarkshop-stage.nordlo.it\\\/#\\\/schema\\\/logo\\\/image\\\/\",\"url\":\"https:\\\/\\\/fleximarkshop-stage.nordlo.it\\\/wp-content\\\/uploads\\\/fleximark-logo.png\",\"contentUrl\":\"https:\\\/\\\/fleximarkshop-stage.nordlo.it\\\/wp-content\\\/uploads\\\/fleximark-logo.png\",\"width\":600,\"height\":80,\"caption\":\"FleximarkShop\"},\"image\":{\"@id\":\"https:\\\/\\\/fleximarkshop-stage.nordlo.it\\\/#\\\/schema\\\/logo\\\/image\\\/\"}}]}<\/script>\n<!-- \/ Yoast SEO plugin. -->","yoast_head_json":{"title":"Termotransfer SQUIX 4M\/300 - FleximarkShop","description":"CAB SQUIX \u00e4r en industriell etikettskrivare. Den \u00e4r anv\u00e4ndarv\u00e4nlig, p\u00e5litlig, snabb och exakt och kan anv\u00e4ndas f\u00f6r en m\u00e4ngd olika till\u00e4mpningar.","robots":{"index":"noindex","follow":"follow","max-snippet":"max-snippet:-1","max-image-preview":"max-image-preview:large","max-video-preview":"max-video-preview:-1"},"og_locale":"en_US","og_type":"article","og_title":"Termotransfer SQUIX 4M\/300 - FleximarkShop","og_description":"CAB SQUIX \u00e4r en industriell etikettskrivare. Den \u00e4r anv\u00e4ndarv\u00e4nlig, p\u00e5litlig, snabb och exakt och kan anv\u00e4ndas f\u00f6r en m\u00e4ngd olika till\u00e4mpningar.","og_url":"https:\/\/fleximarkshop-stage.nordlo.it\/en\/product\/termotransfer-a4-m-300-core-38\/","og_site_name":"FleximarkShop","article_modified_time":"2022-02-09T12:14:25+00:00","og_image":[{"width":610,"height":525,"url":"https:\/\/fleximarkshop-stage.nordlo.it\/wp-content\/uploads\/83259602_1.jpg","type":"image\/jpeg"}],"twitter_card":"summary_large_image","twitter_misc":{"Est. reading time":"1 minute"},"schema":{"@context":"https:\/\/schema.org","@graph":[{"@type":"WebPage","@id":"https:\/\/fleximarkshop-stage.nordlo.it\/produkt\/termotransfer-a4-m-300-core-38\/","url":"https:\/\/fleximarkshop-stage.nordlo.it\/produkt\/termotransfer-a4-m-300-core-38\/","name":"Termotransfer SQUIX 4M\/300 - FleximarkShop","isPartOf":{"@id":"https:\/\/fleximarkshop-stage.nordlo.it\/#website"},"primaryImageOfPage":{"@id":"https:\/\/fleximarkshop-stage.nordlo.it\/produkt\/termotransfer-a4-m-300-core-38\/#primaryimage"},"image":{"@id":"https:\/\/fleximarkshop-stage.nordlo.it\/produkt\/termotransfer-a4-m-300-core-38\/#primaryimage"},"thumbnailUrl":"https:\/\/fleximarkshop-stage.nordlo.it\/wp-content\/uploads\/83259602_1.jpg","datePublished":"2015-06-22T08:44:04+00:00","dateModified":"2022-02-09T12:14:25+00:00","description":"CAB SQUIX \u00e4r en industriell etikettskrivare. Den \u00e4r anv\u00e4ndarv\u00e4nlig, p\u00e5litlig, snabb och exakt och kan anv\u00e4ndas f\u00f6r en m\u00e4ngd olika till\u00e4mpningar.","breadcrumb":{"@id":"https:\/\/fleximarkshop-stage.nordlo.it\/produkt\/termotransfer-a4-m-300-core-38\/#breadcrumb"},"inLanguage":"en-US","potentialAction":[{"@type":"ReadAction","target":["https:\/\/fleximarkshop-stage.nordlo.it\/produkt\/termotransfer-a4-m-300-core-38\/"]}]},{"@type":"ImageObject","inLanguage":"en-US","@id":"https:\/\/fleximarkshop-stage.nordlo.it\/produkt\/termotransfer-a4-m-300-core-38\/#primaryimage","url":"https:\/\/fleximarkshop-stage.nordlo.it\/wp-content\/uploads\/83259602_1.jpg","contentUrl":"https:\/\/fleximarkshop-stage.nordlo.it\/wp-content\/uploads\/83259602_1.jpg","width":610,"height":525,"caption":"Thermal transfer printer CAB SQUIX"},{"@type":"BreadcrumbList","@id":"https:\/\/fleximarkshop-stage.nordlo.it\/produkt\/termotransfer-a4-m-300-core-38\/#breadcrumb","itemListElement":[{"@type":"ListItem","position":1,"name":"Hem","item":"https:\/\/fleximarkshop-stage.nordlo.it\/"},{"@type":"ListItem","position":2,"name":"Webbutik","item":"https:\/\/fleximarkshop-stage.nordlo.it\/butik\/"},{"@type":"ListItem","position":3,"name":"Termotransfer SQUIX 4M\/300"}]},{"@type":"WebSite","@id":"https:\/\/fleximarkshop-stage.nordlo.it\/#website","url":"https:\/\/fleximarkshop-stage.nordlo.it\/","name":"FleximarkShop","description":"M\u00e4rkning &amp; M\u00e4rksystem online","publisher":{"@id":"https:\/\/fleximarkshop-stage.nordlo.it\/#organization"},"potentialAction":[{"@type":"SearchAction","target":{"@type":"EntryPoint","urlTemplate":"https:\/\/fleximarkshop-stage.nordlo.it\/?s={search_term_string}"},"query-input":{"@type":"PropertyValueSpecification","valueRequired":true,"valueName":"search_term_string"}}],"inLanguage":"en-US"},{"@type":"Organization","@id":"https:\/\/fleximarkshop-stage.nordlo.it\/#organization","name":"FleximarkShop","url":"https:\/\/fleximarkshop-stage.nordlo.it\/","logo":{"@type":"ImageObject","inLanguage":"en-US","@id":"https:\/\/fleximarkshop-stage.nordlo.it\/#\/schema\/logo\/image\/","url":"https:\/\/fleximarkshop-stage.nordlo.it\/wp-content\/uploads\/fleximark-logo.png","contentUrl":"https:\/\/fleximarkshop-stage.nordlo.it\/wp-content\/uploads\/fleximark-logo.png","width":600,"height":80,"caption":"FleximarkShop"},"image":{"@id":"https:\/\/fleximarkshop-stage.nordlo.it\/#\/schema\/logo\/image\/"}}]}},"_links":{"self":[{"href":"https:\/\/fleximarkshop-stage.nordlo.it\/en\/wp-json\/wp\/v2\/product\/337","targetHints":{"allow":["GET"]}}],"collection":[{"href":"https:\/\/fleximarkshop-stage.nordlo.it\/en\/wp-json\/wp\/v2\/product"}],"about":[{"href":"https:\/\/fleximarkshop-stage.nordlo.it\/en\/wp-json\/wp\/v2\/types\/product"}],"wp:featuredmedia":[{"embeddable":true,"href":"https:\/\/fleximarkshop-stage.nordlo.it\/en\/wp-json\/wp\/v2\/media\/336"}],"wp:attachment":[{"href":"https:\/\/fleximarkshop-stage.nordlo.it\/en\/wp-json\/wp\/v2\/media?parent=337"}],"wp:term":[{"taxonomy":"product_brand","embeddable":true,"href":"https:\/\/fleximarkshop-stage.nordlo.it\/en\/wp-json\/wp\/v2\/product_brand?post=337"},{"taxonomy":"product_cat","embeddable":true,"href":"https:\/\/fleximarkshop-stage.nordlo.it\/en\/wp-json\/wp\/v2\/product_cat?post=337"},{"taxonomy":"product_tag","embeddable":true,"href":"https:\/\/fleximarkshop-stage.nordlo.it\/en\/wp-json\/wp\/v2\/product_tag?post=337"}],"curies":[{"name":"wp","href":"https:\/\/api.w.org\/{rel}","templated":true}]}}