{"id":3403,"date":"2016-03-01T11:38:59","date_gmt":"2016-03-01T11:38:59","guid":{"rendered":"https:\/\/fleximark\/produkt\/cablelabel-pur-20x30ye-diamond\/"},"modified":"2023-02-23T21:57:49","modified_gmt":"2023-02-23T21:57:49","slug":"cablelabel-pur-20x30ye-diamond","status":"publish","type":"product","link":"https:\/\/fleximarkshop-stage.nordlo.it\/en\/product\/cablelabel-pur-20x30ye-diamond\/","title":{"rendered":"Cablelabel PUR 20x30YE Diamond F\u00e4rg: Gul"},"content":{"rendered":"<p>F\u00f6r kabel- och r\u00f6r m\u00e4rkning. Monteras med buntband. Skrivs ut p\u00e5 termotransferskrivare s\u00e5som cab EOS\/SQUIX.<br \/>\nHalogenfri och flammskyddad. UV-resistent.<\/p>\n<p><b>Material: <\/b>PUR Thermoplastic Polyether-Polyurethane halogenfri<br \/>\n<b>Operating temperature: <\/b>-50 \u00b0 C to + 80 \u00b0 C<br \/>\n<b>F\u00e4rg:<\/b> Gul, vit<br \/>\n<b>Rekommenderat f\u00e4rgband:<\/b> FTI Y (cab EOS, SQUIX)<br \/>\n<b>Godk\u00e4nnanden:<\/b> UL94-V0, MIL 81531, MIL-STD-202G<\/p>","protected":false},"excerpt":{"rendered":"<p>F\u00f6r kabel- och r\u00f6rm\u00e4rkning<br \/>\nSkrivs enkelt ut p\u00e5 termotransferskrivare cab EOS, SQUIX<br \/>\nHalogenfri &amp; flamskyddad<br \/>\nUV resistant<\/p>","protected":false},"featured_media":3401,"template":"","meta":{"_acf_changed":false},"product_brand":[],"product_cat":[],"product_tag":[],"class_list":{"0":"post-3403","1":"product","2":"type-product","3":"status-publish","4":"has-post-thumbnail","6":"pa_antal-58","7":"pa_fargband-868","8":"pa_filter_ett-termotransferutskrift","9":"pa_filter_tva-halogenfri","10":"pa_filter_tva-kaldtalig","11":"pa_filter_tva-uv_resistent","12":"pa_filter_tva-varmetalig","13":"pa_forpackningsenhet-369","14":"pa_nav_item_discount_group-849","15":"sales-flash-overlay","16":"woocommerce-text-align-center","17":"woocommerce-image-align-center","18":"do-quantity-buttons","19":"wc-has-gallery","21":"first","22":"instock","23":"taxable","24":"shipping-taxable","25":"purchasable","26":"product-type-simple"},"acf":[],"yoast_head":"<!-- This site is optimized with the Yoast SEO plugin v27.3 - https:\/\/yoast.com\/product\/yoast-seo-wordpress\/ -->\n<title>Cablelabel PUR 20x30YE Diamond F\u00e4rg: Gul - FleximarkShop<\/title>\n<meta name=\"robots\" content=\"noindex, follow, max-snippet:-1, max-image-preview:large, max-video-preview:-1\" \/>\n<meta property=\"og:locale\" content=\"en_US\" \/>\n<meta property=\"og:type\" content=\"article\" \/>\n<meta property=\"og:title\" content=\"Cablelabel PUR 20x30YE Diamond F\u00e4rg: Gul - FleximarkShop\" \/>\n<meta property=\"og:description\" content=\"F\u00f6r kabel- och r\u00f6rm\u00e4rkning Skrivs enkelt ut p\u00e5 termotransferskrivare cab EOS, SQUIX Halogenfri &amp; flamskyddad UV-resistent\" \/>\n<meta property=\"og:url\" content=\"https:\/\/fleximarkshop-stage.nordlo.it\/en\/product\/cablelabel-pur-20x30ye-diamond\/\" \/>\n<meta property=\"og:site_name\" content=\"FleximarkShop\" \/>\n<meta property=\"article:modified_time\" content=\"2023-02-23T21:57:49+00:00\" \/>\n<meta property=\"og:image\" content=\"https:\/\/fleximarkshop-stage.nordlo.it\/wp-content\/uploads\/83280275_3.jpg\" \/>\n\t<meta property=\"og:image:width\" content=\"1048\" \/>\n\t<meta property=\"og:image:height\" content=\"1048\" \/>\n\t<meta property=\"og:image:type\" content=\"image\/jpeg\" \/>\n<meta name=\"twitter:card\" content=\"summary_large_image\" \/>\n<script type=\"application\/ld+json\" class=\"yoast-schema-graph\">{\"@context\":\"https:\\\/\\\/schema.org\",\"@graph\":[{\"@type\":\"WebPage\",\"@id\":\"https:\\\/\\\/fleximarkshop-stage.nordlo.it\\\/produkt\\\/cablelabel-pur-20x30ye-diamond\\\/\",\"url\":\"https:\\\/\\\/fleximarkshop-stage.nordlo.it\\\/produkt\\\/cablelabel-pur-20x30ye-diamond\\\/\",\"name\":\"Cablelabel PUR 20x30YE Diamond F\u00e4rg: Gul - FleximarkShop\",\"isPartOf\":{\"@id\":\"https:\\\/\\\/fleximarkshop-stage.nordlo.it\\\/#website\"},\"primaryImageOfPage\":{\"@id\":\"https:\\\/\\\/fleximarkshop-stage.nordlo.it\\\/produkt\\\/cablelabel-pur-20x30ye-diamond\\\/#primaryimage\"},\"image\":{\"@id\":\"https:\\\/\\\/fleximarkshop-stage.nordlo.it\\\/produkt\\\/cablelabel-pur-20x30ye-diamond\\\/#primaryimage\"},\"thumbnailUrl\":\"https:\\\/\\\/fleximarkshop-stage.nordlo.it\\\/wp-content\\\/uploads\\\/83280275_3.jpg\",\"datePublished\":\"2016-03-01T11:38:59+00:00\",\"dateModified\":\"2023-02-23T21:57:49+00:00\",\"breadcrumb\":{\"@id\":\"https:\\\/\\\/fleximarkshop-stage.nordlo.it\\\/produkt\\\/cablelabel-pur-20x30ye-diamond\\\/#breadcrumb\"},\"inLanguage\":\"en-US\",\"potentialAction\":[{\"@type\":\"ReadAction\",\"target\":[\"https:\\\/\\\/fleximarkshop-stage.nordlo.it\\\/produkt\\\/cablelabel-pur-20x30ye-diamond\\\/\"]}]},{\"@type\":\"ImageObject\",\"inLanguage\":\"en-US\",\"@id\":\"https:\\\/\\\/fleximarkshop-stage.nordlo.it\\\/produkt\\\/cablelabel-pur-20x30ye-diamond\\\/#primaryimage\",\"url\":\"https:\\\/\\\/fleximarkshop-stage.nordlo.it\\\/wp-content\\\/uploads\\\/83280275_3.jpg\",\"contentUrl\":\"https:\\\/\\\/fleximarkshop-stage.nordlo.it\\\/wp-content\\\/uploads\\\/83280275_3.jpg\",\"width\":1048,\"height\":1048,\"caption\":\"PUR Diamond\"},{\"@type\":\"BreadcrumbList\",\"@id\":\"https:\\\/\\\/fleximarkshop-stage.nordlo.it\\\/produkt\\\/cablelabel-pur-20x30ye-diamond\\\/#breadcrumb\",\"itemListElement\":[{\"@type\":\"ListItem\",\"position\":1,\"name\":\"Hem\",\"item\":\"https:\\\/\\\/fleximarkshop-stage.nordlo.it\\\/\"},{\"@type\":\"ListItem\",\"position\":2,\"name\":\"Webbutik\",\"item\":\"https:\\\/\\\/fleximarkshop-stage.nordlo.it\\\/butik\\\/\"},{\"@type\":\"ListItem\",\"position\":3,\"name\":\"Cablelabel PUR 20x30YE Diamond F\u00e4rg: Gul\"}]},{\"@type\":\"WebSite\",\"@id\":\"https:\\\/\\\/fleximarkshop-stage.nordlo.it\\\/#website\",\"url\":\"https:\\\/\\\/fleximarkshop-stage.nordlo.it\\\/\",\"name\":\"FleximarkShop\",\"description\":\"M\u00e4rkning &amp; M\u00e4rksystem online\",\"publisher\":{\"@id\":\"https:\\\/\\\/fleximarkshop-stage.nordlo.it\\\/#organization\"},\"potentialAction\":[{\"@type\":\"SearchAction\",\"target\":{\"@type\":\"EntryPoint\",\"urlTemplate\":\"https:\\\/\\\/fleximarkshop-stage.nordlo.it\\\/?s={search_term_string}\"},\"query-input\":{\"@type\":\"PropertyValueSpecification\",\"valueRequired\":true,\"valueName\":\"search_term_string\"}}],\"inLanguage\":\"en-US\"},{\"@type\":\"Organization\",\"@id\":\"https:\\\/\\\/fleximarkshop-stage.nordlo.it\\\/#organization\",\"name\":\"FleximarkShop\",\"url\":\"https:\\\/\\\/fleximarkshop-stage.nordlo.it\\\/\",\"logo\":{\"@type\":\"ImageObject\",\"inLanguage\":\"en-US\",\"@id\":\"https:\\\/\\\/fleximarkshop-stage.nordlo.it\\\/#\\\/schema\\\/logo\\\/image\\\/\",\"url\":\"https:\\\/\\\/fleximarkshop-stage.nordlo.it\\\/wp-content\\\/uploads\\\/fleximark-logo.png\",\"contentUrl\":\"https:\\\/\\\/fleximarkshop-stage.nordlo.it\\\/wp-content\\\/uploads\\\/fleximark-logo.png\",\"width\":600,\"height\":80,\"caption\":\"FleximarkShop\"},\"image\":{\"@id\":\"https:\\\/\\\/fleximarkshop-stage.nordlo.it\\\/#\\\/schema\\\/logo\\\/image\\\/\"}}]}<\/script>\n<!-- \/ Yoast SEO plugin. -->","yoast_head_json":{"title":"Cablelabel PUR 20x30YE Diamond F\u00e4rg: Gul - FleximarkShop","robots":{"index":"noindex","follow":"follow","max-snippet":"max-snippet:-1","max-image-preview":"max-image-preview:large","max-video-preview":"max-video-preview:-1"},"og_locale":"en_US","og_type":"article","og_title":"Cablelabel PUR 20x30YE Diamond F\u00e4rg: Gul - FleximarkShop","og_description":"F\u00f6r kabel- och r\u00f6rm\u00e4rkning Skrivs enkelt ut p\u00e5 termotransferskrivare cab EOS, SQUIX Halogenfri &amp; flamskyddad UV-resistent","og_url":"https:\/\/fleximarkshop-stage.nordlo.it\/en\/product\/cablelabel-pur-20x30ye-diamond\/","og_site_name":"FleximarkShop","article_modified_time":"2023-02-23T21:57:49+00:00","og_image":[{"width":1048,"height":1048,"url":"https:\/\/fleximarkshop-stage.nordlo.it\/wp-content\/uploads\/83280275_3.jpg","type":"image\/jpeg"}],"twitter_card":"summary_large_image","schema":{"@context":"https:\/\/schema.org","@graph":[{"@type":"WebPage","@id":"https:\/\/fleximarkshop-stage.nordlo.it\/produkt\/cablelabel-pur-20x30ye-diamond\/","url":"https:\/\/fleximarkshop-stage.nordlo.it\/produkt\/cablelabel-pur-20x30ye-diamond\/","name":"Cablelabel PUR 20x30YE Diamond F\u00e4rg: Gul - FleximarkShop","isPartOf":{"@id":"https:\/\/fleximarkshop-stage.nordlo.it\/#website"},"primaryImageOfPage":{"@id":"https:\/\/fleximarkshop-stage.nordlo.it\/produkt\/cablelabel-pur-20x30ye-diamond\/#primaryimage"},"image":{"@id":"https:\/\/fleximarkshop-stage.nordlo.it\/produkt\/cablelabel-pur-20x30ye-diamond\/#primaryimage"},"thumbnailUrl":"https:\/\/fleximarkshop-stage.nordlo.it\/wp-content\/uploads\/83280275_3.jpg","datePublished":"2016-03-01T11:38:59+00:00","dateModified":"2023-02-23T21:57:49+00:00","breadcrumb":{"@id":"https:\/\/fleximarkshop-stage.nordlo.it\/produkt\/cablelabel-pur-20x30ye-diamond\/#breadcrumb"},"inLanguage":"en-US","potentialAction":[{"@type":"ReadAction","target":["https:\/\/fleximarkshop-stage.nordlo.it\/produkt\/cablelabel-pur-20x30ye-diamond\/"]}]},{"@type":"ImageObject","inLanguage":"en-US","@id":"https:\/\/fleximarkshop-stage.nordlo.it\/produkt\/cablelabel-pur-20x30ye-diamond\/#primaryimage","url":"https:\/\/fleximarkshop-stage.nordlo.it\/wp-content\/uploads\/83280275_3.jpg","contentUrl":"https:\/\/fleximarkshop-stage.nordlo.it\/wp-content\/uploads\/83280275_3.jpg","width":1048,"height":1048,"caption":"PUR Diamond"},{"@type":"BreadcrumbList","@id":"https:\/\/fleximarkshop-stage.nordlo.it\/produkt\/cablelabel-pur-20x30ye-diamond\/#breadcrumb","itemListElement":[{"@type":"ListItem","position":1,"name":"Hem","item":"https:\/\/fleximarkshop-stage.nordlo.it\/"},{"@type":"ListItem","position":2,"name":"Webbutik","item":"https:\/\/fleximarkshop-stage.nordlo.it\/butik\/"},{"@type":"ListItem","position":3,"name":"Cablelabel PUR 20x30YE Diamond F\u00e4rg: Gul"}]},{"@type":"WebSite","@id":"https:\/\/fleximarkshop-stage.nordlo.it\/#website","url":"https:\/\/fleximarkshop-stage.nordlo.it\/","name":"FleximarkShop","description":"M\u00e4rkning &amp; M\u00e4rksystem online","publisher":{"@id":"https:\/\/fleximarkshop-stage.nordlo.it\/#organization"},"potentialAction":[{"@type":"SearchAction","target":{"@type":"EntryPoint","urlTemplate":"https:\/\/fleximarkshop-stage.nordlo.it\/?s={search_term_string}"},"query-input":{"@type":"PropertyValueSpecification","valueRequired":true,"valueName":"search_term_string"}}],"inLanguage":"en-US"},{"@type":"Organization","@id":"https:\/\/fleximarkshop-stage.nordlo.it\/#organization","name":"FleximarkShop","url":"https:\/\/fleximarkshop-stage.nordlo.it\/","logo":{"@type":"ImageObject","inLanguage":"en-US","@id":"https:\/\/fleximarkshop-stage.nordlo.it\/#\/schema\/logo\/image\/","url":"https:\/\/fleximarkshop-stage.nordlo.it\/wp-content\/uploads\/fleximark-logo.png","contentUrl":"https:\/\/fleximarkshop-stage.nordlo.it\/wp-content\/uploads\/fleximark-logo.png","width":600,"height":80,"caption":"FleximarkShop"},"image":{"@id":"https:\/\/fleximarkshop-stage.nordlo.it\/#\/schema\/logo\/image\/"}}]}},"_links":{"self":[{"href":"https:\/\/fleximarkshop-stage.nordlo.it\/en\/wp-json\/wp\/v2\/product\/3403","targetHints":{"allow":["GET"]}}],"collection":[{"href":"https:\/\/fleximarkshop-stage.nordlo.it\/en\/wp-json\/wp\/v2\/product"}],"about":[{"href":"https:\/\/fleximarkshop-stage.nordlo.it\/en\/wp-json\/wp\/v2\/types\/product"}],"wp:featuredmedia":[{"embeddable":true,"href":"https:\/\/fleximarkshop-stage.nordlo.it\/en\/wp-json\/wp\/v2\/media\/3401"}],"wp:attachment":[{"href":"https:\/\/fleximarkshop-stage.nordlo.it\/en\/wp-json\/wp\/v2\/media?parent=3403"}],"wp:term":[{"taxonomy":"product_brand","embeddable":true,"href":"https:\/\/fleximarkshop-stage.nordlo.it\/en\/wp-json\/wp\/v2\/product_brand?post=3403"},{"taxonomy":"product_cat","embeddable":true,"href":"https:\/\/fleximarkshop-stage.nordlo.it\/en\/wp-json\/wp\/v2\/product_cat?post=3403"},{"taxonomy":"product_tag","embeddable":true,"href":"https:\/\/fleximarkshop-stage.nordlo.it\/en\/wp-json\/wp\/v2\/product_tag?post=3403"}],"curies":[{"name":"wp","href":"https:\/\/api.w.org\/{rel}","templated":true}]}}