{"id":3510,"date":"2016-04-27T10:07:11","date_gmt":"2016-04-27T10:07:11","guid":{"rendered":"https:\/\/fleximark\/produkt\/komponenetetiketter-ta-foam\/"},"modified":"2016-04-27T10:07:11","modified_gmt":"2016-04-27T10:07:11","slug":"komponenetetiketter-ta-foam","status":"publish","type":"product","link":"https:\/\/fleximarkshop-stage.nordlo.it\/en\/product\/komponenetetiketter-ta-foam\/","title":{"rendered":"Etikett TA Foam, rulle"},"content":{"rendered":"<p>TA etiketter f\u00f6r komponentm\u00e4rkning. Sj\u00e4lvh\u00e4ftande med rundade h\u00f6rn. Levereras p\u00e5 rulle. Formgiven f\u00f6r CAB EOS termotransferskrivare. Anv\u00e4nds t.ex. f\u00f6r sk\u00e5psm\u00e4rkning, CE-m\u00e4rkning och logotype. Rekommenderat f\u00e4rgband FTI Y.<\/p>\n<p> <b>H\u00e4ft\u00e4mne:<\/b> Akrylbaserat<br \/> <b>Operating temperature: <\/b>-40\u00b0C to +90\u00b0C<br \/> <b>Appliceringstemperatur: <\/b>minimum 10\u00b0C<br \/> <b>F\u00e4rg:<\/b> silver och vit <br \/> <b>Rekommenderat f\u00e4rgband: <\/b>FTI Y  <\/p>","protected":false},"excerpt":{"rendered":"<p> Skrivs enkelt ut p\u00e5 termotransferskrivare, s\u00e5som CAB.<br \/>  Starka h\u00e4ft\u00e4mnet ger etiketten en l\u00e5ng h\u00e5llbarhet.<br \/>  Anv\u00e4nds ofta ist\u00e4llet f\u00f6r graverade skyltar.<br \/>  Anv\u00e4ndning: t.ex. sk\u00e5psm\u00e4rkning, CE m\u00e4rkning, logotype etc.<br \/>  Sj\u00e4lvh\u00e4ftande, UV-best\u00e4ndig (enligt provtest av SP)<\/p>","protected":false},"featured_media":3507,"template":"","meta":{"_acf_changed":false},"product_brand":[],"product_cat":[952,909,903],"product_tag":[],"class_list":{"0":"post-3510","1":"product","2":"type-product","3":"status-publish","4":"has-post-thumbnail","6":"product_cat-komponentmarkning","7":"product_cat-markning","8":"product_cat-markprodukter","9":"pa_antal-20m","10":"pa_fargband-867","11":"pa_forpackningsenhet-369","12":"sales-flash-overlay","13":"woocommerce-text-align-center","14":"woocommerce-image-align-center","15":"do-quantity-buttons","16":"wc-has-gallery","18":"first","19":"instock","20":"taxable","21":"shipping-taxable","22":"product-type-grouped"},"acf":[],"yoast_head":"<!-- This site is optimized with the Yoast SEO plugin v27.4 - https:\/\/yoast.com\/product\/yoast-seo-wordpress\/ -->\n<title>Etikett TA Foam, rulle - FleximarkShop<\/title>\n<meta name=\"robots\" content=\"noindex, follow, max-snippet:-1, max-image-preview:large, max-video-preview:-1\" \/>\n<meta property=\"og:locale\" content=\"en_US\" \/>\n<meta property=\"og:type\" content=\"article\" \/>\n<meta property=\"og:title\" content=\"Etikett TA Foam, rulle - FleximarkShop\" \/>\n<meta property=\"og:description\" content=\"Skrivs enkelt ut p\u00e5 termotransferskrivare, s\u00e5som CAB. Starka h\u00e4ft\u00e4mnet ger etiketten en l\u00e5ng h\u00e5llbarhet. Anv\u00e4nds ofta ist\u00e4llet f\u00f6r graverade skyltar. Anv\u00e4ndning: t.ex. sk\u00e5psm\u00e4rkning, CE m\u00e4rkning, logotype etc. Sj\u00e4lvh\u00e4ftande, UV-best\u00e4ndig (enligt provtest av SP)\" \/>\n<meta property=\"og:url\" content=\"https:\/\/fleximarkshop-stage.nordlo.it\/en\/product\/komponenetetiketter-ta-foam\/\" \/>\n<meta property=\"og:site_name\" content=\"FleximarkShop\" \/>\n<meta property=\"og:image\" content=\"https:\/\/fleximarkshop-stage.nordlo.it\/wp-content\/uploads\/ETIKETTER_TA_FOAM20M_1.jpg\" \/>\n\t<meta property=\"og:image:width\" content=\"779\" \/>\n\t<meta property=\"og:image:height\" content=\"1181\" \/>\n\t<meta property=\"og:image:type\" content=\"image\/jpeg\" \/>\n<meta name=\"twitter:card\" content=\"summary_large_image\" \/>\n<script type=\"application\/ld+json\" class=\"yoast-schema-graph\">{\"@context\":\"https:\\\/\\\/schema.org\",\"@graph\":[{\"@type\":\"WebPage\",\"@id\":\"https:\\\/\\\/fleximarkshop-stage.nordlo.it\\\/produkt\\\/komponenetetiketter-ta-foam\\\/\",\"url\":\"https:\\\/\\\/fleximarkshop-stage.nordlo.it\\\/produkt\\\/komponenetetiketter-ta-foam\\\/\",\"name\":\"Etikett TA Foam, rulle - FleximarkShop\",\"isPartOf\":{\"@id\":\"https:\\\/\\\/fleximarkshop-stage.nordlo.it\\\/#website\"},\"primaryImageOfPage\":{\"@id\":\"https:\\\/\\\/fleximarkshop-stage.nordlo.it\\\/produkt\\\/komponenetetiketter-ta-foam\\\/#primaryimage\"},\"image\":{\"@id\":\"https:\\\/\\\/fleximarkshop-stage.nordlo.it\\\/produkt\\\/komponenetetiketter-ta-foam\\\/#primaryimage\"},\"thumbnailUrl\":\"https:\\\/\\\/fleximarkshop-stage.nordlo.it\\\/wp-content\\\/uploads\\\/ETIKETTER_TA_FOAM20M_1.jpg\",\"datePublished\":\"2016-04-27T10:07:11+00:00\",\"breadcrumb\":{\"@id\":\"https:\\\/\\\/fleximarkshop-stage.nordlo.it\\\/produkt\\\/komponenetetiketter-ta-foam\\\/#breadcrumb\"},\"inLanguage\":\"en-US\",\"potentialAction\":[{\"@type\":\"ReadAction\",\"target\":[\"https:\\\/\\\/fleximarkshop-stage.nordlo.it\\\/produkt\\\/komponenetetiketter-ta-foam\\\/\"]}]},{\"@type\":\"ImageObject\",\"inLanguage\":\"en-US\",\"@id\":\"https:\\\/\\\/fleximarkshop-stage.nordlo.it\\\/produkt\\\/komponenetetiketter-ta-foam\\\/#primaryimage\",\"url\":\"https:\\\/\\\/fleximarkshop-stage.nordlo.it\\\/wp-content\\\/uploads\\\/ETIKETTER_TA_FOAM20M_1.jpg\",\"contentUrl\":\"https:\\\/\\\/fleximarkshop-stage.nordlo.it\\\/wp-content\\\/uploads\\\/ETIKETTER_TA_FOAM20M_1.jpg\",\"width\":779,\"height\":1181,\"caption\":\"Komponenetetikett TA Foam 20m Vit\"},{\"@type\":\"BreadcrumbList\",\"@id\":\"https:\\\/\\\/fleximarkshop-stage.nordlo.it\\\/produkt\\\/komponenetetiketter-ta-foam\\\/#breadcrumb\",\"itemListElement\":[{\"@type\":\"ListItem\",\"position\":1,\"name\":\"Hem\",\"item\":\"https:\\\/\\\/fleximarkshop-stage.nordlo.it\\\/\"},{\"@type\":\"ListItem\",\"position\":2,\"name\":\"Webbutik\",\"item\":\"https:\\\/\\\/fleximarkshop-stage.nordlo.it\\\/butik\\\/\"},{\"@type\":\"ListItem\",\"position\":3,\"name\":\"Etikett TA Foam, rulle\"}]},{\"@type\":\"WebSite\",\"@id\":\"https:\\\/\\\/fleximarkshop-stage.nordlo.it\\\/#website\",\"url\":\"https:\\\/\\\/fleximarkshop-stage.nordlo.it\\\/\",\"name\":\"FleximarkShop\",\"description\":\"M\u00e4rkning &amp; M\u00e4rksystem online\",\"publisher\":{\"@id\":\"https:\\\/\\\/fleximarkshop-stage.nordlo.it\\\/#organization\"},\"potentialAction\":[{\"@type\":\"SearchAction\",\"target\":{\"@type\":\"EntryPoint\",\"urlTemplate\":\"https:\\\/\\\/fleximarkshop-stage.nordlo.it\\\/?s={search_term_string}\"},\"query-input\":{\"@type\":\"PropertyValueSpecification\",\"valueRequired\":true,\"valueName\":\"search_term_string\"}}],\"inLanguage\":\"en-US\"},{\"@type\":\"Organization\",\"@id\":\"https:\\\/\\\/fleximarkshop-stage.nordlo.it\\\/#organization\",\"name\":\"FleximarkShop\",\"url\":\"https:\\\/\\\/fleximarkshop-stage.nordlo.it\\\/\",\"logo\":{\"@type\":\"ImageObject\",\"inLanguage\":\"en-US\",\"@id\":\"https:\\\/\\\/fleximarkshop-stage.nordlo.it\\\/#\\\/schema\\\/logo\\\/image\\\/\",\"url\":\"https:\\\/\\\/fleximarkshop-stage.nordlo.it\\\/wp-content\\\/uploads\\\/fleximark-logo.png\",\"contentUrl\":\"https:\\\/\\\/fleximarkshop-stage.nordlo.it\\\/wp-content\\\/uploads\\\/fleximark-logo.png\",\"width\":600,\"height\":80,\"caption\":\"FleximarkShop\"},\"image\":{\"@id\":\"https:\\\/\\\/fleximarkshop-stage.nordlo.it\\\/#\\\/schema\\\/logo\\\/image\\\/\"}}]}<\/script>\n<!-- \/ Yoast SEO plugin. -->","yoast_head_json":{"title":"Etikett TA Foam, rulle - FleximarkShop","robots":{"index":"noindex","follow":"follow","max-snippet":"max-snippet:-1","max-image-preview":"max-image-preview:large","max-video-preview":"max-video-preview:-1"},"og_locale":"en_US","og_type":"article","og_title":"Etikett TA Foam, rulle - FleximarkShop","og_description":"Skrivs enkelt ut p\u00e5 termotransferskrivare, s\u00e5som CAB. Starka h\u00e4ft\u00e4mnet ger etiketten en l\u00e5ng h\u00e5llbarhet. Anv\u00e4nds ofta ist\u00e4llet f\u00f6r graverade skyltar. Anv\u00e4ndning: t.ex. sk\u00e5psm\u00e4rkning, CE m\u00e4rkning, logotype etc. Sj\u00e4lvh\u00e4ftande, UV-best\u00e4ndig (enligt provtest av SP)","og_url":"https:\/\/fleximarkshop-stage.nordlo.it\/en\/product\/komponenetetiketter-ta-foam\/","og_site_name":"FleximarkShop","og_image":[{"width":779,"height":1181,"url":"https:\/\/fleximarkshop-stage.nordlo.it\/wp-content\/uploads\/ETIKETTER_TA_FOAM20M_1.jpg","type":"image\/jpeg"}],"twitter_card":"summary_large_image","schema":{"@context":"https:\/\/schema.org","@graph":[{"@type":"WebPage","@id":"https:\/\/fleximarkshop-stage.nordlo.it\/produkt\/komponenetetiketter-ta-foam\/","url":"https:\/\/fleximarkshop-stage.nordlo.it\/produkt\/komponenetetiketter-ta-foam\/","name":"Etikett TA Foam, rulle - FleximarkShop","isPartOf":{"@id":"https:\/\/fleximarkshop-stage.nordlo.it\/#website"},"primaryImageOfPage":{"@id":"https:\/\/fleximarkshop-stage.nordlo.it\/produkt\/komponenetetiketter-ta-foam\/#primaryimage"},"image":{"@id":"https:\/\/fleximarkshop-stage.nordlo.it\/produkt\/komponenetetiketter-ta-foam\/#primaryimage"},"thumbnailUrl":"https:\/\/fleximarkshop-stage.nordlo.it\/wp-content\/uploads\/ETIKETTER_TA_FOAM20M_1.jpg","datePublished":"2016-04-27T10:07:11+00:00","breadcrumb":{"@id":"https:\/\/fleximarkshop-stage.nordlo.it\/produkt\/komponenetetiketter-ta-foam\/#breadcrumb"},"inLanguage":"en-US","potentialAction":[{"@type":"ReadAction","target":["https:\/\/fleximarkshop-stage.nordlo.it\/produkt\/komponenetetiketter-ta-foam\/"]}]},{"@type":"ImageObject","inLanguage":"en-US","@id":"https:\/\/fleximarkshop-stage.nordlo.it\/produkt\/komponenetetiketter-ta-foam\/#primaryimage","url":"https:\/\/fleximarkshop-stage.nordlo.it\/wp-content\/uploads\/ETIKETTER_TA_FOAM20M_1.jpg","contentUrl":"https:\/\/fleximarkshop-stage.nordlo.it\/wp-content\/uploads\/ETIKETTER_TA_FOAM20M_1.jpg","width":779,"height":1181,"caption":"Komponenetetikett TA Foam 20m Vit"},{"@type":"BreadcrumbList","@id":"https:\/\/fleximarkshop-stage.nordlo.it\/produkt\/komponenetetiketter-ta-foam\/#breadcrumb","itemListElement":[{"@type":"ListItem","position":1,"name":"Hem","item":"https:\/\/fleximarkshop-stage.nordlo.it\/"},{"@type":"ListItem","position":2,"name":"Webbutik","item":"https:\/\/fleximarkshop-stage.nordlo.it\/butik\/"},{"@type":"ListItem","position":3,"name":"Etikett TA Foam, rulle"}]},{"@type":"WebSite","@id":"https:\/\/fleximarkshop-stage.nordlo.it\/#website","url":"https:\/\/fleximarkshop-stage.nordlo.it\/","name":"FleximarkShop","description":"M\u00e4rkning &amp; M\u00e4rksystem online","publisher":{"@id":"https:\/\/fleximarkshop-stage.nordlo.it\/#organization"},"potentialAction":[{"@type":"SearchAction","target":{"@type":"EntryPoint","urlTemplate":"https:\/\/fleximarkshop-stage.nordlo.it\/?s={search_term_string}"},"query-input":{"@type":"PropertyValueSpecification","valueRequired":true,"valueName":"search_term_string"}}],"inLanguage":"en-US"},{"@type":"Organization","@id":"https:\/\/fleximarkshop-stage.nordlo.it\/#organization","name":"FleximarkShop","url":"https:\/\/fleximarkshop-stage.nordlo.it\/","logo":{"@type":"ImageObject","inLanguage":"en-US","@id":"https:\/\/fleximarkshop-stage.nordlo.it\/#\/schema\/logo\/image\/","url":"https:\/\/fleximarkshop-stage.nordlo.it\/wp-content\/uploads\/fleximark-logo.png","contentUrl":"https:\/\/fleximarkshop-stage.nordlo.it\/wp-content\/uploads\/fleximark-logo.png","width":600,"height":80,"caption":"FleximarkShop"},"image":{"@id":"https:\/\/fleximarkshop-stage.nordlo.it\/#\/schema\/logo\/image\/"}}]}},"_links":{"self":[{"href":"https:\/\/fleximarkshop-stage.nordlo.it\/en\/wp-json\/wp\/v2\/product\/3510","targetHints":{"allow":["GET"]}}],"collection":[{"href":"https:\/\/fleximarkshop-stage.nordlo.it\/en\/wp-json\/wp\/v2\/product"}],"about":[{"href":"https:\/\/fleximarkshop-stage.nordlo.it\/en\/wp-json\/wp\/v2\/types\/product"}],"wp:featuredmedia":[{"embeddable":true,"href":"https:\/\/fleximarkshop-stage.nordlo.it\/en\/wp-json\/wp\/v2\/media\/3507"}],"wp:attachment":[{"href":"https:\/\/fleximarkshop-stage.nordlo.it\/en\/wp-json\/wp\/v2\/media?parent=3510"}],"wp:term":[{"taxonomy":"product_brand","embeddable":true,"href":"https:\/\/fleximarkshop-stage.nordlo.it\/en\/wp-json\/wp\/v2\/product_brand?post=3510"},{"taxonomy":"product_cat","embeddable":true,"href":"https:\/\/fleximarkshop-stage.nordlo.it\/en\/wp-json\/wp\/v2\/product_cat?post=3510"},{"taxonomy":"product_tag","embeddable":true,"href":"https:\/\/fleximarkshop-stage.nordlo.it\/en\/wp-json\/wp\/v2\/product_tag?post=3510"}],"curies":[{"name":"wp","href":"https:\/\/api.w.org\/{rel}","templated":true}]}}