{"id":3551,"date":"2016-05-09T10:35:05","date_gmt":"2016-05-09T10:35:05","guid":{"rendered":"https:\/\/fleximark\/produkt\/dymo-xtl-kit-300-24\/"},"modified":"2024-07-17T17:04:03","modified_gmt":"2024-07-17T17:04:03","slug":"dymo-xtl-kit-300-24","status":"publish","type":"product","link":"https:\/\/fleximarkshop-stage.nordlo.it\/en\/product\/dymo-xtl-kit-300-24\/","title":{"rendered":"DYMO XTL Kit 300 24mm"},"content":{"rendered":"<p>DYMO M\u00e4rk-kit med m\u00e4rkmaskinen XTL 300 f\u00f6r industriella milj\u00f6er med massor av tidsbesparande funktioner som f\u00f6renklar m\u00e4rkningsarbetet. En verklighetstrogen f\u00f6rhandsvisning och en f\u00e4rgsk\u00e4rm visar exakt hur etiketterna kommer att se ut. Inbyggda etiketteringsprogram g\u00f6r det l\u00e4tt att komma ig\u00e5ng och f\u00f6rformaterade etikettmallar s\u00e4kerst\u00e4ller optimal formatering som sparar tid. Den uppladdningsbara XTL\u00a0 300 \u00e4r full med verktyg och har en st\u00f6td\u00e4mpare och en avtorkbar knappsats. Skriver ut etiketter i bredder fr\u00e5n 6 till 24 mm i ett stort urval av UL-certifierade material och f\u00e4rger. PC-anslutning* och den kostnadsfria programvaran DYMO ID f\u00f6r import av Microsoft\u00ae Excel\u00ae- eller databasfiler f\u00f6r utskrift av hela etikettupps\u00e4ttningar.<\/p>\n<p><b>Teknisk data:<\/b><\/p>\n<p><b>Utskriftssystem: <\/b>V\u00e4rme\u00f6verf\u00f6ring<br \/>\n<b>Maximal etikettbredd:<\/b>24 mm<br \/>\n<b>Print speed:<\/b>23 m\/s<br \/>\n<b>Tangentbord:<\/b>QWERTY<br \/>\n<b>Uppl\u00f6sning:<\/b>300dpi<br \/>\n<b>Utskrivbara rader:<\/b>11<br \/>\n<b>Streckkoder: <\/b>Code 128(Auto), Code 39, Code 39Mod, EAN8, EAN13, UPC-A, Codebar, PDF-417, QR Code<br \/>\n<b>Kniv: <\/b> Manuell<\/p>\n<p><b>Inneh\u00e5ll i f\u00f6rpackningen:<\/b><br \/>\nM\u00e4rkmaskin DYMO XTL 300<br \/>\nLaddare, USB kabel och uppladdningsbart batteri<br \/>\nB\u00e4rrem och v\u00e4ska<br \/>\nSnabbstartshandledning och<br \/>\nKort f\u00f6r programvarunedladdning<br \/>\n1st 24 mm x 7 m kassett med flerfunktionvinyl, svart\/vitt<br \/>\n1st 21 mm x 39 mm laminerad slad-\/kabellindning, svart\/vitt, 150 etiketter<\/p>","protected":false},"excerpt":{"rendered":"<p>\u2022 DYMO M\u00e4rk-kit med m\u00e4rkmaskin DYMO XTL300<br \/>\n\u2022 M\u00e4rk-kit f\u00f6r industriella milj\u00f6er<br \/>\n\u2022 Inbyggd etikettprogram<br \/>\n\u2022 F\u00f6rformaterade etikettmallar<br \/>\n\u2022 Skriver etiketter i bredder 6 til 24 mm<br \/>\n\u2022 PC anslutning &amp; kostnadsfri programvara<\/p>\n<p><a title=\"Dymo XTL produktdatablad\" href=\"https:\/\/fleximarkshop-stage.nordlo.it\/wp-content\/uploads\/DB83257106EN_DYMO_XTL_Marking_kit_and_tape.pdf\" target=\"_blank\" rel=\"noopener\"><span style=\"color: #ff9900;\"><strong>Product data sheet<\/strong><\/span><\/a><\/p>","protected":false},"featured_media":3549,"template":"","meta":{"_acf_changed":false},"product_brand":[],"product_cat":[954,930,952,904,917],"product_tag":[],"class_list":{"0":"post-3551","1":"product","2":"type-product","3":"status-publish","4":"has-post-thumbnail","6":"product_cat-industriella-markapparater-dymo","7":"product_cat-kabelmarkning","8":"product_cat-komponentmarkning","9":"product_cat-programvara-och-markmaskiner","10":"product_cat-skrivare-markapparater","11":"pa_antal-57","12":"pa_filter_ett-standardmontering","13":"pa_forpackningsenhet-369","14":"pa_nav_item_discount_group-829","15":"sales-flash-overlay","16":"woocommerce-text-align-center","17":"woocommerce-image-align-center","18":"do-quantity-buttons","19":"wc-has-gallery","21":"first","22":"onbackorder","23":"taxable","24":"shipping-taxable","25":"purchasable","26":"product-type-simple"},"acf":[],"yoast_head":"<!-- This site is optimized with the Yoast SEO plugin v27.3 - https:\/\/yoast.com\/product\/yoast-seo-wordpress\/ -->\n<title>DYMO XTL Kit 300 24mm - FleximarkShop<\/title>\n<meta name=\"robots\" content=\"noindex, follow, max-snippet:-1, max-image-preview:large, max-video-preview:-1\" \/>\n<meta property=\"og:locale\" content=\"en_US\" \/>\n<meta property=\"og:type\" content=\"article\" \/>\n<meta property=\"og:title\" content=\"DYMO XTL Kit 300 24mm - FleximarkShop\" \/>\n<meta property=\"og:description\" content=\"\u2022 DYMO M\u00e4rk-kit med m\u00e4rkmaskin DYMO XTL300 \u2022 M\u00e4rk-kit f\u00f6r industriella milj\u00f6er \u2022 Inbyggd etikettprogram \u2022 F\u00f6rformaterade etikettmallar \u2022 Skriver etiketter i bredder 6 til 24 mm \u2022 PC anslutning &amp; kostnadsfri programvara  Produktdatablad\" \/>\n<meta property=\"og:url\" content=\"https:\/\/fleximarkshop-stage.nordlo.it\/en\/product\/dymo-xtl-kit-300-24\/\" \/>\n<meta property=\"og:site_name\" content=\"FleximarkShop\" \/>\n<meta property=\"article:modified_time\" content=\"2024-07-17T17:04:03+00:00\" \/>\n<meta property=\"og:image\" content=\"https:\/\/fleximarkshop-stage.nordlo.it\/wp-content\/uploads\/83257106.jpg\" \/>\n\t<meta property=\"og:image:width\" content=\"1181\" \/>\n\t<meta property=\"og:image:height\" content=\"1181\" \/>\n\t<meta property=\"og:image:type\" content=\"image\/jpeg\" \/>\n<meta name=\"twitter:card\" content=\"summary_large_image\" \/>\n<meta name=\"twitter:label1\" content=\"Est. reading time\" \/>\n\t<meta name=\"twitter:data1\" content=\"1 minute\" \/>\n<script type=\"application\/ld+json\" class=\"yoast-schema-graph\">{\"@context\":\"https:\\\/\\\/schema.org\",\"@graph\":[{\"@type\":\"WebPage\",\"@id\":\"https:\\\/\\\/fleximarkshop-stage.nordlo.it\\\/produkt\\\/dymo-xtl-kit-300-24\\\/\",\"url\":\"https:\\\/\\\/fleximarkshop-stage.nordlo.it\\\/produkt\\\/dymo-xtl-kit-300-24\\\/\",\"name\":\"DYMO XTL Kit 300 24mm - FleximarkShop\",\"isPartOf\":{\"@id\":\"https:\\\/\\\/fleximarkshop-stage.nordlo.it\\\/#website\"},\"primaryImageOfPage\":{\"@id\":\"https:\\\/\\\/fleximarkshop-stage.nordlo.it\\\/produkt\\\/dymo-xtl-kit-300-24\\\/#primaryimage\"},\"image\":{\"@id\":\"https:\\\/\\\/fleximarkshop-stage.nordlo.it\\\/produkt\\\/dymo-xtl-kit-300-24\\\/#primaryimage\"},\"thumbnailUrl\":\"https:\\\/\\\/fleximarkshop-stage.nordlo.it\\\/wp-content\\\/uploads\\\/83257106.jpg\",\"datePublished\":\"2016-05-09T10:35:05+00:00\",\"dateModified\":\"2024-07-17T17:04:03+00:00\",\"breadcrumb\":{\"@id\":\"https:\\\/\\\/fleximarkshop-stage.nordlo.it\\\/produkt\\\/dymo-xtl-kit-300-24\\\/#breadcrumb\"},\"inLanguage\":\"en-US\",\"potentialAction\":[{\"@type\":\"ReadAction\",\"target\":[\"https:\\\/\\\/fleximarkshop-stage.nordlo.it\\\/produkt\\\/dymo-xtl-kit-300-24\\\/\"]}]},{\"@type\":\"ImageObject\",\"inLanguage\":\"en-US\",\"@id\":\"https:\\\/\\\/fleximarkshop-stage.nordlo.it\\\/produkt\\\/dymo-xtl-kit-300-24\\\/#primaryimage\",\"url\":\"https:\\\/\\\/fleximarkshop-stage.nordlo.it\\\/wp-content\\\/uploads\\\/83257106.jpg\",\"contentUrl\":\"https:\\\/\\\/fleximarkshop-stage.nordlo.it\\\/wp-content\\\/uploads\\\/83257106.jpg\",\"width\":1181,\"height\":1181,\"caption\":\"DYMO XTL Kit 300 M\u00e4rkapprat\"},{\"@type\":\"BreadcrumbList\",\"@id\":\"https:\\\/\\\/fleximarkshop-stage.nordlo.it\\\/produkt\\\/dymo-xtl-kit-300-24\\\/#breadcrumb\",\"itemListElement\":[{\"@type\":\"ListItem\",\"position\":1,\"name\":\"Hem\",\"item\":\"https:\\\/\\\/fleximarkshop-stage.nordlo.it\\\/\"},{\"@type\":\"ListItem\",\"position\":2,\"name\":\"Webbutik\",\"item\":\"https:\\\/\\\/fleximarkshop-stage.nordlo.it\\\/butik\\\/\"},{\"@type\":\"ListItem\",\"position\":3,\"name\":\"DYMO XTL Kit 300 24mm\"}]},{\"@type\":\"WebSite\",\"@id\":\"https:\\\/\\\/fleximarkshop-stage.nordlo.it\\\/#website\",\"url\":\"https:\\\/\\\/fleximarkshop-stage.nordlo.it\\\/\",\"name\":\"FleximarkShop\",\"description\":\"M\u00e4rkning &amp; M\u00e4rksystem online\",\"publisher\":{\"@id\":\"https:\\\/\\\/fleximarkshop-stage.nordlo.it\\\/#organization\"},\"potentialAction\":[{\"@type\":\"SearchAction\",\"target\":{\"@type\":\"EntryPoint\",\"urlTemplate\":\"https:\\\/\\\/fleximarkshop-stage.nordlo.it\\\/?s={search_term_string}\"},\"query-input\":{\"@type\":\"PropertyValueSpecification\",\"valueRequired\":true,\"valueName\":\"search_term_string\"}}],\"inLanguage\":\"en-US\"},{\"@type\":\"Organization\",\"@id\":\"https:\\\/\\\/fleximarkshop-stage.nordlo.it\\\/#organization\",\"name\":\"FleximarkShop\",\"url\":\"https:\\\/\\\/fleximarkshop-stage.nordlo.it\\\/\",\"logo\":{\"@type\":\"ImageObject\",\"inLanguage\":\"en-US\",\"@id\":\"https:\\\/\\\/fleximarkshop-stage.nordlo.it\\\/#\\\/schema\\\/logo\\\/image\\\/\",\"url\":\"https:\\\/\\\/fleximarkshop-stage.nordlo.it\\\/wp-content\\\/uploads\\\/fleximark-logo.png\",\"contentUrl\":\"https:\\\/\\\/fleximarkshop-stage.nordlo.it\\\/wp-content\\\/uploads\\\/fleximark-logo.png\",\"width\":600,\"height\":80,\"caption\":\"FleximarkShop\"},\"image\":{\"@id\":\"https:\\\/\\\/fleximarkshop-stage.nordlo.it\\\/#\\\/schema\\\/logo\\\/image\\\/\"}}]}<\/script>\n<!-- \/ Yoast SEO plugin. -->","yoast_head_json":{"title":"DYMO XTL Kit 300 24mm - FleximarkShop","robots":{"index":"noindex","follow":"follow","max-snippet":"max-snippet:-1","max-image-preview":"max-image-preview:large","max-video-preview":"max-video-preview:-1"},"og_locale":"en_US","og_type":"article","og_title":"DYMO XTL Kit 300 24mm - FleximarkShop","og_description":"\u2022 DYMO M\u00e4rk-kit med m\u00e4rkmaskin DYMO XTL300 \u2022 M\u00e4rk-kit f\u00f6r industriella milj\u00f6er \u2022 Inbyggd etikettprogram \u2022 F\u00f6rformaterade etikettmallar \u2022 Skriver etiketter i bredder 6 til 24 mm \u2022 PC anslutning &amp; kostnadsfri programvara  Produktdatablad","og_url":"https:\/\/fleximarkshop-stage.nordlo.it\/en\/product\/dymo-xtl-kit-300-24\/","og_site_name":"FleximarkShop","article_modified_time":"2024-07-17T17:04:03+00:00","og_image":[{"width":1181,"height":1181,"url":"https:\/\/fleximarkshop-stage.nordlo.it\/wp-content\/uploads\/83257106.jpg","type":"image\/jpeg"}],"twitter_card":"summary_large_image","twitter_misc":{"Est. reading time":"1 minute"},"schema":{"@context":"https:\/\/schema.org","@graph":[{"@type":"WebPage","@id":"https:\/\/fleximarkshop-stage.nordlo.it\/produkt\/dymo-xtl-kit-300-24\/","url":"https:\/\/fleximarkshop-stage.nordlo.it\/produkt\/dymo-xtl-kit-300-24\/","name":"DYMO XTL Kit 300 24mm - FleximarkShop","isPartOf":{"@id":"https:\/\/fleximarkshop-stage.nordlo.it\/#website"},"primaryImageOfPage":{"@id":"https:\/\/fleximarkshop-stage.nordlo.it\/produkt\/dymo-xtl-kit-300-24\/#primaryimage"},"image":{"@id":"https:\/\/fleximarkshop-stage.nordlo.it\/produkt\/dymo-xtl-kit-300-24\/#primaryimage"},"thumbnailUrl":"https:\/\/fleximarkshop-stage.nordlo.it\/wp-content\/uploads\/83257106.jpg","datePublished":"2016-05-09T10:35:05+00:00","dateModified":"2024-07-17T17:04:03+00:00","breadcrumb":{"@id":"https:\/\/fleximarkshop-stage.nordlo.it\/produkt\/dymo-xtl-kit-300-24\/#breadcrumb"},"inLanguage":"en-US","potentialAction":[{"@type":"ReadAction","target":["https:\/\/fleximarkshop-stage.nordlo.it\/produkt\/dymo-xtl-kit-300-24\/"]}]},{"@type":"ImageObject","inLanguage":"en-US","@id":"https:\/\/fleximarkshop-stage.nordlo.it\/produkt\/dymo-xtl-kit-300-24\/#primaryimage","url":"https:\/\/fleximarkshop-stage.nordlo.it\/wp-content\/uploads\/83257106.jpg","contentUrl":"https:\/\/fleximarkshop-stage.nordlo.it\/wp-content\/uploads\/83257106.jpg","width":1181,"height":1181,"caption":"DYMO XTL Kit 300 M\u00e4rkapprat"},{"@type":"BreadcrumbList","@id":"https:\/\/fleximarkshop-stage.nordlo.it\/produkt\/dymo-xtl-kit-300-24\/#breadcrumb","itemListElement":[{"@type":"ListItem","position":1,"name":"Hem","item":"https:\/\/fleximarkshop-stage.nordlo.it\/"},{"@type":"ListItem","position":2,"name":"Webbutik","item":"https:\/\/fleximarkshop-stage.nordlo.it\/butik\/"},{"@type":"ListItem","position":3,"name":"DYMO XTL Kit 300 24mm"}]},{"@type":"WebSite","@id":"https:\/\/fleximarkshop-stage.nordlo.it\/#website","url":"https:\/\/fleximarkshop-stage.nordlo.it\/","name":"FleximarkShop","description":"M\u00e4rkning &amp; M\u00e4rksystem online","publisher":{"@id":"https:\/\/fleximarkshop-stage.nordlo.it\/#organization"},"potentialAction":[{"@type":"SearchAction","target":{"@type":"EntryPoint","urlTemplate":"https:\/\/fleximarkshop-stage.nordlo.it\/?s={search_term_string}"},"query-input":{"@type":"PropertyValueSpecification","valueRequired":true,"valueName":"search_term_string"}}],"inLanguage":"en-US"},{"@type":"Organization","@id":"https:\/\/fleximarkshop-stage.nordlo.it\/#organization","name":"FleximarkShop","url":"https:\/\/fleximarkshop-stage.nordlo.it\/","logo":{"@type":"ImageObject","inLanguage":"en-US","@id":"https:\/\/fleximarkshop-stage.nordlo.it\/#\/schema\/logo\/image\/","url":"https:\/\/fleximarkshop-stage.nordlo.it\/wp-content\/uploads\/fleximark-logo.png","contentUrl":"https:\/\/fleximarkshop-stage.nordlo.it\/wp-content\/uploads\/fleximark-logo.png","width":600,"height":80,"caption":"FleximarkShop"},"image":{"@id":"https:\/\/fleximarkshop-stage.nordlo.it\/#\/schema\/logo\/image\/"}}]}},"_links":{"self":[{"href":"https:\/\/fleximarkshop-stage.nordlo.it\/en\/wp-json\/wp\/v2\/product\/3551","targetHints":{"allow":["GET"]}}],"collection":[{"href":"https:\/\/fleximarkshop-stage.nordlo.it\/en\/wp-json\/wp\/v2\/product"}],"about":[{"href":"https:\/\/fleximarkshop-stage.nordlo.it\/en\/wp-json\/wp\/v2\/types\/product"}],"wp:featuredmedia":[{"embeddable":true,"href":"https:\/\/fleximarkshop-stage.nordlo.it\/en\/wp-json\/wp\/v2\/media\/3549"}],"wp:attachment":[{"href":"https:\/\/fleximarkshop-stage.nordlo.it\/en\/wp-json\/wp\/v2\/media?parent=3551"}],"wp:term":[{"taxonomy":"product_brand","embeddable":true,"href":"https:\/\/fleximarkshop-stage.nordlo.it\/en\/wp-json\/wp\/v2\/product_brand?post=3551"},{"taxonomy":"product_cat","embeddable":true,"href":"https:\/\/fleximarkshop-stage.nordlo.it\/en\/wp-json\/wp\/v2\/product_cat?post=3551"},{"taxonomy":"product_tag","embeddable":true,"href":"https:\/\/fleximarkshop-stage.nordlo.it\/en\/wp-json\/wp\/v2\/product_tag?post=3551"}],"curies":[{"name":"wp","href":"https:\/\/api.w.org\/{rel}","templated":true}]}}