{"id":3553,"date":"2016-05-09T10:35:09","date_gmt":"2016-05-09T10:35:09","guid":{"rendered":"https:\/\/fleximark\/produkt\/dymo-xtl-kit-500-54\/"},"modified":"2022-02-22T15:01:42","modified_gmt":"2022-02-22T15:01:42","slug":"dymo-xtl-kit-500-54","status":"publish","type":"product","link":"https:\/\/fleximarkshop-stage.nordlo.it\/en\/product\/dymo-xtl-kit-500-54\/","title":{"rendered":"DYMO XTL Kit 500"},"content":{"rendered":"<p>DYMO M\u00e4rk-kit med m\u00e4rkmaskinen XTL 500 med en verklighetstrogen f\u00f6rhandsvisning visar exakt hur etiketterna kommer att se ut n\u00e4r de s\u00e4tts p\u00e5 kablar, r\u00f6r och andra platser. Inbyggda etiketteringsprogram g\u00f6r det enkelt att komma ig\u00e5ng, och en peksk\u00e4rm i f\u00e4rg g\u00f6r att det g\u00e5r fortare att placera text, streckkoder och bilder p\u00e5 etiketter. Ett stort utbud av f\u00f6rformaterade etikettmallar s\u00e4kerst\u00e4ller optimal formatering som sparar tid. Skriver ut f\u00f6rformaterade etiketter och etiketter i valfri l\u00e4ngd i bredder fr\u00e5n 6 till 54 mm, d\u00e4ribland s\u00e4kerhetsskyltar samt krympslangar i ett stort urval av UL-certifierade material och f\u00e4rger. PC-anslutning* och den kostnadsfri programvaran DYMO ID f\u00f6r att importera data direkt fr\u00e5n Microsoft Excel eller databaser.<\/p>\n<p><b>Teknisk data:<\/b><\/p>\n<p><b>Utskriftssystem: <\/b>V\u00e4rme\u00f6verf\u00f6ring<br \/>\n<b>Maximal etikettbredd:<\/b>54 mm<br \/>\n<b>Print speed:<\/b>28 m\/s<br \/>\n<b>Tangentbord:<\/b>QWERTY<br \/>\n<b>Uppl\u00f6sning:<\/b>300dpi<br \/>\n<b>Utskrivbara rader:<\/b>24<br \/>\n<b>Streckkoder: <\/b>Code 128(Auto), Code 39, Code 39Mod, EAN8, EAN13, UPC-A, Codebar, PDF-417, QR Code<br \/>\n<b>Kniv: <\/b> Automatisk<\/p>\n<p><b>Inneh\u00e5ll i f\u00f6rpackningen:<\/b><br \/>\nM\u00e4rkmaskin DYMO XTL 500<br \/>\nLaddare, USB kabel och uppladdningsbart batteri<br \/>\nB\u00e4rrem och v\u00e4ska<br \/>\nSnabbstartshandledning och<br \/>\nKort f\u00f6r programvarunedladdning<br \/>\n1st 54 mm x 7 m kassett med flerfunktionvinyl, svart\/vitt<br \/>\n1st 38 mm x 39 mm laminerad slad-\/kabellindning, svart\/vitt, 150 etiketter<\/p>","protected":false},"excerpt":{"rendered":"<p>\u2022 DYMO M\u00e4rk-kit med m\u00e4rkmaskin DYMO XTL500<br \/>\n\u2022 M\u00e4rk-kit f\u00f6r industriella milj\u00f6er<br \/>\n\u2022 Inbyggd etikettprogram<br \/>\n\u2022 F\u00f6rformaterade etikettmallar<br \/>\n\u2022 Skriver etiketter i bredder 6 til 54 mm<br \/>\n\u2022 PC anslutning &amp; kostnadsfri programvara<\/p>\n<p><a title=\"Dymo XTL produktdatablad\" href=\"https:\/\/fleximarkshop-stage.nordlo.it\/wp-content\/uploads\/DB83257106EN_DYMO_XTL_Marking_kit_and_tape.pdf\" target=\"_blank\" rel=\"noopener\"><span style=\"color: #ff9900;\"><strong>Product data sheet<\/strong><\/span><\/a><\/p>","protected":false},"featured_media":3552,"template":"","meta":{"_acf_changed":false},"product_brand":[],"product_cat":[954,930,952,904,917],"product_tag":[],"class_list":{"0":"post-3553","1":"product","2":"type-product","3":"status-publish","4":"has-post-thumbnail","6":"product_cat-industriella-markapparater-dymo","7":"product_cat-kabelmarkning","8":"product_cat-komponentmarkning","9":"product_cat-programvara-och-markmaskiner","10":"product_cat-skrivare-markapparater","11":"pa_antal-57","12":"pa_filter_ett-standardmontering","13":"pa_forpackningsenhet-369","14":"pa_nav_item_discount_group-829","15":"sales-flash-overlay","16":"woocommerce-text-align-center","17":"woocommerce-image-align-center","18":"do-quantity-buttons","19":"wc-has-gallery","21":"first","22":"onbackorder","23":"taxable","24":"shipping-taxable","25":"purchasable","26":"product-type-simple"},"acf":[],"yoast_head":"<!-- This site is optimized with the Yoast SEO plugin v27.3 - https:\/\/yoast.com\/product\/yoast-seo-wordpress\/ -->\n<title>DYMO XTL Kit 500 - FleximarkShop<\/title>\n<meta name=\"robots\" content=\"noindex, follow, max-snippet:-1, max-image-preview:large, max-video-preview:-1\" \/>\n<meta property=\"og:locale\" content=\"en_US\" \/>\n<meta property=\"og:type\" content=\"article\" \/>\n<meta property=\"og:title\" content=\"DYMO XTL Kit 500 - FleximarkShop\" \/>\n<meta property=\"og:description\" content=\"\u2022 DYMO M\u00e4rk-kit med m\u00e4rkmaskin DYMO XTL500 \u2022 M\u00e4rk-kit f\u00f6r industriella milj\u00f6er \u2022 Inbyggd etikettprogram \u2022 F\u00f6rformaterade etikettmallar \u2022 Skriver etiketter i bredder 6 til 54 mm \u2022 PC anslutning &amp; kostnadsfri programvara  Produktdatablad\" \/>\n<meta property=\"og:url\" content=\"https:\/\/fleximarkshop-stage.nordlo.it\/en\/product\/dymo-xtl-kit-500-54\/\" \/>\n<meta property=\"og:site_name\" content=\"FleximarkShop\" \/>\n<meta property=\"article:modified_time\" content=\"2022-02-22T15:01:42+00:00\" \/>\n<meta property=\"og:image\" content=\"https:\/\/fleximarkshop-stage.nordlo.it\/wp-content\/uploads\/83257107.jpg\" \/>\n\t<meta property=\"og:image:width\" content=\"1069\" \/>\n\t<meta property=\"og:image:height\" content=\"1181\" \/>\n\t<meta property=\"og:image:type\" content=\"image\/jpeg\" \/>\n<meta name=\"twitter:card\" content=\"summary_large_image\" \/>\n<meta name=\"twitter:label1\" content=\"Est. reading time\" \/>\n\t<meta name=\"twitter:data1\" content=\"1 minute\" \/>\n<script type=\"application\/ld+json\" class=\"yoast-schema-graph\">{\"@context\":\"https:\\\/\\\/schema.org\",\"@graph\":[{\"@type\":\"WebPage\",\"@id\":\"https:\\\/\\\/fleximarkshop-stage.nordlo.it\\\/produkt\\\/dymo-xtl-kit-500-54\\\/\",\"url\":\"https:\\\/\\\/fleximarkshop-stage.nordlo.it\\\/produkt\\\/dymo-xtl-kit-500-54\\\/\",\"name\":\"DYMO XTL Kit 500 - FleximarkShop\",\"isPartOf\":{\"@id\":\"https:\\\/\\\/fleximarkshop-stage.nordlo.it\\\/#website\"},\"primaryImageOfPage\":{\"@id\":\"https:\\\/\\\/fleximarkshop-stage.nordlo.it\\\/produkt\\\/dymo-xtl-kit-500-54\\\/#primaryimage\"},\"image\":{\"@id\":\"https:\\\/\\\/fleximarkshop-stage.nordlo.it\\\/produkt\\\/dymo-xtl-kit-500-54\\\/#primaryimage\"},\"thumbnailUrl\":\"https:\\\/\\\/fleximarkshop-stage.nordlo.it\\\/wp-content\\\/uploads\\\/83257107.jpg\",\"datePublished\":\"2016-05-09T10:35:09+00:00\",\"dateModified\":\"2022-02-22T15:01:42+00:00\",\"breadcrumb\":{\"@id\":\"https:\\\/\\\/fleximarkshop-stage.nordlo.it\\\/produkt\\\/dymo-xtl-kit-500-54\\\/#breadcrumb\"},\"inLanguage\":\"en-US\",\"potentialAction\":[{\"@type\":\"ReadAction\",\"target\":[\"https:\\\/\\\/fleximarkshop-stage.nordlo.it\\\/produkt\\\/dymo-xtl-kit-500-54\\\/\"]}]},{\"@type\":\"ImageObject\",\"inLanguage\":\"en-US\",\"@id\":\"https:\\\/\\\/fleximarkshop-stage.nordlo.it\\\/produkt\\\/dymo-xtl-kit-500-54\\\/#primaryimage\",\"url\":\"https:\\\/\\\/fleximarkshop-stage.nordlo.it\\\/wp-content\\\/uploads\\\/83257107.jpg\",\"contentUrl\":\"https:\\\/\\\/fleximarkshop-stage.nordlo.it\\\/wp-content\\\/uploads\\\/83257107.jpg\",\"width\":1069,\"height\":1181,\"caption\":\"DYMO XTL kit 500 M\u00e4rkapparat\"},{\"@type\":\"BreadcrumbList\",\"@id\":\"https:\\\/\\\/fleximarkshop-stage.nordlo.it\\\/produkt\\\/dymo-xtl-kit-500-54\\\/#breadcrumb\",\"itemListElement\":[{\"@type\":\"ListItem\",\"position\":1,\"name\":\"Hem\",\"item\":\"https:\\\/\\\/fleximarkshop-stage.nordlo.it\\\/\"},{\"@type\":\"ListItem\",\"position\":2,\"name\":\"Webbutik\",\"item\":\"https:\\\/\\\/fleximarkshop-stage.nordlo.it\\\/butik\\\/\"},{\"@type\":\"ListItem\",\"position\":3,\"name\":\"DYMO XTL Kit 500\"}]},{\"@type\":\"WebSite\",\"@id\":\"https:\\\/\\\/fleximarkshop-stage.nordlo.it\\\/#website\",\"url\":\"https:\\\/\\\/fleximarkshop-stage.nordlo.it\\\/\",\"name\":\"FleximarkShop\",\"description\":\"M\u00e4rkning &amp; M\u00e4rksystem online\",\"publisher\":{\"@id\":\"https:\\\/\\\/fleximarkshop-stage.nordlo.it\\\/#organization\"},\"potentialAction\":[{\"@type\":\"SearchAction\",\"target\":{\"@type\":\"EntryPoint\",\"urlTemplate\":\"https:\\\/\\\/fleximarkshop-stage.nordlo.it\\\/?s={search_term_string}\"},\"query-input\":{\"@type\":\"PropertyValueSpecification\",\"valueRequired\":true,\"valueName\":\"search_term_string\"}}],\"inLanguage\":\"en-US\"},{\"@type\":\"Organization\",\"@id\":\"https:\\\/\\\/fleximarkshop-stage.nordlo.it\\\/#organization\",\"name\":\"FleximarkShop\",\"url\":\"https:\\\/\\\/fleximarkshop-stage.nordlo.it\\\/\",\"logo\":{\"@type\":\"ImageObject\",\"inLanguage\":\"en-US\",\"@id\":\"https:\\\/\\\/fleximarkshop-stage.nordlo.it\\\/#\\\/schema\\\/logo\\\/image\\\/\",\"url\":\"https:\\\/\\\/fleximarkshop-stage.nordlo.it\\\/wp-content\\\/uploads\\\/fleximark-logo.png\",\"contentUrl\":\"https:\\\/\\\/fleximarkshop-stage.nordlo.it\\\/wp-content\\\/uploads\\\/fleximark-logo.png\",\"width\":600,\"height\":80,\"caption\":\"FleximarkShop\"},\"image\":{\"@id\":\"https:\\\/\\\/fleximarkshop-stage.nordlo.it\\\/#\\\/schema\\\/logo\\\/image\\\/\"}}]}<\/script>\n<!-- \/ Yoast SEO plugin. -->","yoast_head_json":{"title":"DYMO XTL Kit 500 - FleximarkShop","robots":{"index":"noindex","follow":"follow","max-snippet":"max-snippet:-1","max-image-preview":"max-image-preview:large","max-video-preview":"max-video-preview:-1"},"og_locale":"en_US","og_type":"article","og_title":"DYMO XTL Kit 500 - FleximarkShop","og_description":"\u2022 DYMO M\u00e4rk-kit med m\u00e4rkmaskin DYMO XTL500 \u2022 M\u00e4rk-kit f\u00f6r industriella milj\u00f6er \u2022 Inbyggd etikettprogram \u2022 F\u00f6rformaterade etikettmallar \u2022 Skriver etiketter i bredder 6 til 54 mm \u2022 PC anslutning &amp; kostnadsfri programvara  Produktdatablad","og_url":"https:\/\/fleximarkshop-stage.nordlo.it\/en\/product\/dymo-xtl-kit-500-54\/","og_site_name":"FleximarkShop","article_modified_time":"2022-02-22T15:01:42+00:00","og_image":[{"width":1069,"height":1181,"url":"https:\/\/fleximarkshop-stage.nordlo.it\/wp-content\/uploads\/83257107.jpg","type":"image\/jpeg"}],"twitter_card":"summary_large_image","twitter_misc":{"Est. reading time":"1 minute"},"schema":{"@context":"https:\/\/schema.org","@graph":[{"@type":"WebPage","@id":"https:\/\/fleximarkshop-stage.nordlo.it\/produkt\/dymo-xtl-kit-500-54\/","url":"https:\/\/fleximarkshop-stage.nordlo.it\/produkt\/dymo-xtl-kit-500-54\/","name":"DYMO XTL Kit 500 - FleximarkShop","isPartOf":{"@id":"https:\/\/fleximarkshop-stage.nordlo.it\/#website"},"primaryImageOfPage":{"@id":"https:\/\/fleximarkshop-stage.nordlo.it\/produkt\/dymo-xtl-kit-500-54\/#primaryimage"},"image":{"@id":"https:\/\/fleximarkshop-stage.nordlo.it\/produkt\/dymo-xtl-kit-500-54\/#primaryimage"},"thumbnailUrl":"https:\/\/fleximarkshop-stage.nordlo.it\/wp-content\/uploads\/83257107.jpg","datePublished":"2016-05-09T10:35:09+00:00","dateModified":"2022-02-22T15:01:42+00:00","breadcrumb":{"@id":"https:\/\/fleximarkshop-stage.nordlo.it\/produkt\/dymo-xtl-kit-500-54\/#breadcrumb"},"inLanguage":"en-US","potentialAction":[{"@type":"ReadAction","target":["https:\/\/fleximarkshop-stage.nordlo.it\/produkt\/dymo-xtl-kit-500-54\/"]}]},{"@type":"ImageObject","inLanguage":"en-US","@id":"https:\/\/fleximarkshop-stage.nordlo.it\/produkt\/dymo-xtl-kit-500-54\/#primaryimage","url":"https:\/\/fleximarkshop-stage.nordlo.it\/wp-content\/uploads\/83257107.jpg","contentUrl":"https:\/\/fleximarkshop-stage.nordlo.it\/wp-content\/uploads\/83257107.jpg","width":1069,"height":1181,"caption":"DYMO XTL kit 500 M\u00e4rkapparat"},{"@type":"BreadcrumbList","@id":"https:\/\/fleximarkshop-stage.nordlo.it\/produkt\/dymo-xtl-kit-500-54\/#breadcrumb","itemListElement":[{"@type":"ListItem","position":1,"name":"Hem","item":"https:\/\/fleximarkshop-stage.nordlo.it\/"},{"@type":"ListItem","position":2,"name":"Webbutik","item":"https:\/\/fleximarkshop-stage.nordlo.it\/butik\/"},{"@type":"ListItem","position":3,"name":"DYMO XTL Kit 500"}]},{"@type":"WebSite","@id":"https:\/\/fleximarkshop-stage.nordlo.it\/#website","url":"https:\/\/fleximarkshop-stage.nordlo.it\/","name":"FleximarkShop","description":"M\u00e4rkning &amp; M\u00e4rksystem online","publisher":{"@id":"https:\/\/fleximarkshop-stage.nordlo.it\/#organization"},"potentialAction":[{"@type":"SearchAction","target":{"@type":"EntryPoint","urlTemplate":"https:\/\/fleximarkshop-stage.nordlo.it\/?s={search_term_string}"},"query-input":{"@type":"PropertyValueSpecification","valueRequired":true,"valueName":"search_term_string"}}],"inLanguage":"en-US"},{"@type":"Organization","@id":"https:\/\/fleximarkshop-stage.nordlo.it\/#organization","name":"FleximarkShop","url":"https:\/\/fleximarkshop-stage.nordlo.it\/","logo":{"@type":"ImageObject","inLanguage":"en-US","@id":"https:\/\/fleximarkshop-stage.nordlo.it\/#\/schema\/logo\/image\/","url":"https:\/\/fleximarkshop-stage.nordlo.it\/wp-content\/uploads\/fleximark-logo.png","contentUrl":"https:\/\/fleximarkshop-stage.nordlo.it\/wp-content\/uploads\/fleximark-logo.png","width":600,"height":80,"caption":"FleximarkShop"},"image":{"@id":"https:\/\/fleximarkshop-stage.nordlo.it\/#\/schema\/logo\/image\/"}}]}},"_links":{"self":[{"href":"https:\/\/fleximarkshop-stage.nordlo.it\/en\/wp-json\/wp\/v2\/product\/3553","targetHints":{"allow":["GET"]}}],"collection":[{"href":"https:\/\/fleximarkshop-stage.nordlo.it\/en\/wp-json\/wp\/v2\/product"}],"about":[{"href":"https:\/\/fleximarkshop-stage.nordlo.it\/en\/wp-json\/wp\/v2\/types\/product"}],"wp:featuredmedia":[{"embeddable":true,"href":"https:\/\/fleximarkshop-stage.nordlo.it\/en\/wp-json\/wp\/v2\/media\/3552"}],"wp:attachment":[{"href":"https:\/\/fleximarkshop-stage.nordlo.it\/en\/wp-json\/wp\/v2\/media?parent=3553"}],"wp:term":[{"taxonomy":"product_brand","embeddable":true,"href":"https:\/\/fleximarkshop-stage.nordlo.it\/en\/wp-json\/wp\/v2\/product_brand?post=3553"},{"taxonomy":"product_cat","embeddable":true,"href":"https:\/\/fleximarkshop-stage.nordlo.it\/en\/wp-json\/wp\/v2\/product_cat?post=3553"},{"taxonomy":"product_tag","embeddable":true,"href":"https:\/\/fleximarkshop-stage.nordlo.it\/en\/wp-json\/wp\/v2\/product_tag?post=3553"}],"curies":[{"name":"wp","href":"https:\/\/api.w.org\/{rel}","templated":true}]}}