{"id":3591,"date":"2016-05-10T12:19:01","date_gmt":"2016-05-10T12:19:01","guid":{"rendered":"https:\/\/fleximark\/produkt\/dymo-xtl-sakerhetsetiketter\/"},"modified":"2022-02-21T13:35:07","modified_gmt":"2022-02-21T13:35:07","slug":"dymo-xtl-sakerhetsetiketter","status":"publish","type":"product","link":"https:\/\/fleximarkshop-stage.nordlo.it\/en\/product\/dymo-xtl-sakerhetsetiketter\/","title":{"rendered":"DYMO XTL M\u00e4rktejp vinyl, s\u00e4kerhetsetiketter"},"content":{"rendered":"<p>Industri m\u00e4rktejp f\u00f6r tuffa milj\u00f6er med h\u00f6g resistens mot fukt, UV, kemikalier och mycket mer. F\u00f6rformaterad industriella s\u00e4kerhetsetiketter \u00e4r en ideal m\u00e4rkning f\u00f6r plana ytor.<\/p>\n<p><strong>Material: <\/strong>Vinyl<br \/>\n<strong>Temperaturomr\u00e5de:<\/strong> -40\u00b0C till +60\u00b0C<br \/>\n<strong>Montering:<\/strong> plana och strukturerade ytor<br \/>\n<strong>Anv\u00e4ndning:<\/strong> Inomhus och utomhus<br \/>\n<strong>Motst\u00e5nd:<\/strong> UV, fukt<br \/>\n<strong>UL Godk\u00e4nd:<\/strong> UL969<br \/>\n<strong>F\u00e4rgstandard: <\/strong>OSHA, ANSI, ISO<\/p>","protected":false},"excerpt":{"rendered":"<p>\u2022 F\u00f6rformaterad industriella s\u00e4kerhetsetiketter<br \/>\n\u2022 F\u00e4rgade rubriker enligt OSHA, ANSI och ISO f\u00e4rgstandarder<br \/>\n\u2022 Ideal m\u00e4rkning f\u00f6r plana ytor<br \/>\n\u2022 UL969 godk\u00e4nd som komponent<\/p>\n<p><span style=\"color: #ff9900;\"><a href=\"https:\/\/fleximarkshop-stage.nordlo.it\/wp-content\/uploads\/DB83259441EN_Marking_tape_DYMO.pdf\"><span style=\"color: #ff9900;\"><strong>Product data sheet<\/strong><\/span><\/a><\/span><\/p>","protected":false},"featured_media":3590,"template":"","meta":{"_acf_changed":false},"product_brand":[],"product_cat":[920,930,952,909,961,904],"product_tag":[],"class_list":{"0":"post-3591","1":"product","2":"type-product","3":"status-publish","4":"has-post-thumbnail","6":"product_cat-fargband-marktejp","7":"product_cat-kabelmarkning","8":"product_cat-komponentmarkning","9":"product_cat-markning","10":"product_cat-marktejp-dymo-industriell","11":"product_cat-programvara-och-markmaskiner","12":"pa_filter_ett-standardmontering","13":"pa_forpackningsenhet-369","14":"sales-flash-overlay","15":"woocommerce-text-align-center","16":"woocommerce-image-align-center","17":"do-quantity-buttons","18":"wc-has-gallery","20":"first","21":"instock","22":"taxable","23":"shipping-taxable","24":"product-type-grouped"},"acf":[],"yoast_head":"<!-- This site is optimized with the Yoast SEO plugin v27.3 - https:\/\/yoast.com\/product\/yoast-seo-wordpress\/ -->\n<title>DYMO XTL M\u00e4rktejp vinyl, s\u00e4kerhetsetiketter - FleximarkShop<\/title>\n<meta name=\"description\" content=\"Industri m\u00e4rktejp f\u00f6r tuffa milj\u00f6er. F\u00f6rformaterad industriella s\u00e4kerhetsetiketter \u00e4r en ideal m\u00e4rkning f\u00f6r plana ytor.\" \/>\n<meta name=\"robots\" content=\"noindex, follow, max-snippet:-1, max-image-preview:large, max-video-preview:-1\" \/>\n<meta property=\"og:locale\" content=\"en_US\" \/>\n<meta property=\"og:type\" content=\"article\" \/>\n<meta property=\"og:title\" content=\"DYMO XTL M\u00e4rktejp vinyl, s\u00e4kerhetsetiketter - FleximarkShop\" \/>\n<meta property=\"og:description\" content=\"Industri m\u00e4rktejp f\u00f6r tuffa milj\u00f6er. F\u00f6rformaterad industriella s\u00e4kerhetsetiketter \u00e4r en ideal m\u00e4rkning f\u00f6r plana ytor.\" \/>\n<meta property=\"og:url\" content=\"https:\/\/fleximarkshop-stage.nordlo.it\/en\/product\/dymo-xtl-sakerhetsetiketter\/\" \/>\n<meta property=\"og:site_name\" content=\"FleximarkShop\" \/>\n<meta property=\"article:modified_time\" content=\"2022-02-21T13:35:07+00:00\" \/>\n<meta property=\"og:image\" content=\"https:\/\/fleximarkshop-stage.nordlo.it\/wp-content\/uploads\/DYMO_XTL_S_KERHET.png\" \/>\n\t<meta property=\"og:image:width\" content=\"670\" \/>\n\t<meta property=\"og:image:height\" content=\"447\" \/>\n\t<meta property=\"og:image:type\" content=\"image\/png\" \/>\n<meta name=\"twitter:card\" content=\"summary_large_image\" \/>\n<script type=\"application\/ld+json\" class=\"yoast-schema-graph\">{\"@context\":\"https:\\\/\\\/schema.org\",\"@graph\":[{\"@type\":\"WebPage\",\"@id\":\"https:\\\/\\\/fleximarkshop-stage.nordlo.it\\\/produkt\\\/dymo-xtl-sakerhetsetiketter\\\/\",\"url\":\"https:\\\/\\\/fleximarkshop-stage.nordlo.it\\\/produkt\\\/dymo-xtl-sakerhetsetiketter\\\/\",\"name\":\"DYMO XTL M\u00e4rktejp vinyl, s\u00e4kerhetsetiketter - FleximarkShop\",\"isPartOf\":{\"@id\":\"https:\\\/\\\/fleximarkshop-stage.nordlo.it\\\/#website\"},\"primaryImageOfPage\":{\"@id\":\"https:\\\/\\\/fleximarkshop-stage.nordlo.it\\\/produkt\\\/dymo-xtl-sakerhetsetiketter\\\/#primaryimage\"},\"image\":{\"@id\":\"https:\\\/\\\/fleximarkshop-stage.nordlo.it\\\/produkt\\\/dymo-xtl-sakerhetsetiketter\\\/#primaryimage\"},\"thumbnailUrl\":\"https:\\\/\\\/fleximarkshop-stage.nordlo.it\\\/wp-content\\\/uploads\\\/DYMO_XTL_S_KERHET.png\",\"datePublished\":\"2016-05-10T12:19:01+00:00\",\"dateModified\":\"2022-02-21T13:35:07+00:00\",\"description\":\"Industri m\u00e4rktejp f\u00f6r tuffa milj\u00f6er. F\u00f6rformaterad industriella s\u00e4kerhetsetiketter \u00e4r en ideal m\u00e4rkning f\u00f6r plana ytor.\",\"breadcrumb\":{\"@id\":\"https:\\\/\\\/fleximarkshop-stage.nordlo.it\\\/produkt\\\/dymo-xtl-sakerhetsetiketter\\\/#breadcrumb\"},\"inLanguage\":\"en-US\",\"potentialAction\":[{\"@type\":\"ReadAction\",\"target\":[\"https:\\\/\\\/fleximarkshop-stage.nordlo.it\\\/produkt\\\/dymo-xtl-sakerhetsetiketter\\\/\"]}]},{\"@type\":\"ImageObject\",\"inLanguage\":\"en-US\",\"@id\":\"https:\\\/\\\/fleximarkshop-stage.nordlo.it\\\/produkt\\\/dymo-xtl-sakerhetsetiketter\\\/#primaryimage\",\"url\":\"https:\\\/\\\/fleximarkshop-stage.nordlo.it\\\/wp-content\\\/uploads\\\/DYMO_XTL_S_KERHET.png\",\"contentUrl\":\"https:\\\/\\\/fleximarkshop-stage.nordlo.it\\\/wp-content\\\/uploads\\\/DYMO_XTL_S_KERHET.png\",\"width\":670,\"height\":447,\"caption\":\"DYMO XTL M\u00e4rktejp vinyl_ s\u00e4kerhetsetikett\"},{\"@type\":\"BreadcrumbList\",\"@id\":\"https:\\\/\\\/fleximarkshop-stage.nordlo.it\\\/produkt\\\/dymo-xtl-sakerhetsetiketter\\\/#breadcrumb\",\"itemListElement\":[{\"@type\":\"ListItem\",\"position\":1,\"name\":\"Hem\",\"item\":\"https:\\\/\\\/fleximarkshop-stage.nordlo.it\\\/\"},{\"@type\":\"ListItem\",\"position\":2,\"name\":\"Webbutik\",\"item\":\"https:\\\/\\\/fleximarkshop-stage.nordlo.it\\\/butik\\\/\"},{\"@type\":\"ListItem\",\"position\":3,\"name\":\"DYMO XTL M\u00e4rktejp vinyl, s\u00e4kerhetsetiketter\"}]},{\"@type\":\"WebSite\",\"@id\":\"https:\\\/\\\/fleximarkshop-stage.nordlo.it\\\/#website\",\"url\":\"https:\\\/\\\/fleximarkshop-stage.nordlo.it\\\/\",\"name\":\"FleximarkShop\",\"description\":\"M\u00e4rkning &amp; M\u00e4rksystem online\",\"publisher\":{\"@id\":\"https:\\\/\\\/fleximarkshop-stage.nordlo.it\\\/#organization\"},\"potentialAction\":[{\"@type\":\"SearchAction\",\"target\":{\"@type\":\"EntryPoint\",\"urlTemplate\":\"https:\\\/\\\/fleximarkshop-stage.nordlo.it\\\/?s={search_term_string}\"},\"query-input\":{\"@type\":\"PropertyValueSpecification\",\"valueRequired\":true,\"valueName\":\"search_term_string\"}}],\"inLanguage\":\"en-US\"},{\"@type\":\"Organization\",\"@id\":\"https:\\\/\\\/fleximarkshop-stage.nordlo.it\\\/#organization\",\"name\":\"FleximarkShop\",\"url\":\"https:\\\/\\\/fleximarkshop-stage.nordlo.it\\\/\",\"logo\":{\"@type\":\"ImageObject\",\"inLanguage\":\"en-US\",\"@id\":\"https:\\\/\\\/fleximarkshop-stage.nordlo.it\\\/#\\\/schema\\\/logo\\\/image\\\/\",\"url\":\"https:\\\/\\\/fleximarkshop-stage.nordlo.it\\\/wp-content\\\/uploads\\\/fleximark-logo.png\",\"contentUrl\":\"https:\\\/\\\/fleximarkshop-stage.nordlo.it\\\/wp-content\\\/uploads\\\/fleximark-logo.png\",\"width\":600,\"height\":80,\"caption\":\"FleximarkShop\"},\"image\":{\"@id\":\"https:\\\/\\\/fleximarkshop-stage.nordlo.it\\\/#\\\/schema\\\/logo\\\/image\\\/\"}}]}<\/script>\n<!-- \/ Yoast SEO plugin. -->","yoast_head_json":{"title":"DYMO XTL M\u00e4rktejp vinyl, s\u00e4kerhetsetiketter - FleximarkShop","description":"Industri m\u00e4rktejp f\u00f6r tuffa milj\u00f6er. F\u00f6rformaterad industriella s\u00e4kerhetsetiketter \u00e4r en ideal m\u00e4rkning f\u00f6r plana ytor.","robots":{"index":"noindex","follow":"follow","max-snippet":"max-snippet:-1","max-image-preview":"max-image-preview:large","max-video-preview":"max-video-preview:-1"},"og_locale":"en_US","og_type":"article","og_title":"DYMO XTL M\u00e4rktejp vinyl, s\u00e4kerhetsetiketter - FleximarkShop","og_description":"Industri m\u00e4rktejp f\u00f6r tuffa milj\u00f6er. F\u00f6rformaterad industriella s\u00e4kerhetsetiketter \u00e4r en ideal m\u00e4rkning f\u00f6r plana ytor.","og_url":"https:\/\/fleximarkshop-stage.nordlo.it\/en\/product\/dymo-xtl-sakerhetsetiketter\/","og_site_name":"FleximarkShop","article_modified_time":"2022-02-21T13:35:07+00:00","og_image":[{"width":670,"height":447,"url":"https:\/\/fleximarkshop-stage.nordlo.it\/wp-content\/uploads\/DYMO_XTL_S_KERHET.png","type":"image\/png"}],"twitter_card":"summary_large_image","schema":{"@context":"https:\/\/schema.org","@graph":[{"@type":"WebPage","@id":"https:\/\/fleximarkshop-stage.nordlo.it\/produkt\/dymo-xtl-sakerhetsetiketter\/","url":"https:\/\/fleximarkshop-stage.nordlo.it\/produkt\/dymo-xtl-sakerhetsetiketter\/","name":"DYMO XTL M\u00e4rktejp vinyl, s\u00e4kerhetsetiketter - FleximarkShop","isPartOf":{"@id":"https:\/\/fleximarkshop-stage.nordlo.it\/#website"},"primaryImageOfPage":{"@id":"https:\/\/fleximarkshop-stage.nordlo.it\/produkt\/dymo-xtl-sakerhetsetiketter\/#primaryimage"},"image":{"@id":"https:\/\/fleximarkshop-stage.nordlo.it\/produkt\/dymo-xtl-sakerhetsetiketter\/#primaryimage"},"thumbnailUrl":"https:\/\/fleximarkshop-stage.nordlo.it\/wp-content\/uploads\/DYMO_XTL_S_KERHET.png","datePublished":"2016-05-10T12:19:01+00:00","dateModified":"2022-02-21T13:35:07+00:00","description":"Industri m\u00e4rktejp f\u00f6r tuffa milj\u00f6er. F\u00f6rformaterad industriella s\u00e4kerhetsetiketter \u00e4r en ideal m\u00e4rkning f\u00f6r plana ytor.","breadcrumb":{"@id":"https:\/\/fleximarkshop-stage.nordlo.it\/produkt\/dymo-xtl-sakerhetsetiketter\/#breadcrumb"},"inLanguage":"en-US","potentialAction":[{"@type":"ReadAction","target":["https:\/\/fleximarkshop-stage.nordlo.it\/produkt\/dymo-xtl-sakerhetsetiketter\/"]}]},{"@type":"ImageObject","inLanguage":"en-US","@id":"https:\/\/fleximarkshop-stage.nordlo.it\/produkt\/dymo-xtl-sakerhetsetiketter\/#primaryimage","url":"https:\/\/fleximarkshop-stage.nordlo.it\/wp-content\/uploads\/DYMO_XTL_S_KERHET.png","contentUrl":"https:\/\/fleximarkshop-stage.nordlo.it\/wp-content\/uploads\/DYMO_XTL_S_KERHET.png","width":670,"height":447,"caption":"DYMO XTL M\u00e4rktejp vinyl_ s\u00e4kerhetsetikett"},{"@type":"BreadcrumbList","@id":"https:\/\/fleximarkshop-stage.nordlo.it\/produkt\/dymo-xtl-sakerhetsetiketter\/#breadcrumb","itemListElement":[{"@type":"ListItem","position":1,"name":"Hem","item":"https:\/\/fleximarkshop-stage.nordlo.it\/"},{"@type":"ListItem","position":2,"name":"Webbutik","item":"https:\/\/fleximarkshop-stage.nordlo.it\/butik\/"},{"@type":"ListItem","position":3,"name":"DYMO XTL M\u00e4rktejp vinyl, s\u00e4kerhetsetiketter"}]},{"@type":"WebSite","@id":"https:\/\/fleximarkshop-stage.nordlo.it\/#website","url":"https:\/\/fleximarkshop-stage.nordlo.it\/","name":"FleximarkShop","description":"M\u00e4rkning &amp; M\u00e4rksystem online","publisher":{"@id":"https:\/\/fleximarkshop-stage.nordlo.it\/#organization"},"potentialAction":[{"@type":"SearchAction","target":{"@type":"EntryPoint","urlTemplate":"https:\/\/fleximarkshop-stage.nordlo.it\/?s={search_term_string}"},"query-input":{"@type":"PropertyValueSpecification","valueRequired":true,"valueName":"search_term_string"}}],"inLanguage":"en-US"},{"@type":"Organization","@id":"https:\/\/fleximarkshop-stage.nordlo.it\/#organization","name":"FleximarkShop","url":"https:\/\/fleximarkshop-stage.nordlo.it\/","logo":{"@type":"ImageObject","inLanguage":"en-US","@id":"https:\/\/fleximarkshop-stage.nordlo.it\/#\/schema\/logo\/image\/","url":"https:\/\/fleximarkshop-stage.nordlo.it\/wp-content\/uploads\/fleximark-logo.png","contentUrl":"https:\/\/fleximarkshop-stage.nordlo.it\/wp-content\/uploads\/fleximark-logo.png","width":600,"height":80,"caption":"FleximarkShop"},"image":{"@id":"https:\/\/fleximarkshop-stage.nordlo.it\/#\/schema\/logo\/image\/"}}]}},"_links":{"self":[{"href":"https:\/\/fleximarkshop-stage.nordlo.it\/en\/wp-json\/wp\/v2\/product\/3591","targetHints":{"allow":["GET"]}}],"collection":[{"href":"https:\/\/fleximarkshop-stage.nordlo.it\/en\/wp-json\/wp\/v2\/product"}],"about":[{"href":"https:\/\/fleximarkshop-stage.nordlo.it\/en\/wp-json\/wp\/v2\/types\/product"}],"wp:featuredmedia":[{"embeddable":true,"href":"https:\/\/fleximarkshop-stage.nordlo.it\/en\/wp-json\/wp\/v2\/media\/3590"}],"wp:attachment":[{"href":"https:\/\/fleximarkshop-stage.nordlo.it\/en\/wp-json\/wp\/v2\/media?parent=3591"}],"wp:term":[{"taxonomy":"product_brand","embeddable":true,"href":"https:\/\/fleximarkshop-stage.nordlo.it\/en\/wp-json\/wp\/v2\/product_brand?post=3591"},{"taxonomy":"product_cat","embeddable":true,"href":"https:\/\/fleximarkshop-stage.nordlo.it\/en\/wp-json\/wp\/v2\/product_cat?post=3591"},{"taxonomy":"product_tag","embeddable":true,"href":"https:\/\/fleximarkshop-stage.nordlo.it\/en\/wp-json\/wp\/v2\/product_tag?post=3591"}],"curies":[{"name":"wp","href":"https:\/\/api.w.org\/{rel}","templated":true}]}}