{"id":3840,"date":"2016-05-17T06:43:15","date_gmt":"2016-05-17T06:43:15","guid":{"rendered":"https:\/\/fleximark\/produkt\/tillbehor-stalbandsverktyg\/"},"modified":"2022-02-21T13:34:55","modified_gmt":"2022-02-21T13:34:55","slug":"tillbehor-stalbandsverktyg","status":"publish","type":"product","link":"https:\/\/fleximarkshop-stage.nordlo.it\/en\/product\/tillbehor-stalbandsverktyg\/","title":{"rendered":"Accessories steel band tool HT-338"},"content":{"rendered":"<p>Reservdelar f&ouml;r St&aring;lbandsverktyget i form av draganordning, kniv och knivh&aring;llare. Kan enkelt monteras direkt i St&aring;lbandsverktyget.<\/p>\n<p><a href=\"https:\/\/fleximarkshop-stage.nordlo.it\/wp-content\/uploads\/DB83250022EN_FLEXIMARK_Cable_tie_plier_HT-338_lorez.pdf\"><strong><span style=\"font-size: small; color: #ff9900;\">Product data sheet<\/span><\/strong><\/a><\/p><\/p>","protected":false},"excerpt":{"rendered":"<p> Reservdelar f\u00f6r St\u00e5lbandsverktyget HT-338<br \/> St\u00e5lbandsverktyget hanterar band med bredder upp till 7,9 och tjocklekar upp till 0,3 mm.<br \/>  St\u00e5lbandsverktyget erbjuder automatisk klippfunktio, stegl\u00f6st inst\u00e4llbar dragkraft och greppv\u00e4nligt gummihandtag  <\/p>\n<p><a href=\"https:\/\/fleximarkshop-stage.nordlo.it\/wp-content\/uploads\/DB83250022EN_FLEXIMARK_Cable_tie_plier_HT-338_lorez.pdf\" title=\"St&aring;lbandsverktyg produktdatablad\" target=\"_blank\" rel=\"noopener\"><span style=\"font-size: small; color: #ff9900;\"><strong>Product data sheet<\/strong><\/span><\/a><\/p>","protected":false},"featured_media":3837,"template":"","meta":{"_acf_changed":false},"product_brand":[],"product_cat":[15],"product_tag":[],"class_list":{"0":"post-3840","1":"product","2":"type-product","3":"status-publish","4":"has-post-thumbnail","6":"product_cat-okategoriserad","7":"pa_forpackningsenhet-369","8":"sales-flash-overlay","9":"woocommerce-text-align-center","10":"woocommerce-image-align-center","11":"do-quantity-buttons","12":"wc-has-gallery","14":"first","15":"instock","16":"taxable","17":"shipping-taxable","18":"product-type-grouped"},"acf":[],"yoast_head":"<!-- This site is optimized with the Yoast SEO plugin v27.4 - https:\/\/yoast.com\/product\/yoast-seo-wordpress\/ -->\n<title>Tillbeh\u00f6r st\u00e5lbandsverktyg HT-338 - FleximarkShop<\/title>\n<meta name=\"robots\" content=\"noindex, follow, max-snippet:-1, max-image-preview:large, max-video-preview:-1\" \/>\n<meta property=\"og:locale\" content=\"en_US\" \/>\n<meta property=\"og:type\" content=\"article\" \/>\n<meta property=\"og:title\" content=\"Tillbeh\u00f6r st\u00e5lbandsverktyg HT-338 - FleximarkShop\" \/>\n<meta property=\"og:description\" content=\"Reservdelar f\u00f6r St\u00e5lbandsverktyget HT-338 St\u00e5lbandsverktyget hanterar band med bredder upp till 7,9 och tjocklekar upp till 0,3 mm. St\u00e5lbandsverktyget erbjuder automatisk klippfunktio, stegl\u00f6st inst\u00e4llbar dragkraft och greppv\u00e4nligt gummihandtag  Produktdatablad\" \/>\n<meta property=\"og:url\" content=\"https:\/\/fleximarkshop-stage.nordlo.it\/en\/product\/tillbehor-stalbandsverktyg\/\" \/>\n<meta property=\"og:site_name\" content=\"FleximarkShop\" \/>\n<meta property=\"article:modified_time\" content=\"2022-02-21T13:34:55+00:00\" \/>\n<meta property=\"og:image\" content=\"https:\/\/fleximarkshop-stage.nordlo.it\/wp-content\/uploads\/TILLBEH_R_ST_LBANDV..jpg\" \/>\n\t<meta property=\"og:image:width\" content=\"1181\" \/>\n\t<meta property=\"og:image:height\" content=\"1181\" \/>\n\t<meta property=\"og:image:type\" content=\"image\/jpeg\" \/>\n<meta name=\"twitter:card\" content=\"summary_large_image\" \/>\n<script type=\"application\/ld+json\" class=\"yoast-schema-graph\">{\"@context\":\"https:\\\/\\\/schema.org\",\"@graph\":[{\"@type\":\"WebPage\",\"@id\":\"https:\\\/\\\/fleximarkshop-stage.nordlo.it\\\/produkt\\\/tillbehor-stalbandsverktyg\\\/\",\"url\":\"https:\\\/\\\/fleximarkshop-stage.nordlo.it\\\/produkt\\\/tillbehor-stalbandsverktyg\\\/\",\"name\":\"Tillbeh\u00f6r st\u00e5lbandsverktyg HT-338 - FleximarkShop\",\"isPartOf\":{\"@id\":\"https:\\\/\\\/fleximarkshop-stage.nordlo.it\\\/#website\"},\"primaryImageOfPage\":{\"@id\":\"https:\\\/\\\/fleximarkshop-stage.nordlo.it\\\/produkt\\\/tillbehor-stalbandsverktyg\\\/#primaryimage\"},\"image\":{\"@id\":\"https:\\\/\\\/fleximarkshop-stage.nordlo.it\\\/produkt\\\/tillbehor-stalbandsverktyg\\\/#primaryimage\"},\"thumbnailUrl\":\"https:\\\/\\\/fleximarkshop-stage.nordlo.it\\\/wp-content\\\/uploads\\\/TILLBEH_R_ST_LBANDV..jpg\",\"datePublished\":\"2016-05-17T06:43:15+00:00\",\"dateModified\":\"2022-02-21T13:34:55+00:00\",\"breadcrumb\":{\"@id\":\"https:\\\/\\\/fleximarkshop-stage.nordlo.it\\\/produkt\\\/tillbehor-stalbandsverktyg\\\/#breadcrumb\"},\"inLanguage\":\"en-US\",\"potentialAction\":[{\"@type\":\"ReadAction\",\"target\":[\"https:\\\/\\\/fleximarkshop-stage.nordlo.it\\\/produkt\\\/tillbehor-stalbandsverktyg\\\/\"]}]},{\"@type\":\"ImageObject\",\"inLanguage\":\"en-US\",\"@id\":\"https:\\\/\\\/fleximarkshop-stage.nordlo.it\\\/produkt\\\/tillbehor-stalbandsverktyg\\\/#primaryimage\",\"url\":\"https:\\\/\\\/fleximarkshop-stage.nordlo.it\\\/wp-content\\\/uploads\\\/TILLBEH_R_ST_LBANDV..jpg\",\"contentUrl\":\"https:\\\/\\\/fleximarkshop-stage.nordlo.it\\\/wp-content\\\/uploads\\\/TILLBEH_R_ST_LBANDV..jpg\",\"width\":1181,\"height\":1181,\"caption\":\"Reservdel Draganordning St\u00e5lbandsverktyg HT-338\"},{\"@type\":\"BreadcrumbList\",\"@id\":\"https:\\\/\\\/fleximarkshop-stage.nordlo.it\\\/produkt\\\/tillbehor-stalbandsverktyg\\\/#breadcrumb\",\"itemListElement\":[{\"@type\":\"ListItem\",\"position\":1,\"name\":\"Hem\",\"item\":\"https:\\\/\\\/fleximarkshop-stage.nordlo.it\\\/\"},{\"@type\":\"ListItem\",\"position\":2,\"name\":\"Webbutik\",\"item\":\"https:\\\/\\\/fleximarkshop-stage.nordlo.it\\\/butik\\\/\"},{\"@type\":\"ListItem\",\"position\":3,\"name\":\"Tillbeh\u00f6r st\u00e5lbandsverktyg HT-338\"}]},{\"@type\":\"WebSite\",\"@id\":\"https:\\\/\\\/fleximarkshop-stage.nordlo.it\\\/#website\",\"url\":\"https:\\\/\\\/fleximarkshop-stage.nordlo.it\\\/\",\"name\":\"FleximarkShop\",\"description\":\"M\u00e4rkning &amp; M\u00e4rksystem online\",\"publisher\":{\"@id\":\"https:\\\/\\\/fleximarkshop-stage.nordlo.it\\\/#organization\"},\"potentialAction\":[{\"@type\":\"SearchAction\",\"target\":{\"@type\":\"EntryPoint\",\"urlTemplate\":\"https:\\\/\\\/fleximarkshop-stage.nordlo.it\\\/?s={search_term_string}\"},\"query-input\":{\"@type\":\"PropertyValueSpecification\",\"valueRequired\":true,\"valueName\":\"search_term_string\"}}],\"inLanguage\":\"en-US\"},{\"@type\":\"Organization\",\"@id\":\"https:\\\/\\\/fleximarkshop-stage.nordlo.it\\\/#organization\",\"name\":\"FleximarkShop\",\"url\":\"https:\\\/\\\/fleximarkshop-stage.nordlo.it\\\/\",\"logo\":{\"@type\":\"ImageObject\",\"inLanguage\":\"en-US\",\"@id\":\"https:\\\/\\\/fleximarkshop-stage.nordlo.it\\\/#\\\/schema\\\/logo\\\/image\\\/\",\"url\":\"https:\\\/\\\/fleximarkshop-stage.nordlo.it\\\/wp-content\\\/uploads\\\/fleximark-logo.png\",\"contentUrl\":\"https:\\\/\\\/fleximarkshop-stage.nordlo.it\\\/wp-content\\\/uploads\\\/fleximark-logo.png\",\"width\":600,\"height\":80,\"caption\":\"FleximarkShop\"},\"image\":{\"@id\":\"https:\\\/\\\/fleximarkshop-stage.nordlo.it\\\/#\\\/schema\\\/logo\\\/image\\\/\"}}]}<\/script>\n<!-- \/ Yoast SEO plugin. -->","yoast_head_json":{"title":"Tillbeh\u00f6r st\u00e5lbandsverktyg HT-338 - FleximarkShop","robots":{"index":"noindex","follow":"follow","max-snippet":"max-snippet:-1","max-image-preview":"max-image-preview:large","max-video-preview":"max-video-preview:-1"},"og_locale":"en_US","og_type":"article","og_title":"Tillbeh\u00f6r st\u00e5lbandsverktyg HT-338 - FleximarkShop","og_description":"Reservdelar f\u00f6r St\u00e5lbandsverktyget HT-338 St\u00e5lbandsverktyget hanterar band med bredder upp till 7,9 och tjocklekar upp till 0,3 mm. St\u00e5lbandsverktyget erbjuder automatisk klippfunktio, stegl\u00f6st inst\u00e4llbar dragkraft och greppv\u00e4nligt gummihandtag  Produktdatablad","og_url":"https:\/\/fleximarkshop-stage.nordlo.it\/en\/product\/tillbehor-stalbandsverktyg\/","og_site_name":"FleximarkShop","article_modified_time":"2022-02-21T13:34:55+00:00","og_image":[{"width":1181,"height":1181,"url":"https:\/\/fleximarkshop-stage.nordlo.it\/wp-content\/uploads\/TILLBEH_R_ST_LBANDV..jpg","type":"image\/jpeg"}],"twitter_card":"summary_large_image","schema":{"@context":"https:\/\/schema.org","@graph":[{"@type":"WebPage","@id":"https:\/\/fleximarkshop-stage.nordlo.it\/produkt\/tillbehor-stalbandsverktyg\/","url":"https:\/\/fleximarkshop-stage.nordlo.it\/produkt\/tillbehor-stalbandsverktyg\/","name":"Tillbeh\u00f6r st\u00e5lbandsverktyg HT-338 - FleximarkShop","isPartOf":{"@id":"https:\/\/fleximarkshop-stage.nordlo.it\/#website"},"primaryImageOfPage":{"@id":"https:\/\/fleximarkshop-stage.nordlo.it\/produkt\/tillbehor-stalbandsverktyg\/#primaryimage"},"image":{"@id":"https:\/\/fleximarkshop-stage.nordlo.it\/produkt\/tillbehor-stalbandsverktyg\/#primaryimage"},"thumbnailUrl":"https:\/\/fleximarkshop-stage.nordlo.it\/wp-content\/uploads\/TILLBEH_R_ST_LBANDV..jpg","datePublished":"2016-05-17T06:43:15+00:00","dateModified":"2022-02-21T13:34:55+00:00","breadcrumb":{"@id":"https:\/\/fleximarkshop-stage.nordlo.it\/produkt\/tillbehor-stalbandsverktyg\/#breadcrumb"},"inLanguage":"en-US","potentialAction":[{"@type":"ReadAction","target":["https:\/\/fleximarkshop-stage.nordlo.it\/produkt\/tillbehor-stalbandsverktyg\/"]}]},{"@type":"ImageObject","inLanguage":"en-US","@id":"https:\/\/fleximarkshop-stage.nordlo.it\/produkt\/tillbehor-stalbandsverktyg\/#primaryimage","url":"https:\/\/fleximarkshop-stage.nordlo.it\/wp-content\/uploads\/TILLBEH_R_ST_LBANDV..jpg","contentUrl":"https:\/\/fleximarkshop-stage.nordlo.it\/wp-content\/uploads\/TILLBEH_R_ST_LBANDV..jpg","width":1181,"height":1181,"caption":"Reservdel Draganordning St\u00e5lbandsverktyg HT-338"},{"@type":"BreadcrumbList","@id":"https:\/\/fleximarkshop-stage.nordlo.it\/produkt\/tillbehor-stalbandsverktyg\/#breadcrumb","itemListElement":[{"@type":"ListItem","position":1,"name":"Hem","item":"https:\/\/fleximarkshop-stage.nordlo.it\/"},{"@type":"ListItem","position":2,"name":"Webbutik","item":"https:\/\/fleximarkshop-stage.nordlo.it\/butik\/"},{"@type":"ListItem","position":3,"name":"Tillbeh\u00f6r st\u00e5lbandsverktyg HT-338"}]},{"@type":"WebSite","@id":"https:\/\/fleximarkshop-stage.nordlo.it\/#website","url":"https:\/\/fleximarkshop-stage.nordlo.it\/","name":"FleximarkShop","description":"M\u00e4rkning &amp; M\u00e4rksystem online","publisher":{"@id":"https:\/\/fleximarkshop-stage.nordlo.it\/#organization"},"potentialAction":[{"@type":"SearchAction","target":{"@type":"EntryPoint","urlTemplate":"https:\/\/fleximarkshop-stage.nordlo.it\/?s={search_term_string}"},"query-input":{"@type":"PropertyValueSpecification","valueRequired":true,"valueName":"search_term_string"}}],"inLanguage":"en-US"},{"@type":"Organization","@id":"https:\/\/fleximarkshop-stage.nordlo.it\/#organization","name":"FleximarkShop","url":"https:\/\/fleximarkshop-stage.nordlo.it\/","logo":{"@type":"ImageObject","inLanguage":"en-US","@id":"https:\/\/fleximarkshop-stage.nordlo.it\/#\/schema\/logo\/image\/","url":"https:\/\/fleximarkshop-stage.nordlo.it\/wp-content\/uploads\/fleximark-logo.png","contentUrl":"https:\/\/fleximarkshop-stage.nordlo.it\/wp-content\/uploads\/fleximark-logo.png","width":600,"height":80,"caption":"FleximarkShop"},"image":{"@id":"https:\/\/fleximarkshop-stage.nordlo.it\/#\/schema\/logo\/image\/"}}]}},"_links":{"self":[{"href":"https:\/\/fleximarkshop-stage.nordlo.it\/en\/wp-json\/wp\/v2\/product\/3840","targetHints":{"allow":["GET"]}}],"collection":[{"href":"https:\/\/fleximarkshop-stage.nordlo.it\/en\/wp-json\/wp\/v2\/product"}],"about":[{"href":"https:\/\/fleximarkshop-stage.nordlo.it\/en\/wp-json\/wp\/v2\/types\/product"}],"wp:featuredmedia":[{"embeddable":true,"href":"https:\/\/fleximarkshop-stage.nordlo.it\/en\/wp-json\/wp\/v2\/media\/3837"}],"wp:attachment":[{"href":"https:\/\/fleximarkshop-stage.nordlo.it\/en\/wp-json\/wp\/v2\/media?parent=3840"}],"wp:term":[{"taxonomy":"product_brand","embeddable":true,"href":"https:\/\/fleximarkshop-stage.nordlo.it\/en\/wp-json\/wp\/v2\/product_brand?post=3840"},{"taxonomy":"product_cat","embeddable":true,"href":"https:\/\/fleximarkshop-stage.nordlo.it\/en\/wp-json\/wp\/v2\/product_cat?post=3840"},{"taxonomy":"product_tag","embeddable":true,"href":"https:\/\/fleximarkshop-stage.nordlo.it\/en\/wp-json\/wp\/v2\/product_tag?post=3840"}],"curies":[{"name":"wp","href":"https:\/\/api.w.org\/{rel}","templated":true}]}}