{"id":387,"date":"2015-06-24T14:31:06","date_gmt":"2015-06-24T14:31:06","guid":{"rendered":"https:\/\/fleximark\/produkt\/markbox-syrafast-stal-tang\/"},"modified":"2022-08-16T07:56:18","modified_gmt":"2022-08-16T07:56:18","slug":"markbox-syrafast-stal-tang","status":"publish","type":"product","link":"https:\/\/fleximarkshop-stage.nordlo.it\/en\/product\/markbox-syrafast-stal-tang\/","title":{"rendered":"Marking box acid-proof steel pliers"},"content":{"rendered":"<p>Industrial system with durable material stainless steel SIS SS2348 (AISI316) for marking cables and components in aggressive environments. <br \/>Box with everything you need for industrial labeling and labeling in aggressive environments on site.<\/p>\n<p> <strong>Contents of articles \/ marking box:<\/strong><br \/> \u2022 Acid-resistant Characters AZ \/ 0-9 40pcs \/ character<br \/> \u2022 Acid Resistance Characters + -. = \/: x, \u00dc EA blank 40pcs \/ character<br \/> \u2022 Acid-proof character holder NM24 5pcs<br \/> \u2022 Acid-resistant character holder NM9 5pcs<br \/> \u2022 Acid-resistant character holder NM7 5 pcs<br \/> \u2022 Acid-resistant character holder NM5 5pcs<br \/> \u2022 Acid-proof character holder NM4 5 pcs<br \/> \u2022 Acid-proof character holder M24 5pcs<br \/> \u2022 Acid-proof character holder M9 5pcs<br \/> \u2022 Acid-proof character holder M7 5pcs<br \/> \u2022 Acid-proof character holder M5 5pcs<br \/> \u2022 Acid-proof character holder M4 5pcs<br \/> \u2022 Steel strip LS 4.6 \u00d7 200 mm 10<br \/> \u2022 Steel band tool HT-338 1 (83254224)<\/p>\n<p><strong>Approval:&nbsp;<img decoding=\"async\" class=\"size-full wp-image-41\" alt=\"Byggvarubed&ouml;mningen\" src=\"https:\/\/fleximarkshop-stage.nordlo.it\/wp-content\/uploads\/bvb-logo-transparent.png\" style=\"vertical-align: middle;\" width=\"120\" srcset=\"https:\/\/fleximarkshop-stage.nordlo.it\/wp-content\/uploads\/bvb-logo-transparent.png 1280w, https:\/\/fleximarkshop-stage.nordlo.it\/wp-content\/uploads\/bvb-logo-transparent-600x90.png 600w, https:\/\/fleximarkshop-stage.nordlo.it\/wp-content\/uploads\/bvb-logo-transparent-300x45.png 300w, https:\/\/fleximarkshop-stage.nordlo.it\/wp-content\/uploads\/bvb-logo-transparent-1024x154.png 1024w, https:\/\/fleximarkshop-stage.nordlo.it\/wp-content\/uploads\/bvb-logo-transparent-768x115.png 768w\" sizes=\"(max-width: 1280px) 100vw, 1280px\" \/><\/strong><\/p>","protected":false},"excerpt":{"rendered":"<p> For marking cables, components, pipes and equipment<br \/>  Used in demanding and aggressive environments.<br \/>  The system consists of character holders and character strips<br \/>  Made of stainless acid-resistant steel according to EN 1.4404 (SS2348, AISI-316L).<br \/>  All details can be purchased separately for filling the rating box.<br \/>  Elevated convex characters, easy to read after e.g. overpainting.<br \/>  Cable tie tool HT-338 is included in this marking box. <\/p>\n<p><a href=\"https:\/\/fleximarkshop-stage.nordlo.it\/wp-content\/uploads\/DB83254222EN_FLEXIMARK_Stainless_marking_kit_lorez.pdf\"><span style=\"font-size: small; color: #ff9900;\"><strong>Product data sheet<\/strong><\/span><\/a><\/p>","protected":false},"featured_media":384,"template":"","meta":{"_acf_changed":false},"product_brand":[],"product_cat":[959,930,952,914,948,955],"product_tag":[],"class_list":{"0":"post-387","1":"product","2":"type-product","3":"status-publish","4":"has-post-thumbnail","6":"product_cat-fibermarkning","7":"product_cat-kabelmarkning","8":"product_cat-komponentmarkning","9":"product_cat-profiler-hylsor-tecken","10":"product_cat-rostfria-profiler","11":"product_cat-rostfria-tecken","12":"pa_antal-57","13":"pa_forpackningsenhet-369","14":"pa_nav_item_discount_group-824","15":"sales-flash-overlay","16":"woocommerce-text-align-center","17":"woocommerce-image-align-center","18":"do-quantity-buttons","19":"wc-has-gallery","21":"first","22":"instock","23":"taxable","24":"shipping-taxable","25":"purchasable","26":"product-type-simple"},"acf":[],"yoast_head":"<!-- This site is optimized with the Yoast SEO plugin v27.4 - https:\/\/yoast.com\/product\/yoast-seo-wordpress\/ -->\n<title>M\u00e4rkbox syrafast st\u00e5l t\u00e5ng - FleximarkShop<\/title>\n<meta name=\"robots\" content=\"noindex, follow, max-snippet:-1, max-image-preview:large, max-video-preview:-1\" \/>\n<meta property=\"og:locale\" content=\"en_US\" \/>\n<meta property=\"og:type\" content=\"article\" \/>\n<meta property=\"og:title\" content=\"M\u00e4rkbox syrafast st\u00e5l t\u00e5ng - FleximarkShop\" \/>\n<meta property=\"og:description\" content=\"F\u00f6r m\u00e4rkning av kablar, komponenter, r\u00f6r och utrustningar Anv\u00e4nds i kr\u00e4vande och aggressiva milj\u00f6er. Systemet best\u00e5r av teckenh\u00e5llare och teckenremsor Tillverkat i rostfritt syrafast st\u00e5l enligt EN 1.4404 (SS2348, AISI-316L). Samtliga detaljer kan k\u00f6pas separat f\u00f6r p\u00e5fyllning av m\u00e4rkboxen. Upph\u00f6jda konvexa tecken, l\u00e4tt att l\u00e4sa efter t.ex. \u00f6verm\u00e5lning. Buntbandsverktyg HT-338 ing\u00e5r i denna m\u00e4rkbox.  Produktdatablad\" \/>\n<meta property=\"og:url\" content=\"https:\/\/fleximarkshop-stage.nordlo.it\/en\/product\/markbox-syrafast-stal-tang\/\" \/>\n<meta property=\"og:site_name\" content=\"FleximarkShop\" \/>\n<meta property=\"article:modified_time\" content=\"2022-08-16T07:56:18+00:00\" \/>\n<meta property=\"og:image\" content=\"https:\/\/fleximarkshop-stage.nordlo.it\/wp-content\/uploads\/83254224.jpg\" \/>\n\t<meta property=\"og:image:width\" content=\"1048\" \/>\n\t<meta property=\"og:image:height\" content=\"1048\" \/>\n\t<meta property=\"og:image:type\" content=\"image\/jpeg\" \/>\n<meta name=\"twitter:card\" content=\"summary_large_image\" \/>\n<meta name=\"twitter:label1\" content=\"Est. reading time\" \/>\n\t<meta name=\"twitter:data1\" content=\"1 minute\" \/>\n<script type=\"application\/ld+json\" class=\"yoast-schema-graph\">{\"@context\":\"https:\\\/\\\/schema.org\",\"@graph\":[{\"@type\":\"WebPage\",\"@id\":\"https:\\\/\\\/fleximarkshop-stage.nordlo.it\\\/produkt\\\/markbox-syrafast-stal-tang\\\/\",\"url\":\"https:\\\/\\\/fleximarkshop-stage.nordlo.it\\\/produkt\\\/markbox-syrafast-stal-tang\\\/\",\"name\":\"M\u00e4rkbox syrafast st\u00e5l t\u00e5ng - FleximarkShop\",\"isPartOf\":{\"@id\":\"https:\\\/\\\/fleximarkshop-stage.nordlo.it\\\/#website\"},\"primaryImageOfPage\":{\"@id\":\"https:\\\/\\\/fleximarkshop-stage.nordlo.it\\\/produkt\\\/markbox-syrafast-stal-tang\\\/#primaryimage\"},\"image\":{\"@id\":\"https:\\\/\\\/fleximarkshop-stage.nordlo.it\\\/produkt\\\/markbox-syrafast-stal-tang\\\/#primaryimage\"},\"thumbnailUrl\":\"https:\\\/\\\/fleximarkshop-stage.nordlo.it\\\/wp-content\\\/uploads\\\/83254224.jpg\",\"datePublished\":\"2015-06-24T14:31:06+00:00\",\"dateModified\":\"2022-08-16T07:56:18+00:00\",\"breadcrumb\":{\"@id\":\"https:\\\/\\\/fleximarkshop-stage.nordlo.it\\\/produkt\\\/markbox-syrafast-stal-tang\\\/#breadcrumb\"},\"inLanguage\":\"en-US\",\"potentialAction\":[{\"@type\":\"ReadAction\",\"target\":[\"https:\\\/\\\/fleximarkshop-stage.nordlo.it\\\/produkt\\\/markbox-syrafast-stal-tang\\\/\"]}]},{\"@type\":\"ImageObject\",\"inLanguage\":\"en-US\",\"@id\":\"https:\\\/\\\/fleximarkshop-stage.nordlo.it\\\/produkt\\\/markbox-syrafast-stal-tang\\\/#primaryimage\",\"url\":\"https:\\\/\\\/fleximarkshop-stage.nordlo.it\\\/wp-content\\\/uploads\\\/83254224.jpg\",\"contentUrl\":\"https:\\\/\\\/fleximarkshop-stage.nordlo.it\\\/wp-content\\\/uploads\\\/83254224.jpg\",\"width\":1048,\"height\":1048,\"caption\":\"Syrafast m\u00e4rkbox med t\u00e5ng\"},{\"@type\":\"BreadcrumbList\",\"@id\":\"https:\\\/\\\/fleximarkshop-stage.nordlo.it\\\/produkt\\\/markbox-syrafast-stal-tang\\\/#breadcrumb\",\"itemListElement\":[{\"@type\":\"ListItem\",\"position\":1,\"name\":\"Hem\",\"item\":\"https:\\\/\\\/fleximarkshop-stage.nordlo.it\\\/\"},{\"@type\":\"ListItem\",\"position\":2,\"name\":\"Webbutik\",\"item\":\"https:\\\/\\\/fleximarkshop-stage.nordlo.it\\\/butik\\\/\"},{\"@type\":\"ListItem\",\"position\":3,\"name\":\"M\u00e4rkbox syrafast st\u00e5l t\u00e5ng\"}]},{\"@type\":\"WebSite\",\"@id\":\"https:\\\/\\\/fleximarkshop-stage.nordlo.it\\\/#website\",\"url\":\"https:\\\/\\\/fleximarkshop-stage.nordlo.it\\\/\",\"name\":\"FleximarkShop\",\"description\":\"M\u00e4rkning &amp; M\u00e4rksystem online\",\"publisher\":{\"@id\":\"https:\\\/\\\/fleximarkshop-stage.nordlo.it\\\/#organization\"},\"potentialAction\":[{\"@type\":\"SearchAction\",\"target\":{\"@type\":\"EntryPoint\",\"urlTemplate\":\"https:\\\/\\\/fleximarkshop-stage.nordlo.it\\\/?s={search_term_string}\"},\"query-input\":{\"@type\":\"PropertyValueSpecification\",\"valueRequired\":true,\"valueName\":\"search_term_string\"}}],\"inLanguage\":\"en-US\"},{\"@type\":\"Organization\",\"@id\":\"https:\\\/\\\/fleximarkshop-stage.nordlo.it\\\/#organization\",\"name\":\"FleximarkShop\",\"url\":\"https:\\\/\\\/fleximarkshop-stage.nordlo.it\\\/\",\"logo\":{\"@type\":\"ImageObject\",\"inLanguage\":\"en-US\",\"@id\":\"https:\\\/\\\/fleximarkshop-stage.nordlo.it\\\/#\\\/schema\\\/logo\\\/image\\\/\",\"url\":\"https:\\\/\\\/fleximarkshop-stage.nordlo.it\\\/wp-content\\\/uploads\\\/fleximark-logo.png\",\"contentUrl\":\"https:\\\/\\\/fleximarkshop-stage.nordlo.it\\\/wp-content\\\/uploads\\\/fleximark-logo.png\",\"width\":600,\"height\":80,\"caption\":\"FleximarkShop\"},\"image\":{\"@id\":\"https:\\\/\\\/fleximarkshop-stage.nordlo.it\\\/#\\\/schema\\\/logo\\\/image\\\/\"}}]}<\/script>\n<!-- \/ Yoast SEO plugin. -->","yoast_head_json":{"title":"M\u00e4rkbox syrafast st\u00e5l t\u00e5ng - FleximarkShop","robots":{"index":"noindex","follow":"follow","max-snippet":"max-snippet:-1","max-image-preview":"max-image-preview:large","max-video-preview":"max-video-preview:-1"},"og_locale":"en_US","og_type":"article","og_title":"M\u00e4rkbox syrafast st\u00e5l t\u00e5ng - FleximarkShop","og_description":"F\u00f6r m\u00e4rkning av kablar, komponenter, r\u00f6r och utrustningar Anv\u00e4nds i kr\u00e4vande och aggressiva milj\u00f6er. Systemet best\u00e5r av teckenh\u00e5llare och teckenremsor Tillverkat i rostfritt syrafast st\u00e5l enligt EN 1.4404 (SS2348, AISI-316L). Samtliga detaljer kan k\u00f6pas separat f\u00f6r p\u00e5fyllning av m\u00e4rkboxen. Upph\u00f6jda konvexa tecken, l\u00e4tt att l\u00e4sa efter t.ex. \u00f6verm\u00e5lning. Buntbandsverktyg HT-338 ing\u00e5r i denna m\u00e4rkbox.  Produktdatablad","og_url":"https:\/\/fleximarkshop-stage.nordlo.it\/en\/product\/markbox-syrafast-stal-tang\/","og_site_name":"FleximarkShop","article_modified_time":"2022-08-16T07:56:18+00:00","og_image":[{"width":1048,"height":1048,"url":"https:\/\/fleximarkshop-stage.nordlo.it\/wp-content\/uploads\/83254224.jpg","type":"image\/jpeg"}],"twitter_card":"summary_large_image","twitter_misc":{"Est. reading time":"1 minute"},"schema":{"@context":"https:\/\/schema.org","@graph":[{"@type":"WebPage","@id":"https:\/\/fleximarkshop-stage.nordlo.it\/produkt\/markbox-syrafast-stal-tang\/","url":"https:\/\/fleximarkshop-stage.nordlo.it\/produkt\/markbox-syrafast-stal-tang\/","name":"M\u00e4rkbox syrafast st\u00e5l t\u00e5ng - FleximarkShop","isPartOf":{"@id":"https:\/\/fleximarkshop-stage.nordlo.it\/#website"},"primaryImageOfPage":{"@id":"https:\/\/fleximarkshop-stage.nordlo.it\/produkt\/markbox-syrafast-stal-tang\/#primaryimage"},"image":{"@id":"https:\/\/fleximarkshop-stage.nordlo.it\/produkt\/markbox-syrafast-stal-tang\/#primaryimage"},"thumbnailUrl":"https:\/\/fleximarkshop-stage.nordlo.it\/wp-content\/uploads\/83254224.jpg","datePublished":"2015-06-24T14:31:06+00:00","dateModified":"2022-08-16T07:56:18+00:00","breadcrumb":{"@id":"https:\/\/fleximarkshop-stage.nordlo.it\/produkt\/markbox-syrafast-stal-tang\/#breadcrumb"},"inLanguage":"en-US","potentialAction":[{"@type":"ReadAction","target":["https:\/\/fleximarkshop-stage.nordlo.it\/produkt\/markbox-syrafast-stal-tang\/"]}]},{"@type":"ImageObject","inLanguage":"en-US","@id":"https:\/\/fleximarkshop-stage.nordlo.it\/produkt\/markbox-syrafast-stal-tang\/#primaryimage","url":"https:\/\/fleximarkshop-stage.nordlo.it\/wp-content\/uploads\/83254224.jpg","contentUrl":"https:\/\/fleximarkshop-stage.nordlo.it\/wp-content\/uploads\/83254224.jpg","width":1048,"height":1048,"caption":"Syrafast m\u00e4rkbox med t\u00e5ng"},{"@type":"BreadcrumbList","@id":"https:\/\/fleximarkshop-stage.nordlo.it\/produkt\/markbox-syrafast-stal-tang\/#breadcrumb","itemListElement":[{"@type":"ListItem","position":1,"name":"Hem","item":"https:\/\/fleximarkshop-stage.nordlo.it\/"},{"@type":"ListItem","position":2,"name":"Webbutik","item":"https:\/\/fleximarkshop-stage.nordlo.it\/butik\/"},{"@type":"ListItem","position":3,"name":"M\u00e4rkbox syrafast st\u00e5l t\u00e5ng"}]},{"@type":"WebSite","@id":"https:\/\/fleximarkshop-stage.nordlo.it\/#website","url":"https:\/\/fleximarkshop-stage.nordlo.it\/","name":"FleximarkShop","description":"M\u00e4rkning &amp; M\u00e4rksystem online","publisher":{"@id":"https:\/\/fleximarkshop-stage.nordlo.it\/#organization"},"potentialAction":[{"@type":"SearchAction","target":{"@type":"EntryPoint","urlTemplate":"https:\/\/fleximarkshop-stage.nordlo.it\/?s={search_term_string}"},"query-input":{"@type":"PropertyValueSpecification","valueRequired":true,"valueName":"search_term_string"}}],"inLanguage":"en-US"},{"@type":"Organization","@id":"https:\/\/fleximarkshop-stage.nordlo.it\/#organization","name":"FleximarkShop","url":"https:\/\/fleximarkshop-stage.nordlo.it\/","logo":{"@type":"ImageObject","inLanguage":"en-US","@id":"https:\/\/fleximarkshop-stage.nordlo.it\/#\/schema\/logo\/image\/","url":"https:\/\/fleximarkshop-stage.nordlo.it\/wp-content\/uploads\/fleximark-logo.png","contentUrl":"https:\/\/fleximarkshop-stage.nordlo.it\/wp-content\/uploads\/fleximark-logo.png","width":600,"height":80,"caption":"FleximarkShop"},"image":{"@id":"https:\/\/fleximarkshop-stage.nordlo.it\/#\/schema\/logo\/image\/"}}]}},"_links":{"self":[{"href":"https:\/\/fleximarkshop-stage.nordlo.it\/en\/wp-json\/wp\/v2\/product\/387","targetHints":{"allow":["GET"]}}],"collection":[{"href":"https:\/\/fleximarkshop-stage.nordlo.it\/en\/wp-json\/wp\/v2\/product"}],"about":[{"href":"https:\/\/fleximarkshop-stage.nordlo.it\/en\/wp-json\/wp\/v2\/types\/product"}],"wp:featuredmedia":[{"embeddable":true,"href":"https:\/\/fleximarkshop-stage.nordlo.it\/en\/wp-json\/wp\/v2\/media\/384"}],"wp:attachment":[{"href":"https:\/\/fleximarkshop-stage.nordlo.it\/en\/wp-json\/wp\/v2\/media?parent=387"}],"wp:term":[{"taxonomy":"product_brand","embeddable":true,"href":"https:\/\/fleximarkshop-stage.nordlo.it\/en\/wp-json\/wp\/v2\/product_brand?post=387"},{"taxonomy":"product_cat","embeddable":true,"href":"https:\/\/fleximarkshop-stage.nordlo.it\/en\/wp-json\/wp\/v2\/product_cat?post=387"},{"taxonomy":"product_tag","embeddable":true,"href":"https:\/\/fleximarkshop-stage.nordlo.it\/en\/wp-json\/wp\/v2\/product_tag?post=387"}],"curies":[{"name":"wp","href":"https:\/\/api.w.org\/{rel}","templated":true}]}}