{"id":3870,"date":"2016-06-09T08:10:11","date_gmt":"2016-06-09T08:10:11","guid":{"rendered":"https:\/\/fleximark\/produkt\/organiserad-krympslang-gul-2\/"},"modified":"2022-03-10T14:25:03","modified_gmt":"2022-03-10T14:25:03","slug":"organiserad-krympslang-gul-2","status":"publish","type":"product","link":"https:\/\/fleximarkshop-stage.nordlo.it\/en\/product\/organiserad-krympslang-gul-2\/","title":{"rendered":"Organized shrink tubing yellow, diesel resistant"},"content":{"rendered":"<p>Organiserad halogenfri krympslang f\u00f6r part och kabelm\u00e4rkning. Formgiven f\u00f6r CAB EOS skrivare. Bra resistens mot kemikalier.<\/p>\n<p><strong>Material: <\/strong>Polyolefin<br \/>\n<strong>F\u00e4rg:<\/strong> Gul<br \/>\n<strong>Krympf\u00f6rh\u00e5llanden: <\/strong>3:1<br \/>\n<strong>Operating temperature:<\/strong> -55\u00b0C to +135\u00b0C<br \/>\n<strong>Minimum krymptemperatur:<\/strong> &gt;90\u00b0C<\/p>\n<p><strong>Godk\u00e4nnande:\u00a0<img decoding=\"async\" class=\"size-full wp-image-41\" style=\"vertical-align: middle;\" src=\"https:\/\/fleximarkshop-stage.nordlo.it\/wp-content\/uploads\/bvb-logo-transparent.png\" alt=\"Byggvarubed\u00f6mningen\" width=\"120\" srcset=\"https:\/\/fleximarkshop-stage.nordlo.it\/wp-content\/uploads\/bvb-logo-transparent.png 1280w, https:\/\/fleximarkshop-stage.nordlo.it\/wp-content\/uploads\/bvb-logo-transparent-600x90.png 600w, https:\/\/fleximarkshop-stage.nordlo.it\/wp-content\/uploads\/bvb-logo-transparent-300x45.png 300w, https:\/\/fleximarkshop-stage.nordlo.it\/wp-content\/uploads\/bvb-logo-transparent-1024x154.png 1024w, https:\/\/fleximarkshop-stage.nordlo.it\/wp-content\/uploads\/bvb-logo-transparent-768x115.png 768w\" sizes=\"(max-width: 1280px) 100vw, 1280px\" \/><\/strong><\/p>","protected":false},"excerpt":{"rendered":"<p>\u2022 Reliable and rational handling of shrink tubing marking<br \/>\n\u2022 Printed using thermal transfer printers<br \/>\n\u2022 Dieselresistent<\/p>\n<p><a href=\"https:\/\/fleximarkshop-stage.nordlo.it\/wp-content\/uploads\/DB83260219EN_Organized_shrink_tube.pdf\" target=\"_blank\" rel=\"noopener\"><span style=\"font-size: small; color: #ff9900;\"><strong>Product data sheet<\/strong><\/span><\/a><\/p>\n<p><a title=\"org. krymp. instruktionsfilm\" href=\"https:\/\/youtu.be\/RNKj2o8VIKc\" target=\"_blank\" rel=\"noopener\"><span style=\"font-size: small; color: #ff9900;\"><strong>Instructional film<\/strong><\/span><\/a><\/p>","protected":false},"featured_media":3872,"template":"","meta":{"_acf_changed":false},"product_brand":[],"product_cat":[953,943,909,903,918],"product_tag":[],"class_list":{"0":"post-3870","1":"product","2":"type-product","3":"status-publish","4":"has-post-thumbnail","6":"product_cat-plastbuntband","7":"product_cat-ledningsmarkning","8":"product_cat-markning","9":"product_cat-markprodukter","10":"product_cat-tillbehor","11":"pa_fargband-870","12":"sales-flash-overlay","13":"woocommerce-text-align-center","14":"woocommerce-image-align-center","15":"do-quantity-buttons","16":"wc-has-gallery","18":"first","19":"instock","20":"taxable","21":"shipping-taxable","22":"product-type-grouped"},"acf":[],"yoast_head":"<!-- This site is optimized with the Yoast SEO plugin v27.4 - https:\/\/yoast.com\/product\/yoast-seo-wordpress\/ -->\n<title>Organiserad krympslang gul, dieselresistent - FleximarkShop<\/title>\n<meta name=\"description\" content=\"Organiserad krympslang f\u00f6r partm\u00e4rkning. P\u00e5 rulle f\u00f6r termotransferutskrift. Slangens form g\u00f6r att den sitter p\u00e5 plats runt kabeln.\" \/>\n<meta name=\"robots\" content=\"noindex, follow, max-snippet:-1, max-image-preview:large, max-video-preview:-1\" \/>\n<meta property=\"og:locale\" content=\"en_US\" \/>\n<meta property=\"og:type\" content=\"article\" \/>\n<meta property=\"og:title\" content=\"Organiserad krympslang gul, dieselresistent - FleximarkShop\" \/>\n<meta property=\"og:description\" content=\"Organiserad krympslang f\u00f6r partm\u00e4rkning. P\u00e5 rulle f\u00f6r termotransferutskrift. Slangens form g\u00f6r att den sitter p\u00e5 plats runt kabeln.\" \/>\n<meta property=\"og:url\" content=\"https:\/\/fleximarkshop-stage.nordlo.it\/en\/product\/organiserad-krympslang-gul-2\/\" \/>\n<meta property=\"og:site_name\" content=\"FleximarkShop\" \/>\n<meta property=\"article:modified_time\" content=\"2022-03-10T14:25:03+00:00\" \/>\n<meta property=\"og:image\" content=\"https:\/\/fleximarkshop-stage.nordlo.it\/wp-content\/uploads\/KRYMP_GUL_ORG_HALFR_2.jpg\" \/>\n\t<meta property=\"og:image:width\" content=\"1048\" \/>\n\t<meta property=\"og:image:height\" content=\"533\" \/>\n\t<meta property=\"og:image:type\" content=\"image\/jpeg\" \/>\n<meta name=\"twitter:card\" content=\"summary_large_image\" \/>\n<meta name=\"twitter:label1\" content=\"Est. reading time\" \/>\n\t<meta name=\"twitter:data1\" content=\"1 minute\" \/>\n<script type=\"application\/ld+json\" class=\"yoast-schema-graph\">{\"@context\":\"https:\\\/\\\/schema.org\",\"@graph\":[{\"@type\":\"WebPage\",\"@id\":\"https:\\\/\\\/fleximarkshop-stage.nordlo.it\\\/produkt\\\/organiserad-krympslang-gul-2\\\/\",\"url\":\"https:\\\/\\\/fleximarkshop-stage.nordlo.it\\\/produkt\\\/organiserad-krympslang-gul-2\\\/\",\"name\":\"Organiserad krympslang gul, dieselresistent - FleximarkShop\",\"isPartOf\":{\"@id\":\"https:\\\/\\\/fleximarkshop-stage.nordlo.it\\\/#website\"},\"primaryImageOfPage\":{\"@id\":\"https:\\\/\\\/fleximarkshop-stage.nordlo.it\\\/produkt\\\/organiserad-krympslang-gul-2\\\/#primaryimage\"},\"image\":{\"@id\":\"https:\\\/\\\/fleximarkshop-stage.nordlo.it\\\/produkt\\\/organiserad-krympslang-gul-2\\\/#primaryimage\"},\"thumbnailUrl\":\"https:\\\/\\\/fleximarkshop-stage.nordlo.it\\\/wp-content\\\/uploads\\\/KRYMP_GUL_ORG_HALFR_2.jpg\",\"datePublished\":\"2016-06-09T08:10:11+00:00\",\"dateModified\":\"2022-03-10T14:25:03+00:00\",\"description\":\"Organiserad krympslang f\u00f6r partm\u00e4rkning. P\u00e5 rulle f\u00f6r termotransferutskrift. Slangens form g\u00f6r att den sitter p\u00e5 plats runt kabeln.\",\"breadcrumb\":{\"@id\":\"https:\\\/\\\/fleximarkshop-stage.nordlo.it\\\/produkt\\\/organiserad-krympslang-gul-2\\\/#breadcrumb\"},\"inLanguage\":\"en-US\",\"potentialAction\":[{\"@type\":\"ReadAction\",\"target\":[\"https:\\\/\\\/fleximarkshop-stage.nordlo.it\\\/produkt\\\/organiserad-krympslang-gul-2\\\/\"]}]},{\"@type\":\"ImageObject\",\"inLanguage\":\"en-US\",\"@id\":\"https:\\\/\\\/fleximarkshop-stage.nordlo.it\\\/produkt\\\/organiserad-krympslang-gul-2\\\/#primaryimage\",\"url\":\"https:\\\/\\\/fleximarkshop-stage.nordlo.it\\\/wp-content\\\/uploads\\\/KRYMP_GUL_ORG_HALFR_2.jpg\",\"contentUrl\":\"https:\\\/\\\/fleximarkshop-stage.nordlo.it\\\/wp-content\\\/uploads\\\/KRYMP_GUL_ORG_HALFR_2.jpg\",\"width\":1048,\"height\":533,\"caption\":\"Organiserad krympslang gul, halogenfri-3594\"},{\"@type\":\"BreadcrumbList\",\"@id\":\"https:\\\/\\\/fleximarkshop-stage.nordlo.it\\\/produkt\\\/organiserad-krympslang-gul-2\\\/#breadcrumb\",\"itemListElement\":[{\"@type\":\"ListItem\",\"position\":1,\"name\":\"Hem\",\"item\":\"https:\\\/\\\/fleximarkshop-stage.nordlo.it\\\/\"},{\"@type\":\"ListItem\",\"position\":2,\"name\":\"Webbutik\",\"item\":\"https:\\\/\\\/fleximarkshop-stage.nordlo.it\\\/butik\\\/\"},{\"@type\":\"ListItem\",\"position\":3,\"name\":\"Organiserad krympslang gul, dieselresistent\"}]},{\"@type\":\"WebSite\",\"@id\":\"https:\\\/\\\/fleximarkshop-stage.nordlo.it\\\/#website\",\"url\":\"https:\\\/\\\/fleximarkshop-stage.nordlo.it\\\/\",\"name\":\"FleximarkShop\",\"description\":\"M\u00e4rkning &amp; M\u00e4rksystem online\",\"publisher\":{\"@id\":\"https:\\\/\\\/fleximarkshop-stage.nordlo.it\\\/#organization\"},\"potentialAction\":[{\"@type\":\"SearchAction\",\"target\":{\"@type\":\"EntryPoint\",\"urlTemplate\":\"https:\\\/\\\/fleximarkshop-stage.nordlo.it\\\/?s={search_term_string}\"},\"query-input\":{\"@type\":\"PropertyValueSpecification\",\"valueRequired\":true,\"valueName\":\"search_term_string\"}}],\"inLanguage\":\"en-US\"},{\"@type\":\"Organization\",\"@id\":\"https:\\\/\\\/fleximarkshop-stage.nordlo.it\\\/#organization\",\"name\":\"FleximarkShop\",\"url\":\"https:\\\/\\\/fleximarkshop-stage.nordlo.it\\\/\",\"logo\":{\"@type\":\"ImageObject\",\"inLanguage\":\"en-US\",\"@id\":\"https:\\\/\\\/fleximarkshop-stage.nordlo.it\\\/#\\\/schema\\\/logo\\\/image\\\/\",\"url\":\"https:\\\/\\\/fleximarkshop-stage.nordlo.it\\\/wp-content\\\/uploads\\\/fleximark-logo.png\",\"contentUrl\":\"https:\\\/\\\/fleximarkshop-stage.nordlo.it\\\/wp-content\\\/uploads\\\/fleximark-logo.png\",\"width\":600,\"height\":80,\"caption\":\"FleximarkShop\"},\"image\":{\"@id\":\"https:\\\/\\\/fleximarkshop-stage.nordlo.it\\\/#\\\/schema\\\/logo\\\/image\\\/\"}}]}<\/script>\n<!-- \/ Yoast SEO plugin. -->","yoast_head_json":{"title":"Organiserad krympslang gul, dieselresistent - FleximarkShop","description":"Organiserad krympslang f\u00f6r partm\u00e4rkning. P\u00e5 rulle f\u00f6r termotransferutskrift. Slangens form g\u00f6r att den sitter p\u00e5 plats runt kabeln.","robots":{"index":"noindex","follow":"follow","max-snippet":"max-snippet:-1","max-image-preview":"max-image-preview:large","max-video-preview":"max-video-preview:-1"},"og_locale":"en_US","og_type":"article","og_title":"Organiserad krympslang gul, dieselresistent - FleximarkShop","og_description":"Organiserad krympslang f\u00f6r partm\u00e4rkning. P\u00e5 rulle f\u00f6r termotransferutskrift. Slangens form g\u00f6r att den sitter p\u00e5 plats runt kabeln.","og_url":"https:\/\/fleximarkshop-stage.nordlo.it\/en\/product\/organiserad-krympslang-gul-2\/","og_site_name":"FleximarkShop","article_modified_time":"2022-03-10T14:25:03+00:00","og_image":[{"width":1048,"height":533,"url":"https:\/\/fleximarkshop-stage.nordlo.it\/wp-content\/uploads\/KRYMP_GUL_ORG_HALFR_2.jpg","type":"image\/jpeg"}],"twitter_card":"summary_large_image","twitter_misc":{"Est. reading time":"1 minute"},"schema":{"@context":"https:\/\/schema.org","@graph":[{"@type":"WebPage","@id":"https:\/\/fleximarkshop-stage.nordlo.it\/produkt\/organiserad-krympslang-gul-2\/","url":"https:\/\/fleximarkshop-stage.nordlo.it\/produkt\/organiserad-krympslang-gul-2\/","name":"Organiserad krympslang gul, dieselresistent - FleximarkShop","isPartOf":{"@id":"https:\/\/fleximarkshop-stage.nordlo.it\/#website"},"primaryImageOfPage":{"@id":"https:\/\/fleximarkshop-stage.nordlo.it\/produkt\/organiserad-krympslang-gul-2\/#primaryimage"},"image":{"@id":"https:\/\/fleximarkshop-stage.nordlo.it\/produkt\/organiserad-krympslang-gul-2\/#primaryimage"},"thumbnailUrl":"https:\/\/fleximarkshop-stage.nordlo.it\/wp-content\/uploads\/KRYMP_GUL_ORG_HALFR_2.jpg","datePublished":"2016-06-09T08:10:11+00:00","dateModified":"2022-03-10T14:25:03+00:00","description":"Organiserad krympslang f\u00f6r partm\u00e4rkning. P\u00e5 rulle f\u00f6r termotransferutskrift. Slangens form g\u00f6r att den sitter p\u00e5 plats runt kabeln.","breadcrumb":{"@id":"https:\/\/fleximarkshop-stage.nordlo.it\/produkt\/organiserad-krympslang-gul-2\/#breadcrumb"},"inLanguage":"en-US","potentialAction":[{"@type":"ReadAction","target":["https:\/\/fleximarkshop-stage.nordlo.it\/produkt\/organiserad-krympslang-gul-2\/"]}]},{"@type":"ImageObject","inLanguage":"en-US","@id":"https:\/\/fleximarkshop-stage.nordlo.it\/produkt\/organiserad-krympslang-gul-2\/#primaryimage","url":"https:\/\/fleximarkshop-stage.nordlo.it\/wp-content\/uploads\/KRYMP_GUL_ORG_HALFR_2.jpg","contentUrl":"https:\/\/fleximarkshop-stage.nordlo.it\/wp-content\/uploads\/KRYMP_GUL_ORG_HALFR_2.jpg","width":1048,"height":533,"caption":"Organiserad krympslang gul, halogenfri-3594"},{"@type":"BreadcrumbList","@id":"https:\/\/fleximarkshop-stage.nordlo.it\/produkt\/organiserad-krympslang-gul-2\/#breadcrumb","itemListElement":[{"@type":"ListItem","position":1,"name":"Hem","item":"https:\/\/fleximarkshop-stage.nordlo.it\/"},{"@type":"ListItem","position":2,"name":"Webbutik","item":"https:\/\/fleximarkshop-stage.nordlo.it\/butik\/"},{"@type":"ListItem","position":3,"name":"Organiserad krympslang gul, dieselresistent"}]},{"@type":"WebSite","@id":"https:\/\/fleximarkshop-stage.nordlo.it\/#website","url":"https:\/\/fleximarkshop-stage.nordlo.it\/","name":"FleximarkShop","description":"M\u00e4rkning &amp; M\u00e4rksystem online","publisher":{"@id":"https:\/\/fleximarkshop-stage.nordlo.it\/#organization"},"potentialAction":[{"@type":"SearchAction","target":{"@type":"EntryPoint","urlTemplate":"https:\/\/fleximarkshop-stage.nordlo.it\/?s={search_term_string}"},"query-input":{"@type":"PropertyValueSpecification","valueRequired":true,"valueName":"search_term_string"}}],"inLanguage":"en-US"},{"@type":"Organization","@id":"https:\/\/fleximarkshop-stage.nordlo.it\/#organization","name":"FleximarkShop","url":"https:\/\/fleximarkshop-stage.nordlo.it\/","logo":{"@type":"ImageObject","inLanguage":"en-US","@id":"https:\/\/fleximarkshop-stage.nordlo.it\/#\/schema\/logo\/image\/","url":"https:\/\/fleximarkshop-stage.nordlo.it\/wp-content\/uploads\/fleximark-logo.png","contentUrl":"https:\/\/fleximarkshop-stage.nordlo.it\/wp-content\/uploads\/fleximark-logo.png","width":600,"height":80,"caption":"FleximarkShop"},"image":{"@id":"https:\/\/fleximarkshop-stage.nordlo.it\/#\/schema\/logo\/image\/"}}]}},"_links":{"self":[{"href":"https:\/\/fleximarkshop-stage.nordlo.it\/en\/wp-json\/wp\/v2\/product\/3870","targetHints":{"allow":["GET"]}}],"collection":[{"href":"https:\/\/fleximarkshop-stage.nordlo.it\/en\/wp-json\/wp\/v2\/product"}],"about":[{"href":"https:\/\/fleximarkshop-stage.nordlo.it\/en\/wp-json\/wp\/v2\/types\/product"}],"wp:featuredmedia":[{"embeddable":true,"href":"https:\/\/fleximarkshop-stage.nordlo.it\/en\/wp-json\/wp\/v2\/media\/3872"}],"wp:attachment":[{"href":"https:\/\/fleximarkshop-stage.nordlo.it\/en\/wp-json\/wp\/v2\/media?parent=3870"}],"wp:term":[{"taxonomy":"product_brand","embeddable":true,"href":"https:\/\/fleximarkshop-stage.nordlo.it\/en\/wp-json\/wp\/v2\/product_brand?post=3870"},{"taxonomy":"product_cat","embeddable":true,"href":"https:\/\/fleximarkshop-stage.nordlo.it\/en\/wp-json\/wp\/v2\/product_cat?post=3870"},{"taxonomy":"product_tag","embeddable":true,"href":"https:\/\/fleximarkshop-stage.nordlo.it\/en\/wp-json\/wp\/v2\/product_tag?post=3870"}],"curies":[{"name":"wp","href":"https:\/\/api.w.org\/{rel}","templated":true}]}}