{"id":3881,"date":"2016-06-14T08:21:30","date_gmt":"2016-06-14T08:21:30","guid":{"rendered":"https:\/\/fleximark\/produkt\/etikett-lck-ark\/"},"modified":"2022-02-14T10:26:50","modified_gmt":"2022-02-14T10:26:50","slug":"etikett-lck-ark","status":"publish","type":"product","link":"https:\/\/fleximarkshop-stage.nordlo.it\/en\/product\/etikett-lck-ark\/","title":{"rendered":"Label LCK, sheet 10-pack"},"content":{"rendered":"<p>LCK etiketter \u00e4r ett enkelt och rationellt m\u00e4rksystem f\u00f6r egen utskrift av kabelm\u00e4rkning. LCK levereras som A4 ark och skrivs ut i standard kontorslaserskrivare.<br \/>\nLCK \u00e4r ett enkelt och t\u00e5ligt m\u00e4rksystem, \u00e4ven vid kontakt med olika kemikalier.<\/p>\n<p><strong>Material:<\/strong> Polyester halogenfri<br \/>\n<strong>H\u00e4ft\u00e4mne:<\/strong> Acrylbaserat<br \/>\n<strong>Anv\u00e4ndningstemp: <\/strong>-40\u00b0 C &#8211; +125\u00b0 C<br \/>\n<strong>Appliceringstemp: <\/strong>min +10\u00b0C<\/p>\n<p><strong>Godk\u00e4nnande:\u00a0<img decoding=\"async\" class=\"size-full wp-image-41\" style=\"vertical-align: middle;\" src=\"https:\/\/fleximarkshop-stage.nordlo.it\/wp-content\/uploads\/bvb-logo-transparent.png\" alt=\"Byggvarubed\u00f6mningen\" width=\"120\" srcset=\"https:\/\/fleximarkshop-stage.nordlo.it\/wp-content\/uploads\/bvb-logo-transparent.png 1280w, https:\/\/fleximarkshop-stage.nordlo.it\/wp-content\/uploads\/bvb-logo-transparent-600x90.png 600w, https:\/\/fleximarkshop-stage.nordlo.it\/wp-content\/uploads\/bvb-logo-transparent-300x45.png 300w, https:\/\/fleximarkshop-stage.nordlo.it\/wp-content\/uploads\/bvb-logo-transparent-1024x154.png 1024w, https:\/\/fleximarkshop-stage.nordlo.it\/wp-content\/uploads\/bvb-logo-transparent-768x115.png 768w\" sizes=\"(max-width: 1280px) 100vw, 1280px\" \/><\/strong><\/p>","protected":false},"excerpt":{"rendered":"<p>\u2022 Kabelm\u00e4rkning f\u00f6r kablar och r\u00f6r<br \/>\n\u2022 Anv\u00e4nds till industri-, el-, och telekominstallationer inomhus<br \/>\n\u2022 Skrivytan skyddas av \u00f6verlappande transparent folie<br \/>\n\u2022 Levereras som A4 ark och skrivs ut i standard kontorslaserskrivare.<br \/>\n\u2022 T\u00e5ligt m\u00e4rksystem, \u00e4ven vid kontakt med olika kemikalier.<br \/>\n\u2022 UV-best\u00e4ndig (enligt provtest av SP)<\/p>\n<p><a title=\"LCK produktdatablad\" href=\"https:\/\/fleximarkshop-stage.nordlo.it\/wp-content\/uploads\/DB83256142EN_FLEXIMARK_Wrapping_label_LCK_lorez.pdf\" target=\"_blank\" rel=\"noopener\"><span style=\"font-size: small; color: #ff9900;\"><strong>Product data sheet<\/strong><\/span><\/a><\/p>\n<p><a href=\"https:\/\/youtu.be\/-kDZlluGHBs\" target=\"_blank\" rel=\"noopener\"><span style=\"font-size: small; color: #ff9900;\"><strong>Instructional film<\/strong><\/span><\/a><\/p>","protected":false},"featured_media":3878,"template":"","meta":{"_acf_changed":false},"product_brand":[],"product_cat":[930,909,903],"product_tag":[],"class_list":{"0":"post-3881","1":"product","2":"type-product","3":"status-publish","4":"has-post-thumbnail","6":"product_cat-kabelmarkning","7":"product_cat-markning","8":"product_cat-markprodukter","9":"pa_antal-10arkfp","10":"pa_filter_ett-laserutskrift","11":"pa_forpackningsenhet-369","12":"sales-flash-overlay","13":"woocommerce-text-align-center","14":"woocommerce-image-align-center","15":"do-quantity-buttons","16":"wc-has-gallery","18":"first","19":"instock","20":"taxable","21":"shipping-taxable","22":"product-type-grouped"},"acf":[],"yoast_head":"<!-- This site is optimized with the Yoast SEO plugin v27.3 - https:\/\/yoast.com\/product\/yoast-seo-wordpress\/ -->\n<title>Etikett LCK, ark 10-pack - FleximarkShop<\/title>\n<meta name=\"description\" content=\"Etikett LCK \u00e4r ett enkelt och t\u00e5ligt m\u00e4rksystem, \u00e4ven vid kontakt med olika kemikalier. Levereras p\u00e5 ark f\u00f6r utskrift i kontorslaserskrivare.\" \/>\n<meta name=\"robots\" content=\"noindex, follow, max-snippet:-1, max-image-preview:large, max-video-preview:-1\" \/>\n<meta property=\"og:locale\" content=\"en_US\" \/>\n<meta property=\"og:type\" content=\"article\" \/>\n<meta property=\"og:title\" content=\"Etikett LCK, ark 10-pack - FleximarkShop\" \/>\n<meta property=\"og:description\" content=\"Etikett LCK \u00e4r ett enkelt och t\u00e5ligt m\u00e4rksystem, \u00e4ven vid kontakt med olika kemikalier. Levereras p\u00e5 ark f\u00f6r utskrift i kontorslaserskrivare.\" \/>\n<meta property=\"og:url\" content=\"https:\/\/fleximarkshop-stage.nordlo.it\/en\/product\/etikett-lck-ark\/\" \/>\n<meta property=\"og:site_name\" content=\"FleximarkShop\" \/>\n<meta property=\"article:modified_time\" content=\"2022-02-14T10:26:50+00:00\" \/>\n<meta property=\"og:image\" content=\"https:\/\/fleximarkshop-stage.nordlo.it\/wp-content\/uploads\/ETIKETTER_LCK.jpg\" \/>\n\t<meta property=\"og:image:width\" content=\"935\" \/>\n\t<meta property=\"og:image:height\" content=\"869\" \/>\n\t<meta property=\"og:image:type\" content=\"image\/jpeg\" \/>\n<meta name=\"twitter:card\" content=\"summary_large_image\" \/>\n<script type=\"application\/ld+json\" class=\"yoast-schema-graph\">{\"@context\":\"https:\\\/\\\/schema.org\",\"@graph\":[{\"@type\":\"WebPage\",\"@id\":\"https:\\\/\\\/fleximarkshop-stage.nordlo.it\\\/produkt\\\/etikett-lck-ark\\\/\",\"url\":\"https:\\\/\\\/fleximarkshop-stage.nordlo.it\\\/produkt\\\/etikett-lck-ark\\\/\",\"name\":\"Etikett LCK, ark 10-pack - FleximarkShop\",\"isPartOf\":{\"@id\":\"https:\\\/\\\/fleximarkshop-stage.nordlo.it\\\/#website\"},\"primaryImageOfPage\":{\"@id\":\"https:\\\/\\\/fleximarkshop-stage.nordlo.it\\\/produkt\\\/etikett-lck-ark\\\/#primaryimage\"},\"image\":{\"@id\":\"https:\\\/\\\/fleximarkshop-stage.nordlo.it\\\/produkt\\\/etikett-lck-ark\\\/#primaryimage\"},\"thumbnailUrl\":\"https:\\\/\\\/fleximarkshop-stage.nordlo.it\\\/wp-content\\\/uploads\\\/ETIKETTER_LCK.jpg\",\"datePublished\":\"2016-06-14T08:21:30+00:00\",\"dateModified\":\"2022-02-14T10:26:50+00:00\",\"description\":\"Etikett LCK \u00e4r ett enkelt och t\u00e5ligt m\u00e4rksystem, \u00e4ven vid kontakt med olika kemikalier. Levereras p\u00e5 ark f\u00f6r utskrift i kontorslaserskrivare.\",\"breadcrumb\":{\"@id\":\"https:\\\/\\\/fleximarkshop-stage.nordlo.it\\\/produkt\\\/etikett-lck-ark\\\/#breadcrumb\"},\"inLanguage\":\"en-US\",\"potentialAction\":[{\"@type\":\"ReadAction\",\"target\":[\"https:\\\/\\\/fleximarkshop-stage.nordlo.it\\\/produkt\\\/etikett-lck-ark\\\/\"]}]},{\"@type\":\"ImageObject\",\"inLanguage\":\"en-US\",\"@id\":\"https:\\\/\\\/fleximarkshop-stage.nordlo.it\\\/produkt\\\/etikett-lck-ark\\\/#primaryimage\",\"url\":\"https:\\\/\\\/fleximarkshop-stage.nordlo.it\\\/wp-content\\\/uploads\\\/ETIKETTER_LCK.jpg\",\"contentUrl\":\"https:\\\/\\\/fleximarkshop-stage.nordlo.it\\\/wp-content\\\/uploads\\\/ETIKETTER_LCK.jpg\",\"width\":935,\"height\":869,\"caption\":\"Kabeletikett LCK\"},{\"@type\":\"BreadcrumbList\",\"@id\":\"https:\\\/\\\/fleximarkshop-stage.nordlo.it\\\/produkt\\\/etikett-lck-ark\\\/#breadcrumb\",\"itemListElement\":[{\"@type\":\"ListItem\",\"position\":1,\"name\":\"Hem\",\"item\":\"https:\\\/\\\/fleximarkshop-stage.nordlo.it\\\/\"},{\"@type\":\"ListItem\",\"position\":2,\"name\":\"Webbutik\",\"item\":\"https:\\\/\\\/fleximarkshop-stage.nordlo.it\\\/butik\\\/\"},{\"@type\":\"ListItem\",\"position\":3,\"name\":\"Etikett LCK, ark 10-pack\"}]},{\"@type\":\"WebSite\",\"@id\":\"https:\\\/\\\/fleximarkshop-stage.nordlo.it\\\/#website\",\"url\":\"https:\\\/\\\/fleximarkshop-stage.nordlo.it\\\/\",\"name\":\"FleximarkShop\",\"description\":\"M\u00e4rkning &amp; M\u00e4rksystem online\",\"publisher\":{\"@id\":\"https:\\\/\\\/fleximarkshop-stage.nordlo.it\\\/#organization\"},\"potentialAction\":[{\"@type\":\"SearchAction\",\"target\":{\"@type\":\"EntryPoint\",\"urlTemplate\":\"https:\\\/\\\/fleximarkshop-stage.nordlo.it\\\/?s={search_term_string}\"},\"query-input\":{\"@type\":\"PropertyValueSpecification\",\"valueRequired\":true,\"valueName\":\"search_term_string\"}}],\"inLanguage\":\"en-US\"},{\"@type\":\"Organization\",\"@id\":\"https:\\\/\\\/fleximarkshop-stage.nordlo.it\\\/#organization\",\"name\":\"FleximarkShop\",\"url\":\"https:\\\/\\\/fleximarkshop-stage.nordlo.it\\\/\",\"logo\":{\"@type\":\"ImageObject\",\"inLanguage\":\"en-US\",\"@id\":\"https:\\\/\\\/fleximarkshop-stage.nordlo.it\\\/#\\\/schema\\\/logo\\\/image\\\/\",\"url\":\"https:\\\/\\\/fleximarkshop-stage.nordlo.it\\\/wp-content\\\/uploads\\\/fleximark-logo.png\",\"contentUrl\":\"https:\\\/\\\/fleximarkshop-stage.nordlo.it\\\/wp-content\\\/uploads\\\/fleximark-logo.png\",\"width\":600,\"height\":80,\"caption\":\"FleximarkShop\"},\"image\":{\"@id\":\"https:\\\/\\\/fleximarkshop-stage.nordlo.it\\\/#\\\/schema\\\/logo\\\/image\\\/\"}}]}<\/script>\n<!-- \/ Yoast SEO plugin. -->","yoast_head_json":{"title":"Etikett LCK, ark 10-pack - FleximarkShop","description":"Etikett LCK \u00e4r ett enkelt och t\u00e5ligt m\u00e4rksystem, \u00e4ven vid kontakt med olika kemikalier. Levereras p\u00e5 ark f\u00f6r utskrift i kontorslaserskrivare.","robots":{"index":"noindex","follow":"follow","max-snippet":"max-snippet:-1","max-image-preview":"max-image-preview:large","max-video-preview":"max-video-preview:-1"},"og_locale":"en_US","og_type":"article","og_title":"Etikett LCK, ark 10-pack - FleximarkShop","og_description":"Etikett LCK \u00e4r ett enkelt och t\u00e5ligt m\u00e4rksystem, \u00e4ven vid kontakt med olika kemikalier. Levereras p\u00e5 ark f\u00f6r utskrift i kontorslaserskrivare.","og_url":"https:\/\/fleximarkshop-stage.nordlo.it\/en\/product\/etikett-lck-ark\/","og_site_name":"FleximarkShop","article_modified_time":"2022-02-14T10:26:50+00:00","og_image":[{"width":935,"height":869,"url":"https:\/\/fleximarkshop-stage.nordlo.it\/wp-content\/uploads\/ETIKETTER_LCK.jpg","type":"image\/jpeg"}],"twitter_card":"summary_large_image","schema":{"@context":"https:\/\/schema.org","@graph":[{"@type":"WebPage","@id":"https:\/\/fleximarkshop-stage.nordlo.it\/produkt\/etikett-lck-ark\/","url":"https:\/\/fleximarkshop-stage.nordlo.it\/produkt\/etikett-lck-ark\/","name":"Etikett LCK, ark 10-pack - FleximarkShop","isPartOf":{"@id":"https:\/\/fleximarkshop-stage.nordlo.it\/#website"},"primaryImageOfPage":{"@id":"https:\/\/fleximarkshop-stage.nordlo.it\/produkt\/etikett-lck-ark\/#primaryimage"},"image":{"@id":"https:\/\/fleximarkshop-stage.nordlo.it\/produkt\/etikett-lck-ark\/#primaryimage"},"thumbnailUrl":"https:\/\/fleximarkshop-stage.nordlo.it\/wp-content\/uploads\/ETIKETTER_LCK.jpg","datePublished":"2016-06-14T08:21:30+00:00","dateModified":"2022-02-14T10:26:50+00:00","description":"Etikett LCK \u00e4r ett enkelt och t\u00e5ligt m\u00e4rksystem, \u00e4ven vid kontakt med olika kemikalier. Levereras p\u00e5 ark f\u00f6r utskrift i kontorslaserskrivare.","breadcrumb":{"@id":"https:\/\/fleximarkshop-stage.nordlo.it\/produkt\/etikett-lck-ark\/#breadcrumb"},"inLanguage":"en-US","potentialAction":[{"@type":"ReadAction","target":["https:\/\/fleximarkshop-stage.nordlo.it\/produkt\/etikett-lck-ark\/"]}]},{"@type":"ImageObject","inLanguage":"en-US","@id":"https:\/\/fleximarkshop-stage.nordlo.it\/produkt\/etikett-lck-ark\/#primaryimage","url":"https:\/\/fleximarkshop-stage.nordlo.it\/wp-content\/uploads\/ETIKETTER_LCK.jpg","contentUrl":"https:\/\/fleximarkshop-stage.nordlo.it\/wp-content\/uploads\/ETIKETTER_LCK.jpg","width":935,"height":869,"caption":"Kabeletikett LCK"},{"@type":"BreadcrumbList","@id":"https:\/\/fleximarkshop-stage.nordlo.it\/produkt\/etikett-lck-ark\/#breadcrumb","itemListElement":[{"@type":"ListItem","position":1,"name":"Hem","item":"https:\/\/fleximarkshop-stage.nordlo.it\/"},{"@type":"ListItem","position":2,"name":"Webbutik","item":"https:\/\/fleximarkshop-stage.nordlo.it\/butik\/"},{"@type":"ListItem","position":3,"name":"Etikett LCK, ark 10-pack"}]},{"@type":"WebSite","@id":"https:\/\/fleximarkshop-stage.nordlo.it\/#website","url":"https:\/\/fleximarkshop-stage.nordlo.it\/","name":"FleximarkShop","description":"M\u00e4rkning &amp; M\u00e4rksystem online","publisher":{"@id":"https:\/\/fleximarkshop-stage.nordlo.it\/#organization"},"potentialAction":[{"@type":"SearchAction","target":{"@type":"EntryPoint","urlTemplate":"https:\/\/fleximarkshop-stage.nordlo.it\/?s={search_term_string}"},"query-input":{"@type":"PropertyValueSpecification","valueRequired":true,"valueName":"search_term_string"}}],"inLanguage":"en-US"},{"@type":"Organization","@id":"https:\/\/fleximarkshop-stage.nordlo.it\/#organization","name":"FleximarkShop","url":"https:\/\/fleximarkshop-stage.nordlo.it\/","logo":{"@type":"ImageObject","inLanguage":"en-US","@id":"https:\/\/fleximarkshop-stage.nordlo.it\/#\/schema\/logo\/image\/","url":"https:\/\/fleximarkshop-stage.nordlo.it\/wp-content\/uploads\/fleximark-logo.png","contentUrl":"https:\/\/fleximarkshop-stage.nordlo.it\/wp-content\/uploads\/fleximark-logo.png","width":600,"height":80,"caption":"FleximarkShop"},"image":{"@id":"https:\/\/fleximarkshop-stage.nordlo.it\/#\/schema\/logo\/image\/"}}]}},"_links":{"self":[{"href":"https:\/\/fleximarkshop-stage.nordlo.it\/en\/wp-json\/wp\/v2\/product\/3881","targetHints":{"allow":["GET"]}}],"collection":[{"href":"https:\/\/fleximarkshop-stage.nordlo.it\/en\/wp-json\/wp\/v2\/product"}],"about":[{"href":"https:\/\/fleximarkshop-stage.nordlo.it\/en\/wp-json\/wp\/v2\/types\/product"}],"wp:featuredmedia":[{"embeddable":true,"href":"https:\/\/fleximarkshop-stage.nordlo.it\/en\/wp-json\/wp\/v2\/media\/3878"}],"wp:attachment":[{"href":"https:\/\/fleximarkshop-stage.nordlo.it\/en\/wp-json\/wp\/v2\/media?parent=3881"}],"wp:term":[{"taxonomy":"product_brand","embeddable":true,"href":"https:\/\/fleximarkshop-stage.nordlo.it\/en\/wp-json\/wp\/v2\/product_brand?post=3881"},{"taxonomy":"product_cat","embeddable":true,"href":"https:\/\/fleximarkshop-stage.nordlo.it\/en\/wp-json\/wp\/v2\/product_cat?post=3881"},{"taxonomy":"product_tag","embeddable":true,"href":"https:\/\/fleximarkshop-stage.nordlo.it\/en\/wp-json\/wp\/v2\/product_tag?post=3881"}],"curies":[{"name":"wp","href":"https:\/\/api.w.org\/{rel}","templated":true}]}}