{"id":391,"date":"2015-06-24T14:35:10","date_gmt":"2015-06-24T14:35:10","guid":{"rendered":"https:\/\/fleximark\/produkt\/micro-kit-ett-system\/"},"modified":"2022-02-10T11:23:35","modified_gmt":"2022-02-10T11:23:35","slug":"micro-kit-ett-system","status":"publish","type":"product","link":"https:\/\/fleximarkshop-stage.nordlo.it\/en\/product\/micro-kit-ett-system\/","title":{"rendered":"Trasp\u2122 Micro-kit"},"content":{"rendered":"<p>Standardsystem f\u00f6r olika applikationer. Skapa egna m\u00e4rken p\u00e5 plats f\u00f6r b\u00e5de kabel, ledning och komponentm\u00e4rkning inom elinstallation.<br \/>\nM\u00f6jlighet f\u00f6r m\u00e4rkning f\u00f6re och efter montering. Transparent skydd p\u00e5 hylsorna skyddar m\u00e4rkningen mot eventuella p\u00e5frestningar. Kitet best\u00e5r av olika tecken (b\u00e5de bokst\u00e4ver och siffror), mest anv\u00e4nda symboler, hylsor f\u00f6r b\u00e5de kabel, part och komponentm\u00e4rkning, verktyg f\u00f6r enkel montering m.m. Alla tillbeh\u00f6r i kitet finns att fylla p\u00e5 allteftersom.<\/p>\n<p><b>Storlek: <\/b>170x210x75mm<\/p>\n<p><b>Inneh\u00e5ll Micro Kit:<br \/>\n<\/b>Teckenremsor siffror 1-9 24 av varje tecken<br \/>\nTeckenremsor A B C E L N R S T V + &#8211; \/ 24 av varje tecken<br \/>\nTeckenremsor blanka 24 av varje f\u00e4rg<br \/>\nTransparent a kabelhylsor 3-4\/15mm 50st<br \/>\nTransparenta kabelhylsor 8-10\/15mm 20st<br \/>\nBuntbandshylsan transparent 23mm 50st<br \/>\nSnap-on hylsor 2-3,5\/15mm 50st<br \/>\nSnap-on hylsor 2,8-5\/15mm 50st<br \/>\nSpark pin 9mm 1,5mm2 r\u00f6d 50st<br \/>\nSpark pin 12mm 2,5mm2 bl\u00e5 20st<br \/>\nSpark pin 12mm 4mm2 gr\u00e5 20st<br \/>\nSj\u00e4lvh\u00e4ftande komponent hylsa 15mm 50st<\/p>","protected":false},"excerpt":{"rendered":"<p>\u2022 Ett system f\u00f6r olika applikationer<br \/>\n\u2022 Effektiv standard m\u00e4rkning f\u00f6r part\/kabelm\u00e4rkning p\u00e5 plats<br \/>\n\u2022 M\u00f6jlighet att byta ut m\u00e4rkning utan att ta bort hylsan<br \/>\n\u2022 M\u00e4rkning f\u00f6r b\u00e5de f\u00f6re och efter montering<\/p>\n<p><a title=\"Trasp micro-kit produktdatablad\" href=\"https:\/\/fleximarkshop-stage.nordlo.it\/wp-content\/uploads\/DB83290100EN_Trasp_micro-kit.pdf\" target=\"_blank\" rel=\"noopener\"><span style=\"color: #ff9900;\"><strong>Product data sheet<\/strong><\/span><\/a><\/p>","protected":false},"featured_media":388,"template":"","meta":{"_acf_changed":false},"product_brand":[],"product_cat":[970,914,964],"product_tag":[],"class_list":{"0":"post-391","1":"product","2":"type-product","3":"status-publish","4":"has-post-thumbnail","6":"product_cat-rostfria-tecken-1","7":"product_cat-profiler-hylsor-tecken","8":"product_cat-trasp-tecken-1","9":"pa_antal-57","10":"pa_forpackningsenhet-369","11":"sales-flash-overlay","12":"woocommerce-text-align-center","13":"woocommerce-image-align-center","14":"do-quantity-buttons","15":"wc-has-gallery","17":"first","18":"onbackorder","19":"taxable","20":"shipping-taxable","21":"product-type-grouped"},"acf":[],"yoast_head":"<!-- This site is optimized with the Yoast SEO plugin v27.4 - https:\/\/yoast.com\/product\/yoast-seo-wordpress\/ -->\n<title>Trasp\u2122 Micro-kit - FleximarkShop<\/title>\n<meta name=\"description\" content=\"Trasp Micro-kit \u00e4r ett standardsystem f\u00f6r olika applikationer. Skapa egna m\u00e4rken p\u00e5 plats f\u00f6r b\u00e5de kabel, ledning och komponent inom elinstallation.\" \/>\n<meta name=\"robots\" content=\"noindex, follow, max-snippet:-1, max-image-preview:large, max-video-preview:-1\" \/>\n<meta property=\"og:locale\" content=\"en_US\" \/>\n<meta property=\"og:type\" content=\"article\" \/>\n<meta property=\"og:title\" content=\"Trasp\u2122 Micro-kit - FleximarkShop\" \/>\n<meta property=\"og:description\" content=\"Trasp Micro-kit \u00e4r ett standardsystem f\u00f6r olika applikationer. Skapa egna m\u00e4rken p\u00e5 plats f\u00f6r b\u00e5de kabel, ledning och komponent inom elinstallation.\" \/>\n<meta property=\"og:url\" content=\"https:\/\/fleximarkshop-stage.nordlo.it\/en\/product\/micro-kit-ett-system\/\" \/>\n<meta property=\"og:site_name\" content=\"FleximarkShop\" \/>\n<meta property=\"article:modified_time\" content=\"2022-02-10T11:23:35+00:00\" \/>\n<meta property=\"og:image\" content=\"https:\/\/fleximarkshop-stage.nordlo.it\/wp-content\/uploads\/MICRO_KIT.jpg\" \/>\n\t<meta property=\"og:image:width\" content=\"976\" \/>\n\t<meta property=\"og:image:height\" content=\"1181\" \/>\n\t<meta property=\"og:image:type\" content=\"image\/jpeg\" \/>\n<meta name=\"twitter:card\" content=\"summary_large_image\" \/>\n<meta name=\"twitter:label1\" content=\"Est. reading time\" \/>\n\t<meta name=\"twitter:data1\" content=\"1 minute\" \/>\n<script type=\"application\/ld+json\" class=\"yoast-schema-graph\">{\"@context\":\"https:\\\/\\\/schema.org\",\"@graph\":[{\"@type\":\"WebPage\",\"@id\":\"https:\\\/\\\/fleximarkshop-stage.nordlo.it\\\/produkt\\\/micro-kit-ett-system\\\/\",\"url\":\"https:\\\/\\\/fleximarkshop-stage.nordlo.it\\\/produkt\\\/micro-kit-ett-system\\\/\",\"name\":\"Trasp\u2122 Micro-kit - FleximarkShop\",\"isPartOf\":{\"@id\":\"https:\\\/\\\/fleximarkshop-stage.nordlo.it\\\/#website\"},\"primaryImageOfPage\":{\"@id\":\"https:\\\/\\\/fleximarkshop-stage.nordlo.it\\\/produkt\\\/micro-kit-ett-system\\\/#primaryimage\"},\"image\":{\"@id\":\"https:\\\/\\\/fleximarkshop-stage.nordlo.it\\\/produkt\\\/micro-kit-ett-system\\\/#primaryimage\"},\"thumbnailUrl\":\"https:\\\/\\\/fleximarkshop-stage.nordlo.it\\\/wp-content\\\/uploads\\\/MICRO_KIT.jpg\",\"datePublished\":\"2015-06-24T14:35:10+00:00\",\"dateModified\":\"2022-02-10T11:23:35+00:00\",\"description\":\"Trasp Micro-kit \u00e4r ett standardsystem f\u00f6r olika applikationer. Skapa egna m\u00e4rken p\u00e5 plats f\u00f6r b\u00e5de kabel, ledning och komponent inom elinstallation.\",\"breadcrumb\":{\"@id\":\"https:\\\/\\\/fleximarkshop-stage.nordlo.it\\\/produkt\\\/micro-kit-ett-system\\\/#breadcrumb\"},\"inLanguage\":\"en-US\",\"potentialAction\":[{\"@type\":\"ReadAction\",\"target\":[\"https:\\\/\\\/fleximarkshop-stage.nordlo.it\\\/produkt\\\/micro-kit-ett-system\\\/\"]}]},{\"@type\":\"ImageObject\",\"inLanguage\":\"en-US\",\"@id\":\"https:\\\/\\\/fleximarkshop-stage.nordlo.it\\\/produkt\\\/micro-kit-ett-system\\\/#primaryimage\",\"url\":\"https:\\\/\\\/fleximarkshop-stage.nordlo.it\\\/wp-content\\\/uploads\\\/MICRO_KIT.jpg\",\"contentUrl\":\"https:\\\/\\\/fleximarkshop-stage.nordlo.it\\\/wp-content\\\/uploads\\\/MICRO_KIT.jpg\",\"width\":976,\"height\":1181,\"caption\":\"Micro kit\"},{\"@type\":\"BreadcrumbList\",\"@id\":\"https:\\\/\\\/fleximarkshop-stage.nordlo.it\\\/produkt\\\/micro-kit-ett-system\\\/#breadcrumb\",\"itemListElement\":[{\"@type\":\"ListItem\",\"position\":1,\"name\":\"Hem\",\"item\":\"https:\\\/\\\/fleximarkshop-stage.nordlo.it\\\/\"},{\"@type\":\"ListItem\",\"position\":2,\"name\":\"Webbutik\",\"item\":\"https:\\\/\\\/fleximarkshop-stage.nordlo.it\\\/butik\\\/\"},{\"@type\":\"ListItem\",\"position\":3,\"name\":\"Trasp\u2122 Micro-kit\"}]},{\"@type\":\"WebSite\",\"@id\":\"https:\\\/\\\/fleximarkshop-stage.nordlo.it\\\/#website\",\"url\":\"https:\\\/\\\/fleximarkshop-stage.nordlo.it\\\/\",\"name\":\"FleximarkShop\",\"description\":\"M\u00e4rkning &amp; M\u00e4rksystem online\",\"publisher\":{\"@id\":\"https:\\\/\\\/fleximarkshop-stage.nordlo.it\\\/#organization\"},\"potentialAction\":[{\"@type\":\"SearchAction\",\"target\":{\"@type\":\"EntryPoint\",\"urlTemplate\":\"https:\\\/\\\/fleximarkshop-stage.nordlo.it\\\/?s={search_term_string}\"},\"query-input\":{\"@type\":\"PropertyValueSpecification\",\"valueRequired\":true,\"valueName\":\"search_term_string\"}}],\"inLanguage\":\"en-US\"},{\"@type\":\"Organization\",\"@id\":\"https:\\\/\\\/fleximarkshop-stage.nordlo.it\\\/#organization\",\"name\":\"FleximarkShop\",\"url\":\"https:\\\/\\\/fleximarkshop-stage.nordlo.it\\\/\",\"logo\":{\"@type\":\"ImageObject\",\"inLanguage\":\"en-US\",\"@id\":\"https:\\\/\\\/fleximarkshop-stage.nordlo.it\\\/#\\\/schema\\\/logo\\\/image\\\/\",\"url\":\"https:\\\/\\\/fleximarkshop-stage.nordlo.it\\\/wp-content\\\/uploads\\\/fleximark-logo.png\",\"contentUrl\":\"https:\\\/\\\/fleximarkshop-stage.nordlo.it\\\/wp-content\\\/uploads\\\/fleximark-logo.png\",\"width\":600,\"height\":80,\"caption\":\"FleximarkShop\"},\"image\":{\"@id\":\"https:\\\/\\\/fleximarkshop-stage.nordlo.it\\\/#\\\/schema\\\/logo\\\/image\\\/\"}}]}<\/script>\n<!-- \/ Yoast SEO plugin. -->","yoast_head_json":{"title":"Trasp\u2122 Micro-kit - FleximarkShop","description":"Trasp Micro-kit \u00e4r ett standardsystem f\u00f6r olika applikationer. Skapa egna m\u00e4rken p\u00e5 plats f\u00f6r b\u00e5de kabel, ledning och komponent inom elinstallation.","robots":{"index":"noindex","follow":"follow","max-snippet":"max-snippet:-1","max-image-preview":"max-image-preview:large","max-video-preview":"max-video-preview:-1"},"og_locale":"en_US","og_type":"article","og_title":"Trasp\u2122 Micro-kit - FleximarkShop","og_description":"Trasp Micro-kit \u00e4r ett standardsystem f\u00f6r olika applikationer. Skapa egna m\u00e4rken p\u00e5 plats f\u00f6r b\u00e5de kabel, ledning och komponent inom elinstallation.","og_url":"https:\/\/fleximarkshop-stage.nordlo.it\/en\/product\/micro-kit-ett-system\/","og_site_name":"FleximarkShop","article_modified_time":"2022-02-10T11:23:35+00:00","og_image":[{"width":976,"height":1181,"url":"https:\/\/fleximarkshop-stage.nordlo.it\/wp-content\/uploads\/MICRO_KIT.jpg","type":"image\/jpeg"}],"twitter_card":"summary_large_image","twitter_misc":{"Est. reading time":"1 minute"},"schema":{"@context":"https:\/\/schema.org","@graph":[{"@type":"WebPage","@id":"https:\/\/fleximarkshop-stage.nordlo.it\/produkt\/micro-kit-ett-system\/","url":"https:\/\/fleximarkshop-stage.nordlo.it\/produkt\/micro-kit-ett-system\/","name":"Trasp\u2122 Micro-kit - FleximarkShop","isPartOf":{"@id":"https:\/\/fleximarkshop-stage.nordlo.it\/#website"},"primaryImageOfPage":{"@id":"https:\/\/fleximarkshop-stage.nordlo.it\/produkt\/micro-kit-ett-system\/#primaryimage"},"image":{"@id":"https:\/\/fleximarkshop-stage.nordlo.it\/produkt\/micro-kit-ett-system\/#primaryimage"},"thumbnailUrl":"https:\/\/fleximarkshop-stage.nordlo.it\/wp-content\/uploads\/MICRO_KIT.jpg","datePublished":"2015-06-24T14:35:10+00:00","dateModified":"2022-02-10T11:23:35+00:00","description":"Trasp Micro-kit \u00e4r ett standardsystem f\u00f6r olika applikationer. Skapa egna m\u00e4rken p\u00e5 plats f\u00f6r b\u00e5de kabel, ledning och komponent inom elinstallation.","breadcrumb":{"@id":"https:\/\/fleximarkshop-stage.nordlo.it\/produkt\/micro-kit-ett-system\/#breadcrumb"},"inLanguage":"en-US","potentialAction":[{"@type":"ReadAction","target":["https:\/\/fleximarkshop-stage.nordlo.it\/produkt\/micro-kit-ett-system\/"]}]},{"@type":"ImageObject","inLanguage":"en-US","@id":"https:\/\/fleximarkshop-stage.nordlo.it\/produkt\/micro-kit-ett-system\/#primaryimage","url":"https:\/\/fleximarkshop-stage.nordlo.it\/wp-content\/uploads\/MICRO_KIT.jpg","contentUrl":"https:\/\/fleximarkshop-stage.nordlo.it\/wp-content\/uploads\/MICRO_KIT.jpg","width":976,"height":1181,"caption":"Micro kit"},{"@type":"BreadcrumbList","@id":"https:\/\/fleximarkshop-stage.nordlo.it\/produkt\/micro-kit-ett-system\/#breadcrumb","itemListElement":[{"@type":"ListItem","position":1,"name":"Hem","item":"https:\/\/fleximarkshop-stage.nordlo.it\/"},{"@type":"ListItem","position":2,"name":"Webbutik","item":"https:\/\/fleximarkshop-stage.nordlo.it\/butik\/"},{"@type":"ListItem","position":3,"name":"Trasp\u2122 Micro-kit"}]},{"@type":"WebSite","@id":"https:\/\/fleximarkshop-stage.nordlo.it\/#website","url":"https:\/\/fleximarkshop-stage.nordlo.it\/","name":"FleximarkShop","description":"M\u00e4rkning &amp; M\u00e4rksystem online","publisher":{"@id":"https:\/\/fleximarkshop-stage.nordlo.it\/#organization"},"potentialAction":[{"@type":"SearchAction","target":{"@type":"EntryPoint","urlTemplate":"https:\/\/fleximarkshop-stage.nordlo.it\/?s={search_term_string}"},"query-input":{"@type":"PropertyValueSpecification","valueRequired":true,"valueName":"search_term_string"}}],"inLanguage":"en-US"},{"@type":"Organization","@id":"https:\/\/fleximarkshop-stage.nordlo.it\/#organization","name":"FleximarkShop","url":"https:\/\/fleximarkshop-stage.nordlo.it\/","logo":{"@type":"ImageObject","inLanguage":"en-US","@id":"https:\/\/fleximarkshop-stage.nordlo.it\/#\/schema\/logo\/image\/","url":"https:\/\/fleximarkshop-stage.nordlo.it\/wp-content\/uploads\/fleximark-logo.png","contentUrl":"https:\/\/fleximarkshop-stage.nordlo.it\/wp-content\/uploads\/fleximark-logo.png","width":600,"height":80,"caption":"FleximarkShop"},"image":{"@id":"https:\/\/fleximarkshop-stage.nordlo.it\/#\/schema\/logo\/image\/"}}]}},"_links":{"self":[{"href":"https:\/\/fleximarkshop-stage.nordlo.it\/en\/wp-json\/wp\/v2\/product\/391","targetHints":{"allow":["GET"]}}],"collection":[{"href":"https:\/\/fleximarkshop-stage.nordlo.it\/en\/wp-json\/wp\/v2\/product"}],"about":[{"href":"https:\/\/fleximarkshop-stage.nordlo.it\/en\/wp-json\/wp\/v2\/types\/product"}],"wp:featuredmedia":[{"embeddable":true,"href":"https:\/\/fleximarkshop-stage.nordlo.it\/en\/wp-json\/wp\/v2\/media\/388"}],"wp:attachment":[{"href":"https:\/\/fleximarkshop-stage.nordlo.it\/en\/wp-json\/wp\/v2\/media?parent=391"}],"wp:term":[{"taxonomy":"product_brand","embeddable":true,"href":"https:\/\/fleximarkshop-stage.nordlo.it\/en\/wp-json\/wp\/v2\/product_brand?post=391"},{"taxonomy":"product_cat","embeddable":true,"href":"https:\/\/fleximarkshop-stage.nordlo.it\/en\/wp-json\/wp\/v2\/product_cat?post=391"},{"taxonomy":"product_tag","embeddable":true,"href":"https:\/\/fleximarkshop-stage.nordlo.it\/en\/wp-json\/wp\/v2\/product_tag?post=391"}],"curies":[{"name":"wp","href":"https:\/\/api.w.org\/{rel}","templated":true}]}}