{"id":3949,"date":"2017-02-08T08:27:20","date_gmt":"2017-02-08T08:27:20","guid":{"rendered":"https:\/\/fleximark\/produkt\/e-printer-fargband-harts\/"},"modified":"2022-02-09T12:20:25","modified_gmt":"2022-02-09T12:20:25","slug":"e-printer-fargband-harts","status":"publish","type":"product","link":"https:\/\/fleximarkshop-stage.nordlo.it\/en\/product\/e-printer-fargband-harts\/","title":{"rendered":"E-printer f\u00e4rgband harts"},"content":{"rendered":"<p>Detta DNP R300 hartsf\u00e4rgband f\u00f6r E-printer \u00e4r extremt h\u00e5llbart och har en omfattande anpassningsf\u00f6rm\u00e5ga. Det t\u00e5l h\u00f6g utskriftshastighet och anv\u00e4nder mindre utskriftsenergi. Hartsf\u00e4rgbandet \u00e4r utformat enligt DNP standard &#8211; det \u00e4r antistatiskt och har st\u00f6dbel\u00e4ggningsegenskaper f\u00f6r att skydda skrivhuvuden och f\u00f6r att f\u00f6rl\u00e4nga skrivhuvudets livsl\u00e4ngd. Precis som alla DNP f\u00e4rgband \u00e4r R300 branchledare inom Edge Definition\u2122 och producerar m\u00f6rka, t\u00e4ta bilder f\u00f6r b\u00e4ttre skanningshastighet.<br \/>\n<b>Material:<\/b> Harts<br \/>\n<b>F\u00e4rg:<\/b> Svart<\/p>","protected":false},"excerpt":{"rendered":"<p>M\u00e5ngsidigt hartsf\u00e4rgband f\u00f6r E-printer.<br \/>\nRekommenderas f\u00f6r utskrift p\u00e5 polypropylene, poyehylene, polyolefin, vinyl och polyester.<br \/>\nExtrem h\u00e5llbarhet, n\u00f6tningsbest\u00e4ndighet och l\u00f6sningsmedelsbest\u00e4ndighet.<br \/>\nUL-godk\u00e4nd och CSA-godk\u00e4nd.<\/p>","protected":false},"featured_media":82,"template":"","meta":{"_acf_changed":false},"product_brand":[],"product_cat":[920,950],"product_tag":[],"class_list":{"0":"post-3949","1":"product","2":"type-product","3":"status-publish","4":"has-post-thumbnail","6":"product_cat-fargband-marktejp","7":"product_cat-fargband-tt-e-printer","8":"pa_langd-110m","9":"pa_nav_item_discount_group-833","10":"pa_skrivare-e_printer","11":"sales-flash-overlay","12":"woocommerce-text-align-center","13":"woocommerce-image-align-center","14":"do-quantity-buttons","15":"wc-has-gallery","17":"first","18":"instock","19":"taxable","20":"shipping-taxable","21":"purchasable","22":"product-type-simple"},"acf":[],"yoast_head":"<!-- This site is optimized with the Yoast SEO plugin v27.4 - https:\/\/yoast.com\/product\/yoast-seo-wordpress\/ -->\n<title>E-printer f\u00e4rgband harts - FleximarkShop<\/title>\n<meta name=\"description\" content=\"Detta DNP R300 hartsf\u00e4rgband f\u00f6r E-printer \u00e4r extremt h\u00e5llbart och har en omfattande anpassningsf\u00f6rm\u00e5ga. Det t\u00e5l h\u00f6g utskriftshastighet.\" \/>\n<meta name=\"robots\" content=\"noindex, follow, max-snippet:-1, max-image-preview:large, max-video-preview:-1\" \/>\n<meta property=\"og:locale\" content=\"en_US\" \/>\n<meta property=\"og:type\" content=\"article\" \/>\n<meta property=\"og:title\" content=\"E-printer f\u00e4rgband harts - FleximarkShop\" \/>\n<meta property=\"og:description\" content=\"Detta DNP R300 hartsf\u00e4rgband f\u00f6r E-printer \u00e4r extremt h\u00e5llbart och har en omfattande anpassningsf\u00f6rm\u00e5ga. Det t\u00e5l h\u00f6g utskriftshastighet.\" \/>\n<meta property=\"og:url\" content=\"https:\/\/fleximarkshop-stage.nordlo.it\/en\/product\/e-printer-fargband-harts\/\" \/>\n<meta property=\"og:site_name\" content=\"FleximarkShop\" \/>\n<meta property=\"article:modified_time\" content=\"2022-02-09T12:20:25+00:00\" \/>\n<meta property=\"og:image\" content=\"https:\/\/fleximarkshop-stage.nordlo.it\/wp-content\/uploads\/83259809.jpg\" \/>\n\t<meta property=\"og:image:width\" content=\"239\" \/>\n\t<meta property=\"og:image:height\" content=\"217\" \/>\n\t<meta property=\"og:image:type\" content=\"image\/jpeg\" \/>\n<meta name=\"twitter:card\" content=\"summary_large_image\" \/>\n<script type=\"application\/ld+json\" class=\"yoast-schema-graph\">{\"@context\":\"https:\\\/\\\/schema.org\",\"@graph\":[{\"@type\":\"WebPage\",\"@id\":\"https:\\\/\\\/fleximarkshop-stage.nordlo.it\\\/produkt\\\/e-printer-fargband-harts\\\/\",\"url\":\"https:\\\/\\\/fleximarkshop-stage.nordlo.it\\\/produkt\\\/e-printer-fargband-harts\\\/\",\"name\":\"E-printer f\u00e4rgband harts - FleximarkShop\",\"isPartOf\":{\"@id\":\"https:\\\/\\\/fleximarkshop-stage.nordlo.it\\\/#website\"},\"primaryImageOfPage\":{\"@id\":\"https:\\\/\\\/fleximarkshop-stage.nordlo.it\\\/produkt\\\/e-printer-fargband-harts\\\/#primaryimage\"},\"image\":{\"@id\":\"https:\\\/\\\/fleximarkshop-stage.nordlo.it\\\/produkt\\\/e-printer-fargband-harts\\\/#primaryimage\"},\"thumbnailUrl\":\"https:\\\/\\\/fleximarkshop-stage.nordlo.it\\\/wp-content\\\/uploads\\\/83259809.jpg\",\"datePublished\":\"2017-02-08T08:27:20+00:00\",\"dateModified\":\"2022-02-09T12:20:25+00:00\",\"description\":\"Detta DNP R300 hartsf\u00e4rgband f\u00f6r E-printer \u00e4r extremt h\u00e5llbart och har en omfattande anpassningsf\u00f6rm\u00e5ga. Det t\u00e5l h\u00f6g utskriftshastighet.\",\"breadcrumb\":{\"@id\":\"https:\\\/\\\/fleximarkshop-stage.nordlo.it\\\/produkt\\\/e-printer-fargband-harts\\\/#breadcrumb\"},\"inLanguage\":\"en-US\",\"potentialAction\":[{\"@type\":\"ReadAction\",\"target\":[\"https:\\\/\\\/fleximarkshop-stage.nordlo.it\\\/produkt\\\/e-printer-fargband-harts\\\/\"]}]},{\"@type\":\"ImageObject\",\"inLanguage\":\"en-US\",\"@id\":\"https:\\\/\\\/fleximarkshop-stage.nordlo.it\\\/produkt\\\/e-printer-fargband-harts\\\/#primaryimage\",\"url\":\"https:\\\/\\\/fleximarkshop-stage.nordlo.it\\\/wp-content\\\/uploads\\\/83259809.jpg\",\"contentUrl\":\"https:\\\/\\\/fleximarkshop-stage.nordlo.it\\\/wp-content\\\/uploads\\\/83259809.jpg\",\"width\":239,\"height\":217,\"caption\":\"F\u00e4rgband TT E-printer\"},{\"@type\":\"BreadcrumbList\",\"@id\":\"https:\\\/\\\/fleximarkshop-stage.nordlo.it\\\/produkt\\\/e-printer-fargband-harts\\\/#breadcrumb\",\"itemListElement\":[{\"@type\":\"ListItem\",\"position\":1,\"name\":\"Hem\",\"item\":\"https:\\\/\\\/fleximarkshop-stage.nordlo.it\\\/\"},{\"@type\":\"ListItem\",\"position\":2,\"name\":\"Webbutik\",\"item\":\"https:\\\/\\\/fleximarkshop-stage.nordlo.it\\\/butik\\\/\"},{\"@type\":\"ListItem\",\"position\":3,\"name\":\"E-printer f\u00e4rgband harts\"}]},{\"@type\":\"WebSite\",\"@id\":\"https:\\\/\\\/fleximarkshop-stage.nordlo.it\\\/#website\",\"url\":\"https:\\\/\\\/fleximarkshop-stage.nordlo.it\\\/\",\"name\":\"FleximarkShop\",\"description\":\"M\u00e4rkning &amp; M\u00e4rksystem online\",\"publisher\":{\"@id\":\"https:\\\/\\\/fleximarkshop-stage.nordlo.it\\\/#organization\"},\"potentialAction\":[{\"@type\":\"SearchAction\",\"target\":{\"@type\":\"EntryPoint\",\"urlTemplate\":\"https:\\\/\\\/fleximarkshop-stage.nordlo.it\\\/?s={search_term_string}\"},\"query-input\":{\"@type\":\"PropertyValueSpecification\",\"valueRequired\":true,\"valueName\":\"search_term_string\"}}],\"inLanguage\":\"en-US\"},{\"@type\":\"Organization\",\"@id\":\"https:\\\/\\\/fleximarkshop-stage.nordlo.it\\\/#organization\",\"name\":\"FleximarkShop\",\"url\":\"https:\\\/\\\/fleximarkshop-stage.nordlo.it\\\/\",\"logo\":{\"@type\":\"ImageObject\",\"inLanguage\":\"en-US\",\"@id\":\"https:\\\/\\\/fleximarkshop-stage.nordlo.it\\\/#\\\/schema\\\/logo\\\/image\\\/\",\"url\":\"https:\\\/\\\/fleximarkshop-stage.nordlo.it\\\/wp-content\\\/uploads\\\/fleximark-logo.png\",\"contentUrl\":\"https:\\\/\\\/fleximarkshop-stage.nordlo.it\\\/wp-content\\\/uploads\\\/fleximark-logo.png\",\"width\":600,\"height\":80,\"caption\":\"FleximarkShop\"},\"image\":{\"@id\":\"https:\\\/\\\/fleximarkshop-stage.nordlo.it\\\/#\\\/schema\\\/logo\\\/image\\\/\"}}]}<\/script>\n<!-- \/ Yoast SEO plugin. -->","yoast_head_json":{"title":"E-printer f\u00e4rgband harts - FleximarkShop","description":"Detta DNP R300 hartsf\u00e4rgband f\u00f6r E-printer \u00e4r extremt h\u00e5llbart och har en omfattande anpassningsf\u00f6rm\u00e5ga. Det t\u00e5l h\u00f6g utskriftshastighet.","robots":{"index":"noindex","follow":"follow","max-snippet":"max-snippet:-1","max-image-preview":"max-image-preview:large","max-video-preview":"max-video-preview:-1"},"og_locale":"en_US","og_type":"article","og_title":"E-printer f\u00e4rgband harts - FleximarkShop","og_description":"Detta DNP R300 hartsf\u00e4rgband f\u00f6r E-printer \u00e4r extremt h\u00e5llbart och har en omfattande anpassningsf\u00f6rm\u00e5ga. Det t\u00e5l h\u00f6g utskriftshastighet.","og_url":"https:\/\/fleximarkshop-stage.nordlo.it\/en\/product\/e-printer-fargband-harts\/","og_site_name":"FleximarkShop","article_modified_time":"2022-02-09T12:20:25+00:00","og_image":[{"width":239,"height":217,"url":"https:\/\/fleximarkshop-stage.nordlo.it\/wp-content\/uploads\/83259809.jpg","type":"image\/jpeg"}],"twitter_card":"summary_large_image","schema":{"@context":"https:\/\/schema.org","@graph":[{"@type":"WebPage","@id":"https:\/\/fleximarkshop-stage.nordlo.it\/produkt\/e-printer-fargband-harts\/","url":"https:\/\/fleximarkshop-stage.nordlo.it\/produkt\/e-printer-fargband-harts\/","name":"E-printer f\u00e4rgband harts - FleximarkShop","isPartOf":{"@id":"https:\/\/fleximarkshop-stage.nordlo.it\/#website"},"primaryImageOfPage":{"@id":"https:\/\/fleximarkshop-stage.nordlo.it\/produkt\/e-printer-fargband-harts\/#primaryimage"},"image":{"@id":"https:\/\/fleximarkshop-stage.nordlo.it\/produkt\/e-printer-fargband-harts\/#primaryimage"},"thumbnailUrl":"https:\/\/fleximarkshop-stage.nordlo.it\/wp-content\/uploads\/83259809.jpg","datePublished":"2017-02-08T08:27:20+00:00","dateModified":"2022-02-09T12:20:25+00:00","description":"Detta DNP R300 hartsf\u00e4rgband f\u00f6r E-printer \u00e4r extremt h\u00e5llbart och har en omfattande anpassningsf\u00f6rm\u00e5ga. Det t\u00e5l h\u00f6g utskriftshastighet.","breadcrumb":{"@id":"https:\/\/fleximarkshop-stage.nordlo.it\/produkt\/e-printer-fargband-harts\/#breadcrumb"},"inLanguage":"en-US","potentialAction":[{"@type":"ReadAction","target":["https:\/\/fleximarkshop-stage.nordlo.it\/produkt\/e-printer-fargband-harts\/"]}]},{"@type":"ImageObject","inLanguage":"en-US","@id":"https:\/\/fleximarkshop-stage.nordlo.it\/produkt\/e-printer-fargband-harts\/#primaryimage","url":"https:\/\/fleximarkshop-stage.nordlo.it\/wp-content\/uploads\/83259809.jpg","contentUrl":"https:\/\/fleximarkshop-stage.nordlo.it\/wp-content\/uploads\/83259809.jpg","width":239,"height":217,"caption":"F\u00e4rgband TT E-printer"},{"@type":"BreadcrumbList","@id":"https:\/\/fleximarkshop-stage.nordlo.it\/produkt\/e-printer-fargband-harts\/#breadcrumb","itemListElement":[{"@type":"ListItem","position":1,"name":"Hem","item":"https:\/\/fleximarkshop-stage.nordlo.it\/"},{"@type":"ListItem","position":2,"name":"Webbutik","item":"https:\/\/fleximarkshop-stage.nordlo.it\/butik\/"},{"@type":"ListItem","position":3,"name":"E-printer f\u00e4rgband harts"}]},{"@type":"WebSite","@id":"https:\/\/fleximarkshop-stage.nordlo.it\/#website","url":"https:\/\/fleximarkshop-stage.nordlo.it\/","name":"FleximarkShop","description":"M\u00e4rkning &amp; M\u00e4rksystem online","publisher":{"@id":"https:\/\/fleximarkshop-stage.nordlo.it\/#organization"},"potentialAction":[{"@type":"SearchAction","target":{"@type":"EntryPoint","urlTemplate":"https:\/\/fleximarkshop-stage.nordlo.it\/?s={search_term_string}"},"query-input":{"@type":"PropertyValueSpecification","valueRequired":true,"valueName":"search_term_string"}}],"inLanguage":"en-US"},{"@type":"Organization","@id":"https:\/\/fleximarkshop-stage.nordlo.it\/#organization","name":"FleximarkShop","url":"https:\/\/fleximarkshop-stage.nordlo.it\/","logo":{"@type":"ImageObject","inLanguage":"en-US","@id":"https:\/\/fleximarkshop-stage.nordlo.it\/#\/schema\/logo\/image\/","url":"https:\/\/fleximarkshop-stage.nordlo.it\/wp-content\/uploads\/fleximark-logo.png","contentUrl":"https:\/\/fleximarkshop-stage.nordlo.it\/wp-content\/uploads\/fleximark-logo.png","width":600,"height":80,"caption":"FleximarkShop"},"image":{"@id":"https:\/\/fleximarkshop-stage.nordlo.it\/#\/schema\/logo\/image\/"}}]}},"_links":{"self":[{"href":"https:\/\/fleximarkshop-stage.nordlo.it\/en\/wp-json\/wp\/v2\/product\/3949","targetHints":{"allow":["GET"]}}],"collection":[{"href":"https:\/\/fleximarkshop-stage.nordlo.it\/en\/wp-json\/wp\/v2\/product"}],"about":[{"href":"https:\/\/fleximarkshop-stage.nordlo.it\/en\/wp-json\/wp\/v2\/types\/product"}],"wp:featuredmedia":[{"embeddable":true,"href":"https:\/\/fleximarkshop-stage.nordlo.it\/en\/wp-json\/wp\/v2\/media\/82"}],"wp:attachment":[{"href":"https:\/\/fleximarkshop-stage.nordlo.it\/en\/wp-json\/wp\/v2\/media?parent=3949"}],"wp:term":[{"taxonomy":"product_brand","embeddable":true,"href":"https:\/\/fleximarkshop-stage.nordlo.it\/en\/wp-json\/wp\/v2\/product_brand?post=3949"},{"taxonomy":"product_cat","embeddable":true,"href":"https:\/\/fleximarkshop-stage.nordlo.it\/en\/wp-json\/wp\/v2\/product_cat?post=3949"},{"taxonomy":"product_tag","embeddable":true,"href":"https:\/\/fleximarkshop-stage.nordlo.it\/en\/wp-json\/wp\/v2\/product_tag?post=3949"}],"curies":[{"name":"wp","href":"https:\/\/api.w.org\/{rel}","templated":true}]}}