{"id":3954,"date":"2017-02-08T12:31:22","date_gmt":"2017-02-08T12:31:22","guid":{"rendered":"https:\/\/fleximark\/produkt\/lmb-30x4-6-mm-gul-vit\/"},"modified":"2022-01-25T12:11:54","modified_gmt":"2022-01-25T12:11:54","slug":"lmb-30x4-6-mm-gul-vit","status":"publish","type":"product","link":"https:\/\/fleximarkshop-stage.nordlo.it\/en\/product\/lmb-30x4-6-mm-gul-vit\/","title":{"rendered":"LMB 30&#215;4.6 mm gul\/vit"},"content":{"rendered":"<p>F\u00f6r kabelidentifiering. Monteras med Fleximarks m\u00e4rkhylsor. Levereras som perforerade ark designade f\u00f6r laserutskrift. UV-best\u00e4ndigt.<\/p>\n<p><strong>Material: <\/strong>Polyester, Halogenfri<br \/>\n<strong>Operating temperature:<\/strong> -40\u00b0 C &#8211; +125\u00b0 C<\/p>","protected":false},"excerpt":{"rendered":"<p>\u2022 Kabel- och ledningsm\u00e4rkning<br \/>\n\u2022 Anv\u00e4nds till industri-, el-, och telekominstallationer inomhus<br \/>\n\u2022 B\u00e5da sidorna \u00e4r skrivbara<br \/>\n\u2022 Levereras som A5 ark<\/p>\n<p><a title=\"LMB produktdatablad\" href=\"https:\/\/fleximarkshop-stage.nordlo.it\/wp-content\/uploads\/DB83254680EN_FLEXIMARK_LMB_1.pdf\" target=\"_blank\" rel=\"noopener\"><span style=\"color: #ff9900;\"><strong><span style=\"color: #ff9900;\">Product data sheet<\/span>\u00a0<\/strong><\/span><\/a><\/p>\n<p><a href=\"https:\/\/youtu.be\/k2Y5Iw_1tXc\" target=\"_blank\" rel=\"noopener\"><span style=\"color: #ff9900;\"><strong>Instructional film<\/strong><\/span><\/a><\/p>\n<p><span style=\"color: #ff9900;\"><a title=\"Etikettmall LMB\" href=\"https:\/\/t3.lappcdn.com\/fileadmin\/DAM\/Fleximark_Sweden\/FLEXIMARK_SOFTWARE\/Templates_FLEXIMARK_SOFTWARE\/LMB_4_6-30.label\"><span style=\"color: #ff9900;\"><strong>Etikettmall<\/strong><\/span><\/a><\/span><\/p>","protected":false},"featured_media":3952,"template":"","meta":{"_acf_changed":false},"product_brand":[],"product_cat":[943,909,903],"product_tag":[],"class_list":{"0":"post-3954","1":"product","2":"type-product","3":"status-publish","4":"has-post-thumbnail","6":"product_cat-ledningsmarkning","7":"product_cat-markning","8":"product_cat-markprodukter","9":"pa_antal-66","10":"pa_filter_ett-laserutskrift","11":"pa_filter_tva-halogenfri","12":"pa_filter_tva-kaldtalig","13":"pa_filter_tva-uv_resistent","14":"pa_filter_tva-varmetalig","15":"pa_forpackningsenhet-369","16":"pa_nav_item_discount_group-835","17":"pa_storlek-641","18":"sales-flash-overlay","19":"woocommerce-text-align-center","20":"woocommerce-image-align-center","21":"do-quantity-buttons","22":"wc-has-gallery","24":"first","25":"instock","26":"taxable","27":"shipping-taxable","28":"purchasable","29":"product-type-simple"},"acf":[],"yoast_head":"<!-- This site is optimized with the Yoast SEO plugin v27.4 - https:\/\/yoast.com\/product\/yoast-seo-wordpress\/ -->\n<title>LMB 30x4.6 mm gul\/vit - FleximarkShop<\/title>\n<meta name=\"description\" content=\"Ledningsm\u00e4rkning f\u00f6r egen utskrift i laserskrivare. Monteras i hylsa.\" \/>\n<meta name=\"robots\" content=\"noindex, follow, max-snippet:-1, max-image-preview:large, max-video-preview:-1\" \/>\n<meta property=\"og:locale\" content=\"en_US\" \/>\n<meta property=\"og:type\" content=\"article\" \/>\n<meta property=\"og:title\" content=\"LMB 30x4.6 mm gul\/vit - FleximarkShop\" \/>\n<meta property=\"og:description\" content=\"Ledningsm\u00e4rkning f\u00f6r egen utskrift i laserskrivare. Monteras i hylsa.\" \/>\n<meta property=\"og:url\" content=\"https:\/\/fleximarkshop-stage.nordlo.it\/en\/product\/lmb-30x4-6-mm-gul-vit\/\" \/>\n<meta property=\"og:site_name\" content=\"FleximarkShop\" \/>\n<meta property=\"article:modified_time\" content=\"2022-01-25T12:11:54+00:00\" \/>\n<meta property=\"og:image\" content=\"https:\/\/fleximarkshop-stage.nordlo.it\/wp-content\/uploads\/83254680_2_1.jpg\" \/>\n\t<meta property=\"og:image:width\" content=\"1058\" \/>\n\t<meta property=\"og:image:height\" content=\"1058\" \/>\n\t<meta property=\"og:image:type\" content=\"image\/jpeg\" \/>\n<meta name=\"twitter:card\" content=\"summary_large_image\" \/>\n<meta name=\"twitter:label1\" content=\"Est. reading time\" \/>\n\t<meta name=\"twitter:data1\" content=\"1 minute\" \/>\n<script type=\"application\/ld+json\" class=\"yoast-schema-graph\">{\"@context\":\"https:\\\/\\\/schema.org\",\"@graph\":[{\"@type\":\"WebPage\",\"@id\":\"https:\\\/\\\/fleximarkshop-stage.nordlo.it\\\/produkt\\\/lmb-30x4-6-mm-gul-vit\\\/\",\"url\":\"https:\\\/\\\/fleximarkshop-stage.nordlo.it\\\/produkt\\\/lmb-30x4-6-mm-gul-vit\\\/\",\"name\":\"LMB 30x4.6 mm gul\\\/vit - FleximarkShop\",\"isPartOf\":{\"@id\":\"https:\\\/\\\/fleximarkshop-stage.nordlo.it\\\/#website\"},\"primaryImageOfPage\":{\"@id\":\"https:\\\/\\\/fleximarkshop-stage.nordlo.it\\\/produkt\\\/lmb-30x4-6-mm-gul-vit\\\/#primaryimage\"},\"image\":{\"@id\":\"https:\\\/\\\/fleximarkshop-stage.nordlo.it\\\/produkt\\\/lmb-30x4-6-mm-gul-vit\\\/#primaryimage\"},\"thumbnailUrl\":\"https:\\\/\\\/fleximarkshop-stage.nordlo.it\\\/wp-content\\\/uploads\\\/83254680_2_1.jpg\",\"datePublished\":\"2017-02-08T12:31:22+00:00\",\"dateModified\":\"2022-01-25T12:11:54+00:00\",\"description\":\"Ledningsm\u00e4rkning f\u00f6r egen utskrift i laserskrivare. Monteras i hylsa.\",\"breadcrumb\":{\"@id\":\"https:\\\/\\\/fleximarkshop-stage.nordlo.it\\\/produkt\\\/lmb-30x4-6-mm-gul-vit\\\/#breadcrumb\"},\"inLanguage\":\"en-US\",\"potentialAction\":[{\"@type\":\"ReadAction\",\"target\":[\"https:\\\/\\\/fleximarkshop-stage.nordlo.it\\\/produkt\\\/lmb-30x4-6-mm-gul-vit\\\/\"]}]},{\"@type\":\"ImageObject\",\"inLanguage\":\"en-US\",\"@id\":\"https:\\\/\\\/fleximarkshop-stage.nordlo.it\\\/produkt\\\/lmb-30x4-6-mm-gul-vit\\\/#primaryimage\",\"url\":\"https:\\\/\\\/fleximarkshop-stage.nordlo.it\\\/wp-content\\\/uploads\\\/83254680_2_1.jpg\",\"contentUrl\":\"https:\\\/\\\/fleximarkshop-stage.nordlo.it\\\/wp-content\\\/uploads\\\/83254680_2_1.jpg\",\"width\":1058,\"height\":1058,\"caption\":\"LMB 30x4.6 mm gul\\\/vit -3615\"},{\"@type\":\"BreadcrumbList\",\"@id\":\"https:\\\/\\\/fleximarkshop-stage.nordlo.it\\\/produkt\\\/lmb-30x4-6-mm-gul-vit\\\/#breadcrumb\",\"itemListElement\":[{\"@type\":\"ListItem\",\"position\":1,\"name\":\"Hem\",\"item\":\"https:\\\/\\\/fleximarkshop-stage.nordlo.it\\\/\"},{\"@type\":\"ListItem\",\"position\":2,\"name\":\"Webbutik\",\"item\":\"https:\\\/\\\/fleximarkshop-stage.nordlo.it\\\/butik\\\/\"},{\"@type\":\"ListItem\",\"position\":3,\"name\":\"LMB 30&#215;4.6 mm gul\\\/vit\"}]},{\"@type\":\"WebSite\",\"@id\":\"https:\\\/\\\/fleximarkshop-stage.nordlo.it\\\/#website\",\"url\":\"https:\\\/\\\/fleximarkshop-stage.nordlo.it\\\/\",\"name\":\"FleximarkShop\",\"description\":\"M\u00e4rkning &amp; M\u00e4rksystem online\",\"publisher\":{\"@id\":\"https:\\\/\\\/fleximarkshop-stage.nordlo.it\\\/#organization\"},\"potentialAction\":[{\"@type\":\"SearchAction\",\"target\":{\"@type\":\"EntryPoint\",\"urlTemplate\":\"https:\\\/\\\/fleximarkshop-stage.nordlo.it\\\/?s={search_term_string}\"},\"query-input\":{\"@type\":\"PropertyValueSpecification\",\"valueRequired\":true,\"valueName\":\"search_term_string\"}}],\"inLanguage\":\"en-US\"},{\"@type\":\"Organization\",\"@id\":\"https:\\\/\\\/fleximarkshop-stage.nordlo.it\\\/#organization\",\"name\":\"FleximarkShop\",\"url\":\"https:\\\/\\\/fleximarkshop-stage.nordlo.it\\\/\",\"logo\":{\"@type\":\"ImageObject\",\"inLanguage\":\"en-US\",\"@id\":\"https:\\\/\\\/fleximarkshop-stage.nordlo.it\\\/#\\\/schema\\\/logo\\\/image\\\/\",\"url\":\"https:\\\/\\\/fleximarkshop-stage.nordlo.it\\\/wp-content\\\/uploads\\\/fleximark-logo.png\",\"contentUrl\":\"https:\\\/\\\/fleximarkshop-stage.nordlo.it\\\/wp-content\\\/uploads\\\/fleximark-logo.png\",\"width\":600,\"height\":80,\"caption\":\"FleximarkShop\"},\"image\":{\"@id\":\"https:\\\/\\\/fleximarkshop-stage.nordlo.it\\\/#\\\/schema\\\/logo\\\/image\\\/\"}}]}<\/script>\n<!-- \/ Yoast SEO plugin. -->","yoast_head_json":{"title":"LMB 30x4.6 mm gul\/vit - FleximarkShop","description":"Ledningsm\u00e4rkning f\u00f6r egen utskrift i laserskrivare. Monteras i hylsa.","robots":{"index":"noindex","follow":"follow","max-snippet":"max-snippet:-1","max-image-preview":"max-image-preview:large","max-video-preview":"max-video-preview:-1"},"og_locale":"en_US","og_type":"article","og_title":"LMB 30x4.6 mm gul\/vit - FleximarkShop","og_description":"Ledningsm\u00e4rkning f\u00f6r egen utskrift i laserskrivare. Monteras i hylsa.","og_url":"https:\/\/fleximarkshop-stage.nordlo.it\/en\/product\/lmb-30x4-6-mm-gul-vit\/","og_site_name":"FleximarkShop","article_modified_time":"2022-01-25T12:11:54+00:00","og_image":[{"width":1058,"height":1058,"url":"https:\/\/fleximarkshop-stage.nordlo.it\/wp-content\/uploads\/83254680_2_1.jpg","type":"image\/jpeg"}],"twitter_card":"summary_large_image","twitter_misc":{"Est. reading time":"1 minute"},"schema":{"@context":"https:\/\/schema.org","@graph":[{"@type":"WebPage","@id":"https:\/\/fleximarkshop-stage.nordlo.it\/produkt\/lmb-30x4-6-mm-gul-vit\/","url":"https:\/\/fleximarkshop-stage.nordlo.it\/produkt\/lmb-30x4-6-mm-gul-vit\/","name":"LMB 30x4.6 mm gul\/vit - FleximarkShop","isPartOf":{"@id":"https:\/\/fleximarkshop-stage.nordlo.it\/#website"},"primaryImageOfPage":{"@id":"https:\/\/fleximarkshop-stage.nordlo.it\/produkt\/lmb-30x4-6-mm-gul-vit\/#primaryimage"},"image":{"@id":"https:\/\/fleximarkshop-stage.nordlo.it\/produkt\/lmb-30x4-6-mm-gul-vit\/#primaryimage"},"thumbnailUrl":"https:\/\/fleximarkshop-stage.nordlo.it\/wp-content\/uploads\/83254680_2_1.jpg","datePublished":"2017-02-08T12:31:22+00:00","dateModified":"2022-01-25T12:11:54+00:00","description":"Ledningsm\u00e4rkning f\u00f6r egen utskrift i laserskrivare. Monteras i hylsa.","breadcrumb":{"@id":"https:\/\/fleximarkshop-stage.nordlo.it\/produkt\/lmb-30x4-6-mm-gul-vit\/#breadcrumb"},"inLanguage":"en-US","potentialAction":[{"@type":"ReadAction","target":["https:\/\/fleximarkshop-stage.nordlo.it\/produkt\/lmb-30x4-6-mm-gul-vit\/"]}]},{"@type":"ImageObject","inLanguage":"en-US","@id":"https:\/\/fleximarkshop-stage.nordlo.it\/produkt\/lmb-30x4-6-mm-gul-vit\/#primaryimage","url":"https:\/\/fleximarkshop-stage.nordlo.it\/wp-content\/uploads\/83254680_2_1.jpg","contentUrl":"https:\/\/fleximarkshop-stage.nordlo.it\/wp-content\/uploads\/83254680_2_1.jpg","width":1058,"height":1058,"caption":"LMB 30x4.6 mm gul\/vit -3615"},{"@type":"BreadcrumbList","@id":"https:\/\/fleximarkshop-stage.nordlo.it\/produkt\/lmb-30x4-6-mm-gul-vit\/#breadcrumb","itemListElement":[{"@type":"ListItem","position":1,"name":"Hem","item":"https:\/\/fleximarkshop-stage.nordlo.it\/"},{"@type":"ListItem","position":2,"name":"Webbutik","item":"https:\/\/fleximarkshop-stage.nordlo.it\/butik\/"},{"@type":"ListItem","position":3,"name":"LMB 30&#215;4.6 mm gul\/vit"}]},{"@type":"WebSite","@id":"https:\/\/fleximarkshop-stage.nordlo.it\/#website","url":"https:\/\/fleximarkshop-stage.nordlo.it\/","name":"FleximarkShop","description":"M\u00e4rkning &amp; M\u00e4rksystem online","publisher":{"@id":"https:\/\/fleximarkshop-stage.nordlo.it\/#organization"},"potentialAction":[{"@type":"SearchAction","target":{"@type":"EntryPoint","urlTemplate":"https:\/\/fleximarkshop-stage.nordlo.it\/?s={search_term_string}"},"query-input":{"@type":"PropertyValueSpecification","valueRequired":true,"valueName":"search_term_string"}}],"inLanguage":"en-US"},{"@type":"Organization","@id":"https:\/\/fleximarkshop-stage.nordlo.it\/#organization","name":"FleximarkShop","url":"https:\/\/fleximarkshop-stage.nordlo.it\/","logo":{"@type":"ImageObject","inLanguage":"en-US","@id":"https:\/\/fleximarkshop-stage.nordlo.it\/#\/schema\/logo\/image\/","url":"https:\/\/fleximarkshop-stage.nordlo.it\/wp-content\/uploads\/fleximark-logo.png","contentUrl":"https:\/\/fleximarkshop-stage.nordlo.it\/wp-content\/uploads\/fleximark-logo.png","width":600,"height":80,"caption":"FleximarkShop"},"image":{"@id":"https:\/\/fleximarkshop-stage.nordlo.it\/#\/schema\/logo\/image\/"}}]}},"_links":{"self":[{"href":"https:\/\/fleximarkshop-stage.nordlo.it\/en\/wp-json\/wp\/v2\/product\/3954","targetHints":{"allow":["GET"]}}],"collection":[{"href":"https:\/\/fleximarkshop-stage.nordlo.it\/en\/wp-json\/wp\/v2\/product"}],"about":[{"href":"https:\/\/fleximarkshop-stage.nordlo.it\/en\/wp-json\/wp\/v2\/types\/product"}],"wp:featuredmedia":[{"embeddable":true,"href":"https:\/\/fleximarkshop-stage.nordlo.it\/en\/wp-json\/wp\/v2\/media\/3952"}],"wp:attachment":[{"href":"https:\/\/fleximarkshop-stage.nordlo.it\/en\/wp-json\/wp\/v2\/media?parent=3954"}],"wp:term":[{"taxonomy":"product_brand","embeddable":true,"href":"https:\/\/fleximarkshop-stage.nordlo.it\/en\/wp-json\/wp\/v2\/product_brand?post=3954"},{"taxonomy":"product_cat","embeddable":true,"href":"https:\/\/fleximarkshop-stage.nordlo.it\/en\/wp-json\/wp\/v2\/product_cat?post=3954"},{"taxonomy":"product_tag","embeddable":true,"href":"https:\/\/fleximarkshop-stage.nordlo.it\/en\/wp-json\/wp\/v2\/product_tag?post=3954"}],"curies":[{"name":"wp","href":"https:\/\/api.w.org\/{rel}","templated":true}]}}