{"id":396,"date":"2015-06-24T14:37:12","date_gmt":"2015-06-24T14:37:12","guid":{"rendered":"https:\/\/fleximark\/produkt\/3mtm-trasptm-micro-kit-ye\/"},"modified":"2022-02-10T10:26:18","modified_gmt":"2022-02-10T10:26:18","slug":"3mtm-trasptm-micro-kit-ye","status":"publish","type":"product","link":"https:\/\/fleximarkshop-stage.nordlo.it\/en\/product\/3mtm-trasptm-micro-kit-ye\/","title":{"rendered":"Trasp\u2122 Micro kit YE"},"content":{"rendered":"<p>Standard system f\u00f6r olika applikationer. Skapa egna m\u00e4rken p\u00e5 plats f\u00f6r b\u00e5de kabel, ledning och komponentm\u00e4rkning inom elinstallation. <br \/>M\u00f6jlighet f\u00f6r m\u00e4rkning f\u00f6re och efter montering. Transparent skydd p\u00e5 hylsorna skyddar m\u00e4rkningen mot eventuell a p\u00e5frestningar. Kitet best\u00e5r av olika tecken (b\u00e5de bokst\u00e4ver och siffror),<br \/> mest anv\u00e4nda symboler, hylsor f\u00f6r b\u00e5de kabel, part och komponentm\u00e4rkning, verktyg f\u00f6r enkel montering m.m.  Alla tillbeh\u00f6r i kitet finns att fylla p\u00e5 allteftersom.<\/p>\n<p><b>Storlek: <\/b>170x210x75mm<\/p>\n<p><b>Inneh\u00e5ll Micro Kit vit:<\/b>Vita teckenremsor siffror 1-9 24 av varje tecken<br \/>Vita teckenremsor A B C E L N R S T V + &#8211; \/ 24 av varje tecken<br \/>Vita och r\u00f6da teckenremsor blanka 24 av varje f\u00e4rg<br \/>Transparent a kabelhylsor 3-4\/15mm 50st<br \/>Transparenta kabelhylsor 8-10\/15mm 20st<br \/>Buntbandshylsan transparent 23mm 50st<br \/>Snap-on hylsor 2-3,5\/15mm 50st<br \/>Snap-on hylsor 2,8-5\/15mm 50st<br \/>Spark pin 9mm 1,5mm2 r\u00f6d 50st<br \/>Spark pin 12mm 2,5mm2 bl\u00e5 20st<br \/> Spark pin 12mm 4mm2 gr\u00e5 20st<br \/>Sj\u00e4lvh\u00e4ftande komponent hylsa 15mm 50st <\/p>","protected":false},"excerpt":{"rendered":"<p> Ett system f\u00f6r olika applikationer<br \/> Effektiv standard m\u00e4rkning f\u00f6r part\/kabelm\u00e4rkning p\u00e5 plats<br \/> M\u00f6jlighet att byta ut m\u00e4rkning utan att ta bort hylsan<br \/> M\u00e4rkning f\u00f6r b\u00e5de f\u00f6re och efter montering <\/p>","protected":false},"featured_media":394,"template":"","meta":{"_acf_changed":false},"product_brand":[],"product_cat":[15],"product_tag":[],"class_list":{"0":"post-396","1":"product","2":"type-product","3":"status-publish","4":"has-post-thumbnail","6":"product_cat-okategoriserad","7":"pa_antal-57","8":"pa_forpackningsenhet-369","9":"pa_nav_item_discount_group-831","10":"sales-flash-overlay","11":"woocommerce-text-align-center","12":"woocommerce-image-align-center","13":"do-quantity-buttons","14":"wc-has-gallery","16":"first","17":"instock","18":"taxable","19":"shipping-taxable","20":"purchasable","21":"product-type-simple"},"acf":[],"yoast_head":"<!-- This site is optimized with the Yoast SEO plugin v27.4 - https:\/\/yoast.com\/product\/yoast-seo-wordpress\/ -->\n<title>Trasp\u2122 Micro kit YE - FleximarkShop<\/title>\n<meta name=\"robots\" content=\"noindex, follow, max-snippet:-1, max-image-preview:large, max-video-preview:-1\" \/>\n<meta property=\"og:locale\" content=\"en_US\" \/>\n<meta property=\"og:type\" content=\"article\" \/>\n<meta property=\"og:title\" content=\"Trasp\u2122 Micro kit YE - FleximarkShop\" \/>\n<meta property=\"og:description\" content=\"Ett system f\u00f6r olika applikationer Effektiv standard m\u00e4rkning f\u00f6r part\/kabelm\u00e4rkning p\u00e5 plats M\u00f6jlighet att byta ut m\u00e4rkning utan att ta bort hylsan M\u00e4rkning f\u00f6r b\u00e5de f\u00f6re och efter montering\" \/>\n<meta property=\"og:url\" content=\"https:\/\/fleximarkshop-stage.nordlo.it\/en\/product\/3mtm-trasptm-micro-kit-ye\/\" \/>\n<meta property=\"og:site_name\" content=\"FleximarkShop\" \/>\n<meta property=\"article:modified_time\" content=\"2022-02-10T10:26:18+00:00\" \/>\n<meta property=\"og:image\" content=\"https:\/\/fleximarkshop-stage.nordlo.it\/wp-content\/uploads\/83290101.jpg\" \/>\n\t<meta property=\"og:image:width\" content=\"976\" \/>\n\t<meta property=\"og:image:height\" content=\"1181\" \/>\n\t<meta property=\"og:image:type\" content=\"image\/jpeg\" \/>\n<meta name=\"twitter:card\" content=\"summary_large_image\" \/>\n<meta name=\"twitter:label1\" content=\"Est. reading time\" \/>\n\t<meta name=\"twitter:data1\" content=\"1 minute\" \/>\n<script type=\"application\/ld+json\" class=\"yoast-schema-graph\">{\"@context\":\"https:\\\/\\\/schema.org\",\"@graph\":[{\"@type\":\"WebPage\",\"@id\":\"https:\\\/\\\/fleximarkshop-stage.nordlo.it\\\/produkt\\\/3mtm-trasptm-micro-kit-ye\\\/\",\"url\":\"https:\\\/\\\/fleximarkshop-stage.nordlo.it\\\/produkt\\\/3mtm-trasptm-micro-kit-ye\\\/\",\"name\":\"Trasp\u2122 Micro kit YE - FleximarkShop\",\"isPartOf\":{\"@id\":\"https:\\\/\\\/fleximarkshop-stage.nordlo.it\\\/#website\"},\"primaryImageOfPage\":{\"@id\":\"https:\\\/\\\/fleximarkshop-stage.nordlo.it\\\/produkt\\\/3mtm-trasptm-micro-kit-ye\\\/#primaryimage\"},\"image\":{\"@id\":\"https:\\\/\\\/fleximarkshop-stage.nordlo.it\\\/produkt\\\/3mtm-trasptm-micro-kit-ye\\\/#primaryimage\"},\"thumbnailUrl\":\"https:\\\/\\\/fleximarkshop-stage.nordlo.it\\\/wp-content\\\/uploads\\\/83290101.jpg\",\"datePublished\":\"2015-06-24T14:37:12+00:00\",\"dateModified\":\"2022-02-10T10:26:18+00:00\",\"breadcrumb\":{\"@id\":\"https:\\\/\\\/fleximarkshop-stage.nordlo.it\\\/produkt\\\/3mtm-trasptm-micro-kit-ye\\\/#breadcrumb\"},\"inLanguage\":\"en-US\",\"potentialAction\":[{\"@type\":\"ReadAction\",\"target\":[\"https:\\\/\\\/fleximarkshop-stage.nordlo.it\\\/produkt\\\/3mtm-trasptm-micro-kit-ye\\\/\"]}]},{\"@type\":\"ImageObject\",\"inLanguage\":\"en-US\",\"@id\":\"https:\\\/\\\/fleximarkshop-stage.nordlo.it\\\/produkt\\\/3mtm-trasptm-micro-kit-ye\\\/#primaryimage\",\"url\":\"https:\\\/\\\/fleximarkshop-stage.nordlo.it\\\/wp-content\\\/uploads\\\/83290101.jpg\",\"contentUrl\":\"https:\\\/\\\/fleximarkshop-stage.nordlo.it\\\/wp-content\\\/uploads\\\/83290101.jpg\",\"width\":976,\"height\":1181,\"caption\":\"Micro kit gul\"},{\"@type\":\"BreadcrumbList\",\"@id\":\"https:\\\/\\\/fleximarkshop-stage.nordlo.it\\\/produkt\\\/3mtm-trasptm-micro-kit-ye\\\/#breadcrumb\",\"itemListElement\":[{\"@type\":\"ListItem\",\"position\":1,\"name\":\"Hem\",\"item\":\"https:\\\/\\\/fleximarkshop-stage.nordlo.it\\\/\"},{\"@type\":\"ListItem\",\"position\":2,\"name\":\"Webbutik\",\"item\":\"https:\\\/\\\/fleximarkshop-stage.nordlo.it\\\/butik\\\/\"},{\"@type\":\"ListItem\",\"position\":3,\"name\":\"Trasp\u2122 Micro kit YE\"}]},{\"@type\":\"WebSite\",\"@id\":\"https:\\\/\\\/fleximarkshop-stage.nordlo.it\\\/#website\",\"url\":\"https:\\\/\\\/fleximarkshop-stage.nordlo.it\\\/\",\"name\":\"FleximarkShop\",\"description\":\"M\u00e4rkning &amp; M\u00e4rksystem online\",\"publisher\":{\"@id\":\"https:\\\/\\\/fleximarkshop-stage.nordlo.it\\\/#organization\"},\"potentialAction\":[{\"@type\":\"SearchAction\",\"target\":{\"@type\":\"EntryPoint\",\"urlTemplate\":\"https:\\\/\\\/fleximarkshop-stage.nordlo.it\\\/?s={search_term_string}\"},\"query-input\":{\"@type\":\"PropertyValueSpecification\",\"valueRequired\":true,\"valueName\":\"search_term_string\"}}],\"inLanguage\":\"en-US\"},{\"@type\":\"Organization\",\"@id\":\"https:\\\/\\\/fleximarkshop-stage.nordlo.it\\\/#organization\",\"name\":\"FleximarkShop\",\"url\":\"https:\\\/\\\/fleximarkshop-stage.nordlo.it\\\/\",\"logo\":{\"@type\":\"ImageObject\",\"inLanguage\":\"en-US\",\"@id\":\"https:\\\/\\\/fleximarkshop-stage.nordlo.it\\\/#\\\/schema\\\/logo\\\/image\\\/\",\"url\":\"https:\\\/\\\/fleximarkshop-stage.nordlo.it\\\/wp-content\\\/uploads\\\/fleximark-logo.png\",\"contentUrl\":\"https:\\\/\\\/fleximarkshop-stage.nordlo.it\\\/wp-content\\\/uploads\\\/fleximark-logo.png\",\"width\":600,\"height\":80,\"caption\":\"FleximarkShop\"},\"image\":{\"@id\":\"https:\\\/\\\/fleximarkshop-stage.nordlo.it\\\/#\\\/schema\\\/logo\\\/image\\\/\"}}]}<\/script>\n<!-- \/ Yoast SEO plugin. -->","yoast_head_json":{"title":"Trasp\u2122 Micro kit YE - FleximarkShop","robots":{"index":"noindex","follow":"follow","max-snippet":"max-snippet:-1","max-image-preview":"max-image-preview:large","max-video-preview":"max-video-preview:-1"},"og_locale":"en_US","og_type":"article","og_title":"Trasp\u2122 Micro kit YE - FleximarkShop","og_description":"Ett system f\u00f6r olika applikationer Effektiv standard m\u00e4rkning f\u00f6r part\/kabelm\u00e4rkning p\u00e5 plats M\u00f6jlighet att byta ut m\u00e4rkning utan att ta bort hylsan M\u00e4rkning f\u00f6r b\u00e5de f\u00f6re och efter montering","og_url":"https:\/\/fleximarkshop-stage.nordlo.it\/en\/product\/3mtm-trasptm-micro-kit-ye\/","og_site_name":"FleximarkShop","article_modified_time":"2022-02-10T10:26:18+00:00","og_image":[{"width":976,"height":1181,"url":"https:\/\/fleximarkshop-stage.nordlo.it\/wp-content\/uploads\/83290101.jpg","type":"image\/jpeg"}],"twitter_card":"summary_large_image","twitter_misc":{"Est. reading time":"1 minute"},"schema":{"@context":"https:\/\/schema.org","@graph":[{"@type":"WebPage","@id":"https:\/\/fleximarkshop-stage.nordlo.it\/produkt\/3mtm-trasptm-micro-kit-ye\/","url":"https:\/\/fleximarkshop-stage.nordlo.it\/produkt\/3mtm-trasptm-micro-kit-ye\/","name":"Trasp\u2122 Micro kit YE - FleximarkShop","isPartOf":{"@id":"https:\/\/fleximarkshop-stage.nordlo.it\/#website"},"primaryImageOfPage":{"@id":"https:\/\/fleximarkshop-stage.nordlo.it\/produkt\/3mtm-trasptm-micro-kit-ye\/#primaryimage"},"image":{"@id":"https:\/\/fleximarkshop-stage.nordlo.it\/produkt\/3mtm-trasptm-micro-kit-ye\/#primaryimage"},"thumbnailUrl":"https:\/\/fleximarkshop-stage.nordlo.it\/wp-content\/uploads\/83290101.jpg","datePublished":"2015-06-24T14:37:12+00:00","dateModified":"2022-02-10T10:26:18+00:00","breadcrumb":{"@id":"https:\/\/fleximarkshop-stage.nordlo.it\/produkt\/3mtm-trasptm-micro-kit-ye\/#breadcrumb"},"inLanguage":"en-US","potentialAction":[{"@type":"ReadAction","target":["https:\/\/fleximarkshop-stage.nordlo.it\/produkt\/3mtm-trasptm-micro-kit-ye\/"]}]},{"@type":"ImageObject","inLanguage":"en-US","@id":"https:\/\/fleximarkshop-stage.nordlo.it\/produkt\/3mtm-trasptm-micro-kit-ye\/#primaryimage","url":"https:\/\/fleximarkshop-stage.nordlo.it\/wp-content\/uploads\/83290101.jpg","contentUrl":"https:\/\/fleximarkshop-stage.nordlo.it\/wp-content\/uploads\/83290101.jpg","width":976,"height":1181,"caption":"Micro kit gul"},{"@type":"BreadcrumbList","@id":"https:\/\/fleximarkshop-stage.nordlo.it\/produkt\/3mtm-trasptm-micro-kit-ye\/#breadcrumb","itemListElement":[{"@type":"ListItem","position":1,"name":"Hem","item":"https:\/\/fleximarkshop-stage.nordlo.it\/"},{"@type":"ListItem","position":2,"name":"Webbutik","item":"https:\/\/fleximarkshop-stage.nordlo.it\/butik\/"},{"@type":"ListItem","position":3,"name":"Trasp\u2122 Micro kit YE"}]},{"@type":"WebSite","@id":"https:\/\/fleximarkshop-stage.nordlo.it\/#website","url":"https:\/\/fleximarkshop-stage.nordlo.it\/","name":"FleximarkShop","description":"M\u00e4rkning &amp; M\u00e4rksystem online","publisher":{"@id":"https:\/\/fleximarkshop-stage.nordlo.it\/#organization"},"potentialAction":[{"@type":"SearchAction","target":{"@type":"EntryPoint","urlTemplate":"https:\/\/fleximarkshop-stage.nordlo.it\/?s={search_term_string}"},"query-input":{"@type":"PropertyValueSpecification","valueRequired":true,"valueName":"search_term_string"}}],"inLanguage":"en-US"},{"@type":"Organization","@id":"https:\/\/fleximarkshop-stage.nordlo.it\/#organization","name":"FleximarkShop","url":"https:\/\/fleximarkshop-stage.nordlo.it\/","logo":{"@type":"ImageObject","inLanguage":"en-US","@id":"https:\/\/fleximarkshop-stage.nordlo.it\/#\/schema\/logo\/image\/","url":"https:\/\/fleximarkshop-stage.nordlo.it\/wp-content\/uploads\/fleximark-logo.png","contentUrl":"https:\/\/fleximarkshop-stage.nordlo.it\/wp-content\/uploads\/fleximark-logo.png","width":600,"height":80,"caption":"FleximarkShop"},"image":{"@id":"https:\/\/fleximarkshop-stage.nordlo.it\/#\/schema\/logo\/image\/"}}]}},"_links":{"self":[{"href":"https:\/\/fleximarkshop-stage.nordlo.it\/en\/wp-json\/wp\/v2\/product\/396","targetHints":{"allow":["GET"]}}],"collection":[{"href":"https:\/\/fleximarkshop-stage.nordlo.it\/en\/wp-json\/wp\/v2\/product"}],"about":[{"href":"https:\/\/fleximarkshop-stage.nordlo.it\/en\/wp-json\/wp\/v2\/types\/product"}],"wp:featuredmedia":[{"embeddable":true,"href":"https:\/\/fleximarkshop-stage.nordlo.it\/en\/wp-json\/wp\/v2\/media\/394"}],"wp:attachment":[{"href":"https:\/\/fleximarkshop-stage.nordlo.it\/en\/wp-json\/wp\/v2\/media?parent=396"}],"wp:term":[{"taxonomy":"product_brand","embeddable":true,"href":"https:\/\/fleximarkshop-stage.nordlo.it\/en\/wp-json\/wp\/v2\/product_brand?post=396"},{"taxonomy":"product_cat","embeddable":true,"href":"https:\/\/fleximarkshop-stage.nordlo.it\/en\/wp-json\/wp\/v2\/product_cat?post=396"},{"taxonomy":"product_tag","embeddable":true,"href":"https:\/\/fleximarkshop-stage.nordlo.it\/en\/wp-json\/wp\/v2\/product_tag?post=396"}],"curies":[{"name":"wp","href":"https:\/\/api.w.org\/{rel}","templated":true}]}}