{"id":4034,"date":"2018-12-19T15:15:37","date_gmt":"2018-12-19T15:15:37","guid":{"rendered":"https:\/\/fleximark\/produkt\/smc-kabelmarke-0-15-tecken\/"},"modified":"2022-03-28T08:49:31","modified_gmt":"2022-03-28T08:49:31","slug":"smc-kabelmarke-0-15-tecken","status":"publish","type":"product","link":"https:\/\/fleximarkshop-stage.nordlo.it\/en\/product\/smc-kabelmarke-0-15-tecken\/","title":{"rendered":"SMC kabelm\u00e4rke 0-15 tecken"},"content":{"rendered":"<p>F\u00e4rdigskriven m\u00e4rkning med kundanpassad text f\u00f6r ledare, kabel, r\u00f6r, komponenter och andra applikationsomr\u00e5den<br \/>\nLevereras pr\u00e4glade enligt best\u00e4llning utan buntband. Rostfritt syrafast st\u00e5l SIS SS2348 (AISI-316).<\/p>\n<p><b>Material m\u00e4rkning &amp; st\u00e5lband: <\/b> Rostfritt syrafast st\u00e5l SIS SS2348 (AISI-316).<br \/>\n<b>Skylth\u00f6jd: <\/b> En rad 9,9 mm, Tv\u00e5 rader 13,9 mm<br \/>\n<b>Teckenstorlek: <\/b>4,2 mm<br \/>\n<b>Tillg\u00e4ngliga tecken:<\/b>A-\u00d6 \u00dc \u00c6 0-9 ~+-\/.:,X<br \/>\n<b>Operating temperature: <\/b> &lt;-80\u00b0C till 500\u00b0C (St\u00e5lbuntband -80\u00b0C till +539\u00b0C)<\/p>","protected":false},"excerpt":{"rendered":"<p>Industriellt system f\u00f6r m\u00e4rkning av kablar, r\u00f6r och utrustningar<br \/>\nUsed in demanding and aggressive environments.<br \/>\nLevereras som f\u00e4rdiga skyltar utan buntband<\/p>","protected":false},"featured_media":4030,"template":"","meta":{"_acf_changed":false},"product_brand":[],"product_cat":[915,910,934],"product_tag":[],"class_list":{"0":"post-4034","1":"product","2":"type-product","3":"status-publish","4":"has-post-thumbnail","6":"product_cat-telia-english","7":"product_cat-telia","8":"product_cat-telia-markning-antennsystem-sv","9":"pa_antal-57","10":"pa_filter_ett-kundanpassning","11":"pa_filter_tva-halogenfri","12":"pa_filter_tva-kemikalieresistent","13":"pa_filter_tva-kaldtalig","14":"pa_filter_tva-oljeresistent","15":"pa_filter_tva-syraresistent","16":"pa_filter_tva-uv_resistent","17":"pa_filter_tva-varmetalig","18":"pa_forpackningsenhet-369","19":"pa_nav_item_discount_group-809","20":"sales-flash-overlay","21":"woocommerce-text-align-center","22":"woocommerce-image-align-center","23":"do-quantity-buttons","24":"wc-has-gallery","26":"first","27":"onbackorder","28":"taxable","29":"shipping-taxable","30":"purchasable","31":"product-type-simple"},"acf":[],"yoast_head":"<!-- This site is optimized with the Yoast SEO plugin v27.3 - https:\/\/yoast.com\/product\/yoast-seo-wordpress\/ -->\n<title>SMC kabelm\u00e4rke 0-15 tecken - FleximarkShop<\/title>\n<meta name=\"robots\" content=\"noindex, follow, max-snippet:-1, max-image-preview:large, max-video-preview:-1\" \/>\n<meta property=\"og:locale\" content=\"en_US\" \/>\n<meta property=\"og:type\" content=\"article\" \/>\n<meta property=\"og:title\" content=\"SMC kabelm\u00e4rke 0-15 tecken - FleximarkShop\" \/>\n<meta property=\"og:description\" content=\"Industriellt system f\u00f6r m\u00e4rkning av kablar, r\u00f6r och utrustningar Anv\u00e4nds i kr\u00e4vande och aggressiva milj\u00f6er. Levereras som f\u00e4rdiga skyltar utan buntband\" \/>\n<meta property=\"og:url\" content=\"https:\/\/fleximarkshop-stage.nordlo.it\/en\/product\/smc-kabelmarke-0-15-tecken\/\" \/>\n<meta property=\"og:site_name\" content=\"FleximarkShop\" \/>\n<meta property=\"article:modified_time\" content=\"2022-03-28T08:49:31+00:00\" \/>\n<meta property=\"og:image\" content=\"https:\/\/fleximarkshop-stage.nordlo.it\/wp-content\/uploads\/83251402_3.jpg\" \/>\n\t<meta property=\"og:image:width\" content=\"1048\" \/>\n\t<meta property=\"og:image:height\" content=\"1048\" \/>\n\t<meta property=\"og:image:type\" content=\"image\/jpeg\" \/>\n<meta name=\"twitter:card\" content=\"summary_large_image\" \/>\n<script type=\"application\/ld+json\" class=\"yoast-schema-graph\">{\"@context\":\"https:\\\/\\\/schema.org\",\"@graph\":[{\"@type\":\"WebPage\",\"@id\":\"https:\\\/\\\/fleximarkshop-stage.nordlo.it\\\/produkt\\\/smc-kabelmarke-0-15-tecken\\\/\",\"url\":\"https:\\\/\\\/fleximarkshop-stage.nordlo.it\\\/produkt\\\/smc-kabelmarke-0-15-tecken\\\/\",\"name\":\"SMC kabelm\u00e4rke 0-15 tecken - FleximarkShop\",\"isPartOf\":{\"@id\":\"https:\\\/\\\/fleximarkshop-stage.nordlo.it\\\/#website\"},\"primaryImageOfPage\":{\"@id\":\"https:\\\/\\\/fleximarkshop-stage.nordlo.it\\\/produkt\\\/smc-kabelmarke-0-15-tecken\\\/#primaryimage\"},\"image\":{\"@id\":\"https:\\\/\\\/fleximarkshop-stage.nordlo.it\\\/produkt\\\/smc-kabelmarke-0-15-tecken\\\/#primaryimage\"},\"thumbnailUrl\":\"https:\\\/\\\/fleximarkshop-stage.nordlo.it\\\/wp-content\\\/uploads\\\/83251402_3.jpg\",\"datePublished\":\"2018-12-19T15:15:37+00:00\",\"dateModified\":\"2022-03-28T08:49:31+00:00\",\"breadcrumb\":{\"@id\":\"https:\\\/\\\/fleximarkshop-stage.nordlo.it\\\/produkt\\\/smc-kabelmarke-0-15-tecken\\\/#breadcrumb\"},\"inLanguage\":\"en-US\",\"potentialAction\":[{\"@type\":\"ReadAction\",\"target\":[\"https:\\\/\\\/fleximarkshop-stage.nordlo.it\\\/produkt\\\/smc-kabelmarke-0-15-tecken\\\/\"]}]},{\"@type\":\"ImageObject\",\"inLanguage\":\"en-US\",\"@id\":\"https:\\\/\\\/fleximarkshop-stage.nordlo.it\\\/produkt\\\/smc-kabelmarke-0-15-tecken\\\/#primaryimage\",\"url\":\"https:\\\/\\\/fleximarkshop-stage.nordlo.it\\\/wp-content\\\/uploads\\\/83251402_3.jpg\",\"contentUrl\":\"https:\\\/\\\/fleximarkshop-stage.nordlo.it\\\/wp-content\\\/uploads\\\/83251402_3.jpg\",\"width\":1048,\"height\":1048,\"caption\":\"Kabelm\u00e4rke SMC 0_15\"},{\"@type\":\"BreadcrumbList\",\"@id\":\"https:\\\/\\\/fleximarkshop-stage.nordlo.it\\\/produkt\\\/smc-kabelmarke-0-15-tecken\\\/#breadcrumb\",\"itemListElement\":[{\"@type\":\"ListItem\",\"position\":1,\"name\":\"Hem\",\"item\":\"https:\\\/\\\/fleximarkshop-stage.nordlo.it\\\/\"},{\"@type\":\"ListItem\",\"position\":2,\"name\":\"Webbutik\",\"item\":\"https:\\\/\\\/fleximarkshop-stage.nordlo.it\\\/butik\\\/\"},{\"@type\":\"ListItem\",\"position\":3,\"name\":\"SMC kabelm\u00e4rke 0-15 tecken\"}]},{\"@type\":\"WebSite\",\"@id\":\"https:\\\/\\\/fleximarkshop-stage.nordlo.it\\\/#website\",\"url\":\"https:\\\/\\\/fleximarkshop-stage.nordlo.it\\\/\",\"name\":\"FleximarkShop\",\"description\":\"M\u00e4rkning &amp; M\u00e4rksystem online\",\"publisher\":{\"@id\":\"https:\\\/\\\/fleximarkshop-stage.nordlo.it\\\/#organization\"},\"potentialAction\":[{\"@type\":\"SearchAction\",\"target\":{\"@type\":\"EntryPoint\",\"urlTemplate\":\"https:\\\/\\\/fleximarkshop-stage.nordlo.it\\\/?s={search_term_string}\"},\"query-input\":{\"@type\":\"PropertyValueSpecification\",\"valueRequired\":true,\"valueName\":\"search_term_string\"}}],\"inLanguage\":\"en-US\"},{\"@type\":\"Organization\",\"@id\":\"https:\\\/\\\/fleximarkshop-stage.nordlo.it\\\/#organization\",\"name\":\"FleximarkShop\",\"url\":\"https:\\\/\\\/fleximarkshop-stage.nordlo.it\\\/\",\"logo\":{\"@type\":\"ImageObject\",\"inLanguage\":\"en-US\",\"@id\":\"https:\\\/\\\/fleximarkshop-stage.nordlo.it\\\/#\\\/schema\\\/logo\\\/image\\\/\",\"url\":\"https:\\\/\\\/fleximarkshop-stage.nordlo.it\\\/wp-content\\\/uploads\\\/fleximark-logo.png\",\"contentUrl\":\"https:\\\/\\\/fleximarkshop-stage.nordlo.it\\\/wp-content\\\/uploads\\\/fleximark-logo.png\",\"width\":600,\"height\":80,\"caption\":\"FleximarkShop\"},\"image\":{\"@id\":\"https:\\\/\\\/fleximarkshop-stage.nordlo.it\\\/#\\\/schema\\\/logo\\\/image\\\/\"}}]}<\/script>\n<!-- \/ Yoast SEO plugin. -->","yoast_head_json":{"title":"SMC kabelm\u00e4rke 0-15 tecken - FleximarkShop","robots":{"index":"noindex","follow":"follow","max-snippet":"max-snippet:-1","max-image-preview":"max-image-preview:large","max-video-preview":"max-video-preview:-1"},"og_locale":"en_US","og_type":"article","og_title":"SMC kabelm\u00e4rke 0-15 tecken - FleximarkShop","og_description":"Industriellt system f\u00f6r m\u00e4rkning av kablar, r\u00f6r och utrustningar Anv\u00e4nds i kr\u00e4vande och aggressiva milj\u00f6er. Levereras som f\u00e4rdiga skyltar utan buntband","og_url":"https:\/\/fleximarkshop-stage.nordlo.it\/en\/product\/smc-kabelmarke-0-15-tecken\/","og_site_name":"FleximarkShop","article_modified_time":"2022-03-28T08:49:31+00:00","og_image":[{"width":1048,"height":1048,"url":"https:\/\/fleximarkshop-stage.nordlo.it\/wp-content\/uploads\/83251402_3.jpg","type":"image\/jpeg"}],"twitter_card":"summary_large_image","schema":{"@context":"https:\/\/schema.org","@graph":[{"@type":"WebPage","@id":"https:\/\/fleximarkshop-stage.nordlo.it\/produkt\/smc-kabelmarke-0-15-tecken\/","url":"https:\/\/fleximarkshop-stage.nordlo.it\/produkt\/smc-kabelmarke-0-15-tecken\/","name":"SMC kabelm\u00e4rke 0-15 tecken - FleximarkShop","isPartOf":{"@id":"https:\/\/fleximarkshop-stage.nordlo.it\/#website"},"primaryImageOfPage":{"@id":"https:\/\/fleximarkshop-stage.nordlo.it\/produkt\/smc-kabelmarke-0-15-tecken\/#primaryimage"},"image":{"@id":"https:\/\/fleximarkshop-stage.nordlo.it\/produkt\/smc-kabelmarke-0-15-tecken\/#primaryimage"},"thumbnailUrl":"https:\/\/fleximarkshop-stage.nordlo.it\/wp-content\/uploads\/83251402_3.jpg","datePublished":"2018-12-19T15:15:37+00:00","dateModified":"2022-03-28T08:49:31+00:00","breadcrumb":{"@id":"https:\/\/fleximarkshop-stage.nordlo.it\/produkt\/smc-kabelmarke-0-15-tecken\/#breadcrumb"},"inLanguage":"en-US","potentialAction":[{"@type":"ReadAction","target":["https:\/\/fleximarkshop-stage.nordlo.it\/produkt\/smc-kabelmarke-0-15-tecken\/"]}]},{"@type":"ImageObject","inLanguage":"en-US","@id":"https:\/\/fleximarkshop-stage.nordlo.it\/produkt\/smc-kabelmarke-0-15-tecken\/#primaryimage","url":"https:\/\/fleximarkshop-stage.nordlo.it\/wp-content\/uploads\/83251402_3.jpg","contentUrl":"https:\/\/fleximarkshop-stage.nordlo.it\/wp-content\/uploads\/83251402_3.jpg","width":1048,"height":1048,"caption":"Kabelm\u00e4rke SMC 0_15"},{"@type":"BreadcrumbList","@id":"https:\/\/fleximarkshop-stage.nordlo.it\/produkt\/smc-kabelmarke-0-15-tecken\/#breadcrumb","itemListElement":[{"@type":"ListItem","position":1,"name":"Hem","item":"https:\/\/fleximarkshop-stage.nordlo.it\/"},{"@type":"ListItem","position":2,"name":"Webbutik","item":"https:\/\/fleximarkshop-stage.nordlo.it\/butik\/"},{"@type":"ListItem","position":3,"name":"SMC kabelm\u00e4rke 0-15 tecken"}]},{"@type":"WebSite","@id":"https:\/\/fleximarkshop-stage.nordlo.it\/#website","url":"https:\/\/fleximarkshop-stage.nordlo.it\/","name":"FleximarkShop","description":"M\u00e4rkning &amp; M\u00e4rksystem online","publisher":{"@id":"https:\/\/fleximarkshop-stage.nordlo.it\/#organization"},"potentialAction":[{"@type":"SearchAction","target":{"@type":"EntryPoint","urlTemplate":"https:\/\/fleximarkshop-stage.nordlo.it\/?s={search_term_string}"},"query-input":{"@type":"PropertyValueSpecification","valueRequired":true,"valueName":"search_term_string"}}],"inLanguage":"en-US"},{"@type":"Organization","@id":"https:\/\/fleximarkshop-stage.nordlo.it\/#organization","name":"FleximarkShop","url":"https:\/\/fleximarkshop-stage.nordlo.it\/","logo":{"@type":"ImageObject","inLanguage":"en-US","@id":"https:\/\/fleximarkshop-stage.nordlo.it\/#\/schema\/logo\/image\/","url":"https:\/\/fleximarkshop-stage.nordlo.it\/wp-content\/uploads\/fleximark-logo.png","contentUrl":"https:\/\/fleximarkshop-stage.nordlo.it\/wp-content\/uploads\/fleximark-logo.png","width":600,"height":80,"caption":"FleximarkShop"},"image":{"@id":"https:\/\/fleximarkshop-stage.nordlo.it\/#\/schema\/logo\/image\/"}}]}},"_links":{"self":[{"href":"https:\/\/fleximarkshop-stage.nordlo.it\/en\/wp-json\/wp\/v2\/product\/4034","targetHints":{"allow":["GET"]}}],"collection":[{"href":"https:\/\/fleximarkshop-stage.nordlo.it\/en\/wp-json\/wp\/v2\/product"}],"about":[{"href":"https:\/\/fleximarkshop-stage.nordlo.it\/en\/wp-json\/wp\/v2\/types\/product"}],"wp:featuredmedia":[{"embeddable":true,"href":"https:\/\/fleximarkshop-stage.nordlo.it\/en\/wp-json\/wp\/v2\/media\/4030"}],"wp:attachment":[{"href":"https:\/\/fleximarkshop-stage.nordlo.it\/en\/wp-json\/wp\/v2\/media?parent=4034"}],"wp:term":[{"taxonomy":"product_brand","embeddable":true,"href":"https:\/\/fleximarkshop-stage.nordlo.it\/en\/wp-json\/wp\/v2\/product_brand?post=4034"},{"taxonomy":"product_cat","embeddable":true,"href":"https:\/\/fleximarkshop-stage.nordlo.it\/en\/wp-json\/wp\/v2\/product_cat?post=4034"},{"taxonomy":"product_tag","embeddable":true,"href":"https:\/\/fleximarkshop-stage.nordlo.it\/en\/wp-json\/wp\/v2\/product_tag?post=4034"}],"curies":[{"name":"wp","href":"https:\/\/api.w.org\/{rel}","templated":true}]}}