{"id":4161,"date":"2018-12-21T14:57:56","date_gmt":"2018-12-21T14:57:56","guid":{"rendered":"https:\/\/fleximark\/produkt\/iso7010-m010-adh-25mm\/"},"modified":"2018-12-21T14:57:56","modified_gmt":"2018-12-21T14:57:56","slug":"iso7010-m010-adh-25mm","status":"publish","type":"product","link":"https:\/\/fleximarkshop-stage.nordlo.it\/en\/product\/iso7010-m010-adh-25mm\/","title":{"rendered":"ISO7010 M010 ADH 25mm Anv\u00e4nd skyddskl\u00e4der"},"content":{"rendered":"<p>Varselsymboler enligt EU standard SS-EN-ISO 7010. Finns att best\u00e4lla med varselsymboler f\u00f6r: <\/p>\n<p>  Varning<br \/>  P\u00e5bud<br \/>  N\u00f6d<br \/>  Brand<br \/>  F\u00f6rbud<\/p>\n<p>  Skyltdekalerna \u00e4r sj\u00e4lvh\u00e4ftande i FXP industrikvalitet, en speciell laminerad polyester som utm\u00e4rks av<br \/> en l\u00e5ng livsl\u00e4ngd och h\u00f6g temperaturt\u00e5lighet j\u00e4mf\u00f6rt med andra material.<br \/> FXP materialet blockerar skadlig UV-str\u00e5lning och skyddar mot v\u00e4der och vind, kemikalier, fukt och viss<br \/> mekanisk n\u00f6tning. Materialet krymper eller sv\u00e4ller inte vid temperaturskiftningar mellan -40\u00b0C till 150\u00b0C <br \/> och l\u00e4mnar inte heller n\u00e5gra limrester i kanterna.<br \/> FXP materialet \u00e4r halogenfritt och f\u00f6ljer reglementet i REACH och RoHs (202\/95\/EC). <\/p>","protected":false},"excerpt":{"rendered":"<p>P\u00e5bud M010 &#8211; Anv\u00e4nd skyddskl\u00e4der<\/p>\n<p>  Varselsymbol enligt EU standard SS-EN-ISO 7010<br \/>  FXP industrikvalitet. Halogenfritt.<br \/>  Sj\u00e4lvh\u00e4ftande <br \/>  Kemikalie- och v\u00e4derresistent<br \/>  UV resistant<br \/>  REACH och RoHS godk\u00e4nd <\/p>","protected":false},"featured_media":4160,"template":"","meta":{"_acf_changed":false},"product_brand":[],"product_cat":[15],"product_tag":[],"class_list":{"0":"post-4161","1":"product","2":"type-product","3":"status-publish","4":"has-post-thumbnail","6":"product_cat-okategoriserad","7":"pa_antal-66","8":"pa_filter_ett-standardmontering","9":"pa_filter_tva-halogenfri","10":"pa_filter_tva-kemikalieresistent","11":"pa_filter_tva-kaldtalig","12":"pa_filter_tva-oljeresistent","13":"pa_filter_tva-syraresistent","14":"pa_filter_tva-uv_resistent","15":"pa_filter_tva-varmetalig","16":"pa_nav_item_discount_group-854","17":"pa_temperatur_c-_40actill150ac","18":"sales-flash-overlay","19":"woocommerce-text-align-center","20":"woocommerce-image-align-center","21":"do-quantity-buttons","22":"wc-has-gallery","24":"first","25":"onbackorder","26":"taxable","27":"shipping-taxable","28":"purchasable","29":"product-type-simple"},"acf":[],"yoast_head":"<!-- This site is optimized with the Yoast SEO plugin v27.3 - https:\/\/yoast.com\/product\/yoast-seo-wordpress\/ -->\n<title>ISO7010 M010 ADH 25mm Anv\u00e4nd skyddskl\u00e4der - FleximarkShop<\/title>\n<meta name=\"robots\" content=\"noindex, follow, max-snippet:-1, max-image-preview:large, max-video-preview:-1\" \/>\n<meta property=\"og:locale\" content=\"en_US\" \/>\n<meta property=\"og:type\" content=\"article\" \/>\n<meta property=\"og:title\" content=\"ISO7010 M010 ADH 25mm Anv\u00e4nd skyddskl\u00e4der - FleximarkShop\" \/>\n<meta property=\"og:description\" content=\"P\u00e5bud M010 - Anv\u00e4nd skyddskl\u00e4der Varselsymbol enligt EU standard SS-EN-ISO 7010 FXP industrikvalitet. Halogenfritt. Sj\u00e4lvh\u00e4ftande  Kemikalie- och v\u00e4derresistent UV-resistent REACH och RoHS godk\u00e4nd\" \/>\n<meta property=\"og:url\" content=\"https:\/\/fleximarkshop-stage.nordlo.it\/en\/product\/iso7010-m010-adh-25mm\/\" \/>\n<meta property=\"og:site_name\" content=\"FleximarkShop\" \/>\n<meta property=\"og:image\" content=\"https:\/\/fleximarkshop-stage.nordlo.it\/wp-content\/uploads\/83880133.png\" \/>\n\t<meta property=\"og:image:width\" content=\"1048\" \/>\n\t<meta property=\"og:image:height\" content=\"1048\" \/>\n\t<meta property=\"og:image:type\" content=\"image\/png\" \/>\n<meta name=\"twitter:card\" content=\"summary_large_image\" \/>\n<meta name=\"twitter:label1\" content=\"Est. reading time\" \/>\n\t<meta name=\"twitter:data1\" content=\"1 minute\" \/>\n<script type=\"application\/ld+json\" class=\"yoast-schema-graph\">{\"@context\":\"https:\\\/\\\/schema.org\",\"@graph\":[{\"@type\":\"WebPage\",\"@id\":\"https:\\\/\\\/fleximarkshop-stage.nordlo.it\\\/produkt\\\/iso7010-m010-adh-25mm\\\/\",\"url\":\"https:\\\/\\\/fleximarkshop-stage.nordlo.it\\\/produkt\\\/iso7010-m010-adh-25mm\\\/\",\"name\":\"ISO7010 M010 ADH 25mm Anv\u00e4nd skyddskl\u00e4der - FleximarkShop\",\"isPartOf\":{\"@id\":\"https:\\\/\\\/fleximarkshop-stage.nordlo.it\\\/#website\"},\"primaryImageOfPage\":{\"@id\":\"https:\\\/\\\/fleximarkshop-stage.nordlo.it\\\/produkt\\\/iso7010-m010-adh-25mm\\\/#primaryimage\"},\"image\":{\"@id\":\"https:\\\/\\\/fleximarkshop-stage.nordlo.it\\\/produkt\\\/iso7010-m010-adh-25mm\\\/#primaryimage\"},\"thumbnailUrl\":\"https:\\\/\\\/fleximarkshop-stage.nordlo.it\\\/wp-content\\\/uploads\\\/83880133.png\",\"datePublished\":\"2018-12-21T14:57:56+00:00\",\"breadcrumb\":{\"@id\":\"https:\\\/\\\/fleximarkshop-stage.nordlo.it\\\/produkt\\\/iso7010-m010-adh-25mm\\\/#breadcrumb\"},\"inLanguage\":\"en-US\",\"potentialAction\":[{\"@type\":\"ReadAction\",\"target\":[\"https:\\\/\\\/fleximarkshop-stage.nordlo.it\\\/produkt\\\/iso7010-m010-adh-25mm\\\/\"]}]},{\"@type\":\"ImageObject\",\"inLanguage\":\"en-US\",\"@id\":\"https:\\\/\\\/fleximarkshop-stage.nordlo.it\\\/produkt\\\/iso7010-m010-adh-25mm\\\/#primaryimage\",\"url\":\"https:\\\/\\\/fleximarkshop-stage.nordlo.it\\\/wp-content\\\/uploads\\\/83880133.png\",\"contentUrl\":\"https:\\\/\\\/fleximarkshop-stage.nordlo.it\\\/wp-content\\\/uploads\\\/83880133.png\",\"width\":1048,\"height\":1048,\"caption\":\"Wear protective clothing\"},{\"@type\":\"BreadcrumbList\",\"@id\":\"https:\\\/\\\/fleximarkshop-stage.nordlo.it\\\/produkt\\\/iso7010-m010-adh-25mm\\\/#breadcrumb\",\"itemListElement\":[{\"@type\":\"ListItem\",\"position\":1,\"name\":\"Hem\",\"item\":\"https:\\\/\\\/fleximarkshop-stage.nordlo.it\\\/\"},{\"@type\":\"ListItem\",\"position\":2,\"name\":\"Webbutik\",\"item\":\"https:\\\/\\\/fleximarkshop-stage.nordlo.it\\\/butik\\\/\"},{\"@type\":\"ListItem\",\"position\":3,\"name\":\"ISO7010 M010 ADH 25mm Anv\u00e4nd skyddskl\u00e4der\"}]},{\"@type\":\"WebSite\",\"@id\":\"https:\\\/\\\/fleximarkshop-stage.nordlo.it\\\/#website\",\"url\":\"https:\\\/\\\/fleximarkshop-stage.nordlo.it\\\/\",\"name\":\"FleximarkShop\",\"description\":\"M\u00e4rkning &amp; M\u00e4rksystem online\",\"publisher\":{\"@id\":\"https:\\\/\\\/fleximarkshop-stage.nordlo.it\\\/#organization\"},\"potentialAction\":[{\"@type\":\"SearchAction\",\"target\":{\"@type\":\"EntryPoint\",\"urlTemplate\":\"https:\\\/\\\/fleximarkshop-stage.nordlo.it\\\/?s={search_term_string}\"},\"query-input\":{\"@type\":\"PropertyValueSpecification\",\"valueRequired\":true,\"valueName\":\"search_term_string\"}}],\"inLanguage\":\"en-US\"},{\"@type\":\"Organization\",\"@id\":\"https:\\\/\\\/fleximarkshop-stage.nordlo.it\\\/#organization\",\"name\":\"FleximarkShop\",\"url\":\"https:\\\/\\\/fleximarkshop-stage.nordlo.it\\\/\",\"logo\":{\"@type\":\"ImageObject\",\"inLanguage\":\"en-US\",\"@id\":\"https:\\\/\\\/fleximarkshop-stage.nordlo.it\\\/#\\\/schema\\\/logo\\\/image\\\/\",\"url\":\"https:\\\/\\\/fleximarkshop-stage.nordlo.it\\\/wp-content\\\/uploads\\\/fleximark-logo.png\",\"contentUrl\":\"https:\\\/\\\/fleximarkshop-stage.nordlo.it\\\/wp-content\\\/uploads\\\/fleximark-logo.png\",\"width\":600,\"height\":80,\"caption\":\"FleximarkShop\"},\"image\":{\"@id\":\"https:\\\/\\\/fleximarkshop-stage.nordlo.it\\\/#\\\/schema\\\/logo\\\/image\\\/\"}}]}<\/script>\n<!-- \/ Yoast SEO plugin. -->","yoast_head_json":{"title":"ISO7010 M010 ADH 25mm Anv\u00e4nd skyddskl\u00e4der - FleximarkShop","robots":{"index":"noindex","follow":"follow","max-snippet":"max-snippet:-1","max-image-preview":"max-image-preview:large","max-video-preview":"max-video-preview:-1"},"og_locale":"en_US","og_type":"article","og_title":"ISO7010 M010 ADH 25mm Anv\u00e4nd skyddskl\u00e4der - FleximarkShop","og_description":"P\u00e5bud M010 - Anv\u00e4nd skyddskl\u00e4der Varselsymbol enligt EU standard SS-EN-ISO 7010 FXP industrikvalitet. Halogenfritt. Sj\u00e4lvh\u00e4ftande  Kemikalie- och v\u00e4derresistent UV-resistent REACH och RoHS godk\u00e4nd","og_url":"https:\/\/fleximarkshop-stage.nordlo.it\/en\/product\/iso7010-m010-adh-25mm\/","og_site_name":"FleximarkShop","og_image":[{"width":1048,"height":1048,"url":"https:\/\/fleximarkshop-stage.nordlo.it\/wp-content\/uploads\/83880133.png","type":"image\/png"}],"twitter_card":"summary_large_image","twitter_misc":{"Est. reading time":"1 minute"},"schema":{"@context":"https:\/\/schema.org","@graph":[{"@type":"WebPage","@id":"https:\/\/fleximarkshop-stage.nordlo.it\/produkt\/iso7010-m010-adh-25mm\/","url":"https:\/\/fleximarkshop-stage.nordlo.it\/produkt\/iso7010-m010-adh-25mm\/","name":"ISO7010 M010 ADH 25mm Anv\u00e4nd skyddskl\u00e4der - FleximarkShop","isPartOf":{"@id":"https:\/\/fleximarkshop-stage.nordlo.it\/#website"},"primaryImageOfPage":{"@id":"https:\/\/fleximarkshop-stage.nordlo.it\/produkt\/iso7010-m010-adh-25mm\/#primaryimage"},"image":{"@id":"https:\/\/fleximarkshop-stage.nordlo.it\/produkt\/iso7010-m010-adh-25mm\/#primaryimage"},"thumbnailUrl":"https:\/\/fleximarkshop-stage.nordlo.it\/wp-content\/uploads\/83880133.png","datePublished":"2018-12-21T14:57:56+00:00","breadcrumb":{"@id":"https:\/\/fleximarkshop-stage.nordlo.it\/produkt\/iso7010-m010-adh-25mm\/#breadcrumb"},"inLanguage":"en-US","potentialAction":[{"@type":"ReadAction","target":["https:\/\/fleximarkshop-stage.nordlo.it\/produkt\/iso7010-m010-adh-25mm\/"]}]},{"@type":"ImageObject","inLanguage":"en-US","@id":"https:\/\/fleximarkshop-stage.nordlo.it\/produkt\/iso7010-m010-adh-25mm\/#primaryimage","url":"https:\/\/fleximarkshop-stage.nordlo.it\/wp-content\/uploads\/83880133.png","contentUrl":"https:\/\/fleximarkshop-stage.nordlo.it\/wp-content\/uploads\/83880133.png","width":1048,"height":1048,"caption":"Wear protective clothing"},{"@type":"BreadcrumbList","@id":"https:\/\/fleximarkshop-stage.nordlo.it\/produkt\/iso7010-m010-adh-25mm\/#breadcrumb","itemListElement":[{"@type":"ListItem","position":1,"name":"Hem","item":"https:\/\/fleximarkshop-stage.nordlo.it\/"},{"@type":"ListItem","position":2,"name":"Webbutik","item":"https:\/\/fleximarkshop-stage.nordlo.it\/butik\/"},{"@type":"ListItem","position":3,"name":"ISO7010 M010 ADH 25mm Anv\u00e4nd skyddskl\u00e4der"}]},{"@type":"WebSite","@id":"https:\/\/fleximarkshop-stage.nordlo.it\/#website","url":"https:\/\/fleximarkshop-stage.nordlo.it\/","name":"FleximarkShop","description":"M\u00e4rkning &amp; M\u00e4rksystem online","publisher":{"@id":"https:\/\/fleximarkshop-stage.nordlo.it\/#organization"},"potentialAction":[{"@type":"SearchAction","target":{"@type":"EntryPoint","urlTemplate":"https:\/\/fleximarkshop-stage.nordlo.it\/?s={search_term_string}"},"query-input":{"@type":"PropertyValueSpecification","valueRequired":true,"valueName":"search_term_string"}}],"inLanguage":"en-US"},{"@type":"Organization","@id":"https:\/\/fleximarkshop-stage.nordlo.it\/#organization","name":"FleximarkShop","url":"https:\/\/fleximarkshop-stage.nordlo.it\/","logo":{"@type":"ImageObject","inLanguage":"en-US","@id":"https:\/\/fleximarkshop-stage.nordlo.it\/#\/schema\/logo\/image\/","url":"https:\/\/fleximarkshop-stage.nordlo.it\/wp-content\/uploads\/fleximark-logo.png","contentUrl":"https:\/\/fleximarkshop-stage.nordlo.it\/wp-content\/uploads\/fleximark-logo.png","width":600,"height":80,"caption":"FleximarkShop"},"image":{"@id":"https:\/\/fleximarkshop-stage.nordlo.it\/#\/schema\/logo\/image\/"}}]}},"_links":{"self":[{"href":"https:\/\/fleximarkshop-stage.nordlo.it\/en\/wp-json\/wp\/v2\/product\/4161","targetHints":{"allow":["GET"]}}],"collection":[{"href":"https:\/\/fleximarkshop-stage.nordlo.it\/en\/wp-json\/wp\/v2\/product"}],"about":[{"href":"https:\/\/fleximarkshop-stage.nordlo.it\/en\/wp-json\/wp\/v2\/types\/product"}],"wp:featuredmedia":[{"embeddable":true,"href":"https:\/\/fleximarkshop-stage.nordlo.it\/en\/wp-json\/wp\/v2\/media\/4160"}],"wp:attachment":[{"href":"https:\/\/fleximarkshop-stage.nordlo.it\/en\/wp-json\/wp\/v2\/media?parent=4161"}],"wp:term":[{"taxonomy":"product_brand","embeddable":true,"href":"https:\/\/fleximarkshop-stage.nordlo.it\/en\/wp-json\/wp\/v2\/product_brand?post=4161"},{"taxonomy":"product_cat","embeddable":true,"href":"https:\/\/fleximarkshop-stage.nordlo.it\/en\/wp-json\/wp\/v2\/product_cat?post=4161"},{"taxonomy":"product_tag","embeddable":true,"href":"https:\/\/fleximarkshop-stage.nordlo.it\/en\/wp-json\/wp\/v2\/product_tag?post=4161"}],"curies":[{"name":"wp","href":"https:\/\/api.w.org\/{rel}","templated":true}]}}