{"id":4520,"date":"2019-02-19T11:39:39","date_gmt":"2019-02-19T11:39:39","guid":{"rendered":"https:\/\/fleximark\/produkt\/f1-gul-0-75-1-5-partmarke\/"},"modified":"2022-02-08T15:16:02","modified_gmt":"2022-02-08T15:16:02","slug":"f1-gul-0-75-1-5-partmarke","status":"publish","type":"product","link":"https:\/\/fleximarkshop-stage.nordlo.it\/en\/product\/f1-gul-0-75-1-5-partmarke\/","title":{"rendered":"F1 gul 0.75-1.5 partm\u00e4rke"},"content":{"rendered":"<p>Partm\u00e4rkningen \u00e4r ett unikt system f\u00f6r rationell och varaktig m\u00e4rkning av enkelledare och tunna kablar i elutrustningar och fiberinstallationer mm. M\u00e4rkningen levereras enligt dina specifikationer p\u00e5 rulle.<\/p>\n<p><b>Material: <\/b>polyester, halogenfri<br \/>\n<b>Thickness:<\/b>0,175 mm<br \/>\n<b>Operating temperature: <\/b>-40\u00b0C till +125\u00b0 C<br \/>\n<b>Laminerat: <\/b>transparent polyester<br \/>\n<b>Rekommenderat max antal tecken:<\/b> 7st<\/p>","protected":false},"excerpt":{"rendered":"<p><strong>\u2022 M\u00e4rk part och tunna kablar i elutrustningar och fiberinstallationer.<br \/>\n\u2022 M\u00e4rkets form g\u00f6r att m\u00e4rket f\u00e5r en snabb och enkel montering.<br \/>\n\u2022 Tillverkas med bokst\u00e4ver, siffror och symboler<br \/>\n\u2022 Upp till 7 tecken\/rad p\u00e5 2rader.<\/strong><\/p>\n<p><span style=\"color: #ff9900; font-size: small;\"><strong><a href=\"https:\/\/fleximarkshop-stage.nordlo.it\/wp-content\/uploads\/Bestallningsmall_Fleximark_20181116.xls\" target=\"_blank\" rel=\"noopener\"><span style=\"color: #ff9900;\">Ladda hem best\u00e4llningsmall<\/span><\/a><\/strong><\/span><\/p>","protected":false},"featured_media":76,"template":"","meta":{"_acf_changed":false},"product_brand":[],"product_cat":[959,908,907,943],"product_tag":[],"class_list":{"0":"post-4520","1":"product","2":"type-product","3":"status-publish","4":"has-post-thumbnail","6":"product_cat-fibermarkning","7":"product_cat-syrafast-markning","8":"product_cat-kundanpassning","9":"product_cat-ledningsmarkning","10":"pa_antal-57","11":"pa_etikettstorlek-335","12":"pa_forpackningsenhet-369","13":"pa_halstorlek-761","14":"pa_nav_item_discount_group-811","15":"sales-flash-overlay","16":"woocommerce-text-align-center","17":"woocommerce-image-align-center","18":"do-quantity-buttons","19":"wc-has-gallery","21":"first","22":"onbackorder","23":"taxable","24":"shipping-taxable","25":"purchasable","26":"product-type-simple"},"acf":[],"yoast_head":"<!-- This site is optimized with the Yoast SEO plugin v27.3 - https:\/\/yoast.com\/product\/yoast-seo-wordpress\/ -->\n<title>F1 gul 0.75-1.5 partm\u00e4rke - FleximarkShop<\/title>\n<meta name=\"description\" content=\"Kundanpassad Flexiprint partm\u00e4rke levereras f\u00e4rdigtryckt. F\u00f6r m\u00e4rkning av enkelledare, part och tunna kablar.\" \/>\n<meta name=\"robots\" content=\"noindex, follow, max-snippet:-1, max-image-preview:large, max-video-preview:-1\" \/>\n<meta property=\"og:locale\" content=\"en_US\" \/>\n<meta property=\"og:type\" content=\"article\" \/>\n<meta property=\"og:title\" content=\"F1 gul 0.75-1.5 partm\u00e4rke - FleximarkShop\" \/>\n<meta property=\"og:description\" content=\"Kundanpassad Flexiprint partm\u00e4rke levereras f\u00e4rdigtryckt. F\u00f6r m\u00e4rkning av enkelledare, part och tunna kablar.\" \/>\n<meta property=\"og:url\" content=\"https:\/\/fleximarkshop-stage.nordlo.it\/en\/product\/f1-gul-0-75-1-5-partmarke\/\" \/>\n<meta property=\"og:site_name\" content=\"FleximarkShop\" \/>\n<meta property=\"article:modified_time\" content=\"2022-02-08T15:16:02+00:00\" \/>\n<meta property=\"og:image\" content=\"https:\/\/fleximarkshop-stage.nordlo.it\/wp-content\/uploads\/83251110.jpg\" \/>\n\t<meta property=\"og:image:width\" content=\"1048\" \/>\n\t<meta property=\"og:image:height\" content=\"1048\" \/>\n\t<meta property=\"og:image:type\" content=\"image\/jpeg\" \/>\n<meta name=\"twitter:card\" content=\"summary_large_image\" \/>\n<meta name=\"twitter:label1\" content=\"Est. reading time\" \/>\n\t<meta name=\"twitter:data1\" content=\"1 minute\" \/>\n<script type=\"application\/ld+json\" class=\"yoast-schema-graph\">{\"@context\":\"https:\\\/\\\/schema.org\",\"@graph\":[{\"@type\":\"WebPage\",\"@id\":\"https:\\\/\\\/fleximarkshop-stage.nordlo.it\\\/produkt\\\/f1-gul-0-75-1-5-partmarke\\\/\",\"url\":\"https:\\\/\\\/fleximarkshop-stage.nordlo.it\\\/produkt\\\/f1-gul-0-75-1-5-partmarke\\\/\",\"name\":\"F1 gul 0.75-1.5 partm\u00e4rke - FleximarkShop\",\"isPartOf\":{\"@id\":\"https:\\\/\\\/fleximarkshop-stage.nordlo.it\\\/#website\"},\"primaryImageOfPage\":{\"@id\":\"https:\\\/\\\/fleximarkshop-stage.nordlo.it\\\/produkt\\\/f1-gul-0-75-1-5-partmarke\\\/#primaryimage\"},\"image\":{\"@id\":\"https:\\\/\\\/fleximarkshop-stage.nordlo.it\\\/produkt\\\/f1-gul-0-75-1-5-partmarke\\\/#primaryimage\"},\"thumbnailUrl\":\"https:\\\/\\\/fleximarkshop-stage.nordlo.it\\\/wp-content\\\/uploads\\\/83251110.jpg\",\"datePublished\":\"2019-02-19T11:39:39+00:00\",\"dateModified\":\"2022-02-08T15:16:02+00:00\",\"description\":\"Kundanpassad Flexiprint partm\u00e4rke levereras f\u00e4rdigtryckt. F\u00f6r m\u00e4rkning av enkelledare, part och tunna kablar.\",\"breadcrumb\":{\"@id\":\"https:\\\/\\\/fleximarkshop-stage.nordlo.it\\\/produkt\\\/f1-gul-0-75-1-5-partmarke\\\/#breadcrumb\"},\"inLanguage\":\"en-US\",\"potentialAction\":[{\"@type\":\"ReadAction\",\"target\":[\"https:\\\/\\\/fleximarkshop-stage.nordlo.it\\\/produkt\\\/f1-gul-0-75-1-5-partmarke\\\/\"]}]},{\"@type\":\"ImageObject\",\"inLanguage\":\"en-US\",\"@id\":\"https:\\\/\\\/fleximarkshop-stage.nordlo.it\\\/produkt\\\/f1-gul-0-75-1-5-partmarke\\\/#primaryimage\",\"url\":\"https:\\\/\\\/fleximarkshop-stage.nordlo.it\\\/wp-content\\\/uploads\\\/83251110.jpg\",\"contentUrl\":\"https:\\\/\\\/fleximarkshop-stage.nordlo.it\\\/wp-content\\\/uploads\\\/83251110.jpg\",\"width\":1048,\"height\":1048,\"caption\":\"Ledningsm\u00e4rkning\"},{\"@type\":\"BreadcrumbList\",\"@id\":\"https:\\\/\\\/fleximarkshop-stage.nordlo.it\\\/produkt\\\/f1-gul-0-75-1-5-partmarke\\\/#breadcrumb\",\"itemListElement\":[{\"@type\":\"ListItem\",\"position\":1,\"name\":\"Hem\",\"item\":\"https:\\\/\\\/fleximarkshop-stage.nordlo.it\\\/\"},{\"@type\":\"ListItem\",\"position\":2,\"name\":\"Webbutik\",\"item\":\"https:\\\/\\\/fleximarkshop-stage.nordlo.it\\\/butik\\\/\"},{\"@type\":\"ListItem\",\"position\":3,\"name\":\"F1 gul 0.75-1.5 partm\u00e4rke\"}]},{\"@type\":\"WebSite\",\"@id\":\"https:\\\/\\\/fleximarkshop-stage.nordlo.it\\\/#website\",\"url\":\"https:\\\/\\\/fleximarkshop-stage.nordlo.it\\\/\",\"name\":\"FleximarkShop\",\"description\":\"M\u00e4rkning &amp; M\u00e4rksystem online\",\"publisher\":{\"@id\":\"https:\\\/\\\/fleximarkshop-stage.nordlo.it\\\/#organization\"},\"potentialAction\":[{\"@type\":\"SearchAction\",\"target\":{\"@type\":\"EntryPoint\",\"urlTemplate\":\"https:\\\/\\\/fleximarkshop-stage.nordlo.it\\\/?s={search_term_string}\"},\"query-input\":{\"@type\":\"PropertyValueSpecification\",\"valueRequired\":true,\"valueName\":\"search_term_string\"}}],\"inLanguage\":\"en-US\"},{\"@type\":\"Organization\",\"@id\":\"https:\\\/\\\/fleximarkshop-stage.nordlo.it\\\/#organization\",\"name\":\"FleximarkShop\",\"url\":\"https:\\\/\\\/fleximarkshop-stage.nordlo.it\\\/\",\"logo\":{\"@type\":\"ImageObject\",\"inLanguage\":\"en-US\",\"@id\":\"https:\\\/\\\/fleximarkshop-stage.nordlo.it\\\/#\\\/schema\\\/logo\\\/image\\\/\",\"url\":\"https:\\\/\\\/fleximarkshop-stage.nordlo.it\\\/wp-content\\\/uploads\\\/fleximark-logo.png\",\"contentUrl\":\"https:\\\/\\\/fleximarkshop-stage.nordlo.it\\\/wp-content\\\/uploads\\\/fleximark-logo.png\",\"width\":600,\"height\":80,\"caption\":\"FleximarkShop\"},\"image\":{\"@id\":\"https:\\\/\\\/fleximarkshop-stage.nordlo.it\\\/#\\\/schema\\\/logo\\\/image\\\/\"}}]}<\/script>\n<!-- \/ Yoast SEO plugin. -->","yoast_head_json":{"title":"F1 gul 0.75-1.5 partm\u00e4rke - FleximarkShop","description":"Kundanpassad Flexiprint partm\u00e4rke levereras f\u00e4rdigtryckt. F\u00f6r m\u00e4rkning av enkelledare, part och tunna kablar.","robots":{"index":"noindex","follow":"follow","max-snippet":"max-snippet:-1","max-image-preview":"max-image-preview:large","max-video-preview":"max-video-preview:-1"},"og_locale":"en_US","og_type":"article","og_title":"F1 gul 0.75-1.5 partm\u00e4rke - FleximarkShop","og_description":"Kundanpassad Flexiprint partm\u00e4rke levereras f\u00e4rdigtryckt. F\u00f6r m\u00e4rkning av enkelledare, part och tunna kablar.","og_url":"https:\/\/fleximarkshop-stage.nordlo.it\/en\/product\/f1-gul-0-75-1-5-partmarke\/","og_site_name":"FleximarkShop","article_modified_time":"2022-02-08T15:16:02+00:00","og_image":[{"width":1048,"height":1048,"url":"https:\/\/fleximarkshop-stage.nordlo.it\/wp-content\/uploads\/83251110.jpg","type":"image\/jpeg"}],"twitter_card":"summary_large_image","twitter_misc":{"Est. reading time":"1 minute"},"schema":{"@context":"https:\/\/schema.org","@graph":[{"@type":"WebPage","@id":"https:\/\/fleximarkshop-stage.nordlo.it\/produkt\/f1-gul-0-75-1-5-partmarke\/","url":"https:\/\/fleximarkshop-stage.nordlo.it\/produkt\/f1-gul-0-75-1-5-partmarke\/","name":"F1 gul 0.75-1.5 partm\u00e4rke - FleximarkShop","isPartOf":{"@id":"https:\/\/fleximarkshop-stage.nordlo.it\/#website"},"primaryImageOfPage":{"@id":"https:\/\/fleximarkshop-stage.nordlo.it\/produkt\/f1-gul-0-75-1-5-partmarke\/#primaryimage"},"image":{"@id":"https:\/\/fleximarkshop-stage.nordlo.it\/produkt\/f1-gul-0-75-1-5-partmarke\/#primaryimage"},"thumbnailUrl":"https:\/\/fleximarkshop-stage.nordlo.it\/wp-content\/uploads\/83251110.jpg","datePublished":"2019-02-19T11:39:39+00:00","dateModified":"2022-02-08T15:16:02+00:00","description":"Kundanpassad Flexiprint partm\u00e4rke levereras f\u00e4rdigtryckt. F\u00f6r m\u00e4rkning av enkelledare, part och tunna kablar.","breadcrumb":{"@id":"https:\/\/fleximarkshop-stage.nordlo.it\/produkt\/f1-gul-0-75-1-5-partmarke\/#breadcrumb"},"inLanguage":"en-US","potentialAction":[{"@type":"ReadAction","target":["https:\/\/fleximarkshop-stage.nordlo.it\/produkt\/f1-gul-0-75-1-5-partmarke\/"]}]},{"@type":"ImageObject","inLanguage":"en-US","@id":"https:\/\/fleximarkshop-stage.nordlo.it\/produkt\/f1-gul-0-75-1-5-partmarke\/#primaryimage","url":"https:\/\/fleximarkshop-stage.nordlo.it\/wp-content\/uploads\/83251110.jpg","contentUrl":"https:\/\/fleximarkshop-stage.nordlo.it\/wp-content\/uploads\/83251110.jpg","width":1048,"height":1048,"caption":"Ledningsm\u00e4rkning"},{"@type":"BreadcrumbList","@id":"https:\/\/fleximarkshop-stage.nordlo.it\/produkt\/f1-gul-0-75-1-5-partmarke\/#breadcrumb","itemListElement":[{"@type":"ListItem","position":1,"name":"Hem","item":"https:\/\/fleximarkshop-stage.nordlo.it\/"},{"@type":"ListItem","position":2,"name":"Webbutik","item":"https:\/\/fleximarkshop-stage.nordlo.it\/butik\/"},{"@type":"ListItem","position":3,"name":"F1 gul 0.75-1.5 partm\u00e4rke"}]},{"@type":"WebSite","@id":"https:\/\/fleximarkshop-stage.nordlo.it\/#website","url":"https:\/\/fleximarkshop-stage.nordlo.it\/","name":"FleximarkShop","description":"M\u00e4rkning &amp; M\u00e4rksystem online","publisher":{"@id":"https:\/\/fleximarkshop-stage.nordlo.it\/#organization"},"potentialAction":[{"@type":"SearchAction","target":{"@type":"EntryPoint","urlTemplate":"https:\/\/fleximarkshop-stage.nordlo.it\/?s={search_term_string}"},"query-input":{"@type":"PropertyValueSpecification","valueRequired":true,"valueName":"search_term_string"}}],"inLanguage":"en-US"},{"@type":"Organization","@id":"https:\/\/fleximarkshop-stage.nordlo.it\/#organization","name":"FleximarkShop","url":"https:\/\/fleximarkshop-stage.nordlo.it\/","logo":{"@type":"ImageObject","inLanguage":"en-US","@id":"https:\/\/fleximarkshop-stage.nordlo.it\/#\/schema\/logo\/image\/","url":"https:\/\/fleximarkshop-stage.nordlo.it\/wp-content\/uploads\/fleximark-logo.png","contentUrl":"https:\/\/fleximarkshop-stage.nordlo.it\/wp-content\/uploads\/fleximark-logo.png","width":600,"height":80,"caption":"FleximarkShop"},"image":{"@id":"https:\/\/fleximarkshop-stage.nordlo.it\/#\/schema\/logo\/image\/"}}]}},"_links":{"self":[{"href":"https:\/\/fleximarkshop-stage.nordlo.it\/en\/wp-json\/wp\/v2\/product\/4520","targetHints":{"allow":["GET"]}}],"collection":[{"href":"https:\/\/fleximarkshop-stage.nordlo.it\/en\/wp-json\/wp\/v2\/product"}],"about":[{"href":"https:\/\/fleximarkshop-stage.nordlo.it\/en\/wp-json\/wp\/v2\/types\/product"}],"wp:featuredmedia":[{"embeddable":true,"href":"https:\/\/fleximarkshop-stage.nordlo.it\/en\/wp-json\/wp\/v2\/media\/76"}],"wp:attachment":[{"href":"https:\/\/fleximarkshop-stage.nordlo.it\/en\/wp-json\/wp\/v2\/media?parent=4520"}],"wp:term":[{"taxonomy":"product_brand","embeddable":true,"href":"https:\/\/fleximarkshop-stage.nordlo.it\/en\/wp-json\/wp\/v2\/product_brand?post=4520"},{"taxonomy":"product_cat","embeddable":true,"href":"https:\/\/fleximarkshop-stage.nordlo.it\/en\/wp-json\/wp\/v2\/product_cat?post=4520"},{"taxonomy":"product_tag","embeddable":true,"href":"https:\/\/fleximarkshop-stage.nordlo.it\/en\/wp-json\/wp\/v2\/product_tag?post=4520"}],"curies":[{"name":"wp","href":"https:\/\/api.w.org\/{rel}","templated":true}]}}