{"id":4536,"date":"2019-03-14T12:54:43","date_gmt":"2019-03-14T12:54:43","guid":{"rendered":"https:\/\/fleximark\/produkt\/syrafast-fardipraglad-skylt\/"},"modified":"2022-02-14T10:20:07","modified_gmt":"2022-02-14T10:20:07","slug":"syrafast-fardipraglad-skylt","status":"publish","type":"product","link":"https:\/\/fleximarkshop-stage.nordlo.it\/en\/product\/syrafast-fardipraglad-skylt\/","title":{"rendered":"Acid-resistant stainless steel plate embossed, immersed"},"content":{"rendered":"<p>F\u00e4rdigskriven m\u00e4rkning med kundanpassad text f\u00f6r ledare, kabel, r\u00f6r, komponenter och andra applikationsomr\u00e5den<br \/>\nLevereras pr\u00e4glade enligt best\u00e4llning med eller utan buntband. Rostfritt syrafast st\u00e5l SIS SS2348 (AISI-316).<\/p>\n<p><b>Material m\u00e4rkning &amp; st\u00e5lband: <\/b> Rostfritt syrafast st\u00e5l SIS SS2348 (AISI-316).<br \/>\n<b>Skylth\u00f6jd:<\/b> En rad 9,9 mm, Tv\u00e5 rader 13,9 mm<br \/>\n<b>Teckenstorlek: <\/b>4,2 mm<br \/>\n<b>Tillg\u00e4ngliga tecken:<\/b> A-\u00d6 \u00dc \u00c6 0-9 ~+-\/.:,X Jordtecken<br \/>\n<b>Operating temperature:<\/b> &lt;-80\u00b0C till 500\u00b0C (St\u00e5lbuntband -80\u00b0C till +539\u00b0C)<\/p>","protected":false},"excerpt":{"rendered":"<ul>\n<li>Industriellt system f\u00f6r m\u00e4rkning av kablar, r\u00f6r och utrustningar<\/li>\n<li>Anv\u00e4nds i kr\u00e4vande och aggressiva milj\u00f6er<\/li>\n<li>Pr\u00e4glas i syrafast rostfritt st\u00e5l, SIS SS2348 (AISI-316)<\/li>\n<li>Levereras som f\u00e4rdiga skyltar med eller utan buntband<\/li>\n<\/ul>\n<p><strong><a href=\"https:\/\/fleximarkshop-stage.nordlo.it\/wp-content\/uploads\/Bestallningsmall_Fleximark_V1_4-4.xls\">Bestallningsmall<\/a><\/strong><\/p>","protected":false},"featured_media":4533,"template":"","meta":{"_acf_changed":false},"product_brand":[],"product_cat":[916,922,930,908,907,909,903,913,928,927,901,919],"product_tag":[],"class_list":{"0":"post-4536","1":"product","2":"type-product","3":"status-publish","4":"has-post-thumbnail","6":"product_cat-datakommunikation","7":"product_cat-infrastruktur","8":"product_cat-kabelmarkning","9":"product_cat-syrafast-markning","10":"product_cat-kundanpassning","11":"product_cat-markning","12":"product_cat-markprodukter","13":"product_cat-rostfri-syrafast-markning","14":"product_cat-solceller","15":"product_cat-telecom","16":"product_cat-nya-produkter","17":"product_cat-fornyelsebar-energi","18":"pa_antal-57","19":"pa_filter_ett-kundanpassning","20":"pa_filter_tva-halogenfri","21":"pa_filter_tva-kemikalieresistent","22":"pa_filter_tva-kaldtalig","23":"pa_filter_tva-oljeresistent","24":"pa_filter_tva-syraresistent","25":"pa_filter_tva-uv_resistent","26":"pa_filter_tva-varmetalig","27":"pa_forpackningsenhet-369","28":"sales-flash-overlay","29":"woocommerce-text-align-center","30":"woocommerce-image-align-center","31":"do-quantity-buttons","32":"wc-has-gallery","34":"first","35":"instock","36":"taxable","37":"shipping-taxable","38":"product-type-grouped"},"acf":[],"yoast_head":"<!-- This site is optimized with the Yoast SEO plugin v27.3 - https:\/\/yoast.com\/product\/yoast-seo-wordpress\/ -->\n<title>Syrafast rostfri skylt pr\u00e4glad, neds\u00e4nkt - FleximarkShop<\/title>\n<meta name=\"description\" content=\"Syrafast rostfri skylt, pr\u00e4glad med din m\u00e4rkning. F\u00e4stes med buntband. S\u00e4rskilt l\u00e4mplig i tuffa milj\u00f6er.\" \/>\n<meta name=\"robots\" content=\"noindex, follow, max-snippet:-1, max-image-preview:large, max-video-preview:-1\" \/>\n<meta property=\"og:locale\" content=\"en_US\" \/>\n<meta property=\"og:type\" content=\"article\" \/>\n<meta property=\"og:title\" content=\"Syrafast rostfri skylt pr\u00e4glad, neds\u00e4nkt - FleximarkShop\" \/>\n<meta property=\"og:description\" content=\"Syrafast rostfri skylt, pr\u00e4glad med din m\u00e4rkning. F\u00e4stes med buntband. S\u00e4rskilt l\u00e4mplig i tuffa milj\u00f6er.\" \/>\n<meta property=\"og:url\" content=\"https:\/\/fleximarkshop-stage.nordlo.it\/en\/product\/syrafast-fardipraglad-skylt\/\" \/>\n<meta property=\"og:site_name\" content=\"FleximarkShop\" \/>\n<meta property=\"article:modified_time\" content=\"2022-02-14T10:20:07+00:00\" \/>\n<meta property=\"og:image\" content=\"https:\/\/fleximarkshop-stage.nordlo.it\/wp-content\/uploads\/SYRAFAST_PR_GLAD_4.jpg\" \/>\n\t<meta property=\"og:image:width\" content=\"1048\" \/>\n\t<meta property=\"og:image:height\" content=\"1048\" \/>\n\t<meta property=\"og:image:type\" content=\"image\/jpeg\" \/>\n<meta name=\"twitter:card\" content=\"summary_large_image\" \/>\n<meta name=\"twitter:label1\" content=\"Est. reading time\" \/>\n\t<meta name=\"twitter:data1\" content=\"1 minute\" \/>\n<script type=\"application\/ld+json\" class=\"yoast-schema-graph\">{\"@context\":\"https:\\\/\\\/schema.org\",\"@graph\":[{\"@type\":\"WebPage\",\"@id\":\"https:\\\/\\\/fleximarkshop-stage.nordlo.it\\\/produkt\\\/syrafast-fardipraglad-skylt\\\/\",\"url\":\"https:\\\/\\\/fleximarkshop-stage.nordlo.it\\\/produkt\\\/syrafast-fardipraglad-skylt\\\/\",\"name\":\"Syrafast rostfri skylt pr\u00e4glad, neds\u00e4nkt - FleximarkShop\",\"isPartOf\":{\"@id\":\"https:\\\/\\\/fleximarkshop-stage.nordlo.it\\\/#website\"},\"primaryImageOfPage\":{\"@id\":\"https:\\\/\\\/fleximarkshop-stage.nordlo.it\\\/produkt\\\/syrafast-fardipraglad-skylt\\\/#primaryimage\"},\"image\":{\"@id\":\"https:\\\/\\\/fleximarkshop-stage.nordlo.it\\\/produkt\\\/syrafast-fardipraglad-skylt\\\/#primaryimage\"},\"thumbnailUrl\":\"https:\\\/\\\/fleximarkshop-stage.nordlo.it\\\/wp-content\\\/uploads\\\/SYRAFAST_PR_GLAD_4.jpg\",\"datePublished\":\"2019-03-14T12:54:43+00:00\",\"dateModified\":\"2022-02-14T10:20:07+00:00\",\"description\":\"Syrafast rostfri skylt, pr\u00e4glad med din m\u00e4rkning. F\u00e4stes med buntband. S\u00e4rskilt l\u00e4mplig i tuffa milj\u00f6er.\",\"breadcrumb\":{\"@id\":\"https:\\\/\\\/fleximarkshop-stage.nordlo.it\\\/produkt\\\/syrafast-fardipraglad-skylt\\\/#breadcrumb\"},\"inLanguage\":\"en-US\",\"potentialAction\":[{\"@type\":\"ReadAction\",\"target\":[\"https:\\\/\\\/fleximarkshop-stage.nordlo.it\\\/produkt\\\/syrafast-fardipraglad-skylt\\\/\"]}]},{\"@type\":\"ImageObject\",\"inLanguage\":\"en-US\",\"@id\":\"https:\\\/\\\/fleximarkshop-stage.nordlo.it\\\/produkt\\\/syrafast-fardipraglad-skylt\\\/#primaryimage\",\"url\":\"https:\\\/\\\/fleximarkshop-stage.nordlo.it\\\/wp-content\\\/uploads\\\/SYRAFAST_PR_GLAD_4.jpg\",\"contentUrl\":\"https:\\\/\\\/fleximarkshop-stage.nordlo.it\\\/wp-content\\\/uploads\\\/SYRAFAST_PR_GLAD_4.jpg\",\"width\":1048,\"height\":1048,\"caption\":\"Syrafast rostfri skylt pr\u00e4glad, neds\u00e4nkt-0\"},{\"@type\":\"BreadcrumbList\",\"@id\":\"https:\\\/\\\/fleximarkshop-stage.nordlo.it\\\/produkt\\\/syrafast-fardipraglad-skylt\\\/#breadcrumb\",\"itemListElement\":[{\"@type\":\"ListItem\",\"position\":1,\"name\":\"Hem\",\"item\":\"https:\\\/\\\/fleximarkshop-stage.nordlo.it\\\/\"},{\"@type\":\"ListItem\",\"position\":2,\"name\":\"Webbutik\",\"item\":\"https:\\\/\\\/fleximarkshop-stage.nordlo.it\\\/butik\\\/\"},{\"@type\":\"ListItem\",\"position\":3,\"name\":\"Syrafast rostfri skylt pr\u00e4glad, neds\u00e4nkt\"}]},{\"@type\":\"WebSite\",\"@id\":\"https:\\\/\\\/fleximarkshop-stage.nordlo.it\\\/#website\",\"url\":\"https:\\\/\\\/fleximarkshop-stage.nordlo.it\\\/\",\"name\":\"FleximarkShop\",\"description\":\"M\u00e4rkning &amp; M\u00e4rksystem online\",\"publisher\":{\"@id\":\"https:\\\/\\\/fleximarkshop-stage.nordlo.it\\\/#organization\"},\"potentialAction\":[{\"@type\":\"SearchAction\",\"target\":{\"@type\":\"EntryPoint\",\"urlTemplate\":\"https:\\\/\\\/fleximarkshop-stage.nordlo.it\\\/?s={search_term_string}\"},\"query-input\":{\"@type\":\"PropertyValueSpecification\",\"valueRequired\":true,\"valueName\":\"search_term_string\"}}],\"inLanguage\":\"en-US\"},{\"@type\":\"Organization\",\"@id\":\"https:\\\/\\\/fleximarkshop-stage.nordlo.it\\\/#organization\",\"name\":\"FleximarkShop\",\"url\":\"https:\\\/\\\/fleximarkshop-stage.nordlo.it\\\/\",\"logo\":{\"@type\":\"ImageObject\",\"inLanguage\":\"en-US\",\"@id\":\"https:\\\/\\\/fleximarkshop-stage.nordlo.it\\\/#\\\/schema\\\/logo\\\/image\\\/\",\"url\":\"https:\\\/\\\/fleximarkshop-stage.nordlo.it\\\/wp-content\\\/uploads\\\/fleximark-logo.png\",\"contentUrl\":\"https:\\\/\\\/fleximarkshop-stage.nordlo.it\\\/wp-content\\\/uploads\\\/fleximark-logo.png\",\"width\":600,\"height\":80,\"caption\":\"FleximarkShop\"},\"image\":{\"@id\":\"https:\\\/\\\/fleximarkshop-stage.nordlo.it\\\/#\\\/schema\\\/logo\\\/image\\\/\"}}]}<\/script>\n<!-- \/ Yoast SEO plugin. -->","yoast_head_json":{"title":"Syrafast rostfri skylt pr\u00e4glad, neds\u00e4nkt - FleximarkShop","description":"Syrafast rostfri skylt, pr\u00e4glad med din m\u00e4rkning. F\u00e4stes med buntband. S\u00e4rskilt l\u00e4mplig i tuffa milj\u00f6er.","robots":{"index":"noindex","follow":"follow","max-snippet":"max-snippet:-1","max-image-preview":"max-image-preview:large","max-video-preview":"max-video-preview:-1"},"og_locale":"en_US","og_type":"article","og_title":"Syrafast rostfri skylt pr\u00e4glad, neds\u00e4nkt - FleximarkShop","og_description":"Syrafast rostfri skylt, pr\u00e4glad med din m\u00e4rkning. F\u00e4stes med buntband. S\u00e4rskilt l\u00e4mplig i tuffa milj\u00f6er.","og_url":"https:\/\/fleximarkshop-stage.nordlo.it\/en\/product\/syrafast-fardipraglad-skylt\/","og_site_name":"FleximarkShop","article_modified_time":"2022-02-14T10:20:07+00:00","og_image":[{"width":1048,"height":1048,"url":"https:\/\/fleximarkshop-stage.nordlo.it\/wp-content\/uploads\/SYRAFAST_PR_GLAD_4.jpg","type":"image\/jpeg"}],"twitter_card":"summary_large_image","twitter_misc":{"Est. reading time":"1 minute"},"schema":{"@context":"https:\/\/schema.org","@graph":[{"@type":"WebPage","@id":"https:\/\/fleximarkshop-stage.nordlo.it\/produkt\/syrafast-fardipraglad-skylt\/","url":"https:\/\/fleximarkshop-stage.nordlo.it\/produkt\/syrafast-fardipraglad-skylt\/","name":"Syrafast rostfri skylt pr\u00e4glad, neds\u00e4nkt - FleximarkShop","isPartOf":{"@id":"https:\/\/fleximarkshop-stage.nordlo.it\/#website"},"primaryImageOfPage":{"@id":"https:\/\/fleximarkshop-stage.nordlo.it\/produkt\/syrafast-fardipraglad-skylt\/#primaryimage"},"image":{"@id":"https:\/\/fleximarkshop-stage.nordlo.it\/produkt\/syrafast-fardipraglad-skylt\/#primaryimage"},"thumbnailUrl":"https:\/\/fleximarkshop-stage.nordlo.it\/wp-content\/uploads\/SYRAFAST_PR_GLAD_4.jpg","datePublished":"2019-03-14T12:54:43+00:00","dateModified":"2022-02-14T10:20:07+00:00","description":"Syrafast rostfri skylt, pr\u00e4glad med din m\u00e4rkning. F\u00e4stes med buntband. S\u00e4rskilt l\u00e4mplig i tuffa milj\u00f6er.","breadcrumb":{"@id":"https:\/\/fleximarkshop-stage.nordlo.it\/produkt\/syrafast-fardipraglad-skylt\/#breadcrumb"},"inLanguage":"en-US","potentialAction":[{"@type":"ReadAction","target":["https:\/\/fleximarkshop-stage.nordlo.it\/produkt\/syrafast-fardipraglad-skylt\/"]}]},{"@type":"ImageObject","inLanguage":"en-US","@id":"https:\/\/fleximarkshop-stage.nordlo.it\/produkt\/syrafast-fardipraglad-skylt\/#primaryimage","url":"https:\/\/fleximarkshop-stage.nordlo.it\/wp-content\/uploads\/SYRAFAST_PR_GLAD_4.jpg","contentUrl":"https:\/\/fleximarkshop-stage.nordlo.it\/wp-content\/uploads\/SYRAFAST_PR_GLAD_4.jpg","width":1048,"height":1048,"caption":"Syrafast rostfri skylt pr\u00e4glad, neds\u00e4nkt-0"},{"@type":"BreadcrumbList","@id":"https:\/\/fleximarkshop-stage.nordlo.it\/produkt\/syrafast-fardipraglad-skylt\/#breadcrumb","itemListElement":[{"@type":"ListItem","position":1,"name":"Hem","item":"https:\/\/fleximarkshop-stage.nordlo.it\/"},{"@type":"ListItem","position":2,"name":"Webbutik","item":"https:\/\/fleximarkshop-stage.nordlo.it\/butik\/"},{"@type":"ListItem","position":3,"name":"Syrafast rostfri skylt pr\u00e4glad, neds\u00e4nkt"}]},{"@type":"WebSite","@id":"https:\/\/fleximarkshop-stage.nordlo.it\/#website","url":"https:\/\/fleximarkshop-stage.nordlo.it\/","name":"FleximarkShop","description":"M\u00e4rkning &amp; M\u00e4rksystem online","publisher":{"@id":"https:\/\/fleximarkshop-stage.nordlo.it\/#organization"},"potentialAction":[{"@type":"SearchAction","target":{"@type":"EntryPoint","urlTemplate":"https:\/\/fleximarkshop-stage.nordlo.it\/?s={search_term_string}"},"query-input":{"@type":"PropertyValueSpecification","valueRequired":true,"valueName":"search_term_string"}}],"inLanguage":"en-US"},{"@type":"Organization","@id":"https:\/\/fleximarkshop-stage.nordlo.it\/#organization","name":"FleximarkShop","url":"https:\/\/fleximarkshop-stage.nordlo.it\/","logo":{"@type":"ImageObject","inLanguage":"en-US","@id":"https:\/\/fleximarkshop-stage.nordlo.it\/#\/schema\/logo\/image\/","url":"https:\/\/fleximarkshop-stage.nordlo.it\/wp-content\/uploads\/fleximark-logo.png","contentUrl":"https:\/\/fleximarkshop-stage.nordlo.it\/wp-content\/uploads\/fleximark-logo.png","width":600,"height":80,"caption":"FleximarkShop"},"image":{"@id":"https:\/\/fleximarkshop-stage.nordlo.it\/#\/schema\/logo\/image\/"}}]}},"_links":{"self":[{"href":"https:\/\/fleximarkshop-stage.nordlo.it\/en\/wp-json\/wp\/v2\/product\/4536","targetHints":{"allow":["GET"]}}],"collection":[{"href":"https:\/\/fleximarkshop-stage.nordlo.it\/en\/wp-json\/wp\/v2\/product"}],"about":[{"href":"https:\/\/fleximarkshop-stage.nordlo.it\/en\/wp-json\/wp\/v2\/types\/product"}],"wp:featuredmedia":[{"embeddable":true,"href":"https:\/\/fleximarkshop-stage.nordlo.it\/en\/wp-json\/wp\/v2\/media\/4533"}],"wp:attachment":[{"href":"https:\/\/fleximarkshop-stage.nordlo.it\/en\/wp-json\/wp\/v2\/media?parent=4536"}],"wp:term":[{"taxonomy":"product_brand","embeddable":true,"href":"https:\/\/fleximarkshop-stage.nordlo.it\/en\/wp-json\/wp\/v2\/product_brand?post=4536"},{"taxonomy":"product_cat","embeddable":true,"href":"https:\/\/fleximarkshop-stage.nordlo.it\/en\/wp-json\/wp\/v2\/product_cat?post=4536"},{"taxonomy":"product_tag","embeddable":true,"href":"https:\/\/fleximarkshop-stage.nordlo.it\/en\/wp-json\/wp\/v2\/product_tag?post=4536"}],"curies":[{"name":"wp","href":"https:\/\/api.w.org\/{rel}","templated":true}]}}