{"id":4548,"date":"2019-03-14T14:53:31","date_gmt":"2019-03-14T14:53:31","guid":{"rendered":"https:\/\/fleximark\/produkt\/syrafast-rostfri-skylt-upphojd\/"},"modified":"2022-03-11T10:28:12","modified_gmt":"2022-03-11T10:28:12","slug":"syrafast-rostfri-skylt-upphojd","status":"publish","type":"product","link":"https:\/\/fleximarkshop-stage.nordlo.it\/en\/product\/syrafast-rostfri-skylt-upphojd\/","title":{"rendered":"Acid-resistant stainless steel plate embossed, raised"},"content":{"rendered":"<p>F\u00e4rdigskriven m\u00e4rkning med kundanpassad text f\u00f6r ledare, kabel, r\u00f6r, komponenter och andra applikationsomr\u00e5den.<br \/>\nUpph\u00f6jt m\u00e4rke f\u00f6r enkel reng\u00f6ring i exempelvis livsmedelsindustri.<br \/>\nLevereras pr\u00e4glade enligt best\u00e4llning med eller utan buntband. Rostfritt syrafast st\u00e5l SIS SS2348 (AISI-316).<\/p>\n<p><strong>Material m\u00e4rkning &amp; st\u00e5lband: <\/strong> Rostfritt syrafast st\u00e5l SIS SS2348 (AISI-316).<br \/>\n<strong>Skylth\u00f6jd:<\/strong> En rad 9,9 mm, Tv\u00e5 rader 13,9 mm<br \/>\n<strong>Teckenstorlek: <\/strong>4,2 mm<br \/>\n<strong>Tillg\u00e4ngliga tecken:<\/strong> A-\u00d6 \u00dc \u00c6 0-9 ~+-\/.:, X Jordtecken<br \/>\n<strong>Operating temperature:<\/strong> &lt;-80\u00b0C till 500\u00b0C (St\u00e5lbuntband -80\u00b0C till +539\u00b0C)<\/p>\n<p><strong>Godk\u00e4nnande:\u00a0<img decoding=\"async\" class=\"size-full wp-image-41\" style=\"vertical-align: middle;\" src=\"https:\/\/fleximarkshop-stage.nordlo.it\/wp-content\/uploads\/bvb-logo-transparent.png\" alt=\"Byggvarubed\u00f6mningen\" width=\"120\" srcset=\"https:\/\/fleximarkshop-stage.nordlo.it\/wp-content\/uploads\/bvb-logo-transparent.png 1280w, https:\/\/fleximarkshop-stage.nordlo.it\/wp-content\/uploads\/bvb-logo-transparent-600x90.png 600w, https:\/\/fleximarkshop-stage.nordlo.it\/wp-content\/uploads\/bvb-logo-transparent-300x45.png 300w, https:\/\/fleximarkshop-stage.nordlo.it\/wp-content\/uploads\/bvb-logo-transparent-1024x154.png 1024w, https:\/\/fleximarkshop-stage.nordlo.it\/wp-content\/uploads\/bvb-logo-transparent-768x115.png 768w\" sizes=\"(max-width: 1280px) 100vw, 1280px\" \/><\/strong><\/p>\n<p><a href=\"https:\/\/fleximarkshop-stage.nordlo.it\/wp-content\/uploads\/Bestallningsmall_Fleximark_20181116.xls\"><span style=\"font-size: small; color: #ff9900;\"><strong>Best\u00e4llningsmall<\/strong><\/span><\/a><\/p>","protected":false},"excerpt":{"rendered":"<p>Industriellt system f\u00f6r m\u00e4rkning av kablar, r\u00f6r och utrustningar.<br \/>\nUsed in demanding and aggressive environments.<br \/>\nLevereras som f\u00e4rdiga skyltar.<\/p>\n<p><a href=\"https:\/\/fleximarkshop-stage.nordlo.it\/wp-content\/uploads\/Bestallningsmall_Fleximark_20181116.xls\"><span style=\"font-size: small; color: #ff9900;\"><strong>Best\u00e4llningsmall<\/strong><\/span><\/a><\/p>\n<p><a title=\"Rostfri skylt produktdatablad\" href=\"https:\/\/fleximarkshop-stage.nordlo.it\/wp-content\/uploads\/DB83251402EN_FLEXIMARK_Stainless_steel_marking_SMC_FCC.pdf\" target=\"_blank\" rel=\"noopener\"><span style=\"font-size: small; color: #ff9900;\"><strong>Product data sheet<\/strong><\/span><\/a><\/p>","protected":false},"featured_media":4545,"template":"","meta":{"_acf_changed":false},"product_brand":[],"product_cat":[930,908,907,924,913],"product_tag":[],"class_list":{"0":"post-4548","1":"product","2":"type-product","3":"status-publish","4":"has-post-thumbnail","6":"product_cat-kabelmarkning","7":"product_cat-syrafast-markning","8":"product_cat-kundanpassning","9":"product_cat-livsmedel-drycker","10":"product_cat-rostfri-syrafast-markning","11":"pa_antal-57","12":"pa_filter_ett-kundanpassning","13":"pa_filter_tva-halogenfri","14":"pa_filter_tva-kemikalieresistent","15":"pa_filter_tva-kaldtalig","16":"pa_filter_tva-oljeresistent","17":"pa_filter_tva-syraresistent","18":"pa_filter_tva-uv_resistent","19":"pa_filter_tva-varmetalig","20":"sales-flash-overlay","21":"woocommerce-text-align-center","22":"woocommerce-image-align-center","23":"do-quantity-buttons","24":"wc-has-gallery","26":"first","27":"instock","28":"taxable","29":"shipping-taxable","30":"product-type-grouped"},"acf":[],"yoast_head":"<!-- This site is optimized with the Yoast SEO plugin v27.3 - https:\/\/yoast.com\/product\/yoast-seo-wordpress\/ -->\n<title>Syrafast rostfri skylt pr\u00e4glad, upph\u00f6jd - FleximarkShop<\/title>\n<meta name=\"robots\" content=\"noindex, follow, max-snippet:-1, max-image-preview:large, max-video-preview:-1\" \/>\n<meta property=\"og:locale\" content=\"en_US\" \/>\n<meta property=\"og:type\" content=\"article\" \/>\n<meta property=\"og:title\" content=\"Syrafast rostfri skylt pr\u00e4glad, upph\u00f6jd - FleximarkShop\" \/>\n<meta property=\"og:description\" content=\"Industriellt system f\u00f6r m\u00e4rkning av kablar, r\u00f6r och utrustningar. Anv\u00e4nds i kr\u00e4vande och aggressiva milj\u00f6er. Levereras som f\u00e4rdiga skyltar.  Best\u00e4llningsmall  Produktdatablad\" \/>\n<meta property=\"og:url\" content=\"https:\/\/fleximarkshop-stage.nordlo.it\/en\/product\/syrafast-rostfri-skylt-upphojd\/\" \/>\n<meta property=\"og:site_name\" content=\"FleximarkShop\" \/>\n<meta property=\"article:modified_time\" content=\"2022-03-11T10:28:12+00:00\" \/>\n<meta property=\"og:image\" content=\"https:\/\/fleximarkshop-stage.nordlo.it\/wp-content\/uploads\/UPPH_JD_PR_GLAD.jpg\" \/>\n\t<meta property=\"og:image:width\" content=\"1048\" \/>\n\t<meta property=\"og:image:height\" content=\"1048\" \/>\n\t<meta property=\"og:image:type\" content=\"image\/jpeg\" \/>\n<meta name=\"twitter:card\" content=\"summary_large_image\" \/>\n<script type=\"application\/ld+json\" class=\"yoast-schema-graph\">{\"@context\":\"https:\\\/\\\/schema.org\",\"@graph\":[{\"@type\":\"WebPage\",\"@id\":\"https:\\\/\\\/fleximarkshop-stage.nordlo.it\\\/produkt\\\/syrafast-rostfri-skylt-upphojd\\\/\",\"url\":\"https:\\\/\\\/fleximarkshop-stage.nordlo.it\\\/produkt\\\/syrafast-rostfri-skylt-upphojd\\\/\",\"name\":\"Syrafast rostfri skylt pr\u00e4glad, upph\u00f6jd - FleximarkShop\",\"isPartOf\":{\"@id\":\"https:\\\/\\\/fleximarkshop-stage.nordlo.it\\\/#website\"},\"primaryImageOfPage\":{\"@id\":\"https:\\\/\\\/fleximarkshop-stage.nordlo.it\\\/produkt\\\/syrafast-rostfri-skylt-upphojd\\\/#primaryimage\"},\"image\":{\"@id\":\"https:\\\/\\\/fleximarkshop-stage.nordlo.it\\\/produkt\\\/syrafast-rostfri-skylt-upphojd\\\/#primaryimage\"},\"thumbnailUrl\":\"https:\\\/\\\/fleximarkshop-stage.nordlo.it\\\/wp-content\\\/uploads\\\/UPPH_JD_PR_GLAD.jpg\",\"datePublished\":\"2019-03-14T14:53:31+00:00\",\"dateModified\":\"2022-03-11T10:28:12+00:00\",\"breadcrumb\":{\"@id\":\"https:\\\/\\\/fleximarkshop-stage.nordlo.it\\\/produkt\\\/syrafast-rostfri-skylt-upphojd\\\/#breadcrumb\"},\"inLanguage\":\"en-US\",\"potentialAction\":[{\"@type\":\"ReadAction\",\"target\":[\"https:\\\/\\\/fleximarkshop-stage.nordlo.it\\\/produkt\\\/syrafast-rostfri-skylt-upphojd\\\/\"]}]},{\"@type\":\"ImageObject\",\"inLanguage\":\"en-US\",\"@id\":\"https:\\\/\\\/fleximarkshop-stage.nordlo.it\\\/produkt\\\/syrafast-rostfri-skylt-upphojd\\\/#primaryimage\",\"url\":\"https:\\\/\\\/fleximarkshop-stage.nordlo.it\\\/wp-content\\\/uploads\\\/UPPH_JD_PR_GLAD.jpg\",\"contentUrl\":\"https:\\\/\\\/fleximarkshop-stage.nordlo.it\\\/wp-content\\\/uploads\\\/UPPH_JD_PR_GLAD.jpg\",\"width\":1048,\"height\":1048,\"caption\":\"Syrafast rostfri skylt pr\u00e4glad, upph\u00f6jd-0\"},{\"@type\":\"BreadcrumbList\",\"@id\":\"https:\\\/\\\/fleximarkshop-stage.nordlo.it\\\/produkt\\\/syrafast-rostfri-skylt-upphojd\\\/#breadcrumb\",\"itemListElement\":[{\"@type\":\"ListItem\",\"position\":1,\"name\":\"Hem\",\"item\":\"https:\\\/\\\/fleximarkshop-stage.nordlo.it\\\/\"},{\"@type\":\"ListItem\",\"position\":2,\"name\":\"Webbutik\",\"item\":\"https:\\\/\\\/fleximarkshop-stage.nordlo.it\\\/butik\\\/\"},{\"@type\":\"ListItem\",\"position\":3,\"name\":\"Syrafast rostfri skylt pr\u00e4glad, upph\u00f6jd\"}]},{\"@type\":\"WebSite\",\"@id\":\"https:\\\/\\\/fleximarkshop-stage.nordlo.it\\\/#website\",\"url\":\"https:\\\/\\\/fleximarkshop-stage.nordlo.it\\\/\",\"name\":\"FleximarkShop\",\"description\":\"M\u00e4rkning &amp; M\u00e4rksystem online\",\"publisher\":{\"@id\":\"https:\\\/\\\/fleximarkshop-stage.nordlo.it\\\/#organization\"},\"potentialAction\":[{\"@type\":\"SearchAction\",\"target\":{\"@type\":\"EntryPoint\",\"urlTemplate\":\"https:\\\/\\\/fleximarkshop-stage.nordlo.it\\\/?s={search_term_string}\"},\"query-input\":{\"@type\":\"PropertyValueSpecification\",\"valueRequired\":true,\"valueName\":\"search_term_string\"}}],\"inLanguage\":\"en-US\"},{\"@type\":\"Organization\",\"@id\":\"https:\\\/\\\/fleximarkshop-stage.nordlo.it\\\/#organization\",\"name\":\"FleximarkShop\",\"url\":\"https:\\\/\\\/fleximarkshop-stage.nordlo.it\\\/\",\"logo\":{\"@type\":\"ImageObject\",\"inLanguage\":\"en-US\",\"@id\":\"https:\\\/\\\/fleximarkshop-stage.nordlo.it\\\/#\\\/schema\\\/logo\\\/image\\\/\",\"url\":\"https:\\\/\\\/fleximarkshop-stage.nordlo.it\\\/wp-content\\\/uploads\\\/fleximark-logo.png\",\"contentUrl\":\"https:\\\/\\\/fleximarkshop-stage.nordlo.it\\\/wp-content\\\/uploads\\\/fleximark-logo.png\",\"width\":600,\"height\":80,\"caption\":\"FleximarkShop\"},\"image\":{\"@id\":\"https:\\\/\\\/fleximarkshop-stage.nordlo.it\\\/#\\\/schema\\\/logo\\\/image\\\/\"}}]}<\/script>\n<!-- \/ Yoast SEO plugin. -->","yoast_head_json":{"title":"Syrafast rostfri skylt pr\u00e4glad, upph\u00f6jd - FleximarkShop","robots":{"index":"noindex","follow":"follow","max-snippet":"max-snippet:-1","max-image-preview":"max-image-preview:large","max-video-preview":"max-video-preview:-1"},"og_locale":"en_US","og_type":"article","og_title":"Syrafast rostfri skylt pr\u00e4glad, upph\u00f6jd - FleximarkShop","og_description":"Industriellt system f\u00f6r m\u00e4rkning av kablar, r\u00f6r och utrustningar. Anv\u00e4nds i kr\u00e4vande och aggressiva milj\u00f6er. Levereras som f\u00e4rdiga skyltar.  Best\u00e4llningsmall  Produktdatablad","og_url":"https:\/\/fleximarkshop-stage.nordlo.it\/en\/product\/syrafast-rostfri-skylt-upphojd\/","og_site_name":"FleximarkShop","article_modified_time":"2022-03-11T10:28:12+00:00","og_image":[{"width":1048,"height":1048,"url":"https:\/\/fleximarkshop-stage.nordlo.it\/wp-content\/uploads\/UPPH_JD_PR_GLAD.jpg","type":"image\/jpeg"}],"twitter_card":"summary_large_image","schema":{"@context":"https:\/\/schema.org","@graph":[{"@type":"WebPage","@id":"https:\/\/fleximarkshop-stage.nordlo.it\/produkt\/syrafast-rostfri-skylt-upphojd\/","url":"https:\/\/fleximarkshop-stage.nordlo.it\/produkt\/syrafast-rostfri-skylt-upphojd\/","name":"Syrafast rostfri skylt pr\u00e4glad, upph\u00f6jd - FleximarkShop","isPartOf":{"@id":"https:\/\/fleximarkshop-stage.nordlo.it\/#website"},"primaryImageOfPage":{"@id":"https:\/\/fleximarkshop-stage.nordlo.it\/produkt\/syrafast-rostfri-skylt-upphojd\/#primaryimage"},"image":{"@id":"https:\/\/fleximarkshop-stage.nordlo.it\/produkt\/syrafast-rostfri-skylt-upphojd\/#primaryimage"},"thumbnailUrl":"https:\/\/fleximarkshop-stage.nordlo.it\/wp-content\/uploads\/UPPH_JD_PR_GLAD.jpg","datePublished":"2019-03-14T14:53:31+00:00","dateModified":"2022-03-11T10:28:12+00:00","breadcrumb":{"@id":"https:\/\/fleximarkshop-stage.nordlo.it\/produkt\/syrafast-rostfri-skylt-upphojd\/#breadcrumb"},"inLanguage":"en-US","potentialAction":[{"@type":"ReadAction","target":["https:\/\/fleximarkshop-stage.nordlo.it\/produkt\/syrafast-rostfri-skylt-upphojd\/"]}]},{"@type":"ImageObject","inLanguage":"en-US","@id":"https:\/\/fleximarkshop-stage.nordlo.it\/produkt\/syrafast-rostfri-skylt-upphojd\/#primaryimage","url":"https:\/\/fleximarkshop-stage.nordlo.it\/wp-content\/uploads\/UPPH_JD_PR_GLAD.jpg","contentUrl":"https:\/\/fleximarkshop-stage.nordlo.it\/wp-content\/uploads\/UPPH_JD_PR_GLAD.jpg","width":1048,"height":1048,"caption":"Syrafast rostfri skylt pr\u00e4glad, upph\u00f6jd-0"},{"@type":"BreadcrumbList","@id":"https:\/\/fleximarkshop-stage.nordlo.it\/produkt\/syrafast-rostfri-skylt-upphojd\/#breadcrumb","itemListElement":[{"@type":"ListItem","position":1,"name":"Hem","item":"https:\/\/fleximarkshop-stage.nordlo.it\/"},{"@type":"ListItem","position":2,"name":"Webbutik","item":"https:\/\/fleximarkshop-stage.nordlo.it\/butik\/"},{"@type":"ListItem","position":3,"name":"Syrafast rostfri skylt pr\u00e4glad, upph\u00f6jd"}]},{"@type":"WebSite","@id":"https:\/\/fleximarkshop-stage.nordlo.it\/#website","url":"https:\/\/fleximarkshop-stage.nordlo.it\/","name":"FleximarkShop","description":"M\u00e4rkning &amp; M\u00e4rksystem online","publisher":{"@id":"https:\/\/fleximarkshop-stage.nordlo.it\/#organization"},"potentialAction":[{"@type":"SearchAction","target":{"@type":"EntryPoint","urlTemplate":"https:\/\/fleximarkshop-stage.nordlo.it\/?s={search_term_string}"},"query-input":{"@type":"PropertyValueSpecification","valueRequired":true,"valueName":"search_term_string"}}],"inLanguage":"en-US"},{"@type":"Organization","@id":"https:\/\/fleximarkshop-stage.nordlo.it\/#organization","name":"FleximarkShop","url":"https:\/\/fleximarkshop-stage.nordlo.it\/","logo":{"@type":"ImageObject","inLanguage":"en-US","@id":"https:\/\/fleximarkshop-stage.nordlo.it\/#\/schema\/logo\/image\/","url":"https:\/\/fleximarkshop-stage.nordlo.it\/wp-content\/uploads\/fleximark-logo.png","contentUrl":"https:\/\/fleximarkshop-stage.nordlo.it\/wp-content\/uploads\/fleximark-logo.png","width":600,"height":80,"caption":"FleximarkShop"},"image":{"@id":"https:\/\/fleximarkshop-stage.nordlo.it\/#\/schema\/logo\/image\/"}}]}},"_links":{"self":[{"href":"https:\/\/fleximarkshop-stage.nordlo.it\/en\/wp-json\/wp\/v2\/product\/4548","targetHints":{"allow":["GET"]}}],"collection":[{"href":"https:\/\/fleximarkshop-stage.nordlo.it\/en\/wp-json\/wp\/v2\/product"}],"about":[{"href":"https:\/\/fleximarkshop-stage.nordlo.it\/en\/wp-json\/wp\/v2\/types\/product"}],"wp:featuredmedia":[{"embeddable":true,"href":"https:\/\/fleximarkshop-stage.nordlo.it\/en\/wp-json\/wp\/v2\/media\/4545"}],"wp:attachment":[{"href":"https:\/\/fleximarkshop-stage.nordlo.it\/en\/wp-json\/wp\/v2\/media?parent=4548"}],"wp:term":[{"taxonomy":"product_brand","embeddable":true,"href":"https:\/\/fleximarkshop-stage.nordlo.it\/en\/wp-json\/wp\/v2\/product_brand?post=4548"},{"taxonomy":"product_cat","embeddable":true,"href":"https:\/\/fleximarkshop-stage.nordlo.it\/en\/wp-json\/wp\/v2\/product_cat?post=4548"},{"taxonomy":"product_tag","embeddable":true,"href":"https:\/\/fleximarkshop-stage.nordlo.it\/en\/wp-json\/wp\/v2\/product_tag?post=4548"}],"curies":[{"name":"wp","href":"https:\/\/api.w.org\/{rel}","templated":true}]}}