{"id":4575,"date":"2019-04-01T10:27:57","date_gmt":"2019-04-01T10:27:57","guid":{"rendered":"https:\/\/fleximark\/produkt\/f2-gul-2-5-6-0-partmarke\/"},"modified":"2022-03-10T11:51:50","modified_gmt":"2022-03-10T11:51:50","slug":"f2-gul-2-5-6-0-partmarke","status":"publish","type":"product","link":"https:\/\/fleximarkshop-stage.nordlo.it\/en\/product\/f2-gul-2-5-6-0-partmarke\/","title":{"rendered":"F2 gul 2.5-6.0 partm\u00e4rke"},"content":{"rendered":"<p>Partm\u00e4rkningen \u00e4r ett unikt system f\u00f6r rationell och varaktig m\u00e4rkning av enkelledare och tunna kablar i elutrustningar och fiberinstallationer mm. M\u00e4rkningen levereras enligt dina specifikationer p\u00e5 rulle.<\/p>\n<p><b>Material: <\/b>polyester, halogenf ri<br \/><b>Thickness:<\/b>0,175 mm<br \/><b>Operating temperature: <\/b>-40\u00b0C till +125\u00b0 C<br \/><b>Laminerat: <\/b>transparent polyester<br \/><b>Rekommenderat max antal tecken:<\/b> 7st (L-version 15st) <\/p>","protected":false},"excerpt":{"rendered":"<p><b> M\u00e4rk part och tunna kablar i elutrustningar och fiberinstallationer.<br \/> M\u00e4rkets form g\u00f6r att m\u00e4rket f\u00e5r en snabb och enkel montering.<br \/> Tillverkas med bokst\u00e4ver, siffror och symboler<br \/> Upp till 7 tecken\/rad p\u00e5 2rader.<\/b> <\/p>","protected":false},"featured_media":0,"template":"","meta":{"_acf_changed":false},"product_brand":[],"product_cat":[15],"product_tag":[],"class_list":{"0":"post-4575","1":"product","2":"type-product","3":"status-publish","5":"product_cat-okategoriserad","6":"pa_antal-57","7":"pa_etikettstorlek-337","8":"pa_filter_ett-kundanpassning","9":"pa_filter_tva-halogenfri","10":"pa_forpackningsenhet-369","11":"pa_halstorlek-763","12":"pa_nav_item_discount_group-811","13":"sales-flash-overlay","14":"woocommerce-text-align-center","15":"woocommerce-image-align-center","16":"do-quantity-buttons","18":"first","19":"onbackorder","20":"taxable","21":"shipping-taxable","22":"purchasable","23":"product-type-simple"},"acf":[],"yoast_head":"<!-- This site is optimized with the Yoast SEO plugin v27.3 - https:\/\/yoast.com\/product\/yoast-seo-wordpress\/ -->\n<title>F2 gul 2.5-6.0 partm\u00e4rke - FleximarkShop<\/title>\n<meta name=\"robots\" content=\"noindex, follow, max-snippet:-1, max-image-preview:large, max-video-preview:-1\" \/>\n<meta property=\"og:locale\" content=\"en_US\" \/>\n<meta property=\"og:type\" content=\"article\" \/>\n<meta property=\"og:title\" content=\"F2 gul 2.5-6.0 partm\u00e4rke - FleximarkShop\" \/>\n<meta property=\"og:description\" content=\"M\u00e4rk part och tunna kablar i elutrustningar och fiberinstallationer. M\u00e4rkets form g\u00f6r att m\u00e4rket f\u00e5r en snabb och enkel montering. Tillverkas med bokst\u00e4ver, siffror och symboler Upp till 7 tecken\/rad p\u00e5 2rader.\" \/>\n<meta property=\"og:url\" content=\"https:\/\/fleximarkshop-stage.nordlo.it\/en\/product\/f2-gul-2-5-6-0-partmarke\/\" \/>\n<meta property=\"og:site_name\" content=\"FleximarkShop\" \/>\n<meta property=\"article:modified_time\" content=\"2022-03-10T11:51:50+00:00\" \/>\n<meta name=\"twitter:card\" content=\"summary_large_image\" \/>\n<script type=\"application\/ld+json\" class=\"yoast-schema-graph\">{\"@context\":\"https:\\\/\\\/schema.org\",\"@graph\":[{\"@type\":\"WebPage\",\"@id\":\"https:\\\/\\\/fleximarkshop-stage.nordlo.it\\\/produkt\\\/f2-gul-2-5-6-0-partmarke\\\/\",\"url\":\"https:\\\/\\\/fleximarkshop-stage.nordlo.it\\\/produkt\\\/f2-gul-2-5-6-0-partmarke\\\/\",\"name\":\"F2 gul 2.5-6.0 partm\u00e4rke - FleximarkShop\",\"isPartOf\":{\"@id\":\"https:\\\/\\\/fleximarkshop-stage.nordlo.it\\\/#website\"},\"datePublished\":\"2019-04-01T10:27:57+00:00\",\"dateModified\":\"2022-03-10T11:51:50+00:00\",\"breadcrumb\":{\"@id\":\"https:\\\/\\\/fleximarkshop-stage.nordlo.it\\\/produkt\\\/f2-gul-2-5-6-0-partmarke\\\/#breadcrumb\"},\"inLanguage\":\"en-US\",\"potentialAction\":[{\"@type\":\"ReadAction\",\"target\":[\"https:\\\/\\\/fleximarkshop-stage.nordlo.it\\\/produkt\\\/f2-gul-2-5-6-0-partmarke\\\/\"]}]},{\"@type\":\"BreadcrumbList\",\"@id\":\"https:\\\/\\\/fleximarkshop-stage.nordlo.it\\\/produkt\\\/f2-gul-2-5-6-0-partmarke\\\/#breadcrumb\",\"itemListElement\":[{\"@type\":\"ListItem\",\"position\":1,\"name\":\"Hem\",\"item\":\"https:\\\/\\\/fleximarkshop-stage.nordlo.it\\\/\"},{\"@type\":\"ListItem\",\"position\":2,\"name\":\"Webbutik\",\"item\":\"https:\\\/\\\/fleximarkshop-stage.nordlo.it\\\/butik\\\/\"},{\"@type\":\"ListItem\",\"position\":3,\"name\":\"F2 gul 2.5-6.0 partm\u00e4rke\"}]},{\"@type\":\"WebSite\",\"@id\":\"https:\\\/\\\/fleximarkshop-stage.nordlo.it\\\/#website\",\"url\":\"https:\\\/\\\/fleximarkshop-stage.nordlo.it\\\/\",\"name\":\"FleximarkShop\",\"description\":\"M\u00e4rkning &amp; M\u00e4rksystem online\",\"publisher\":{\"@id\":\"https:\\\/\\\/fleximarkshop-stage.nordlo.it\\\/#organization\"},\"potentialAction\":[{\"@type\":\"SearchAction\",\"target\":{\"@type\":\"EntryPoint\",\"urlTemplate\":\"https:\\\/\\\/fleximarkshop-stage.nordlo.it\\\/?s={search_term_string}\"},\"query-input\":{\"@type\":\"PropertyValueSpecification\",\"valueRequired\":true,\"valueName\":\"search_term_string\"}}],\"inLanguage\":\"en-US\"},{\"@type\":\"Organization\",\"@id\":\"https:\\\/\\\/fleximarkshop-stage.nordlo.it\\\/#organization\",\"name\":\"FleximarkShop\",\"url\":\"https:\\\/\\\/fleximarkshop-stage.nordlo.it\\\/\",\"logo\":{\"@type\":\"ImageObject\",\"inLanguage\":\"en-US\",\"@id\":\"https:\\\/\\\/fleximarkshop-stage.nordlo.it\\\/#\\\/schema\\\/logo\\\/image\\\/\",\"url\":\"https:\\\/\\\/fleximarkshop-stage.nordlo.it\\\/wp-content\\\/uploads\\\/fleximark-logo.png\",\"contentUrl\":\"https:\\\/\\\/fleximarkshop-stage.nordlo.it\\\/wp-content\\\/uploads\\\/fleximark-logo.png\",\"width\":600,\"height\":80,\"caption\":\"FleximarkShop\"},\"image\":{\"@id\":\"https:\\\/\\\/fleximarkshop-stage.nordlo.it\\\/#\\\/schema\\\/logo\\\/image\\\/\"}}]}<\/script>\n<!-- \/ Yoast SEO plugin. -->","yoast_head_json":{"title":"F2 gul 2.5-6.0 partm\u00e4rke - FleximarkShop","robots":{"index":"noindex","follow":"follow","max-snippet":"max-snippet:-1","max-image-preview":"max-image-preview:large","max-video-preview":"max-video-preview:-1"},"og_locale":"en_US","og_type":"article","og_title":"F2 gul 2.5-6.0 partm\u00e4rke - FleximarkShop","og_description":"M\u00e4rk part och tunna kablar i elutrustningar och fiberinstallationer. M\u00e4rkets form g\u00f6r att m\u00e4rket f\u00e5r en snabb och enkel montering. Tillverkas med bokst\u00e4ver, siffror och symboler Upp till 7 tecken\/rad p\u00e5 2rader.","og_url":"https:\/\/fleximarkshop-stage.nordlo.it\/en\/product\/f2-gul-2-5-6-0-partmarke\/","og_site_name":"FleximarkShop","article_modified_time":"2022-03-10T11:51:50+00:00","twitter_card":"summary_large_image","schema":{"@context":"https:\/\/schema.org","@graph":[{"@type":"WebPage","@id":"https:\/\/fleximarkshop-stage.nordlo.it\/produkt\/f2-gul-2-5-6-0-partmarke\/","url":"https:\/\/fleximarkshop-stage.nordlo.it\/produkt\/f2-gul-2-5-6-0-partmarke\/","name":"F2 gul 2.5-6.0 partm\u00e4rke - FleximarkShop","isPartOf":{"@id":"https:\/\/fleximarkshop-stage.nordlo.it\/#website"},"datePublished":"2019-04-01T10:27:57+00:00","dateModified":"2022-03-10T11:51:50+00:00","breadcrumb":{"@id":"https:\/\/fleximarkshop-stage.nordlo.it\/produkt\/f2-gul-2-5-6-0-partmarke\/#breadcrumb"},"inLanguage":"en-US","potentialAction":[{"@type":"ReadAction","target":["https:\/\/fleximarkshop-stage.nordlo.it\/produkt\/f2-gul-2-5-6-0-partmarke\/"]}]},{"@type":"BreadcrumbList","@id":"https:\/\/fleximarkshop-stage.nordlo.it\/produkt\/f2-gul-2-5-6-0-partmarke\/#breadcrumb","itemListElement":[{"@type":"ListItem","position":1,"name":"Hem","item":"https:\/\/fleximarkshop-stage.nordlo.it\/"},{"@type":"ListItem","position":2,"name":"Webbutik","item":"https:\/\/fleximarkshop-stage.nordlo.it\/butik\/"},{"@type":"ListItem","position":3,"name":"F2 gul 2.5-6.0 partm\u00e4rke"}]},{"@type":"WebSite","@id":"https:\/\/fleximarkshop-stage.nordlo.it\/#website","url":"https:\/\/fleximarkshop-stage.nordlo.it\/","name":"FleximarkShop","description":"M\u00e4rkning &amp; M\u00e4rksystem online","publisher":{"@id":"https:\/\/fleximarkshop-stage.nordlo.it\/#organization"},"potentialAction":[{"@type":"SearchAction","target":{"@type":"EntryPoint","urlTemplate":"https:\/\/fleximarkshop-stage.nordlo.it\/?s={search_term_string}"},"query-input":{"@type":"PropertyValueSpecification","valueRequired":true,"valueName":"search_term_string"}}],"inLanguage":"en-US"},{"@type":"Organization","@id":"https:\/\/fleximarkshop-stage.nordlo.it\/#organization","name":"FleximarkShop","url":"https:\/\/fleximarkshop-stage.nordlo.it\/","logo":{"@type":"ImageObject","inLanguage":"en-US","@id":"https:\/\/fleximarkshop-stage.nordlo.it\/#\/schema\/logo\/image\/","url":"https:\/\/fleximarkshop-stage.nordlo.it\/wp-content\/uploads\/fleximark-logo.png","contentUrl":"https:\/\/fleximarkshop-stage.nordlo.it\/wp-content\/uploads\/fleximark-logo.png","width":600,"height":80,"caption":"FleximarkShop"},"image":{"@id":"https:\/\/fleximarkshop-stage.nordlo.it\/#\/schema\/logo\/image\/"}}]}},"_links":{"self":[{"href":"https:\/\/fleximarkshop-stage.nordlo.it\/en\/wp-json\/wp\/v2\/product\/4575","targetHints":{"allow":["GET"]}}],"collection":[{"href":"https:\/\/fleximarkshop-stage.nordlo.it\/en\/wp-json\/wp\/v2\/product"}],"about":[{"href":"https:\/\/fleximarkshop-stage.nordlo.it\/en\/wp-json\/wp\/v2\/types\/product"}],"wp:attachment":[{"href":"https:\/\/fleximarkshop-stage.nordlo.it\/en\/wp-json\/wp\/v2\/media?parent=4575"}],"wp:term":[{"taxonomy":"product_brand","embeddable":true,"href":"https:\/\/fleximarkshop-stage.nordlo.it\/en\/wp-json\/wp\/v2\/product_brand?post=4575"},{"taxonomy":"product_cat","embeddable":true,"href":"https:\/\/fleximarkshop-stage.nordlo.it\/en\/wp-json\/wp\/v2\/product_cat?post=4575"},{"taxonomy":"product_tag","embeddable":true,"href":"https:\/\/fleximarkshop-stage.nordlo.it\/en\/wp-json\/wp\/v2\/product_tag?post=4575"}],"curies":[{"name":"wp","href":"https:\/\/api.w.org\/{rel}","templated":true}]}}