{"id":4585,"date":"2019-04-01T10:55:27","date_gmt":"2019-04-01T10:55:27","guid":{"rendered":"https:\/\/fleximark\/produkt\/flexiprint-kundanpassad\/"},"modified":"2022-02-15T13:24:54","modified_gmt":"2022-02-15T13:24:54","slug":"flexiprint-kundanpassad","status":"publish","type":"product","link":"https:\/\/fleximarkshop-stage.nordlo.it\/en\/product\/flexiprint-kundanpassad\/","title":{"rendered":"Flexiprint kundanpassad"},"content":{"rendered":"<p>Partm\u00e4rkningen \u00e4r ett unikt system f\u00f6r rationell och varaktig m\u00e4rkning av enkelledare och tunna kablar i elutrustningar och fiberinstallationer mm. M\u00e4rkningen levereras enligt dina specifikationer.<\/p>\n<p><strong>Material: <\/strong>polyester, halogenfri<br \/>\n<strong>Thickness:<\/strong>0,175 mm<br \/>\n<strong>Operating temperature: <\/strong>-40\u00b0C till +125\u00b0 C<br \/>\n<strong>Laminerat: <\/strong>transparent polyester<br \/>\n<strong>Rekommenderat max antal tecken:<\/strong> 7st (L-version 15st)<\/p>\n<p><strong>Kundanpassad:\u00a0<img decoding=\"async\" class=\"size-full wp-image-41\" style=\"vertical-align: middle;\" src=\"https:\/\/fleximarkshop-stage.nordlo.it\/wp-content\/uploads\/bvb-logo-transparent.png\" alt=\"Byggvarubed\u00f6mningen\" width=\"120\" srcset=\"https:\/\/fleximarkshop-stage.nordlo.it\/wp-content\/uploads\/bvb-logo-transparent.png 1280w, https:\/\/fleximarkshop-stage.nordlo.it\/wp-content\/uploads\/bvb-logo-transparent-600x90.png 600w, https:\/\/fleximarkshop-stage.nordlo.it\/wp-content\/uploads\/bvb-logo-transparent-300x45.png 300w, https:\/\/fleximarkshop-stage.nordlo.it\/wp-content\/uploads\/bvb-logo-transparent-1024x154.png 1024w, https:\/\/fleximarkshop-stage.nordlo.it\/wp-content\/uploads\/bvb-logo-transparent-768x115.png 768w\" sizes=\"(max-width: 1280px) 100vw, 1280px\" \/><\/strong><\/p>\n<p><a href=\"https:\/\/fleximarkshop-stage.nordlo.it\/wp-content\/uploads\/Bestallningsmall_Fleximark_20181116.xls\"><span style=\"font-size: small; color: #ff9900;\"><strong>Best\u00e4llningsmall<\/strong><\/span><\/a><\/p>","protected":false},"excerpt":{"rendered":"<p>\u2022 M\u00e4rk part och tunna kablar i elutrustningar och fiberinstallationer.<br \/>\n\u2022 M\u00e4rkets form g\u00f6r att m\u00e4rket f\u00e5r en snabb och enkel montering.<br \/>\n\u2022 Tillverkas med bokst\u00e4ver, siffror och symboler<br \/>\n\u2022 Upp till 7 tecken\/rad p\u00e5 2 rader.<\/p>\n<p><a href=\"https:\/\/fleximarkshop-stage.nordlo.it\/wp-content\/uploads\/Bestallningsmall_Fleximark_20181116.xls\"><span style=\"font-size: small; color: #ff9900;\"><strong>Best\u00e4llningsmall<\/strong><\/span><\/a><\/p>","protected":false},"featured_media":4582,"template":"","meta":{"_acf_changed":false},"product_brand":[],"product_cat":[959,908,907,943,909,903],"product_tag":[],"class_list":{"0":"post-4585","1":"product","2":"type-product","3":"status-publish","4":"has-post-thumbnail","6":"product_cat-fibermarkning","7":"product_cat-syrafast-markning","8":"product_cat-kundanpassning","9":"product_cat-ledningsmarkning","10":"product_cat-markning","11":"product_cat-markprodukter","12":"pa_antal-57","13":"pa_filter_ett-kundanpassning","14":"pa_filter_tva-halogenfri","15":"pa_forpackningsenhet-369","16":"sales-flash-overlay","17":"woocommerce-text-align-center","18":"woocommerce-image-align-center","19":"do-quantity-buttons","20":"wc-has-gallery","22":"first","23":"instock","24":"taxable","25":"shipping-taxable","26":"product-type-grouped"},"acf":[],"yoast_head":"<!-- This site is optimized with the Yoast SEO plugin v27.3 - https:\/\/yoast.com\/product\/yoast-seo-wordpress\/ -->\n<title>Flexiprint kundanpassad - FleximarkShop<\/title>\n<meta name=\"description\" content=\"Kundanpassad Flexiprint partm\u00e4rkning levereras f\u00e4rdigtryckt. F\u00f6r m\u00e4rkning av enkelledare, part och tunna kablar.\" \/>\n<meta name=\"robots\" content=\"noindex, follow, max-snippet:-1, max-image-preview:large, max-video-preview:-1\" \/>\n<meta property=\"og:locale\" content=\"en_US\" \/>\n<meta property=\"og:type\" content=\"article\" \/>\n<meta property=\"og:title\" content=\"Flexiprint kundanpassad - FleximarkShop\" \/>\n<meta property=\"og:description\" content=\"Kundanpassad Flexiprint partm\u00e4rkning levereras f\u00e4rdigtryckt. F\u00f6r m\u00e4rkning av enkelledare, part och tunna kablar.\" \/>\n<meta property=\"og:url\" content=\"https:\/\/fleximarkshop-stage.nordlo.it\/en\/product\/flexiprint-kundanpassad\/\" \/>\n<meta property=\"og:site_name\" content=\"FleximarkShop\" \/>\n<meta property=\"article:modified_time\" content=\"2022-02-15T13:24:54+00:00\" \/>\n<meta property=\"og:image\" content=\"https:\/\/fleximarkshop-stage.nordlo.it\/wp-content\/uploads\/FLEXIPRINT_FCC_3.jpg\" \/>\n\t<meta property=\"og:image:width\" content=\"1048\" \/>\n\t<meta property=\"og:image:height\" content=\"1048\" \/>\n\t<meta property=\"og:image:type\" content=\"image\/jpeg\" \/>\n<meta name=\"twitter:card\" content=\"summary_large_image\" \/>\n<meta name=\"twitter:label1\" content=\"Est. reading time\" \/>\n\t<meta name=\"twitter:data1\" content=\"1 minute\" \/>\n<script type=\"application\/ld+json\" class=\"yoast-schema-graph\">{\"@context\":\"https:\\\/\\\/schema.org\",\"@graph\":[{\"@type\":\"WebPage\",\"@id\":\"https:\\\/\\\/fleximarkshop-stage.nordlo.it\\\/produkt\\\/flexiprint-kundanpassad\\\/\",\"url\":\"https:\\\/\\\/fleximarkshop-stage.nordlo.it\\\/produkt\\\/flexiprint-kundanpassad\\\/\",\"name\":\"Flexiprint kundanpassad - FleximarkShop\",\"isPartOf\":{\"@id\":\"https:\\\/\\\/fleximarkshop-stage.nordlo.it\\\/#website\"},\"primaryImageOfPage\":{\"@id\":\"https:\\\/\\\/fleximarkshop-stage.nordlo.it\\\/produkt\\\/flexiprint-kundanpassad\\\/#primaryimage\"},\"image\":{\"@id\":\"https:\\\/\\\/fleximarkshop-stage.nordlo.it\\\/produkt\\\/flexiprint-kundanpassad\\\/#primaryimage\"},\"thumbnailUrl\":\"https:\\\/\\\/fleximarkshop-stage.nordlo.it\\\/wp-content\\\/uploads\\\/FLEXIPRINT_FCC_3.jpg\",\"datePublished\":\"2019-04-01T10:55:27+00:00\",\"dateModified\":\"2022-02-15T13:24:54+00:00\",\"description\":\"Kundanpassad Flexiprint partm\u00e4rkning levereras f\u00e4rdigtryckt. F\u00f6r m\u00e4rkning av enkelledare, part och tunna kablar.\",\"breadcrumb\":{\"@id\":\"https:\\\/\\\/fleximarkshop-stage.nordlo.it\\\/produkt\\\/flexiprint-kundanpassad\\\/#breadcrumb\"},\"inLanguage\":\"en-US\",\"potentialAction\":[{\"@type\":\"ReadAction\",\"target\":[\"https:\\\/\\\/fleximarkshop-stage.nordlo.it\\\/produkt\\\/flexiprint-kundanpassad\\\/\"]}]},{\"@type\":\"ImageObject\",\"inLanguage\":\"en-US\",\"@id\":\"https:\\\/\\\/fleximarkshop-stage.nordlo.it\\\/produkt\\\/flexiprint-kundanpassad\\\/#primaryimage\",\"url\":\"https:\\\/\\\/fleximarkshop-stage.nordlo.it\\\/wp-content\\\/uploads\\\/FLEXIPRINT_FCC_3.jpg\",\"contentUrl\":\"https:\\\/\\\/fleximarkshop-stage.nordlo.it\\\/wp-content\\\/uploads\\\/FLEXIPRINT_FCC_3.jpg\",\"width\":1048,\"height\":1048,\"caption\":\"Flexiprint kundanpassad -3623\"},{\"@type\":\"BreadcrumbList\",\"@id\":\"https:\\\/\\\/fleximarkshop-stage.nordlo.it\\\/produkt\\\/flexiprint-kundanpassad\\\/#breadcrumb\",\"itemListElement\":[{\"@type\":\"ListItem\",\"position\":1,\"name\":\"Hem\",\"item\":\"https:\\\/\\\/fleximarkshop-stage.nordlo.it\\\/\"},{\"@type\":\"ListItem\",\"position\":2,\"name\":\"Webbutik\",\"item\":\"https:\\\/\\\/fleximarkshop-stage.nordlo.it\\\/butik\\\/\"},{\"@type\":\"ListItem\",\"position\":3,\"name\":\"Flexiprint kundanpassad\"}]},{\"@type\":\"WebSite\",\"@id\":\"https:\\\/\\\/fleximarkshop-stage.nordlo.it\\\/#website\",\"url\":\"https:\\\/\\\/fleximarkshop-stage.nordlo.it\\\/\",\"name\":\"FleximarkShop\",\"description\":\"M\u00e4rkning &amp; M\u00e4rksystem online\",\"publisher\":{\"@id\":\"https:\\\/\\\/fleximarkshop-stage.nordlo.it\\\/#organization\"},\"potentialAction\":[{\"@type\":\"SearchAction\",\"target\":{\"@type\":\"EntryPoint\",\"urlTemplate\":\"https:\\\/\\\/fleximarkshop-stage.nordlo.it\\\/?s={search_term_string}\"},\"query-input\":{\"@type\":\"PropertyValueSpecification\",\"valueRequired\":true,\"valueName\":\"search_term_string\"}}],\"inLanguage\":\"en-US\"},{\"@type\":\"Organization\",\"@id\":\"https:\\\/\\\/fleximarkshop-stage.nordlo.it\\\/#organization\",\"name\":\"FleximarkShop\",\"url\":\"https:\\\/\\\/fleximarkshop-stage.nordlo.it\\\/\",\"logo\":{\"@type\":\"ImageObject\",\"inLanguage\":\"en-US\",\"@id\":\"https:\\\/\\\/fleximarkshop-stage.nordlo.it\\\/#\\\/schema\\\/logo\\\/image\\\/\",\"url\":\"https:\\\/\\\/fleximarkshop-stage.nordlo.it\\\/wp-content\\\/uploads\\\/fleximark-logo.png\",\"contentUrl\":\"https:\\\/\\\/fleximarkshop-stage.nordlo.it\\\/wp-content\\\/uploads\\\/fleximark-logo.png\",\"width\":600,\"height\":80,\"caption\":\"FleximarkShop\"},\"image\":{\"@id\":\"https:\\\/\\\/fleximarkshop-stage.nordlo.it\\\/#\\\/schema\\\/logo\\\/image\\\/\"}}]}<\/script>\n<!-- \/ Yoast SEO plugin. -->","yoast_head_json":{"title":"Flexiprint kundanpassad - FleximarkShop","description":"Kundanpassad Flexiprint partm\u00e4rkning levereras f\u00e4rdigtryckt. F\u00f6r m\u00e4rkning av enkelledare, part och tunna kablar.","robots":{"index":"noindex","follow":"follow","max-snippet":"max-snippet:-1","max-image-preview":"max-image-preview:large","max-video-preview":"max-video-preview:-1"},"og_locale":"en_US","og_type":"article","og_title":"Flexiprint kundanpassad - FleximarkShop","og_description":"Kundanpassad Flexiprint partm\u00e4rkning levereras f\u00e4rdigtryckt. F\u00f6r m\u00e4rkning av enkelledare, part och tunna kablar.","og_url":"https:\/\/fleximarkshop-stage.nordlo.it\/en\/product\/flexiprint-kundanpassad\/","og_site_name":"FleximarkShop","article_modified_time":"2022-02-15T13:24:54+00:00","og_image":[{"width":1048,"height":1048,"url":"https:\/\/fleximarkshop-stage.nordlo.it\/wp-content\/uploads\/FLEXIPRINT_FCC_3.jpg","type":"image\/jpeg"}],"twitter_card":"summary_large_image","twitter_misc":{"Est. reading time":"1 minute"},"schema":{"@context":"https:\/\/schema.org","@graph":[{"@type":"WebPage","@id":"https:\/\/fleximarkshop-stage.nordlo.it\/produkt\/flexiprint-kundanpassad\/","url":"https:\/\/fleximarkshop-stage.nordlo.it\/produkt\/flexiprint-kundanpassad\/","name":"Flexiprint kundanpassad - FleximarkShop","isPartOf":{"@id":"https:\/\/fleximarkshop-stage.nordlo.it\/#website"},"primaryImageOfPage":{"@id":"https:\/\/fleximarkshop-stage.nordlo.it\/produkt\/flexiprint-kundanpassad\/#primaryimage"},"image":{"@id":"https:\/\/fleximarkshop-stage.nordlo.it\/produkt\/flexiprint-kundanpassad\/#primaryimage"},"thumbnailUrl":"https:\/\/fleximarkshop-stage.nordlo.it\/wp-content\/uploads\/FLEXIPRINT_FCC_3.jpg","datePublished":"2019-04-01T10:55:27+00:00","dateModified":"2022-02-15T13:24:54+00:00","description":"Kundanpassad Flexiprint partm\u00e4rkning levereras f\u00e4rdigtryckt. F\u00f6r m\u00e4rkning av enkelledare, part och tunna kablar.","breadcrumb":{"@id":"https:\/\/fleximarkshop-stage.nordlo.it\/produkt\/flexiprint-kundanpassad\/#breadcrumb"},"inLanguage":"en-US","potentialAction":[{"@type":"ReadAction","target":["https:\/\/fleximarkshop-stage.nordlo.it\/produkt\/flexiprint-kundanpassad\/"]}]},{"@type":"ImageObject","inLanguage":"en-US","@id":"https:\/\/fleximarkshop-stage.nordlo.it\/produkt\/flexiprint-kundanpassad\/#primaryimage","url":"https:\/\/fleximarkshop-stage.nordlo.it\/wp-content\/uploads\/FLEXIPRINT_FCC_3.jpg","contentUrl":"https:\/\/fleximarkshop-stage.nordlo.it\/wp-content\/uploads\/FLEXIPRINT_FCC_3.jpg","width":1048,"height":1048,"caption":"Flexiprint kundanpassad -3623"},{"@type":"BreadcrumbList","@id":"https:\/\/fleximarkshop-stage.nordlo.it\/produkt\/flexiprint-kundanpassad\/#breadcrumb","itemListElement":[{"@type":"ListItem","position":1,"name":"Hem","item":"https:\/\/fleximarkshop-stage.nordlo.it\/"},{"@type":"ListItem","position":2,"name":"Webbutik","item":"https:\/\/fleximarkshop-stage.nordlo.it\/butik\/"},{"@type":"ListItem","position":3,"name":"Flexiprint kundanpassad"}]},{"@type":"WebSite","@id":"https:\/\/fleximarkshop-stage.nordlo.it\/#website","url":"https:\/\/fleximarkshop-stage.nordlo.it\/","name":"FleximarkShop","description":"M\u00e4rkning &amp; M\u00e4rksystem online","publisher":{"@id":"https:\/\/fleximarkshop-stage.nordlo.it\/#organization"},"potentialAction":[{"@type":"SearchAction","target":{"@type":"EntryPoint","urlTemplate":"https:\/\/fleximarkshop-stage.nordlo.it\/?s={search_term_string}"},"query-input":{"@type":"PropertyValueSpecification","valueRequired":true,"valueName":"search_term_string"}}],"inLanguage":"en-US"},{"@type":"Organization","@id":"https:\/\/fleximarkshop-stage.nordlo.it\/#organization","name":"FleximarkShop","url":"https:\/\/fleximarkshop-stage.nordlo.it\/","logo":{"@type":"ImageObject","inLanguage":"en-US","@id":"https:\/\/fleximarkshop-stage.nordlo.it\/#\/schema\/logo\/image\/","url":"https:\/\/fleximarkshop-stage.nordlo.it\/wp-content\/uploads\/fleximark-logo.png","contentUrl":"https:\/\/fleximarkshop-stage.nordlo.it\/wp-content\/uploads\/fleximark-logo.png","width":600,"height":80,"caption":"FleximarkShop"},"image":{"@id":"https:\/\/fleximarkshop-stage.nordlo.it\/#\/schema\/logo\/image\/"}}]}},"_links":{"self":[{"href":"https:\/\/fleximarkshop-stage.nordlo.it\/en\/wp-json\/wp\/v2\/product\/4585","targetHints":{"allow":["GET"]}}],"collection":[{"href":"https:\/\/fleximarkshop-stage.nordlo.it\/en\/wp-json\/wp\/v2\/product"}],"about":[{"href":"https:\/\/fleximarkshop-stage.nordlo.it\/en\/wp-json\/wp\/v2\/types\/product"}],"wp:featuredmedia":[{"embeddable":true,"href":"https:\/\/fleximarkshop-stage.nordlo.it\/en\/wp-json\/wp\/v2\/media\/4582"}],"wp:attachment":[{"href":"https:\/\/fleximarkshop-stage.nordlo.it\/en\/wp-json\/wp\/v2\/media?parent=4585"}],"wp:term":[{"taxonomy":"product_brand","embeddable":true,"href":"https:\/\/fleximarkshop-stage.nordlo.it\/en\/wp-json\/wp\/v2\/product_brand?post=4585"},{"taxonomy":"product_cat","embeddable":true,"href":"https:\/\/fleximarkshop-stage.nordlo.it\/en\/wp-json\/wp\/v2\/product_cat?post=4585"},{"taxonomy":"product_tag","embeddable":true,"href":"https:\/\/fleximarkshop-stage.nordlo.it\/en\/wp-json\/wp\/v2\/product_tag?post=4585"}],"curies":[{"name":"wp","href":"https:\/\/api.w.org\/{rel}","templated":true}]}}