{"id":4605,"date":"2019-04-04T08:58:49","date_gmt":"2019-04-04T08:58:49","guid":{"rendered":"https:\/\/fleximark\/produkt\/fcc-o-kry-4-8x25-0-hal-wh\/"},"modified":"2022-02-08T11:50:09","modified_gmt":"2022-02-08T11:50:09","slug":"fcc-o-kry-4-8x25-0-hal-wh","status":"publish","type":"product","link":"https:\/\/fleximarkshop-stage.nordlo.it\/en\/product\/fcc-o-kry-4-8x25-0-hal-wh\/","title":{"rendered":"FCC O.kry 4.8&#215;25 0-HAL WH"},"content":{"rendered":"<p>F\u00e4rdigskriven organiserad krympslang p\u00e5 rulle enligt dina specifikationer.<\/p>\n<p><b>Operating temperature:<\/b>-30\u00b0C to +105\u00b0C<br \/>\n<b>Krympf\u00f6rh\u00e5llanden:<\/b> 2:1<br \/>\n<strong>Diameter:\u00a0<\/strong>4,8 mm<\/p>","protected":false},"excerpt":{"rendered":"<p><strong>Tillverkat av flexibel halogenfri polyolefinslang.<br \/>\nRullen ger en god \u00f6verblick \u00f6ver utskrivna m\u00e4rkningar.<br \/>\nV\u00e5r kundanpassade organiserade krympslang levereras f\u00e4rdigtryckt och klar f\u00f6r montering.<\/strong><\/p>","protected":false},"featured_media":4604,"template":"","meta":{"_acf_changed":false},"product_brand":[],"product_cat":[908,943],"product_tag":[],"class_list":{"0":"post-4605","1":"product","2":"type-product","3":"status-publish","4":"has-post-thumbnail","6":"product_cat-syrafast-markning","7":"product_cat-ledningsmarkning","8":"pa_antal-57","9":"pa_filter_ett-kundanpassning","10":"pa_filter_tva-halogenfri","11":"pa_filter_tva-kemikalieresistent","12":"pa_forpackningsenhet-369","13":"pa_langd-462","14":"pa_nav_item_discount_group-812","15":"sales-flash-overlay","16":"woocommerce-text-align-center","17":"woocommerce-image-align-center","18":"do-quantity-buttons","19":"wc-has-gallery","21":"first","22":"onbackorder","23":"taxable","24":"shipping-taxable","25":"purchasable","26":"product-type-simple"},"acf":[],"yoast_head":"<!-- This site is optimized with the Yoast SEO plugin v27.3 - https:\/\/yoast.com\/product\/yoast-seo-wordpress\/ -->\n<title>FCC O.kry 4.8x25 0-HAL WH - FleximarkShop<\/title>\n<meta name=\"description\" content=\"Kundanpassad organiserad krympslang f\u00f6r partm\u00e4rkning. Levereras f\u00e4rdigtryckt p\u00e5 rulle f\u00f6r smidig hantering, enligt dina specifikationer.\" \/>\n<meta name=\"robots\" content=\"noindex, follow, max-snippet:-1, max-image-preview:large, max-video-preview:-1\" \/>\n<meta property=\"og:locale\" content=\"en_US\" \/>\n<meta property=\"og:type\" content=\"article\" \/>\n<meta property=\"og:title\" content=\"FCC O.kry 4.8x25 0-HAL WH - FleximarkShop\" \/>\n<meta property=\"og:description\" content=\"Kundanpassad organiserad krympslang f\u00f6r partm\u00e4rkning. Levereras f\u00e4rdigtryckt p\u00e5 rulle f\u00f6r smidig hantering, enligt dina specifikationer.\" \/>\n<meta property=\"og:url\" content=\"https:\/\/fleximarkshop-stage.nordlo.it\/en\/product\/fcc-o-kry-4-8x25-0-hal-wh\/\" \/>\n<meta property=\"og:site_name\" content=\"FleximarkShop\" \/>\n<meta property=\"article:modified_time\" content=\"2022-02-08T11:50:09+00:00\" \/>\n<meta property=\"og:image\" content=\"https:\/\/fleximarkshop-stage.nordlo.it\/wp-content\/uploads\/83255387.jpg\" \/>\n\t<meta property=\"og:image:width\" content=\"1046\" \/>\n\t<meta property=\"og:image:height\" content=\"1046\" \/>\n\t<meta property=\"og:image:type\" content=\"image\/jpeg\" \/>\n<meta name=\"twitter:card\" content=\"summary_large_image\" \/>\n<script type=\"application\/ld+json\" class=\"yoast-schema-graph\">{\"@context\":\"https:\\\/\\\/schema.org\",\"@graph\":[{\"@type\":\"WebPage\",\"@id\":\"https:\\\/\\\/fleximarkshop-stage.nordlo.it\\\/produkt\\\/fcc-o-kry-4-8x25-0-hal-wh\\\/\",\"url\":\"https:\\\/\\\/fleximarkshop-stage.nordlo.it\\\/produkt\\\/fcc-o-kry-4-8x25-0-hal-wh\\\/\",\"name\":\"FCC O.kry 4.8x25 0-HAL WH - FleximarkShop\",\"isPartOf\":{\"@id\":\"https:\\\/\\\/fleximarkshop-stage.nordlo.it\\\/#website\"},\"primaryImageOfPage\":{\"@id\":\"https:\\\/\\\/fleximarkshop-stage.nordlo.it\\\/produkt\\\/fcc-o-kry-4-8x25-0-hal-wh\\\/#primaryimage\"},\"image\":{\"@id\":\"https:\\\/\\\/fleximarkshop-stage.nordlo.it\\\/produkt\\\/fcc-o-kry-4-8x25-0-hal-wh\\\/#primaryimage\"},\"thumbnailUrl\":\"https:\\\/\\\/fleximarkshop-stage.nordlo.it\\\/wp-content\\\/uploads\\\/83255387.jpg\",\"datePublished\":\"2019-04-04T08:58:49+00:00\",\"dateModified\":\"2022-02-08T11:50:09+00:00\",\"description\":\"Kundanpassad organiserad krympslang f\u00f6r partm\u00e4rkning. Levereras f\u00e4rdigtryckt p\u00e5 rulle f\u00f6r smidig hantering, enligt dina specifikationer.\",\"breadcrumb\":{\"@id\":\"https:\\\/\\\/fleximarkshop-stage.nordlo.it\\\/produkt\\\/fcc-o-kry-4-8x25-0-hal-wh\\\/#breadcrumb\"},\"inLanguage\":\"en-US\",\"potentialAction\":[{\"@type\":\"ReadAction\",\"target\":[\"https:\\\/\\\/fleximarkshop-stage.nordlo.it\\\/produkt\\\/fcc-o-kry-4-8x25-0-hal-wh\\\/\"]}]},{\"@type\":\"ImageObject\",\"inLanguage\":\"en-US\",\"@id\":\"https:\\\/\\\/fleximarkshop-stage.nordlo.it\\\/produkt\\\/fcc-o-kry-4-8x25-0-hal-wh\\\/#primaryimage\",\"url\":\"https:\\\/\\\/fleximarkshop-stage.nordlo.it\\\/wp-content\\\/uploads\\\/83255387.jpg\",\"contentUrl\":\"https:\\\/\\\/fleximarkshop-stage.nordlo.it\\\/wp-content\\\/uploads\\\/83255387.jpg\",\"width\":1046,\"height\":1046,\"caption\":\"FCC O.kry 4.8x25 0-HAL WH -0\"},{\"@type\":\"BreadcrumbList\",\"@id\":\"https:\\\/\\\/fleximarkshop-stage.nordlo.it\\\/produkt\\\/fcc-o-kry-4-8x25-0-hal-wh\\\/#breadcrumb\",\"itemListElement\":[{\"@type\":\"ListItem\",\"position\":1,\"name\":\"Hem\",\"item\":\"https:\\\/\\\/fleximarkshop-stage.nordlo.it\\\/\"},{\"@type\":\"ListItem\",\"position\":2,\"name\":\"Webbutik\",\"item\":\"https:\\\/\\\/fleximarkshop-stage.nordlo.it\\\/butik\\\/\"},{\"@type\":\"ListItem\",\"position\":3,\"name\":\"FCC O.kry 4.8&#215;25 0-HAL WH\"}]},{\"@type\":\"WebSite\",\"@id\":\"https:\\\/\\\/fleximarkshop-stage.nordlo.it\\\/#website\",\"url\":\"https:\\\/\\\/fleximarkshop-stage.nordlo.it\\\/\",\"name\":\"FleximarkShop\",\"description\":\"M\u00e4rkning &amp; M\u00e4rksystem online\",\"publisher\":{\"@id\":\"https:\\\/\\\/fleximarkshop-stage.nordlo.it\\\/#organization\"},\"potentialAction\":[{\"@type\":\"SearchAction\",\"target\":{\"@type\":\"EntryPoint\",\"urlTemplate\":\"https:\\\/\\\/fleximarkshop-stage.nordlo.it\\\/?s={search_term_string}\"},\"query-input\":{\"@type\":\"PropertyValueSpecification\",\"valueRequired\":true,\"valueName\":\"search_term_string\"}}],\"inLanguage\":\"en-US\"},{\"@type\":\"Organization\",\"@id\":\"https:\\\/\\\/fleximarkshop-stage.nordlo.it\\\/#organization\",\"name\":\"FleximarkShop\",\"url\":\"https:\\\/\\\/fleximarkshop-stage.nordlo.it\\\/\",\"logo\":{\"@type\":\"ImageObject\",\"inLanguage\":\"en-US\",\"@id\":\"https:\\\/\\\/fleximarkshop-stage.nordlo.it\\\/#\\\/schema\\\/logo\\\/image\\\/\",\"url\":\"https:\\\/\\\/fleximarkshop-stage.nordlo.it\\\/wp-content\\\/uploads\\\/fleximark-logo.png\",\"contentUrl\":\"https:\\\/\\\/fleximarkshop-stage.nordlo.it\\\/wp-content\\\/uploads\\\/fleximark-logo.png\",\"width\":600,\"height\":80,\"caption\":\"FleximarkShop\"},\"image\":{\"@id\":\"https:\\\/\\\/fleximarkshop-stage.nordlo.it\\\/#\\\/schema\\\/logo\\\/image\\\/\"}}]}<\/script>\n<!-- \/ Yoast SEO plugin. -->","yoast_head_json":{"title":"FCC O.kry 4.8x25 0-HAL WH - FleximarkShop","description":"Kundanpassad organiserad krympslang f\u00f6r partm\u00e4rkning. Levereras f\u00e4rdigtryckt p\u00e5 rulle f\u00f6r smidig hantering, enligt dina specifikationer.","robots":{"index":"noindex","follow":"follow","max-snippet":"max-snippet:-1","max-image-preview":"max-image-preview:large","max-video-preview":"max-video-preview:-1"},"og_locale":"en_US","og_type":"article","og_title":"FCC O.kry 4.8x25 0-HAL WH - FleximarkShop","og_description":"Kundanpassad organiserad krympslang f\u00f6r partm\u00e4rkning. Levereras f\u00e4rdigtryckt p\u00e5 rulle f\u00f6r smidig hantering, enligt dina specifikationer.","og_url":"https:\/\/fleximarkshop-stage.nordlo.it\/en\/product\/fcc-o-kry-4-8x25-0-hal-wh\/","og_site_name":"FleximarkShop","article_modified_time":"2022-02-08T11:50:09+00:00","og_image":[{"width":1046,"height":1046,"url":"https:\/\/fleximarkshop-stage.nordlo.it\/wp-content\/uploads\/83255387.jpg","type":"image\/jpeg"}],"twitter_card":"summary_large_image","schema":{"@context":"https:\/\/schema.org","@graph":[{"@type":"WebPage","@id":"https:\/\/fleximarkshop-stage.nordlo.it\/produkt\/fcc-o-kry-4-8x25-0-hal-wh\/","url":"https:\/\/fleximarkshop-stage.nordlo.it\/produkt\/fcc-o-kry-4-8x25-0-hal-wh\/","name":"FCC O.kry 4.8x25 0-HAL WH - FleximarkShop","isPartOf":{"@id":"https:\/\/fleximarkshop-stage.nordlo.it\/#website"},"primaryImageOfPage":{"@id":"https:\/\/fleximarkshop-stage.nordlo.it\/produkt\/fcc-o-kry-4-8x25-0-hal-wh\/#primaryimage"},"image":{"@id":"https:\/\/fleximarkshop-stage.nordlo.it\/produkt\/fcc-o-kry-4-8x25-0-hal-wh\/#primaryimage"},"thumbnailUrl":"https:\/\/fleximarkshop-stage.nordlo.it\/wp-content\/uploads\/83255387.jpg","datePublished":"2019-04-04T08:58:49+00:00","dateModified":"2022-02-08T11:50:09+00:00","description":"Kundanpassad organiserad krympslang f\u00f6r partm\u00e4rkning. Levereras f\u00e4rdigtryckt p\u00e5 rulle f\u00f6r smidig hantering, enligt dina specifikationer.","breadcrumb":{"@id":"https:\/\/fleximarkshop-stage.nordlo.it\/produkt\/fcc-o-kry-4-8x25-0-hal-wh\/#breadcrumb"},"inLanguage":"en-US","potentialAction":[{"@type":"ReadAction","target":["https:\/\/fleximarkshop-stage.nordlo.it\/produkt\/fcc-o-kry-4-8x25-0-hal-wh\/"]}]},{"@type":"ImageObject","inLanguage":"en-US","@id":"https:\/\/fleximarkshop-stage.nordlo.it\/produkt\/fcc-o-kry-4-8x25-0-hal-wh\/#primaryimage","url":"https:\/\/fleximarkshop-stage.nordlo.it\/wp-content\/uploads\/83255387.jpg","contentUrl":"https:\/\/fleximarkshop-stage.nordlo.it\/wp-content\/uploads\/83255387.jpg","width":1046,"height":1046,"caption":"FCC O.kry 4.8x25 0-HAL WH -0"},{"@type":"BreadcrumbList","@id":"https:\/\/fleximarkshop-stage.nordlo.it\/produkt\/fcc-o-kry-4-8x25-0-hal-wh\/#breadcrumb","itemListElement":[{"@type":"ListItem","position":1,"name":"Hem","item":"https:\/\/fleximarkshop-stage.nordlo.it\/"},{"@type":"ListItem","position":2,"name":"Webbutik","item":"https:\/\/fleximarkshop-stage.nordlo.it\/butik\/"},{"@type":"ListItem","position":3,"name":"FCC O.kry 4.8&#215;25 0-HAL WH"}]},{"@type":"WebSite","@id":"https:\/\/fleximarkshop-stage.nordlo.it\/#website","url":"https:\/\/fleximarkshop-stage.nordlo.it\/","name":"FleximarkShop","description":"M\u00e4rkning &amp; M\u00e4rksystem online","publisher":{"@id":"https:\/\/fleximarkshop-stage.nordlo.it\/#organization"},"potentialAction":[{"@type":"SearchAction","target":{"@type":"EntryPoint","urlTemplate":"https:\/\/fleximarkshop-stage.nordlo.it\/?s={search_term_string}"},"query-input":{"@type":"PropertyValueSpecification","valueRequired":true,"valueName":"search_term_string"}}],"inLanguage":"en-US"},{"@type":"Organization","@id":"https:\/\/fleximarkshop-stage.nordlo.it\/#organization","name":"FleximarkShop","url":"https:\/\/fleximarkshop-stage.nordlo.it\/","logo":{"@type":"ImageObject","inLanguage":"en-US","@id":"https:\/\/fleximarkshop-stage.nordlo.it\/#\/schema\/logo\/image\/","url":"https:\/\/fleximarkshop-stage.nordlo.it\/wp-content\/uploads\/fleximark-logo.png","contentUrl":"https:\/\/fleximarkshop-stage.nordlo.it\/wp-content\/uploads\/fleximark-logo.png","width":600,"height":80,"caption":"FleximarkShop"},"image":{"@id":"https:\/\/fleximarkshop-stage.nordlo.it\/#\/schema\/logo\/image\/"}}]}},"_links":{"self":[{"href":"https:\/\/fleximarkshop-stage.nordlo.it\/en\/wp-json\/wp\/v2\/product\/4605","targetHints":{"allow":["GET"]}}],"collection":[{"href":"https:\/\/fleximarkshop-stage.nordlo.it\/en\/wp-json\/wp\/v2\/product"}],"about":[{"href":"https:\/\/fleximarkshop-stage.nordlo.it\/en\/wp-json\/wp\/v2\/types\/product"}],"wp:featuredmedia":[{"embeddable":true,"href":"https:\/\/fleximarkshop-stage.nordlo.it\/en\/wp-json\/wp\/v2\/media\/4604"}],"wp:attachment":[{"href":"https:\/\/fleximarkshop-stage.nordlo.it\/en\/wp-json\/wp\/v2\/media?parent=4605"}],"wp:term":[{"taxonomy":"product_brand","embeddable":true,"href":"https:\/\/fleximarkshop-stage.nordlo.it\/en\/wp-json\/wp\/v2\/product_brand?post=4605"},{"taxonomy":"product_cat","embeddable":true,"href":"https:\/\/fleximarkshop-stage.nordlo.it\/en\/wp-json\/wp\/v2\/product_cat?post=4605"},{"taxonomy":"product_tag","embeddable":true,"href":"https:\/\/fleximarkshop-stage.nordlo.it\/en\/wp-json\/wp\/v2\/product_tag?post=4605"}],"curies":[{"name":"wp","href":"https:\/\/api.w.org\/{rel}","templated":true}]}}