{"id":4740,"date":"2019-07-31T15:24:28","date_gmt":"2019-07-31T15:24:28","guid":{"rendered":"https:\/\/fleximark\/produkt\/brother-pt-e110vp\/"},"modified":"2019-07-31T15:24:28","modified_gmt":"2019-07-31T15:24:28","slug":"brother-pt-e110vp","status":"publish","type":"product","link":"https:\/\/fleximarkshop-stage.nordlo.it\/en\/product\/brother-pt-e110vp\/","title":{"rendered":"Brother PT-E110VP"},"content":{"rendered":"<p><b>Brother PT-E110VP \u00e4r en l\u00e4ttanv\u00e4nd handh\u00e5llen m\u00e4rkmaskin f\u00f6r industriellt bruk med specialfunktioner f\u00f6r snabb och enkel m\u00e4rkning.<\/p>\n<p> M\u00e4rkmaskinen \u00e4r speciellt anv\u00e4ndbar f\u00f6r installat\u00f6rer. Fyra snabbvalsknappar ger direkt tillg\u00e5ng till m\u00e4rkningsfunktioner speciellt framtagna <br \/> f\u00f6r kabelm\u00e4rkning, flaggm\u00e4rkning, man\u00f6verpaneler och utskrift av nummerserier och bokst\u00e4ver. Det numeriska tangentbordet s\u00e4kerst\u00e4ller <br \/> snabb och enkel inmatning av siffror. 200 vanliga symboler finns tillg\u00e4ngliga f\u00f6r el, audio\/video, s\u00e4kerhet och data.<\/p>\n<p>  Skriver upp till 12 mm breda etiketter. Leveraras i en praktisk b\u00e4rbar v\u00e4ska tillsammans med 1 st. 9 mm Flexible-ID TZe-tape och str\u00f6madapter.<\/p>\n<p>  Brothers TZe-tape finns i ett brett utbud av olika varianter, bredder och f\u00e4rger.    <\/p>","protected":false},"excerpt":{"rendered":"<p> Industriell handh\u00e5llen m\u00e4rkapparat fr\u00e5n Brother.<br \/>  T\u00e5lig robust design.<br \/>  LCD-sk\u00e4rm.<br \/>  Specialfunktioner f\u00f6r m\u00e4rkningskrav inom elinstallation.<br \/>  200 vanliga symboler f\u00f6r el, audio\/video, s\u00e4kerhet och data.<br \/>  Snabbval f\u00f6r de vanligaste etiketterna.<br \/>  Levereras med 1 st. 9 mm Flexible-ID TZe-tape, str\u00f6madapter och v\u00e4ska.<br \/>  Skriver ut etiketter i 3,5 mm, 6 mm och 12 mm bredd.<br \/>  M\u00e5tt: 11 (B) x 204 (H) x 58 (D) mm<br \/>  Vikt: 0.400 kg<br \/>  3 \u00e5rs garanti  <\/p>","protected":false},"featured_media":4737,"template":"","meta":{"_acf_changed":false},"product_brand":[],"product_cat":[947,904,917],"product_tag":[],"class_list":{"0":"post-4740","1":"product","2":"type-product","3":"status-publish","4":"has-post-thumbnail","6":"product_cat-industriella-markapparater-brother","7":"product_cat-programvara-och-markmaskiner","8":"product_cat-skrivare-markapparater","9":"pa_nav_item_discount_group-846","10":"sales-flash-overlay","11":"woocommerce-text-align-center","12":"woocommerce-image-align-center","13":"do-quantity-buttons","14":"wc-has-gallery","16":"first","17":"onbackorder","18":"taxable","19":"shipping-taxable","20":"purchasable","21":"product-type-simple"},"acf":[],"yoast_head":"<!-- This site is optimized with the Yoast SEO plugin v27.5 - https:\/\/yoast.com\/product\/yoast-seo-wordpress\/ -->\n<title>Brother PT-E110VP - FleximarkShop<\/title>\n<meta name=\"robots\" content=\"noindex, follow, max-snippet:-1, max-image-preview:large, max-video-preview:-1\" \/>\n<meta property=\"og:locale\" content=\"en_US\" \/>\n<meta property=\"og:type\" content=\"article\" \/>\n<meta property=\"og:title\" content=\"Brother PT-E110VP - FleximarkShop\" \/>\n<meta property=\"og:description\" content=\"Industriell handh\u00e5llen m\u00e4rkapparat fr\u00e5n Brother. T\u00e5lig robust design. LCD-sk\u00e4rm. Specialfunktioner f\u00f6r m\u00e4rkningskrav inom elinstallation. 200 vanliga symboler f\u00f6r el, audio\/video, s\u00e4kerhet och data. Snabbval f\u00f6r de vanligaste etiketterna. Levereras med 1 st. 9 mm Flexible-ID TZe-tape, str\u00f6madapter och v\u00e4ska. Skriver ut etiketter i 3,5 mm, 6 mm och 12 mm bredd. M\u00e5tt: 11 (B) x 204 (H) x 58 (D) mm Vikt: 0.400 kg 3 \u00e5rs garanti\" \/>\n<meta property=\"og:url\" content=\"https:\/\/fleximarkshop-stage.nordlo.it\/en\/product\/brother-pt-e110vp\/\" \/>\n<meta property=\"og:site_name\" content=\"FleximarkShop\" \/>\n<meta property=\"og:image\" content=\"https:\/\/fleximarkshop-stage.nordlo.it\/wp-content\/uploads\/83257065_2.jpg\" \/>\n\t<meta property=\"og:image:width\" content=\"357\" \/>\n\t<meta property=\"og:image:height\" content=\"357\" \/>\n\t<meta property=\"og:image:type\" content=\"image\/jpeg\" \/>\n<meta name=\"twitter:card\" content=\"summary_large_image\" \/>\n<meta name=\"twitter:label1\" content=\"Est. reading time\" \/>\n\t<meta name=\"twitter:data1\" content=\"1 minute\" \/>\n<script type=\"application\/ld+json\" class=\"yoast-schema-graph\">{\"@context\":\"https:\\\/\\\/schema.org\",\"@graph\":[{\"@type\":\"WebPage\",\"@id\":\"https:\\\/\\\/fleximarkshop-stage.nordlo.it\\\/produkt\\\/brother-pt-e110vp\\\/\",\"url\":\"https:\\\/\\\/fleximarkshop-stage.nordlo.it\\\/produkt\\\/brother-pt-e110vp\\\/\",\"name\":\"Brother PT-E110VP - FleximarkShop\",\"isPartOf\":{\"@id\":\"https:\\\/\\\/fleximarkshop-stage.nordlo.it\\\/#website\"},\"primaryImageOfPage\":{\"@id\":\"https:\\\/\\\/fleximarkshop-stage.nordlo.it\\\/produkt\\\/brother-pt-e110vp\\\/#primaryimage\"},\"image\":{\"@id\":\"https:\\\/\\\/fleximarkshop-stage.nordlo.it\\\/produkt\\\/brother-pt-e110vp\\\/#primaryimage\"},\"thumbnailUrl\":\"https:\\\/\\\/fleximarkshop-stage.nordlo.it\\\/wp-content\\\/uploads\\\/83257065_2.jpg\",\"datePublished\":\"2019-07-31T15:24:28+00:00\",\"breadcrumb\":{\"@id\":\"https:\\\/\\\/fleximarkshop-stage.nordlo.it\\\/produkt\\\/brother-pt-e110vp\\\/#breadcrumb\"},\"inLanguage\":\"en-US\",\"potentialAction\":[{\"@type\":\"ReadAction\",\"target\":[\"https:\\\/\\\/fleximarkshop-stage.nordlo.it\\\/produkt\\\/brother-pt-e110vp\\\/\"]}]},{\"@type\":\"ImageObject\",\"inLanguage\":\"en-US\",\"@id\":\"https:\\\/\\\/fleximarkshop-stage.nordlo.it\\\/produkt\\\/brother-pt-e110vp\\\/#primaryimage\",\"url\":\"https:\\\/\\\/fleximarkshop-stage.nordlo.it\\\/wp-content\\\/uploads\\\/83257065_2.jpg\",\"contentUrl\":\"https:\\\/\\\/fleximarkshop-stage.nordlo.it\\\/wp-content\\\/uploads\\\/83257065_2.jpg\",\"width\":357,\"height\":357,\"caption\":\"Brother PT_E110VP v\u00e4ska\"},{\"@type\":\"BreadcrumbList\",\"@id\":\"https:\\\/\\\/fleximarkshop-stage.nordlo.it\\\/produkt\\\/brother-pt-e110vp\\\/#breadcrumb\",\"itemListElement\":[{\"@type\":\"ListItem\",\"position\":1,\"name\":\"Hem\",\"item\":\"https:\\\/\\\/fleximarkshop-stage.nordlo.it\\\/\"},{\"@type\":\"ListItem\",\"position\":2,\"name\":\"Webbutik\",\"item\":\"https:\\\/\\\/fleximarkshop-stage.nordlo.it\\\/butik\\\/\"},{\"@type\":\"ListItem\",\"position\":3,\"name\":\"Brother PT-E110VP\"}]},{\"@type\":\"WebSite\",\"@id\":\"https:\\\/\\\/fleximarkshop-stage.nordlo.it\\\/#website\",\"url\":\"https:\\\/\\\/fleximarkshop-stage.nordlo.it\\\/\",\"name\":\"FleximarkShop\",\"description\":\"M\u00e4rkning &amp; M\u00e4rksystem online\",\"publisher\":{\"@id\":\"https:\\\/\\\/fleximarkshop-stage.nordlo.it\\\/#organization\"},\"potentialAction\":[{\"@type\":\"SearchAction\",\"target\":{\"@type\":\"EntryPoint\",\"urlTemplate\":\"https:\\\/\\\/fleximarkshop-stage.nordlo.it\\\/?s={search_term_string}\"},\"query-input\":{\"@type\":\"PropertyValueSpecification\",\"valueRequired\":true,\"valueName\":\"search_term_string\"}}],\"inLanguage\":\"en-US\"},{\"@type\":\"Organization\",\"@id\":\"https:\\\/\\\/fleximarkshop-stage.nordlo.it\\\/#organization\",\"name\":\"FleximarkShop\",\"url\":\"https:\\\/\\\/fleximarkshop-stage.nordlo.it\\\/\",\"logo\":{\"@type\":\"ImageObject\",\"inLanguage\":\"en-US\",\"@id\":\"https:\\\/\\\/fleximarkshop-stage.nordlo.it\\\/#\\\/schema\\\/logo\\\/image\\\/\",\"url\":\"https:\\\/\\\/fleximarkshop-stage.nordlo.it\\\/wp-content\\\/uploads\\\/fleximark-logo.png\",\"contentUrl\":\"https:\\\/\\\/fleximarkshop-stage.nordlo.it\\\/wp-content\\\/uploads\\\/fleximark-logo.png\",\"width\":600,\"height\":80,\"caption\":\"FleximarkShop\"},\"image\":{\"@id\":\"https:\\\/\\\/fleximarkshop-stage.nordlo.it\\\/#\\\/schema\\\/logo\\\/image\\\/\"}}]}<\/script>\n<!-- \/ Yoast SEO plugin. -->","yoast_head_json":{"title":"Brother PT-E110VP - FleximarkShop","robots":{"index":"noindex","follow":"follow","max-snippet":"max-snippet:-1","max-image-preview":"max-image-preview:large","max-video-preview":"max-video-preview:-1"},"og_locale":"en_US","og_type":"article","og_title":"Brother PT-E110VP - FleximarkShop","og_description":"Industriell handh\u00e5llen m\u00e4rkapparat fr\u00e5n Brother. T\u00e5lig robust design. LCD-sk\u00e4rm. Specialfunktioner f\u00f6r m\u00e4rkningskrav inom elinstallation. 200 vanliga symboler f\u00f6r el, audio\/video, s\u00e4kerhet och data. Snabbval f\u00f6r de vanligaste etiketterna. Levereras med 1 st. 9 mm Flexible-ID TZe-tape, str\u00f6madapter och v\u00e4ska. Skriver ut etiketter i 3,5 mm, 6 mm och 12 mm bredd. M\u00e5tt: 11 (B) x 204 (H) x 58 (D) mm Vikt: 0.400 kg 3 \u00e5rs garanti","og_url":"https:\/\/fleximarkshop-stage.nordlo.it\/en\/product\/brother-pt-e110vp\/","og_site_name":"FleximarkShop","og_image":[{"width":357,"height":357,"url":"https:\/\/fleximarkshop-stage.nordlo.it\/wp-content\/uploads\/83257065_2.jpg","type":"image\/jpeg"}],"twitter_card":"summary_large_image","twitter_misc":{"Est. reading time":"1 minute"},"schema":{"@context":"https:\/\/schema.org","@graph":[{"@type":"WebPage","@id":"https:\/\/fleximarkshop-stage.nordlo.it\/produkt\/brother-pt-e110vp\/","url":"https:\/\/fleximarkshop-stage.nordlo.it\/produkt\/brother-pt-e110vp\/","name":"Brother PT-E110VP - FleximarkShop","isPartOf":{"@id":"https:\/\/fleximarkshop-stage.nordlo.it\/#website"},"primaryImageOfPage":{"@id":"https:\/\/fleximarkshop-stage.nordlo.it\/produkt\/brother-pt-e110vp\/#primaryimage"},"image":{"@id":"https:\/\/fleximarkshop-stage.nordlo.it\/produkt\/brother-pt-e110vp\/#primaryimage"},"thumbnailUrl":"https:\/\/fleximarkshop-stage.nordlo.it\/wp-content\/uploads\/83257065_2.jpg","datePublished":"2019-07-31T15:24:28+00:00","breadcrumb":{"@id":"https:\/\/fleximarkshop-stage.nordlo.it\/produkt\/brother-pt-e110vp\/#breadcrumb"},"inLanguage":"en-US","potentialAction":[{"@type":"ReadAction","target":["https:\/\/fleximarkshop-stage.nordlo.it\/produkt\/brother-pt-e110vp\/"]}]},{"@type":"ImageObject","inLanguage":"en-US","@id":"https:\/\/fleximarkshop-stage.nordlo.it\/produkt\/brother-pt-e110vp\/#primaryimage","url":"https:\/\/fleximarkshop-stage.nordlo.it\/wp-content\/uploads\/83257065_2.jpg","contentUrl":"https:\/\/fleximarkshop-stage.nordlo.it\/wp-content\/uploads\/83257065_2.jpg","width":357,"height":357,"caption":"Brother PT_E110VP v\u00e4ska"},{"@type":"BreadcrumbList","@id":"https:\/\/fleximarkshop-stage.nordlo.it\/produkt\/brother-pt-e110vp\/#breadcrumb","itemListElement":[{"@type":"ListItem","position":1,"name":"Hem","item":"https:\/\/fleximarkshop-stage.nordlo.it\/"},{"@type":"ListItem","position":2,"name":"Webbutik","item":"https:\/\/fleximarkshop-stage.nordlo.it\/butik\/"},{"@type":"ListItem","position":3,"name":"Brother PT-E110VP"}]},{"@type":"WebSite","@id":"https:\/\/fleximarkshop-stage.nordlo.it\/#website","url":"https:\/\/fleximarkshop-stage.nordlo.it\/","name":"FleximarkShop","description":"M\u00e4rkning &amp; M\u00e4rksystem online","publisher":{"@id":"https:\/\/fleximarkshop-stage.nordlo.it\/#organization"},"potentialAction":[{"@type":"SearchAction","target":{"@type":"EntryPoint","urlTemplate":"https:\/\/fleximarkshop-stage.nordlo.it\/?s={search_term_string}"},"query-input":{"@type":"PropertyValueSpecification","valueRequired":true,"valueName":"search_term_string"}}],"inLanguage":"en-US"},{"@type":"Organization","@id":"https:\/\/fleximarkshop-stage.nordlo.it\/#organization","name":"FleximarkShop","url":"https:\/\/fleximarkshop-stage.nordlo.it\/","logo":{"@type":"ImageObject","inLanguage":"en-US","@id":"https:\/\/fleximarkshop-stage.nordlo.it\/#\/schema\/logo\/image\/","url":"https:\/\/fleximarkshop-stage.nordlo.it\/wp-content\/uploads\/fleximark-logo.png","contentUrl":"https:\/\/fleximarkshop-stage.nordlo.it\/wp-content\/uploads\/fleximark-logo.png","width":600,"height":80,"caption":"FleximarkShop"},"image":{"@id":"https:\/\/fleximarkshop-stage.nordlo.it\/#\/schema\/logo\/image\/"}}]}},"_links":{"self":[{"href":"https:\/\/fleximarkshop-stage.nordlo.it\/en\/wp-json\/wp\/v2\/product\/4740","targetHints":{"allow":["GET"]}}],"collection":[{"href":"https:\/\/fleximarkshop-stage.nordlo.it\/en\/wp-json\/wp\/v2\/product"}],"about":[{"href":"https:\/\/fleximarkshop-stage.nordlo.it\/en\/wp-json\/wp\/v2\/types\/product"}],"wp:featuredmedia":[{"embeddable":true,"href":"https:\/\/fleximarkshop-stage.nordlo.it\/en\/wp-json\/wp\/v2\/media\/4737"}],"wp:attachment":[{"href":"https:\/\/fleximarkshop-stage.nordlo.it\/en\/wp-json\/wp\/v2\/media?parent=4740"}],"wp:term":[{"taxonomy":"product_brand","embeddable":true,"href":"https:\/\/fleximarkshop-stage.nordlo.it\/en\/wp-json\/wp\/v2\/product_brand?post=4740"},{"taxonomy":"product_cat","embeddable":true,"href":"https:\/\/fleximarkshop-stage.nordlo.it\/en\/wp-json\/wp\/v2\/product_cat?post=4740"},{"taxonomy":"product_tag","embeddable":true,"href":"https:\/\/fleximarkshop-stage.nordlo.it\/en\/wp-json\/wp\/v2\/product_tag?post=4740"}],"curies":[{"name":"wp","href":"https:\/\/api.w.org\/{rel}","templated":true}]}}