{"id":4744,"date":"2019-07-31T16:24:26","date_gmt":"2019-07-31T16:24:26","guid":{"rendered":"https:\/\/fleximark\/produkt\/brother-pt-e300vp\/"},"modified":"2019-07-31T16:24:26","modified_gmt":"2019-07-31T16:24:26","slug":"brother-pt-e300vp","status":"publish","type":"product","link":"https:\/\/fleximarkshop-stage.nordlo.it\/en\/product\/brother-pt-e300vp\/","title":{"rendered":"Brother PT-E300VP"},"content":{"rendered":"<p><b>Brother PT-E300VP \u00e4r en robust och t\u00e5lig handh\u00e5llen m\u00e4rkmaskin f\u00f6r proffsen som m\u00f6jligg\u00f6r snabb, enkel och trygg m\u00e4rkning f\u00f6r bl a. el, data\/tele.<\/p>\n<p> PT-E300VP har en stor bakgrundsbelyst grafisk LCD-sk\u00e4rm (16 tecken x 3 rader), numeriskt tangentbord (QWERTY) och en m\u00e4ngd smarta funktioner som <br \/> underl\u00e4ttar ditt arbete; Snabbvalsknappar, 384 st symboler (f\u00f6r el, audio\/video, s\u00e4kerhet och data) och f\u00f6rinst\u00e4llda etikettlayouter f\u00f6r kabelm\u00e4rkning.<br \/> Den smarta utskrifsmotorn f\u00f6r termotransfer med sensorteknik st\u00e4ller atutomatiskt in r\u00e4tt inst\u00e4llningar och ger exakta etiketter best\u00e4ndiga mot UV-ljus, slitage,<br \/> temperaturv\u00e4xlingar, kemikalier och v\u00e4tskor. PT-E300VP har ocks\u00e5 en smart teknik f\u00f6r teckenstorlek som automatiskt v\u00e4ljs ut f\u00f6r att passa p\u00e5 r\u00e4tt etikettstorlek.<\/p>\n<p>  Skriver upp till 18 mm breda etiketter. Leveraras i en praktisk b\u00e4rbar v\u00e4ska tillsammans med handledsrem, 1 st. 9 mm Flexible-ID TZe-tape, str\u00f6madapter och ett<br \/> laddningsbart Li-ion batteri .<\/p>\n<p>  Brothers TZe-tape finns i ett brett utbud av olika varianter, bredder och f\u00e4rger. <\/p>","protected":false},"excerpt":{"rendered":"<p> Industriell handh\u00e5llen m\u00e4rkapparat f\u00f6r proffsen. <br \/>  T\u00e5lig robust design med gummibeslag som skyddar mot p\u00e5frestningar.<br \/>  Stor bakgrundsbelyst och grafisk LCD-sk\u00e4rm.<br \/>  Specialfunktioner, snabbval och f\u00f6rinst\u00e4llda ettikettlayouter f\u00f6r kabelm\u00e4rking. <br \/>  384 symboler f\u00f6r el, audio\/video, s\u00e4kerhet och data.<br \/>  Levereras med handledsrem 1 st. 18 mm Flexible-ID TZe-tape, str\u00f6madapter, laddningsbart Li-ion batteri och b\u00e4rv\u00e4ska.<br \/>  Skriver ut etiketter i 3,5 mm, 6 mm, 12 mm och 18 mm bredd.<br \/>  M\u00e5tt: 134 (B) x 221 (H) x 69 (D) mm<br \/>  Vikt: 0.740 kg<br \/>  3 \u00e5rs garanti <\/p>","protected":false},"featured_media":4741,"template":"","meta":{"_acf_changed":false},"product_brand":[],"product_cat":[947,904,917],"product_tag":[],"class_list":{"0":"post-4744","1":"product","2":"type-product","3":"status-publish","4":"has-post-thumbnail","6":"product_cat-industriella-markapparater-brother","7":"product_cat-programvara-och-markmaskiner","8":"product_cat-skrivare-markapparater","9":"pa_antal-57","10":"pa_filter_ett-standardmontering","11":"pa_nav_item_discount_group-846","12":"sales-flash-overlay","13":"woocommerce-text-align-center","14":"woocommerce-image-align-center","15":"do-quantity-buttons","16":"wc-has-gallery","18":"first","19":"onbackorder","20":"taxable","21":"shipping-taxable","22":"purchasable","23":"product-type-simple"},"acf":[],"yoast_head":"<!-- This site is optimized with the Yoast SEO plugin v27.4 - https:\/\/yoast.com\/product\/yoast-seo-wordpress\/ -->\n<title>Brother PT-E300VP - FleximarkShop<\/title>\n<meta name=\"robots\" content=\"noindex, follow, max-snippet:-1, max-image-preview:large, max-video-preview:-1\" \/>\n<meta property=\"og:locale\" content=\"en_US\" \/>\n<meta property=\"og:type\" content=\"article\" \/>\n<meta property=\"og:title\" content=\"Brother PT-E300VP - FleximarkShop\" \/>\n<meta property=\"og:description\" content=\"Industriell handh\u00e5llen m\u00e4rkapparat f\u00f6r proffsen.  T\u00e5lig robust design med gummibeslag som skyddar mot p\u00e5frestningar. Stor bakgrundsbelyst och grafisk LCD-sk\u00e4rm. Specialfunktioner, snabbval och f\u00f6rinst\u00e4llda ettikettlayouter f\u00f6r kabelm\u00e4rking.  384 symboler f\u00f6r el, audio\/video, s\u00e4kerhet och data. Levereras med handledsrem 1 st. 18 mm Flexible-ID TZe-tape, str\u00f6madapter, laddningsbart Li-ion batteri och b\u00e4rv\u00e4ska. Skriver ut etiketter i 3,5 mm, 6 mm, 12 mm och 18 mm bredd. M\u00e5tt: 134 (B) x 221 (H) x 69 (D) mm Vikt: 0.740 kg 3 \u00e5rs garanti\" \/>\n<meta property=\"og:url\" content=\"https:\/\/fleximarkshop-stage.nordlo.it\/en\/product\/brother-pt-e300vp\/\" \/>\n<meta property=\"og:site_name\" content=\"FleximarkShop\" \/>\n<meta property=\"og:image\" content=\"https:\/\/fleximarkshop-stage.nordlo.it\/wp-content\/uploads\/83257066.jpg\" \/>\n\t<meta property=\"og:image:width\" content=\"357\" \/>\n\t<meta property=\"og:image:height\" content=\"320\" \/>\n\t<meta property=\"og:image:type\" content=\"image\/jpeg\" \/>\n<meta name=\"twitter:card\" content=\"summary_large_image\" \/>\n<meta name=\"twitter:label1\" content=\"Est. reading time\" \/>\n\t<meta name=\"twitter:data1\" content=\"1 minute\" \/>\n<script type=\"application\/ld+json\" class=\"yoast-schema-graph\">{\"@context\":\"https:\\\/\\\/schema.org\",\"@graph\":[{\"@type\":\"WebPage\",\"@id\":\"https:\\\/\\\/fleximarkshop-stage.nordlo.it\\\/produkt\\\/brother-pt-e300vp\\\/\",\"url\":\"https:\\\/\\\/fleximarkshop-stage.nordlo.it\\\/produkt\\\/brother-pt-e300vp\\\/\",\"name\":\"Brother PT-E300VP - FleximarkShop\",\"isPartOf\":{\"@id\":\"https:\\\/\\\/fleximarkshop-stage.nordlo.it\\\/#website\"},\"primaryImageOfPage\":{\"@id\":\"https:\\\/\\\/fleximarkshop-stage.nordlo.it\\\/produkt\\\/brother-pt-e300vp\\\/#primaryimage\"},\"image\":{\"@id\":\"https:\\\/\\\/fleximarkshop-stage.nordlo.it\\\/produkt\\\/brother-pt-e300vp\\\/#primaryimage\"},\"thumbnailUrl\":\"https:\\\/\\\/fleximarkshop-stage.nordlo.it\\\/wp-content\\\/uploads\\\/83257066.jpg\",\"datePublished\":\"2019-07-31T16:24:26+00:00\",\"breadcrumb\":{\"@id\":\"https:\\\/\\\/fleximarkshop-stage.nordlo.it\\\/produkt\\\/brother-pt-e300vp\\\/#breadcrumb\"},\"inLanguage\":\"en-US\",\"potentialAction\":[{\"@type\":\"ReadAction\",\"target\":[\"https:\\\/\\\/fleximarkshop-stage.nordlo.it\\\/produkt\\\/brother-pt-e300vp\\\/\"]}]},{\"@type\":\"ImageObject\",\"inLanguage\":\"en-US\",\"@id\":\"https:\\\/\\\/fleximarkshop-stage.nordlo.it\\\/produkt\\\/brother-pt-e300vp\\\/#primaryimage\",\"url\":\"https:\\\/\\\/fleximarkshop-stage.nordlo.it\\\/wp-content\\\/uploads\\\/83257066.jpg\",\"contentUrl\":\"https:\\\/\\\/fleximarkshop-stage.nordlo.it\\\/wp-content\\\/uploads\\\/83257066.jpg\",\"width\":357,\"height\":320,\"caption\":\"Brother PT_E300VP v\u00e4ska\"},{\"@type\":\"BreadcrumbList\",\"@id\":\"https:\\\/\\\/fleximarkshop-stage.nordlo.it\\\/produkt\\\/brother-pt-e300vp\\\/#breadcrumb\",\"itemListElement\":[{\"@type\":\"ListItem\",\"position\":1,\"name\":\"Hem\",\"item\":\"https:\\\/\\\/fleximarkshop-stage.nordlo.it\\\/\"},{\"@type\":\"ListItem\",\"position\":2,\"name\":\"Webbutik\",\"item\":\"https:\\\/\\\/fleximarkshop-stage.nordlo.it\\\/butik\\\/\"},{\"@type\":\"ListItem\",\"position\":3,\"name\":\"Brother PT-E300VP\"}]},{\"@type\":\"WebSite\",\"@id\":\"https:\\\/\\\/fleximarkshop-stage.nordlo.it\\\/#website\",\"url\":\"https:\\\/\\\/fleximarkshop-stage.nordlo.it\\\/\",\"name\":\"FleximarkShop\",\"description\":\"M\u00e4rkning &amp; M\u00e4rksystem online\",\"publisher\":{\"@id\":\"https:\\\/\\\/fleximarkshop-stage.nordlo.it\\\/#organization\"},\"potentialAction\":[{\"@type\":\"SearchAction\",\"target\":{\"@type\":\"EntryPoint\",\"urlTemplate\":\"https:\\\/\\\/fleximarkshop-stage.nordlo.it\\\/?s={search_term_string}\"},\"query-input\":{\"@type\":\"PropertyValueSpecification\",\"valueRequired\":true,\"valueName\":\"search_term_string\"}}],\"inLanguage\":\"en-US\"},{\"@type\":\"Organization\",\"@id\":\"https:\\\/\\\/fleximarkshop-stage.nordlo.it\\\/#organization\",\"name\":\"FleximarkShop\",\"url\":\"https:\\\/\\\/fleximarkshop-stage.nordlo.it\\\/\",\"logo\":{\"@type\":\"ImageObject\",\"inLanguage\":\"en-US\",\"@id\":\"https:\\\/\\\/fleximarkshop-stage.nordlo.it\\\/#\\\/schema\\\/logo\\\/image\\\/\",\"url\":\"https:\\\/\\\/fleximarkshop-stage.nordlo.it\\\/wp-content\\\/uploads\\\/fleximark-logo.png\",\"contentUrl\":\"https:\\\/\\\/fleximarkshop-stage.nordlo.it\\\/wp-content\\\/uploads\\\/fleximark-logo.png\",\"width\":600,\"height\":80,\"caption\":\"FleximarkShop\"},\"image\":{\"@id\":\"https:\\\/\\\/fleximarkshop-stage.nordlo.it\\\/#\\\/schema\\\/logo\\\/image\\\/\"}}]}<\/script>\n<!-- \/ Yoast SEO plugin. -->","yoast_head_json":{"title":"Brother PT-E300VP - FleximarkShop","robots":{"index":"noindex","follow":"follow","max-snippet":"max-snippet:-1","max-image-preview":"max-image-preview:large","max-video-preview":"max-video-preview:-1"},"og_locale":"en_US","og_type":"article","og_title":"Brother PT-E300VP - FleximarkShop","og_description":"Industriell handh\u00e5llen m\u00e4rkapparat f\u00f6r proffsen.  T\u00e5lig robust design med gummibeslag som skyddar mot p\u00e5frestningar. Stor bakgrundsbelyst och grafisk LCD-sk\u00e4rm. Specialfunktioner, snabbval och f\u00f6rinst\u00e4llda ettikettlayouter f\u00f6r kabelm\u00e4rking.  384 symboler f\u00f6r el, audio\/video, s\u00e4kerhet och data. Levereras med handledsrem 1 st. 18 mm Flexible-ID TZe-tape, str\u00f6madapter, laddningsbart Li-ion batteri och b\u00e4rv\u00e4ska. Skriver ut etiketter i 3,5 mm, 6 mm, 12 mm och 18 mm bredd. M\u00e5tt: 134 (B) x 221 (H) x 69 (D) mm Vikt: 0.740 kg 3 \u00e5rs garanti","og_url":"https:\/\/fleximarkshop-stage.nordlo.it\/en\/product\/brother-pt-e300vp\/","og_site_name":"FleximarkShop","og_image":[{"width":357,"height":320,"url":"https:\/\/fleximarkshop-stage.nordlo.it\/wp-content\/uploads\/83257066.jpg","type":"image\/jpeg"}],"twitter_card":"summary_large_image","twitter_misc":{"Est. reading time":"1 minute"},"schema":{"@context":"https:\/\/schema.org","@graph":[{"@type":"WebPage","@id":"https:\/\/fleximarkshop-stage.nordlo.it\/produkt\/brother-pt-e300vp\/","url":"https:\/\/fleximarkshop-stage.nordlo.it\/produkt\/brother-pt-e300vp\/","name":"Brother PT-E300VP - FleximarkShop","isPartOf":{"@id":"https:\/\/fleximarkshop-stage.nordlo.it\/#website"},"primaryImageOfPage":{"@id":"https:\/\/fleximarkshop-stage.nordlo.it\/produkt\/brother-pt-e300vp\/#primaryimage"},"image":{"@id":"https:\/\/fleximarkshop-stage.nordlo.it\/produkt\/brother-pt-e300vp\/#primaryimage"},"thumbnailUrl":"https:\/\/fleximarkshop-stage.nordlo.it\/wp-content\/uploads\/83257066.jpg","datePublished":"2019-07-31T16:24:26+00:00","breadcrumb":{"@id":"https:\/\/fleximarkshop-stage.nordlo.it\/produkt\/brother-pt-e300vp\/#breadcrumb"},"inLanguage":"en-US","potentialAction":[{"@type":"ReadAction","target":["https:\/\/fleximarkshop-stage.nordlo.it\/produkt\/brother-pt-e300vp\/"]}]},{"@type":"ImageObject","inLanguage":"en-US","@id":"https:\/\/fleximarkshop-stage.nordlo.it\/produkt\/brother-pt-e300vp\/#primaryimage","url":"https:\/\/fleximarkshop-stage.nordlo.it\/wp-content\/uploads\/83257066.jpg","contentUrl":"https:\/\/fleximarkshop-stage.nordlo.it\/wp-content\/uploads\/83257066.jpg","width":357,"height":320,"caption":"Brother PT_E300VP v\u00e4ska"},{"@type":"BreadcrumbList","@id":"https:\/\/fleximarkshop-stage.nordlo.it\/produkt\/brother-pt-e300vp\/#breadcrumb","itemListElement":[{"@type":"ListItem","position":1,"name":"Hem","item":"https:\/\/fleximarkshop-stage.nordlo.it\/"},{"@type":"ListItem","position":2,"name":"Webbutik","item":"https:\/\/fleximarkshop-stage.nordlo.it\/butik\/"},{"@type":"ListItem","position":3,"name":"Brother PT-E300VP"}]},{"@type":"WebSite","@id":"https:\/\/fleximarkshop-stage.nordlo.it\/#website","url":"https:\/\/fleximarkshop-stage.nordlo.it\/","name":"FleximarkShop","description":"M\u00e4rkning &amp; M\u00e4rksystem online","publisher":{"@id":"https:\/\/fleximarkshop-stage.nordlo.it\/#organization"},"potentialAction":[{"@type":"SearchAction","target":{"@type":"EntryPoint","urlTemplate":"https:\/\/fleximarkshop-stage.nordlo.it\/?s={search_term_string}"},"query-input":{"@type":"PropertyValueSpecification","valueRequired":true,"valueName":"search_term_string"}}],"inLanguage":"en-US"},{"@type":"Organization","@id":"https:\/\/fleximarkshop-stage.nordlo.it\/#organization","name":"FleximarkShop","url":"https:\/\/fleximarkshop-stage.nordlo.it\/","logo":{"@type":"ImageObject","inLanguage":"en-US","@id":"https:\/\/fleximarkshop-stage.nordlo.it\/#\/schema\/logo\/image\/","url":"https:\/\/fleximarkshop-stage.nordlo.it\/wp-content\/uploads\/fleximark-logo.png","contentUrl":"https:\/\/fleximarkshop-stage.nordlo.it\/wp-content\/uploads\/fleximark-logo.png","width":600,"height":80,"caption":"FleximarkShop"},"image":{"@id":"https:\/\/fleximarkshop-stage.nordlo.it\/#\/schema\/logo\/image\/"}}]}},"_links":{"self":[{"href":"https:\/\/fleximarkshop-stage.nordlo.it\/en\/wp-json\/wp\/v2\/product\/4744","targetHints":{"allow":["GET"]}}],"collection":[{"href":"https:\/\/fleximarkshop-stage.nordlo.it\/en\/wp-json\/wp\/v2\/product"}],"about":[{"href":"https:\/\/fleximarkshop-stage.nordlo.it\/en\/wp-json\/wp\/v2\/types\/product"}],"wp:featuredmedia":[{"embeddable":true,"href":"https:\/\/fleximarkshop-stage.nordlo.it\/en\/wp-json\/wp\/v2\/media\/4741"}],"wp:attachment":[{"href":"https:\/\/fleximarkshop-stage.nordlo.it\/en\/wp-json\/wp\/v2\/media?parent=4744"}],"wp:term":[{"taxonomy":"product_brand","embeddable":true,"href":"https:\/\/fleximarkshop-stage.nordlo.it\/en\/wp-json\/wp\/v2\/product_brand?post=4744"},{"taxonomy":"product_cat","embeddable":true,"href":"https:\/\/fleximarkshop-stage.nordlo.it\/en\/wp-json\/wp\/v2\/product_cat?post=4744"},{"taxonomy":"product_tag","embeddable":true,"href":"https:\/\/fleximarkshop-stage.nordlo.it\/en\/wp-json\/wp\/v2\/product_tag?post=4744"}],"curies":[{"name":"wp","href":"https:\/\/api.w.org\/{rel}","templated":true}]}}