{"id":4810,"date":"2019-08-05T13:58:42","date_gmt":"2019-08-05T13:58:42","guid":{"rendered":"https:\/\/fleximark\/produkt\/fibermarkning-1-12x2-rd\/"},"modified":"2019-08-05T13:58:42","modified_gmt":"2019-08-05T13:58:42","slug":"fibermarkning-1-12x2-rd","status":"publish","type":"product","link":"https:\/\/fleximarkshop-stage.nordlo.it\/en\/product\/fibermarkning-1-12x2-rd\/","title":{"rendered":"Fiber marking 1..12 \u00d7 2 RD Color: Red"},"content":{"rendered":"<p>Fiberm\u00e4rkning anv\u00e4nds f\u00f6r lednings-, part- och kabelm\u00e4rkning samt m\u00e4rkning av fiberoptiska installationer. M\u00e4rkningen monteras f\u00f6re montering av kabel och levereras p\u00e5 f\u00e4rdigskrivna ark. Det \u00e4r ett unikt fiberm\u00e4rkningssystem redo att monteras direkt efter leverans.<\/p>\n<p> <b>Material:<\/b> Polyester, halogenfri<br \/><b>Temperaturomr\u00e5de:<\/b> -40\u00b0C upp till +125\u00b0C <br \/><b>Kabelarea:<\/b> 0,25-0,75 mm2<br \/><b>F\u00e4rg:<\/b> r\u00f6d<br \/><b>F\u00e4rdigskriven text:<\/b> 1-12 (x2) <br \/><b>Storlek per ark (BxL):<\/b> 80-100 x 210 mm<br \/><b>M\u00e4rken\/ark:<\/b> 60 m\u00e4rken\/ark <\/p>","protected":false},"excerpt":{"rendered":"<p> F\u00f6r lednings-, part- och kabelm\u00e4rkning samt m\u00e4rkning av fiberoptiska installationer<br \/>  M\u00e4rkning f\u00f6re montering<br \/>  Levereras som ett ark 60 etiketter<br \/>  Unikt m\u00e4rksystem  <\/p>","protected":false},"featured_media":0,"template":"","meta":{"_acf_changed":false},"product_brand":[],"product_cat":[15],"product_tag":[],"class_list":{"0":"post-4810","1":"product","2":"type-product","3":"status-publish","5":"product_cat-okategoriserad","6":"pa_nav_item_discount_group-836","7":"sales-flash-overlay","8":"woocommerce-text-align-center","9":"woocommerce-image-align-center","10":"do-quantity-buttons","12":"first","13":"instock","14":"taxable","15":"shipping-taxable","16":"purchasable","17":"product-type-simple"},"acf":[],"yoast_head":"<!-- This site is optimized with the Yoast SEO plugin v27.3 - https:\/\/yoast.com\/product\/yoast-seo-wordpress\/ -->\n<title>Fiberm\u00e4rkning 1..12x2 RD F\u00e4rg: R\u00f6d - FleximarkShop<\/title>\n<meta name=\"robots\" content=\"noindex, follow, max-snippet:-1, max-image-preview:large, max-video-preview:-1\" \/>\n<meta property=\"og:locale\" content=\"en_US\" \/>\n<meta property=\"og:type\" content=\"article\" \/>\n<meta property=\"og:title\" content=\"Fiberm\u00e4rkning 1..12x2 RD F\u00e4rg: R\u00f6d - FleximarkShop\" \/>\n<meta property=\"og:description\" content=\"F\u00f6r lednings-, part- och kabelm\u00e4rkning samt m\u00e4rkning av fiberoptiska installationer M\u00e4rkning f\u00f6re montering Levereras som ett ark 60 etiketter Unikt m\u00e4rksystem\" \/>\n<meta property=\"og:url\" content=\"https:\/\/fleximarkshop-stage.nordlo.it\/en\/product\/fibermarkning-1-12x2-rd\/\" \/>\n<meta property=\"og:site_name\" content=\"FleximarkShop\" \/>\n<meta name=\"twitter:card\" content=\"summary_large_image\" \/>\n<script type=\"application\/ld+json\" class=\"yoast-schema-graph\">{\"@context\":\"https:\\\/\\\/schema.org\",\"@graph\":[{\"@type\":\"WebPage\",\"@id\":\"https:\\\/\\\/fleximarkshop-stage.nordlo.it\\\/produkt\\\/fibermarkning-1-12x2-rd\\\/\",\"url\":\"https:\\\/\\\/fleximarkshop-stage.nordlo.it\\\/produkt\\\/fibermarkning-1-12x2-rd\\\/\",\"name\":\"Fiberm\u00e4rkning 1..12x2 RD F\u00e4rg: R\u00f6d - FleximarkShop\",\"isPartOf\":{\"@id\":\"https:\\\/\\\/fleximarkshop-stage.nordlo.it\\\/#website\"},\"datePublished\":\"2019-08-05T13:58:42+00:00\",\"breadcrumb\":{\"@id\":\"https:\\\/\\\/fleximarkshop-stage.nordlo.it\\\/produkt\\\/fibermarkning-1-12x2-rd\\\/#breadcrumb\"},\"inLanguage\":\"en-US\",\"potentialAction\":[{\"@type\":\"ReadAction\",\"target\":[\"https:\\\/\\\/fleximarkshop-stage.nordlo.it\\\/produkt\\\/fibermarkning-1-12x2-rd\\\/\"]}]},{\"@type\":\"BreadcrumbList\",\"@id\":\"https:\\\/\\\/fleximarkshop-stage.nordlo.it\\\/produkt\\\/fibermarkning-1-12x2-rd\\\/#breadcrumb\",\"itemListElement\":[{\"@type\":\"ListItem\",\"position\":1,\"name\":\"Hem\",\"item\":\"https:\\\/\\\/fleximarkshop-stage.nordlo.it\\\/\"},{\"@type\":\"ListItem\",\"position\":2,\"name\":\"Webbutik\",\"item\":\"https:\\\/\\\/fleximarkshop-stage.nordlo.it\\\/butik\\\/\"},{\"@type\":\"ListItem\",\"position\":3,\"name\":\"Fiberm\u00e4rkning 1..12&#215;2 RD F\u00e4rg: R\u00f6d\"}]},{\"@type\":\"WebSite\",\"@id\":\"https:\\\/\\\/fleximarkshop-stage.nordlo.it\\\/#website\",\"url\":\"https:\\\/\\\/fleximarkshop-stage.nordlo.it\\\/\",\"name\":\"FleximarkShop\",\"description\":\"M\u00e4rkning &amp; M\u00e4rksystem online\",\"publisher\":{\"@id\":\"https:\\\/\\\/fleximarkshop-stage.nordlo.it\\\/#organization\"},\"potentialAction\":[{\"@type\":\"SearchAction\",\"target\":{\"@type\":\"EntryPoint\",\"urlTemplate\":\"https:\\\/\\\/fleximarkshop-stage.nordlo.it\\\/?s={search_term_string}\"},\"query-input\":{\"@type\":\"PropertyValueSpecification\",\"valueRequired\":true,\"valueName\":\"search_term_string\"}}],\"inLanguage\":\"en-US\"},{\"@type\":\"Organization\",\"@id\":\"https:\\\/\\\/fleximarkshop-stage.nordlo.it\\\/#organization\",\"name\":\"FleximarkShop\",\"url\":\"https:\\\/\\\/fleximarkshop-stage.nordlo.it\\\/\",\"logo\":{\"@type\":\"ImageObject\",\"inLanguage\":\"en-US\",\"@id\":\"https:\\\/\\\/fleximarkshop-stage.nordlo.it\\\/#\\\/schema\\\/logo\\\/image\\\/\",\"url\":\"https:\\\/\\\/fleximarkshop-stage.nordlo.it\\\/wp-content\\\/uploads\\\/fleximark-logo.png\",\"contentUrl\":\"https:\\\/\\\/fleximarkshop-stage.nordlo.it\\\/wp-content\\\/uploads\\\/fleximark-logo.png\",\"width\":600,\"height\":80,\"caption\":\"FleximarkShop\"},\"image\":{\"@id\":\"https:\\\/\\\/fleximarkshop-stage.nordlo.it\\\/#\\\/schema\\\/logo\\\/image\\\/\"}}]}<\/script>\n<!-- \/ Yoast SEO plugin. -->","yoast_head_json":{"title":"Fiberm\u00e4rkning 1..12x2 RD F\u00e4rg: R\u00f6d - FleximarkShop","robots":{"index":"noindex","follow":"follow","max-snippet":"max-snippet:-1","max-image-preview":"max-image-preview:large","max-video-preview":"max-video-preview:-1"},"og_locale":"en_US","og_type":"article","og_title":"Fiberm\u00e4rkning 1..12x2 RD F\u00e4rg: R\u00f6d - FleximarkShop","og_description":"F\u00f6r lednings-, part- och kabelm\u00e4rkning samt m\u00e4rkning av fiberoptiska installationer M\u00e4rkning f\u00f6re montering Levereras som ett ark 60 etiketter Unikt m\u00e4rksystem","og_url":"https:\/\/fleximarkshop-stage.nordlo.it\/en\/product\/fibermarkning-1-12x2-rd\/","og_site_name":"FleximarkShop","twitter_card":"summary_large_image","schema":{"@context":"https:\/\/schema.org","@graph":[{"@type":"WebPage","@id":"https:\/\/fleximarkshop-stage.nordlo.it\/produkt\/fibermarkning-1-12x2-rd\/","url":"https:\/\/fleximarkshop-stage.nordlo.it\/produkt\/fibermarkning-1-12x2-rd\/","name":"Fiberm\u00e4rkning 1..12x2 RD F\u00e4rg: R\u00f6d - FleximarkShop","isPartOf":{"@id":"https:\/\/fleximarkshop-stage.nordlo.it\/#website"},"datePublished":"2019-08-05T13:58:42+00:00","breadcrumb":{"@id":"https:\/\/fleximarkshop-stage.nordlo.it\/produkt\/fibermarkning-1-12x2-rd\/#breadcrumb"},"inLanguage":"en-US","potentialAction":[{"@type":"ReadAction","target":["https:\/\/fleximarkshop-stage.nordlo.it\/produkt\/fibermarkning-1-12x2-rd\/"]}]},{"@type":"BreadcrumbList","@id":"https:\/\/fleximarkshop-stage.nordlo.it\/produkt\/fibermarkning-1-12x2-rd\/#breadcrumb","itemListElement":[{"@type":"ListItem","position":1,"name":"Hem","item":"https:\/\/fleximarkshop-stage.nordlo.it\/"},{"@type":"ListItem","position":2,"name":"Webbutik","item":"https:\/\/fleximarkshop-stage.nordlo.it\/butik\/"},{"@type":"ListItem","position":3,"name":"Fiberm\u00e4rkning 1..12&#215;2 RD F\u00e4rg: R\u00f6d"}]},{"@type":"WebSite","@id":"https:\/\/fleximarkshop-stage.nordlo.it\/#website","url":"https:\/\/fleximarkshop-stage.nordlo.it\/","name":"FleximarkShop","description":"M\u00e4rkning &amp; M\u00e4rksystem online","publisher":{"@id":"https:\/\/fleximarkshop-stage.nordlo.it\/#organization"},"potentialAction":[{"@type":"SearchAction","target":{"@type":"EntryPoint","urlTemplate":"https:\/\/fleximarkshop-stage.nordlo.it\/?s={search_term_string}"},"query-input":{"@type":"PropertyValueSpecification","valueRequired":true,"valueName":"search_term_string"}}],"inLanguage":"en-US"},{"@type":"Organization","@id":"https:\/\/fleximarkshop-stage.nordlo.it\/#organization","name":"FleximarkShop","url":"https:\/\/fleximarkshop-stage.nordlo.it\/","logo":{"@type":"ImageObject","inLanguage":"en-US","@id":"https:\/\/fleximarkshop-stage.nordlo.it\/#\/schema\/logo\/image\/","url":"https:\/\/fleximarkshop-stage.nordlo.it\/wp-content\/uploads\/fleximark-logo.png","contentUrl":"https:\/\/fleximarkshop-stage.nordlo.it\/wp-content\/uploads\/fleximark-logo.png","width":600,"height":80,"caption":"FleximarkShop"},"image":{"@id":"https:\/\/fleximarkshop-stage.nordlo.it\/#\/schema\/logo\/image\/"}}]}},"_links":{"self":[{"href":"https:\/\/fleximarkshop-stage.nordlo.it\/en\/wp-json\/wp\/v2\/product\/4810","targetHints":{"allow":["GET"]}}],"collection":[{"href":"https:\/\/fleximarkshop-stage.nordlo.it\/en\/wp-json\/wp\/v2\/product"}],"about":[{"href":"https:\/\/fleximarkshop-stage.nordlo.it\/en\/wp-json\/wp\/v2\/types\/product"}],"wp:attachment":[{"href":"https:\/\/fleximarkshop-stage.nordlo.it\/en\/wp-json\/wp\/v2\/media?parent=4810"}],"wp:term":[{"taxonomy":"product_brand","embeddable":true,"href":"https:\/\/fleximarkshop-stage.nordlo.it\/en\/wp-json\/wp\/v2\/product_brand?post=4810"},{"taxonomy":"product_cat","embeddable":true,"href":"https:\/\/fleximarkshop-stage.nordlo.it\/en\/wp-json\/wp\/v2\/product_cat?post=4810"},{"taxonomy":"product_tag","embeddable":true,"href":"https:\/\/fleximarkshop-stage.nordlo.it\/en\/wp-json\/wp\/v2\/product_tag?post=4810"}],"curies":[{"name":"wp","href":"https:\/\/api.w.org\/{rel}","templated":true}]}}