{"id":4822,"date":"2019-09-23T13:03:05","date_gmt":"2019-09-23T13:03:05","guid":{"rendered":"https:\/\/fleximark\/produkt\/thermoprint-eos2-300\/"},"modified":"2022-03-28T08:49:38","modified_gmt":"2022-03-28T08:49:38","slug":"thermoprint-eos2-300","status":"publish","type":"product","link":"https:\/\/fleximarkshop-stage.nordlo.it\/en\/product\/thermoprint-eos2-300\/","title":{"rendered":"Thermoprint EOS2 \/ 300"},"content":{"rendered":"<p>EOS-serien av termotransferskrivare kombinerar alla funktioner i en solid industriell skrivare med h\u00f6gsta anv\u00e4ndarkomfort.<br \/>\nCab EOS2 klarar etikettrullar upp till 152 mm diameter.<\/p>\n<p><b>Utskrift:<\/b> Termotransfer<br \/>\n<b><br \/>\nUppl\u00f6sning:<\/b> 300 dpi (203p\u00e5 f\u00f6rfr\u00e5gan)<br \/>\n<b>Skrivbredd:<\/b> Up to 105.7 mm<br \/>\n<b>Skrivhastighet:<\/b> Upp till 150 mm\/s<br \/>\n<b>Etikettrulle <strong>\u00d8<\/strong>:<\/b> Upp till 152 mm<br \/>\n<b>Mediek\u00e4rna <strong>\u00d8<\/strong>:<\/b> 38-76 mm<br \/>\n<b>Materialtjocklek:<\/b> 0,055-0,7 mm \/ 60-240 g\/m\u00b2<br \/>\n<b>Str\u00f6mk\u00e4lla:<\/b>100-240 VAC 50\/60 Hz<br \/>\n<b>Printer size:<\/b> 253x189x322 mm<br \/>\n<b>Weight:<\/b> 4 kg<\/p>","protected":false},"excerpt":{"rendered":"<p>Kombinerar alla funktioner i en industriell skrivare med h\u00f6gsta anv\u00e4ndarkomfort.<br \/>\nTermotransferskrivare EOS2 \u00e4r kompakt f\u00f6r liten arbetsplats.<br \/>\nLCD f\u00e4rgsk\u00e4rm med 4,3&#8243; Touch screen f\u00f6r enkel man\u00f6vrering.<br \/>\nF\u00f6r etikettrullar upp till 152 mm diameter.<br \/>\nLevereras med USB-kabel och FLEXIMARK\u00ae Software.<br \/>\nTeknisk support ing\u00e5r.<\/p>\n<p>NOTE! The software FLEXIMARK\u00ae Software 11.0 is included when you buy thermal transfer printers cab eos \/ SQUIX or Multiprinter from Fleximark<\/p>","protected":false},"featured_media":4818,"template":"","meta":{"_acf_changed":false},"product_brand":[],"product_cat":[937,904,917],"product_tag":[],"class_list":{"0":"post-4822","1":"product","2":"type-product","3":"status-publish","4":"has-post-thumbnail","6":"product_cat-tt-etikettskrivare-cab","7":"product_cat-programvara-och-markmaskiner","8":"product_cat-skrivare-markapparater","9":"pa_antal-57","10":"pa_diameter_etikettrull-upptill152mmkarna38_76mm","11":"pa_filter_ett-termotransferutskrift","12":"pa_inklusive_programvar-fleximarkarsoftware","13":"pa_nav_item_discount_group-833","14":"pa_upplosning-740","15":"sales-flash-overlay","16":"woocommerce-text-align-center","17":"woocommerce-image-align-center","18":"do-quantity-buttons","19":"wc-has-gallery","21":"first","22":"instock","23":"taxable","24":"shipping-taxable","25":"purchasable","26":"product-type-simple"},"acf":[],"yoast_head":"<!-- This site is optimized with the Yoast SEO plugin v27.3 - https:\/\/yoast.com\/product\/yoast-seo-wordpress\/ -->\n<title>Thermoprint EOS2\/300 - FleximarkShop<\/title>\n<meta name=\"description\" content=\"Cab EOS2 termotransferskrivare f\u00f6r h\u00e5llbar utskrift av kabel-, komonent- och partm\u00e4rkning fr\u00e5n Fleximarks m\u00e4rksystem.\" \/>\n<meta name=\"robots\" content=\"noindex, follow, max-snippet:-1, max-image-preview:large, max-video-preview:-1\" \/>\n<meta property=\"og:locale\" content=\"en_US\" \/>\n<meta property=\"og:type\" content=\"article\" \/>\n<meta property=\"og:title\" content=\"Thermoprint EOS2\/300 - FleximarkShop\" \/>\n<meta property=\"og:description\" content=\"Cab EOS2 termotransferskrivare f\u00f6r h\u00e5llbar utskrift av kabel-, komonent- och partm\u00e4rkning fr\u00e5n Fleximarks m\u00e4rksystem.\" \/>\n<meta property=\"og:url\" content=\"https:\/\/fleximarkshop-stage.nordlo.it\/en\/product\/thermoprint-eos2-300\/\" \/>\n<meta property=\"og:site_name\" content=\"FleximarkShop\" \/>\n<meta property=\"article:modified_time\" content=\"2022-03-28T08:49:38+00:00\" \/>\n<meta property=\"og:image\" content=\"https:\/\/fleximarkshop-stage.nordlo.it\/wp-content\/uploads\/83259531_10.jpg\" \/>\n\t<meta property=\"og:image:width\" content=\"1048\" \/>\n\t<meta property=\"og:image:height\" content=\"1048\" \/>\n\t<meta property=\"og:image:type\" content=\"image\/jpeg\" \/>\n<meta name=\"twitter:card\" content=\"summary_large_image\" \/>\n<meta name=\"twitter:label1\" content=\"Est. reading time\" \/>\n\t<meta name=\"twitter:data1\" content=\"1 minute\" \/>\n<script type=\"application\/ld+json\" class=\"yoast-schema-graph\">{\"@context\":\"https:\\\/\\\/schema.org\",\"@graph\":[{\"@type\":\"WebPage\",\"@id\":\"https:\\\/\\\/fleximarkshop-stage.nordlo.it\\\/produkt\\\/thermoprint-eos2-300\\\/\",\"url\":\"https:\\\/\\\/fleximarkshop-stage.nordlo.it\\\/produkt\\\/thermoprint-eos2-300\\\/\",\"name\":\"Thermoprint EOS2\\\/300 - FleximarkShop\",\"isPartOf\":{\"@id\":\"https:\\\/\\\/fleximarkshop-stage.nordlo.it\\\/#website\"},\"primaryImageOfPage\":{\"@id\":\"https:\\\/\\\/fleximarkshop-stage.nordlo.it\\\/produkt\\\/thermoprint-eos2-300\\\/#primaryimage\"},\"image\":{\"@id\":\"https:\\\/\\\/fleximarkshop-stage.nordlo.it\\\/produkt\\\/thermoprint-eos2-300\\\/#primaryimage\"},\"thumbnailUrl\":\"https:\\\/\\\/fleximarkshop-stage.nordlo.it\\\/wp-content\\\/uploads\\\/83259531_10.jpg\",\"datePublished\":\"2019-09-23T13:03:05+00:00\",\"dateModified\":\"2022-03-28T08:49:38+00:00\",\"description\":\"Cab EOS2 termotransferskrivare f\u00f6r h\u00e5llbar utskrift av kabel-, komonent- och partm\u00e4rkning fr\u00e5n Fleximarks m\u00e4rksystem.\",\"breadcrumb\":{\"@id\":\"https:\\\/\\\/fleximarkshop-stage.nordlo.it\\\/produkt\\\/thermoprint-eos2-300\\\/#breadcrumb\"},\"inLanguage\":\"en-US\",\"potentialAction\":[{\"@type\":\"ReadAction\",\"target\":[\"https:\\\/\\\/fleximarkshop-stage.nordlo.it\\\/produkt\\\/thermoprint-eos2-300\\\/\"]}]},{\"@type\":\"ImageObject\",\"inLanguage\":\"en-US\",\"@id\":\"https:\\\/\\\/fleximarkshop-stage.nordlo.it\\\/produkt\\\/thermoprint-eos2-300\\\/#primaryimage\",\"url\":\"https:\\\/\\\/fleximarkshop-stage.nordlo.it\\\/wp-content\\\/uploads\\\/83259531_10.jpg\",\"contentUrl\":\"https:\\\/\\\/fleximarkshop-stage.nordlo.it\\\/wp-content\\\/uploads\\\/83259531_10.jpg\",\"width\":1048,\"height\":1048,\"caption\":\"cab eos2\"},{\"@type\":\"BreadcrumbList\",\"@id\":\"https:\\\/\\\/fleximarkshop-stage.nordlo.it\\\/produkt\\\/thermoprint-eos2-300\\\/#breadcrumb\",\"itemListElement\":[{\"@type\":\"ListItem\",\"position\":1,\"name\":\"Hem\",\"item\":\"https:\\\/\\\/fleximarkshop-stage.nordlo.it\\\/\"},{\"@type\":\"ListItem\",\"position\":2,\"name\":\"Webbutik\",\"item\":\"https:\\\/\\\/fleximarkshop-stage.nordlo.it\\\/butik\\\/\"},{\"@type\":\"ListItem\",\"position\":3,\"name\":\"Thermoprint EOS2\\\/300\"}]},{\"@type\":\"WebSite\",\"@id\":\"https:\\\/\\\/fleximarkshop-stage.nordlo.it\\\/#website\",\"url\":\"https:\\\/\\\/fleximarkshop-stage.nordlo.it\\\/\",\"name\":\"FleximarkShop\",\"description\":\"M\u00e4rkning &amp; M\u00e4rksystem online\",\"publisher\":{\"@id\":\"https:\\\/\\\/fleximarkshop-stage.nordlo.it\\\/#organization\"},\"potentialAction\":[{\"@type\":\"SearchAction\",\"target\":{\"@type\":\"EntryPoint\",\"urlTemplate\":\"https:\\\/\\\/fleximarkshop-stage.nordlo.it\\\/?s={search_term_string}\"},\"query-input\":{\"@type\":\"PropertyValueSpecification\",\"valueRequired\":true,\"valueName\":\"search_term_string\"}}],\"inLanguage\":\"en-US\"},{\"@type\":\"Organization\",\"@id\":\"https:\\\/\\\/fleximarkshop-stage.nordlo.it\\\/#organization\",\"name\":\"FleximarkShop\",\"url\":\"https:\\\/\\\/fleximarkshop-stage.nordlo.it\\\/\",\"logo\":{\"@type\":\"ImageObject\",\"inLanguage\":\"en-US\",\"@id\":\"https:\\\/\\\/fleximarkshop-stage.nordlo.it\\\/#\\\/schema\\\/logo\\\/image\\\/\",\"url\":\"https:\\\/\\\/fleximarkshop-stage.nordlo.it\\\/wp-content\\\/uploads\\\/fleximark-logo.png\",\"contentUrl\":\"https:\\\/\\\/fleximarkshop-stage.nordlo.it\\\/wp-content\\\/uploads\\\/fleximark-logo.png\",\"width\":600,\"height\":80,\"caption\":\"FleximarkShop\"},\"image\":{\"@id\":\"https:\\\/\\\/fleximarkshop-stage.nordlo.it\\\/#\\\/schema\\\/logo\\\/image\\\/\"}}]}<\/script>\n<!-- \/ Yoast SEO plugin. -->","yoast_head_json":{"title":"Thermoprint EOS2\/300 - FleximarkShop","description":"Cab EOS2 termotransferskrivare f\u00f6r h\u00e5llbar utskrift av kabel-, komonent- och partm\u00e4rkning fr\u00e5n Fleximarks m\u00e4rksystem.","robots":{"index":"noindex","follow":"follow","max-snippet":"max-snippet:-1","max-image-preview":"max-image-preview:large","max-video-preview":"max-video-preview:-1"},"og_locale":"en_US","og_type":"article","og_title":"Thermoprint EOS2\/300 - FleximarkShop","og_description":"Cab EOS2 termotransferskrivare f\u00f6r h\u00e5llbar utskrift av kabel-, komonent- och partm\u00e4rkning fr\u00e5n Fleximarks m\u00e4rksystem.","og_url":"https:\/\/fleximarkshop-stage.nordlo.it\/en\/product\/thermoprint-eos2-300\/","og_site_name":"FleximarkShop","article_modified_time":"2022-03-28T08:49:38+00:00","og_image":[{"width":1048,"height":1048,"url":"https:\/\/fleximarkshop-stage.nordlo.it\/wp-content\/uploads\/83259531_10.jpg","type":"image\/jpeg"}],"twitter_card":"summary_large_image","twitter_misc":{"Est. reading time":"1 minute"},"schema":{"@context":"https:\/\/schema.org","@graph":[{"@type":"WebPage","@id":"https:\/\/fleximarkshop-stage.nordlo.it\/produkt\/thermoprint-eos2-300\/","url":"https:\/\/fleximarkshop-stage.nordlo.it\/produkt\/thermoprint-eos2-300\/","name":"Thermoprint EOS2\/300 - FleximarkShop","isPartOf":{"@id":"https:\/\/fleximarkshop-stage.nordlo.it\/#website"},"primaryImageOfPage":{"@id":"https:\/\/fleximarkshop-stage.nordlo.it\/produkt\/thermoprint-eos2-300\/#primaryimage"},"image":{"@id":"https:\/\/fleximarkshop-stage.nordlo.it\/produkt\/thermoprint-eos2-300\/#primaryimage"},"thumbnailUrl":"https:\/\/fleximarkshop-stage.nordlo.it\/wp-content\/uploads\/83259531_10.jpg","datePublished":"2019-09-23T13:03:05+00:00","dateModified":"2022-03-28T08:49:38+00:00","description":"Cab EOS2 termotransferskrivare f\u00f6r h\u00e5llbar utskrift av kabel-, komonent- och partm\u00e4rkning fr\u00e5n Fleximarks m\u00e4rksystem.","breadcrumb":{"@id":"https:\/\/fleximarkshop-stage.nordlo.it\/produkt\/thermoprint-eos2-300\/#breadcrumb"},"inLanguage":"en-US","potentialAction":[{"@type":"ReadAction","target":["https:\/\/fleximarkshop-stage.nordlo.it\/produkt\/thermoprint-eos2-300\/"]}]},{"@type":"ImageObject","inLanguage":"en-US","@id":"https:\/\/fleximarkshop-stage.nordlo.it\/produkt\/thermoprint-eos2-300\/#primaryimage","url":"https:\/\/fleximarkshop-stage.nordlo.it\/wp-content\/uploads\/83259531_10.jpg","contentUrl":"https:\/\/fleximarkshop-stage.nordlo.it\/wp-content\/uploads\/83259531_10.jpg","width":1048,"height":1048,"caption":"cab eos2"},{"@type":"BreadcrumbList","@id":"https:\/\/fleximarkshop-stage.nordlo.it\/produkt\/thermoprint-eos2-300\/#breadcrumb","itemListElement":[{"@type":"ListItem","position":1,"name":"Hem","item":"https:\/\/fleximarkshop-stage.nordlo.it\/"},{"@type":"ListItem","position":2,"name":"Webbutik","item":"https:\/\/fleximarkshop-stage.nordlo.it\/butik\/"},{"@type":"ListItem","position":3,"name":"Thermoprint EOS2\/300"}]},{"@type":"WebSite","@id":"https:\/\/fleximarkshop-stage.nordlo.it\/#website","url":"https:\/\/fleximarkshop-stage.nordlo.it\/","name":"FleximarkShop","description":"M\u00e4rkning &amp; M\u00e4rksystem online","publisher":{"@id":"https:\/\/fleximarkshop-stage.nordlo.it\/#organization"},"potentialAction":[{"@type":"SearchAction","target":{"@type":"EntryPoint","urlTemplate":"https:\/\/fleximarkshop-stage.nordlo.it\/?s={search_term_string}"},"query-input":{"@type":"PropertyValueSpecification","valueRequired":true,"valueName":"search_term_string"}}],"inLanguage":"en-US"},{"@type":"Organization","@id":"https:\/\/fleximarkshop-stage.nordlo.it\/#organization","name":"FleximarkShop","url":"https:\/\/fleximarkshop-stage.nordlo.it\/","logo":{"@type":"ImageObject","inLanguage":"en-US","@id":"https:\/\/fleximarkshop-stage.nordlo.it\/#\/schema\/logo\/image\/","url":"https:\/\/fleximarkshop-stage.nordlo.it\/wp-content\/uploads\/fleximark-logo.png","contentUrl":"https:\/\/fleximarkshop-stage.nordlo.it\/wp-content\/uploads\/fleximark-logo.png","width":600,"height":80,"caption":"FleximarkShop"},"image":{"@id":"https:\/\/fleximarkshop-stage.nordlo.it\/#\/schema\/logo\/image\/"}}]}},"_links":{"self":[{"href":"https:\/\/fleximarkshop-stage.nordlo.it\/en\/wp-json\/wp\/v2\/product\/4822","targetHints":{"allow":["GET"]}}],"collection":[{"href":"https:\/\/fleximarkshop-stage.nordlo.it\/en\/wp-json\/wp\/v2\/product"}],"about":[{"href":"https:\/\/fleximarkshop-stage.nordlo.it\/en\/wp-json\/wp\/v2\/types\/product"}],"wp:featuredmedia":[{"embeddable":true,"href":"https:\/\/fleximarkshop-stage.nordlo.it\/en\/wp-json\/wp\/v2\/media\/4818"}],"wp:attachment":[{"href":"https:\/\/fleximarkshop-stage.nordlo.it\/en\/wp-json\/wp\/v2\/media?parent=4822"}],"wp:term":[{"taxonomy":"product_brand","embeddable":true,"href":"https:\/\/fleximarkshop-stage.nordlo.it\/en\/wp-json\/wp\/v2\/product_brand?post=4822"},{"taxonomy":"product_cat","embeddable":true,"href":"https:\/\/fleximarkshop-stage.nordlo.it\/en\/wp-json\/wp\/v2\/product_cat?post=4822"},{"taxonomy":"product_tag","embeddable":true,"href":"https:\/\/fleximarkshop-stage.nordlo.it\/en\/wp-json\/wp\/v2\/product_tag?post=4822"}],"curies":[{"name":"wp","href":"https:\/\/api.w.org\/{rel}","templated":true}]}}