{"id":4833,"date":"2019-11-29T16:21:32","date_gmt":"2019-11-29T16:21:32","guid":{"rendered":"https:\/\/fleximark\/produkt\/uppgradering-fleximark-s-11-0\/"},"modified":"2022-04-22T07:56:11","modified_gmt":"2022-04-22T07:56:11","slug":"uppgradering-fleximark-s-11-0","status":"publish","type":"product","link":"https:\/\/fleximarkshop-stage.nordlo.it\/en\/product\/uppgradering-fleximark-s-11-0\/","title":{"rendered":"Fleximark Software 11.0 Uppgr fr\u00e5n 10.0 till 11.0"},"content":{"rendered":"<p><strong>I den uppdaterade versionen av Fleximarks programvara FLEXIMARK\u00ae Software 11.0 har det tillkommit flera nya funktioner f\u00f6r utformning och utskrift av m\u00e4rkning. Nytt f\u00f6r versionen 11.0 \u00e4r bland annat m\u00f6jligheten att skapa modulm\u00e4rkning f\u00f6r paneler och skapa QR-koder.<\/strong><\/p>\n<p>FLEXIMARK\u00ae Software 11.0 finns i tv\u00e5 utf\u00f6randen, Light-version och Full-version. F\u00f6r att f\u00e5 tillg\u00e5ng till programmets alla funktioner och f\u00f6rdelar beh\u00f6ver du Full-versionen.<\/p>\n<p>Licens till FLEXIMARK\u00ae Software 11.0 uppgradering best\u00e4ller du h\u00e4r i v\u00e5r e-Shop.<\/p>\n<p>I ditt k\u00f6p av FLEXIMARK\u00ae Software 11.0 uppgradering ing\u00e5r fri teknisk support till st\u00f6d f\u00f6r installation och fr\u00e5gor om program och utskrift.<\/p>\n<p>&nbsp;<\/p>\n<p><a title=\"Nedladdning\" href=\"https:\/\/fleximarkshop-stage.nordlo.it.lappgroup.com\/index.php?id=1001862&amp;L=10\" target=\"_blank\" rel=\"noopener\"><span style=\"color: #ff9900;\"><strong>Ladda ner programvara<\/strong><\/span><\/a><\/p>","protected":false},"excerpt":{"rendered":"<p>Med denna uppgradering kan du uppdatera din programvara fr\u00e5n FLEIXMARK\u00ae Software version 10.0 till 11.0. Om du har en \u00e4ldre version \u00e4n 10.0 beh\u00f6ver du k\u00f6pa full-versionen av nya programvaran.<\/p>\n<p>Med programvaran kan du:<\/p>\n<p>Skapa m\u00e4rkprojekt<br \/>\nSkapa etikettmallar<br \/>\nAnv\u00e4nda f\u00f6rinstallerade mallar f\u00f6r FLEXIMARK\u00ae M\u00e4rkprodukter<br \/>\nSkapa och skriva ut QR-koder och streckkoder<br \/>\nSkapa modulm\u00e4rkning f\u00f6r paneler<br \/>\nKopiera in data fr\u00e5n olika k\u00e4llor<br \/>\n\u00c4ndra typsnitt<br \/>\nSkapa sekvenser av nummerserier<br \/>\nImportera och skriva ut bilder<br \/>\nRita objekt<br \/>\nFiltrera filer<br \/>\nSkapa identifiering med datum och tid<br \/>\nSpara utskriftinst\u00e4llningar<\/p>","protected":false},"featured_media":4832,"template":"","meta":{"_acf_changed":false},"product_brand":[],"product_cat":[938,912,904],"product_tag":[],"class_list":{"0":"post-4833","1":"product","2":"type-product","3":"status-publish","4":"has-post-thumbnail","6":"product_cat-fleximark-software","7":"product_cat-programvara","8":"product_cat-programvara-och-markmaskiner","9":"pa_antal-57","10":"pa_copyright-fleximarkab_sverige","11":"pa_filter_ett-laserutskrift","12":"pa_filter_ett-termotransferutskrift","13":"pa_grafik-minimumvga","14":"pa_minne-20mbfrittharddiskutrymme","15":"pa_nav_item_discount_group-840","16":"pa_operativsystem-microsoftwindows2000","17":"pa_skrivare-42-kontorslaserskrivare_termo","18":"pa_sprak-e4-svenska_engelska_tyska_fra","19":"pa_version-748","20":"sales-flash-overlay","21":"woocommerce-text-align-center","22":"woocommerce-image-align-center","23":"do-quantity-buttons","24":"wc-has-gallery","26":"first","27":"instock","28":"taxable","29":"shipping-taxable","30":"purchasable","31":"product-type-simple"},"acf":[],"yoast_head":"<!-- This site is optimized with the Yoast SEO plugin v27.4 - https:\/\/yoast.com\/product\/yoast-seo-wordpress\/ -->\n<title>Fleximark Software 11.0 Uppgr fr\u00e5n 10.0 till 11.0 - FleximarkShop<\/title>\n<meta name=\"robots\" content=\"noindex, follow, max-snippet:-1, max-image-preview:large, max-video-preview:-1\" \/>\n<meta property=\"og:locale\" content=\"en_US\" \/>\n<meta property=\"og:type\" content=\"article\" \/>\n<meta property=\"og:title\" content=\"Fleximark Software 11.0 Uppgr fr\u00e5n 10.0 till 11.0 - FleximarkShop\" \/>\n<meta property=\"og:description\" content=\"Med denna uppgradering kan du uppdatera din programvara fr\u00e5n FLEIXMARK\u00ae Software version 10.0 till 11.0. Om du har en \u00e4ldre version \u00e4n 10.0 beh\u00f6ver du k\u00f6pa full-versionen av nya programvaran.  Med programvaran kan du:  Skapa m\u00e4rkprojekt Skapa etikettmallar Anv\u00e4nda f\u00f6rinstallerade mallar f\u00f6r FLEXIMARK\u00ae M\u00e4rkprodukter Skapa och skriva ut QR-koder och streckkoder Skapa modulm\u00e4rkning f\u00f6r paneler Kopiera in data fr\u00e5n olika k\u00e4llor \u00c4ndra typsnitt Skapa sekvenser av nummerserier Importera och skriva ut bilder Rita objekt Filtrera filer Skapa identifiering med datum och tid Spara utskriftinst\u00e4llningar\" \/>\n<meta property=\"og:url\" content=\"https:\/\/fleximarkshop-stage.nordlo.it\/en\/product\/uppgradering-fleximark-s-11-0\/\" \/>\n<meta property=\"og:site_name\" content=\"FleximarkShop\" \/>\n<meta property=\"article:modified_time\" content=\"2022-04-22T07:56:11+00:00\" \/>\n<meta property=\"og:image\" content=\"https:\/\/fleximarkshop-stage.nordlo.it\/wp-content\/uploads\/83251051_2.jpg\" \/>\n\t<meta property=\"og:image:width\" content=\"357\" \/>\n\t<meta property=\"og:image:height\" content=\"357\" \/>\n\t<meta property=\"og:image:type\" content=\"image\/jpeg\" \/>\n<meta name=\"twitter:card\" content=\"summary_large_image\" \/>\n<meta name=\"twitter:label1\" content=\"Est. reading time\" \/>\n\t<meta name=\"twitter:data1\" content=\"1 minute\" \/>\n<script type=\"application\/ld+json\" class=\"yoast-schema-graph\">{\"@context\":\"https:\\\/\\\/schema.org\",\"@graph\":[{\"@type\":\"WebPage\",\"@id\":\"https:\\\/\\\/fleximarkshop-stage.nordlo.it\\\/produkt\\\/uppgradering-fleximark-s-11-0\\\/\",\"url\":\"https:\\\/\\\/fleximarkshop-stage.nordlo.it\\\/produkt\\\/uppgradering-fleximark-s-11-0\\\/\",\"name\":\"Fleximark Software 11.0 Uppgr fr\u00e5n 10.0 till 11.0 - FleximarkShop\",\"isPartOf\":{\"@id\":\"https:\\\/\\\/fleximarkshop-stage.nordlo.it\\\/#website\"},\"primaryImageOfPage\":{\"@id\":\"https:\\\/\\\/fleximarkshop-stage.nordlo.it\\\/produkt\\\/uppgradering-fleximark-s-11-0\\\/#primaryimage\"},\"image\":{\"@id\":\"https:\\\/\\\/fleximarkshop-stage.nordlo.it\\\/produkt\\\/uppgradering-fleximark-s-11-0\\\/#primaryimage\"},\"thumbnailUrl\":\"https:\\\/\\\/fleximarkshop-stage.nordlo.it\\\/wp-content\\\/uploads\\\/83251051_2.jpg\",\"datePublished\":\"2019-11-29T16:21:32+00:00\",\"dateModified\":\"2022-04-22T07:56:11+00:00\",\"breadcrumb\":{\"@id\":\"https:\\\/\\\/fleximarkshop-stage.nordlo.it\\\/produkt\\\/uppgradering-fleximark-s-11-0\\\/#breadcrumb\"},\"inLanguage\":\"en-US\",\"potentialAction\":[{\"@type\":\"ReadAction\",\"target\":[\"https:\\\/\\\/fleximarkshop-stage.nordlo.it\\\/produkt\\\/uppgradering-fleximark-s-11-0\\\/\"]}]},{\"@type\":\"ImageObject\",\"inLanguage\":\"en-US\",\"@id\":\"https:\\\/\\\/fleximarkshop-stage.nordlo.it\\\/produkt\\\/uppgradering-fleximark-s-11-0\\\/#primaryimage\",\"url\":\"https:\\\/\\\/fleximarkshop-stage.nordlo.it\\\/wp-content\\\/uploads\\\/83251051_2.jpg\",\"contentUrl\":\"https:\\\/\\\/fleximarkshop-stage.nordlo.it\\\/wp-content\\\/uploads\\\/83251051_2.jpg\",\"width\":357,\"height\":357,\"caption\":\"Fleximark Software 11_0 Uppgradering\"},{\"@type\":\"BreadcrumbList\",\"@id\":\"https:\\\/\\\/fleximarkshop-stage.nordlo.it\\\/produkt\\\/uppgradering-fleximark-s-11-0\\\/#breadcrumb\",\"itemListElement\":[{\"@type\":\"ListItem\",\"position\":1,\"name\":\"Hem\",\"item\":\"https:\\\/\\\/fleximarkshop-stage.nordlo.it\\\/\"},{\"@type\":\"ListItem\",\"position\":2,\"name\":\"Webbutik\",\"item\":\"https:\\\/\\\/fleximarkshop-stage.nordlo.it\\\/butik\\\/\"},{\"@type\":\"ListItem\",\"position\":3,\"name\":\"Fleximark Software 11.0 Uppgr fr\u00e5n 10.0 till 11.0\"}]},{\"@type\":\"WebSite\",\"@id\":\"https:\\\/\\\/fleximarkshop-stage.nordlo.it\\\/#website\",\"url\":\"https:\\\/\\\/fleximarkshop-stage.nordlo.it\\\/\",\"name\":\"FleximarkShop\",\"description\":\"M\u00e4rkning &amp; M\u00e4rksystem online\",\"publisher\":{\"@id\":\"https:\\\/\\\/fleximarkshop-stage.nordlo.it\\\/#organization\"},\"potentialAction\":[{\"@type\":\"SearchAction\",\"target\":{\"@type\":\"EntryPoint\",\"urlTemplate\":\"https:\\\/\\\/fleximarkshop-stage.nordlo.it\\\/?s={search_term_string}\"},\"query-input\":{\"@type\":\"PropertyValueSpecification\",\"valueRequired\":true,\"valueName\":\"search_term_string\"}}],\"inLanguage\":\"en-US\"},{\"@type\":\"Organization\",\"@id\":\"https:\\\/\\\/fleximarkshop-stage.nordlo.it\\\/#organization\",\"name\":\"FleximarkShop\",\"url\":\"https:\\\/\\\/fleximarkshop-stage.nordlo.it\\\/\",\"logo\":{\"@type\":\"ImageObject\",\"inLanguage\":\"en-US\",\"@id\":\"https:\\\/\\\/fleximarkshop-stage.nordlo.it\\\/#\\\/schema\\\/logo\\\/image\\\/\",\"url\":\"https:\\\/\\\/fleximarkshop-stage.nordlo.it\\\/wp-content\\\/uploads\\\/fleximark-logo.png\",\"contentUrl\":\"https:\\\/\\\/fleximarkshop-stage.nordlo.it\\\/wp-content\\\/uploads\\\/fleximark-logo.png\",\"width\":600,\"height\":80,\"caption\":\"FleximarkShop\"},\"image\":{\"@id\":\"https:\\\/\\\/fleximarkshop-stage.nordlo.it\\\/#\\\/schema\\\/logo\\\/image\\\/\"}}]}<\/script>\n<!-- \/ Yoast SEO plugin. -->","yoast_head_json":{"title":"Fleximark Software 11.0 Uppgr fr\u00e5n 10.0 till 11.0 - FleximarkShop","robots":{"index":"noindex","follow":"follow","max-snippet":"max-snippet:-1","max-image-preview":"max-image-preview:large","max-video-preview":"max-video-preview:-1"},"og_locale":"en_US","og_type":"article","og_title":"Fleximark Software 11.0 Uppgr fr\u00e5n 10.0 till 11.0 - FleximarkShop","og_description":"Med denna uppgradering kan du uppdatera din programvara fr\u00e5n FLEIXMARK\u00ae Software version 10.0 till 11.0. Om du har en \u00e4ldre version \u00e4n 10.0 beh\u00f6ver du k\u00f6pa full-versionen av nya programvaran.  Med programvaran kan du:  Skapa m\u00e4rkprojekt Skapa etikettmallar Anv\u00e4nda f\u00f6rinstallerade mallar f\u00f6r FLEXIMARK\u00ae M\u00e4rkprodukter Skapa och skriva ut QR-koder och streckkoder Skapa modulm\u00e4rkning f\u00f6r paneler Kopiera in data fr\u00e5n olika k\u00e4llor \u00c4ndra typsnitt Skapa sekvenser av nummerserier Importera och skriva ut bilder Rita objekt Filtrera filer Skapa identifiering med datum och tid Spara utskriftinst\u00e4llningar","og_url":"https:\/\/fleximarkshop-stage.nordlo.it\/en\/product\/uppgradering-fleximark-s-11-0\/","og_site_name":"FleximarkShop","article_modified_time":"2022-04-22T07:56:11+00:00","og_image":[{"width":357,"height":357,"url":"https:\/\/fleximarkshop-stage.nordlo.it\/wp-content\/uploads\/83251051_2.jpg","type":"image\/jpeg"}],"twitter_card":"summary_large_image","twitter_misc":{"Est. reading time":"1 minute"},"schema":{"@context":"https:\/\/schema.org","@graph":[{"@type":"WebPage","@id":"https:\/\/fleximarkshop-stage.nordlo.it\/produkt\/uppgradering-fleximark-s-11-0\/","url":"https:\/\/fleximarkshop-stage.nordlo.it\/produkt\/uppgradering-fleximark-s-11-0\/","name":"Fleximark Software 11.0 Uppgr fr\u00e5n 10.0 till 11.0 - FleximarkShop","isPartOf":{"@id":"https:\/\/fleximarkshop-stage.nordlo.it\/#website"},"primaryImageOfPage":{"@id":"https:\/\/fleximarkshop-stage.nordlo.it\/produkt\/uppgradering-fleximark-s-11-0\/#primaryimage"},"image":{"@id":"https:\/\/fleximarkshop-stage.nordlo.it\/produkt\/uppgradering-fleximark-s-11-0\/#primaryimage"},"thumbnailUrl":"https:\/\/fleximarkshop-stage.nordlo.it\/wp-content\/uploads\/83251051_2.jpg","datePublished":"2019-11-29T16:21:32+00:00","dateModified":"2022-04-22T07:56:11+00:00","breadcrumb":{"@id":"https:\/\/fleximarkshop-stage.nordlo.it\/produkt\/uppgradering-fleximark-s-11-0\/#breadcrumb"},"inLanguage":"en-US","potentialAction":[{"@type":"ReadAction","target":["https:\/\/fleximarkshop-stage.nordlo.it\/produkt\/uppgradering-fleximark-s-11-0\/"]}]},{"@type":"ImageObject","inLanguage":"en-US","@id":"https:\/\/fleximarkshop-stage.nordlo.it\/produkt\/uppgradering-fleximark-s-11-0\/#primaryimage","url":"https:\/\/fleximarkshop-stage.nordlo.it\/wp-content\/uploads\/83251051_2.jpg","contentUrl":"https:\/\/fleximarkshop-stage.nordlo.it\/wp-content\/uploads\/83251051_2.jpg","width":357,"height":357,"caption":"Fleximark Software 11_0 Uppgradering"},{"@type":"BreadcrumbList","@id":"https:\/\/fleximarkshop-stage.nordlo.it\/produkt\/uppgradering-fleximark-s-11-0\/#breadcrumb","itemListElement":[{"@type":"ListItem","position":1,"name":"Hem","item":"https:\/\/fleximarkshop-stage.nordlo.it\/"},{"@type":"ListItem","position":2,"name":"Webbutik","item":"https:\/\/fleximarkshop-stage.nordlo.it\/butik\/"},{"@type":"ListItem","position":3,"name":"Fleximark Software 11.0 Uppgr fr\u00e5n 10.0 till 11.0"}]},{"@type":"WebSite","@id":"https:\/\/fleximarkshop-stage.nordlo.it\/#website","url":"https:\/\/fleximarkshop-stage.nordlo.it\/","name":"FleximarkShop","description":"M\u00e4rkning &amp; M\u00e4rksystem online","publisher":{"@id":"https:\/\/fleximarkshop-stage.nordlo.it\/#organization"},"potentialAction":[{"@type":"SearchAction","target":{"@type":"EntryPoint","urlTemplate":"https:\/\/fleximarkshop-stage.nordlo.it\/?s={search_term_string}"},"query-input":{"@type":"PropertyValueSpecification","valueRequired":true,"valueName":"search_term_string"}}],"inLanguage":"en-US"},{"@type":"Organization","@id":"https:\/\/fleximarkshop-stage.nordlo.it\/#organization","name":"FleximarkShop","url":"https:\/\/fleximarkshop-stage.nordlo.it\/","logo":{"@type":"ImageObject","inLanguage":"en-US","@id":"https:\/\/fleximarkshop-stage.nordlo.it\/#\/schema\/logo\/image\/","url":"https:\/\/fleximarkshop-stage.nordlo.it\/wp-content\/uploads\/fleximark-logo.png","contentUrl":"https:\/\/fleximarkshop-stage.nordlo.it\/wp-content\/uploads\/fleximark-logo.png","width":600,"height":80,"caption":"FleximarkShop"},"image":{"@id":"https:\/\/fleximarkshop-stage.nordlo.it\/#\/schema\/logo\/image\/"}}]}},"_links":{"self":[{"href":"https:\/\/fleximarkshop-stage.nordlo.it\/en\/wp-json\/wp\/v2\/product\/4833","targetHints":{"allow":["GET"]}}],"collection":[{"href":"https:\/\/fleximarkshop-stage.nordlo.it\/en\/wp-json\/wp\/v2\/product"}],"about":[{"href":"https:\/\/fleximarkshop-stage.nordlo.it\/en\/wp-json\/wp\/v2\/types\/product"}],"wp:featuredmedia":[{"embeddable":true,"href":"https:\/\/fleximarkshop-stage.nordlo.it\/en\/wp-json\/wp\/v2\/media\/4832"}],"wp:attachment":[{"href":"https:\/\/fleximarkshop-stage.nordlo.it\/en\/wp-json\/wp\/v2\/media?parent=4833"}],"wp:term":[{"taxonomy":"product_brand","embeddable":true,"href":"https:\/\/fleximarkshop-stage.nordlo.it\/en\/wp-json\/wp\/v2\/product_brand?post=4833"},{"taxonomy":"product_cat","embeddable":true,"href":"https:\/\/fleximarkshop-stage.nordlo.it\/en\/wp-json\/wp\/v2\/product_cat?post=4833"},{"taxonomy":"product_tag","embeddable":true,"href":"https:\/\/fleximarkshop-stage.nordlo.it\/en\/wp-json\/wp\/v2\/product_tag?post=4833"}],"curies":[{"name":"wp","href":"https:\/\/api.w.org\/{rel}","templated":true}]}}