{"id":507,"date":"2015-06-25T14:08:19","date_gmt":"2015-06-25T14:08:19","guid":{"rendered":"https:\/\/fleximark\/produkt\/pte-25-5-m-skyltprofil\/"},"modified":"2015-06-25T14:08:19","modified_gmt":"2015-06-25T14:08:19","slug":"pte-25-5-m-skyltprofil","status":"publish","type":"product","link":"https:\/\/fleximarkshop-stage.nordlo.it\/en\/product\/pte-25-5-m-skyltprofil\/","title":{"rendered":"PTE 25-5 m skyltprofil f\u00f6rpackas p\u00e5 rulle"},"content":{"rendered":"<p>Skyltprofil PTE f\u00f6r kabel-, r\u00f6r- och komponentm\u00e4rkning. Levereras i olika l\u00e4ngder f\u00f6r egen tillverkning av skylth\u00e5llare. Klipps till r\u00e4tt l\u00e4ngd med profilt\u00e5ngen FL52ERA och FL52A.<br \/>Monteras med buntband eller skruv. UV-resistent och halogenfri.<\/p>\n<p>b>Material: <\/b>polyethylene plast, halogenfri<br \/><b>F\u00e4rg:<\/b> Transparent<br \/><b>Operating temperature: <\/b>-75\u00b0C till +80\u00b0C <\/p>","protected":false},"excerpt":{"rendered":"<p><b> Skyltprofiler anv\u00e4nds f\u00f6r m\u00e4rkning av kablar och komponenter.<br \/> Producera m\u00e4rkning sj\u00e4lv vid behov<br \/> Monteras med platbuntband.<br \/> Tillbeh\u00f6r: l\u00e5sknapp FLKA och \u00e4ndf\u00e4ste FLG\/FLV<br \/> I skyltprofilerna kan flera av FLEXIMARK\u00ae m\u00e4rksystem mo nteras.<br \/> Klipps till r\u00e4tt l\u00e4ngd med v\u00e5rt verktyg Flexitool FL52ERA eller FL52A<\/b> <\/p>","protected":false},"featured_media":505,"template":"","meta":{"_acf_changed":false},"product_brand":[],"product_cat":[15],"product_tag":[],"class_list":{"0":"post-507","1":"product","2":"type-product","3":"status-publish","4":"has-post-thumbnail","6":"product_cat-okategoriserad","7":"pa_antal-57","8":"pa_antal_buntband-143","9":"pa_forpackningsenhet-369","10":"pa_nav_item_discount_group-819","11":"sales-flash-overlay","12":"woocommerce-text-align-center","13":"woocommerce-image-align-center","14":"do-quantity-buttons","15":"wc-has-gallery","17":"first","18":"instock","19":"taxable","20":"shipping-taxable","21":"purchasable","22":"product-type-simple"},"acf":[],"yoast_head":"<!-- This site is optimized with the Yoast SEO plugin v27.3 - https:\/\/yoast.com\/product\/yoast-seo-wordpress\/ -->\n<title>PTE 25-5 m skyltprofil f\u00f6rpackas p\u00e5 rulle - FleximarkShop<\/title>\n<meta name=\"robots\" content=\"noindex, follow, max-snippet:-1, max-image-preview:large, max-video-preview:-1\" \/>\n<meta property=\"og:locale\" content=\"en_US\" \/>\n<meta property=\"og:type\" content=\"article\" \/>\n<meta property=\"og:title\" content=\"PTE 25-5 m skyltprofil f\u00f6rpackas p\u00e5 rulle - FleximarkShop\" \/>\n<meta property=\"og:description\" content=\"Skyltprofiler anv\u00e4nds f\u00f6r m\u00e4rkning av kablar och komponenter. Producera m\u00e4rkning sj\u00e4lv vid behov Monteras med platbuntband. Tillbeh\u00f6r: l\u00e5sknapp FLKA och \u00e4ndf\u00e4ste FLG\/FLV I skyltprofilerna kan flera av FLEXIMARK\u00ae m\u00e4rksystem mo nteras. Klipps till r\u00e4tt l\u00e4ngd med v\u00e5rt verktyg Flexitool FL52ERA eller FL52A\" \/>\n<meta property=\"og:url\" content=\"https:\/\/fleximarkshop-stage.nordlo.it\/en\/product\/pte-25-5-m-skyltprofil\/\" \/>\n<meta property=\"og:site_name\" content=\"FleximarkShop\" \/>\n<meta property=\"og:image\" content=\"https:\/\/fleximarkshop-stage.nordlo.it\/wp-content\/uploads\/83259954_1.jpg\" \/>\n\t<meta property=\"og:image:width\" content=\"2048\" \/>\n\t<meta property=\"og:image:height\" content=\"2048\" \/>\n\t<meta property=\"og:image:type\" content=\"image\/jpeg\" \/>\n<meta name=\"twitter:card\" content=\"summary_large_image\" \/>\n<script type=\"application\/ld+json\" class=\"yoast-schema-graph\">{\"@context\":\"https:\\\/\\\/schema.org\",\"@graph\":[{\"@type\":\"WebPage\",\"@id\":\"https:\\\/\\\/fleximarkshop-stage.nordlo.it\\\/produkt\\\/pte-25-5-m-skyltprofil\\\/\",\"url\":\"https:\\\/\\\/fleximarkshop-stage.nordlo.it\\\/produkt\\\/pte-25-5-m-skyltprofil\\\/\",\"name\":\"PTE 25-5 m skyltprofil f\u00f6rpackas p\u00e5 rulle - FleximarkShop\",\"isPartOf\":{\"@id\":\"https:\\\/\\\/fleximarkshop-stage.nordlo.it\\\/#website\"},\"primaryImageOfPage\":{\"@id\":\"https:\\\/\\\/fleximarkshop-stage.nordlo.it\\\/produkt\\\/pte-25-5-m-skyltprofil\\\/#primaryimage\"},\"image\":{\"@id\":\"https:\\\/\\\/fleximarkshop-stage.nordlo.it\\\/produkt\\\/pte-25-5-m-skyltprofil\\\/#primaryimage\"},\"thumbnailUrl\":\"https:\\\/\\\/fleximarkshop-stage.nordlo.it\\\/wp-content\\\/uploads\\\/83259954_1.jpg\",\"datePublished\":\"2015-06-25T14:08:19+00:00\",\"breadcrumb\":{\"@id\":\"https:\\\/\\\/fleximarkshop-stage.nordlo.it\\\/produkt\\\/pte-25-5-m-skyltprofil\\\/#breadcrumb\"},\"inLanguage\":\"en-US\",\"potentialAction\":[{\"@type\":\"ReadAction\",\"target\":[\"https:\\\/\\\/fleximarkshop-stage.nordlo.it\\\/produkt\\\/pte-25-5-m-skyltprofil\\\/\"]}]},{\"@type\":\"ImageObject\",\"inLanguage\":\"en-US\",\"@id\":\"https:\\\/\\\/fleximarkshop-stage.nordlo.it\\\/produkt\\\/pte-25-5-m-skyltprofil\\\/#primaryimage\",\"url\":\"https:\\\/\\\/fleximarkshop-stage.nordlo.it\\\/wp-content\\\/uploads\\\/83259954_1.jpg\",\"contentUrl\":\"https:\\\/\\\/fleximarkshop-stage.nordlo.it\\\/wp-content\\\/uploads\\\/83259954_1.jpg\",\"width\":2048,\"height\":2048,\"caption\":\"Skyltprofil PTE 25_5m\"},{\"@type\":\"BreadcrumbList\",\"@id\":\"https:\\\/\\\/fleximarkshop-stage.nordlo.it\\\/produkt\\\/pte-25-5-m-skyltprofil\\\/#breadcrumb\",\"itemListElement\":[{\"@type\":\"ListItem\",\"position\":1,\"name\":\"Hem\",\"item\":\"https:\\\/\\\/fleximarkshop-stage.nordlo.it\\\/\"},{\"@type\":\"ListItem\",\"position\":2,\"name\":\"Webbutik\",\"item\":\"https:\\\/\\\/fleximarkshop-stage.nordlo.it\\\/butik\\\/\"},{\"@type\":\"ListItem\",\"position\":3,\"name\":\"PTE 25-5 m skyltprofil f\u00f6rpackas p\u00e5 rulle\"}]},{\"@type\":\"WebSite\",\"@id\":\"https:\\\/\\\/fleximarkshop-stage.nordlo.it\\\/#website\",\"url\":\"https:\\\/\\\/fleximarkshop-stage.nordlo.it\\\/\",\"name\":\"FleximarkShop\",\"description\":\"M\u00e4rkning &amp; M\u00e4rksystem online\",\"publisher\":{\"@id\":\"https:\\\/\\\/fleximarkshop-stage.nordlo.it\\\/#organization\"},\"potentialAction\":[{\"@type\":\"SearchAction\",\"target\":{\"@type\":\"EntryPoint\",\"urlTemplate\":\"https:\\\/\\\/fleximarkshop-stage.nordlo.it\\\/?s={search_term_string}\"},\"query-input\":{\"@type\":\"PropertyValueSpecification\",\"valueRequired\":true,\"valueName\":\"search_term_string\"}}],\"inLanguage\":\"en-US\"},{\"@type\":\"Organization\",\"@id\":\"https:\\\/\\\/fleximarkshop-stage.nordlo.it\\\/#organization\",\"name\":\"FleximarkShop\",\"url\":\"https:\\\/\\\/fleximarkshop-stage.nordlo.it\\\/\",\"logo\":{\"@type\":\"ImageObject\",\"inLanguage\":\"en-US\",\"@id\":\"https:\\\/\\\/fleximarkshop-stage.nordlo.it\\\/#\\\/schema\\\/logo\\\/image\\\/\",\"url\":\"https:\\\/\\\/fleximarkshop-stage.nordlo.it\\\/wp-content\\\/uploads\\\/fleximark-logo.png\",\"contentUrl\":\"https:\\\/\\\/fleximarkshop-stage.nordlo.it\\\/wp-content\\\/uploads\\\/fleximark-logo.png\",\"width\":600,\"height\":80,\"caption\":\"FleximarkShop\"},\"image\":{\"@id\":\"https:\\\/\\\/fleximarkshop-stage.nordlo.it\\\/#\\\/schema\\\/logo\\\/image\\\/\"}}]}<\/script>\n<!-- \/ Yoast SEO plugin. -->","yoast_head_json":{"title":"PTE 25-5 m skyltprofil f\u00f6rpackas p\u00e5 rulle - FleximarkShop","robots":{"index":"noindex","follow":"follow","max-snippet":"max-snippet:-1","max-image-preview":"max-image-preview:large","max-video-preview":"max-video-preview:-1"},"og_locale":"en_US","og_type":"article","og_title":"PTE 25-5 m skyltprofil f\u00f6rpackas p\u00e5 rulle - FleximarkShop","og_description":"Skyltprofiler anv\u00e4nds f\u00f6r m\u00e4rkning av kablar och komponenter. Producera m\u00e4rkning sj\u00e4lv vid behov Monteras med platbuntband. Tillbeh\u00f6r: l\u00e5sknapp FLKA och \u00e4ndf\u00e4ste FLG\/FLV I skyltprofilerna kan flera av FLEXIMARK\u00ae m\u00e4rksystem mo nteras. Klipps till r\u00e4tt l\u00e4ngd med v\u00e5rt verktyg Flexitool FL52ERA eller FL52A","og_url":"https:\/\/fleximarkshop-stage.nordlo.it\/en\/product\/pte-25-5-m-skyltprofil\/","og_site_name":"FleximarkShop","og_image":[{"width":2048,"height":2048,"url":"https:\/\/fleximarkshop-stage.nordlo.it\/wp-content\/uploads\/83259954_1.jpg","type":"image\/jpeg"}],"twitter_card":"summary_large_image","schema":{"@context":"https:\/\/schema.org","@graph":[{"@type":"WebPage","@id":"https:\/\/fleximarkshop-stage.nordlo.it\/produkt\/pte-25-5-m-skyltprofil\/","url":"https:\/\/fleximarkshop-stage.nordlo.it\/produkt\/pte-25-5-m-skyltprofil\/","name":"PTE 25-5 m skyltprofil f\u00f6rpackas p\u00e5 rulle - FleximarkShop","isPartOf":{"@id":"https:\/\/fleximarkshop-stage.nordlo.it\/#website"},"primaryImageOfPage":{"@id":"https:\/\/fleximarkshop-stage.nordlo.it\/produkt\/pte-25-5-m-skyltprofil\/#primaryimage"},"image":{"@id":"https:\/\/fleximarkshop-stage.nordlo.it\/produkt\/pte-25-5-m-skyltprofil\/#primaryimage"},"thumbnailUrl":"https:\/\/fleximarkshop-stage.nordlo.it\/wp-content\/uploads\/83259954_1.jpg","datePublished":"2015-06-25T14:08:19+00:00","breadcrumb":{"@id":"https:\/\/fleximarkshop-stage.nordlo.it\/produkt\/pte-25-5-m-skyltprofil\/#breadcrumb"},"inLanguage":"en-US","potentialAction":[{"@type":"ReadAction","target":["https:\/\/fleximarkshop-stage.nordlo.it\/produkt\/pte-25-5-m-skyltprofil\/"]}]},{"@type":"ImageObject","inLanguage":"en-US","@id":"https:\/\/fleximarkshop-stage.nordlo.it\/produkt\/pte-25-5-m-skyltprofil\/#primaryimage","url":"https:\/\/fleximarkshop-stage.nordlo.it\/wp-content\/uploads\/83259954_1.jpg","contentUrl":"https:\/\/fleximarkshop-stage.nordlo.it\/wp-content\/uploads\/83259954_1.jpg","width":2048,"height":2048,"caption":"Skyltprofil PTE 25_5m"},{"@type":"BreadcrumbList","@id":"https:\/\/fleximarkshop-stage.nordlo.it\/produkt\/pte-25-5-m-skyltprofil\/#breadcrumb","itemListElement":[{"@type":"ListItem","position":1,"name":"Hem","item":"https:\/\/fleximarkshop-stage.nordlo.it\/"},{"@type":"ListItem","position":2,"name":"Webbutik","item":"https:\/\/fleximarkshop-stage.nordlo.it\/butik\/"},{"@type":"ListItem","position":3,"name":"PTE 25-5 m skyltprofil f\u00f6rpackas p\u00e5 rulle"}]},{"@type":"WebSite","@id":"https:\/\/fleximarkshop-stage.nordlo.it\/#website","url":"https:\/\/fleximarkshop-stage.nordlo.it\/","name":"FleximarkShop","description":"M\u00e4rkning &amp; M\u00e4rksystem online","publisher":{"@id":"https:\/\/fleximarkshop-stage.nordlo.it\/#organization"},"potentialAction":[{"@type":"SearchAction","target":{"@type":"EntryPoint","urlTemplate":"https:\/\/fleximarkshop-stage.nordlo.it\/?s={search_term_string}"},"query-input":{"@type":"PropertyValueSpecification","valueRequired":true,"valueName":"search_term_string"}}],"inLanguage":"en-US"},{"@type":"Organization","@id":"https:\/\/fleximarkshop-stage.nordlo.it\/#organization","name":"FleximarkShop","url":"https:\/\/fleximarkshop-stage.nordlo.it\/","logo":{"@type":"ImageObject","inLanguage":"en-US","@id":"https:\/\/fleximarkshop-stage.nordlo.it\/#\/schema\/logo\/image\/","url":"https:\/\/fleximarkshop-stage.nordlo.it\/wp-content\/uploads\/fleximark-logo.png","contentUrl":"https:\/\/fleximarkshop-stage.nordlo.it\/wp-content\/uploads\/fleximark-logo.png","width":600,"height":80,"caption":"FleximarkShop"},"image":{"@id":"https:\/\/fleximarkshop-stage.nordlo.it\/#\/schema\/logo\/image\/"}}]}},"_links":{"self":[{"href":"https:\/\/fleximarkshop-stage.nordlo.it\/en\/wp-json\/wp\/v2\/product\/507","targetHints":{"allow":["GET"]}}],"collection":[{"href":"https:\/\/fleximarkshop-stage.nordlo.it\/en\/wp-json\/wp\/v2\/product"}],"about":[{"href":"https:\/\/fleximarkshop-stage.nordlo.it\/en\/wp-json\/wp\/v2\/types\/product"}],"wp:featuredmedia":[{"embeddable":true,"href":"https:\/\/fleximarkshop-stage.nordlo.it\/en\/wp-json\/wp\/v2\/media\/505"}],"wp:attachment":[{"href":"https:\/\/fleximarkshop-stage.nordlo.it\/en\/wp-json\/wp\/v2\/media?parent=507"}],"wp:term":[{"taxonomy":"product_brand","embeddable":true,"href":"https:\/\/fleximarkshop-stage.nordlo.it\/en\/wp-json\/wp\/v2\/product_brand?post=507"},{"taxonomy":"product_cat","embeddable":true,"href":"https:\/\/fleximarkshop-stage.nordlo.it\/en\/wp-json\/wp\/v2\/product_cat?post=507"},{"taxonomy":"product_tag","embeddable":true,"href":"https:\/\/fleximarkshop-stage.nordlo.it\/en\/wp-json\/wp\/v2\/product_tag?post=507"}],"curies":[{"name":"wp","href":"https:\/\/api.w.org\/{rel}","templated":true}]}}