{"id":5089,"date":"2020-06-18T11:55:33","date_gmt":"2020-06-18T11:55:33","guid":{"rendered":"https:\/\/fleximark\/produkt\/flo-code-vent-rod-for-tilluft\/"},"modified":"2020-06-18T11:55:33","modified_gmt":"2020-06-18T11:55:33","slug":"flo-code-vent-rod-for-tilluft","status":"publish","type":"product","link":"https:\/\/fleximarkshop-stage.nordlo.it\/en\/product\/flo-code-vent-rod-for-tilluft\/","title":{"rendered":"Flo-Code Vent.r\u00f6d,Tilluft APET"},"content":{"rendered":"<p>Flo-Code Ventilation best&aring;r av en serie f&auml;rgade skyltar f&ouml;r ventilationsm&auml;rkning. Skyltarna &auml;r av APET material och &auml;r utformade som en vikbar platta med transparent pil f&ouml;r placering av textetikett i pilen. Din egenproducerade textetikett placeras p&aring; den sj&auml;lvh&auml;ftande plattan, sedan viks skylten ihop s&aring; att textetiketten sitterv&auml;l skyddad bakom det transparenta pilf&ouml;nstret. Flo-Code Ventilationsskyltar monteras enkelt p&aring; r&ouml;rledningar och kanaler genom att nitas, skruvas eller najas fast. <\/p>\n<p> M&auml;rkningens f&auml;rg indikerar inneh&aring;llet och pilen visar fl&ouml;desriktningen. Flo-Code uppfyller kraven enligt SS741 ohc VVS AMA 98.<\/p><\/p>","protected":false},"excerpt":{"rendered":"<p>R\u00f6rm\u00e4rkning. Flo-Code Ventilation.<br \/> Snabb och enkel ventilationsm\u00e4rkning med transparenta pilf\u00f6nster f\u00f6r eenproducerade textetiketter. Kan f\u00e4stas b\u00e5de p\u00e5 r\u00f6r och kanaler. Uppfyller kraven enligt SS741 och VVS AMA 98<\/p>\n<p>   M\u00e5tt: 160 mm x 90 mm.<br \/>   Antal: 1 pil\/f\u00f6rpackning.<br \/>   Material: APET.<br \/>   Fr\u00e4mst f\u00f6r inomhusbruk. H\u00e5llbarhet utomhus 2-3 \u00e5r.<br \/>   Skylten nitas, skruvas eller najas fast p\u00e5 r\u00f6r och kanaler. <\/p>\n<p><span style=\"color: #ff9900;\"><strong><a href=\"https:\/\/fleximarkshop-stage.nordlo.it\/wp-content\/uploads\/DB83880300SV_R_rm_rkning_1.pdf\" title=\"R&ouml;rm&auml;rkning produktdatablad\" target=\"_blank\" rel=\"noopener\"><span style=\"color: #ff9900;\">Product data sheet<\/span><\/a><\/strong> <\/span><\/p>","protected":false},"featured_media":5086,"template":"","meta":{"_acf_changed":false},"product_brand":[],"product_cat":[909,903,965,929],"product_tag":[],"class_list":{"0":"post-5089","1":"product","2":"type-product","3":"status-publish","4":"has-post-thumbnail","6":"product_cat-markning","7":"product_cat-markprodukter","8":"product_cat-rormarkning-1","9":"product_cat-rormarkning","10":"pa_filter_ett-standardmontering","11":"pa_filter_tva-halogenfri","12":"pa_filter_tva-miljavanlig","13":"pa_langd-160mm","14":"pa_nav_item_discount_group-854","15":"pa_temperatur_c-60-_20actill80acappliceringst","16":"sales-flash-overlay","17":"woocommerce-text-align-center","18":"woocommerce-image-align-center","19":"do-quantity-buttons","20":"wc-has-gallery","22":"first","23":"onbackorder","24":"taxable","25":"shipping-taxable","26":"purchasable","27":"product-type-simple"},"acf":[],"yoast_head":"<!-- This site is optimized with the Yoast SEO plugin v27.4 - https:\/\/yoast.com\/product\/yoast-seo-wordpress\/ -->\n<title>Flo-Code Vent.r\u00f6d,Tilluft APET - FleximarkShop<\/title>\n<meta name=\"robots\" content=\"noindex, follow, max-snippet:-1, max-image-preview:large, max-video-preview:-1\" \/>\n<meta property=\"og:locale\" content=\"en_US\" \/>\n<meta property=\"og:type\" content=\"article\" \/>\n<meta property=\"og:title\" content=\"Flo-Code Vent.r\u00f6d,Tilluft APET - FleximarkShop\" \/>\n<meta property=\"og:description\" content=\"R\u00f6rm\u00e4rkning. Flo-Code Ventilation. Snabb och enkel ventilationsm\u00e4rkning med transparenta pilf\u00f6nster f\u00f6r eenproducerade textetiketter. Kan f\u00e4stas b\u00e5de p\u00e5 r\u00f6r och kanaler. Uppfyller kraven enligt SS741 och VVS AMA 98  M\u00e5tt: 160 mm x 90 mm.  Antal: 1 pil\/f\u00f6rpackning.  Material: APET.  Fr\u00e4mst f\u00f6r inomhusbruk. H\u00e5llbarhet utomhus 2-3 \u00e5r.  Skylten nitas, skruvas eller najas fast p\u00e5 r\u00f6r och kanaler.  Produktdatablad\" \/>\n<meta property=\"og:url\" content=\"https:\/\/fleximarkshop-stage.nordlo.it\/en\/product\/flo-code-vent-rod-for-tilluft\/\" \/>\n<meta property=\"og:site_name\" content=\"FleximarkShop\" \/>\n<meta property=\"og:image\" content=\"https:\/\/fleximarkshop-stage.nordlo.it\/wp-content\/uploads\/83880352_9.jpg\" \/>\n\t<meta property=\"og:image:width\" content=\"400\" \/>\n\t<meta property=\"og:image:height\" content=\"400\" \/>\n\t<meta property=\"og:image:type\" content=\"image\/jpeg\" \/>\n<meta name=\"twitter:card\" content=\"summary_large_image\" \/>\n<meta name=\"twitter:label1\" content=\"Est. reading time\" \/>\n\t<meta name=\"twitter:data1\" content=\"1 minute\" \/>\n<script type=\"application\/ld+json\" class=\"yoast-schema-graph\">{\"@context\":\"https:\\\/\\\/schema.org\",\"@graph\":[{\"@type\":\"WebPage\",\"@id\":\"https:\\\/\\\/fleximarkshop-stage.nordlo.it\\\/produkt\\\/flo-code-vent-rod-for-tilluft\\\/\",\"url\":\"https:\\\/\\\/fleximarkshop-stage.nordlo.it\\\/produkt\\\/flo-code-vent-rod-for-tilluft\\\/\",\"name\":\"Flo-Code Vent.r\u00f6d,Tilluft APET - FleximarkShop\",\"isPartOf\":{\"@id\":\"https:\\\/\\\/fleximarkshop-stage.nordlo.it\\\/#website\"},\"primaryImageOfPage\":{\"@id\":\"https:\\\/\\\/fleximarkshop-stage.nordlo.it\\\/produkt\\\/flo-code-vent-rod-for-tilluft\\\/#primaryimage\"},\"image\":{\"@id\":\"https:\\\/\\\/fleximarkshop-stage.nordlo.it\\\/produkt\\\/flo-code-vent-rod-for-tilluft\\\/#primaryimage\"},\"thumbnailUrl\":\"https:\\\/\\\/fleximarkshop-stage.nordlo.it\\\/wp-content\\\/uploads\\\/83880352_9.jpg\",\"datePublished\":\"2020-06-18T11:55:33+00:00\",\"breadcrumb\":{\"@id\":\"https:\\\/\\\/fleximarkshop-stage.nordlo.it\\\/produkt\\\/flo-code-vent-rod-for-tilluft\\\/#breadcrumb\"},\"inLanguage\":\"en-US\",\"potentialAction\":[{\"@type\":\"ReadAction\",\"target\":[\"https:\\\/\\\/fleximarkshop-stage.nordlo.it\\\/produkt\\\/flo-code-vent-rod-for-tilluft\\\/\"]}]},{\"@type\":\"ImageObject\",\"inLanguage\":\"en-US\",\"@id\":\"https:\\\/\\\/fleximarkshop-stage.nordlo.it\\\/produkt\\\/flo-code-vent-rod-for-tilluft\\\/#primaryimage\",\"url\":\"https:\\\/\\\/fleximarkshop-stage.nordlo.it\\\/wp-content\\\/uploads\\\/83880352_9.jpg\",\"contentUrl\":\"https:\\\/\\\/fleximarkshop-stage.nordlo.it\\\/wp-content\\\/uploads\\\/83880352_9.jpg\",\"width\":400,\"height\":400,\"caption\":\"Flo_Code Ventilation_r\u00f6d f\u00f6r tilluft\"},{\"@type\":\"BreadcrumbList\",\"@id\":\"https:\\\/\\\/fleximarkshop-stage.nordlo.it\\\/produkt\\\/flo-code-vent-rod-for-tilluft\\\/#breadcrumb\",\"itemListElement\":[{\"@type\":\"ListItem\",\"position\":1,\"name\":\"Hem\",\"item\":\"https:\\\/\\\/fleximarkshop-stage.nordlo.it\\\/\"},{\"@type\":\"ListItem\",\"position\":2,\"name\":\"Webbutik\",\"item\":\"https:\\\/\\\/fleximarkshop-stage.nordlo.it\\\/butik\\\/\"},{\"@type\":\"ListItem\",\"position\":3,\"name\":\"Flo-Code Vent.r\u00f6d,Tilluft APET\"}]},{\"@type\":\"WebSite\",\"@id\":\"https:\\\/\\\/fleximarkshop-stage.nordlo.it\\\/#website\",\"url\":\"https:\\\/\\\/fleximarkshop-stage.nordlo.it\\\/\",\"name\":\"FleximarkShop\",\"description\":\"M\u00e4rkning &amp; M\u00e4rksystem online\",\"publisher\":{\"@id\":\"https:\\\/\\\/fleximarkshop-stage.nordlo.it\\\/#organization\"},\"potentialAction\":[{\"@type\":\"SearchAction\",\"target\":{\"@type\":\"EntryPoint\",\"urlTemplate\":\"https:\\\/\\\/fleximarkshop-stage.nordlo.it\\\/?s={search_term_string}\"},\"query-input\":{\"@type\":\"PropertyValueSpecification\",\"valueRequired\":true,\"valueName\":\"search_term_string\"}}],\"inLanguage\":\"en-US\"},{\"@type\":\"Organization\",\"@id\":\"https:\\\/\\\/fleximarkshop-stage.nordlo.it\\\/#organization\",\"name\":\"FleximarkShop\",\"url\":\"https:\\\/\\\/fleximarkshop-stage.nordlo.it\\\/\",\"logo\":{\"@type\":\"ImageObject\",\"inLanguage\":\"en-US\",\"@id\":\"https:\\\/\\\/fleximarkshop-stage.nordlo.it\\\/#\\\/schema\\\/logo\\\/image\\\/\",\"url\":\"https:\\\/\\\/fleximarkshop-stage.nordlo.it\\\/wp-content\\\/uploads\\\/fleximark-logo.png\",\"contentUrl\":\"https:\\\/\\\/fleximarkshop-stage.nordlo.it\\\/wp-content\\\/uploads\\\/fleximark-logo.png\",\"width\":600,\"height\":80,\"caption\":\"FleximarkShop\"},\"image\":{\"@id\":\"https:\\\/\\\/fleximarkshop-stage.nordlo.it\\\/#\\\/schema\\\/logo\\\/image\\\/\"}}]}<\/script>\n<!-- \/ Yoast SEO plugin. -->","yoast_head_json":{"title":"Flo-Code Vent.r\u00f6d,Tilluft APET - FleximarkShop","robots":{"index":"noindex","follow":"follow","max-snippet":"max-snippet:-1","max-image-preview":"max-image-preview:large","max-video-preview":"max-video-preview:-1"},"og_locale":"en_US","og_type":"article","og_title":"Flo-Code Vent.r\u00f6d,Tilluft APET - FleximarkShop","og_description":"R\u00f6rm\u00e4rkning. Flo-Code Ventilation. Snabb och enkel ventilationsm\u00e4rkning med transparenta pilf\u00f6nster f\u00f6r eenproducerade textetiketter. Kan f\u00e4stas b\u00e5de p\u00e5 r\u00f6r och kanaler. Uppfyller kraven enligt SS741 och VVS AMA 98  M\u00e5tt: 160 mm x 90 mm.  Antal: 1 pil\/f\u00f6rpackning.  Material: APET.  Fr\u00e4mst f\u00f6r inomhusbruk. H\u00e5llbarhet utomhus 2-3 \u00e5r.  Skylten nitas, skruvas eller najas fast p\u00e5 r\u00f6r och kanaler.  Produktdatablad","og_url":"https:\/\/fleximarkshop-stage.nordlo.it\/en\/product\/flo-code-vent-rod-for-tilluft\/","og_site_name":"FleximarkShop","og_image":[{"width":400,"height":400,"url":"https:\/\/fleximarkshop-stage.nordlo.it\/wp-content\/uploads\/83880352_9.jpg","type":"image\/jpeg"}],"twitter_card":"summary_large_image","twitter_misc":{"Est. reading time":"1 minute"},"schema":{"@context":"https:\/\/schema.org","@graph":[{"@type":"WebPage","@id":"https:\/\/fleximarkshop-stage.nordlo.it\/produkt\/flo-code-vent-rod-for-tilluft\/","url":"https:\/\/fleximarkshop-stage.nordlo.it\/produkt\/flo-code-vent-rod-for-tilluft\/","name":"Flo-Code Vent.r\u00f6d,Tilluft APET - FleximarkShop","isPartOf":{"@id":"https:\/\/fleximarkshop-stage.nordlo.it\/#website"},"primaryImageOfPage":{"@id":"https:\/\/fleximarkshop-stage.nordlo.it\/produkt\/flo-code-vent-rod-for-tilluft\/#primaryimage"},"image":{"@id":"https:\/\/fleximarkshop-stage.nordlo.it\/produkt\/flo-code-vent-rod-for-tilluft\/#primaryimage"},"thumbnailUrl":"https:\/\/fleximarkshop-stage.nordlo.it\/wp-content\/uploads\/83880352_9.jpg","datePublished":"2020-06-18T11:55:33+00:00","breadcrumb":{"@id":"https:\/\/fleximarkshop-stage.nordlo.it\/produkt\/flo-code-vent-rod-for-tilluft\/#breadcrumb"},"inLanguage":"en-US","potentialAction":[{"@type":"ReadAction","target":["https:\/\/fleximarkshop-stage.nordlo.it\/produkt\/flo-code-vent-rod-for-tilluft\/"]}]},{"@type":"ImageObject","inLanguage":"en-US","@id":"https:\/\/fleximarkshop-stage.nordlo.it\/produkt\/flo-code-vent-rod-for-tilluft\/#primaryimage","url":"https:\/\/fleximarkshop-stage.nordlo.it\/wp-content\/uploads\/83880352_9.jpg","contentUrl":"https:\/\/fleximarkshop-stage.nordlo.it\/wp-content\/uploads\/83880352_9.jpg","width":400,"height":400,"caption":"Flo_Code Ventilation_r\u00f6d f\u00f6r tilluft"},{"@type":"BreadcrumbList","@id":"https:\/\/fleximarkshop-stage.nordlo.it\/produkt\/flo-code-vent-rod-for-tilluft\/#breadcrumb","itemListElement":[{"@type":"ListItem","position":1,"name":"Hem","item":"https:\/\/fleximarkshop-stage.nordlo.it\/"},{"@type":"ListItem","position":2,"name":"Webbutik","item":"https:\/\/fleximarkshop-stage.nordlo.it\/butik\/"},{"@type":"ListItem","position":3,"name":"Flo-Code Vent.r\u00f6d,Tilluft APET"}]},{"@type":"WebSite","@id":"https:\/\/fleximarkshop-stage.nordlo.it\/#website","url":"https:\/\/fleximarkshop-stage.nordlo.it\/","name":"FleximarkShop","description":"M\u00e4rkning &amp; M\u00e4rksystem online","publisher":{"@id":"https:\/\/fleximarkshop-stage.nordlo.it\/#organization"},"potentialAction":[{"@type":"SearchAction","target":{"@type":"EntryPoint","urlTemplate":"https:\/\/fleximarkshop-stage.nordlo.it\/?s={search_term_string}"},"query-input":{"@type":"PropertyValueSpecification","valueRequired":true,"valueName":"search_term_string"}}],"inLanguage":"en-US"},{"@type":"Organization","@id":"https:\/\/fleximarkshop-stage.nordlo.it\/#organization","name":"FleximarkShop","url":"https:\/\/fleximarkshop-stage.nordlo.it\/","logo":{"@type":"ImageObject","inLanguage":"en-US","@id":"https:\/\/fleximarkshop-stage.nordlo.it\/#\/schema\/logo\/image\/","url":"https:\/\/fleximarkshop-stage.nordlo.it\/wp-content\/uploads\/fleximark-logo.png","contentUrl":"https:\/\/fleximarkshop-stage.nordlo.it\/wp-content\/uploads\/fleximark-logo.png","width":600,"height":80,"caption":"FleximarkShop"},"image":{"@id":"https:\/\/fleximarkshop-stage.nordlo.it\/#\/schema\/logo\/image\/"}}]}},"_links":{"self":[{"href":"https:\/\/fleximarkshop-stage.nordlo.it\/en\/wp-json\/wp\/v2\/product\/5089","targetHints":{"allow":["GET"]}}],"collection":[{"href":"https:\/\/fleximarkshop-stage.nordlo.it\/en\/wp-json\/wp\/v2\/product"}],"about":[{"href":"https:\/\/fleximarkshop-stage.nordlo.it\/en\/wp-json\/wp\/v2\/types\/product"}],"wp:featuredmedia":[{"embeddable":true,"href":"https:\/\/fleximarkshop-stage.nordlo.it\/en\/wp-json\/wp\/v2\/media\/5086"}],"wp:attachment":[{"href":"https:\/\/fleximarkshop-stage.nordlo.it\/en\/wp-json\/wp\/v2\/media?parent=5089"}],"wp:term":[{"taxonomy":"product_brand","embeddable":true,"href":"https:\/\/fleximarkshop-stage.nordlo.it\/en\/wp-json\/wp\/v2\/product_brand?post=5089"},{"taxonomy":"product_cat","embeddable":true,"href":"https:\/\/fleximarkshop-stage.nordlo.it\/en\/wp-json\/wp\/v2\/product_cat?post=5089"},{"taxonomy":"product_tag","embeddable":true,"href":"https:\/\/fleximarkshop-stage.nordlo.it\/en\/wp-json\/wp\/v2\/product_tag?post=5089"}],"curies":[{"name":"wp","href":"https:\/\/api.w.org\/{rel}","templated":true}]}}