{"id":5107,"date":"2020-06-23T13:54:36","date_gmt":"2020-06-23T13:54:36","guid":{"rendered":"https:\/\/fleximark\/produkt\/pilskylt-200x20x1-valfri-text\/"},"modified":"2020-06-23T13:54:36","modified_gmt":"2020-06-23T13:54:36","slug":"pilskylt-200x20x1-valfri-text","status":"publish","type":"product","link":"https:\/\/fleximarkshop-stage.nordlo.it\/en\/product\/pilskylt-200x20x1-valfri-text\/","title":{"rendered":"Pilskylt 200x20x1valfr textPVC valfri f\u00e4rg och faropiktogram"},"content":{"rendered":"<p>Kundanpassad dubbelriktad pilskylt. Leverars i valfri f\u00e4rg med valfri text och faropiktogram.<\/p>\n<p>  Klipp av felaktig pil eller l\u00e5t b\u00e5da vara kvar f\u00f6r ringmatade r\u00f6r. F\u00e4st med buntband.<br \/> Passar fr\u00e4mst slangar och sm\u00e5 r\u00f6r d\u00e4r tydligare m\u00e4rkning \u00f6nskas.     <\/p>","protected":false},"excerpt":{"rendered":"<p>R&ouml;rm&auml;rkning. Kundanpassad Pilskylt<br \/> Leverars i valfri f&auml;rg med valfri text och faropiktogram.<br \/> Dubbelriktad pilskylt. Klipp av felaktig pil eller l&aring;t b&aring;da vara kvar f&ouml;r ringmatade r&ouml;r. F&auml;st med buntband.<\/p>\n<p> &bull; Pilskylt i olika f&auml;rger<br \/> &bull; M&aring;tt: 200x20x1 mm<br \/> &bull; Antal: 10 skyltar\/f&ouml;rpackning.<br \/> &bull; Material: Vinyl <br \/> &bull; Fr&auml;mst f&ouml;r inomhusbruk. H&aring;llbarhet utomhus 3-5 &aring;r.<br \/> &bull; Monteras med buntband<\/p>\n<p> <strong>Best&auml;llning av kundanpassad r&ouml;rm&auml;rkning:<\/strong><\/p>\n<p> 1. Best&auml;ll &ouml;nskade produkter i Fleximarks webbshop<br \/> 2. Fyll i best&auml;llningsmallen (artiklenummer, f&auml;rg, faropiktogram, textinformation).<br \/> 3. Spara best&auml;llningsmallen p&aring; din dator.<br \/> 4. Skicka sedan in din best&auml;llningsmall separat till order@fleximark.se<\/p>\n<p> <em>Vid best&auml;llning av kundanpassad r&ouml;rm&auml;rkning tillkommer en textkostnad (s&auml;ttningskostnad) p&aring; 75 kr exkl. moms. Kostnaden l&auml;ggs p&aring; vid fakturering.<\/em><\/p>\n<p> <strong>Varans artikelnummer:<\/strong> 83880356<\/p>\n<p><a href=\"https:\/\/fleximarkshop-stage.nordlo.it\/wp-content\/uploads\/R_rm_rkningsdekaler_best_llningsmall.pdf\" target=\"_blank\" rel=\"noopener\"><span style=\"color: #ff9900;\"><strong>Order template<\/strong><\/span><\/a><\/p>\n<p><a href=\"https:\/\/fleximarkshop-stage.nordlo.it\/wp-content\/uploads\/DB83880300SV_R_rm_rkning_1.pdf\" title=\"R&ouml;rm&auml;rkning produktdatablad\" target=\"_blank\" rel=\"noopener\"><span style=\"color: #ff9900;\"><strong>Product data sheet<\/strong><\/span><\/a><\/p><\/p>","protected":false},"featured_media":5104,"template":"","meta":{"_acf_changed":false},"product_brand":[],"product_cat":[909,903,965,929],"product_tag":[],"class_list":{"0":"post-5107","1":"product","2":"type-product","3":"status-publish","4":"has-post-thumbnail","6":"product_cat-markning","7":"product_cat-markprodukter","8":"product_cat-rormarkning-1","9":"product_cat-rormarkning","10":"pa_filter_ett-kundanpassning","11":"pa_langd-200mm","12":"pa_nav_item_discount_group-854","13":"pa_temperatur_c-18-_40actill80acappliceringst","14":"sales-flash-overlay","15":"woocommerce-text-align-center","16":"woocommerce-image-align-center","17":"do-quantity-buttons","18":"wc-has-gallery","20":"first","21":"onbackorder","22":"taxable","23":"shipping-taxable","24":"purchasable","25":"product-type-simple"},"acf":[],"yoast_head":"<!-- This site is optimized with the Yoast SEO plugin v27.4 - https:\/\/yoast.com\/product\/yoast-seo-wordpress\/ -->\n<title>Pilskylt 200x20x1valfr textPVC valfri f\u00e4rg och faropiktogram - FleximarkShop<\/title>\n<meta name=\"robots\" content=\"noindex, follow, max-snippet:-1, max-image-preview:large, max-video-preview:-1\" \/>\n<meta property=\"og:locale\" content=\"en_US\" \/>\n<meta property=\"og:type\" content=\"article\" \/>\n<meta property=\"og:title\" content=\"Pilskylt 200x20x1valfr textPVC valfri f\u00e4rg och faropiktogram - FleximarkShop\" \/>\n<meta property=\"og:description\" content=\"R&ouml;rm&auml;rkning. Kundanpassad Pilskylt Leverars i valfri f&auml;rg med valfri text och faropiktogram. Dubbelriktad pilskylt. Klipp av felaktig pil eller l&aring;t b&aring;da vara kvar f&ouml;r ringmatade r&ouml;r. F&auml;st med buntband. &bull; Pilskylt i olika f&auml;rger &bull; M&aring;tt: 200x20x1 mm &bull; Antal: 10 skyltar\/f&ouml;rpackning. &bull; Material: Vinyl &bull; Fr&auml;mst f&ouml;r inomhusbruk. H&aring;llbarhet utomhus 3-5 &aring;r. &bull; Monteras med buntband Best&auml;llning av kundanpassad r&ouml;rm&auml;rkning: 1. Best&auml;ll &ouml;nskade produkter i Fleximarks webbshop 2. Fyll i best&auml;llningsmallen (artiklenummer, f&auml;rg, faropiktogram, textinformation). 3. Spara best&auml;llningsmallen p&aring; din dator. 4. Skicka sedan in din best&auml;llningsmall separat till order@fleximark.se Vid best&auml;llning av kundanpassad r&ouml;rm&auml;rkning tillkommer en textkostnad (s&auml;ttningskostnad) p&aring; 75 kr exkl. moms. Kostnaden l&auml;ggs p&aring; vid fakturering. Varans artikelnummer: 83880356 Best&auml;llningsmall Produktdatablad\" \/>\n<meta property=\"og:url\" content=\"https:\/\/fleximarkshop-stage.nordlo.it\/en\/product\/pilskylt-200x20x1-valfri-text\/\" \/>\n<meta property=\"og:site_name\" content=\"FleximarkShop\" \/>\n<meta property=\"og:image\" content=\"https:\/\/fleximarkshop-stage.nordlo.it\/wp-content\/uploads\/83880356_6.jpg\" \/>\n\t<meta property=\"og:image:width\" content=\"400\" \/>\n\t<meta property=\"og:image:height\" content=\"400\" \/>\n\t<meta property=\"og:image:type\" content=\"image\/jpeg\" \/>\n<meta name=\"twitter:card\" content=\"summary_large_image\" \/>\n<script type=\"application\/ld+json\" class=\"yoast-schema-graph\">{\"@context\":\"https:\\\/\\\/schema.org\",\"@graph\":[{\"@type\":\"WebPage\",\"@id\":\"https:\\\/\\\/fleximarkshop-stage.nordlo.it\\\/produkt\\\/pilskylt-200x20x1-valfri-text\\\/\",\"url\":\"https:\\\/\\\/fleximarkshop-stage.nordlo.it\\\/produkt\\\/pilskylt-200x20x1-valfri-text\\\/\",\"name\":\"Pilskylt 200x20x1valfr textPVC valfri f\u00e4rg och faropiktogram - FleximarkShop\",\"isPartOf\":{\"@id\":\"https:\\\/\\\/fleximarkshop-stage.nordlo.it\\\/#website\"},\"primaryImageOfPage\":{\"@id\":\"https:\\\/\\\/fleximarkshop-stage.nordlo.it\\\/produkt\\\/pilskylt-200x20x1-valfri-text\\\/#primaryimage\"},\"image\":{\"@id\":\"https:\\\/\\\/fleximarkshop-stage.nordlo.it\\\/produkt\\\/pilskylt-200x20x1-valfri-text\\\/#primaryimage\"},\"thumbnailUrl\":\"https:\\\/\\\/fleximarkshop-stage.nordlo.it\\\/wp-content\\\/uploads\\\/83880356_6.jpg\",\"datePublished\":\"2020-06-23T13:54:36+00:00\",\"breadcrumb\":{\"@id\":\"https:\\\/\\\/fleximarkshop-stage.nordlo.it\\\/produkt\\\/pilskylt-200x20x1-valfri-text\\\/#breadcrumb\"},\"inLanguage\":\"en-US\",\"potentialAction\":[{\"@type\":\"ReadAction\",\"target\":[\"https:\\\/\\\/fleximarkshop-stage.nordlo.it\\\/produkt\\\/pilskylt-200x20x1-valfri-text\\\/\"]}]},{\"@type\":\"ImageObject\",\"inLanguage\":\"en-US\",\"@id\":\"https:\\\/\\\/fleximarkshop-stage.nordlo.it\\\/produkt\\\/pilskylt-200x20x1-valfri-text\\\/#primaryimage\",\"url\":\"https:\\\/\\\/fleximarkshop-stage.nordlo.it\\\/wp-content\\\/uploads\\\/83880356_6.jpg\",\"contentUrl\":\"https:\\\/\\\/fleximarkshop-stage.nordlo.it\\\/wp-content\\\/uploads\\\/83880356_6.jpg\",\"width\":400,\"height\":400,\"caption\":\"Pilskylt ljusbl\u00e5 200x20x1mm PVC TP1_TL\"},{\"@type\":\"BreadcrumbList\",\"@id\":\"https:\\\/\\\/fleximarkshop-stage.nordlo.it\\\/produkt\\\/pilskylt-200x20x1-valfri-text\\\/#breadcrumb\",\"itemListElement\":[{\"@type\":\"ListItem\",\"position\":1,\"name\":\"Hem\",\"item\":\"https:\\\/\\\/fleximarkshop-stage.nordlo.it\\\/\"},{\"@type\":\"ListItem\",\"position\":2,\"name\":\"Webbutik\",\"item\":\"https:\\\/\\\/fleximarkshop-stage.nordlo.it\\\/butik\\\/\"},{\"@type\":\"ListItem\",\"position\":3,\"name\":\"Pilskylt 200x20x1valfr textPVC valfri f\u00e4rg och faropiktogram\"}]},{\"@type\":\"WebSite\",\"@id\":\"https:\\\/\\\/fleximarkshop-stage.nordlo.it\\\/#website\",\"url\":\"https:\\\/\\\/fleximarkshop-stage.nordlo.it\\\/\",\"name\":\"FleximarkShop\",\"description\":\"M\u00e4rkning &amp; M\u00e4rksystem online\",\"publisher\":{\"@id\":\"https:\\\/\\\/fleximarkshop-stage.nordlo.it\\\/#organization\"},\"potentialAction\":[{\"@type\":\"SearchAction\",\"target\":{\"@type\":\"EntryPoint\",\"urlTemplate\":\"https:\\\/\\\/fleximarkshop-stage.nordlo.it\\\/?s={search_term_string}\"},\"query-input\":{\"@type\":\"PropertyValueSpecification\",\"valueRequired\":true,\"valueName\":\"search_term_string\"}}],\"inLanguage\":\"en-US\"},{\"@type\":\"Organization\",\"@id\":\"https:\\\/\\\/fleximarkshop-stage.nordlo.it\\\/#organization\",\"name\":\"FleximarkShop\",\"url\":\"https:\\\/\\\/fleximarkshop-stage.nordlo.it\\\/\",\"logo\":{\"@type\":\"ImageObject\",\"inLanguage\":\"en-US\",\"@id\":\"https:\\\/\\\/fleximarkshop-stage.nordlo.it\\\/#\\\/schema\\\/logo\\\/image\\\/\",\"url\":\"https:\\\/\\\/fleximarkshop-stage.nordlo.it\\\/wp-content\\\/uploads\\\/fleximark-logo.png\",\"contentUrl\":\"https:\\\/\\\/fleximarkshop-stage.nordlo.it\\\/wp-content\\\/uploads\\\/fleximark-logo.png\",\"width\":600,\"height\":80,\"caption\":\"FleximarkShop\"},\"image\":{\"@id\":\"https:\\\/\\\/fleximarkshop-stage.nordlo.it\\\/#\\\/schema\\\/logo\\\/image\\\/\"}}]}<\/script>\n<!-- \/ Yoast SEO plugin. -->","yoast_head_json":{"title":"Pilskylt 200x20x1valfr textPVC valfri f\u00e4rg och faropiktogram - FleximarkShop","robots":{"index":"noindex","follow":"follow","max-snippet":"max-snippet:-1","max-image-preview":"max-image-preview:large","max-video-preview":"max-video-preview:-1"},"og_locale":"en_US","og_type":"article","og_title":"Pilskylt 200x20x1valfr textPVC valfri f\u00e4rg och faropiktogram - FleximarkShop","og_description":"R&ouml;rm&auml;rkning. Kundanpassad Pilskylt Leverars i valfri f&auml;rg med valfri text och faropiktogram. Dubbelriktad pilskylt. Klipp av felaktig pil eller l&aring;t b&aring;da vara kvar f&ouml;r ringmatade r&ouml;r. F&auml;st med buntband. &bull; Pilskylt i olika f&auml;rger &bull; M&aring;tt: 200x20x1 mm &bull; Antal: 10 skyltar\/f&ouml;rpackning. &bull; Material: Vinyl &bull; Fr&auml;mst f&ouml;r inomhusbruk. H&aring;llbarhet utomhus 3-5 &aring;r. &bull; Monteras med buntband Best&auml;llning av kundanpassad r&ouml;rm&auml;rkning: 1. Best&auml;ll &ouml;nskade produkter i Fleximarks webbshop 2. Fyll i best&auml;llningsmallen (artiklenummer, f&auml;rg, faropiktogram, textinformation). 3. Spara best&auml;llningsmallen p&aring; din dator. 4. Skicka sedan in din best&auml;llningsmall separat till order@fleximark.se Vid best&auml;llning av kundanpassad r&ouml;rm&auml;rkning tillkommer en textkostnad (s&auml;ttningskostnad) p&aring; 75 kr exkl. moms. Kostnaden l&auml;ggs p&aring; vid fakturering. Varans artikelnummer: 83880356 Best&auml;llningsmall Produktdatablad","og_url":"https:\/\/fleximarkshop-stage.nordlo.it\/en\/product\/pilskylt-200x20x1-valfri-text\/","og_site_name":"FleximarkShop","og_image":[{"width":400,"height":400,"url":"https:\/\/fleximarkshop-stage.nordlo.it\/wp-content\/uploads\/83880356_6.jpg","type":"image\/jpeg"}],"twitter_card":"summary_large_image","schema":{"@context":"https:\/\/schema.org","@graph":[{"@type":"WebPage","@id":"https:\/\/fleximarkshop-stage.nordlo.it\/produkt\/pilskylt-200x20x1-valfri-text\/","url":"https:\/\/fleximarkshop-stage.nordlo.it\/produkt\/pilskylt-200x20x1-valfri-text\/","name":"Pilskylt 200x20x1valfr textPVC valfri f\u00e4rg och faropiktogram - FleximarkShop","isPartOf":{"@id":"https:\/\/fleximarkshop-stage.nordlo.it\/#website"},"primaryImageOfPage":{"@id":"https:\/\/fleximarkshop-stage.nordlo.it\/produkt\/pilskylt-200x20x1-valfri-text\/#primaryimage"},"image":{"@id":"https:\/\/fleximarkshop-stage.nordlo.it\/produkt\/pilskylt-200x20x1-valfri-text\/#primaryimage"},"thumbnailUrl":"https:\/\/fleximarkshop-stage.nordlo.it\/wp-content\/uploads\/83880356_6.jpg","datePublished":"2020-06-23T13:54:36+00:00","breadcrumb":{"@id":"https:\/\/fleximarkshop-stage.nordlo.it\/produkt\/pilskylt-200x20x1-valfri-text\/#breadcrumb"},"inLanguage":"en-US","potentialAction":[{"@type":"ReadAction","target":["https:\/\/fleximarkshop-stage.nordlo.it\/produkt\/pilskylt-200x20x1-valfri-text\/"]}]},{"@type":"ImageObject","inLanguage":"en-US","@id":"https:\/\/fleximarkshop-stage.nordlo.it\/produkt\/pilskylt-200x20x1-valfri-text\/#primaryimage","url":"https:\/\/fleximarkshop-stage.nordlo.it\/wp-content\/uploads\/83880356_6.jpg","contentUrl":"https:\/\/fleximarkshop-stage.nordlo.it\/wp-content\/uploads\/83880356_6.jpg","width":400,"height":400,"caption":"Pilskylt ljusbl\u00e5 200x20x1mm PVC TP1_TL"},{"@type":"BreadcrumbList","@id":"https:\/\/fleximarkshop-stage.nordlo.it\/produkt\/pilskylt-200x20x1-valfri-text\/#breadcrumb","itemListElement":[{"@type":"ListItem","position":1,"name":"Hem","item":"https:\/\/fleximarkshop-stage.nordlo.it\/"},{"@type":"ListItem","position":2,"name":"Webbutik","item":"https:\/\/fleximarkshop-stage.nordlo.it\/butik\/"},{"@type":"ListItem","position":3,"name":"Pilskylt 200x20x1valfr textPVC valfri f\u00e4rg och faropiktogram"}]},{"@type":"WebSite","@id":"https:\/\/fleximarkshop-stage.nordlo.it\/#website","url":"https:\/\/fleximarkshop-stage.nordlo.it\/","name":"FleximarkShop","description":"M\u00e4rkning &amp; M\u00e4rksystem online","publisher":{"@id":"https:\/\/fleximarkshop-stage.nordlo.it\/#organization"},"potentialAction":[{"@type":"SearchAction","target":{"@type":"EntryPoint","urlTemplate":"https:\/\/fleximarkshop-stage.nordlo.it\/?s={search_term_string}"},"query-input":{"@type":"PropertyValueSpecification","valueRequired":true,"valueName":"search_term_string"}}],"inLanguage":"en-US"},{"@type":"Organization","@id":"https:\/\/fleximarkshop-stage.nordlo.it\/#organization","name":"FleximarkShop","url":"https:\/\/fleximarkshop-stage.nordlo.it\/","logo":{"@type":"ImageObject","inLanguage":"en-US","@id":"https:\/\/fleximarkshop-stage.nordlo.it\/#\/schema\/logo\/image\/","url":"https:\/\/fleximarkshop-stage.nordlo.it\/wp-content\/uploads\/fleximark-logo.png","contentUrl":"https:\/\/fleximarkshop-stage.nordlo.it\/wp-content\/uploads\/fleximark-logo.png","width":600,"height":80,"caption":"FleximarkShop"},"image":{"@id":"https:\/\/fleximarkshop-stage.nordlo.it\/#\/schema\/logo\/image\/"}}]}},"_links":{"self":[{"href":"https:\/\/fleximarkshop-stage.nordlo.it\/en\/wp-json\/wp\/v2\/product\/5107","targetHints":{"allow":["GET"]}}],"collection":[{"href":"https:\/\/fleximarkshop-stage.nordlo.it\/en\/wp-json\/wp\/v2\/product"}],"about":[{"href":"https:\/\/fleximarkshop-stage.nordlo.it\/en\/wp-json\/wp\/v2\/types\/product"}],"wp:featuredmedia":[{"embeddable":true,"href":"https:\/\/fleximarkshop-stage.nordlo.it\/en\/wp-json\/wp\/v2\/media\/5104"}],"wp:attachment":[{"href":"https:\/\/fleximarkshop-stage.nordlo.it\/en\/wp-json\/wp\/v2\/media?parent=5107"}],"wp:term":[{"taxonomy":"product_brand","embeddable":true,"href":"https:\/\/fleximarkshop-stage.nordlo.it\/en\/wp-json\/wp\/v2\/product_brand?post=5107"},{"taxonomy":"product_cat","embeddable":true,"href":"https:\/\/fleximarkshop-stage.nordlo.it\/en\/wp-json\/wp\/v2\/product_cat?post=5107"},{"taxonomy":"product_tag","embeddable":true,"href":"https:\/\/fleximarkshop-stage.nordlo.it\/en\/wp-json\/wp\/v2\/product_tag?post=5107"}],"curies":[{"name":"wp","href":"https:\/\/api.w.org\/{rel}","templated":true}]}}