{"id":5187,"date":"2020-10-08T14:57:53","date_gmt":"2020-10-08T14:57:53","guid":{"rendered":"https:\/\/fleximark\/produkt\/ta-foam-50x15-mm-bn\/"},"modified":"2022-03-28T08:52:10","modified_gmt":"2022-03-28T08:52:10","slug":"ta-foam-50x15-mm-bn","status":"publish","type":"product","link":"https:\/\/fleximarkshop-stage.nordlo.it\/en\/product\/ta-foam-50x15-mm-bn\/","title":{"rendered":"TA Foam 50&#215;15 mm BN"},"content":{"rendered":"<p>TA Foam etiketter med professionellt utseende f\u00f6r komponentm\u00e4rkning. Sj\u00e4lvh\u00e4ftande med stark h\u00e4ftf\u00f6rm\u00e5ga och rundade h\u00f6rn. Levereras p\u00e5 rulle. Formgiven f\u00f6r CAB EOS termotransferskrivare. Anv\u00e4nds t.ex. f\u00f6r sk\u00e5psm\u00e4rkning, CE-m\u00e4rkning och logotype. Rekommenderat f\u00e4rgband FTI Y.<\/p>\n<p><b>H\u00e4ft\u00e4mne:<\/b> akrylbaserat<br \/>\n<b>Operating temperature: <\/b>-40\u00b0C to +90\u00b0C<br \/>\n<b>Appliceringstemperatur: <\/b>minimum 10\u00b0C<br \/>\n<b>F\u00e4rg:<\/b> brun<br \/>\n<b>Rekommenderat f\u00e4rgband: <\/b>FTI Y<\/p>","protected":false},"excerpt":{"rendered":"<ul>\n<li>Skrivs enkelt ut p\u00e5 termotransferskrivare, s\u00e5som CAB<\/li>\n<li>Starka h\u00e4ft\u00e4mnet ger etiketten en l\u00e5ng h\u00e5llbarhet<\/li>\n<li>Anv\u00e4nds ofta ist\u00e4llet f\u00f6r graverade skyltar<\/li>\n<li>Anv\u00e4ndning: t.ex. sk\u00e5psm\u00e4rkning, CE m\u00e4rkning, logotype etc<\/li>\n<\/ul>","protected":false},"featured_media":5185,"template":"","meta":{"_acf_changed":false},"product_brand":[],"product_cat":[952],"product_tag":[],"class_list":{"0":"post-5187","1":"product","2":"type-product","3":"status-publish","4":"has-post-thumbnail","6":"product_cat-komponentmarkning","7":"pa_etikettstorlek-353","8":"pa_fargband-fti_y","9":"pa_filter_ett-termotransferutskrift","10":"pa_filter_tva-kemikalieresistent","11":"pa_filter_tva-oljeresistent","12":"pa_filter_tva-uv_resistent","13":"pa_forpackningsenhet-369","14":"pa_nav_item_discount_group-848","15":"sales-flash-overlay","16":"woocommerce-text-align-center","17":"woocommerce-image-align-center","18":"do-quantity-buttons","19":"wc-has-gallery","21":"first","22":"onbackorder","23":"taxable","24":"shipping-taxable","25":"purchasable","26":"product-type-simple"},"acf":[],"yoast_head":"<!-- This site is optimized with the Yoast SEO plugin v27.3 - https:\/\/yoast.com\/product\/yoast-seo-wordpress\/ -->\n<title>TA Foam 50x15 mm BN - FleximarkShop<\/title>\n<meta name=\"robots\" content=\"noindex, follow, max-snippet:-1, max-image-preview:large, max-video-preview:-1\" \/>\n<meta property=\"og:locale\" content=\"en_US\" \/>\n<meta property=\"og:type\" content=\"article\" \/>\n<meta property=\"og:title\" content=\"TA Foam 50x15 mm BN - FleximarkShop\" \/>\n<meta property=\"og:description\" content=\"Skrivs enkelt ut p\u00e5 termotransferskrivare, s\u00e5som CAB  Starka h\u00e4ft\u00e4mnet ger etiketten en l\u00e5ng h\u00e5llbarhet  Anv\u00e4nds ofta ist\u00e4llet f\u00f6r graverade skyltar  Anv\u00e4ndning: t.ex. sk\u00e5psm\u00e4rkning, CE m\u00e4rkning, logotype etc\" \/>\n<meta property=\"og:url\" content=\"https:\/\/fleximarkshop-stage.nordlo.it\/en\/product\/ta-foam-50x15-mm-bn\/\" \/>\n<meta property=\"og:site_name\" content=\"FleximarkShop\" \/>\n<meta property=\"article:modified_time\" content=\"2022-03-28T08:52:10+00:00\" \/>\n<meta property=\"og:image\" content=\"https:\/\/fleximarkshop-stage.nordlo.it\/wp-content\/uploads\/83255460.jpg\" \/>\n\t<meta property=\"og:image:width\" content=\"1058\" \/>\n\t<meta property=\"og:image:height\" content=\"1058\" \/>\n\t<meta property=\"og:image:type\" content=\"image\/jpeg\" \/>\n<meta name=\"twitter:card\" content=\"summary_large_image\" \/>\n<script type=\"application\/ld+json\" class=\"yoast-schema-graph\">{\"@context\":\"https:\\\/\\\/schema.org\",\"@graph\":[{\"@type\":\"WebPage\",\"@id\":\"https:\\\/\\\/fleximarkshop-stage.nordlo.it\\\/produkt\\\/ta-foam-50x15-mm-bn\\\/\",\"url\":\"https:\\\/\\\/fleximarkshop-stage.nordlo.it\\\/produkt\\\/ta-foam-50x15-mm-bn\\\/\",\"name\":\"TA Foam 50x15 mm BN - FleximarkShop\",\"isPartOf\":{\"@id\":\"https:\\\/\\\/fleximarkshop-stage.nordlo.it\\\/#website\"},\"primaryImageOfPage\":{\"@id\":\"https:\\\/\\\/fleximarkshop-stage.nordlo.it\\\/produkt\\\/ta-foam-50x15-mm-bn\\\/#primaryimage\"},\"image\":{\"@id\":\"https:\\\/\\\/fleximarkshop-stage.nordlo.it\\\/produkt\\\/ta-foam-50x15-mm-bn\\\/#primaryimage\"},\"thumbnailUrl\":\"https:\\\/\\\/fleximarkshop-stage.nordlo.it\\\/wp-content\\\/uploads\\\/83255460.jpg\",\"datePublished\":\"2020-10-08T14:57:53+00:00\",\"dateModified\":\"2022-03-28T08:52:10+00:00\",\"breadcrumb\":{\"@id\":\"https:\\\/\\\/fleximarkshop-stage.nordlo.it\\\/produkt\\\/ta-foam-50x15-mm-bn\\\/#breadcrumb\"},\"inLanguage\":\"en-US\",\"potentialAction\":[{\"@type\":\"ReadAction\",\"target\":[\"https:\\\/\\\/fleximarkshop-stage.nordlo.it\\\/produkt\\\/ta-foam-50x15-mm-bn\\\/\"]}]},{\"@type\":\"ImageObject\",\"inLanguage\":\"en-US\",\"@id\":\"https:\\\/\\\/fleximarkshop-stage.nordlo.it\\\/produkt\\\/ta-foam-50x15-mm-bn\\\/#primaryimage\",\"url\":\"https:\\\/\\\/fleximarkshop-stage.nordlo.it\\\/wp-content\\\/uploads\\\/83255460.jpg\",\"contentUrl\":\"https:\\\/\\\/fleximarkshop-stage.nordlo.it\\\/wp-content\\\/uploads\\\/83255460.jpg\",\"width\":1058,\"height\":1058,\"caption\":\"TA Foam 50x15 mm BN F\u00e4rg: Brun-0\"},{\"@type\":\"BreadcrumbList\",\"@id\":\"https:\\\/\\\/fleximarkshop-stage.nordlo.it\\\/produkt\\\/ta-foam-50x15-mm-bn\\\/#breadcrumb\",\"itemListElement\":[{\"@type\":\"ListItem\",\"position\":1,\"name\":\"Hem\",\"item\":\"https:\\\/\\\/fleximarkshop-stage.nordlo.it\\\/\"},{\"@type\":\"ListItem\",\"position\":2,\"name\":\"Webbutik\",\"item\":\"https:\\\/\\\/fleximarkshop-stage.nordlo.it\\\/butik\\\/\"},{\"@type\":\"ListItem\",\"position\":3,\"name\":\"TA Foam 50&#215;15 mm BN\"}]},{\"@type\":\"WebSite\",\"@id\":\"https:\\\/\\\/fleximarkshop-stage.nordlo.it\\\/#website\",\"url\":\"https:\\\/\\\/fleximarkshop-stage.nordlo.it\\\/\",\"name\":\"FleximarkShop\",\"description\":\"M\u00e4rkning &amp; M\u00e4rksystem online\",\"publisher\":{\"@id\":\"https:\\\/\\\/fleximarkshop-stage.nordlo.it\\\/#organization\"},\"potentialAction\":[{\"@type\":\"SearchAction\",\"target\":{\"@type\":\"EntryPoint\",\"urlTemplate\":\"https:\\\/\\\/fleximarkshop-stage.nordlo.it\\\/?s={search_term_string}\"},\"query-input\":{\"@type\":\"PropertyValueSpecification\",\"valueRequired\":true,\"valueName\":\"search_term_string\"}}],\"inLanguage\":\"en-US\"},{\"@type\":\"Organization\",\"@id\":\"https:\\\/\\\/fleximarkshop-stage.nordlo.it\\\/#organization\",\"name\":\"FleximarkShop\",\"url\":\"https:\\\/\\\/fleximarkshop-stage.nordlo.it\\\/\",\"logo\":{\"@type\":\"ImageObject\",\"inLanguage\":\"en-US\",\"@id\":\"https:\\\/\\\/fleximarkshop-stage.nordlo.it\\\/#\\\/schema\\\/logo\\\/image\\\/\",\"url\":\"https:\\\/\\\/fleximarkshop-stage.nordlo.it\\\/wp-content\\\/uploads\\\/fleximark-logo.png\",\"contentUrl\":\"https:\\\/\\\/fleximarkshop-stage.nordlo.it\\\/wp-content\\\/uploads\\\/fleximark-logo.png\",\"width\":600,\"height\":80,\"caption\":\"FleximarkShop\"},\"image\":{\"@id\":\"https:\\\/\\\/fleximarkshop-stage.nordlo.it\\\/#\\\/schema\\\/logo\\\/image\\\/\"}}]}<\/script>\n<!-- \/ Yoast SEO plugin. -->","yoast_head_json":{"title":"TA Foam 50x15 mm BN - FleximarkShop","robots":{"index":"noindex","follow":"follow","max-snippet":"max-snippet:-1","max-image-preview":"max-image-preview:large","max-video-preview":"max-video-preview:-1"},"og_locale":"en_US","og_type":"article","og_title":"TA Foam 50x15 mm BN - FleximarkShop","og_description":"Skrivs enkelt ut p\u00e5 termotransferskrivare, s\u00e5som CAB  Starka h\u00e4ft\u00e4mnet ger etiketten en l\u00e5ng h\u00e5llbarhet  Anv\u00e4nds ofta ist\u00e4llet f\u00f6r graverade skyltar  Anv\u00e4ndning: t.ex. sk\u00e5psm\u00e4rkning, CE m\u00e4rkning, logotype etc","og_url":"https:\/\/fleximarkshop-stage.nordlo.it\/en\/product\/ta-foam-50x15-mm-bn\/","og_site_name":"FleximarkShop","article_modified_time":"2022-03-28T08:52:10+00:00","og_image":[{"width":1058,"height":1058,"url":"https:\/\/fleximarkshop-stage.nordlo.it\/wp-content\/uploads\/83255460.jpg","type":"image\/jpeg"}],"twitter_card":"summary_large_image","schema":{"@context":"https:\/\/schema.org","@graph":[{"@type":"WebPage","@id":"https:\/\/fleximarkshop-stage.nordlo.it\/produkt\/ta-foam-50x15-mm-bn\/","url":"https:\/\/fleximarkshop-stage.nordlo.it\/produkt\/ta-foam-50x15-mm-bn\/","name":"TA Foam 50x15 mm BN - FleximarkShop","isPartOf":{"@id":"https:\/\/fleximarkshop-stage.nordlo.it\/#website"},"primaryImageOfPage":{"@id":"https:\/\/fleximarkshop-stage.nordlo.it\/produkt\/ta-foam-50x15-mm-bn\/#primaryimage"},"image":{"@id":"https:\/\/fleximarkshop-stage.nordlo.it\/produkt\/ta-foam-50x15-mm-bn\/#primaryimage"},"thumbnailUrl":"https:\/\/fleximarkshop-stage.nordlo.it\/wp-content\/uploads\/83255460.jpg","datePublished":"2020-10-08T14:57:53+00:00","dateModified":"2022-03-28T08:52:10+00:00","breadcrumb":{"@id":"https:\/\/fleximarkshop-stage.nordlo.it\/produkt\/ta-foam-50x15-mm-bn\/#breadcrumb"},"inLanguage":"en-US","potentialAction":[{"@type":"ReadAction","target":["https:\/\/fleximarkshop-stage.nordlo.it\/produkt\/ta-foam-50x15-mm-bn\/"]}]},{"@type":"ImageObject","inLanguage":"en-US","@id":"https:\/\/fleximarkshop-stage.nordlo.it\/produkt\/ta-foam-50x15-mm-bn\/#primaryimage","url":"https:\/\/fleximarkshop-stage.nordlo.it\/wp-content\/uploads\/83255460.jpg","contentUrl":"https:\/\/fleximarkshop-stage.nordlo.it\/wp-content\/uploads\/83255460.jpg","width":1058,"height":1058,"caption":"TA Foam 50x15 mm BN F\u00e4rg: Brun-0"},{"@type":"BreadcrumbList","@id":"https:\/\/fleximarkshop-stage.nordlo.it\/produkt\/ta-foam-50x15-mm-bn\/#breadcrumb","itemListElement":[{"@type":"ListItem","position":1,"name":"Hem","item":"https:\/\/fleximarkshop-stage.nordlo.it\/"},{"@type":"ListItem","position":2,"name":"Webbutik","item":"https:\/\/fleximarkshop-stage.nordlo.it\/butik\/"},{"@type":"ListItem","position":3,"name":"TA Foam 50&#215;15 mm BN"}]},{"@type":"WebSite","@id":"https:\/\/fleximarkshop-stage.nordlo.it\/#website","url":"https:\/\/fleximarkshop-stage.nordlo.it\/","name":"FleximarkShop","description":"M\u00e4rkning &amp; M\u00e4rksystem online","publisher":{"@id":"https:\/\/fleximarkshop-stage.nordlo.it\/#organization"},"potentialAction":[{"@type":"SearchAction","target":{"@type":"EntryPoint","urlTemplate":"https:\/\/fleximarkshop-stage.nordlo.it\/?s={search_term_string}"},"query-input":{"@type":"PropertyValueSpecification","valueRequired":true,"valueName":"search_term_string"}}],"inLanguage":"en-US"},{"@type":"Organization","@id":"https:\/\/fleximarkshop-stage.nordlo.it\/#organization","name":"FleximarkShop","url":"https:\/\/fleximarkshop-stage.nordlo.it\/","logo":{"@type":"ImageObject","inLanguage":"en-US","@id":"https:\/\/fleximarkshop-stage.nordlo.it\/#\/schema\/logo\/image\/","url":"https:\/\/fleximarkshop-stage.nordlo.it\/wp-content\/uploads\/fleximark-logo.png","contentUrl":"https:\/\/fleximarkshop-stage.nordlo.it\/wp-content\/uploads\/fleximark-logo.png","width":600,"height":80,"caption":"FleximarkShop"},"image":{"@id":"https:\/\/fleximarkshop-stage.nordlo.it\/#\/schema\/logo\/image\/"}}]}},"_links":{"self":[{"href":"https:\/\/fleximarkshop-stage.nordlo.it\/en\/wp-json\/wp\/v2\/product\/5187","targetHints":{"allow":["GET"]}}],"collection":[{"href":"https:\/\/fleximarkshop-stage.nordlo.it\/en\/wp-json\/wp\/v2\/product"}],"about":[{"href":"https:\/\/fleximarkshop-stage.nordlo.it\/en\/wp-json\/wp\/v2\/types\/product"}],"wp:featuredmedia":[{"embeddable":true,"href":"https:\/\/fleximarkshop-stage.nordlo.it\/en\/wp-json\/wp\/v2\/media\/5185"}],"wp:attachment":[{"href":"https:\/\/fleximarkshop-stage.nordlo.it\/en\/wp-json\/wp\/v2\/media?parent=5187"}],"wp:term":[{"taxonomy":"product_brand","embeddable":true,"href":"https:\/\/fleximarkshop-stage.nordlo.it\/en\/wp-json\/wp\/v2\/product_brand?post=5187"},{"taxonomy":"product_cat","embeddable":true,"href":"https:\/\/fleximarkshop-stage.nordlo.it\/en\/wp-json\/wp\/v2\/product_cat?post=5187"},{"taxonomy":"product_tag","embeddable":true,"href":"https:\/\/fleximarkshop-stage.nordlo.it\/en\/wp-json\/wp\/v2\/product_tag?post=5187"}],"curies":[{"name":"wp","href":"https:\/\/api.w.org\/{rel}","templated":true}]}}