{"id":5231,"date":"2020-10-15T09:35:54","date_gmt":"2020-10-15T09:35:54","guid":{"rendered":"https:\/\/fleximark\/produkt\/sparbar\/"},"modified":"2022-02-14T09:40:27","modified_gmt":"2022-02-14T09:40:27","slug":"sparbar","status":"publish","type":"product","link":"https:\/\/fleximarkshop-stage.nordlo.it\/en\/product\/sparbar\/","title":{"rendered":"Cablelabel Detectable Traceable label"},"content":{"rendered":"<p>Magnetiskt detekterbara plastetiketter s\u00e4rskilt framtagna och godk\u00e4nda f\u00f6r livsmedelsindustrin, d\u00e4r sp\u00e5rbarheten \u00e4r viktig. M\u00e4rkningen f\u00e4stes med sp\u00e5rbara buntband.<br \/>\nMed en termotransferskrivare skriver du sj\u00e4lv l\u00e4tt ut den m\u00e4rkning du beh\u00f6ver, n\u00e4r du beh\u00f6ver den.<\/p>\n<p><b>Material:<\/b> Halogenfri Polyesterbaserad TPU<br \/>\n<b>Operating temperature:<\/b> -40\u00b0C till +105\u00b0C<br \/>\n<b>Godk\u00e4nnanden:<\/b> Flamability standard Class HB &#8211; UL94<br \/>\n<b>Standarder:<\/b> FDA \u201dFood &amp; Drug\u201d 21 CFR &#8211; GRAS \u201dgenerally accepted as safe\u201d. Regulation (EU) No 10\/2011 Plastics intended to come into contact with food. Migration Limit AP (89) 1 Pigments used for colouration.<\/p>","protected":false},"excerpt":{"rendered":"<ul>\n<li>Plastetiketter med j\u00e4rnfilsp\u00e5n<\/li>\n<li>F\u00f6r kabel- och r\u00f6rm\u00e4rkning inom livsmedelsindustri<\/li>\n<li>F\u00f6r termotransferutskrift<\/li>\n<li>F\u00e4stes med sp\u00e5rbara buntband<\/li>\n<\/ul>","protected":false},"featured_media":5228,"template":"","meta":{"_acf_changed":false},"product_brand":[],"product_cat":[930,924,909,903],"product_tag":[],"class_list":{"0":"post-5231","1":"product","2":"type-product","3":"status-publish","4":"has-post-thumbnail","6":"product_cat-kabelmarkning","7":"product_cat-livsmedel-drycker","8":"product_cat-markning","9":"product_cat-markprodukter","10":"pa_antal-57","11":"pa_fargband-fti_hx","12":"pa_filter_ett-termotransferutskrift","13":"pa_filter_tva-halogenfri","14":"pa_filter_tva-kemikalieresistent","15":"pa_filter_tva-varmetalig","16":"pa_forpackningsenhet-rulle","17":"sales-flash-overlay","18":"woocommerce-text-align-center","19":"woocommerce-image-align-center","20":"do-quantity-buttons","21":"wc-has-gallery","23":"first","24":"instock","25":"taxable","26":"shipping-taxable","27":"product-type-grouped"},"acf":[],"yoast_head":"<!-- This site is optimized with the Yoast SEO plugin v27.3 - https:\/\/yoast.com\/product\/yoast-seo-wordpress\/ -->\n<title>Cablelabel Detectable Sp\u00e5rbar etikett - FleximarkShop<\/title>\n<meta name=\"description\" content=\"Cablelabel Detectable sp\u00e5rbar etikett s\u00e4rskilt framtagen f\u00f6r livsmedelsindustrin. Magnetiskt detekterbara och formgivna f\u00f6r egen utskrift.\" \/>\n<meta name=\"robots\" content=\"noindex, follow, max-snippet:-1, max-image-preview:large, max-video-preview:-1\" \/>\n<meta property=\"og:locale\" content=\"en_US\" \/>\n<meta property=\"og:type\" content=\"article\" \/>\n<meta property=\"og:title\" content=\"Cablelabel Detectable Sp\u00e5rbar etikett - FleximarkShop\" \/>\n<meta property=\"og:description\" content=\"Cablelabel Detectable sp\u00e5rbar etikett s\u00e4rskilt framtagen f\u00f6r livsmedelsindustrin. Magnetiskt detekterbara och formgivna f\u00f6r egen utskrift.\" \/>\n<meta property=\"og:url\" content=\"https:\/\/fleximarkshop-stage.nordlo.it\/en\/product\/sparbar\/\" \/>\n<meta property=\"og:site_name\" content=\"FleximarkShop\" \/>\n<meta property=\"article:modified_time\" content=\"2022-02-14T09:40:27+00:00\" \/>\n<meta property=\"og:image\" content=\"https:\/\/fleximarkshop-stage.nordlo.it\/wp-content\/uploads\/CABLELABEL_DETECT..jpg\" \/>\n\t<meta property=\"og:image:width\" content=\"1048\" \/>\n\t<meta property=\"og:image:height\" content=\"1048\" \/>\n\t<meta property=\"og:image:type\" content=\"image\/jpeg\" \/>\n<meta name=\"twitter:card\" content=\"summary_large_image\" \/>\n<meta name=\"twitter:label1\" content=\"Est. reading time\" \/>\n\t<meta name=\"twitter:data1\" content=\"1 minute\" \/>\n<script type=\"application\/ld+json\" class=\"yoast-schema-graph\">{\"@context\":\"https:\\\/\\\/schema.org\",\"@graph\":[{\"@type\":\"WebPage\",\"@id\":\"https:\\\/\\\/fleximarkshop-stage.nordlo.it\\\/produkt\\\/sparbar\\\/\",\"url\":\"https:\\\/\\\/fleximarkshop-stage.nordlo.it\\\/produkt\\\/sparbar\\\/\",\"name\":\"Cablelabel Detectable Sp\u00e5rbar etikett - FleximarkShop\",\"isPartOf\":{\"@id\":\"https:\\\/\\\/fleximarkshop-stage.nordlo.it\\\/#website\"},\"primaryImageOfPage\":{\"@id\":\"https:\\\/\\\/fleximarkshop-stage.nordlo.it\\\/produkt\\\/sparbar\\\/#primaryimage\"},\"image\":{\"@id\":\"https:\\\/\\\/fleximarkshop-stage.nordlo.it\\\/produkt\\\/sparbar\\\/#primaryimage\"},\"thumbnailUrl\":\"https:\\\/\\\/fleximarkshop-stage.nordlo.it\\\/wp-content\\\/uploads\\\/CABLELABEL_DETECT..jpg\",\"datePublished\":\"2020-10-15T09:35:54+00:00\",\"dateModified\":\"2022-02-14T09:40:27+00:00\",\"description\":\"Cablelabel Detectable sp\u00e5rbar etikett s\u00e4rskilt framtagen f\u00f6r livsmedelsindustrin. Magnetiskt detekterbara och formgivna f\u00f6r egen utskrift.\",\"breadcrumb\":{\"@id\":\"https:\\\/\\\/fleximarkshop-stage.nordlo.it\\\/produkt\\\/sparbar\\\/#breadcrumb\"},\"inLanguage\":\"en-US\",\"potentialAction\":[{\"@type\":\"ReadAction\",\"target\":[\"https:\\\/\\\/fleximarkshop-stage.nordlo.it\\\/produkt\\\/sparbar\\\/\"]}]},{\"@type\":\"ImageObject\",\"inLanguage\":\"en-US\",\"@id\":\"https:\\\/\\\/fleximarkshop-stage.nordlo.it\\\/produkt\\\/sparbar\\\/#primaryimage\",\"url\":\"https:\\\/\\\/fleximarkshop-stage.nordlo.it\\\/wp-content\\\/uploads\\\/CABLELABEL_DETECT..jpg\",\"contentUrl\":\"https:\\\/\\\/fleximarkshop-stage.nordlo.it\\\/wp-content\\\/uploads\\\/CABLELABEL_DETECT..jpg\",\"width\":1048,\"height\":1048,\"caption\":\"Cablelabel Detectable Sp\u00e5rbar etikett-0\"},{\"@type\":\"BreadcrumbList\",\"@id\":\"https:\\\/\\\/fleximarkshop-stage.nordlo.it\\\/produkt\\\/sparbar\\\/#breadcrumb\",\"itemListElement\":[{\"@type\":\"ListItem\",\"position\":1,\"name\":\"Hem\",\"item\":\"https:\\\/\\\/fleximarkshop-stage.nordlo.it\\\/\"},{\"@type\":\"ListItem\",\"position\":2,\"name\":\"Webbutik\",\"item\":\"https:\\\/\\\/fleximarkshop-stage.nordlo.it\\\/butik\\\/\"},{\"@type\":\"ListItem\",\"position\":3,\"name\":\"Cablelabel Detectable Sp\u00e5rbar etikett\"}]},{\"@type\":\"WebSite\",\"@id\":\"https:\\\/\\\/fleximarkshop-stage.nordlo.it\\\/#website\",\"url\":\"https:\\\/\\\/fleximarkshop-stage.nordlo.it\\\/\",\"name\":\"FleximarkShop\",\"description\":\"M\u00e4rkning &amp; M\u00e4rksystem online\",\"publisher\":{\"@id\":\"https:\\\/\\\/fleximarkshop-stage.nordlo.it\\\/#organization\"},\"potentialAction\":[{\"@type\":\"SearchAction\",\"target\":{\"@type\":\"EntryPoint\",\"urlTemplate\":\"https:\\\/\\\/fleximarkshop-stage.nordlo.it\\\/?s={search_term_string}\"},\"query-input\":{\"@type\":\"PropertyValueSpecification\",\"valueRequired\":true,\"valueName\":\"search_term_string\"}}],\"inLanguage\":\"en-US\"},{\"@type\":\"Organization\",\"@id\":\"https:\\\/\\\/fleximarkshop-stage.nordlo.it\\\/#organization\",\"name\":\"FleximarkShop\",\"url\":\"https:\\\/\\\/fleximarkshop-stage.nordlo.it\\\/\",\"logo\":{\"@type\":\"ImageObject\",\"inLanguage\":\"en-US\",\"@id\":\"https:\\\/\\\/fleximarkshop-stage.nordlo.it\\\/#\\\/schema\\\/logo\\\/image\\\/\",\"url\":\"https:\\\/\\\/fleximarkshop-stage.nordlo.it\\\/wp-content\\\/uploads\\\/fleximark-logo.png\",\"contentUrl\":\"https:\\\/\\\/fleximarkshop-stage.nordlo.it\\\/wp-content\\\/uploads\\\/fleximark-logo.png\",\"width\":600,\"height\":80,\"caption\":\"FleximarkShop\"},\"image\":{\"@id\":\"https:\\\/\\\/fleximarkshop-stage.nordlo.it\\\/#\\\/schema\\\/logo\\\/image\\\/\"}}]}<\/script>\n<!-- \/ Yoast SEO plugin. -->","yoast_head_json":{"title":"Cablelabel Detectable Sp\u00e5rbar etikett - FleximarkShop","description":"Cablelabel Detectable sp\u00e5rbar etikett s\u00e4rskilt framtagen f\u00f6r livsmedelsindustrin. Magnetiskt detekterbara och formgivna f\u00f6r egen utskrift.","robots":{"index":"noindex","follow":"follow","max-snippet":"max-snippet:-1","max-image-preview":"max-image-preview:large","max-video-preview":"max-video-preview:-1"},"og_locale":"en_US","og_type":"article","og_title":"Cablelabel Detectable Sp\u00e5rbar etikett - FleximarkShop","og_description":"Cablelabel Detectable sp\u00e5rbar etikett s\u00e4rskilt framtagen f\u00f6r livsmedelsindustrin. Magnetiskt detekterbara och formgivna f\u00f6r egen utskrift.","og_url":"https:\/\/fleximarkshop-stage.nordlo.it\/en\/product\/sparbar\/","og_site_name":"FleximarkShop","article_modified_time":"2022-02-14T09:40:27+00:00","og_image":[{"width":1048,"height":1048,"url":"https:\/\/fleximarkshop-stage.nordlo.it\/wp-content\/uploads\/CABLELABEL_DETECT..jpg","type":"image\/jpeg"}],"twitter_card":"summary_large_image","twitter_misc":{"Est. reading time":"1 minute"},"schema":{"@context":"https:\/\/schema.org","@graph":[{"@type":"WebPage","@id":"https:\/\/fleximarkshop-stage.nordlo.it\/produkt\/sparbar\/","url":"https:\/\/fleximarkshop-stage.nordlo.it\/produkt\/sparbar\/","name":"Cablelabel Detectable Sp\u00e5rbar etikett - FleximarkShop","isPartOf":{"@id":"https:\/\/fleximarkshop-stage.nordlo.it\/#website"},"primaryImageOfPage":{"@id":"https:\/\/fleximarkshop-stage.nordlo.it\/produkt\/sparbar\/#primaryimage"},"image":{"@id":"https:\/\/fleximarkshop-stage.nordlo.it\/produkt\/sparbar\/#primaryimage"},"thumbnailUrl":"https:\/\/fleximarkshop-stage.nordlo.it\/wp-content\/uploads\/CABLELABEL_DETECT..jpg","datePublished":"2020-10-15T09:35:54+00:00","dateModified":"2022-02-14T09:40:27+00:00","description":"Cablelabel Detectable sp\u00e5rbar etikett s\u00e4rskilt framtagen f\u00f6r livsmedelsindustrin. Magnetiskt detekterbara och formgivna f\u00f6r egen utskrift.","breadcrumb":{"@id":"https:\/\/fleximarkshop-stage.nordlo.it\/produkt\/sparbar\/#breadcrumb"},"inLanguage":"en-US","potentialAction":[{"@type":"ReadAction","target":["https:\/\/fleximarkshop-stage.nordlo.it\/produkt\/sparbar\/"]}]},{"@type":"ImageObject","inLanguage":"en-US","@id":"https:\/\/fleximarkshop-stage.nordlo.it\/produkt\/sparbar\/#primaryimage","url":"https:\/\/fleximarkshop-stage.nordlo.it\/wp-content\/uploads\/CABLELABEL_DETECT..jpg","contentUrl":"https:\/\/fleximarkshop-stage.nordlo.it\/wp-content\/uploads\/CABLELABEL_DETECT..jpg","width":1048,"height":1048,"caption":"Cablelabel Detectable Sp\u00e5rbar etikett-0"},{"@type":"BreadcrumbList","@id":"https:\/\/fleximarkshop-stage.nordlo.it\/produkt\/sparbar\/#breadcrumb","itemListElement":[{"@type":"ListItem","position":1,"name":"Hem","item":"https:\/\/fleximarkshop-stage.nordlo.it\/"},{"@type":"ListItem","position":2,"name":"Webbutik","item":"https:\/\/fleximarkshop-stage.nordlo.it\/butik\/"},{"@type":"ListItem","position":3,"name":"Cablelabel Detectable Sp\u00e5rbar etikett"}]},{"@type":"WebSite","@id":"https:\/\/fleximarkshop-stage.nordlo.it\/#website","url":"https:\/\/fleximarkshop-stage.nordlo.it\/","name":"FleximarkShop","description":"M\u00e4rkning &amp; M\u00e4rksystem online","publisher":{"@id":"https:\/\/fleximarkshop-stage.nordlo.it\/#organization"},"potentialAction":[{"@type":"SearchAction","target":{"@type":"EntryPoint","urlTemplate":"https:\/\/fleximarkshop-stage.nordlo.it\/?s={search_term_string}"},"query-input":{"@type":"PropertyValueSpecification","valueRequired":true,"valueName":"search_term_string"}}],"inLanguage":"en-US"},{"@type":"Organization","@id":"https:\/\/fleximarkshop-stage.nordlo.it\/#organization","name":"FleximarkShop","url":"https:\/\/fleximarkshop-stage.nordlo.it\/","logo":{"@type":"ImageObject","inLanguage":"en-US","@id":"https:\/\/fleximarkshop-stage.nordlo.it\/#\/schema\/logo\/image\/","url":"https:\/\/fleximarkshop-stage.nordlo.it\/wp-content\/uploads\/fleximark-logo.png","contentUrl":"https:\/\/fleximarkshop-stage.nordlo.it\/wp-content\/uploads\/fleximark-logo.png","width":600,"height":80,"caption":"FleximarkShop"},"image":{"@id":"https:\/\/fleximarkshop-stage.nordlo.it\/#\/schema\/logo\/image\/"}}]}},"_links":{"self":[{"href":"https:\/\/fleximarkshop-stage.nordlo.it\/en\/wp-json\/wp\/v2\/product\/5231","targetHints":{"allow":["GET"]}}],"collection":[{"href":"https:\/\/fleximarkshop-stage.nordlo.it\/en\/wp-json\/wp\/v2\/product"}],"about":[{"href":"https:\/\/fleximarkshop-stage.nordlo.it\/en\/wp-json\/wp\/v2\/types\/product"}],"wp:featuredmedia":[{"embeddable":true,"href":"https:\/\/fleximarkshop-stage.nordlo.it\/en\/wp-json\/wp\/v2\/media\/5228"}],"wp:attachment":[{"href":"https:\/\/fleximarkshop-stage.nordlo.it\/en\/wp-json\/wp\/v2\/media?parent=5231"}],"wp:term":[{"taxonomy":"product_brand","embeddable":true,"href":"https:\/\/fleximarkshop-stage.nordlo.it\/en\/wp-json\/wp\/v2\/product_brand?post=5231"},{"taxonomy":"product_cat","embeddable":true,"href":"https:\/\/fleximarkshop-stage.nordlo.it\/en\/wp-json\/wp\/v2\/product_cat?post=5231"},{"taxonomy":"product_tag","embeddable":true,"href":"https:\/\/fleximarkshop-stage.nordlo.it\/en\/wp-json\/wp\/v2\/product_tag?post=5231"}],"curies":[{"name":"wp","href":"https:\/\/api.w.org\/{rel}","templated":true}]}}