{"id":531,"date":"2015-06-25T14:39:56","date_gmt":"2015-06-25T14:39:56","guid":{"rendered":"https:\/\/fleximark\/produkt\/syrafasta-teckenremsor-mr\/"},"modified":"2022-02-14T11:45:45","modified_gmt":"2022-02-14T11:45:45","slug":"syrafasta-teckenremsor-mr","status":"publish","type":"product","link":"https:\/\/fleximarkshop-stage.nordlo.it\/en\/product\/syrafasta-teckenremsor-mr\/","title":{"rendered":"Acid-resistant stainless steel character strip MR"},"content":{"rendered":"<p>Syrafast m\u00e4rkning \u00e4r ett industriellt system f\u00f6r m\u00e4rkning av kablar, r\u00f6r och utrustningar i kr\u00e4vande och aggressiva milj\u00f6er.<br \/>\nM\u00e4rksystemet best\u00e5r av teckenremsor, h\u00e5llare och buntband; allt tillverkat i rostfritt syrafast st\u00e5l SS2348 (AISI-316).<\/p>\n<p><strong>Teckenh\u00f6jd:<\/strong> 6,8 mm<br \/>\n<strong>Temperatur:<\/strong> = 500\u00b0C<br \/>\n<strong>F\u00f6rpackning:<\/strong> 10 remsor \u00e1 20 tecken av varje<\/p>\n<p><strong>Godk\u00e4nnande:\u00a0<img decoding=\"async\" class=\"size-full wp-image-41\" style=\"vertical-align: middle;\" src=\"https:\/\/fleximarkshop-stage.nordlo.it\/wp-content\/uploads\/bvb-logo-transparent.png\" alt=\"Byggvarubed\u00f6mningen\" width=\"120\" srcset=\"https:\/\/fleximarkshop-stage.nordlo.it\/wp-content\/uploads\/bvb-logo-transparent.png 1280w, https:\/\/fleximarkshop-stage.nordlo.it\/wp-content\/uploads\/bvb-logo-transparent-600x90.png 600w, https:\/\/fleximarkshop-stage.nordlo.it\/wp-content\/uploads\/bvb-logo-transparent-300x45.png 300w, https:\/\/fleximarkshop-stage.nordlo.it\/wp-content\/uploads\/bvb-logo-transparent-1024x154.png 1024w, https:\/\/fleximarkshop-stage.nordlo.it\/wp-content\/uploads\/bvb-logo-transparent-768x115.png 768w\" sizes=\"(max-width: 1280px) 100vw, 1280px\" \/><\/strong><\/p>","protected":false},"excerpt":{"rendered":"<p>\u2022 Industriellt system f\u00f6r m\u00e4rkning av kablar, r\u00f6r och utrustningar<br \/>\n\u2022 Anv\u00e4nds i kr\u00e4vande och aggressiva milj\u00f6er<br \/>\n\u2022 Pr\u00e4glade teckenremsorna inneh\u00e5ller 20 stycken tecken<br \/>\n\u2022 Bryts av enligt brytanvisningar<br \/>\n\u2022 Tecknen monteras i FLEXIMARK\u00ae syrafast rostfri teckenh\u00e5llare M eller NM<br \/>\n\u2022 Rostfritt syrafast st\u00e5l enligt EN 1.4404 (SS2348, AISI-316L)<br \/>\n\u2022 Upph\u00f6jda konvexa tecken, l\u00e4tt att l\u00e4sa efter t.ex. \u00f6verm\u00e5lning etc.<\/p>\n<p><a title=\"Rostfri teckenremsa produktdatablad\" href=\"https:\/\/fleximarkshop-stage.nordlo.it\/wp-content\/uploads\/DB83251402EN_FLEXIMARK_Stainless_steel_Character_strips_holders_lorez.pdf\" target=\"_blank\" rel=\"noopener\"><span style=\"font-size: small; color: #ff9900;\"><strong>Product data sheet<\/strong><\/span><\/a><\/p>\n<p><a href=\"https:\/\/youtu.be\/rDAGGFBXnt4\" target=\"_blank\" rel=\"noopener\"><span style=\"font-size: small; color: #ff9900;\"><strong>Instructional film<\/strong><\/span><\/a><\/p>","protected":false},"featured_media":527,"template":"","meta":{"_acf_changed":false},"product_brand":[],"product_cat":[959,902,930,952,909,903,914,955,928],"product_tag":[],"class_list":{"0":"post-531","1":"product","2":"type-product","3":"status-publish","4":"has-post-thumbnail","6":"product_cat-fibermarkning","7":"product_cat-vi-rekommenderar","8":"product_cat-kabelmarkning","9":"product_cat-komponentmarkning","10":"product_cat-markning","11":"product_cat-markprodukter","12":"product_cat-profiler-hylsor-tecken","13":"product_cat-rostfria-tecken","14":"product_cat-solceller","15":"pa_forpackningsenhet-369","16":"sales-flash-overlay","17":"woocommerce-text-align-center","18":"woocommerce-image-align-center","19":"do-quantity-buttons","20":"wc-has-gallery","22":"first","23":"onbackorder","24":"taxable","25":"shipping-taxable","26":"product-type-grouped"},"acf":[],"yoast_head":"<!-- This site is optimized with the Yoast SEO plugin v27.4 - https:\/\/yoast.com\/product\/yoast-seo-wordpress\/ -->\n<title>Syrafast rostfri teckenremsa MR - FleximarkShop<\/title>\n<meta name=\"description\" content=\"Syrafast rostfri teckenremsa MR ing\u00e5r i ett industriellt system f\u00f6r m\u00e4rkning av kablar, r\u00f6r och utrustningar i kr\u00e4vande och aggressiva milj\u00f6er.\" \/>\n<meta name=\"robots\" content=\"noindex, follow, max-snippet:-1, max-image-preview:large, max-video-preview:-1\" \/>\n<meta property=\"og:locale\" content=\"en_US\" \/>\n<meta property=\"og:type\" content=\"article\" \/>\n<meta property=\"og:title\" content=\"Syrafast rostfri teckenremsa MR - FleximarkShop\" \/>\n<meta property=\"og:description\" content=\"Syrafast rostfri teckenremsa MR ing\u00e5r i ett industriellt system f\u00f6r m\u00e4rkning av kablar, r\u00f6r och utrustningar i kr\u00e4vande och aggressiva milj\u00f6er.\" \/>\n<meta property=\"og:url\" content=\"https:\/\/fleximarkshop-stage.nordlo.it\/en\/product\/syrafasta-teckenremsor-mr\/\" \/>\n<meta property=\"og:site_name\" content=\"FleximarkShop\" \/>\n<meta property=\"article:modified_time\" content=\"2022-02-14T11:45:45+00:00\" \/>\n<meta property=\"og:image\" content=\"https:\/\/fleximarkshop-stage.nordlo.it\/wp-content\/uploads\/SYRAFAST_TECKENREMSA_1.jpg\" \/>\n\t<meta property=\"og:image:width\" content=\"1048\" \/>\n\t<meta property=\"og:image:height\" content=\"1048\" \/>\n\t<meta property=\"og:image:type\" content=\"image\/jpeg\" \/>\n<meta name=\"twitter:card\" content=\"summary_large_image\" \/>\n<script type=\"application\/ld+json\" class=\"yoast-schema-graph\">{\"@context\":\"https:\\\/\\\/schema.org\",\"@graph\":[{\"@type\":\"WebPage\",\"@id\":\"https:\\\/\\\/fleximarkshop-stage.nordlo.it\\\/produkt\\\/syrafasta-teckenremsor-mr\\\/\",\"url\":\"https:\\\/\\\/fleximarkshop-stage.nordlo.it\\\/produkt\\\/syrafasta-teckenremsor-mr\\\/\",\"name\":\"Syrafast rostfri teckenremsa MR - FleximarkShop\",\"isPartOf\":{\"@id\":\"https:\\\/\\\/fleximarkshop-stage.nordlo.it\\\/#website\"},\"primaryImageOfPage\":{\"@id\":\"https:\\\/\\\/fleximarkshop-stage.nordlo.it\\\/produkt\\\/syrafasta-teckenremsor-mr\\\/#primaryimage\"},\"image\":{\"@id\":\"https:\\\/\\\/fleximarkshop-stage.nordlo.it\\\/produkt\\\/syrafasta-teckenremsor-mr\\\/#primaryimage\"},\"thumbnailUrl\":\"https:\\\/\\\/fleximarkshop-stage.nordlo.it\\\/wp-content\\\/uploads\\\/SYRAFAST_TECKENREMSA_1.jpg\",\"datePublished\":\"2015-06-25T14:39:56+00:00\",\"dateModified\":\"2022-02-14T11:45:45+00:00\",\"description\":\"Syrafast rostfri teckenremsa MR ing\u00e5r i ett industriellt system f\u00f6r m\u00e4rkning av kablar, r\u00f6r och utrustningar i kr\u00e4vande och aggressiva milj\u00f6er.\",\"breadcrumb\":{\"@id\":\"https:\\\/\\\/fleximarkshop-stage.nordlo.it\\\/produkt\\\/syrafasta-teckenremsor-mr\\\/#breadcrumb\"},\"inLanguage\":\"en-US\",\"potentialAction\":[{\"@type\":\"ReadAction\",\"target\":[\"https:\\\/\\\/fleximarkshop-stage.nordlo.it\\\/produkt\\\/syrafasta-teckenremsor-mr\\\/\"]}]},{\"@type\":\"ImageObject\",\"inLanguage\":\"en-US\",\"@id\":\"https:\\\/\\\/fleximarkshop-stage.nordlo.it\\\/produkt\\\/syrafasta-teckenremsor-mr\\\/#primaryimage\",\"url\":\"https:\\\/\\\/fleximarkshop-stage.nordlo.it\\\/wp-content\\\/uploads\\\/SYRAFAST_TECKENREMSA_1.jpg\",\"contentUrl\":\"https:\\\/\\\/fleximarkshop-stage.nordlo.it\\\/wp-content\\\/uploads\\\/SYRAFAST_TECKENREMSA_1.jpg\",\"width\":1048,\"height\":1048,\"caption\":\"Rostfria teckenremsor\"},{\"@type\":\"BreadcrumbList\",\"@id\":\"https:\\\/\\\/fleximarkshop-stage.nordlo.it\\\/produkt\\\/syrafasta-teckenremsor-mr\\\/#breadcrumb\",\"itemListElement\":[{\"@type\":\"ListItem\",\"position\":1,\"name\":\"Hem\",\"item\":\"https:\\\/\\\/fleximarkshop-stage.nordlo.it\\\/\"},{\"@type\":\"ListItem\",\"position\":2,\"name\":\"Webbutik\",\"item\":\"https:\\\/\\\/fleximarkshop-stage.nordlo.it\\\/butik\\\/\"},{\"@type\":\"ListItem\",\"position\":3,\"name\":\"Syrafast rostfri teckenremsa MR\"}]},{\"@type\":\"WebSite\",\"@id\":\"https:\\\/\\\/fleximarkshop-stage.nordlo.it\\\/#website\",\"url\":\"https:\\\/\\\/fleximarkshop-stage.nordlo.it\\\/\",\"name\":\"FleximarkShop\",\"description\":\"M\u00e4rkning &amp; M\u00e4rksystem online\",\"publisher\":{\"@id\":\"https:\\\/\\\/fleximarkshop-stage.nordlo.it\\\/#organization\"},\"potentialAction\":[{\"@type\":\"SearchAction\",\"target\":{\"@type\":\"EntryPoint\",\"urlTemplate\":\"https:\\\/\\\/fleximarkshop-stage.nordlo.it\\\/?s={search_term_string}\"},\"query-input\":{\"@type\":\"PropertyValueSpecification\",\"valueRequired\":true,\"valueName\":\"search_term_string\"}}],\"inLanguage\":\"en-US\"},{\"@type\":\"Organization\",\"@id\":\"https:\\\/\\\/fleximarkshop-stage.nordlo.it\\\/#organization\",\"name\":\"FleximarkShop\",\"url\":\"https:\\\/\\\/fleximarkshop-stage.nordlo.it\\\/\",\"logo\":{\"@type\":\"ImageObject\",\"inLanguage\":\"en-US\",\"@id\":\"https:\\\/\\\/fleximarkshop-stage.nordlo.it\\\/#\\\/schema\\\/logo\\\/image\\\/\",\"url\":\"https:\\\/\\\/fleximarkshop-stage.nordlo.it\\\/wp-content\\\/uploads\\\/fleximark-logo.png\",\"contentUrl\":\"https:\\\/\\\/fleximarkshop-stage.nordlo.it\\\/wp-content\\\/uploads\\\/fleximark-logo.png\",\"width\":600,\"height\":80,\"caption\":\"FleximarkShop\"},\"image\":{\"@id\":\"https:\\\/\\\/fleximarkshop-stage.nordlo.it\\\/#\\\/schema\\\/logo\\\/image\\\/\"}}]}<\/script>\n<!-- \/ Yoast SEO plugin. -->","yoast_head_json":{"title":"Syrafast rostfri teckenremsa MR - FleximarkShop","description":"Syrafast rostfri teckenremsa MR ing\u00e5r i ett industriellt system f\u00f6r m\u00e4rkning av kablar, r\u00f6r och utrustningar i kr\u00e4vande och aggressiva milj\u00f6er.","robots":{"index":"noindex","follow":"follow","max-snippet":"max-snippet:-1","max-image-preview":"max-image-preview:large","max-video-preview":"max-video-preview:-1"},"og_locale":"en_US","og_type":"article","og_title":"Syrafast rostfri teckenremsa MR - FleximarkShop","og_description":"Syrafast rostfri teckenremsa MR ing\u00e5r i ett industriellt system f\u00f6r m\u00e4rkning av kablar, r\u00f6r och utrustningar i kr\u00e4vande och aggressiva milj\u00f6er.","og_url":"https:\/\/fleximarkshop-stage.nordlo.it\/en\/product\/syrafasta-teckenremsor-mr\/","og_site_name":"FleximarkShop","article_modified_time":"2022-02-14T11:45:45+00:00","og_image":[{"width":1048,"height":1048,"url":"https:\/\/fleximarkshop-stage.nordlo.it\/wp-content\/uploads\/SYRAFAST_TECKENREMSA_1.jpg","type":"image\/jpeg"}],"twitter_card":"summary_large_image","schema":{"@context":"https:\/\/schema.org","@graph":[{"@type":"WebPage","@id":"https:\/\/fleximarkshop-stage.nordlo.it\/produkt\/syrafasta-teckenremsor-mr\/","url":"https:\/\/fleximarkshop-stage.nordlo.it\/produkt\/syrafasta-teckenremsor-mr\/","name":"Syrafast rostfri teckenremsa MR - FleximarkShop","isPartOf":{"@id":"https:\/\/fleximarkshop-stage.nordlo.it\/#website"},"primaryImageOfPage":{"@id":"https:\/\/fleximarkshop-stage.nordlo.it\/produkt\/syrafasta-teckenremsor-mr\/#primaryimage"},"image":{"@id":"https:\/\/fleximarkshop-stage.nordlo.it\/produkt\/syrafasta-teckenremsor-mr\/#primaryimage"},"thumbnailUrl":"https:\/\/fleximarkshop-stage.nordlo.it\/wp-content\/uploads\/SYRAFAST_TECKENREMSA_1.jpg","datePublished":"2015-06-25T14:39:56+00:00","dateModified":"2022-02-14T11:45:45+00:00","description":"Syrafast rostfri teckenremsa MR ing\u00e5r i ett industriellt system f\u00f6r m\u00e4rkning av kablar, r\u00f6r och utrustningar i kr\u00e4vande och aggressiva milj\u00f6er.","breadcrumb":{"@id":"https:\/\/fleximarkshop-stage.nordlo.it\/produkt\/syrafasta-teckenremsor-mr\/#breadcrumb"},"inLanguage":"en-US","potentialAction":[{"@type":"ReadAction","target":["https:\/\/fleximarkshop-stage.nordlo.it\/produkt\/syrafasta-teckenremsor-mr\/"]}]},{"@type":"ImageObject","inLanguage":"en-US","@id":"https:\/\/fleximarkshop-stage.nordlo.it\/produkt\/syrafasta-teckenremsor-mr\/#primaryimage","url":"https:\/\/fleximarkshop-stage.nordlo.it\/wp-content\/uploads\/SYRAFAST_TECKENREMSA_1.jpg","contentUrl":"https:\/\/fleximarkshop-stage.nordlo.it\/wp-content\/uploads\/SYRAFAST_TECKENREMSA_1.jpg","width":1048,"height":1048,"caption":"Rostfria teckenremsor"},{"@type":"BreadcrumbList","@id":"https:\/\/fleximarkshop-stage.nordlo.it\/produkt\/syrafasta-teckenremsor-mr\/#breadcrumb","itemListElement":[{"@type":"ListItem","position":1,"name":"Hem","item":"https:\/\/fleximarkshop-stage.nordlo.it\/"},{"@type":"ListItem","position":2,"name":"Webbutik","item":"https:\/\/fleximarkshop-stage.nordlo.it\/butik\/"},{"@type":"ListItem","position":3,"name":"Syrafast rostfri teckenremsa MR"}]},{"@type":"WebSite","@id":"https:\/\/fleximarkshop-stage.nordlo.it\/#website","url":"https:\/\/fleximarkshop-stage.nordlo.it\/","name":"FleximarkShop","description":"M\u00e4rkning &amp; M\u00e4rksystem online","publisher":{"@id":"https:\/\/fleximarkshop-stage.nordlo.it\/#organization"},"potentialAction":[{"@type":"SearchAction","target":{"@type":"EntryPoint","urlTemplate":"https:\/\/fleximarkshop-stage.nordlo.it\/?s={search_term_string}"},"query-input":{"@type":"PropertyValueSpecification","valueRequired":true,"valueName":"search_term_string"}}],"inLanguage":"en-US"},{"@type":"Organization","@id":"https:\/\/fleximarkshop-stage.nordlo.it\/#organization","name":"FleximarkShop","url":"https:\/\/fleximarkshop-stage.nordlo.it\/","logo":{"@type":"ImageObject","inLanguage":"en-US","@id":"https:\/\/fleximarkshop-stage.nordlo.it\/#\/schema\/logo\/image\/","url":"https:\/\/fleximarkshop-stage.nordlo.it\/wp-content\/uploads\/fleximark-logo.png","contentUrl":"https:\/\/fleximarkshop-stage.nordlo.it\/wp-content\/uploads\/fleximark-logo.png","width":600,"height":80,"caption":"FleximarkShop"},"image":{"@id":"https:\/\/fleximarkshop-stage.nordlo.it\/#\/schema\/logo\/image\/"}}]}},"_links":{"self":[{"href":"https:\/\/fleximarkshop-stage.nordlo.it\/en\/wp-json\/wp\/v2\/product\/531","targetHints":{"allow":["GET"]}}],"collection":[{"href":"https:\/\/fleximarkshop-stage.nordlo.it\/en\/wp-json\/wp\/v2\/product"}],"about":[{"href":"https:\/\/fleximarkshop-stage.nordlo.it\/en\/wp-json\/wp\/v2\/types\/product"}],"wp:featuredmedia":[{"embeddable":true,"href":"https:\/\/fleximarkshop-stage.nordlo.it\/en\/wp-json\/wp\/v2\/media\/527"}],"wp:attachment":[{"href":"https:\/\/fleximarkshop-stage.nordlo.it\/en\/wp-json\/wp\/v2\/media?parent=531"}],"wp:term":[{"taxonomy":"product_brand","embeddable":true,"href":"https:\/\/fleximarkshop-stage.nordlo.it\/en\/wp-json\/wp\/v2\/product_brand?post=531"},{"taxonomy":"product_cat","embeddable":true,"href":"https:\/\/fleximarkshop-stage.nordlo.it\/en\/wp-json\/wp\/v2\/product_cat?post=531"},{"taxonomy":"product_tag","embeddable":true,"href":"https:\/\/fleximarkshop-stage.nordlo.it\/en\/wp-json\/wp\/v2\/product_tag?post=531"}],"curies":[{"name":"wp","href":"https:\/\/api.w.org\/{rel}","templated":true}]}}