{"id":5445,"date":"2021-02-18T11:17:22","date_gmt":"2021-02-18T11:17:22","guid":{"rendered":"https:\/\/fleximark\/produkt\/ta-foam-kundanpassad\/"},"modified":"2022-02-14T11:55:10","modified_gmt":"2022-02-14T11:55:10","slug":"ta-foam-kundanpassad","status":"publish","type":"product","link":"https:\/\/fleximarkshop-stage.nordlo.it\/en\/product\/ta-foam-kundanpassad\/","title":{"rendered":"TA Foam Customized"},"content":{"rendered":"<p>Kundanpassade TA Foam etiketter f\u00f6r komponentm\u00e4rkning. Sj\u00e4lvh\u00e4ftande med rundade h\u00f6rn. Foamk\u00e4rnan ger ett professionellt utseende. Anv\u00e4nds t.ex. f\u00f6r sk\u00e5psm\u00e4rkning, CE-m\u00e4rkning och logotype. Levereras f\u00e4rdigtryckta f\u00f6r montering.<\/p>\n<p><b>H\u00e4ft\u00e4mne:<\/b> akrylbaserat<br \/>\n<b>Operating temperature: <\/b>-40\u00b0C to +90\u00b0C<br \/>\n<b>Appliceringstemperatur: <\/b>minimum 10\u00b0C<br \/>\n<b>F\u00e4rg:<\/b> vit<\/p>","protected":false},"excerpt":{"rendered":"<p>Professionell komponentm\u00e4rkning.<br \/>\nStarkt h\u00e4ft\u00e4mne ger etiketten en l\u00e5ng h\u00e5llbarhet.<br \/>\nAnv\u00e4nds ofta ist\u00e4llet f\u00f6r graverade skyltar.<br \/>\nAnv\u00e4ndning: t.ex. sk\u00e5psm\u00e4rkning, CE m\u00e4rkning, logotype etc.<br \/>\nLevereras som f\u00e4rdiga skyltar, redo f\u00f6r montering.<br \/>\nFyll i best\u00e4llningsmallen och skicka in i samband med best\u00e4llning.<\/p>\n<p><a href=\"https:\/\/fleximarkshop-stage.nordlo.it\/wp-content\/uploads\/Bestallningsmall_Fleximark_V1_4-4.xls\">Bestallningsmall_Fleximark_V1_4<\/a><\/p>","protected":false},"featured_media":5444,"template":"","meta":{"_acf_changed":false},"product_brand":[],"product_cat":[902,952,907,927],"product_tag":[],"class_list":{"0":"post-5445","1":"product","2":"type-product","3":"status-publish","4":"has-post-thumbnail","6":"product_cat-vi-rekommenderar","7":"product_cat-komponentmarkning","8":"product_cat-kundanpassning","9":"product_cat-telecom","10":"pa_antal-57","11":"pa_filter_ett-kundanpassning","12":"pa_filter_tva-uv_resistent","13":"pa_forpackningsenhet-369","14":"sales-flash-overlay","15":"woocommerce-text-align-center","16":"woocommerce-image-align-center","17":"do-quantity-buttons","18":"wc-has-gallery","20":"first","21":"instock","22":"taxable","23":"shipping-taxable","24":"product-type-grouped"},"acf":[],"yoast_head":"<!-- This site is optimized with the Yoast SEO plugin v27.4 - https:\/\/yoast.com\/product\/yoast-seo-wordpress\/ -->\n<title>TA Foam Kundanpassad - FleximarkShop<\/title>\n<meta name=\"description\" content=\"Kundanpassade TA Foam etiketter f\u00f6r komponentm\u00e4rkning. Sj\u00e4lvh\u00e4ftande med rundade h\u00f6rn. Foamk\u00e4rnan ger ett professionellt utseende.\" \/>\n<meta name=\"robots\" content=\"noindex, follow, max-snippet:-1, max-image-preview:large, max-video-preview:-1\" \/>\n<meta property=\"og:locale\" content=\"en_US\" \/>\n<meta property=\"og:type\" content=\"article\" \/>\n<meta property=\"og:title\" content=\"TA Foam Kundanpassad - FleximarkShop\" \/>\n<meta property=\"og:description\" content=\"Kundanpassade TA Foam etiketter f\u00f6r komponentm\u00e4rkning. Sj\u00e4lvh\u00e4ftande med rundade h\u00f6rn. Foamk\u00e4rnan ger ett professionellt utseende.\" \/>\n<meta property=\"og:url\" content=\"https:\/\/fleximarkshop-stage.nordlo.it\/en\/product\/ta-foam-kundanpassad\/\" \/>\n<meta property=\"og:site_name\" content=\"FleximarkShop\" \/>\n<meta property=\"article:modified_time\" content=\"2022-02-14T11:55:10+00:00\" \/>\n<meta property=\"og:image\" content=\"https:\/\/fleximarkshop-stage.nordlo.it\/wp-content\/uploads\/FCC_TA_FOAM.jpg\" \/>\n\t<meta property=\"og:image:width\" content=\"1048\" \/>\n\t<meta property=\"og:image:height\" content=\"1048\" \/>\n\t<meta property=\"og:image:type\" content=\"image\/jpeg\" \/>\n<meta name=\"twitter:card\" content=\"summary_large_image\" \/>\n<script type=\"application\/ld+json\" class=\"yoast-schema-graph\">{\"@context\":\"https:\\\/\\\/schema.org\",\"@graph\":[{\"@type\":\"WebPage\",\"@id\":\"https:\\\/\\\/fleximarkshop-stage.nordlo.it\\\/produkt\\\/ta-foam-kundanpassad\\\/\",\"url\":\"https:\\\/\\\/fleximarkshop-stage.nordlo.it\\\/produkt\\\/ta-foam-kundanpassad\\\/\",\"name\":\"TA Foam Kundanpassad - FleximarkShop\",\"isPartOf\":{\"@id\":\"https:\\\/\\\/fleximarkshop-stage.nordlo.it\\\/#website\"},\"primaryImageOfPage\":{\"@id\":\"https:\\\/\\\/fleximarkshop-stage.nordlo.it\\\/produkt\\\/ta-foam-kundanpassad\\\/#primaryimage\"},\"image\":{\"@id\":\"https:\\\/\\\/fleximarkshop-stage.nordlo.it\\\/produkt\\\/ta-foam-kundanpassad\\\/#primaryimage\"},\"thumbnailUrl\":\"https:\\\/\\\/fleximarkshop-stage.nordlo.it\\\/wp-content\\\/uploads\\\/FCC_TA_FOAM.jpg\",\"datePublished\":\"2021-02-18T11:17:22+00:00\",\"dateModified\":\"2022-02-14T11:55:10+00:00\",\"description\":\"Kundanpassade TA Foam etiketter f\u00f6r komponentm\u00e4rkning. Sj\u00e4lvh\u00e4ftande med rundade h\u00f6rn. Foamk\u00e4rnan ger ett professionellt utseende.\",\"breadcrumb\":{\"@id\":\"https:\\\/\\\/fleximarkshop-stage.nordlo.it\\\/produkt\\\/ta-foam-kundanpassad\\\/#breadcrumb\"},\"inLanguage\":\"en-US\",\"potentialAction\":[{\"@type\":\"ReadAction\",\"target\":[\"https:\\\/\\\/fleximarkshop-stage.nordlo.it\\\/produkt\\\/ta-foam-kundanpassad\\\/\"]}]},{\"@type\":\"ImageObject\",\"inLanguage\":\"en-US\",\"@id\":\"https:\\\/\\\/fleximarkshop-stage.nordlo.it\\\/produkt\\\/ta-foam-kundanpassad\\\/#primaryimage\",\"url\":\"https:\\\/\\\/fleximarkshop-stage.nordlo.it\\\/wp-content\\\/uploads\\\/FCC_TA_FOAM.jpg\",\"contentUrl\":\"https:\\\/\\\/fleximarkshop-stage.nordlo.it\\\/wp-content\\\/uploads\\\/FCC_TA_FOAM.jpg\",\"width\":1048,\"height\":1048,\"caption\":\"Komponentetikett TA Foam\"},{\"@type\":\"BreadcrumbList\",\"@id\":\"https:\\\/\\\/fleximarkshop-stage.nordlo.it\\\/produkt\\\/ta-foam-kundanpassad\\\/#breadcrumb\",\"itemListElement\":[{\"@type\":\"ListItem\",\"position\":1,\"name\":\"Hem\",\"item\":\"https:\\\/\\\/fleximarkshop-stage.nordlo.it\\\/\"},{\"@type\":\"ListItem\",\"position\":2,\"name\":\"Webbutik\",\"item\":\"https:\\\/\\\/fleximarkshop-stage.nordlo.it\\\/butik\\\/\"},{\"@type\":\"ListItem\",\"position\":3,\"name\":\"TA Foam Kundanpassad\"}]},{\"@type\":\"WebSite\",\"@id\":\"https:\\\/\\\/fleximarkshop-stage.nordlo.it\\\/#website\",\"url\":\"https:\\\/\\\/fleximarkshop-stage.nordlo.it\\\/\",\"name\":\"FleximarkShop\",\"description\":\"M\u00e4rkning &amp; M\u00e4rksystem online\",\"publisher\":{\"@id\":\"https:\\\/\\\/fleximarkshop-stage.nordlo.it\\\/#organization\"},\"potentialAction\":[{\"@type\":\"SearchAction\",\"target\":{\"@type\":\"EntryPoint\",\"urlTemplate\":\"https:\\\/\\\/fleximarkshop-stage.nordlo.it\\\/?s={search_term_string}\"},\"query-input\":{\"@type\":\"PropertyValueSpecification\",\"valueRequired\":true,\"valueName\":\"search_term_string\"}}],\"inLanguage\":\"en-US\"},{\"@type\":\"Organization\",\"@id\":\"https:\\\/\\\/fleximarkshop-stage.nordlo.it\\\/#organization\",\"name\":\"FleximarkShop\",\"url\":\"https:\\\/\\\/fleximarkshop-stage.nordlo.it\\\/\",\"logo\":{\"@type\":\"ImageObject\",\"inLanguage\":\"en-US\",\"@id\":\"https:\\\/\\\/fleximarkshop-stage.nordlo.it\\\/#\\\/schema\\\/logo\\\/image\\\/\",\"url\":\"https:\\\/\\\/fleximarkshop-stage.nordlo.it\\\/wp-content\\\/uploads\\\/fleximark-logo.png\",\"contentUrl\":\"https:\\\/\\\/fleximarkshop-stage.nordlo.it\\\/wp-content\\\/uploads\\\/fleximark-logo.png\",\"width\":600,\"height\":80,\"caption\":\"FleximarkShop\"},\"image\":{\"@id\":\"https:\\\/\\\/fleximarkshop-stage.nordlo.it\\\/#\\\/schema\\\/logo\\\/image\\\/\"}}]}<\/script>\n<!-- \/ Yoast SEO plugin. -->","yoast_head_json":{"title":"TA Foam Kundanpassad - FleximarkShop","description":"Kundanpassade TA Foam etiketter f\u00f6r komponentm\u00e4rkning. Sj\u00e4lvh\u00e4ftande med rundade h\u00f6rn. Foamk\u00e4rnan ger ett professionellt utseende.","robots":{"index":"noindex","follow":"follow","max-snippet":"max-snippet:-1","max-image-preview":"max-image-preview:large","max-video-preview":"max-video-preview:-1"},"og_locale":"en_US","og_type":"article","og_title":"TA Foam Kundanpassad - FleximarkShop","og_description":"Kundanpassade TA Foam etiketter f\u00f6r komponentm\u00e4rkning. Sj\u00e4lvh\u00e4ftande med rundade h\u00f6rn. Foamk\u00e4rnan ger ett professionellt utseende.","og_url":"https:\/\/fleximarkshop-stage.nordlo.it\/en\/product\/ta-foam-kundanpassad\/","og_site_name":"FleximarkShop","article_modified_time":"2022-02-14T11:55:10+00:00","og_image":[{"width":1048,"height":1048,"url":"https:\/\/fleximarkshop-stage.nordlo.it\/wp-content\/uploads\/FCC_TA_FOAM.jpg","type":"image\/jpeg"}],"twitter_card":"summary_large_image","schema":{"@context":"https:\/\/schema.org","@graph":[{"@type":"WebPage","@id":"https:\/\/fleximarkshop-stage.nordlo.it\/produkt\/ta-foam-kundanpassad\/","url":"https:\/\/fleximarkshop-stage.nordlo.it\/produkt\/ta-foam-kundanpassad\/","name":"TA Foam Kundanpassad - FleximarkShop","isPartOf":{"@id":"https:\/\/fleximarkshop-stage.nordlo.it\/#website"},"primaryImageOfPage":{"@id":"https:\/\/fleximarkshop-stage.nordlo.it\/produkt\/ta-foam-kundanpassad\/#primaryimage"},"image":{"@id":"https:\/\/fleximarkshop-stage.nordlo.it\/produkt\/ta-foam-kundanpassad\/#primaryimage"},"thumbnailUrl":"https:\/\/fleximarkshop-stage.nordlo.it\/wp-content\/uploads\/FCC_TA_FOAM.jpg","datePublished":"2021-02-18T11:17:22+00:00","dateModified":"2022-02-14T11:55:10+00:00","description":"Kundanpassade TA Foam etiketter f\u00f6r komponentm\u00e4rkning. Sj\u00e4lvh\u00e4ftande med rundade h\u00f6rn. Foamk\u00e4rnan ger ett professionellt utseende.","breadcrumb":{"@id":"https:\/\/fleximarkshop-stage.nordlo.it\/produkt\/ta-foam-kundanpassad\/#breadcrumb"},"inLanguage":"en-US","potentialAction":[{"@type":"ReadAction","target":["https:\/\/fleximarkshop-stage.nordlo.it\/produkt\/ta-foam-kundanpassad\/"]}]},{"@type":"ImageObject","inLanguage":"en-US","@id":"https:\/\/fleximarkshop-stage.nordlo.it\/produkt\/ta-foam-kundanpassad\/#primaryimage","url":"https:\/\/fleximarkshop-stage.nordlo.it\/wp-content\/uploads\/FCC_TA_FOAM.jpg","contentUrl":"https:\/\/fleximarkshop-stage.nordlo.it\/wp-content\/uploads\/FCC_TA_FOAM.jpg","width":1048,"height":1048,"caption":"Komponentetikett TA Foam"},{"@type":"BreadcrumbList","@id":"https:\/\/fleximarkshop-stage.nordlo.it\/produkt\/ta-foam-kundanpassad\/#breadcrumb","itemListElement":[{"@type":"ListItem","position":1,"name":"Hem","item":"https:\/\/fleximarkshop-stage.nordlo.it\/"},{"@type":"ListItem","position":2,"name":"Webbutik","item":"https:\/\/fleximarkshop-stage.nordlo.it\/butik\/"},{"@type":"ListItem","position":3,"name":"TA Foam Kundanpassad"}]},{"@type":"WebSite","@id":"https:\/\/fleximarkshop-stage.nordlo.it\/#website","url":"https:\/\/fleximarkshop-stage.nordlo.it\/","name":"FleximarkShop","description":"M\u00e4rkning &amp; M\u00e4rksystem online","publisher":{"@id":"https:\/\/fleximarkshop-stage.nordlo.it\/#organization"},"potentialAction":[{"@type":"SearchAction","target":{"@type":"EntryPoint","urlTemplate":"https:\/\/fleximarkshop-stage.nordlo.it\/?s={search_term_string}"},"query-input":{"@type":"PropertyValueSpecification","valueRequired":true,"valueName":"search_term_string"}}],"inLanguage":"en-US"},{"@type":"Organization","@id":"https:\/\/fleximarkshop-stage.nordlo.it\/#organization","name":"FleximarkShop","url":"https:\/\/fleximarkshop-stage.nordlo.it\/","logo":{"@type":"ImageObject","inLanguage":"en-US","@id":"https:\/\/fleximarkshop-stage.nordlo.it\/#\/schema\/logo\/image\/","url":"https:\/\/fleximarkshop-stage.nordlo.it\/wp-content\/uploads\/fleximark-logo.png","contentUrl":"https:\/\/fleximarkshop-stage.nordlo.it\/wp-content\/uploads\/fleximark-logo.png","width":600,"height":80,"caption":"FleximarkShop"},"image":{"@id":"https:\/\/fleximarkshop-stage.nordlo.it\/#\/schema\/logo\/image\/"}}]}},"_links":{"self":[{"href":"https:\/\/fleximarkshop-stage.nordlo.it\/en\/wp-json\/wp\/v2\/product\/5445","targetHints":{"allow":["GET"]}}],"collection":[{"href":"https:\/\/fleximarkshop-stage.nordlo.it\/en\/wp-json\/wp\/v2\/product"}],"about":[{"href":"https:\/\/fleximarkshop-stage.nordlo.it\/en\/wp-json\/wp\/v2\/types\/product"}],"wp:featuredmedia":[{"embeddable":true,"href":"https:\/\/fleximarkshop-stage.nordlo.it\/en\/wp-json\/wp\/v2\/media\/5444"}],"wp:attachment":[{"href":"https:\/\/fleximarkshop-stage.nordlo.it\/en\/wp-json\/wp\/v2\/media?parent=5445"}],"wp:term":[{"taxonomy":"product_brand","embeddable":true,"href":"https:\/\/fleximarkshop-stage.nordlo.it\/en\/wp-json\/wp\/v2\/product_brand?post=5445"},{"taxonomy":"product_cat","embeddable":true,"href":"https:\/\/fleximarkshop-stage.nordlo.it\/en\/wp-json\/wp\/v2\/product_cat?post=5445"},{"taxonomy":"product_tag","embeddable":true,"href":"https:\/\/fleximarkshop-stage.nordlo.it\/en\/wp-json\/wp\/v2\/product_tag?post=5445"}],"curies":[{"name":"wp","href":"https:\/\/api.w.org\/{rel}","templated":true}]}}